{"id":3215,"date":"2016-03-04T11:34:18","date_gmt":"2016-03-04T10:34:18","guid":{"rendered":"http:\/\/www.chateau-montsoreau.com\/wordpress\/?page_id=3215"},"modified":"2019-12-29T20:04:59","modified_gmt":"2019-12-29T19:04:59","slug":"100-chateau-100-contemporain","status":"publish","type":"page","link":"https:\/\/www.chateau-montsoreau.com\/wordpress\/fr\/100-chateau-100-contemporain\/","title":{"rendered":"100% Ch\u00e2teau-100% Contemporain"},"content":{"rendered":"<h2>Le Ch\u00e2teau de Montsoreau-Mus\u00e9e d&rsquo;art contemporain en 10 points<\/h2>\n<p>&nbsp;<\/p>\n<ul>\n<li>Le Ch\u00e2teau de Montsoreau-Mus\u00e9e d&rsquo;art contemporain est en France, en Val de Loire. Au carrefour de trois grandes r\u00e9gions touristiques, la r\u00e9gion Pays de la Loire,\u00a0 la r\u00e9gion Centre Val de Loire et la r\u00e9gion Nouvelle-Aquitaine. Il est situ\u00e9 dans le d\u00e9partement du Maine-et-Loire.<\/li>\n<li>Seul Ch\u00e2teau de la Loire construit dans le lit du fleuve, \u00e0 l\u2019endroit m\u00eame o\u00f9 la Vienne se jette dans la Loire, sa construction marque les d\u00e9buts de la Renaissance en France.<\/li>\n<li>Le Ch\u00e2teau de Montsoreau-Mus\u00e9e d&rsquo;art contemporain est un lieu vivant, radical et alternatif.<\/li>\n<li>Ch\u00e2teau aux allures de palais fastueux au bord de l\u2019eau, il a \u00e9t\u00e9 enti\u00e8rement r\u00e9nov\u00e9 et m\u00e9tamorphos\u00e9 en Mus\u00e9e d\u2019Art Contemporain en 2016 par Philippe M\u00e9aille son fondateur.<\/li>\n<li>Sa collection permanente repr\u00e9sente le plus important fonds mondial d&rsquo;oeuvres de Art &amp; Language (la Collection Philippe M\u00e9aille), mouvement pionnier de l&rsquo;Art Conceptuel.<\/li>\n<li>Sa collection unique et son architecture pionni\u00e8re de la Renaissance, toutes deux ouvertes sur l&rsquo;avenir, en font un lieu engag\u00e9, inscrit dans le pr\u00e9sent et donnant \u00e0 voir une nouvelle r\u00e9alit\u00e9.<\/li>\n<li>Le Ch\u00e2teau de Montsoreau-Mus\u00e9e d&rsquo;art contemporain est \u00e0 deux heures de Paris, dans le Val de Loire, Patrimoine mondial de l\u2019Humanit\u00e9, et se d\u00e9veloppe sur plus de 2000m<sup>2<\/sup>.<\/li>\n<li>Son architecture avant-gardiste inscrite dans le paysage et le parcours du fleuve Loire, inspire les artistes \u00e0 travers les si\u00e8cles, parmi lequels on peut citer: Rodin, Turner, Rabelais, Flaubert et Alexandre Dumas.<\/li>\n<li>\u00a0Le Ch\u00e2teau de Montsoreau en Anjou est \u00e9difi\u00e9 en 1450 par Jean II de Chambes, premier conseiller priv\u00e9 et chambellan des rois de France Charles VII et Louis XI.<\/li>\n<li>Son histoire est marqu\u00e9e par de nombreux personnages tels que : Charles VII, Louis XI, Marie Stuart, Anne de Bretagne, Claude de France ou Fran\u00e7ois I<sup>er.<br \/>\n<\/sup><\/li>\n<\/ul>\n<p><a href=\"http:\/\/www.chateau-montsoreau.com\/wordpress\/fr\/le-lieu\/le-chateau\/\"><img loading=\"lazy\" decoding=\"async\" class=\"aligncenter wp-image-3468 size-full\" src=\"http:\/\/www.chateau-montsoreau.com\/wordpress\/wp-content\/uploads\/2016\/03\/Template-Boutons-Visiter-1.png\" alt=\"Template-Boutons-'Visiter'\" width=\"1000\" height=\"700\" srcset=\"https:\/\/www.chateau-montsoreau.com\/wordpress\/wp-content\/uploads\/2016\/03\/Template-Boutons-Visiter-1.png 1000w, https:\/\/www.chateau-montsoreau.com\/wordpress\/wp-content\/uploads\/2016\/03\/Template-Boutons-Visiter-1-600x420.png 600w, https:\/\/www.chateau-montsoreau.com\/wordpress\/wp-content\/uploads\/2016\/03\/Template-Boutons-Visiter-1-300x210.png 300w, https:\/\/www.chateau-montsoreau.com\/wordpress\/wp-content\/uploads\/2016\/03\/Template-Boutons-Visiter-1-768x538.png 768w\" sizes=\"auto, (max-width: 1000px) 100vw, 1000px\" \/><\/a><\/p>\n","protected":false},"excerpt":{"rendered":"<p>Le Ch\u00e2teau de Montsoreau-Mus\u00e9e d&rsquo;art contemporain en 10 points &nbsp; Le Ch\u00e2teau de Montsoreau-Mus\u00e9e d&rsquo;art contemporain est en France, en Val de Loire. Au carrefour de trois grandes r\u00e9gions touristiques, la r\u00e9gion Pays de la Loire,\u00a0 la r\u00e9gion Centre Val de Loire et la r\u00e9gion Nouvelle-Aquitaine. Il est situ\u00e9 dans le d\u00e9partement du Maine-et-Loire. Seul [&hellip;]<\/p>\n","protected":false},"author":5,"featured_media":0,"parent":0,"menu_order":0,"comment_status":"closed","ping_status":"closed","template":"","meta":{"footnotes":""},"class_list":["post-3215","page","type-page","status-publish","hentry"],"yoast_head":"<!-- This site is optimized with the Yoast SEO plugin v27.3 - https:\/\/yoast.com\/product\/yoast-seo-wordpress\/ -->\n<title>100% Ch\u00e2teau-100% Contemporain | Ch\u00e2teau de Montsoreau-Mus\u00e9e d&#039;Art Contemporain<\/title>\n<meta name=\"description\" content=\"Install\u00e9 dans un ch\u00e2teau de la Loire, le Ch\u00e2teau de Montsoreau - Mus\u00e9e d&#039;art contemporain poss\u00e8de des espaces d&#039;exposition hors du commun.\" \/>\n<meta name=\"robots\" content=\"index, follow, max-snippet:-1, max-image-preview:large, max-video-preview:-1\" \/>\n<link rel=\"canonical\" href=\"https:\/\/www.chateau-montsoreau.com\/wordpress\/fr\/100-chateau-100-contemporain\/\" \/>\n<meta property=\"og:locale\" content=\"fr_FR\" \/>\n<meta property=\"og:type\" content=\"article\" \/>\n<meta property=\"og:title\" content=\"100% Ch\u00e2teau-100% Contemporain | Ch\u00e2teau de Montsoreau-Mus\u00e9e d&#039;Art Contemporain\" \/>\n<meta property=\"og:description\" content=\"Install\u00e9 dans un ch\u00e2teau de la Loire, le Ch\u00e2teau de Montsoreau - Mus\u00e9e d&#039;art contemporain poss\u00e8de des espaces d&#039;exposition hors du commun.\" \/>\n<meta property=\"og:url\" content=\"https:\/\/www.chateau-montsoreau.com\/wordpress\/fr\/100-chateau-100-contemporain\/\" \/>\n<meta property=\"og:site_name\" content=\"Ch\u00e2teau de Montsoreau-Mus\u00e9e d&#039;Art Contemporain\" \/>\n<meta property=\"article:publisher\" content=\"https:\/\/www.facebook.com\/chateaudemontsoreau\/\" \/>\n<meta property=\"article:modified_time\" content=\"2019-12-29T19:04:59+00:00\" \/>\n<meta property=\"og:image\" content=\"http:\/\/www.chateau-montsoreau.com\/wordpress\/wp-content\/uploads\/2016\/03\/Template-Boutons-Visiter-1.png\" \/>\n<meta name=\"twitter:card\" content=\"summary_large_image\" \/>\n<meta name=\"twitter:site\" content=\"@Cmontsoreau\" \/>\n<meta name=\"twitter:label1\" content=\"Dur\u00e9e de lecture estim\u00e9e\" \/>\n\t<meta name=\"twitter:data1\" content=\"2 minutes\" \/>\n<script type=\"application\/ld+json\" class=\"yoast-schema-graph\">{\"@context\":\"https:\\\/\\\/schema.org\",\"@graph\":[{\"@type\":\"WebPage\",\"@id\":\"https:\\\/\\\/www.chateau-montsoreau.com\\\/wordpress\\\/fr\\\/100-chateau-100-contemporain\\\/\",\"url\":\"https:\\\/\\\/www.chateau-montsoreau.com\\\/wordpress\\\/fr\\\/100-chateau-100-contemporain\\\/\",\"name\":\"100% Ch\u00e2teau-100% Contemporain | Ch\u00e2teau de Montsoreau-Mus\u00e9e d&#039;Art Contemporain\",\"isPartOf\":{\"@id\":\"https:\\\/\\\/www.chateau-montsoreau.com\\\/wordpress\\\/#website\"},\"primaryImageOfPage\":{\"@id\":\"https:\\\/\\\/www.chateau-montsoreau.com\\\/wordpress\\\/fr\\\/100-chateau-100-contemporain\\\/#primaryimage\"},\"image\":{\"@id\":\"https:\\\/\\\/www.chateau-montsoreau.com\\\/wordpress\\\/fr\\\/100-chateau-100-contemporain\\\/#primaryimage\"},\"thumbnailUrl\":\"http:\\\/\\\/www.chateau-montsoreau.com\\\/wordpress\\\/wp-content\\\/uploads\\\/2016\\\/03\\\/Template-Boutons-Visiter-1.png\",\"datePublished\":\"2016-03-04T10:34:18+00:00\",\"dateModified\":\"2019-12-29T19:04:59+00:00\",\"description\":\"Install\u00e9 dans un ch\u00e2teau de la Loire, le Ch\u00e2teau de Montsoreau - Mus\u00e9e d'art contemporain poss\u00e8de des espaces d'exposition hors du commun.\",\"breadcrumb\":{\"@id\":\"https:\\\/\\\/www.chateau-montsoreau.com\\\/wordpress\\\/fr\\\/100-chateau-100-contemporain\\\/#breadcrumb\"},\"inLanguage\":\"fr-FR\",\"potentialAction\":[{\"@type\":\"ReadAction\",\"target\":[\"https:\\\/\\\/www.chateau-montsoreau.com\\\/wordpress\\\/fr\\\/100-chateau-100-contemporain\\\/\"]}]},{\"@type\":\"ImageObject\",\"inLanguage\":\"fr-FR\",\"@id\":\"https:\\\/\\\/www.chateau-montsoreau.com\\\/wordpress\\\/fr\\\/100-chateau-100-contemporain\\\/#primaryimage\",\"url\":\"http:\\\/\\\/www.chateau-montsoreau.com\\\/wordpress\\\/wp-content\\\/uploads\\\/2016\\\/03\\\/Template-Boutons-Visiter-1.png\",\"contentUrl\":\"http:\\\/\\\/www.chateau-montsoreau.com\\\/wordpress\\\/wp-content\\\/uploads\\\/2016\\\/03\\\/Template-Boutons-Visiter-1.png\"},{\"@type\":\"BreadcrumbList\",\"@id\":\"https:\\\/\\\/www.chateau-montsoreau.com\\\/wordpress\\\/fr\\\/100-chateau-100-contemporain\\\/#breadcrumb\",\"itemListElement\":[{\"@type\":\"ListItem\",\"position\":1,\"name\":\"Accueil\",\"item\":\"https:\\\/\\\/www.chateau-montsoreau.com\\\/wordpress\\\/fr\\\/\"},{\"@type\":\"ListItem\",\"position\":2,\"name\":\"100% Ch\u00e2teau-100% Contemporain\"}]},{\"@type\":\"WebSite\",\"@id\":\"https:\\\/\\\/www.chateau-montsoreau.com\\\/wordpress\\\/#website\",\"url\":\"https:\\\/\\\/www.chateau-montsoreau.com\\\/wordpress\\\/\",\"name\":\"Ch\u00e2teau de Montsoreau-Mus\u00e9e d&#039;Art Contemporain\",\"description\":\"Ch\u00e2teaux de la Loire Art Contemporain Art Conceptuel\",\"publisher\":{\"@id\":\"https:\\\/\\\/www.chateau-montsoreau.com\\\/wordpress\\\/#organization\"},\"potentialAction\":[{\"@type\":\"SearchAction\",\"target\":{\"@type\":\"EntryPoint\",\"urlTemplate\":\"https:\\\/\\\/www.chateau-montsoreau.com\\\/wordpress\\\/?s={search_term_string}\"},\"query-input\":{\"@type\":\"PropertyValueSpecification\",\"valueRequired\":true,\"valueName\":\"search_term_string\"}}],\"inLanguage\":\"fr-FR\"},{\"@type\":\"Organization\",\"@id\":\"https:\\\/\\\/www.chateau-montsoreau.com\\\/wordpress\\\/#organization\",\"name\":\"Ch\u00e2teau de Montsoreau - Mus\u00e9e d'art contemporain\",\"url\":\"https:\\\/\\\/www.chateau-montsoreau.com\\\/wordpress\\\/\",\"logo\":{\"@type\":\"ImageObject\",\"inLanguage\":\"fr-FR\",\"@id\":\"https:\\\/\\\/www.chateau-montsoreau.com\\\/wordpress\\\/#\\\/schema\\\/logo\\\/image\\\/\",\"url\":\"https:\\\/\\\/www.chateau-montsoreau.com\\\/wordpress\\\/wp-content\\\/uploads\\\/2016\\\/03\\\/Logo-Montsoreau-tout-petit-1.png\",\"contentUrl\":\"https:\\\/\\\/www.chateau-montsoreau.com\\\/wordpress\\\/wp-content\\\/uploads\\\/2016\\\/03\\\/Logo-Montsoreau-tout-petit-1.png\",\"width\":133,\"height\":133,\"caption\":\"Ch\u00e2teau de Montsoreau - Mus\u00e9e d'art contemporain\"},\"image\":{\"@id\":\"https:\\\/\\\/www.chateau-montsoreau.com\\\/wordpress\\\/#\\\/schema\\\/logo\\\/image\\\/\"},\"sameAs\":[\"https:\\\/\\\/www.facebook.com\\\/chateaudemontsoreau\\\/\",\"https:\\\/\\\/x.com\\\/Cmontsoreau\",\"https:\\\/\\\/www.instagram.com\\\/chateaudemontsoreau\\\/\",\"http:\\\/\\\/www.pinterest.com\\\/Cmontsoreau\"]}]}<\/script>\n<!-- \/ Yoast SEO plugin. -->","yoast_head_json":{"title":"100% Ch\u00e2teau-100% Contemporain | Ch\u00e2teau de Montsoreau-Mus\u00e9e d&#039;Art Contemporain","description":"Install\u00e9 dans un ch\u00e2teau de la Loire, le Ch\u00e2teau de Montsoreau - Mus\u00e9e d'art contemporain poss\u00e8de des espaces d'exposition hors du commun.","robots":{"index":"index","follow":"follow","max-snippet":"max-snippet:-1","max-image-preview":"max-image-preview:large","max-video-preview":"max-video-preview:-1"},"canonical":"https:\/\/www.chateau-montsoreau.com\/wordpress\/fr\/100-chateau-100-contemporain\/","og_locale":"fr_FR","og_type":"article","og_title":"100% Ch\u00e2teau-100% Contemporain | Ch\u00e2teau de Montsoreau-Mus\u00e9e d&#039;Art Contemporain","og_description":"Install\u00e9 dans un ch\u00e2teau de la Loire, le Ch\u00e2teau de Montsoreau - Mus\u00e9e d'art contemporain poss\u00e8de des espaces d'exposition hors du commun.","og_url":"https:\/\/www.chateau-montsoreau.com\/wordpress\/fr\/100-chateau-100-contemporain\/","og_site_name":"Ch\u00e2teau de Montsoreau-Mus\u00e9e d&#039;Art Contemporain","article_publisher":"https:\/\/www.facebook.com\/chateaudemontsoreau\/","article_modified_time":"2019-12-29T19:04:59+00:00","og_image":[{"url":"http:\/\/www.chateau-montsoreau.com\/wordpress\/wp-content\/uploads\/2016\/03\/Template-Boutons-Visiter-1.png","type":"","width":"","height":""}],"twitter_card":"summary_large_image","twitter_site":"@Cmontsoreau","twitter_misc":{"Dur\u00e9e de lecture estim\u00e9e":"2 minutes"},"schema":{"@context":"https:\/\/schema.org","@graph":[{"@type":"WebPage","@id":"https:\/\/www.chateau-montsoreau.com\/wordpress\/fr\/100-chateau-100-contemporain\/","url":"https:\/\/www.chateau-montsoreau.com\/wordpress\/fr\/100-chateau-100-contemporain\/","name":"100% Ch\u00e2teau-100% Contemporain | Ch\u00e2teau de Montsoreau-Mus\u00e9e d&#039;Art Contemporain","isPartOf":{"@id":"https:\/\/www.chateau-montsoreau.com\/wordpress\/#website"},"primaryImageOfPage":{"@id":"https:\/\/www.chateau-montsoreau.com\/wordpress\/fr\/100-chateau-100-contemporain\/#primaryimage"},"image":{"@id":"https:\/\/www.chateau-montsoreau.com\/wordpress\/fr\/100-chateau-100-contemporain\/#primaryimage"},"thumbnailUrl":"http:\/\/www.chateau-montsoreau.com\/wordpress\/wp-content\/uploads\/2016\/03\/Template-Boutons-Visiter-1.png","datePublished":"2016-03-04T10:34:18+00:00","dateModified":"2019-12-29T19:04:59+00:00","description":"Install\u00e9 dans un ch\u00e2teau de la Loire, le Ch\u00e2teau de Montsoreau - Mus\u00e9e d'art contemporain poss\u00e8de des espaces d'exposition hors du commun.","breadcrumb":{"@id":"https:\/\/www.chateau-montsoreau.com\/wordpress\/fr\/100-chateau-100-contemporain\/#breadcrumb"},"inLanguage":"fr-FR","potentialAction":[{"@type":"ReadAction","target":["https:\/\/www.chateau-montsoreau.com\/wordpress\/fr\/100-chateau-100-contemporain\/"]}]},{"@type":"ImageObject","inLanguage":"fr-FR","@id":"https:\/\/www.chateau-montsoreau.com\/wordpress\/fr\/100-chateau-100-contemporain\/#primaryimage","url":"http:\/\/www.chateau-montsoreau.com\/wordpress\/wp-content\/uploads\/2016\/03\/Template-Boutons-Visiter-1.png","contentUrl":"http:\/\/www.chateau-montsoreau.com\/wordpress\/wp-content\/uploads\/2016\/03\/Template-Boutons-Visiter-1.png"},{"@type":"BreadcrumbList","@id":"https:\/\/www.chateau-montsoreau.com\/wordpress\/fr\/100-chateau-100-contemporain\/#breadcrumb","itemListElement":[{"@type":"ListItem","position":1,"name":"Accueil","item":"https:\/\/www.chateau-montsoreau.com\/wordpress\/fr\/"},{"@type":"ListItem","position":2,"name":"100% Ch\u00e2teau-100% Contemporain"}]},{"@type":"WebSite","@id":"https:\/\/www.chateau-montsoreau.com\/wordpress\/#website","url":"https:\/\/www.chateau-montsoreau.com\/wordpress\/","name":"Ch\u00e2teau de Montsoreau-Mus\u00e9e d&#039;Art Contemporain","description":"Ch\u00e2teaux de la Loire Art Contemporain Art Conceptuel","publisher":{"@id":"https:\/\/www.chateau-montsoreau.com\/wordpress\/#organization"},"potentialAction":[{"@type":"SearchAction","target":{"@type":"EntryPoint","urlTemplate":"https:\/\/www.chateau-montsoreau.com\/wordpress\/?s={search_term_string}"},"query-input":{"@type":"PropertyValueSpecification","valueRequired":true,"valueName":"search_term_string"}}],"inLanguage":"fr-FR"},{"@type":"Organization","@id":"https:\/\/www.chateau-montsoreau.com\/wordpress\/#organization","name":"Ch\u00e2teau de Montsoreau - Mus\u00e9e d'art contemporain","url":"https:\/\/www.chateau-montsoreau.com\/wordpress\/","logo":{"@type":"ImageObject","inLanguage":"fr-FR","@id":"https:\/\/www.chateau-montsoreau.com\/wordpress\/#\/schema\/logo\/image\/","url":"https:\/\/www.chateau-montsoreau.com\/wordpress\/wp-content\/uploads\/2016\/03\/Logo-Montsoreau-tout-petit-1.png","contentUrl":"https:\/\/www.chateau-montsoreau.com\/wordpress\/wp-content\/uploads\/2016\/03\/Logo-Montsoreau-tout-petit-1.png","width":133,"height":133,"caption":"Ch\u00e2teau de Montsoreau - Mus\u00e9e d'art contemporain"},"image":{"@id":"https:\/\/www.chateau-montsoreau.com\/wordpress\/#\/schema\/logo\/image\/"},"sameAs":["https:\/\/www.facebook.com\/chateaudemontsoreau\/","https:\/\/x.com\/Cmontsoreau","https:\/\/www.instagram.com\/chateaudemontsoreau\/","http:\/\/www.pinterest.com\/Cmontsoreau"]}]}},"_links":{"self":[{"href":"https:\/\/www.chateau-montsoreau.com\/wordpress\/wp-json\/wp\/v2\/pages\/3215","targetHints":{"allow":["GET"]}}],"collection":[{"href":"https:\/\/www.chateau-montsoreau.com\/wordpress\/wp-json\/wp\/v2\/pages"}],"about":[{"href":"https:\/\/www.chateau-montsoreau.com\/wordpress\/wp-json\/wp\/v2\/types\/page"}],"author":[{"embeddable":true,"href":"https:\/\/www.chateau-montsoreau.com\/wordpress\/wp-json\/wp\/v2\/users\/5"}],"replies":[{"embeddable":true,"href":"https:\/\/www.chateau-montsoreau.com\/wordpress\/wp-json\/wp\/v2\/comments?post=3215"}],"version-history":[{"count":11,"href":"https:\/\/www.chateau-montsoreau.com\/wordpress\/wp-json\/wp\/v2\/pages\/3215\/revisions"}],"predecessor-version":[{"id":9007,"href":"https:\/\/www.chateau-montsoreau.com\/wordpress\/wp-json\/wp\/v2\/pages\/3215\/revisions\/9007"}],"wp:attachment":[{"href":"https:\/\/www.chateau-montsoreau.com\/wordpress\/wp-json\/wp\/v2\/media?parent=3215"}],"curies":[{"name":"wp","href":"https:\/\/api.w.org\/{rel}","templated":true}]}}