{"id":3242,"date":"2016-03-04T12:00:44","date_gmt":"2016-03-04T11:00:44","guid":{"rendered":"http:\/\/www.chateau-montsoreau.com\/wordpress\/?page_id=3242"},"modified":"2019-12-28T19:07:08","modified_gmt":"2019-12-28T18:07:08","slug":"librairie","status":"publish","type":"page","link":"https:\/\/www.chateau-montsoreau.com\/wordpress\/fr\/librairie\/","title":{"rendered":"Librairie"},"content":{"rendered":"<p>&nbsp;<\/p>\n<p style=\"text-align: left;\">Situ\u00e9e au c\u0153ur du mus\u00e9e, la librairie est accessible aux visiteurs du ch\u00e2teau comme au grand public.<br \/>\nDans une ambiance d\u00e9contract\u00e9e, propice \u00e0 la d\u00e9couverte, la librairie propose une large s\u00e9lection d&rsquo;ouvrages, de la revue sp\u00e9cialis\u00e9e au livre d\u00e9couverte sur l\u2019Art, les Sciences Humaines, la philosophie ou la gastronomie.<br \/>\nUn rayon d\u00e9di\u00e9 aux jeunes publics propose des jeux et des livres d&rsquo;\u00e9veil \u00e0 l&rsquo;art et \u00e0 l&rsquo;Histoire.<br \/>\nElle apporte un \u00e9clairage sur propositions artistiques et l\u2019actualit\u00e9 du Ch\u00e2teau de Montsoreau en proposant les catalogues des expositions temporaires.<br \/>\nNotre \u00e9quipe est l\u00e0 pour vous accueillir et vous faire partager ses plaisirs de lecture et ses coups de c\u0153ur litt\u00e9raires.<\/p>\n<p>R\u00e9guli\u00e8rement, la librairie organise des rencontres avec des auteurs, d\u00e9dicaces, conf\u00e9rences.<br \/>\nPour vous tenir au courant, rejoignez nous sur\u00a0<a href=\"https:\/\/www.facebook.com\/chateaudemontsoreau\/?ref=bookmarks\"><img loading=\"lazy\" decoding=\"async\" class=\"alignnone wp-image-5379\" src=\"http:\/\/www.chateau-montsoreau.com\/wordpress\/wp-content\/uploads\/2016\/03\/fb_icon_325x325-300x300.png\" alt=\"\" width=\"18\" height=\"18\" srcset=\"https:\/\/www.chateau-montsoreau.com\/wordpress\/wp-content\/uploads\/2016\/03\/fb_icon_325x325-300x300.png 300w, https:\/\/www.chateau-montsoreau.com\/wordpress\/wp-content\/uploads\/2016\/03\/fb_icon_325x325-100x100.png 100w, https:\/\/www.chateau-montsoreau.com\/wordpress\/wp-content\/uploads\/2016\/03\/fb_icon_325x325-150x150.png 150w, https:\/\/www.chateau-montsoreau.com\/wordpress\/wp-content\/uploads\/2016\/03\/fb_icon_325x325.png 325w\" sizes=\"auto, (max-width: 18px) 100vw, 18px\" \/><\/a><\/p>\n<p><img loading=\"lazy\" decoding=\"async\" class=\"aligncenter wp-image-5336 size-large\" src=\"http:\/\/www.chateau-montsoreau.com\/wordpress\/wp-content\/uploads\/2016\/10\/boutique-1024x768.jpg\" alt=\"boutique\" width=\"1024\" height=\"768\" \/><\/p>\n<h3 style=\"text-align: center;\"><\/h3>\n<h3 style=\"text-align: center;\"><\/h3>\n<h3 style=\"text-align: center;\"><\/h3>\n<h3 style=\"text-align: center;\"><\/h3>\n<h3 style=\"text-align: center;\"><\/h3>\n<p style=\"text-align: left;\">La librairie propose \u00e9galement un choix de cadeaux et d\u2019objets pour d\u00e9nicher le\u00a0souvenir\u00a0ou le\u00a0bijou\u00a0qui constituera un\u00a0cadeau\u00a0inattendu et de qualit\u00e9.<\/p>\n<div  class=\"ut-one-half  \"> <img loading=\"lazy\" decoding=\"async\" class=\"aligncenter wp-image-5339 size-full\" src=\"http:\/\/www.chateau-montsoreau.com\/wordpress\/wp-content\/uploads\/2016\/10\/le-buisson.jpg\" alt=\"\" width=\"1000\" height=\"1500\" \/> <\/div>\n<div  class=\"ut-one-half ut-column-last  \">\n<p><img loading=\"lazy\" decoding=\"async\" class=\"aligncenter wp-image-5388 \" src=\"http:\/\/www.chateau-montsoreau.com\/wordpress\/wp-content\/uploads\/2016\/03\/Jacques-Halbert-2.jpg\" alt=\"jacques-halbert-2\" width=\"820\" height=\"574\" srcset=\"https:\/\/www.chateau-montsoreau.com\/wordpress\/wp-content\/uploads\/2016\/03\/Jacques-Halbert-2.jpg 500w, https:\/\/www.chateau-montsoreau.com\/wordpress\/wp-content\/uploads\/2016\/03\/Jacques-Halbert-2-300x210.jpg 300w\" sizes=\"auto, (max-width: 820px) 100vw, 820px\" \/><\/p>\n<h2 style=\"text-align: justify;\"><strong>Une ann\u00e9e, une vitrine, un artiste<\/strong><\/h2>\n<p style=\"text-align: justify;\">Chaque ann\u00e9e, la librairie-boutique consacre une de ses vitrines \u00e0 un artiste confirm\u00e9. En 2016, la librairie-boutique met en lumi\u00e8re l\u2019artiste <a href=\"http:\/\/www.jacqueshalbert.com\/\">Jacques Halbert<\/a> au travers de ses \u0153uvres aussi gourmandes qu\u2019embl\u00e9matiques aux motifs de cerises.<br \/>\nJacques Halbert est n\u00e9 en 1955 \u00e0 Bourgueil. Apr\u00e8s avoir pass\u00e9 une vingtaine d&rsquo;ann\u00e9es aux Etats-Unis, il vit et travaille actuellement \u00e0 Candes-Saint-Martin. \u00ab\u00a0C&rsquo;est en 1975 qu&rsquo;il peint sa premi\u00e8re cerise. D\u00e8s lors, ce sujet gourmand ne cessera plus de nourrir son oeuvre prolifique, animant selon des rythmes r\u00e9guliers ou des compositions al\u00e9atoires la surface monochrome, de pr\u00e9f\u00e9rence bleue, de ses toiles. Le motif de la cerise comme revendication de sa position artistique mena l&rsquo;artiste de la peinture \u00e0 la performance, de la France aux Etats-Unis, lui faisant partager l&rsquo;aventure de Fluxus ou s&rsquo;associer aux exp\u00e9riences du Eat Art. Cependant, toutes les voies explor\u00e9es, comme les diff\u00e9rents mediums et supports utilis\u00e9s, n&rsquo;ont jamais pu d\u00e9tr\u00f4ner l&rsquo;attachement profond de l&rsquo;artiste \u00e0 la peinture, qui demeure pour lui la pratique fondatrice. De m\u00eame, s&rsquo;il se dirige r\u00e9guli\u00e8rement vers d&rsquo;autres sujets tout aussi culinaires, tels les petits pois, pommes de terre fumantes ou peintures gratin\u00e9es, la cerise est le seul motif qui traverse de fa\u00e7on continue son travail sur ces trente derni\u00e8res ann\u00e9es.\u00a0\u00bb (Delphine Masson).<\/p>\n<\/div><div class=\"clear\"><\/div>\n<div  class=\"ut-one-half  \">\n<h2 style=\"text-align: justify;\"><strong>Les bijoux \u00ab\u00a0Le Buisson\u00a0\u00bb<\/strong><\/h2>\n<p style=\"text-align: justify;\">Cot\u00e9 shopping, la boutique pr\u00e9sente les cr\u00e9ations <a href=\"http:\/\/www.lebuissonparis.com\/\">Le Buisson<\/a>, \u00e9diteur de bijoux pr\u00e9cieux et d\u00e9cal\u00e9s, au design pas comme les autres.<br \/>\nLes bijoux Le Buisson puisent dans l\u2019imaginaire contemporain une autre fa\u00e7on de penser les fonctions intemporelles de la parure. Objets \u00e0 toucher autant qu\u2019\u00e0 regarder, ce sont les talismans d\u2019aujourd\u2019hui. Ils combinent humour et sobri\u00e9t\u00e9, invention formelle et perfection de la r\u00e9alisation. Luxueux, ils restent simples et \u00e9l\u00e9gants. Ce sont des bijoux intelligents et joyeux qui se portent sans affectation. Bijoux pour l\u2019homme aussi bien que pour la femme, ils ont en commun l\u2019originalit\u00e9 du concept et la qualit\u00e9 parfaite de la r\u00e9alisation.<br \/>\nLa collection est dessin\u00e9e par Matali Crasset, Genevi\u00e8ve Gauckler, Th\u00e9o Mercier, Petra Mrzyk &amp; Jean-Fran\u00e7ois Moriceau, Pupsam, et Jean-Luc Verna.<br \/>\n<strong><br \/>\n<\/strong><\/p>\n<\/div>\n<div  class=\"ut-one-half ut-column-last  \">\n<p>&nbsp;<\/p>\n<h2><strong>Dana Wyse: r\u00e9alisez tous vos d\u00e9sirs\u00a0<\/strong><\/h2>\n<p>Dana Wyse est une \u00e9crivaine et une artiste canadienne. En 1991, elle obtient son baccalaur\u00e9at dans la sp\u00e9cialit\u00e9 Beaux-arts \u00e0 l&rsquo;Universit\u00e9 de la Colombie-Britannique. Elle vit et travaille \u00e0 Vancouver au Canada.<br \/>\nEn 1996, Wyse commence son \u0153uvre la plus connue, une installation sur le th\u00e8me de la pilule appel\u00e9e <a href=\"https:\/\/www.facebook.com\/Jesus-Had-A-Sister-Productions-158452424196456\/\"><strong>Jesus Had A Sister Production<\/strong><\/a>. C&rsquo;est un travail\u00a0en cours\u00a0auquel l&rsquo;artiste ajoute de nouveaux \u00e9l\u00e9ments chaque ann\u00e9e. Utilisant humour et ironie, la pharmacie de Dana Wyse aborde des th\u00e8mes universels tels que le genre, la race, l&rsquo;existence, la spiritualit\u00e9, la mort, la politique, la sexualit\u00e9, l&rsquo;identit\u00e9, les r\u00eaves et la guerre. Son travail diss\u00e8que \u00e9galement les relations humaines telles que la confiance, l&rsquo;amour, la communication, le plaisir et le pouvoir. La qu\u00eate utopique de l&rsquo;homme pour la perfection, r\u00e9alisable instantan\u00e9ment, est la philosophie sous-jacente de <em>Jesus Had A Sister Productions<\/em>. Dans les ann\u00e9es 1960, Dana Wyse incorpore des images publicitaires dans son travail afin de souligner l&rsquo;absurdit\u00e9 de ces images ainsi que la convoitise des hommes pour le shopping et la consommation de masse.<br \/>\nWyse est le co-auteur de deux livres.<\/p>\n<p><img loading=\"lazy\" decoding=\"async\" class=\"aligncenter wp-image-5904 size-full\" src=\"http:\/\/www.chateau-montsoreau.com\/wordpress\/wp-content\/uploads\/2016\/03\/STAY-IN-LOVE-copyright-1998.jpg\" alt=\"\" width=\"1500\" height=\"1975\" \/><\/p>\n<p><strong>Librairie<\/strong><br \/>\nTel : + 33 (0)2 41 67 12 60<br \/>\ncontact.chateaudemontsoreau@gmail.com<\/p>\n<p>&nbsp;<\/p>\n<\/div><div class=\"clear\"><\/div>\n<p>&nbsp;<\/p>\n<p>&nbsp;<\/p>\n<p style=\"text-align: center;\">\n","protected":false},"excerpt":{"rendered":"<p>&nbsp; Situ\u00e9e au c\u0153ur du mus\u00e9e, la librairie est accessible aux visiteurs du ch\u00e2teau comme au grand public. Dans une ambiance d\u00e9contract\u00e9e, propice \u00e0 la d\u00e9couverte, la librairie propose une large s\u00e9lection d&rsquo;ouvrages, de la revue sp\u00e9cialis\u00e9e au livre d\u00e9couverte sur l\u2019Art, les Sciences Humaines, la philosophie ou la gastronomie. Un rayon d\u00e9di\u00e9 aux jeunes [&hellip;]<\/p>\n","protected":false},"author":5,"featured_media":0,"parent":0,"menu_order":5,"comment_status":"closed","ping_status":"closed","template":"","meta":{"footnotes":""},"class_list":["post-3242","page","type-page","status-publish","hentry"],"yoast_head":"<!-- This site is optimized with the Yoast SEO plugin v27.4 - https:\/\/yoast.com\/product\/yoast-seo-wordpress\/ -->\n<title>Librairie | Ch\u00e2teau de Montsoreau-Mus\u00e9e d&#039;Art Contemporain<\/title>\n<meta name=\"description\" content=\"Livres d&#039;art, d&#039;histoire, papeterie, objets, la librairie du Ch\u00e2teau de Montsoreau - Mus\u00e9e d&#039;art contemporain propose une large s\u00e9lection d&#039;ouvrages.\" \/>\n<meta name=\"robots\" content=\"index, follow, max-snippet:-1, max-image-preview:large, max-video-preview:-1\" \/>\n<link rel=\"canonical\" href=\"https:\/\/www.chateau-montsoreau.com\/wordpress\/fr\/librairie\/\" \/>\n<meta property=\"og:locale\" content=\"fr_FR\" \/>\n<meta property=\"og:type\" content=\"article\" \/>\n<meta property=\"og:title\" content=\"Librairie | Ch\u00e2teau de Montsoreau-Mus\u00e9e d&#039;Art Contemporain\" \/>\n<meta property=\"og:description\" content=\"Livres d&#039;art, d&#039;histoire, papeterie, objets, la librairie du Ch\u00e2teau de Montsoreau - Mus\u00e9e d&#039;art contemporain propose une large s\u00e9lection d&#039;ouvrages.\" \/>\n<meta property=\"og:url\" content=\"https:\/\/www.chateau-montsoreau.com\/wordpress\/fr\/librairie\/\" \/>\n<meta property=\"og:site_name\" content=\"Ch\u00e2teau de Montsoreau-Mus\u00e9e d&#039;Art Contemporain\" \/>\n<meta property=\"article:publisher\" content=\"https:\/\/www.facebook.com\/chateaudemontsoreau\/\" \/>\n<meta property=\"article:modified_time\" content=\"2019-12-28T18:07:08+00:00\" \/>\n<meta property=\"og:image\" content=\"http:\/\/www.chateau-montsoreau.com\/wordpress\/wp-content\/uploads\/2016\/03\/fb_icon_325x325-300x300.png\" \/>\n<meta name=\"twitter:card\" content=\"summary_large_image\" \/>\n<meta name=\"twitter:site\" content=\"@Cmontsoreau\" \/>\n<meta name=\"twitter:label1\" content=\"Dur\u00e9e de lecture estim\u00e9e\" \/>\n\t<meta name=\"twitter:data1\" content=\"4 minutes\" \/>\n<script type=\"application\/ld+json\" class=\"yoast-schema-graph\">{\"@context\":\"https:\\\/\\\/schema.org\",\"@graph\":[{\"@type\":\"WebPage\",\"@id\":\"https:\\\/\\\/www.chateau-montsoreau.com\\\/wordpress\\\/fr\\\/librairie\\\/\",\"url\":\"https:\\\/\\\/www.chateau-montsoreau.com\\\/wordpress\\\/fr\\\/librairie\\\/\",\"name\":\"Librairie | Ch\u00e2teau de Montsoreau-Mus\u00e9e d&#039;Art Contemporain\",\"isPartOf\":{\"@id\":\"https:\\\/\\\/www.chateau-montsoreau.com\\\/wordpress\\\/#website\"},\"primaryImageOfPage\":{\"@id\":\"https:\\\/\\\/www.chateau-montsoreau.com\\\/wordpress\\\/fr\\\/librairie\\\/#primaryimage\"},\"image\":{\"@id\":\"https:\\\/\\\/www.chateau-montsoreau.com\\\/wordpress\\\/fr\\\/librairie\\\/#primaryimage\"},\"thumbnailUrl\":\"http:\\\/\\\/www.chateau-montsoreau.com\\\/wordpress\\\/wp-content\\\/uploads\\\/2016\\\/03\\\/fb_icon_325x325-300x300.png\",\"datePublished\":\"2016-03-04T11:00:44+00:00\",\"dateModified\":\"2019-12-28T18:07:08+00:00\",\"description\":\"Livres d'art, d'histoire, papeterie, objets, la librairie du Ch\u00e2teau de Montsoreau - Mus\u00e9e d'art contemporain propose une large s\u00e9lection d'ouvrages.\",\"breadcrumb\":{\"@id\":\"https:\\\/\\\/www.chateau-montsoreau.com\\\/wordpress\\\/fr\\\/librairie\\\/#breadcrumb\"},\"inLanguage\":\"fr-FR\",\"potentialAction\":[{\"@type\":\"ReadAction\",\"target\":[\"https:\\\/\\\/www.chateau-montsoreau.com\\\/wordpress\\\/fr\\\/librairie\\\/\"]}]},{\"@type\":\"ImageObject\",\"inLanguage\":\"fr-FR\",\"@id\":\"https:\\\/\\\/www.chateau-montsoreau.com\\\/wordpress\\\/fr\\\/librairie\\\/#primaryimage\",\"url\":\"http:\\\/\\\/www.chateau-montsoreau.com\\\/wordpress\\\/wp-content\\\/uploads\\\/2016\\\/03\\\/fb_icon_325x325-300x300.png\",\"contentUrl\":\"http:\\\/\\\/www.chateau-montsoreau.com\\\/wordpress\\\/wp-content\\\/uploads\\\/2016\\\/03\\\/fb_icon_325x325-300x300.png\"},{\"@type\":\"BreadcrumbList\",\"@id\":\"https:\\\/\\\/www.chateau-montsoreau.com\\\/wordpress\\\/fr\\\/librairie\\\/#breadcrumb\",\"itemListElement\":[{\"@type\":\"ListItem\",\"position\":1,\"name\":\"Accueil\",\"item\":\"https:\\\/\\\/www.chateau-montsoreau.com\\\/wordpress\\\/fr\\\/\"},{\"@type\":\"ListItem\",\"position\":2,\"name\":\"Librairie\"}]},{\"@type\":\"WebSite\",\"@id\":\"https:\\\/\\\/www.chateau-montsoreau.com\\\/wordpress\\\/#website\",\"url\":\"https:\\\/\\\/www.chateau-montsoreau.com\\\/wordpress\\\/\",\"name\":\"Ch\u00e2teau de Montsoreau-Mus\u00e9e d&#039;Art Contemporain\",\"description\":\"Ch\u00e2teaux de la Loire Art Contemporain Art Conceptuel\",\"publisher\":{\"@id\":\"https:\\\/\\\/www.chateau-montsoreau.com\\\/wordpress\\\/#organization\"},\"potentialAction\":[{\"@type\":\"SearchAction\",\"target\":{\"@type\":\"EntryPoint\",\"urlTemplate\":\"https:\\\/\\\/www.chateau-montsoreau.com\\\/wordpress\\\/?s={search_term_string}\"},\"query-input\":{\"@type\":\"PropertyValueSpecification\",\"valueRequired\":true,\"valueName\":\"search_term_string\"}}],\"inLanguage\":\"fr-FR\"},{\"@type\":\"Organization\",\"@id\":\"https:\\\/\\\/www.chateau-montsoreau.com\\\/wordpress\\\/#organization\",\"name\":\"Ch\u00e2teau de Montsoreau - Mus\u00e9e d'art contemporain\",\"url\":\"https:\\\/\\\/www.chateau-montsoreau.com\\\/wordpress\\\/\",\"logo\":{\"@type\":\"ImageObject\",\"inLanguage\":\"fr-FR\",\"@id\":\"https:\\\/\\\/www.chateau-montsoreau.com\\\/wordpress\\\/#\\\/schema\\\/logo\\\/image\\\/\",\"url\":\"https:\\\/\\\/www.chateau-montsoreau.com\\\/wordpress\\\/wp-content\\\/uploads\\\/2016\\\/03\\\/Logo-Montsoreau-tout-petit-1.png\",\"contentUrl\":\"https:\\\/\\\/www.chateau-montsoreau.com\\\/wordpress\\\/wp-content\\\/uploads\\\/2016\\\/03\\\/Logo-Montsoreau-tout-petit-1.png\",\"width\":133,\"height\":133,\"caption\":\"Ch\u00e2teau de Montsoreau - Mus\u00e9e d'art contemporain\"},\"image\":{\"@id\":\"https:\\\/\\\/www.chateau-montsoreau.com\\\/wordpress\\\/#\\\/schema\\\/logo\\\/image\\\/\"},\"sameAs\":[\"https:\\\/\\\/www.facebook.com\\\/chateaudemontsoreau\\\/\",\"https:\\\/\\\/x.com\\\/Cmontsoreau\",\"https:\\\/\\\/www.instagram.com\\\/chateaudemontsoreau\\\/\",\"http:\\\/\\\/www.pinterest.com\\\/Cmontsoreau\"]}]}<\/script>\n<!-- \/ Yoast SEO plugin. -->","yoast_head_json":{"title":"Librairie | Ch\u00e2teau de Montsoreau-Mus\u00e9e d&#039;Art Contemporain","description":"Livres d'art, d'histoire, papeterie, objets, la librairie du Ch\u00e2teau de Montsoreau - Mus\u00e9e d'art contemporain propose une large s\u00e9lection d'ouvrages.","robots":{"index":"index","follow":"follow","max-snippet":"max-snippet:-1","max-image-preview":"max-image-preview:large","max-video-preview":"max-video-preview:-1"},"canonical":"https:\/\/www.chateau-montsoreau.com\/wordpress\/fr\/librairie\/","og_locale":"fr_FR","og_type":"article","og_title":"Librairie | Ch\u00e2teau de Montsoreau-Mus\u00e9e d&#039;Art Contemporain","og_description":"Livres d'art, d'histoire, papeterie, objets, la librairie du Ch\u00e2teau de Montsoreau - Mus\u00e9e d'art contemporain propose une large s\u00e9lection d'ouvrages.","og_url":"https:\/\/www.chateau-montsoreau.com\/wordpress\/fr\/librairie\/","og_site_name":"Ch\u00e2teau de Montsoreau-Mus\u00e9e d&#039;Art Contemporain","article_publisher":"https:\/\/www.facebook.com\/chateaudemontsoreau\/","article_modified_time":"2019-12-28T18:07:08+00:00","og_image":[{"url":"http:\/\/www.chateau-montsoreau.com\/wordpress\/wp-content\/uploads\/2016\/03\/fb_icon_325x325-300x300.png","type":"","width":"","height":""}],"twitter_card":"summary_large_image","twitter_site":"@Cmontsoreau","twitter_misc":{"Dur\u00e9e de lecture estim\u00e9e":"4 minutes"},"schema":{"@context":"https:\/\/schema.org","@graph":[{"@type":"WebPage","@id":"https:\/\/www.chateau-montsoreau.com\/wordpress\/fr\/librairie\/","url":"https:\/\/www.chateau-montsoreau.com\/wordpress\/fr\/librairie\/","name":"Librairie | Ch\u00e2teau de Montsoreau-Mus\u00e9e d&#039;Art Contemporain","isPartOf":{"@id":"https:\/\/www.chateau-montsoreau.com\/wordpress\/#website"},"primaryImageOfPage":{"@id":"https:\/\/www.chateau-montsoreau.com\/wordpress\/fr\/librairie\/#primaryimage"},"image":{"@id":"https:\/\/www.chateau-montsoreau.com\/wordpress\/fr\/librairie\/#primaryimage"},"thumbnailUrl":"http:\/\/www.chateau-montsoreau.com\/wordpress\/wp-content\/uploads\/2016\/03\/fb_icon_325x325-300x300.png","datePublished":"2016-03-04T11:00:44+00:00","dateModified":"2019-12-28T18:07:08+00:00","description":"Livres d'art, d'histoire, papeterie, objets, la librairie du Ch\u00e2teau de Montsoreau - Mus\u00e9e d'art contemporain propose une large s\u00e9lection d'ouvrages.","breadcrumb":{"@id":"https:\/\/www.chateau-montsoreau.com\/wordpress\/fr\/librairie\/#breadcrumb"},"inLanguage":"fr-FR","potentialAction":[{"@type":"ReadAction","target":["https:\/\/www.chateau-montsoreau.com\/wordpress\/fr\/librairie\/"]}]},{"@type":"ImageObject","inLanguage":"fr-FR","@id":"https:\/\/www.chateau-montsoreau.com\/wordpress\/fr\/librairie\/#primaryimage","url":"http:\/\/www.chateau-montsoreau.com\/wordpress\/wp-content\/uploads\/2016\/03\/fb_icon_325x325-300x300.png","contentUrl":"http:\/\/www.chateau-montsoreau.com\/wordpress\/wp-content\/uploads\/2016\/03\/fb_icon_325x325-300x300.png"},{"@type":"BreadcrumbList","@id":"https:\/\/www.chateau-montsoreau.com\/wordpress\/fr\/librairie\/#breadcrumb","itemListElement":[{"@type":"ListItem","position":1,"name":"Accueil","item":"https:\/\/www.chateau-montsoreau.com\/wordpress\/fr\/"},{"@type":"ListItem","position":2,"name":"Librairie"}]},{"@type":"WebSite","@id":"https:\/\/www.chateau-montsoreau.com\/wordpress\/#website","url":"https:\/\/www.chateau-montsoreau.com\/wordpress\/","name":"Ch\u00e2teau de Montsoreau-Mus\u00e9e d&#039;Art Contemporain","description":"Ch\u00e2teaux de la Loire Art Contemporain Art Conceptuel","publisher":{"@id":"https:\/\/www.chateau-montsoreau.com\/wordpress\/#organization"},"potentialAction":[{"@type":"SearchAction","target":{"@type":"EntryPoint","urlTemplate":"https:\/\/www.chateau-montsoreau.com\/wordpress\/?s={search_term_string}"},"query-input":{"@type":"PropertyValueSpecification","valueRequired":true,"valueName":"search_term_string"}}],"inLanguage":"fr-FR"},{"@type":"Organization","@id":"https:\/\/www.chateau-montsoreau.com\/wordpress\/#organization","name":"Ch\u00e2teau de Montsoreau - Mus\u00e9e d'art contemporain","url":"https:\/\/www.chateau-montsoreau.com\/wordpress\/","logo":{"@type":"ImageObject","inLanguage":"fr-FR","@id":"https:\/\/www.chateau-montsoreau.com\/wordpress\/#\/schema\/logo\/image\/","url":"https:\/\/www.chateau-montsoreau.com\/wordpress\/wp-content\/uploads\/2016\/03\/Logo-Montsoreau-tout-petit-1.png","contentUrl":"https:\/\/www.chateau-montsoreau.com\/wordpress\/wp-content\/uploads\/2016\/03\/Logo-Montsoreau-tout-petit-1.png","width":133,"height":133,"caption":"Ch\u00e2teau de Montsoreau - Mus\u00e9e d'art contemporain"},"image":{"@id":"https:\/\/www.chateau-montsoreau.com\/wordpress\/#\/schema\/logo\/image\/"},"sameAs":["https:\/\/www.facebook.com\/chateaudemontsoreau\/","https:\/\/x.com\/Cmontsoreau","https:\/\/www.instagram.com\/chateaudemontsoreau\/","http:\/\/www.pinterest.com\/Cmontsoreau"]}]}},"_links":{"self":[{"href":"https:\/\/www.chateau-montsoreau.com\/wordpress\/wp-json\/wp\/v2\/pages\/3242","targetHints":{"allow":["GET"]}}],"collection":[{"href":"https:\/\/www.chateau-montsoreau.com\/wordpress\/wp-json\/wp\/v2\/pages"}],"about":[{"href":"https:\/\/www.chateau-montsoreau.com\/wordpress\/wp-json\/wp\/v2\/types\/page"}],"author":[{"embeddable":true,"href":"https:\/\/www.chateau-montsoreau.com\/wordpress\/wp-json\/wp\/v2\/users\/5"}],"replies":[{"embeddable":true,"href":"https:\/\/www.chateau-montsoreau.com\/wordpress\/wp-json\/wp\/v2\/comments?post=3242"}],"version-history":[{"count":58,"href":"https:\/\/www.chateau-montsoreau.com\/wordpress\/wp-json\/wp\/v2\/pages\/3242\/revisions"}],"predecessor-version":[{"id":5955,"href":"https:\/\/www.chateau-montsoreau.com\/wordpress\/wp-json\/wp\/v2\/pages\/3242\/revisions\/5955"}],"wp:attachment":[{"href":"https:\/\/www.chateau-montsoreau.com\/wordpress\/wp-json\/wp\/v2\/media?parent=3242"}],"curies":[{"name":"wp","href":"https:\/\/api.w.org\/{rel}","templated":true}]}}