{"id":3257,"date":"2016-03-04T12:14:06","date_gmt":"2016-03-04T11:14:06","guid":{"rendered":"http:\/\/www.chateau-montsoreau.com\/wordpress\/?page_id=3257"},"modified":"2025-03-12T13:54:57","modified_gmt":"2025-03-12T12:54:57","slug":"groupes-adultes","status":"publish","type":"page","link":"https:\/\/www.chateau-montsoreau.com\/wordpress\/fr\/groupes\/groupes-adultes\/","title":{"rendered":"Groupes adultes"},"content":{"rendered":"<div  class=\"ut-alert grey  \"><div  class=\"ut-one-half  \">\n<p><h6 class=\"ut-title-divider \" ><span><\/p>\n<h2>Visites<\/h2>\n<p><\/span><\/h6><\/p>\n<p><strong>Visite libre<br \/>\n<\/strong>Visite en toute libert\u00e9 du mus\u00e9e et de sa collection d\u2019art contemporain.<\/p>\n<p><strong>Visite guid\u00e9e<br \/>\n<\/strong>En compagnie d&rsquo;un m\u00e9diateur du mus\u00e9e partez \u00e0 la d\u00e9couverte de la collection Philippe M\u00e9aille.<br \/>\nForfait visite guid\u00e9e 1 heure: 120 euros (20 personnes maximum)<br \/>\nSur r\u00e9servation : 02 41 67 12 60 ou contact@chateau-montsoreau.com<\/p>\n<\/div>\n<div  class=\"ut-one-half ut-column-last  \">\n<h4><strong>Navette fluviale<\/strong><\/h4>\n<div class=\"uk-width-3-5@l uk-width-1-1@s uk-first-column\">\n<div class=\"uk-height-1-1 uk-flex uk-flex-center uk-flex-middle uk-text-large\">Pour les groupes, les Croisi\u00e8res Saumur Loire proposent une navette fluviale Saumur-Candes-Saint-Martin. Remontez le dernier fleuve sauvage de France, en naviguant entre les bancs de sable et la v\u00e9g\u00e9tation, jusqu\u2019au Ch\u00e2teau de Montsoreau &#8211; mus\u00e9e d&rsquo;Art contemporain. Une balade originale pour d\u00e9couvrir la Loire autrement.<\/div>\n<div><\/div>\n<div class=\"uk-height-1-1 uk-flex uk-flex-center uk-flex-middle uk-text-large\">D&rsquo;avril \u00e0 octobre, d\u00e9part \u00e0 la demande.<br \/>\n<span style=\"font-size: revert; color: initial;\">Groupe de 20 personnes minimum.<br \/>\n<\/span>Entre 1h30 et 2h de navigation.<\/div>\n<\/div>\n<p><a href=\"https:\/\/www.chateau-montsoreau.com\/wordpress\/fr\/acheter-un-billet\/\">En savoir plus\u00a0<\/a><\/p>\n<\/div><div class=\"clear\"><\/div>\n<p><h6 class=\"ut-title-divider \" ><span><\/p>\n<h2>Tarifs groupe<\/h2>\n<p><\/span><\/h6><\/p>\n<p><div class=\"ut-pt-wrap ut-pt-wrap-style-1\"><div class=\"grid-33 tablet-grid-33 mobile-grid-100\"><div class=\"ut-pricing-table\"><header class=\"ut-pt-header ut-level-one\"><h2 class=\"ut-pt-title\">Visite libre<\/h2><span class=\"ut-pt-title-slogan\">Plus de 18 ans<\/span><\/header><footer class=\"ut-pt-pricing\"><span class=\"ut-pt-price\"><sup>\u20ac<\/sup>9.20<\/span><\/footer><\/div><\/div><div class=\"grid-33 tablet-grid-33 mobile-grid-100\"><div class=\"ut-pricing-table\"><header class=\"ut-pt-header ut-level-one\"><h2 class=\"ut-pt-title\">Visite libre<\/h2><span class=\"ut-pt-title-slogan\">De 5 \u00e0 18 ans<\/span><\/header><footer class=\"ut-pt-pricing\"><span class=\"ut-pt-price\"><sup>\u20ac<\/sup>7.00<\/span><\/footer><\/div><\/div><div class=\"grid-33 tablet-grid-33 mobile-grid-100\"><div class=\"ut-pricing-table\"><header class=\"ut-pt-header ut-level-one\"><h2 class=\"ut-pt-title\">Forfait visite guid\u00e9e <\/h2><span class=\"ut-pt-title-slogan\">1 heure<\/span><\/header><footer class=\"ut-pt-pricing\"><span class=\"ut-pt-price\"><sup>\u20ac<\/sup>120<\/span><\/footer><\/div><\/div><div class=\"clear\"><\/div><\/div><\/p>\n<div  class=\"ut-alert grey  \"><\/div>\n<h6 class=\"ut-title-divider \" ><span><\/p>\n<h2>Formulaire de Contact<\/h2>\n<p><\/span><\/h6><\/p>\n<p>\n<div class=\"wpcf7 no-js\" id=\"wpcf7-f8902-o1\" lang=\"fr-FR\" dir=\"ltr\" data-wpcf7-id=\"8902\">\n<div class=\"screen-reader-response\"><p role=\"status\" aria-live=\"polite\" aria-atomic=\"true\"><\/p> <ul><\/ul><\/div>\n<form action=\"\/wordpress\/wp-json\/wp\/v2\/pages\/3257#wpcf7-f8902-o1\" method=\"post\" class=\"wpcf7-form init\" aria-label=\"Formulaire de contact\" novalidate=\"novalidate\" data-status=\"init\">\n<fieldset class=\"hidden-fields-container\"><input type=\"hidden\" name=\"_wpcf7\" value=\"8902\" \/><input type=\"hidden\" name=\"_wpcf7_version\" value=\"6.1.5\" \/><input type=\"hidden\" name=\"_wpcf7_locale\" value=\"fr_FR\" \/><input type=\"hidden\" name=\"_wpcf7_unit_tag\" value=\"wpcf7-f8902-o1\" \/><input type=\"hidden\" name=\"_wpcf7_container_post\" value=\"0\" \/><input type=\"hidden\" name=\"_wpcf7_posted_data_hash\" value=\"\" \/><input type=\"hidden\" name=\"_wpcf7_recaptcha_response\" value=\"\" \/>\n<\/fieldset>\n<p><label> Votre nom<br \/>\n<span class=\"wpcf7-form-control-wrap\" data-name=\"your-name\"><input size=\"40\" maxlength=\"400\" class=\"wpcf7-form-control wpcf7-text wpcf7-validates-as-required\" autocomplete=\"name\" aria-required=\"true\" aria-invalid=\"false\" value=\"\" type=\"text\" name=\"your-name\" \/><\/span> <\/label>\n<\/p>\n<p><label> Votre e-mail<br \/>\n<span class=\"wpcf7-form-control-wrap\" data-name=\"your-email\"><input size=\"40\" maxlength=\"400\" class=\"wpcf7-form-control wpcf7-email wpcf7-validates-as-required wpcf7-text wpcf7-validates-as-email\" autocomplete=\"email\" aria-required=\"true\" aria-invalid=\"false\" value=\"\" type=\"email\" name=\"your-email\" \/><\/span> <\/label>\n<\/p>\n<p><label> Objet<br \/>\n<span class=\"wpcf7-form-control-wrap\" data-name=\"your-subject\"><input size=\"40\" maxlength=\"400\" class=\"wpcf7-form-control wpcf7-text wpcf7-validates-as-required\" aria-required=\"true\" aria-invalid=\"false\" value=\"\" type=\"text\" name=\"your-subject\" \/><\/span> <\/label>\n<\/p>\n<p><label> Votre message (facultatif)<br \/>\n<span class=\"wpcf7-form-control-wrap\" data-name=\"your-message\"><textarea cols=\"40\" rows=\"10\" maxlength=\"2000\" class=\"wpcf7-form-control wpcf7-textarea\" aria-invalid=\"false\" name=\"your-message\"><\/textarea><\/span> <\/label>\n<\/p>\n<p><input class=\"wpcf7-form-control wpcf7-submit has-spinner\" type=\"submit\" value=\"Envoyer\" \/>\n<\/p><div class=\"wpcf7-response-output\" aria-hidden=\"true\"><\/div>\n<\/form>\n<\/div>\n<br \/>\n<\/div>\n","protected":false},"excerpt":{"rendered":"","protected":false},"author":5,"featured_media":0,"parent":3252,"menu_order":2,"comment_status":"closed","ping_status":"closed","template":"","meta":{"footnotes":""},"class_list":["post-3257","page","type-page","status-publish","hentry"],"yoast_head":"<!-- This site is optimized with the Yoast SEO plugin v27.3 - https:\/\/yoast.com\/product\/yoast-seo-wordpress\/ -->\n<title>Groupes adultes | Ch\u00e2teau de Montsoreau - Mus\u00e9e d&#039;art contemporain<\/title>\n<meta name=\"description\" content=\"Tarifs, formules de visites, acc\u00e8s, parking. Toutes les informations pour pr\u00e9parer la visite d&#039;un groupe adulte au Ch\u00e2teau de Montsoreau - Mus\u00e9e d&#039;art contemporain\" \/>\n<meta name=\"robots\" content=\"index, follow, max-snippet:-1, max-image-preview:large, max-video-preview:-1\" \/>\n<link rel=\"canonical\" href=\"https:\/\/www.chateau-montsoreau.com\/wordpress\/fr\/groupes\/groupes-adultes\/\" \/>\n<meta property=\"og:locale\" content=\"fr_FR\" \/>\n<meta property=\"og:type\" content=\"article\" \/>\n<meta property=\"og:title\" content=\"Groupes adultes | Ch\u00e2teau de Montsoreau - Mus\u00e9e d&#039;art contemporain\" \/>\n<meta property=\"og:description\" content=\"Tarifs, formules de visites, acc\u00e8s, parking. Toutes les informations pour pr\u00e9parer la visite d&#039;un groupe adulte au Ch\u00e2teau de Montsoreau - Mus\u00e9e d&#039;art contemporain\" \/>\n<meta property=\"og:url\" content=\"https:\/\/www.chateau-montsoreau.com\/wordpress\/fr\/groupes\/groupes-adultes\/\" \/>\n<meta property=\"og:site_name\" content=\"Ch\u00e2teau de Montsoreau-Mus\u00e9e d&#039;Art Contemporain\" \/>\n<meta property=\"article:publisher\" content=\"https:\/\/www.facebook.com\/chateaudemontsoreau\/\" \/>\n<meta property=\"article:modified_time\" content=\"2025-03-12T12:54:57+00:00\" \/>\n<meta name=\"twitter:card\" content=\"summary_large_image\" \/>\n<meta name=\"twitter:site\" content=\"@Cmontsoreau\" \/>\n<meta name=\"twitter:label1\" content=\"Dur\u00e9e de lecture estim\u00e9e\" \/>\n\t<meta name=\"twitter:data1\" content=\"2 minutes\" \/>\n<script type=\"application\/ld+json\" class=\"yoast-schema-graph\">{\"@context\":\"https:\\\/\\\/schema.org\",\"@graph\":[{\"@type\":\"WebPage\",\"@id\":\"https:\\\/\\\/www.chateau-montsoreau.com\\\/wordpress\\\/fr\\\/groupes\\\/groupes-adultes\\\/\",\"url\":\"https:\\\/\\\/www.chateau-montsoreau.com\\\/wordpress\\\/fr\\\/groupes\\\/groupes-adultes\\\/\",\"name\":\"Groupes adultes | Ch\u00e2teau de Montsoreau - Mus\u00e9e d'art contemporain\",\"isPartOf\":{\"@id\":\"https:\\\/\\\/www.chateau-montsoreau.com\\\/wordpress\\\/#website\"},\"datePublished\":\"2016-03-04T11:14:06+00:00\",\"dateModified\":\"2025-03-12T12:54:57+00:00\",\"description\":\"Tarifs, formules de visites, acc\u00e8s, parking. Toutes les informations pour pr\u00e9parer la visite d'un groupe adulte au Ch\u00e2teau de Montsoreau - Mus\u00e9e d'art contemporain\",\"breadcrumb\":{\"@id\":\"https:\\\/\\\/www.chateau-montsoreau.com\\\/wordpress\\\/fr\\\/groupes\\\/groupes-adultes\\\/#breadcrumb\"},\"inLanguage\":\"fr-FR\",\"potentialAction\":[{\"@type\":\"ReadAction\",\"target\":[\"https:\\\/\\\/www.chateau-montsoreau.com\\\/wordpress\\\/fr\\\/groupes\\\/groupes-adultes\\\/\"]}]},{\"@type\":\"BreadcrumbList\",\"@id\":\"https:\\\/\\\/www.chateau-montsoreau.com\\\/wordpress\\\/fr\\\/groupes\\\/groupes-adultes\\\/#breadcrumb\",\"itemListElement\":[{\"@type\":\"ListItem\",\"position\":1,\"name\":\"Accueil\",\"item\":\"https:\\\/\\\/www.chateau-montsoreau.com\\\/wordpress\\\/fr\\\/\"},{\"@type\":\"ListItem\",\"position\":2,\"name\":\"Groupes\",\"item\":\"https:\\\/\\\/www.chateau-montsoreau.com\\\/wordpress\\\/fr\\\/groupes\\\/\"},{\"@type\":\"ListItem\",\"position\":3,\"name\":\"Groupes adultes\"}]},{\"@type\":\"WebSite\",\"@id\":\"https:\\\/\\\/www.chateau-montsoreau.com\\\/wordpress\\\/#website\",\"url\":\"https:\\\/\\\/www.chateau-montsoreau.com\\\/wordpress\\\/\",\"name\":\"Ch\u00e2teau de Montsoreau-Mus\u00e9e d&#039;Art Contemporain\",\"description\":\"Ch\u00e2teaux de la Loire Art Contemporain Art Conceptuel\",\"publisher\":{\"@id\":\"https:\\\/\\\/www.chateau-montsoreau.com\\\/wordpress\\\/#organization\"},\"potentialAction\":[{\"@type\":\"SearchAction\",\"target\":{\"@type\":\"EntryPoint\",\"urlTemplate\":\"https:\\\/\\\/www.chateau-montsoreau.com\\\/wordpress\\\/?s={search_term_string}\"},\"query-input\":{\"@type\":\"PropertyValueSpecification\",\"valueRequired\":true,\"valueName\":\"search_term_string\"}}],\"inLanguage\":\"fr-FR\"},{\"@type\":\"Organization\",\"@id\":\"https:\\\/\\\/www.chateau-montsoreau.com\\\/wordpress\\\/#organization\",\"name\":\"Ch\u00e2teau de Montsoreau - Mus\u00e9e d'art contemporain\",\"url\":\"https:\\\/\\\/www.chateau-montsoreau.com\\\/wordpress\\\/\",\"logo\":{\"@type\":\"ImageObject\",\"inLanguage\":\"fr-FR\",\"@id\":\"https:\\\/\\\/www.chateau-montsoreau.com\\\/wordpress\\\/#\\\/schema\\\/logo\\\/image\\\/\",\"url\":\"https:\\\/\\\/www.chateau-montsoreau.com\\\/wordpress\\\/wp-content\\\/uploads\\\/2016\\\/03\\\/Logo-Montsoreau-tout-petit-1.png\",\"contentUrl\":\"https:\\\/\\\/www.chateau-montsoreau.com\\\/wordpress\\\/wp-content\\\/uploads\\\/2016\\\/03\\\/Logo-Montsoreau-tout-petit-1.png\",\"width\":133,\"height\":133,\"caption\":\"Ch\u00e2teau de Montsoreau - Mus\u00e9e d'art contemporain\"},\"image\":{\"@id\":\"https:\\\/\\\/www.chateau-montsoreau.com\\\/wordpress\\\/#\\\/schema\\\/logo\\\/image\\\/\"},\"sameAs\":[\"https:\\\/\\\/www.facebook.com\\\/chateaudemontsoreau\\\/\",\"https:\\\/\\\/x.com\\\/Cmontsoreau\",\"https:\\\/\\\/www.instagram.com\\\/chateaudemontsoreau\\\/\",\"http:\\\/\\\/www.pinterest.com\\\/Cmontsoreau\"]}]}<\/script>\n<!-- \/ Yoast SEO plugin. -->","yoast_head_json":{"title":"Groupes adultes | Ch\u00e2teau de Montsoreau - Mus\u00e9e d'art contemporain","description":"Tarifs, formules de visites, acc\u00e8s, parking. Toutes les informations pour pr\u00e9parer la visite d'un groupe adulte au Ch\u00e2teau de Montsoreau - Mus\u00e9e d'art contemporain","robots":{"index":"index","follow":"follow","max-snippet":"max-snippet:-1","max-image-preview":"max-image-preview:large","max-video-preview":"max-video-preview:-1"},"canonical":"https:\/\/www.chateau-montsoreau.com\/wordpress\/fr\/groupes\/groupes-adultes\/","og_locale":"fr_FR","og_type":"article","og_title":"Groupes adultes | Ch\u00e2teau de Montsoreau - Mus\u00e9e d'art contemporain","og_description":"Tarifs, formules de visites, acc\u00e8s, parking. Toutes les informations pour pr\u00e9parer la visite d'un groupe adulte au Ch\u00e2teau de Montsoreau - Mus\u00e9e d'art contemporain","og_url":"https:\/\/www.chateau-montsoreau.com\/wordpress\/fr\/groupes\/groupes-adultes\/","og_site_name":"Ch\u00e2teau de Montsoreau-Mus\u00e9e d&#039;Art Contemporain","article_publisher":"https:\/\/www.facebook.com\/chateaudemontsoreau\/","article_modified_time":"2025-03-12T12:54:57+00:00","twitter_card":"summary_large_image","twitter_site":"@Cmontsoreau","twitter_misc":{"Dur\u00e9e de lecture estim\u00e9e":"2 minutes"},"schema":{"@context":"https:\/\/schema.org","@graph":[{"@type":"WebPage","@id":"https:\/\/www.chateau-montsoreau.com\/wordpress\/fr\/groupes\/groupes-adultes\/","url":"https:\/\/www.chateau-montsoreau.com\/wordpress\/fr\/groupes\/groupes-adultes\/","name":"Groupes adultes | Ch\u00e2teau de Montsoreau - Mus\u00e9e d'art contemporain","isPartOf":{"@id":"https:\/\/www.chateau-montsoreau.com\/wordpress\/#website"},"datePublished":"2016-03-04T11:14:06+00:00","dateModified":"2025-03-12T12:54:57+00:00","description":"Tarifs, formules de visites, acc\u00e8s, parking. Toutes les informations pour pr\u00e9parer la visite d'un groupe adulte au Ch\u00e2teau de Montsoreau - Mus\u00e9e d'art contemporain","breadcrumb":{"@id":"https:\/\/www.chateau-montsoreau.com\/wordpress\/fr\/groupes\/groupes-adultes\/#breadcrumb"},"inLanguage":"fr-FR","potentialAction":[{"@type":"ReadAction","target":["https:\/\/www.chateau-montsoreau.com\/wordpress\/fr\/groupes\/groupes-adultes\/"]}]},{"@type":"BreadcrumbList","@id":"https:\/\/www.chateau-montsoreau.com\/wordpress\/fr\/groupes\/groupes-adultes\/#breadcrumb","itemListElement":[{"@type":"ListItem","position":1,"name":"Accueil","item":"https:\/\/www.chateau-montsoreau.com\/wordpress\/fr\/"},{"@type":"ListItem","position":2,"name":"Groupes","item":"https:\/\/www.chateau-montsoreau.com\/wordpress\/fr\/groupes\/"},{"@type":"ListItem","position":3,"name":"Groupes adultes"}]},{"@type":"WebSite","@id":"https:\/\/www.chateau-montsoreau.com\/wordpress\/#website","url":"https:\/\/www.chateau-montsoreau.com\/wordpress\/","name":"Ch\u00e2teau de Montsoreau-Mus\u00e9e d&#039;Art Contemporain","description":"Ch\u00e2teaux de la Loire Art Contemporain Art Conceptuel","publisher":{"@id":"https:\/\/www.chateau-montsoreau.com\/wordpress\/#organization"},"potentialAction":[{"@type":"SearchAction","target":{"@type":"EntryPoint","urlTemplate":"https:\/\/www.chateau-montsoreau.com\/wordpress\/?s={search_term_string}"},"query-input":{"@type":"PropertyValueSpecification","valueRequired":true,"valueName":"search_term_string"}}],"inLanguage":"fr-FR"},{"@type":"Organization","@id":"https:\/\/www.chateau-montsoreau.com\/wordpress\/#organization","name":"Ch\u00e2teau de Montsoreau - Mus\u00e9e d'art contemporain","url":"https:\/\/www.chateau-montsoreau.com\/wordpress\/","logo":{"@type":"ImageObject","inLanguage":"fr-FR","@id":"https:\/\/www.chateau-montsoreau.com\/wordpress\/#\/schema\/logo\/image\/","url":"https:\/\/www.chateau-montsoreau.com\/wordpress\/wp-content\/uploads\/2016\/03\/Logo-Montsoreau-tout-petit-1.png","contentUrl":"https:\/\/www.chateau-montsoreau.com\/wordpress\/wp-content\/uploads\/2016\/03\/Logo-Montsoreau-tout-petit-1.png","width":133,"height":133,"caption":"Ch\u00e2teau de Montsoreau - Mus\u00e9e d'art contemporain"},"image":{"@id":"https:\/\/www.chateau-montsoreau.com\/wordpress\/#\/schema\/logo\/image\/"},"sameAs":["https:\/\/www.facebook.com\/chateaudemontsoreau\/","https:\/\/x.com\/Cmontsoreau","https:\/\/www.instagram.com\/chateaudemontsoreau\/","http:\/\/www.pinterest.com\/Cmontsoreau"]}]}},"_links":{"self":[{"href":"https:\/\/www.chateau-montsoreau.com\/wordpress\/wp-json\/wp\/v2\/pages\/3257","targetHints":{"allow":["GET"]}}],"collection":[{"href":"https:\/\/www.chateau-montsoreau.com\/wordpress\/wp-json\/wp\/v2\/pages"}],"about":[{"href":"https:\/\/www.chateau-montsoreau.com\/wordpress\/wp-json\/wp\/v2\/types\/page"}],"author":[{"embeddable":true,"href":"https:\/\/www.chateau-montsoreau.com\/wordpress\/wp-json\/wp\/v2\/users\/5"}],"replies":[{"embeddable":true,"href":"https:\/\/www.chateau-montsoreau.com\/wordpress\/wp-json\/wp\/v2\/comments?post=3257"}],"version-history":[{"count":44,"href":"https:\/\/www.chateau-montsoreau.com\/wordpress\/wp-json\/wp\/v2\/pages\/3257\/revisions"}],"predecessor-version":[{"id":8935,"href":"https:\/\/www.chateau-montsoreau.com\/wordpress\/wp-json\/wp\/v2\/pages\/3257\/revisions\/8935"}],"up":[{"embeddable":true,"href":"https:\/\/www.chateau-montsoreau.com\/wordpress\/wp-json\/wp\/v2\/pages\/3252"}],"wp:attachment":[{"href":"https:\/\/www.chateau-montsoreau.com\/wordpress\/wp-json\/wp\/v2\/media?parent=3257"}],"curies":[{"name":"wp","href":"https:\/\/api.w.org\/{rel}","templated":true}]}}