{"id":3263,"date":"2016-03-04T12:15:44","date_gmt":"2016-03-04T11:15:44","guid":{"rendered":"http:\/\/www.chateau-montsoreau.com\/wordpress\/?page_id=3263"},"modified":"2025-03-25T15:49:15","modified_gmt":"2025-03-25T14:49:15","slug":"documents-presse","status":"publish","type":"page","link":"https:\/\/www.chateau-montsoreau.com\/wordpress\/fr\/presse\/documents-presse\/","title":{"rendered":"Communiqu\u00e9s et dossiers de presse"},"content":{"rendered":"<div  class=\"ut-one-half  \">\n<h2 style=\"text-align: center;\">Communiqu\u00e9s et dossiers de presse<\/h2>\n<p><a href=\"http:\/\/www.chateau-montsoreau.com\/wordpress\/wp-content\/uploads\/2016\/10\/CP-chateau-et-projet.pdf\">Ch\u00e2teau de Montsoreau-Mus\u00e9e d&rsquo;art contemporain. Projet artistique et culturel<\/a><\/p>\n<p><a href=\"https:\/\/www.chateau-montsoreau.com\/wordpress\/wp-content\/uploads\/2020\/11\/Communiqu\u00e9-de-Presse-Jumelage-sans-pr\u00e9c\u00e9dent-entre-un-Ch\u00e2teau-de-la-Loire-et-un-village-anglais.pdf\">Jumelage sans pr\u00e9c\u00e9dent entre un Ch\u00e2teau de la Loire et un village anglais<\/a><\/p>\n<p><a href=\"https:\/\/www.chateau-montsoreau.com\/wordpress\/wp-content\/uploads\/2021\/03\/Communique-de-presse-Chateau-de-Montsoreau-Musee-dart-contemporain-Grands-Sites-du-Val-de-Loire-2.pdf\">Le Ch\u00e2teau de Montsoreau &#8211; Mus\u00e9e d&rsquo;art contemporain rejoint le r\u00e9seau des Grands Sites Patrimoniaux du Val de Loire\u00a0<\/a><\/p>\n<p><a href=\"https:\/\/www.chateau-montsoreau.com\/wordpress\/wp-content\/uploads\/2021\/11\/Communique-de-presse-qualite-tourisme.pdf\">Le Ch\u00e2teau de Montsoreau &#8211; Mus\u00e9e d&rsquo;art contemporain obtient la marque Qualit\u00e9 tourisme\u2122<\/a><\/p>\n<p><a href=\"https:\/\/www.chateau-montsoreau.com\/wordpress\/wp-content\/uploads\/2024\/03\/DOSSIER-DE-PRESSE-2024.pdf\">Dossier de presse 2024 &#8211; saison culturelle \/ Flamme olympique<\/a><\/p>\n<\/div>\n<div  class=\"ut-one-half ut-column-last  \">\n<h2 style=\"text-align: center;\">Expositions \/ \u00e9v\u00e9nements<\/h2>\n<p>2016<br \/>\n<a href=\"http:\/\/www.chateau-montsoreau.com\/wordpress\/wp-content\/uploads\/2016\/06\/Cp-exposition-Une-histoire-de-la-peinture-Agn\u00e8s-Thurnauer-FR.pdf\">Agn\u00e8s Thurnauer. Une histoire de la peinture<\/a><\/p>\n<p><a href=\"http:\/\/www.chateau-montsoreau.com\/wordpress\/wp-content\/uploads\/2018\/10\/Hommage-a-Fran\u00e7ois-Morellet-Chateau-de-Montsoreau-collection-Philippe-M\u00e9aille.pdf\">Hommage \u00e0 Fran\u00e7ois Morellet<\/a><\/p>\n<p><a href=\"http:\/\/www.chateau-montsoreau.com\/wordpress\/wp-content\/uploads\/2018\/10\/Fiction.pdf\">Fiction<\/a><\/p>\n<p>2017<br \/>\n<a href=\"http:\/\/www.chateau-montsoreau.com\/wordpress\/wp-content\/uploads\/2018\/10\/ETTORE-SOTTSASS-DESIGNER-DU-MONDE-Communiqu\u00e9-de-presse-Chateau-de-Montsoreau.pdf\">Ettore Sottsass Designer du monde<\/a><\/p>\n<p><a href=\"http:\/\/www.chateau-montsoreau.com\/wordpress\/wp-content\/uploads\/2018\/10\/Communiqu\u00e9-de-presse-ArtLanguage-au-CCCOD.pdf\">Art&amp;Language. Ilustrations for Art-Language (CCCOD)<\/a><\/p>\n<p><a href=\"http:\/\/www.chateau-montsoreau.com\/wordpress\/wp-content\/uploads\/2018\/10\/wild-garden-hommage-\u00e0-Miriam-Rothschild.pdf\">Wild garden. Hommage \u00e0 Miriam Rothschild<\/a><\/p>\n<p><a href=\"http:\/\/www.chateau-montsoreau.com\/wordpress\/wp-content\/uploads\/2018\/10\/Protest-1517-2017.pdf\">Protest 1517 2017<\/a><\/p>\n<p>2018<br \/>\n<a href=\"http:\/\/www.chateau-montsoreau.com\/wordpress\/wp-content\/uploads\/2018\/10\/Dossier-de-presse-1968-SPARTE-REVE-DATHENES-VF.pdf\">1968. Sparte r\u00eave d&rsquo;Ath\u00e8nes<\/a><\/p>\n<p><a href=\"http:\/\/www.chateau-montsoreau.com\/wordpress\/wp-content\/uploads\/2018\/10\/communiqu\u00e9-de-presse-exposition-ART-LANGUAGE-REALITY-DARK-FRAGMENTS-LIGHT.pdf\">Art &amp; Language. Reality (Dark) Fragments (Light)<\/a><\/p>\n<p>2019<\/p>\n<p><a href=\"http:\/\/www.chateau-montsoreau.com\/wordpress\/wp-content\/uploads\/2019\/11\/Dossier-de-presse-Roman-Signer-VF.pdf\">Roman Signer\u00a0<\/a><\/p>\n<p><a href=\"http:\/\/www.chateau-montsoreau.com\/wordpress\/wp-content\/uploads\/2019\/11\/Charlotte-Moorman-Think-Crazy-dossier-de-presse.pdf\">Charlotte Moorman Think Crazy\u00a0<\/a><\/p>\n<p>2020<\/p>\n<p><a href=\"https:\/\/www.chateau-montsoreau.com\/wordpress\/wp-content\/uploads\/2020\/07\/Jacques-Halbert-Cerises.pdf\">Jacques Halbert Cerises<\/a><\/p>\n<p>2021<\/p>\n<p><a href=\"https:\/\/www.chateau-montsoreau.com\/wordpress\/wp-content\/uploads\/2021\/06\/CP-FR-1996.-Kenneth-Goldsmith.pdf\">1996. Kenneth Goldsmith<\/a><\/p>\n<p><a href=\"https:\/\/www.chateau-montsoreau.com\/wordpress\/wp-content\/uploads\/2021\/06\/DP-Didier-Faustino.pdf\">Tomorrow&rsquo;s Shelter. Didier Faustino<\/a><\/p>\n<p>2022<\/p>\n<p><a href=\"https:\/\/www.chateau-montsoreau.com\/wordpress\/wp-content\/uploads\/2022\/03\/Communique-de-presse-exposition-www.art-language.org_.pdf\">www.art-language.org<\/a><\/p>\n<p><a href=\"https:\/\/www.chateau-montsoreau.com\/wordpress\/wp-content\/uploads\/2022\/06\/communique-de-presse-prix-francois-morellet-2022.pdf\">Bernard Marcad\u00e9 laur\u00e9at du Prix Fran\u00e7ois Morellet 2022<\/a><\/p>\n<p><a href=\"https:\/\/www.chateau-montsoreau.com\/wordpress\/wp-content\/uploads\/2022\/06\/dossier-de-presse-Patrick-Tosani-Introspective.pdf\">Patrick Tosani. Introspective<\/a><\/p>\n<p><a href=\"https:\/\/www.chateau-montsoreau.com\/wordpress\/wp-content\/uploads\/2022\/11\/dossier-de-presse-Fous-de-Proust.pdf\">Fous de Proust<\/a><\/p>\n<p>2023<\/p>\n<p><a href=\"https:\/\/www.chateau-montsoreau.com\/wordpress\/wp-content\/uploads\/2023\/05\/Communique-de-presse-Locus-non-Solus.pdf\">Locus (Non) Solus<\/a><\/p>\n<p><a href=\"https:\/\/www.chateau-montsoreau.com\/wordpress\/wp-content\/uploads\/2024\/03\/COMMUNIQUE-DE-PRESSE-BERNAR-VENET.pdf\">La vente de vent est l&rsquo;<em>event<\/em> de Venet<\/a><\/p>\n<p><a href=\"https:\/\/www.chateau-montsoreau.com\/wordpress\/wp-content\/uploads\/2024\/03\/communique-de-presse-exposition-Art-Language-Mascarade.pdf\">Art &amp;\u00a0 Language Mascarade<\/a><\/p>\n<p>2025<\/p>\n<p><a href=\"https:\/\/www.chateau-montsoreau.com\/wordpress\/wp-content\/uploads\/2025\/03\/Communique-de-presse-Prix-Francois-Morellet-2025.pdf\">Hans Ulrich Obrist laur\u00e9at du Prix Fran\u00e7ois Morellet 2025<\/a><\/p>\n<\/div><div class=\"clear\"><\/div>\n","protected":false},"excerpt":{"rendered":"","protected":false},"author":5,"featured_media":0,"parent":3259,"menu_order":2,"comment_status":"closed","ping_status":"closed","template":"","meta":{"footnotes":""},"class_list":["post-3263","page","type-page","status-publish","hentry"],"yoast_head":"<!-- This site is optimized with the Yoast SEO plugin v27.3 - https:\/\/yoast.com\/product\/yoast-seo-wordpress\/ -->\n<title>Communiqu\u00e9s et dossiers de presse | Ch\u00e2teau de Montsoreau-Mus\u00e9e d&#039;Art Contemporain<\/title>\n<meta name=\"description\" content=\"Communiqu\u00e9s et dossiers de presse Ch\u00e2teau de Montsoreau Mus\u00e9e d&#039;art contemporain\" \/>\n<meta name=\"robots\" content=\"index, follow, max-snippet:-1, max-image-preview:large, max-video-preview:-1\" \/>\n<link rel=\"canonical\" href=\"https:\/\/www.chateau-montsoreau.com\/wordpress\/fr\/presse\/documents-presse\/\" \/>\n<meta property=\"og:locale\" content=\"fr_FR\" \/>\n<meta property=\"og:type\" content=\"article\" \/>\n<meta property=\"og:title\" content=\"Communiqu\u00e9s et dossiers de presse | Ch\u00e2teau de Montsoreau-Mus\u00e9e d&#039;Art Contemporain\" \/>\n<meta property=\"og:description\" content=\"Communiqu\u00e9s et dossiers de presse Ch\u00e2teau de Montsoreau Mus\u00e9e d&#039;art contemporain\" \/>\n<meta property=\"og:url\" content=\"https:\/\/www.chateau-montsoreau.com\/wordpress\/fr\/presse\/documents-presse\/\" \/>\n<meta property=\"og:site_name\" content=\"Ch\u00e2teau de Montsoreau-Mus\u00e9e d&#039;Art Contemporain\" \/>\n<meta property=\"article:publisher\" content=\"https:\/\/www.facebook.com\/chateaudemontsoreau\/\" \/>\n<meta property=\"article:modified_time\" content=\"2025-03-25T14:49:15+00:00\" \/>\n<meta name=\"twitter:card\" content=\"summary_large_image\" \/>\n<meta name=\"twitter:site\" content=\"@Cmontsoreau\" \/>\n<meta name=\"twitter:label1\" content=\"Dur\u00e9e de lecture estim\u00e9e\" \/>\n\t<meta name=\"twitter:data1\" content=\"1 minute\" \/>\n<script type=\"application\/ld+json\" class=\"yoast-schema-graph\">{\"@context\":\"https:\\\/\\\/schema.org\",\"@graph\":[{\"@type\":\"WebPage\",\"@id\":\"https:\\\/\\\/www.chateau-montsoreau.com\\\/wordpress\\\/fr\\\/presse\\\/documents-presse\\\/\",\"url\":\"https:\\\/\\\/www.chateau-montsoreau.com\\\/wordpress\\\/fr\\\/presse\\\/documents-presse\\\/\",\"name\":\"Communiqu\u00e9s et dossiers de presse | Ch\u00e2teau de Montsoreau-Mus\u00e9e d&#039;Art Contemporain\",\"isPartOf\":{\"@id\":\"https:\\\/\\\/www.chateau-montsoreau.com\\\/wordpress\\\/#website\"},\"datePublished\":\"2016-03-04T11:15:44+00:00\",\"dateModified\":\"2025-03-25T14:49:15+00:00\",\"description\":\"Communiqu\u00e9s et dossiers de presse Ch\u00e2teau de Montsoreau Mus\u00e9e d'art contemporain\",\"breadcrumb\":{\"@id\":\"https:\\\/\\\/www.chateau-montsoreau.com\\\/wordpress\\\/fr\\\/presse\\\/documents-presse\\\/#breadcrumb\"},\"inLanguage\":\"fr-FR\",\"potentialAction\":[{\"@type\":\"ReadAction\",\"target\":[\"https:\\\/\\\/www.chateau-montsoreau.com\\\/wordpress\\\/fr\\\/presse\\\/documents-presse\\\/\"]}]},{\"@type\":\"BreadcrumbList\",\"@id\":\"https:\\\/\\\/www.chateau-montsoreau.com\\\/wordpress\\\/fr\\\/presse\\\/documents-presse\\\/#breadcrumb\",\"itemListElement\":[{\"@type\":\"ListItem\",\"position\":1,\"name\":\"Accueil\",\"item\":\"https:\\\/\\\/www.chateau-montsoreau.com\\\/wordpress\\\/fr\\\/\"},{\"@type\":\"ListItem\",\"position\":2,\"name\":\"Presse\",\"item\":\"https:\\\/\\\/www.chateau-montsoreau.com\\\/wordpress\\\/fr\\\/presse\\\/\"},{\"@type\":\"ListItem\",\"position\":3,\"name\":\"Communiqu\u00e9s et dossiers de presse\"}]},{\"@type\":\"WebSite\",\"@id\":\"https:\\\/\\\/www.chateau-montsoreau.com\\\/wordpress\\\/#website\",\"url\":\"https:\\\/\\\/www.chateau-montsoreau.com\\\/wordpress\\\/\",\"name\":\"Ch\u00e2teau de Montsoreau-Mus\u00e9e d&#039;Art Contemporain\",\"description\":\"Ch\u00e2teaux de la Loire Art Contemporain Art Conceptuel\",\"publisher\":{\"@id\":\"https:\\\/\\\/www.chateau-montsoreau.com\\\/wordpress\\\/#organization\"},\"potentialAction\":[{\"@type\":\"SearchAction\",\"target\":{\"@type\":\"EntryPoint\",\"urlTemplate\":\"https:\\\/\\\/www.chateau-montsoreau.com\\\/wordpress\\\/?s={search_term_string}\"},\"query-input\":{\"@type\":\"PropertyValueSpecification\",\"valueRequired\":true,\"valueName\":\"search_term_string\"}}],\"inLanguage\":\"fr-FR\"},{\"@type\":\"Organization\",\"@id\":\"https:\\\/\\\/www.chateau-montsoreau.com\\\/wordpress\\\/#organization\",\"name\":\"Ch\u00e2teau de Montsoreau - Mus\u00e9e d'art contemporain\",\"url\":\"https:\\\/\\\/www.chateau-montsoreau.com\\\/wordpress\\\/\",\"logo\":{\"@type\":\"ImageObject\",\"inLanguage\":\"fr-FR\",\"@id\":\"https:\\\/\\\/www.chateau-montsoreau.com\\\/wordpress\\\/#\\\/schema\\\/logo\\\/image\\\/\",\"url\":\"https:\\\/\\\/www.chateau-montsoreau.com\\\/wordpress\\\/wp-content\\\/uploads\\\/2016\\\/03\\\/Logo-Montsoreau-tout-petit-1.png\",\"contentUrl\":\"https:\\\/\\\/www.chateau-montsoreau.com\\\/wordpress\\\/wp-content\\\/uploads\\\/2016\\\/03\\\/Logo-Montsoreau-tout-petit-1.png\",\"width\":133,\"height\":133,\"caption\":\"Ch\u00e2teau de Montsoreau - Mus\u00e9e d'art contemporain\"},\"image\":{\"@id\":\"https:\\\/\\\/www.chateau-montsoreau.com\\\/wordpress\\\/#\\\/schema\\\/logo\\\/image\\\/\"},\"sameAs\":[\"https:\\\/\\\/www.facebook.com\\\/chateaudemontsoreau\\\/\",\"https:\\\/\\\/x.com\\\/Cmontsoreau\",\"https:\\\/\\\/www.instagram.com\\\/chateaudemontsoreau\\\/\",\"http:\\\/\\\/www.pinterest.com\\\/Cmontsoreau\"]}]}<\/script>\n<!-- \/ Yoast SEO plugin. -->","yoast_head_json":{"title":"Communiqu\u00e9s et dossiers de presse | Ch\u00e2teau de Montsoreau-Mus\u00e9e d&#039;Art Contemporain","description":"Communiqu\u00e9s et dossiers de presse Ch\u00e2teau de Montsoreau Mus\u00e9e d'art contemporain","robots":{"index":"index","follow":"follow","max-snippet":"max-snippet:-1","max-image-preview":"max-image-preview:large","max-video-preview":"max-video-preview:-1"},"canonical":"https:\/\/www.chateau-montsoreau.com\/wordpress\/fr\/presse\/documents-presse\/","og_locale":"fr_FR","og_type":"article","og_title":"Communiqu\u00e9s et dossiers de presse | Ch\u00e2teau de Montsoreau-Mus\u00e9e d&#039;Art Contemporain","og_description":"Communiqu\u00e9s et dossiers de presse Ch\u00e2teau de Montsoreau Mus\u00e9e d'art contemporain","og_url":"https:\/\/www.chateau-montsoreau.com\/wordpress\/fr\/presse\/documents-presse\/","og_site_name":"Ch\u00e2teau de Montsoreau-Mus\u00e9e d&#039;Art Contemporain","article_publisher":"https:\/\/www.facebook.com\/chateaudemontsoreau\/","article_modified_time":"2025-03-25T14:49:15+00:00","twitter_card":"summary_large_image","twitter_site":"@Cmontsoreau","twitter_misc":{"Dur\u00e9e de lecture estim\u00e9e":"1 minute"},"schema":{"@context":"https:\/\/schema.org","@graph":[{"@type":"WebPage","@id":"https:\/\/www.chateau-montsoreau.com\/wordpress\/fr\/presse\/documents-presse\/","url":"https:\/\/www.chateau-montsoreau.com\/wordpress\/fr\/presse\/documents-presse\/","name":"Communiqu\u00e9s et dossiers de presse | Ch\u00e2teau de Montsoreau-Mus\u00e9e d&#039;Art Contemporain","isPartOf":{"@id":"https:\/\/www.chateau-montsoreau.com\/wordpress\/#website"},"datePublished":"2016-03-04T11:15:44+00:00","dateModified":"2025-03-25T14:49:15+00:00","description":"Communiqu\u00e9s et dossiers de presse Ch\u00e2teau de Montsoreau Mus\u00e9e d'art contemporain","breadcrumb":{"@id":"https:\/\/www.chateau-montsoreau.com\/wordpress\/fr\/presse\/documents-presse\/#breadcrumb"},"inLanguage":"fr-FR","potentialAction":[{"@type":"ReadAction","target":["https:\/\/www.chateau-montsoreau.com\/wordpress\/fr\/presse\/documents-presse\/"]}]},{"@type":"BreadcrumbList","@id":"https:\/\/www.chateau-montsoreau.com\/wordpress\/fr\/presse\/documents-presse\/#breadcrumb","itemListElement":[{"@type":"ListItem","position":1,"name":"Accueil","item":"https:\/\/www.chateau-montsoreau.com\/wordpress\/fr\/"},{"@type":"ListItem","position":2,"name":"Presse","item":"https:\/\/www.chateau-montsoreau.com\/wordpress\/fr\/presse\/"},{"@type":"ListItem","position":3,"name":"Communiqu\u00e9s et dossiers de presse"}]},{"@type":"WebSite","@id":"https:\/\/www.chateau-montsoreau.com\/wordpress\/#website","url":"https:\/\/www.chateau-montsoreau.com\/wordpress\/","name":"Ch\u00e2teau de Montsoreau-Mus\u00e9e d&#039;Art Contemporain","description":"Ch\u00e2teaux de la Loire Art Contemporain Art Conceptuel","publisher":{"@id":"https:\/\/www.chateau-montsoreau.com\/wordpress\/#organization"},"potentialAction":[{"@type":"SearchAction","target":{"@type":"EntryPoint","urlTemplate":"https:\/\/www.chateau-montsoreau.com\/wordpress\/?s={search_term_string}"},"query-input":{"@type":"PropertyValueSpecification","valueRequired":true,"valueName":"search_term_string"}}],"inLanguage":"fr-FR"},{"@type":"Organization","@id":"https:\/\/www.chateau-montsoreau.com\/wordpress\/#organization","name":"Ch\u00e2teau de Montsoreau - Mus\u00e9e d'art contemporain","url":"https:\/\/www.chateau-montsoreau.com\/wordpress\/","logo":{"@type":"ImageObject","inLanguage":"fr-FR","@id":"https:\/\/www.chateau-montsoreau.com\/wordpress\/#\/schema\/logo\/image\/","url":"https:\/\/www.chateau-montsoreau.com\/wordpress\/wp-content\/uploads\/2016\/03\/Logo-Montsoreau-tout-petit-1.png","contentUrl":"https:\/\/www.chateau-montsoreau.com\/wordpress\/wp-content\/uploads\/2016\/03\/Logo-Montsoreau-tout-petit-1.png","width":133,"height":133,"caption":"Ch\u00e2teau de Montsoreau - Mus\u00e9e d'art contemporain"},"image":{"@id":"https:\/\/www.chateau-montsoreau.com\/wordpress\/#\/schema\/logo\/image\/"},"sameAs":["https:\/\/www.facebook.com\/chateaudemontsoreau\/","https:\/\/x.com\/Cmontsoreau","https:\/\/www.instagram.com\/chateaudemontsoreau\/","http:\/\/www.pinterest.com\/Cmontsoreau"]}]}},"_links":{"self":[{"href":"https:\/\/www.chateau-montsoreau.com\/wordpress\/wp-json\/wp\/v2\/pages\/3263","targetHints":{"allow":["GET"]}}],"collection":[{"href":"https:\/\/www.chateau-montsoreau.com\/wordpress\/wp-json\/wp\/v2\/pages"}],"about":[{"href":"https:\/\/www.chateau-montsoreau.com\/wordpress\/wp-json\/wp\/v2\/types\/page"}],"author":[{"embeddable":true,"href":"https:\/\/www.chateau-montsoreau.com\/wordpress\/wp-json\/wp\/v2\/users\/5"}],"replies":[{"embeddable":true,"href":"https:\/\/www.chateau-montsoreau.com\/wordpress\/wp-json\/wp\/v2\/comments?post=3263"}],"version-history":[{"count":64,"href":"https:\/\/www.chateau-montsoreau.com\/wordpress\/wp-json\/wp\/v2\/pages\/3263\/revisions"}],"predecessor-version":[{"id":8941,"href":"https:\/\/www.chateau-montsoreau.com\/wordpress\/wp-json\/wp\/v2\/pages\/3263\/revisions\/8941"}],"up":[{"embeddable":true,"href":"https:\/\/www.chateau-montsoreau.com\/wordpress\/wp-json\/wp\/v2\/pages\/3259"}],"wp:attachment":[{"href":"https:\/\/www.chateau-montsoreau.com\/wordpress\/wp-json\/wp\/v2\/media?parent=3263"}],"curies":[{"name":"wp","href":"https:\/\/api.w.org\/{rel}","templated":true}]}}