{"id":3289,"date":"2016-03-07T13:32:10","date_gmt":"2016-03-07T12:32:10","guid":{"rendered":"http:\/\/www.chateau-montsoreau.com\/wordpress\/?page_id=3289"},"modified":"2016-04-01T09:32:05","modified_gmt":"2016-04-01T08:32:05","slug":"mentions-legales","status":"publish","type":"page","link":"https:\/\/www.chateau-montsoreau.com\/wordpress\/fr\/mentions-legales\/","title":{"rendered":"Mentions L\u00e9gales"},"content":{"rendered":"<div class=\"container-4\">\n<div id=\"wysiwyg\" class=\"container-inner\">\n<h2>Informations \u00e9diteur<\/h2>\n<p>Ch\u00e2teau de Montsoreau<br \/>\nPassage du Marquis de Geoffre<br \/>\n49730 Montsoreau<br \/>\nSiret 818 111 460 00015<br \/>\nTel : +33 (0)2 41 67 12 60<br \/>\nDirecteur de publication : Philippe M\u00e9aille<\/p>\n<h2>Informations h\u00e9bergeur<\/h2>\n<p><b>H\u00e9bergeur :<\/b> OVH<br \/>\n<b>Soci\u00e9t\u00e9 :<\/b> OVH<br \/>\n<b>Adresse web :<\/b><a href=\"http:\/\/www.ovh.com\"> www.ovh.com<\/a><br \/>\n<b>Adresse Postale :<\/b> 2 rue kellermann<br \/>\nBP 80157<br \/>\n59053 ROUBAIX Cedex 1<br \/>\n<b>T\u00e9l\u00e9phone :<\/b> +33 (0)8 203 203 63<br \/>\n<b>Adresse \u00e9lectronique (E-Mail) :<\/b> support@ovh.com<br \/>\nformulaire de communication \u00e0 suivre sur le site de \u00ab\u00a0OVH\u00a0\u00bb<\/p>\n<h2>R\u00e9daction du site Internet<\/h2>\n<p>Tristan Diguet<br \/>\nService Communication<br \/>\nCh\u00e2teau de Montsoreau<br \/>\n49730 Montsoreau<br \/>\nFrance<br \/>\n<a href=\"mailto:lechateaudemontsoreau@gmail.com\">lechateaudemontsoreau@gmail.com<\/a><\/p>\n<h2>Propri\u00e9t\u00e9 intellectuelle et informations publiques culturelles<\/h2>\n<p>Les contenus scientifiques, culturels et p\u00e9dagogiques (textes, documents sonores, audiovisuels et multim\u00e9dia, sans que cette \u00e9num\u00e9ration soit limitative) ainsi que les reproductions iconographiques et photographiques des \u0153uvres pr\u00e9sent\u00e9es sur ce site\u00a0 sont prot\u00e9g\u00e9es au titre du droit de la propri\u00e9t\u00e9 intellectuelle.<\/p>\n<p>Parmi ces informations publiques culturelles, seules peuvent \u00eatre r\u00e9utilis\u00e9es au sens de la l&rsquo;article 11 de la loi n\u00b0 78-753 du 17 juillet 1978 les photographies et textes aux conditions d\u00e9finies ci-apr\u00e8s :<\/p>\n<p><strong>Photographies<\/strong><br \/>\nLes photographies sont la propri\u00e9t\u00e9 exclusive du Ch\u00e2teau de Montsoreau et sont utilis\u00e9es par le Ch\u00e2teau de Montsoreau avec l\u2019autorisation de leurs auteurs ou\u00a0ayants-droits.\u00a0 Toute r\u00e9utilisation non commerciale, commerciale et\/ou \u00e9ditoriale d\u2019images des collections du Ch\u00e2teau de Montsoreau ou encore de la sc\u00e9nographie des expositions et autres manifestations culturelles organis\u00e9es par le Ch\u00e2teau de Montsoreau, est interdite, sans autorisation. Pour toute demande de r\u00e9utilisation veuillez contacter le <a href=\"mailto:lechateaudemontsoreau@gmail.com\">Service Communication<\/a>.<\/p>\n<p><strong>Ecrits\u00a0<\/strong><br \/>\nLe ch\u00e2teau de Montsoreau est cessionnaire des textes et des notices\u00a0d\u2019\u0153uvres. Toute r\u00e9utilisation de ces \u00e9crits est libre, \u00e0 la condition que ces derniers ne soient pas alt\u00e9r\u00e9s, que leur sens ne soit pas d\u00e9natur\u00e9, et que leurs sources soient mentionn\u00e9es. Toute r\u00e9utilisation commerciale est soumise \u00e0 l&rsquo;accord pr\u00e9alable et expr\u00e8s du ch\u00e2teau de Montsoreau. Pour toute demande entrant dans ce cadre, merci de contacter le <a href=\"mailto:lechateaudemontsoreau@gmail.com\">Service Communication<\/a> du Ch\u00e2teau de Montsoreau.<\/p>\n<h2>Informations publiques administratives<\/h2>\n<p>Les contenus informatifs et de programmation de ce site sont des informations publiques administratives au sens de l&rsquo;article 10 de la loi n\u00b0 78-753 du 17 juillet 1978. Toute r\u00e9utilisation de ces informations est libre, \u00e0 la condition que ces derni\u00e8res ne soient pas alt\u00e9r\u00e9es, que leur sens ne soit pas d\u00e9natur\u00e9, et que leurs sources et la date de leur derni\u00e8re mise \u00e0 jour soient mentionn\u00e9es.<\/p>\n<p>Aucun transfert de propri\u00e9t\u00e9 des informations publiques administratives n&rsquo;est op\u00e9r\u00e9 au profit du r\u00e9utilisateur. Ce dernier b\u00e9n\u00e9ficie d&rsquo;un droit personnel et non exclusif de r\u00e9utilisation de ces informations publiques administratives. Toute personne r\u00e9utilisant des informations publiques en violation des prescriptions susmentionn\u00e9es est passible d&rsquo;une amende prononc\u00e9e par la commission d&rsquo;acc\u00e8s aux documents administratifs.<\/p>\n<h2>Liens hypertextes<\/h2>\n<p>Le site du Ch\u00e2teau de Montsoreau autorise la mise en place d&rsquo;un lien hypertexte pointant vers son contenu d\u00e8s lors qu&rsquo;il ne cr\u00e9e pas de confusion sur la source des services et\/ou contenus produits et\/ou d\u00e9tenus par le Ch\u00e2teau de Montsoreau et sous r\u00e9serve de :<\/p>\n<ul>\n<li>ne pas utiliser la technique du lien profond (\u00ab\u00a0deep linking\u00a0\u00bb), c&rsquo;est-\u00e0-dire que les pages du site <a title=\"www.louvre.fr\" href=\"http:\/\/www.chateau-montsoreau.com\">www.chateau-montsoreau.com<\/a> ne doivent pas \u00eatre imbriqu\u00e9es \u00e0 l&rsquo;int\u00e9rieur des pages d&rsquo;un autre site, mais accessibles par l&rsquo;ouverture d&rsquo;une fen\u00eatre.<\/li>\n<li>mentionner la source qui pointera gr\u00e2ce \u00e0 un lien hypertexte directement sur le contenu vis\u00e9.<\/li>\n<\/ul>\n<p>Les informations utilis\u00e9es ne doivent l&rsquo;\u00eatre qu&rsquo;\u00e0 des fins personnelles, associatives ou professionnelles ; toute utilisation \u00e0 des fins commerciales ou publicitaires est exclue.\u00a0Attention ! Cette autorisation ne s&rsquo;applique pas aux sites internet diffusant des informations \u00e0 caract\u00e8re pol\u00e9mique, pornographique, x\u00e9nophobe ou pouvant, dans une plus large mesure porter atteinte \u00e0 la sensibilit\u00e9 du plus grand nombre ; et aux sites internet portant atteinte aux int\u00e9r\u00eats mat\u00e9riels ou moraux du Ch\u00e2teau de Montsoreau.<br \/>\nPour d&rsquo;autres utilisations, veuillez nous consulter par courrier \u00e0 l\u2019adresse mentionn\u00e9e ci-dessus ou par mail \u00e0 <a href=\"mailto:lechateaudemontsoreau@gmail.com\">lechateaudemontsoreau@gmail.com<\/a><\/p>\n<h2>Responsabilit\u00e9<\/h2>\n<p>Le site <a title=\"www.louvre.fr\" href=\"http:\/\/www.chateau-montsoreau.com\">www.chateau-montsoreau.com<\/a> propose de nombreux liens vers d&rsquo;autres sites, essentiellement des sites officiels (institutions, organismes publics, etc.) mais aussi vers quelques sites d&rsquo;associations ou d&rsquo;entreprises partenaires. Ces pages web dont les adresses sont r\u00e9guli\u00e8rement v\u00e9rifi\u00e9es, ne font pas partie du site public et officiel <a title=\"www.louvre.fr.\u00a0\" href=\"www.chateau-montsoreau.com\">www.chateau-montsoreau.com<\/a>.<\/p>\n<p>Le Ch\u00e2teau de Montsoreau n&rsquo;est pas responsable de la teneur des dits autres sites, et ne sera tenu responsable d&rsquo;aucun dommage ou pr\u00e9judice en d\u00e9coulant. Les liens vers d&rsquo;autres sites sont fournis aux utilisateurs uniquement par pure commodit\u00e9.<\/p>\n<\/div>\n<\/div>\n","protected":false},"excerpt":{"rendered":"<p>Informations \u00e9diteur Ch\u00e2teau de Montsoreau Passage du Marquis de Geoffre 49730 Montsoreau Siret 818 111 460 00015 Tel : +33 (0)2 41 67 12 60 Directeur de publication : Philippe M\u00e9aille Informations h\u00e9bergeur H\u00e9bergeur : OVH Soci\u00e9t\u00e9 : OVH Adresse web : www.ovh.com Adresse Postale : 2 rue kellermann BP 80157 59053 ROUBAIX Cedex 1 [&hellip;]<\/p>\n","protected":false},"author":5,"featured_media":0,"parent":0,"menu_order":0,"comment_status":"closed","ping_status":"closed","template":"","meta":{"footnotes":""},"class_list":["post-3289","page","type-page","status-publish","hentry"],"yoast_head":"<!-- This site is optimized with the Yoast SEO plugin v27.3 - https:\/\/yoast.com\/product\/yoast-seo-wordpress\/ -->\n<title>Mentions L\u00e9gales | Ch\u00e2teau de Montsoreau-Mus\u00e9e d&#039;Art Contemporain<\/title>\n<meta name=\"robots\" content=\"index, follow, max-snippet:-1, max-image-preview:large, max-video-preview:-1\" \/>\n<link rel=\"canonical\" href=\"https:\/\/www.chateau-montsoreau.com\/wordpress\/fr\/mentions-legales\/\" \/>\n<meta property=\"og:locale\" content=\"fr_FR\" \/>\n<meta property=\"og:type\" content=\"article\" \/>\n<meta property=\"og:title\" content=\"Mentions L\u00e9gales | Ch\u00e2teau de Montsoreau-Mus\u00e9e d&#039;Art Contemporain\" \/>\n<meta property=\"og:description\" content=\"Informations \u00e9diteur Ch\u00e2teau de Montsoreau Passage du Marquis de Geoffre 49730 Montsoreau Siret 818 111 460 00015 Tel : +33 (0)2 41 67 12 60 Directeur de publication : Philippe M\u00e9aille Informations h\u00e9bergeur H\u00e9bergeur : OVH Soci\u00e9t\u00e9 : OVH Adresse web : www.ovh.com Adresse Postale : 2 rue kellermann BP 80157 59053 ROUBAIX Cedex 1 [&hellip;]\" \/>\n<meta property=\"og:url\" content=\"https:\/\/www.chateau-montsoreau.com\/wordpress\/fr\/mentions-legales\/\" \/>\n<meta property=\"og:site_name\" content=\"Ch\u00e2teau de Montsoreau-Mus\u00e9e d&#039;Art Contemporain\" \/>\n<meta property=\"article:publisher\" content=\"https:\/\/www.facebook.com\/chateaudemontsoreau\/\" \/>\n<meta property=\"article:modified_time\" content=\"2016-04-01T08:32:05+00:00\" \/>\n<meta name=\"twitter:card\" content=\"summary_large_image\" \/>\n<meta name=\"twitter:site\" content=\"@Cmontsoreau\" \/>\n<meta name=\"twitter:label1\" content=\"Dur\u00e9e de lecture estim\u00e9e\" \/>\n\t<meta name=\"twitter:data1\" content=\"4 minutes\" \/>\n<script type=\"application\/ld+json\" class=\"yoast-schema-graph\">{\"@context\":\"https:\\\/\\\/schema.org\",\"@graph\":[{\"@type\":\"WebPage\",\"@id\":\"https:\\\/\\\/www.chateau-montsoreau.com\\\/wordpress\\\/fr\\\/mentions-legales\\\/\",\"url\":\"https:\\\/\\\/www.chateau-montsoreau.com\\\/wordpress\\\/fr\\\/mentions-legales\\\/\",\"name\":\"Mentions L\u00e9gales | Ch\u00e2teau de Montsoreau-Mus\u00e9e d&#039;Art Contemporain\",\"isPartOf\":{\"@id\":\"https:\\\/\\\/www.chateau-montsoreau.com\\\/wordpress\\\/#website\"},\"datePublished\":\"2016-03-07T12:32:10+00:00\",\"dateModified\":\"2016-04-01T08:32:05+00:00\",\"breadcrumb\":{\"@id\":\"https:\\\/\\\/www.chateau-montsoreau.com\\\/wordpress\\\/fr\\\/mentions-legales\\\/#breadcrumb\"},\"inLanguage\":\"fr-FR\",\"potentialAction\":[{\"@type\":\"ReadAction\",\"target\":[\"https:\\\/\\\/www.chateau-montsoreau.com\\\/wordpress\\\/fr\\\/mentions-legales\\\/\"]}]},{\"@type\":\"BreadcrumbList\",\"@id\":\"https:\\\/\\\/www.chateau-montsoreau.com\\\/wordpress\\\/fr\\\/mentions-legales\\\/#breadcrumb\",\"itemListElement\":[{\"@type\":\"ListItem\",\"position\":1,\"name\":\"Accueil\",\"item\":\"https:\\\/\\\/www.chateau-montsoreau.com\\\/wordpress\\\/fr\\\/\"},{\"@type\":\"ListItem\",\"position\":2,\"name\":\"Mentions L\u00e9gales\"}]},{\"@type\":\"WebSite\",\"@id\":\"https:\\\/\\\/www.chateau-montsoreau.com\\\/wordpress\\\/#website\",\"url\":\"https:\\\/\\\/www.chateau-montsoreau.com\\\/wordpress\\\/\",\"name\":\"Ch\u00e2teau de Montsoreau-Mus\u00e9e d&#039;Art Contemporain\",\"description\":\"Ch\u00e2teaux de la Loire Art Contemporain Art Conceptuel\",\"publisher\":{\"@id\":\"https:\\\/\\\/www.chateau-montsoreau.com\\\/wordpress\\\/#organization\"},\"potentialAction\":[{\"@type\":\"SearchAction\",\"target\":{\"@type\":\"EntryPoint\",\"urlTemplate\":\"https:\\\/\\\/www.chateau-montsoreau.com\\\/wordpress\\\/?s={search_term_string}\"},\"query-input\":{\"@type\":\"PropertyValueSpecification\",\"valueRequired\":true,\"valueName\":\"search_term_string\"}}],\"inLanguage\":\"fr-FR\"},{\"@type\":\"Organization\",\"@id\":\"https:\\\/\\\/www.chateau-montsoreau.com\\\/wordpress\\\/#organization\",\"name\":\"Ch\u00e2teau de Montsoreau - Mus\u00e9e d'art contemporain\",\"url\":\"https:\\\/\\\/www.chateau-montsoreau.com\\\/wordpress\\\/\",\"logo\":{\"@type\":\"ImageObject\",\"inLanguage\":\"fr-FR\",\"@id\":\"https:\\\/\\\/www.chateau-montsoreau.com\\\/wordpress\\\/#\\\/schema\\\/logo\\\/image\\\/\",\"url\":\"https:\\\/\\\/www.chateau-montsoreau.com\\\/wordpress\\\/wp-content\\\/uploads\\\/2016\\\/03\\\/Logo-Montsoreau-tout-petit-1.png\",\"contentUrl\":\"https:\\\/\\\/www.chateau-montsoreau.com\\\/wordpress\\\/wp-content\\\/uploads\\\/2016\\\/03\\\/Logo-Montsoreau-tout-petit-1.png\",\"width\":133,\"height\":133,\"caption\":\"Ch\u00e2teau de Montsoreau - Mus\u00e9e d'art contemporain\"},\"image\":{\"@id\":\"https:\\\/\\\/www.chateau-montsoreau.com\\\/wordpress\\\/#\\\/schema\\\/logo\\\/image\\\/\"},\"sameAs\":[\"https:\\\/\\\/www.facebook.com\\\/chateaudemontsoreau\\\/\",\"https:\\\/\\\/x.com\\\/Cmontsoreau\",\"https:\\\/\\\/www.instagram.com\\\/chateaudemontsoreau\\\/\",\"http:\\\/\\\/www.pinterest.com\\\/Cmontsoreau\"]}]}<\/script>\n<!-- \/ Yoast SEO plugin. -->","yoast_head_json":{"title":"Mentions L\u00e9gales | Ch\u00e2teau de Montsoreau-Mus\u00e9e d&#039;Art Contemporain","robots":{"index":"index","follow":"follow","max-snippet":"max-snippet:-1","max-image-preview":"max-image-preview:large","max-video-preview":"max-video-preview:-1"},"canonical":"https:\/\/www.chateau-montsoreau.com\/wordpress\/fr\/mentions-legales\/","og_locale":"fr_FR","og_type":"article","og_title":"Mentions L\u00e9gales | Ch\u00e2teau de Montsoreau-Mus\u00e9e d&#039;Art Contemporain","og_description":"Informations \u00e9diteur Ch\u00e2teau de Montsoreau Passage du Marquis de Geoffre 49730 Montsoreau Siret 818 111 460 00015 Tel : +33 (0)2 41 67 12 60 Directeur de publication : Philippe M\u00e9aille Informations h\u00e9bergeur H\u00e9bergeur : OVH Soci\u00e9t\u00e9 : OVH Adresse web : www.ovh.com Adresse Postale : 2 rue kellermann BP 80157 59053 ROUBAIX Cedex 1 [&hellip;]","og_url":"https:\/\/www.chateau-montsoreau.com\/wordpress\/fr\/mentions-legales\/","og_site_name":"Ch\u00e2teau de Montsoreau-Mus\u00e9e d&#039;Art Contemporain","article_publisher":"https:\/\/www.facebook.com\/chateaudemontsoreau\/","article_modified_time":"2016-04-01T08:32:05+00:00","twitter_card":"summary_large_image","twitter_site":"@Cmontsoreau","twitter_misc":{"Dur\u00e9e de lecture estim\u00e9e":"4 minutes"},"schema":{"@context":"https:\/\/schema.org","@graph":[{"@type":"WebPage","@id":"https:\/\/www.chateau-montsoreau.com\/wordpress\/fr\/mentions-legales\/","url":"https:\/\/www.chateau-montsoreau.com\/wordpress\/fr\/mentions-legales\/","name":"Mentions L\u00e9gales | Ch\u00e2teau de Montsoreau-Mus\u00e9e d&#039;Art Contemporain","isPartOf":{"@id":"https:\/\/www.chateau-montsoreau.com\/wordpress\/#website"},"datePublished":"2016-03-07T12:32:10+00:00","dateModified":"2016-04-01T08:32:05+00:00","breadcrumb":{"@id":"https:\/\/www.chateau-montsoreau.com\/wordpress\/fr\/mentions-legales\/#breadcrumb"},"inLanguage":"fr-FR","potentialAction":[{"@type":"ReadAction","target":["https:\/\/www.chateau-montsoreau.com\/wordpress\/fr\/mentions-legales\/"]}]},{"@type":"BreadcrumbList","@id":"https:\/\/www.chateau-montsoreau.com\/wordpress\/fr\/mentions-legales\/#breadcrumb","itemListElement":[{"@type":"ListItem","position":1,"name":"Accueil","item":"https:\/\/www.chateau-montsoreau.com\/wordpress\/fr\/"},{"@type":"ListItem","position":2,"name":"Mentions L\u00e9gales"}]},{"@type":"WebSite","@id":"https:\/\/www.chateau-montsoreau.com\/wordpress\/#website","url":"https:\/\/www.chateau-montsoreau.com\/wordpress\/","name":"Ch\u00e2teau de Montsoreau-Mus\u00e9e d&#039;Art Contemporain","description":"Ch\u00e2teaux de la Loire Art Contemporain Art Conceptuel","publisher":{"@id":"https:\/\/www.chateau-montsoreau.com\/wordpress\/#organization"},"potentialAction":[{"@type":"SearchAction","target":{"@type":"EntryPoint","urlTemplate":"https:\/\/www.chateau-montsoreau.com\/wordpress\/?s={search_term_string}"},"query-input":{"@type":"PropertyValueSpecification","valueRequired":true,"valueName":"search_term_string"}}],"inLanguage":"fr-FR"},{"@type":"Organization","@id":"https:\/\/www.chateau-montsoreau.com\/wordpress\/#organization","name":"Ch\u00e2teau de Montsoreau - Mus\u00e9e d'art contemporain","url":"https:\/\/www.chateau-montsoreau.com\/wordpress\/","logo":{"@type":"ImageObject","inLanguage":"fr-FR","@id":"https:\/\/www.chateau-montsoreau.com\/wordpress\/#\/schema\/logo\/image\/","url":"https:\/\/www.chateau-montsoreau.com\/wordpress\/wp-content\/uploads\/2016\/03\/Logo-Montsoreau-tout-petit-1.png","contentUrl":"https:\/\/www.chateau-montsoreau.com\/wordpress\/wp-content\/uploads\/2016\/03\/Logo-Montsoreau-tout-petit-1.png","width":133,"height":133,"caption":"Ch\u00e2teau de Montsoreau - Mus\u00e9e d'art contemporain"},"image":{"@id":"https:\/\/www.chateau-montsoreau.com\/wordpress\/#\/schema\/logo\/image\/"},"sameAs":["https:\/\/www.facebook.com\/chateaudemontsoreau\/","https:\/\/x.com\/Cmontsoreau","https:\/\/www.instagram.com\/chateaudemontsoreau\/","http:\/\/www.pinterest.com\/Cmontsoreau"]}]}},"_links":{"self":[{"href":"https:\/\/www.chateau-montsoreau.com\/wordpress\/wp-json\/wp\/v2\/pages\/3289","targetHints":{"allow":["GET"]}}],"collection":[{"href":"https:\/\/www.chateau-montsoreau.com\/wordpress\/wp-json\/wp\/v2\/pages"}],"about":[{"href":"https:\/\/www.chateau-montsoreau.com\/wordpress\/wp-json\/wp\/v2\/types\/page"}],"author":[{"embeddable":true,"href":"https:\/\/www.chateau-montsoreau.com\/wordpress\/wp-json\/wp\/v2\/users\/5"}],"replies":[{"embeddable":true,"href":"https:\/\/www.chateau-montsoreau.com\/wordpress\/wp-json\/wp\/v2\/comments?post=3289"}],"version-history":[{"count":7,"href":"https:\/\/www.chateau-montsoreau.com\/wordpress\/wp-json\/wp\/v2\/pages\/3289\/revisions"}],"predecessor-version":[{"id":9006,"href":"https:\/\/www.chateau-montsoreau.com\/wordpress\/wp-json\/wp\/v2\/pages\/3289\/revisions\/9006"}],"wp:attachment":[{"href":"https:\/\/www.chateau-montsoreau.com\/wordpress\/wp-json\/wp\/v2\/media?parent=3289"}],"curies":[{"name":"wp","href":"https:\/\/api.w.org\/{rel}","templated":true}]}}