{"id":4252,"date":"2016-03-15T11:04:21","date_gmt":"2016-03-15T10:04:21","guid":{"rendered":"http:\/\/www.chateau-montsoreau.com\/wordpress\/?page_id=4252"},"modified":"2019-09-11T13:57:34","modified_gmt":"2019-09-11T12:57:34","slug":"legal-information","status":"publish","type":"page","link":"https:\/\/www.chateau-montsoreau.com\/wordpress\/en\/legal-information\/","title":{"rendered":"Legal information"},"content":{"rendered":"<h2>Publisher information<\/h2>\n<p>Ch\u00e2teau of Montsoreau<br \/>\nPassage of the Marquis de Geoffre<br \/>\n49730 Montsoreau<br \/>\nSiret 818 111 111 460 00015<br \/>\nTel: +33 (0)2 41 67 12 60<br \/>\nDirector of publication: Philippe M\u00e9aille<\/p>\n<h2>Hosting information<\/h2>\n<p>Host: OVH<br \/>\nCompany: OVH<br \/>\nWeb address: www.ovh.com<br \/>\nPostal address: 2 rue kellermann<br \/>\nBP 80157<br \/>\n59053 ROUBAIX Cedex 1<br \/>\nTelephone: +33 (0)8 203 203\u00a0 63<br \/>\nE-mail address (E-Mail): support@ovh.com<br \/>\ncommunication form to be followed on the \u00ab\u00a0OVH\u00a0\u00bb website<\/p>\n<h2>Writing of the website<\/h2>\n<p>Tristan Diguet<br \/>\nCommunication Department<br \/>\nMontsoreau Castle<br \/>\n49730 Montsoreau<br \/>\nFrance<br \/>\nlechateaudemontsoreau@gmail.com<\/p>\n<p><strong>Intellectual property and cultural public information<\/strong><br \/>\nThe scientific, cultural and educational content (texts, sound, audiovisual and multimedia documents, without this list being exhaustive) as well as the iconographic and photographic reproductions of the works presented on this site are protected under intellectual property law.<\/p>\n<p>Among this public cultural information, only photographs and texts under the conditions defined below may be reused within the meaning of Article 11 of Law No. 78-753 of 17 July 1978:<\/p>\n<p><strong>Photographs<\/strong><br \/>\nThe photographs are the exclusive property of Ch\u00e2teau de Montsoreau and are used by Ch\u00e2teau de Montsoreau with the authorization of their authors or assigns.\u00a0 Any non-commercial, commercial and\/or editorial reuse of images from the Ch\u00e2teau de Montsoreau&rsquo;s collections or from the scenography of exhibitions and other cultural events organised by Ch\u00e2teau de Montsoreau is prohibited without authorisation. For any request for reuse please contact the Communication Department.<\/p>\n<p><strong>Writings\u00a0<\/strong><br \/>\nCh\u00e2teau de Montsoreau is the transferee of the texts and work instructions. Any reuse of these writings is free, provided that they are not altered, that their meaning is not distorted, and that their sources are mentioned. Any commercial reuse is subject to the prior and express agreement of Ch\u00e2teau de Montsoreau. For any request within this framework, please contact the Communication Department of Ch\u00e2teau de Montsoreau.<\/p>\n<h2>Public administrative information<\/h2>\n<p>The information and programming content of this site is public administrative information within the meaning of Article 10 of Law No. 78-753 of 17 July 1978. Any re-use of this information is free, provided that it is not altered, that its meaning is not distorted, and that its sources and the date of its last update are mentioned.<\/p>\n<p>No transfer of ownership of public administrative information shall be made to the reuser. The latter has a personal and non-exclusive right to reuse this public administrative information. Any person reusing public information in violation of the above-mentioned requirements is liable to a fine imposed by the Commission d&rsquo;acc\u00e8s aux documents administratifs.<\/p>\n<h2>Hypertext links<\/h2>\n<p>The Ch\u00e2teau de Montsoreau website authorises the setting up of a hypertext link pointing to its content as long as it does not create confusion as to the source of the services and\/or content produced and\/or held by Ch\u00e2teau de Montsoreau and subject to:<\/p>\n<p>do not use the deep linking technique, i.e. the pages of the www.chateau-montsoreau.com site must not be embedded within the pages of another site, but accessible by opening a window.<br \/>\nmention the source that will point through a hypertext link directly to the targeted content.<br \/>\nThe information must only be used for personal, associative or professional purposes; any use for commercial or advertising purposes is excluded.\u00a0Attention! This authorization does not apply to websites disseminating information of a controversial, pornographic, xenophobic nature or which may, to a greater extent, offend the sensitivity of the greatest number of people; and to websites that offend the material or moral interests of Ch\u00e2teau de Montsoreau.<br \/>\nFor other uses, please contact us by post at the above address or by email at lechateaudemontsoreau@gmail.com<\/p>\n<h2>Responsibility<\/h2>\n<p>The site www.chateau-montsoreau.com offers many links to other sites, mainly official sites (institutions, public bodies, etc.) but also to some sites of associations or partner companies. These web pages, whose addresses are regularly checked, are not part of the public and official website www.chateau-montsoreau.com.<\/p>\n<p>Ch\u00e2teau de Montsoreau is not responsible for the content of these other sites, and will not be held responsible for any damage or prejudice resulting from them. Links to other sites are provided to users for convenience onl<\/p>\n","protected":false},"excerpt":{"rendered":"<p>Publisher information Ch\u00e2teau of Montsoreau Passage of the Marquis de Geoffre 49730 Montsoreau Siret 818 111 111 460 00015 Tel: +33 (0)2 41 67 12 60 Director of publication: Philippe M\u00e9aille Hosting information Host: OVH Company: OVH Web address: www.ovh.com Postal address: 2 rue kellermann BP 80157 59053 ROUBAIX Cedex 1 Telephone: +33 (0)8 203 [&hellip;]<\/p>\n","protected":false},"author":5,"featured_media":0,"parent":0,"menu_order":0,"comment_status":"closed","ping_status":"closed","template":"","meta":{"footnotes":""},"class_list":["post-4252","page","type-page","status-publish","hentry"],"yoast_head":"<!-- This site is optimized with the Yoast SEO plugin v27.3 - https:\/\/yoast.com\/product\/yoast-seo-wordpress\/ -->\n<title>Legal information | Ch\u00e2teau de Montsoreau-Mus\u00e9e d&#039;Art Contemporain<\/title>\n<meta name=\"robots\" content=\"index, follow, max-snippet:-1, max-image-preview:large, max-video-preview:-1\" \/>\n<link rel=\"canonical\" href=\"https:\/\/www.chateau-montsoreau.com\/wordpress\/en\/legal-information\/\" \/>\n<meta property=\"og:locale\" content=\"fr_FR\" \/>\n<meta property=\"og:type\" content=\"article\" \/>\n<meta property=\"og:title\" content=\"Legal information | Ch\u00e2teau de Montsoreau-Mus\u00e9e d&#039;Art Contemporain\" \/>\n<meta property=\"og:description\" content=\"Publisher information Ch\u00e2teau of Montsoreau Passage of the Marquis de Geoffre 49730 Montsoreau Siret 818 111 111 460 00015 Tel: +33 (0)2 41 67 12 60 Director of publication: Philippe M\u00e9aille Hosting information Host: OVH Company: OVH Web address: www.ovh.com Postal address: 2 rue kellermann BP 80157 59053 ROUBAIX Cedex 1 Telephone: +33 (0)8 203 [&hellip;]\" \/>\n<meta property=\"og:url\" content=\"https:\/\/www.chateau-montsoreau.com\/wordpress\/en\/legal-information\/\" \/>\n<meta property=\"og:site_name\" content=\"Ch\u00e2teau de Montsoreau-Mus\u00e9e d&#039;Art Contemporain\" \/>\n<meta property=\"article:publisher\" content=\"https:\/\/www.facebook.com\/chateaudemontsoreau\/\" \/>\n<meta property=\"article:modified_time\" content=\"2019-09-11T12:57:34+00:00\" \/>\n<meta name=\"twitter:card\" content=\"summary_large_image\" \/>\n<meta name=\"twitter:site\" content=\"@Cmontsoreau\" \/>\n<meta name=\"twitter:label1\" content=\"Dur\u00e9e de lecture estim\u00e9e\" \/>\n\t<meta name=\"twitter:data1\" content=\"3 minutes\" \/>\n<script type=\"application\/ld+json\" class=\"yoast-schema-graph\">{\"@context\":\"https:\\\/\\\/schema.org\",\"@graph\":[{\"@type\":\"WebPage\",\"@id\":\"https:\\\/\\\/www.chateau-montsoreau.com\\\/wordpress\\\/en\\\/legal-information\\\/\",\"url\":\"https:\\\/\\\/www.chateau-montsoreau.com\\\/wordpress\\\/en\\\/legal-information\\\/\",\"name\":\"Legal information | Ch\u00e2teau de Montsoreau-Mus\u00e9e d&#039;Art Contemporain\",\"isPartOf\":{\"@id\":\"https:\\\/\\\/www.chateau-montsoreau.com\\\/wordpress\\\/#website\"},\"datePublished\":\"2016-03-15T10:04:21+00:00\",\"dateModified\":\"2019-09-11T12:57:34+00:00\",\"breadcrumb\":{\"@id\":\"https:\\\/\\\/www.chateau-montsoreau.com\\\/wordpress\\\/en\\\/legal-information\\\/#breadcrumb\"},\"inLanguage\":\"fr-FR\",\"potentialAction\":[{\"@type\":\"ReadAction\",\"target\":[\"https:\\\/\\\/www.chateau-montsoreau.com\\\/wordpress\\\/en\\\/legal-information\\\/\"]}]},{\"@type\":\"BreadcrumbList\",\"@id\":\"https:\\\/\\\/www.chateau-montsoreau.com\\\/wordpress\\\/en\\\/legal-information\\\/#breadcrumb\",\"itemListElement\":[{\"@type\":\"ListItem\",\"position\":1,\"name\":\"Accueil\",\"item\":\"https:\\\/\\\/www.chateau-montsoreau.com\\\/wordpress\\\/fr\\\/\"},{\"@type\":\"ListItem\",\"position\":2,\"name\":\"Legal information\"}]},{\"@type\":\"WebSite\",\"@id\":\"https:\\\/\\\/www.chateau-montsoreau.com\\\/wordpress\\\/#website\",\"url\":\"https:\\\/\\\/www.chateau-montsoreau.com\\\/wordpress\\\/\",\"name\":\"Ch\u00e2teau de Montsoreau-Mus\u00e9e d&#039;Art Contemporain\",\"description\":\"Ch\u00e2teaux de la Loire Art Contemporain Art Conceptuel\",\"publisher\":{\"@id\":\"https:\\\/\\\/www.chateau-montsoreau.com\\\/wordpress\\\/#organization\"},\"potentialAction\":[{\"@type\":\"SearchAction\",\"target\":{\"@type\":\"EntryPoint\",\"urlTemplate\":\"https:\\\/\\\/www.chateau-montsoreau.com\\\/wordpress\\\/?s={search_term_string}\"},\"query-input\":{\"@type\":\"PropertyValueSpecification\",\"valueRequired\":true,\"valueName\":\"search_term_string\"}}],\"inLanguage\":\"fr-FR\"},{\"@type\":\"Organization\",\"@id\":\"https:\\\/\\\/www.chateau-montsoreau.com\\\/wordpress\\\/#organization\",\"name\":\"Ch\u00e2teau de Montsoreau - Mus\u00e9e d'art contemporain\",\"url\":\"https:\\\/\\\/www.chateau-montsoreau.com\\\/wordpress\\\/\",\"logo\":{\"@type\":\"ImageObject\",\"inLanguage\":\"fr-FR\",\"@id\":\"https:\\\/\\\/www.chateau-montsoreau.com\\\/wordpress\\\/#\\\/schema\\\/logo\\\/image\\\/\",\"url\":\"https:\\\/\\\/www.chateau-montsoreau.com\\\/wordpress\\\/wp-content\\\/uploads\\\/2016\\\/03\\\/Logo-Montsoreau-tout-petit-1.png\",\"contentUrl\":\"https:\\\/\\\/www.chateau-montsoreau.com\\\/wordpress\\\/wp-content\\\/uploads\\\/2016\\\/03\\\/Logo-Montsoreau-tout-petit-1.png\",\"width\":133,\"height\":133,\"caption\":\"Ch\u00e2teau de Montsoreau - Mus\u00e9e d'art contemporain\"},\"image\":{\"@id\":\"https:\\\/\\\/www.chateau-montsoreau.com\\\/wordpress\\\/#\\\/schema\\\/logo\\\/image\\\/\"},\"sameAs\":[\"https:\\\/\\\/www.facebook.com\\\/chateaudemontsoreau\\\/\",\"https:\\\/\\\/x.com\\\/Cmontsoreau\",\"https:\\\/\\\/www.instagram.com\\\/chateaudemontsoreau\\\/\",\"http:\\\/\\\/www.pinterest.com\\\/Cmontsoreau\"]}]}<\/script>\n<!-- \/ Yoast SEO plugin. -->","yoast_head_json":{"title":"Legal information | Ch\u00e2teau de Montsoreau-Mus\u00e9e d&#039;Art Contemporain","robots":{"index":"index","follow":"follow","max-snippet":"max-snippet:-1","max-image-preview":"max-image-preview:large","max-video-preview":"max-video-preview:-1"},"canonical":"https:\/\/www.chateau-montsoreau.com\/wordpress\/en\/legal-information\/","og_locale":"fr_FR","og_type":"article","og_title":"Legal information | Ch\u00e2teau de Montsoreau-Mus\u00e9e d&#039;Art Contemporain","og_description":"Publisher information Ch\u00e2teau of Montsoreau Passage of the Marquis de Geoffre 49730 Montsoreau Siret 818 111 111 460 00015 Tel: +33 (0)2 41 67 12 60 Director of publication: Philippe M\u00e9aille Hosting information Host: OVH Company: OVH Web address: www.ovh.com Postal address: 2 rue kellermann BP 80157 59053 ROUBAIX Cedex 1 Telephone: +33 (0)8 203 [&hellip;]","og_url":"https:\/\/www.chateau-montsoreau.com\/wordpress\/en\/legal-information\/","og_site_name":"Ch\u00e2teau de Montsoreau-Mus\u00e9e d&#039;Art Contemporain","article_publisher":"https:\/\/www.facebook.com\/chateaudemontsoreau\/","article_modified_time":"2019-09-11T12:57:34+00:00","twitter_card":"summary_large_image","twitter_site":"@Cmontsoreau","twitter_misc":{"Dur\u00e9e de lecture estim\u00e9e":"3 minutes"},"schema":{"@context":"https:\/\/schema.org","@graph":[{"@type":"WebPage","@id":"https:\/\/www.chateau-montsoreau.com\/wordpress\/en\/legal-information\/","url":"https:\/\/www.chateau-montsoreau.com\/wordpress\/en\/legal-information\/","name":"Legal information | Ch\u00e2teau de Montsoreau-Mus\u00e9e d&#039;Art Contemporain","isPartOf":{"@id":"https:\/\/www.chateau-montsoreau.com\/wordpress\/#website"},"datePublished":"2016-03-15T10:04:21+00:00","dateModified":"2019-09-11T12:57:34+00:00","breadcrumb":{"@id":"https:\/\/www.chateau-montsoreau.com\/wordpress\/en\/legal-information\/#breadcrumb"},"inLanguage":"fr-FR","potentialAction":[{"@type":"ReadAction","target":["https:\/\/www.chateau-montsoreau.com\/wordpress\/en\/legal-information\/"]}]},{"@type":"BreadcrumbList","@id":"https:\/\/www.chateau-montsoreau.com\/wordpress\/en\/legal-information\/#breadcrumb","itemListElement":[{"@type":"ListItem","position":1,"name":"Accueil","item":"https:\/\/www.chateau-montsoreau.com\/wordpress\/fr\/"},{"@type":"ListItem","position":2,"name":"Legal information"}]},{"@type":"WebSite","@id":"https:\/\/www.chateau-montsoreau.com\/wordpress\/#website","url":"https:\/\/www.chateau-montsoreau.com\/wordpress\/","name":"Ch\u00e2teau de Montsoreau-Mus\u00e9e d&#039;Art Contemporain","description":"Ch\u00e2teaux de la Loire Art Contemporain Art Conceptuel","publisher":{"@id":"https:\/\/www.chateau-montsoreau.com\/wordpress\/#organization"},"potentialAction":[{"@type":"SearchAction","target":{"@type":"EntryPoint","urlTemplate":"https:\/\/www.chateau-montsoreau.com\/wordpress\/?s={search_term_string}"},"query-input":{"@type":"PropertyValueSpecification","valueRequired":true,"valueName":"search_term_string"}}],"inLanguage":"fr-FR"},{"@type":"Organization","@id":"https:\/\/www.chateau-montsoreau.com\/wordpress\/#organization","name":"Ch\u00e2teau de Montsoreau - Mus\u00e9e d'art contemporain","url":"https:\/\/www.chateau-montsoreau.com\/wordpress\/","logo":{"@type":"ImageObject","inLanguage":"fr-FR","@id":"https:\/\/www.chateau-montsoreau.com\/wordpress\/#\/schema\/logo\/image\/","url":"https:\/\/www.chateau-montsoreau.com\/wordpress\/wp-content\/uploads\/2016\/03\/Logo-Montsoreau-tout-petit-1.png","contentUrl":"https:\/\/www.chateau-montsoreau.com\/wordpress\/wp-content\/uploads\/2016\/03\/Logo-Montsoreau-tout-petit-1.png","width":133,"height":133,"caption":"Ch\u00e2teau de Montsoreau - Mus\u00e9e d'art contemporain"},"image":{"@id":"https:\/\/www.chateau-montsoreau.com\/wordpress\/#\/schema\/logo\/image\/"},"sameAs":["https:\/\/www.facebook.com\/chateaudemontsoreau\/","https:\/\/x.com\/Cmontsoreau","https:\/\/www.instagram.com\/chateaudemontsoreau\/","http:\/\/www.pinterest.com\/Cmontsoreau"]}]}},"_links":{"self":[{"href":"https:\/\/www.chateau-montsoreau.com\/wordpress\/wp-json\/wp\/v2\/pages\/4252","targetHints":{"allow":["GET"]}}],"collection":[{"href":"https:\/\/www.chateau-montsoreau.com\/wordpress\/wp-json\/wp\/v2\/pages"}],"about":[{"href":"https:\/\/www.chateau-montsoreau.com\/wordpress\/wp-json\/wp\/v2\/types\/page"}],"author":[{"embeddable":true,"href":"https:\/\/www.chateau-montsoreau.com\/wordpress\/wp-json\/wp\/v2\/users\/5"}],"replies":[{"embeddable":true,"href":"https:\/\/www.chateau-montsoreau.com\/wordpress\/wp-json\/wp\/v2\/comments?post=4252"}],"version-history":[{"count":3,"href":"https:\/\/www.chateau-montsoreau.com\/wordpress\/wp-json\/wp\/v2\/pages\/4252\/revisions"}],"predecessor-version":[{"id":6898,"href":"https:\/\/www.chateau-montsoreau.com\/wordpress\/wp-json\/wp\/v2\/pages\/4252\/revisions\/6898"}],"wp:attachment":[{"href":"https:\/\/www.chateau-montsoreau.com\/wordpress\/wp-json\/wp\/v2\/media?parent=4252"}],"curies":[{"name":"wp","href":"https:\/\/api.w.org\/{rel}","templated":true}]}}