{"id":4273,"date":"2016-03-15T13:41:02","date_gmt":"2016-03-15T12:41:02","guid":{"rendered":"http:\/\/www.chateau-montsoreau.com\/wordpress\/?page_id=4273"},"modified":"2019-11-22T15:02:47","modified_gmt":"2019-11-22T14:02:47","slug":"the-restaurant","status":"publish","type":"page","link":"https:\/\/www.chateau-montsoreau.com\/wordpress\/en\/the-restaurant\/","title":{"rendered":"Restaurant"},"content":{"rendered":"<h6 class=\"ut-title-divider \" style=\"margin-top:5px;\"><span><\/p>\n<h1>JEAN 2<\/h1>\n<p><\/span><\/h6>\n<div  class=\"ut-one-half  \">\n<p style=\"text-align: left;\"><em>Located in the former kitchens of the chateau, the Jean 2 restaurant offers dishes made with local, organic and artisanal products, accompanied by natural wines. It has a panoramic terrace with a view of the Loire.<\/em><br \/>\n<em>Named Jean 2 in homage to John II of Chambes &#8211; close advisor to Charles VII &#8211; who had the chateau built in the 15th century &#8211; the dining cellar is divided into two atmospheres: a vaulted, cosy, intimate and relaxed room with a library corner to devour a comic book or an art book, a novel or a collection of poetry, in complete serenity and a terrace, for summer days, with its roof top overlooking the confluence of the Vienne and the Loire.<\/em><\/p>\n<p style=\"text-align: left;\">As for the cuisine, Jean 2 offers a variety of slates made with local products: organic or artisanal pork and cheese, organic burgers and soups, accompanied by a glass of natural wine.<\/p>\n<p style=\"text-align: left;\"><\/div>\n<p style=\"text-align: left;\"><div  class=\"ut-one-half ut-column-last  \">\n<div id=\"attachment_5825\" style=\"width: 1510px\" class=\"wp-caption aligncenter\"><img loading=\"lazy\" decoding=\"async\" aria-describedby=\"caption-attachment-5825\" class=\"wp-image-5825 size-full\" src=\"http:\/\/www.chateau-montsoreau.com\/wordpress\/wp-content\/uploads\/2017\/10\/vin-naturel.jpg\" alt=\"Chaffardon Jean 2 Terrasse\" width=\"1500\" height=\"843\" \/><p id=\"caption-attachment-5825\" class=\"wp-caption-text\">Didier Chaffardon, The Rouz\u00e9, 2012. Terrasse of Jean 2<\/p><\/div>\n<h4 style=\"text-align: justify;\"><\/div><div class=\"clear\"><\/div><\/h4>\n<div  class=\"ut-one-half  \">\n<strong>On the decoration side, the music inspires the place<\/strong><br \/>\nOn the walls, collector vinyl covers remind us that the Art &amp; Language movement &#8211; whose avant-garde works are presented in the chateau &#8211; has collaborated on several albums by the psychedelic rock group Red Crayola.<\/p>\n<p><span style=\"margin: 0px; line-height: 107%; font-family: 'Work Sans'; font-size: 11pt;\"><span style=\"color: #000000;\">\u00a0<\/span><\/span><\/p>\n<h2 style=\"text-align: justify;\"><strong>Our selection of natural wines<\/strong><\/h2>\n<p style=\"text-align: justify;\"><em>Domaine le Clos M\u00e9laric, Bille de Roche, 2014<br \/>\nDomaine de l\u2019Ecu, Granite, 2014<br \/>\nDomaine de l\u2019Ecu, Orthogneiss, 2014<br \/>\nDomaine L\u00e9onis, Buissonnante, 2015<br \/>\nDomaine de la Chevalerie, Diptyque, 2014<br \/>\nDomaine Bordes, les Marys, 2013<br \/>\nDomaine Gramenon, Poign\u00e9e de Raisins, 2015<br \/>\nDomaine le Sot de l\u2019Ange, Sottise, 2015<br \/>\nDomaine de la Paleine<br \/>\nDomaine la Tour Grise, Ze Bulle Z\u00e9ro Point\u00e9<br \/>\nDidier Chaffardon, Clopin Clopant<br \/>\nDomaine le Sot de l\u2019Ange, Red is Dead<br \/>\n<\/em><\/p>\n<p>&nbsp;<\/p>\n<h2><strong>To eat<\/strong><\/h2>\n<p><strong>Slate of organic cheeses and\/or delicatessen<\/strong> (rillettes from Thiol, ham, sausage, rillauds from Branchereau, Andouille from Bernardeau, goat cheese from the Haut Cru\u00e9 cheese dairy): 15\u20ac<br \/>\n<strong>Burgers<\/strong><br \/>\nThe classic: 14,50\u20ac<br \/>\nThe vegetarian, homemade french fries: 14,50\u20ac<br \/>\n<strong>Steack Tartare:<\/strong> 16\u20ac<br \/>\n<strong>Large seasonal salad:<\/strong> 11\u20ac<\/p>\n<h2><strong>Groups<\/strong><\/h2>\n<p>JEAN 2 restaurant is open all year round by reservation for groups. It is possible to privatize the interior room (35 people) and the terrace (45 people) for lunches and dinners.<\/p>\n<p><strong>Menu at 15\u20ac<\/strong><br \/>\nMontsoreau Soup<br \/>\nSlate of cheese and delicatessen<br \/>\nHomemade dessert<\/p>\n<p><strong>Menu at 25\u20ac<\/strong><br \/>\nLea Linster Carrot Soup<br \/>\nSlate of porkGoat cheese from the Haut Cru\u00e9 cheese dairy<br \/>\nPlum pie from Master Bernard<\/p>\n<h2>Informations \/ reservations<\/h2>\n<p><strong>Opening hours<br \/>\n<\/strong><br \/>\nAPRIL &#8211; MAY &#8211; JUNE \u2013 SEPTEMBER<br \/>\nMonday: lunchtime<br \/>\nfrom Thursday to Saturday: lunch and dinner<br \/>\nSunday: lunchtime<br \/>\nclosed on Tuesdays and Wednesdays<\/p>\n<p>JULY- AUGUST<br \/>\nMonday: lunch and dinner<br \/>\nThursday to Saturday: lunch and dinner<br \/>\nSunday: lunchtime<br \/>\nClosed on Tuesdays and Wednesdays<\/p>\n<p>OCTOBER-NOVEMBER-DECEMBER<br \/>\nMonday: lunch<br \/>\nTuesday: lunch and dinner<br \/>\nFriday and Saturday: lunch and dinner<br \/>\nSunday: lunch<br \/>\nClosed on Wednesdays and Thursdays<\/p>\n<p>Passage du Marquis de Geoffre \u2013 49730 Montsoreau<br \/>\nAdmission (free) through the museum ticket office.<br \/>\nReservations on 02 41 67 12 60 60<br \/>\njean2.chateaudemontsoreau@gmail.com<br \/>\nJoin us on<\/p>\n<p><img loading=\"lazy\" decoding=\"async\" class=\"wp-image-5379 alignleft\" src=\"http:\/\/www.chateau-montsoreau.com\/wordpress\/wp-content\/uploads\/2016\/03\/fb_icon_325x325-300x300.png\" alt=\"fb_icon_325x325\" width=\"48\" height=\"48\" srcset=\"https:\/\/www.chateau-montsoreau.com\/wordpress\/wp-content\/uploads\/2016\/03\/fb_icon_325x325-300x300.png 300w, https:\/\/www.chateau-montsoreau.com\/wordpress\/wp-content\/uploads\/2016\/03\/fb_icon_325x325-100x100.png 100w, https:\/\/www.chateau-montsoreau.com\/wordpress\/wp-content\/uploads\/2016\/03\/fb_icon_325x325-150x150.png 150w, https:\/\/www.chateau-montsoreau.com\/wordpress\/wp-content\/uploads\/2016\/03\/fb_icon_325x325.png 325w\" sizes=\"auto, (max-width: 48px) 100vw, 48px\" \/><\/p>\n<p>&nbsp;<\/p>\n<\/div>\n<div  class=\"ut-one-half ut-column-last  \">\n<p><img loading=\"lazy\" decoding=\"async\" class=\"aligncenter wp-image-5619 \" src=\"http:\/\/www.chateau-montsoreau.com\/wordpress\/wp-content\/uploads\/2016\/03\/soup-1905734_1920.jpg\" alt=\"soup-1905734_1920\" width=\"558\" height=\"372\" \/><\/p>\n<h4 style=\"text-align: justify;\">\u00a0<img loading=\"lazy\" decoding=\"async\" class=\"aligncenter wp-image-5956\" src=\"http:\/\/www.chateau-montsoreau.com\/wordpress\/wp-content\/uploads\/2016\/03\/P_20170814_123729-300x169.jpg\" alt=\"\" width=\"558\" height=\"314\" srcset=\"https:\/\/www.chateau-montsoreau.com\/wordpress\/wp-content\/uploads\/2016\/03\/P_20170814_123729-300x169.jpg 300w, https:\/\/www.chateau-montsoreau.com\/wordpress\/wp-content\/uploads\/2016\/03\/P_20170814_123729-600x338.jpg 600w, https:\/\/www.chateau-montsoreau.com\/wordpress\/wp-content\/uploads\/2016\/03\/P_20170814_123729-768x432.jpg 768w, https:\/\/www.chateau-montsoreau.com\/wordpress\/wp-content\/uploads\/2016\/03\/P_20170814_123729-1024x576.jpg 1024w\" sizes=\"auto, (max-width: 558px) 100vw, 558px\" \/><\/h4>\n<p><div id=\"attachment_5652\" style=\"width: 588px\" class=\"wp-caption alignnone\"><img loading=\"lazy\" decoding=\"async\" aria-describedby=\"caption-attachment-5652\" class=\" wp-image-5652\" src=\"http:\/\/www.chateau-montsoreau.com\/wordpress\/wp-content\/uploads\/2016\/03\/hamburger-maison-1036722_origin-300x200.jpg\" alt=\"Homemade cheeseburger with fried minced meat and spicy carrot salad on a cutting board on rustic wooden background.Copy space.\" width=\"578\" height=\"385\" \/><p id=\"caption-attachment-5652\" class=\"wp-caption-text\"><strong> \u00a0 \u00a0 \u00a0 \u00a0 \u00a0 \u00a0 \u00a0 \u00a0 \u00a0 \u00a0 \u00a0 \u00a0 \u00a0 \u00a0<\/strong><\/p><\/div><\/p>\n<p><img loading=\"lazy\" decoding=\"async\" class=\"aligncenter wp-image-5214\" src=\"http:\/\/www.chateau-montsoreau.com\/wordpress\/wp-content\/uploads\/2016\/03\/Jean-grande-ardoise-de-cochonnailles-300x169.jpg\" alt=\"\" width=\"558\" height=\"314\" \/><\/p>\n<p style=\"text-align: justify;\"><\/div><div class=\"clear\"><\/div>\n<p>&nbsp;<\/p>\n","protected":false},"excerpt":{"rendered":"<p>&nbsp;<\/p>\n","protected":false},"author":5,"featured_media":0,"parent":0,"menu_order":4,"comment_status":"closed","ping_status":"closed","template":"","meta":{"footnotes":""},"class_list":["post-4273","page","type-page","status-publish","hentry"],"yoast_head":"<!-- This site is optimized with the Yoast SEO plugin v27.5 - https:\/\/yoast.com\/product\/yoast-seo-wordpress\/ -->\n<title>Restaurant | Ch\u00e2teau de Montsoreau-Mus\u00e9e d&#039;Art Contemporain<\/title>\n<meta name=\"robots\" content=\"index, follow, max-snippet:-1, max-image-preview:large, max-video-preview:-1\" \/>\n<link rel=\"canonical\" href=\"https:\/\/www.chateau-montsoreau.com\/wordpress\/en\/the-restaurant\/\" \/>\n<meta property=\"og:locale\" content=\"fr_FR\" \/>\n<meta property=\"og:type\" content=\"article\" \/>\n<meta property=\"og:title\" content=\"Restaurant | Ch\u00e2teau de Montsoreau-Mus\u00e9e d&#039;Art Contemporain\" \/>\n<meta property=\"og:description\" content=\"&nbsp;\" \/>\n<meta property=\"og:url\" content=\"https:\/\/www.chateau-montsoreau.com\/wordpress\/en\/the-restaurant\/\" \/>\n<meta property=\"og:site_name\" content=\"Ch\u00e2teau de Montsoreau-Mus\u00e9e d&#039;Art Contemporain\" \/>\n<meta property=\"article:publisher\" content=\"https:\/\/www.facebook.com\/chateaudemontsoreau\/\" \/>\n<meta property=\"article:modified_time\" content=\"2019-11-22T14:02:47+00:00\" \/>\n<meta property=\"og:image\" content=\"http:\/\/www.chateau-montsoreau.com\/wordpress\/wp-content\/uploads\/2017\/10\/vin-naturel.jpg\" \/>\n<meta name=\"twitter:card\" content=\"summary_large_image\" \/>\n<meta name=\"twitter:site\" content=\"@Cmontsoreau\" \/>\n<meta name=\"twitter:label1\" content=\"Dur\u00e9e de lecture estim\u00e9e\" \/>\n\t<meta name=\"twitter:data1\" content=\"3 minutes\" \/>\n<script type=\"application\/ld+json\" class=\"yoast-schema-graph\">{\"@context\":\"https:\\\/\\\/schema.org\",\"@graph\":[{\"@type\":\"WebPage\",\"@id\":\"https:\\\/\\\/www.chateau-montsoreau.com\\\/wordpress\\\/en\\\/the-restaurant\\\/\",\"url\":\"https:\\\/\\\/www.chateau-montsoreau.com\\\/wordpress\\\/en\\\/the-restaurant\\\/\",\"name\":\"Restaurant | Ch\u00e2teau de Montsoreau-Mus\u00e9e d&#039;Art Contemporain\",\"isPartOf\":{\"@id\":\"https:\\\/\\\/www.chateau-montsoreau.com\\\/wordpress\\\/#website\"},\"primaryImageOfPage\":{\"@id\":\"https:\\\/\\\/www.chateau-montsoreau.com\\\/wordpress\\\/en\\\/the-restaurant\\\/#primaryimage\"},\"image\":{\"@id\":\"https:\\\/\\\/www.chateau-montsoreau.com\\\/wordpress\\\/en\\\/the-restaurant\\\/#primaryimage\"},\"thumbnailUrl\":\"http:\\\/\\\/www.chateau-montsoreau.com\\\/wordpress\\\/wp-content\\\/uploads\\\/2017\\\/10\\\/vin-naturel.jpg\",\"datePublished\":\"2016-03-15T12:41:02+00:00\",\"dateModified\":\"2019-11-22T14:02:47+00:00\",\"breadcrumb\":{\"@id\":\"https:\\\/\\\/www.chateau-montsoreau.com\\\/wordpress\\\/en\\\/the-restaurant\\\/#breadcrumb\"},\"inLanguage\":\"fr-FR\",\"potentialAction\":[{\"@type\":\"ReadAction\",\"target\":[\"https:\\\/\\\/www.chateau-montsoreau.com\\\/wordpress\\\/en\\\/the-restaurant\\\/\"]}]},{\"@type\":\"ImageObject\",\"inLanguage\":\"fr-FR\",\"@id\":\"https:\\\/\\\/www.chateau-montsoreau.com\\\/wordpress\\\/en\\\/the-restaurant\\\/#primaryimage\",\"url\":\"\",\"contentUrl\":\"\",\"caption\":\"Didier Chaffardon, Rouze, 2012. Terrace of the John 2\"},{\"@type\":\"BreadcrumbList\",\"@id\":\"https:\\\/\\\/www.chateau-montsoreau.com\\\/wordpress\\\/en\\\/the-restaurant\\\/#breadcrumb\",\"itemListElement\":[{\"@type\":\"ListItem\",\"position\":1,\"name\":\"Accueil\",\"item\":\"https:\\\/\\\/www.chateau-montsoreau.com\\\/wordpress\\\/fr\\\/\"},{\"@type\":\"ListItem\",\"position\":2,\"name\":\"Restaurant\"}]},{\"@type\":\"WebSite\",\"@id\":\"https:\\\/\\\/www.chateau-montsoreau.com\\\/wordpress\\\/#website\",\"url\":\"https:\\\/\\\/www.chateau-montsoreau.com\\\/wordpress\\\/\",\"name\":\"Ch\u00e2teau de Montsoreau-Mus\u00e9e d&#039;Art Contemporain\",\"description\":\"Ch\u00e2teaux de la Loire Art Contemporain Art Conceptuel\",\"publisher\":{\"@id\":\"https:\\\/\\\/www.chateau-montsoreau.com\\\/wordpress\\\/#organization\"},\"potentialAction\":[{\"@type\":\"SearchAction\",\"target\":{\"@type\":\"EntryPoint\",\"urlTemplate\":\"https:\\\/\\\/www.chateau-montsoreau.com\\\/wordpress\\\/?s={search_term_string}\"},\"query-input\":{\"@type\":\"PropertyValueSpecification\",\"valueRequired\":true,\"valueName\":\"search_term_string\"}}],\"inLanguage\":\"fr-FR\"},{\"@type\":\"Organization\",\"@id\":\"https:\\\/\\\/www.chateau-montsoreau.com\\\/wordpress\\\/#organization\",\"name\":\"Ch\u00e2teau de Montsoreau - Mus\u00e9e d'art contemporain\",\"url\":\"https:\\\/\\\/www.chateau-montsoreau.com\\\/wordpress\\\/\",\"logo\":{\"@type\":\"ImageObject\",\"inLanguage\":\"fr-FR\",\"@id\":\"https:\\\/\\\/www.chateau-montsoreau.com\\\/wordpress\\\/#\\\/schema\\\/logo\\\/image\\\/\",\"url\":\"https:\\\/\\\/www.chateau-montsoreau.com\\\/wordpress\\\/wp-content\\\/uploads\\\/2016\\\/03\\\/Logo-Montsoreau-tout-petit-1.png\",\"contentUrl\":\"https:\\\/\\\/www.chateau-montsoreau.com\\\/wordpress\\\/wp-content\\\/uploads\\\/2016\\\/03\\\/Logo-Montsoreau-tout-petit-1.png\",\"width\":133,\"height\":133,\"caption\":\"Ch\u00e2teau de Montsoreau - Mus\u00e9e d'art contemporain\"},\"image\":{\"@id\":\"https:\\\/\\\/www.chateau-montsoreau.com\\\/wordpress\\\/#\\\/schema\\\/logo\\\/image\\\/\"},\"sameAs\":[\"https:\\\/\\\/www.facebook.com\\\/chateaudemontsoreau\\\/\",\"https:\\\/\\\/x.com\\\/Cmontsoreau\",\"https:\\\/\\\/www.instagram.com\\\/chateaudemontsoreau\\\/\",\"http:\\\/\\\/www.pinterest.com\\\/Cmontsoreau\"]}]}<\/script>\n<!-- \/ Yoast SEO plugin. -->","yoast_head_json":{"title":"Restaurant | Ch\u00e2teau de Montsoreau-Mus\u00e9e d&#039;Art Contemporain","robots":{"index":"index","follow":"follow","max-snippet":"max-snippet:-1","max-image-preview":"max-image-preview:large","max-video-preview":"max-video-preview:-1"},"canonical":"https:\/\/www.chateau-montsoreau.com\/wordpress\/en\/the-restaurant\/","og_locale":"fr_FR","og_type":"article","og_title":"Restaurant | Ch\u00e2teau de Montsoreau-Mus\u00e9e d&#039;Art Contemporain","og_description":"&nbsp;","og_url":"https:\/\/www.chateau-montsoreau.com\/wordpress\/en\/the-restaurant\/","og_site_name":"Ch\u00e2teau de Montsoreau-Mus\u00e9e d&#039;Art Contemporain","article_publisher":"https:\/\/www.facebook.com\/chateaudemontsoreau\/","article_modified_time":"2019-11-22T14:02:47+00:00","og_image":[{"url":"http:\/\/www.chateau-montsoreau.com\/wordpress\/wp-content\/uploads\/2017\/10\/vin-naturel.jpg","type":"","width":"","height":""}],"twitter_card":"summary_large_image","twitter_site":"@Cmontsoreau","twitter_misc":{"Dur\u00e9e de lecture estim\u00e9e":"3 minutes"},"schema":{"@context":"https:\/\/schema.org","@graph":[{"@type":"WebPage","@id":"https:\/\/www.chateau-montsoreau.com\/wordpress\/en\/the-restaurant\/","url":"https:\/\/www.chateau-montsoreau.com\/wordpress\/en\/the-restaurant\/","name":"Restaurant | Ch\u00e2teau de Montsoreau-Mus\u00e9e d&#039;Art Contemporain","isPartOf":{"@id":"https:\/\/www.chateau-montsoreau.com\/wordpress\/#website"},"primaryImageOfPage":{"@id":"https:\/\/www.chateau-montsoreau.com\/wordpress\/en\/the-restaurant\/#primaryimage"},"image":{"@id":"https:\/\/www.chateau-montsoreau.com\/wordpress\/en\/the-restaurant\/#primaryimage"},"thumbnailUrl":"http:\/\/www.chateau-montsoreau.com\/wordpress\/wp-content\/uploads\/2017\/10\/vin-naturel.jpg","datePublished":"2016-03-15T12:41:02+00:00","dateModified":"2019-11-22T14:02:47+00:00","breadcrumb":{"@id":"https:\/\/www.chateau-montsoreau.com\/wordpress\/en\/the-restaurant\/#breadcrumb"},"inLanguage":"fr-FR","potentialAction":[{"@type":"ReadAction","target":["https:\/\/www.chateau-montsoreau.com\/wordpress\/en\/the-restaurant\/"]}]},{"@type":"ImageObject","inLanguage":"fr-FR","@id":"https:\/\/www.chateau-montsoreau.com\/wordpress\/en\/the-restaurant\/#primaryimage","url":"","contentUrl":"","caption":"Didier Chaffardon, Rouze, 2012. Terrace of the John 2"},{"@type":"BreadcrumbList","@id":"https:\/\/www.chateau-montsoreau.com\/wordpress\/en\/the-restaurant\/#breadcrumb","itemListElement":[{"@type":"ListItem","position":1,"name":"Accueil","item":"https:\/\/www.chateau-montsoreau.com\/wordpress\/fr\/"},{"@type":"ListItem","position":2,"name":"Restaurant"}]},{"@type":"WebSite","@id":"https:\/\/www.chateau-montsoreau.com\/wordpress\/#website","url":"https:\/\/www.chateau-montsoreau.com\/wordpress\/","name":"Ch\u00e2teau de Montsoreau-Mus\u00e9e d&#039;Art Contemporain","description":"Ch\u00e2teaux de la Loire Art Contemporain Art Conceptuel","publisher":{"@id":"https:\/\/www.chateau-montsoreau.com\/wordpress\/#organization"},"potentialAction":[{"@type":"SearchAction","target":{"@type":"EntryPoint","urlTemplate":"https:\/\/www.chateau-montsoreau.com\/wordpress\/?s={search_term_string}"},"query-input":{"@type":"PropertyValueSpecification","valueRequired":true,"valueName":"search_term_string"}}],"inLanguage":"fr-FR"},{"@type":"Organization","@id":"https:\/\/www.chateau-montsoreau.com\/wordpress\/#organization","name":"Ch\u00e2teau de Montsoreau - Mus\u00e9e d'art contemporain","url":"https:\/\/www.chateau-montsoreau.com\/wordpress\/","logo":{"@type":"ImageObject","inLanguage":"fr-FR","@id":"https:\/\/www.chateau-montsoreau.com\/wordpress\/#\/schema\/logo\/image\/","url":"https:\/\/www.chateau-montsoreau.com\/wordpress\/wp-content\/uploads\/2016\/03\/Logo-Montsoreau-tout-petit-1.png","contentUrl":"https:\/\/www.chateau-montsoreau.com\/wordpress\/wp-content\/uploads\/2016\/03\/Logo-Montsoreau-tout-petit-1.png","width":133,"height":133,"caption":"Ch\u00e2teau de Montsoreau - Mus\u00e9e d'art contemporain"},"image":{"@id":"https:\/\/www.chateau-montsoreau.com\/wordpress\/#\/schema\/logo\/image\/"},"sameAs":["https:\/\/www.facebook.com\/chateaudemontsoreau\/","https:\/\/x.com\/Cmontsoreau","https:\/\/www.instagram.com\/chateaudemontsoreau\/","http:\/\/www.pinterest.com\/Cmontsoreau"]}]}},"_links":{"self":[{"href":"https:\/\/www.chateau-montsoreau.com\/wordpress\/wp-json\/wp\/v2\/pages\/4273","targetHints":{"allow":["GET"]}}],"collection":[{"href":"https:\/\/www.chateau-montsoreau.com\/wordpress\/wp-json\/wp\/v2\/pages"}],"about":[{"href":"https:\/\/www.chateau-montsoreau.com\/wordpress\/wp-json\/wp\/v2\/types\/page"}],"author":[{"embeddable":true,"href":"https:\/\/www.chateau-montsoreau.com\/wordpress\/wp-json\/wp\/v2\/users\/5"}],"replies":[{"embeddable":true,"href":"https:\/\/www.chateau-montsoreau.com\/wordpress\/wp-json\/wp\/v2\/comments?post=4273"}],"version-history":[{"count":6,"href":"https:\/\/www.chateau-montsoreau.com\/wordpress\/wp-json\/wp\/v2\/pages\/4273\/revisions"}],"predecessor-version":[{"id":7125,"href":"https:\/\/www.chateau-montsoreau.com\/wordpress\/wp-json\/wp\/v2\/pages\/4273\/revisions\/7125"}],"wp:attachment":[{"href":"https:\/\/www.chateau-montsoreau.com\/wordpress\/wp-json\/wp\/v2\/media?parent=4273"}],"curies":[{"name":"wp","href":"https:\/\/api.w.org\/{rel}","templated":true}]}}