{"id":6290,"date":"2019-02-14T15:53:08","date_gmt":"2019-02-14T14:53:08","guid":{"rendered":"http:\/\/www.chateau-montsoreau.com\/wordpress\/?page_id=6288"},"modified":"2021-06-18T21:08:24","modified_gmt":"2021-06-18T20:08:24","slug":"guided-tours-activities","status":"publish","type":"page","link":"https:\/\/www.chateau-montsoreau.com\/wordpress\/en\/guided-tours-activities\/","title":{"rendered":"Guided tours\/Activities"},"content":{"rendered":"<p><strong>Guided tours<\/strong><\/p>\n<p>Guided tours in French are avaliable on request (20 people maximum).<br \/>\nGuided tours for larger groups must be reserved: groupes.chateaudemontsoreau@gmail.com.<\/p>\n<div  class=\"ut-one-half  \">\n<p><strong>Graffiti workshop: From Lascaux to Bansky<\/strong><\/p>\n<p>Hosted by a museum mediator, the graffiti workshop covers the history of graffiti from antiquity to the present day. The aim is to learn about its codes, rules and historical actors (Bansky, Keith Haring&#8230;). The graffiti inside the chateau is an important part of the historical heritage of this chateau and learning about it will only be the starting point. Indeed, during the workshop each child will be able to discover their creative side.<\/p>\n<p>Age: from 7 years old<br \/>\nDuration: 1 hour<br \/>\nWhen: Every Wednesday and Saturday at 3 p.m.<br \/>\nPrice: 8\u20ac<br \/>\nReservations: +33 (0)2 41 67 67 12 60 \/ contact@chateau-montsoreau.com<\/p>\n<p>Activity suspended due to the health situation<\/p>\n<p style=\"text-align: left;\"><\/div>\n<p style=\"text-align: left;\"><div  class=\"ut-one-half ut-column-last  \">\n<p><img loading=\"lazy\" decoding=\"async\" class=\"alignnone size-full wp-image-6293\" src=\"http:\/\/www.chateau-montsoreau.com\/wordpress\/wp-content\/uploads\/2019\/02\/atelier-graffiti-chateau-de-montsoreau-musee-dart-contemporain-val-de-loire.jpg\" alt=\"\" width=\"2419\" height=\"1616\" srcset=\"https:\/\/www.chateau-montsoreau.com\/wordpress\/wp-content\/uploads\/2019\/02\/atelier-graffiti-chateau-de-montsoreau-musee-dart-contemporain-val-de-loire.jpg 2419w, https:\/\/www.chateau-montsoreau.com\/wordpress\/wp-content\/uploads\/2019\/02\/atelier-graffiti-chateau-de-montsoreau-musee-dart-contemporain-val-de-loire-600x401.jpg 600w, https:\/\/www.chateau-montsoreau.com\/wordpress\/wp-content\/uploads\/2019\/02\/atelier-graffiti-chateau-de-montsoreau-musee-dart-contemporain-val-de-loire-300x200.jpg 300w, https:\/\/www.chateau-montsoreau.com\/wordpress\/wp-content\/uploads\/2019\/02\/atelier-graffiti-chateau-de-montsoreau-musee-dart-contemporain-val-de-loire-768x513.jpg 768w, https:\/\/www.chateau-montsoreau.com\/wordpress\/wp-content\/uploads\/2019\/02\/atelier-graffiti-chateau-de-montsoreau-musee-dart-contemporain-val-de-loire-1024x684.jpg 1024w\" sizes=\"auto, (max-width: 2419px) 100vw, 2419px\" \/><\/p>\n<h4 style=\"text-align: justify;\"><\/div><div class=\"clear\"><\/div><\/h4>\n<div  class=\"ut-one-half  \">\n<p><strong>MONTSOREAU ART TOUR<\/strong><\/p>\n<p>With a guide, discover the artists that were and still are inspiring Montsoreau. Come walk in the footsteps of Flaubert, Turner, Rodin, Spielberg, Rabelais, Alexandre Dumas&#8230;<br \/>\nAlong the way you will discover how, since the Renaissance, Montsoreau is a special place for all kinds of artists.<\/p>\n<p>The steps of the route:<\/p>\n<ul>\n<li>Turner: The River of Light<\/li>\n<li>Flaubert: The Grand Tour in the Loire Valley<\/li>\n<li>Spielberg : <em>Close Encounters of the third kind<\/em><\/li>\n<li>Andr\u00e9 Obey\/Henri Dutilleux: between court and garden<\/li>\n<li>Alexandre Dumas : <em>The Lady of Monsoreau<\/em><\/li>\n<li>Art &amp; Language: free visit of the Ch\u00e2teau de Montsoreau-Museum of Contemporary Art<\/li>\n<li>Auguste Rodin: a passion fo architecture<\/li>\n<li>Rabelais&rsquo;s childhood<\/li>\n<\/ul>\n<p>Duration: 1h30 hours (by foot).<br \/>\nWhen: Every Sunday from March 8th to September 6th, 2020<br \/>\nTimetable: 11:30-13:00 am<br \/>\nPrice: 18\u20ac<br \/>\n15 people maximum<br \/>\nReservations: 02 41 67 67 12 60 \/ contact@chateau-montsoreau.com<\/p>\n<p>Activity suspended due to the health situation<\/p>\n<p style=\"text-align: left;\"><\/div>\n<p style=\"text-align: left;\"><div  class=\"ut-one-half ut-column-last  \">\n<p><img loading=\"lazy\" decoding=\"async\" class=\"alignnone size-full wp-image-6295\" src=\"http:\/\/www.chateau-montsoreau.com\/wordpress\/wp-content\/uploads\/2019\/02\/Montsoreau-Art-Tour-chateau-de-montsoreau-musee-dart-contemporain-val-de-loire.jpg\" alt=\"\" width=\"1280\" height=\"720\" srcset=\"https:\/\/www.chateau-montsoreau.com\/wordpress\/wp-content\/uploads\/2019\/02\/Montsoreau-Art-Tour-chateau-de-montsoreau-musee-dart-contemporain-val-de-loire.jpg 1280w, https:\/\/www.chateau-montsoreau.com\/wordpress\/wp-content\/uploads\/2019\/02\/Montsoreau-Art-Tour-chateau-de-montsoreau-musee-dart-contemporain-val-de-loire-600x338.jpg 600w, https:\/\/www.chateau-montsoreau.com\/wordpress\/wp-content\/uploads\/2019\/02\/Montsoreau-Art-Tour-chateau-de-montsoreau-musee-dart-contemporain-val-de-loire-300x169.jpg 300w, https:\/\/www.chateau-montsoreau.com\/wordpress\/wp-content\/uploads\/2019\/02\/Montsoreau-Art-Tour-chateau-de-montsoreau-musee-dart-contemporain-val-de-loire-768x432.jpg 768w, https:\/\/www.chateau-montsoreau.com\/wordpress\/wp-content\/uploads\/2019\/02\/Montsoreau-Art-Tour-chateau-de-montsoreau-musee-dart-contemporain-val-de-loire-1024x576.jpg 1024w\" sizes=\"auto, (max-width: 1280px) 100vw, 1280px\" \/><\/p>\n<h4 style=\"text-align: justify;\"><\/div><div class=\"clear\"><\/div><\/h4>\n<h4 style=\"text-align: justify;\"><\/h4>\n","protected":false},"excerpt":{"rendered":"<p>Guided tours Guided tours in French are avaliable on request (20 people maximum). Guided tours for larger groups must be reserved: groupes.chateaudemontsoreau@gmail.com.<\/p>\n","protected":false},"author":5,"featured_media":0,"parent":0,"menu_order":0,"comment_status":"closed","ping_status":"closed","template":"","meta":{"footnotes":""},"class_list":["post-6290","page","type-page","status-publish","hentry"],"yoast_head":"<!-- This site is optimized with the Yoast SEO plugin v27.3 - https:\/\/yoast.com\/product\/yoast-seo-wordpress\/ -->\n<title>Guided tours\/Activities | Ch\u00e2teau de Montsoreau-Mus\u00e9e d&#039;Art Contemporain<\/title>\n<meta name=\"description\" content=\"Guided tours, educational workshops, activities. Find practical information and prices on the different activities of the museum.\" \/>\n<meta name=\"robots\" content=\"index, follow, max-snippet:-1, max-image-preview:large, max-video-preview:-1\" \/>\n<link rel=\"canonical\" href=\"https:\/\/www.chateau-montsoreau.com\/wordpress\/en\/guided-tours-activities\/\" \/>\n<meta property=\"og:locale\" content=\"fr_FR\" \/>\n<meta property=\"og:type\" content=\"article\" \/>\n<meta property=\"og:title\" content=\"Guided tours\/Activities | Ch\u00e2teau de Montsoreau-Mus\u00e9e d&#039;Art Contemporain\" \/>\n<meta property=\"og:description\" content=\"Guided tours, educational workshops, activities. Find practical information and prices on the different activities of the museum.\" \/>\n<meta property=\"og:url\" content=\"https:\/\/www.chateau-montsoreau.com\/wordpress\/en\/guided-tours-activities\/\" \/>\n<meta property=\"og:site_name\" content=\"Ch\u00e2teau de Montsoreau-Mus\u00e9e d&#039;Art Contemporain\" \/>\n<meta property=\"article:publisher\" content=\"https:\/\/www.facebook.com\/chateaudemontsoreau\/\" \/>\n<meta property=\"article:modified_time\" content=\"2021-06-18T20:08:24+00:00\" \/>\n<meta property=\"og:image\" content=\"http:\/\/www.chateau-montsoreau.com\/wordpress\/wp-content\/uploads\/2019\/02\/atelier-graffiti-chateau-de-montsoreau-musee-dart-contemporain-val-de-loire.jpg\" \/>\n<meta name=\"twitter:card\" content=\"summary_large_image\" \/>\n<meta name=\"twitter:site\" content=\"@Cmontsoreau\" \/>\n<meta name=\"twitter:label1\" content=\"Dur\u00e9e de lecture estim\u00e9e\" \/>\n\t<meta name=\"twitter:data1\" content=\"2 minutes\" \/>\n<script type=\"application\/ld+json\" class=\"yoast-schema-graph\">{\"@context\":\"https:\\\/\\\/schema.org\",\"@graph\":[{\"@type\":\"WebPage\",\"@id\":\"https:\\\/\\\/www.chateau-montsoreau.com\\\/wordpress\\\/en\\\/guided-tours-activities\\\/\",\"url\":\"https:\\\/\\\/www.chateau-montsoreau.com\\\/wordpress\\\/en\\\/guided-tours-activities\\\/\",\"name\":\"Guided tours\\\/Activities | Ch\u00e2teau de Montsoreau-Mus\u00e9e d&#039;Art Contemporain\",\"isPartOf\":{\"@id\":\"https:\\\/\\\/www.chateau-montsoreau.com\\\/wordpress\\\/#website\"},\"primaryImageOfPage\":{\"@id\":\"https:\\\/\\\/www.chateau-montsoreau.com\\\/wordpress\\\/en\\\/guided-tours-activities\\\/#primaryimage\"},\"image\":{\"@id\":\"https:\\\/\\\/www.chateau-montsoreau.com\\\/wordpress\\\/en\\\/guided-tours-activities\\\/#primaryimage\"},\"thumbnailUrl\":\"http:\\\/\\\/www.chateau-montsoreau.com\\\/wordpress\\\/wp-content\\\/uploads\\\/2019\\\/02\\\/atelier-graffiti-chateau-de-montsoreau-musee-dart-contemporain-val-de-loire.jpg\",\"datePublished\":\"2019-02-14T14:53:08+00:00\",\"dateModified\":\"2021-06-18T20:08:24+00:00\",\"description\":\"Guided tours, educational workshops, activities. Find practical information and prices on the different activities of the museum.\",\"breadcrumb\":{\"@id\":\"https:\\\/\\\/www.chateau-montsoreau.com\\\/wordpress\\\/en\\\/guided-tours-activities\\\/#breadcrumb\"},\"inLanguage\":\"fr-FR\",\"potentialAction\":[{\"@type\":\"ReadAction\",\"target\":[\"https:\\\/\\\/www.chateau-montsoreau.com\\\/wordpress\\\/en\\\/guided-tours-activities\\\/\"]}]},{\"@type\":\"ImageObject\",\"inLanguage\":\"fr-FR\",\"@id\":\"https:\\\/\\\/www.chateau-montsoreau.com\\\/wordpress\\\/en\\\/guided-tours-activities\\\/#primaryimage\",\"url\":\"http:\\\/\\\/www.chateau-montsoreau.com\\\/wordpress\\\/wp-content\\\/uploads\\\/2019\\\/02\\\/atelier-graffiti-chateau-de-montsoreau-musee-dart-contemporain-val-de-loire.jpg\",\"contentUrl\":\"http:\\\/\\\/www.chateau-montsoreau.com\\\/wordpress\\\/wp-content\\\/uploads\\\/2019\\\/02\\\/atelier-graffiti-chateau-de-montsoreau-musee-dart-contemporain-val-de-loire.jpg\"},{\"@type\":\"BreadcrumbList\",\"@id\":\"https:\\\/\\\/www.chateau-montsoreau.com\\\/wordpress\\\/en\\\/guided-tours-activities\\\/#breadcrumb\",\"itemListElement\":[{\"@type\":\"ListItem\",\"position\":1,\"name\":\"Accueil\",\"item\":\"https:\\\/\\\/www.chateau-montsoreau.com\\\/wordpress\\\/fr\\\/\"},{\"@type\":\"ListItem\",\"position\":2,\"name\":\"Guided tours\\\/Activities\"}]},{\"@type\":\"WebSite\",\"@id\":\"https:\\\/\\\/www.chateau-montsoreau.com\\\/wordpress\\\/#website\",\"url\":\"https:\\\/\\\/www.chateau-montsoreau.com\\\/wordpress\\\/\",\"name\":\"Ch\u00e2teau de Montsoreau-Mus\u00e9e d&#039;Art Contemporain\",\"description\":\"Ch\u00e2teaux de la Loire Art Contemporain Art Conceptuel\",\"publisher\":{\"@id\":\"https:\\\/\\\/www.chateau-montsoreau.com\\\/wordpress\\\/#organization\"},\"potentialAction\":[{\"@type\":\"SearchAction\",\"target\":{\"@type\":\"EntryPoint\",\"urlTemplate\":\"https:\\\/\\\/www.chateau-montsoreau.com\\\/wordpress\\\/?s={search_term_string}\"},\"query-input\":{\"@type\":\"PropertyValueSpecification\",\"valueRequired\":true,\"valueName\":\"search_term_string\"}}],\"inLanguage\":\"fr-FR\"},{\"@type\":\"Organization\",\"@id\":\"https:\\\/\\\/www.chateau-montsoreau.com\\\/wordpress\\\/#organization\",\"name\":\"Ch\u00e2teau de Montsoreau - Mus\u00e9e d'art contemporain\",\"url\":\"https:\\\/\\\/www.chateau-montsoreau.com\\\/wordpress\\\/\",\"logo\":{\"@type\":\"ImageObject\",\"inLanguage\":\"fr-FR\",\"@id\":\"https:\\\/\\\/www.chateau-montsoreau.com\\\/wordpress\\\/#\\\/schema\\\/logo\\\/image\\\/\",\"url\":\"https:\\\/\\\/www.chateau-montsoreau.com\\\/wordpress\\\/wp-content\\\/uploads\\\/2016\\\/03\\\/Logo-Montsoreau-tout-petit-1.png\",\"contentUrl\":\"https:\\\/\\\/www.chateau-montsoreau.com\\\/wordpress\\\/wp-content\\\/uploads\\\/2016\\\/03\\\/Logo-Montsoreau-tout-petit-1.png\",\"width\":133,\"height\":133,\"caption\":\"Ch\u00e2teau de Montsoreau - Mus\u00e9e d'art contemporain\"},\"image\":{\"@id\":\"https:\\\/\\\/www.chateau-montsoreau.com\\\/wordpress\\\/#\\\/schema\\\/logo\\\/image\\\/\"},\"sameAs\":[\"https:\\\/\\\/www.facebook.com\\\/chateaudemontsoreau\\\/\",\"https:\\\/\\\/x.com\\\/Cmontsoreau\",\"https:\\\/\\\/www.instagram.com\\\/chateaudemontsoreau\\\/\",\"http:\\\/\\\/www.pinterest.com\\\/Cmontsoreau\"]}]}<\/script>\n<!-- \/ Yoast SEO plugin. -->","yoast_head_json":{"title":"Guided tours\/Activities | Ch\u00e2teau de Montsoreau-Mus\u00e9e d&#039;Art Contemporain","description":"Guided tours, educational workshops, activities. Find practical information and prices on the different activities of the museum.","robots":{"index":"index","follow":"follow","max-snippet":"max-snippet:-1","max-image-preview":"max-image-preview:large","max-video-preview":"max-video-preview:-1"},"canonical":"https:\/\/www.chateau-montsoreau.com\/wordpress\/en\/guided-tours-activities\/","og_locale":"fr_FR","og_type":"article","og_title":"Guided tours\/Activities | Ch\u00e2teau de Montsoreau-Mus\u00e9e d&#039;Art Contemporain","og_description":"Guided tours, educational workshops, activities. Find practical information and prices on the different activities of the museum.","og_url":"https:\/\/www.chateau-montsoreau.com\/wordpress\/en\/guided-tours-activities\/","og_site_name":"Ch\u00e2teau de Montsoreau-Mus\u00e9e d&#039;Art Contemporain","article_publisher":"https:\/\/www.facebook.com\/chateaudemontsoreau\/","article_modified_time":"2021-06-18T20:08:24+00:00","og_image":[{"url":"http:\/\/www.chateau-montsoreau.com\/wordpress\/wp-content\/uploads\/2019\/02\/atelier-graffiti-chateau-de-montsoreau-musee-dart-contemporain-val-de-loire.jpg","type":"","width":"","height":""}],"twitter_card":"summary_large_image","twitter_site":"@Cmontsoreau","twitter_misc":{"Dur\u00e9e de lecture estim\u00e9e":"2 minutes"},"schema":{"@context":"https:\/\/schema.org","@graph":[{"@type":"WebPage","@id":"https:\/\/www.chateau-montsoreau.com\/wordpress\/en\/guided-tours-activities\/","url":"https:\/\/www.chateau-montsoreau.com\/wordpress\/en\/guided-tours-activities\/","name":"Guided tours\/Activities | Ch\u00e2teau de Montsoreau-Mus\u00e9e d&#039;Art Contemporain","isPartOf":{"@id":"https:\/\/www.chateau-montsoreau.com\/wordpress\/#website"},"primaryImageOfPage":{"@id":"https:\/\/www.chateau-montsoreau.com\/wordpress\/en\/guided-tours-activities\/#primaryimage"},"image":{"@id":"https:\/\/www.chateau-montsoreau.com\/wordpress\/en\/guided-tours-activities\/#primaryimage"},"thumbnailUrl":"http:\/\/www.chateau-montsoreau.com\/wordpress\/wp-content\/uploads\/2019\/02\/atelier-graffiti-chateau-de-montsoreau-musee-dart-contemporain-val-de-loire.jpg","datePublished":"2019-02-14T14:53:08+00:00","dateModified":"2021-06-18T20:08:24+00:00","description":"Guided tours, educational workshops, activities. Find practical information and prices on the different activities of the museum.","breadcrumb":{"@id":"https:\/\/www.chateau-montsoreau.com\/wordpress\/en\/guided-tours-activities\/#breadcrumb"},"inLanguage":"fr-FR","potentialAction":[{"@type":"ReadAction","target":["https:\/\/www.chateau-montsoreau.com\/wordpress\/en\/guided-tours-activities\/"]}]},{"@type":"ImageObject","inLanguage":"fr-FR","@id":"https:\/\/www.chateau-montsoreau.com\/wordpress\/en\/guided-tours-activities\/#primaryimage","url":"http:\/\/www.chateau-montsoreau.com\/wordpress\/wp-content\/uploads\/2019\/02\/atelier-graffiti-chateau-de-montsoreau-musee-dart-contemporain-val-de-loire.jpg","contentUrl":"http:\/\/www.chateau-montsoreau.com\/wordpress\/wp-content\/uploads\/2019\/02\/atelier-graffiti-chateau-de-montsoreau-musee-dart-contemporain-val-de-loire.jpg"},{"@type":"BreadcrumbList","@id":"https:\/\/www.chateau-montsoreau.com\/wordpress\/en\/guided-tours-activities\/#breadcrumb","itemListElement":[{"@type":"ListItem","position":1,"name":"Accueil","item":"https:\/\/www.chateau-montsoreau.com\/wordpress\/fr\/"},{"@type":"ListItem","position":2,"name":"Guided tours\/Activities"}]},{"@type":"WebSite","@id":"https:\/\/www.chateau-montsoreau.com\/wordpress\/#website","url":"https:\/\/www.chateau-montsoreau.com\/wordpress\/","name":"Ch\u00e2teau de Montsoreau-Mus\u00e9e d&#039;Art Contemporain","description":"Ch\u00e2teaux de la Loire Art Contemporain Art Conceptuel","publisher":{"@id":"https:\/\/www.chateau-montsoreau.com\/wordpress\/#organization"},"potentialAction":[{"@type":"SearchAction","target":{"@type":"EntryPoint","urlTemplate":"https:\/\/www.chateau-montsoreau.com\/wordpress\/?s={search_term_string}"},"query-input":{"@type":"PropertyValueSpecification","valueRequired":true,"valueName":"search_term_string"}}],"inLanguage":"fr-FR"},{"@type":"Organization","@id":"https:\/\/www.chateau-montsoreau.com\/wordpress\/#organization","name":"Ch\u00e2teau de Montsoreau - Mus\u00e9e d'art contemporain","url":"https:\/\/www.chateau-montsoreau.com\/wordpress\/","logo":{"@type":"ImageObject","inLanguage":"fr-FR","@id":"https:\/\/www.chateau-montsoreau.com\/wordpress\/#\/schema\/logo\/image\/","url":"https:\/\/www.chateau-montsoreau.com\/wordpress\/wp-content\/uploads\/2016\/03\/Logo-Montsoreau-tout-petit-1.png","contentUrl":"https:\/\/www.chateau-montsoreau.com\/wordpress\/wp-content\/uploads\/2016\/03\/Logo-Montsoreau-tout-petit-1.png","width":133,"height":133,"caption":"Ch\u00e2teau de Montsoreau - Mus\u00e9e d'art contemporain"},"image":{"@id":"https:\/\/www.chateau-montsoreau.com\/wordpress\/#\/schema\/logo\/image\/"},"sameAs":["https:\/\/www.facebook.com\/chateaudemontsoreau\/","https:\/\/x.com\/Cmontsoreau","https:\/\/www.instagram.com\/chateaudemontsoreau\/","http:\/\/www.pinterest.com\/Cmontsoreau"]}]}},"_links":{"self":[{"href":"https:\/\/www.chateau-montsoreau.com\/wordpress\/wp-json\/wp\/v2\/pages\/6290","targetHints":{"allow":["GET"]}}],"collection":[{"href":"https:\/\/www.chateau-montsoreau.com\/wordpress\/wp-json\/wp\/v2\/pages"}],"about":[{"href":"https:\/\/www.chateau-montsoreau.com\/wordpress\/wp-json\/wp\/v2\/types\/page"}],"author":[{"embeddable":true,"href":"https:\/\/www.chateau-montsoreau.com\/wordpress\/wp-json\/wp\/v2\/users\/5"}],"replies":[{"embeddable":true,"href":"https:\/\/www.chateau-montsoreau.com\/wordpress\/wp-json\/wp\/v2\/comments?post=6290"}],"version-history":[{"count":17,"href":"https:\/\/www.chateau-montsoreau.com\/wordpress\/wp-json\/wp\/v2\/pages\/6290\/revisions"}],"predecessor-version":[{"id":8297,"href":"https:\/\/www.chateau-montsoreau.com\/wordpress\/wp-json\/wp\/v2\/pages\/6290\/revisions\/8297"}],"wp:attachment":[{"href":"https:\/\/www.chateau-montsoreau.com\/wordpress\/wp-json\/wp\/v2\/media?parent=6290"}],"curies":[{"name":"wp","href":"https:\/\/api.w.org\/{rel}","templated":true}]}}