{"id":6372,"date":"2016-03-04T11:55:54","date_gmt":"2016-03-04T10:55:54","guid":{"rendered":"http:\/\/www.chateau-montsoreau.com\/wordpress\/?page_id=3227"},"modified":"2026-03-21T17:00:49","modified_gmt":"2026-03-21T16:00:49","slug":"informations-pratiques","status":"publish","type":"page","link":"https:\/\/www.chateau-montsoreau.com\/wordpress\/fr\/informations-pratiques\/","title":{"rendered":"Infos pratiques"},"content":{"rendered":"<p style=\"text-align: left;\"><div  class=\"ut-alert grey  \">\n<p style=\"text-align: center;\">Ch\u00e2teau de Montsoreau-Mus\u00e9e d\u2019art contemporain<br \/>\nPassage du marquis de Geoffre<br \/>\n49730 Montsoreau<br \/>\nVal de Loire<br \/>\nOuvert toute l\u2019ann\u00e9e.<\/p>\n<\/div>\n<h6 class=\"ut-title-divider \" ><span>\n<h2>Tarifs<\/h2>\n<p><\/span><\/h6><br \/>\n<div class=\"ut-pt-wrap ut-pt-wrap-style-1\"><div class=\"grid-25 tablet-grid-50 mobile-grid-100\"><div class=\"ut-pricing-table\"><header class=\"ut-pt-header ut-level-one\"><h2 class=\"ut-pt-title\">Tarif adulte<\/h2><span class=\"ut-pt-title-slogan\">Plus de 18 ans<\/span><\/header><footer class=\"ut-pt-pricing\"><span class=\"ut-pt-price\"><sup>\u20ac<\/sup>  12,00<\/span><\/footer><\/div><\/div><div class=\"grid-25 tablet-grid-50 mobile-grid-100\"><div class=\"ut-pricing-table\"><header class=\"ut-pt-header ut-level-one\"><h2 class=\"ut-pt-title\">Tarif enfant<\/h2><span class=\"ut-pt-title-slogan\">De 5 \u00e0 18 ans<\/span><\/header><footer class=\"ut-pt-pricing\"><span class=\"ut-pt-price\"><sup>\u20ac<\/sup>8,00<\/span><\/footer><\/div><\/div><div class=\"grid-25 tablet-grid-50 mobile-grid-100\"><div class=\"ut-pricing-table\"><header class=\"ut-pt-header ut-level-one\"><h2 class=\"ut-pt-title\">Pass individuel<\/h2><span class=\"ut-pt-title-slogan\">valable 1 an<\/span><\/header><footer class=\"ut-pt-pricing\"><span class=\"ut-pt-price\"><sup>\u20ac<\/sup>30,00<\/span><\/footer><\/div><\/div><div class=\"grid-25 tablet-grid-50 mobile-grid-100\"><div class=\"ut-pricing-table\"><header class=\"ut-pt-header ut-level-one\"><h2 class=\"ut-pt-title\">Pass Duo<\/h2><span class=\"ut-pt-title-slogan\">valable 1 an<\/span><\/header><footer class=\"ut-pt-pricing\"><span class=\"ut-pt-price\"><sup>\u20ac<\/sup>47,00<\/span><\/footer><\/div><\/div><div class=\"clear\"><\/div><\/div><br \/>\n<div class=\"ut-pt-wrap ut-pt-wrap-style-1\"><div class=\"grid-25 tablet-grid-50 mobile-grid-100\"><div class=\"ut-pricing-table\"><header class=\"ut-pt-header ut-level-one\"><h2 class=\"ut-pt-title\">Tarif r\u00e9duit<\/h2><span class=\"ut-pt-title-slogan\">\u00e9tudiants<\/span><\/header><footer class=\"ut-pt-pricing\"><span class=\"ut-pt-price\"><sup>\u20ac<\/sup>10,00<\/span><\/footer><\/div><\/div><div class=\"grid-25 tablet-grid-50 mobile-grid-100\"><div class=\"ut-pricing-table\"><header class=\"ut-pt-header ut-level-one\"><h2 class=\"ut-pt-title\">Tarif r\u00e9duit<\/h2><span class=\"ut-pt-title-slogan\">demandeurs d'emploi<\/span><\/header><footer class=\"ut-pt-pricing\"><span class=\"ut-pt-price\"><sup>\u20ac<\/sup>10,20<\/span><\/footer><\/div><\/div><div class=\"grid-25 tablet-grid-50 mobile-grid-100\"><div class=\"ut-pricing-table\"><header class=\"ut-pt-header ut-level-one\"><h2 class=\"ut-pt-title\">Tarif r\u00e9duit <\/h2><span class=\"ut-pt-title-slogan\">CCCOD, Abbaye de Fontevraud,  Ch\u00e2teaux de Br\u00e9z\u00e9, Montreuil-Bellay<\/span><\/header><footer class=\"ut-pt-pricing\"><span class=\"ut-pt-price\"><sup>\u20ac<\/sup>10,50<\/span><\/footer><\/div><\/div><div class=\"grid-25 tablet-grid-50 mobile-grid-100\"><div class=\"ut-pricing-table\"><header class=\"ut-pt-header ut-level-one\"><h2 class=\"ut-pt-title\">Forfait famille<\/h2><span class=\"ut-pt-title-slogan\">2 adultes - 2 enfants                         <\/span><\/header><footer class=\"ut-pt-pricing\"><span class=\"ut-pt-price\"><sup>\u20ac <\/sup>29,00<\/span><\/footer><\/div><\/div><div class=\"clear\"><\/div><\/div><br \/>\n<\/p>\n<h6 class=\"ut-title-divider \" ><span><\/p>\n<h2>Horaires<\/h2>\n<p><\/span><\/h6>\n<div  class=\"ut-alert grey  \">\n<p style=\"text-align: center;\">F\u00e9vrier \/ Mars \/ Octobre \/ Novembre \/ D\u00e9cembre<br \/>\n12h00- 18h00<\/p>\n<p style=\"text-align: center;\">Avril\/ Mai\/ Juin \/ Juillet \/ Ao\u00fbt \/ Septembre<br \/>\n10h00-19h00<\/p>\n<\/div>\n<h6 class=\"ut-title-divider \" ><span><\/p>\n<h2>Acc\u00e8s<\/h2>\n<p><\/span><\/h6>\n<div  class=\"ut-alert grey  \">\n<h3 style=\"text-align: center;\">Par la route<\/h3>\n<p style=\"text-align: center;\">Sortie autoroute A85 num\u00e9ro 5 Bourgueil (suivre Saumur) D960<br \/>\nParking gratuit situ\u00e9 au Quai Alexandre Dumas, en bords de Loire,<br \/>\nau pied du ch\u00e2teau (15 places de stationnement)<br \/>\nParking de l&rsquo;Arceau, 5 minutes \u00e0 pied (800 m\u00e8tres) : 300 places de stationnement \/ gratuit.<\/p>\n<h3 style=\"text-align: center;\">Par le train<\/h3>\n<p style=\"text-align: center;\">Gare de Port-Boulet : 11 km<br \/>\nGare de Saumur : 17 km<br \/>\nGare de Tours : 57 km<\/p>\n<h3 style=\"text-align: center;\">En avion<\/h3>\n<p style=\"text-align: center;\">A\u00e9roport d\u2019Angers Marc\u00e9: 59 km<br \/>\nTours Val de la Loire a\u00e9roport: 74 km<br \/>\nA\u00e9roport de Poitiers Biard : 80 km<br \/>\nA\u00e9roport de Nantes Atlantique: 159 km<br \/>\nRecherchez un vol sur <strong><a href=\"https:\/\/www.momondo.fr\/\">Momondo<\/a>.fr<\/strong><\/p>\n<h3 style=\"text-align: center;\">En bus<\/h3>\n<p style=\"text-align: center;\">Bus Saumur-Montsoreau:<br \/>\nConsultez les horaires<a href=\"https:\/\/www.agglobus.fr\/se-deplacer\/fiches-horaires\/fiches-horaires-du-reseau-periurbain\"> ici<\/a><\/p>\n<h3 style=\"text-align: center;\">En bateau<\/h3>\n<p style=\"text-align: center;\">Croisi\u00e8res Saumur-Montsoreau<em><br \/>\n<\/em>Tous les samedis, du 6 juillet au 31 ao\u00fbt<br \/>\nDur\u00e9e de la croisi\u00e8re: 1h15<\/p>\n<\/div>\n<hr \/>\n<p><!--\n[ut_title_divider]\n\n\n<h2>Le Restaurant<\/h2>\n\n\n[\/ut_title_divider]\n[ut_one] [ut_alert color=\"grey\"]\n<img loading=\"lazy\" decoding=\"async\" class=\"aligncenter wp-image-4786 size-full\" title=\"Cr\u00e9dits Photographiques : Chloe Ghesquier\" src=\"http:\/\/www.chateau-montsoreau.com\/wordpress\/wp-content\/uploads\/2016\/03\/Ch\u00e2teau-22.png\" alt=\"\" width=\"2000\" height=\"1501\" \/>[\/ut_alert] [\/ut_one_half]\n\n[ut_one_half_last] [ut_alert color=\"grey\"]\n\n\n<h5 style=\"text-align: center;\">Les cartes du Restaurant\nBient\u00f4t<\/h5>\n\n\n[\/ut_alert] [\/ut_one_half_last]\n\n[ut_alert color=\"grey\"]\n[ut_title_divider margin_top=\"5\"]\n\n\n<h2>Chez Alexandre<\/h2>\n\n\n[\/ut_title_divider]\n\n\n<h3 style=\"text-align: center;\">Situ\u00e9 dans la cour int\u00e9rieure, le Bistrot du Ch\u00e2teau propose une cuisine de saison \u00e0 la fois simple et inventive. Dans ce lieu convivial, vous vous laisserez surprendre par l'originalit\u00e9 d\u2019une carte authentique aux plats servis dans un cadre exceptionnel.<\/h3>\n\n\n[\/ut_alert]\n\n\n\n<hr \/ -->\n<h6 class=\"ut-title-divider \" ><span><\/p>\n<h2>Pr\u00e9parez votre visite<\/h2>\n<p style=\"text-align: justify;\"><\/span><\/h6>\n<p><iframe loading=\"lazy\" style=\"border: 0;\" src=\"https:\/\/www.google.com\/maps\/embed?pb=!1m18!1m12!1m3!1d2710.0456731702134!2d0.06036031508782734!3d47.215688622893936!2m3!1f0!2f0!3f0!3m2!1i1024!2i768!4f13.1!3m3!1m2!1s0x0%3A0xa3ad940aa09d3ec4!2sCh%C3%A2teau%20de%20Montsoreau-Mus%C3%A9e%20d'art%20contemporain!5e0!3m2!1sfr!2sfr!4v1578134901008!5m2!1sfr!2sfr\" width=\"600\" height=\"450\" frameborder=\"0\" allowfullscreen=\"allowfullscreen\"><\/iframe><\/p>\n<div  class=\"ut-alert grey  \">\n<p style=\"text-align: center;\">Moyens de paiement : esp\u00e8ces, ch\u00e8ques, ch\u00e8ques-vacances, cartes de cr\u00e9dit, Pass Culture.<br \/>\nDerni\u00e8re entr\u00e9e 45 minutes avant la fermeture du site.<br \/>\nLangues parl\u00e9es \u00e0 l&rsquo;accueil: Fran\u00e7ais \/ Anglais.<br \/>\nTextes de m\u00e9diation au sein du mus\u00e9e traduits en anglais, espagnol, italien.<br \/>\nCasiers.<br \/>\nParking v\u00e9los.<br \/>\nChange-b\u00e9b\u00e9.<br \/>\nChiens accept\u00e9s \u00e0 l&rsquo;int\u00e9rieur et \u00e0 l&rsquo;ext\u00e9rieur du mus\u00e9e, tenus en laisse.<br \/>\nCannes-si\u00e8ges.<br \/>\nParking poussettes.<\/p>\n<\/div>\n<h6 class=\"ut-title-divider \" ><span><\/p>\n<h2>Pass Mus\u00e9e<\/h2>\n<p><\/span><\/h6>\n<div  class=\"ut-alert grey  \">\n<p style=\"text-align: left;\"><strong><a href=\"https:\/\/www.chateau-montsoreau.com\/wordpress\/wp-content\/uploads\/2023\/10\/carte-pass-habitants-montsoreau-maquette.jpg\"><img loading=\"lazy\" decoding=\"async\" class=\"wp-image-8725 alignright\" src=\"https:\/\/www.chateau-montsoreau.com\/wordpress\/wp-content\/uploads\/2023\/10\/carte-pass-habitants-montsoreau-maquette.jpg\" alt=\"\" width=\"205\" height=\"181\" srcset=\"https:\/\/www.chateau-montsoreau.com\/wordpress\/wp-content\/uploads\/2023\/10\/carte-pass-habitants-montsoreau-maquette.jpg 807w, https:\/\/www.chateau-montsoreau.com\/wordpress\/wp-content\/uploads\/2023\/10\/carte-pass-habitants-montsoreau-maquette-600x530.jpg 600w, https:\/\/www.chateau-montsoreau.com\/wordpress\/wp-content\/uploads\/2023\/10\/carte-pass-habitants-montsoreau-maquette-300x265.jpg 300w, https:\/\/www.chateau-montsoreau.com\/wordpress\/wp-content\/uploads\/2023\/10\/carte-pass-habitants-montsoreau-maquette-768x679.jpg 768w\" sizes=\"auto, (max-width: 205px) 100vw, 205px\" \/><\/a>Le Pass Mus\u00e9e, valable 1 an, offre de nombreux avantages:<br \/>\n<\/strong>Un acc\u00e8s illimit\u00e9 \u00e0 la collection permanente et aux expositions temporaires<br \/>\n5% de r\u00e9duction dans la librairie-boutique du mus\u00e9e<br \/>\nLa programmation et les actualit\u00e9s des mus\u00e9es en avant-premi\u00e8re (newsletter num\u00e9rique)<br \/>\nInvitation aux vernissages des expositions temporaires<br \/>\nUn tarif r\u00e9duit pour vos accompagnants<\/p>\n<p style=\"text-align: left;\">Votre Pass Mus\u00e9e en vente <a href=\"https:\/\/www.chateau-montsoreau.com\/wordpress\/fr\/acheter-un-billet\/\"><strong>ici<\/strong><\/a>.<\/p>\n<\/div>\n<h6 class=\"ut-title-divider \" ><span><\/p>\n<h2>Gratuit\u00e9s<\/h2>\n<p style=\"text-align: justify;\"><\/span><\/h6>\n<div  class=\"ut-alert grey  \">\n<p style=\"text-align: center;\">Personnes \u00e0 mobilit\u00e9 r\u00e9duite<br \/>\nEnfants de &#8211; 5 ans<br \/>\nPresse.<\/p>\n<\/div>\n<h6 class=\"ut-title-divider \" ><span><\/p>\n<h2>Autour de Montsoreau<\/h2>\n<p><\/span><\/h6>\n<div  class=\"ut-alert grey  \">\n<p style=\"text-align: center;\">Id\u00e9alement situ\u00e9 en bords de Loire, au c\u0153ur du Parc Naturel R\u00e9gional Loire-Anjou-Touraine, dans l&rsquo;un des plus beaux villages de France, le Ch\u00e2teau de Montsoreau &#8211; Mus\u00e9e d&rsquo;Art Contemporain\u00a0 permet de conjuguer la visite d&rsquo;un monument avec la d\u00e9couverte d&rsquo;une collection priv\u00e9e d&rsquo;art contemporain. De nombreuses activit\u00e9s vous permettront d&rsquo;agr\u00e9menter votre s\u00e9jour \u00e0 Montsoreau : cano\u00e9, ski nautique, bateau, \u0153notourisme (vins de Saumur et Chinon), montgolfi\u00e8re, visites du village troglodytique de Turquant, de la coll\u00e9giale des Candes-Saint-Martin, au confluent de la Vienne et la Loire, ou de l&rsquo;abbaye de Fontevraud.<br \/>\nPlus d&rsquo;informations sur le <a href=\"https:\/\/www.anjou-tourisme.com\/fr\" target=\"_blank\" rel=\"noopener noreferrer\">site du tourisme d&rsquo;Anjou<\/a>.<\/p>\n<p>&nbsp;<\/p>\n<\/div>\n<h6 class=\"ut-title-divider \" ><span><\/p>\n<h2>Accueil des publics en situation de handicap<\/h2>\n<p><\/span><\/h6>\n<div  class=\"ut-alert grey  \">\n<p style=\"text-align: center;\">Des am\u00e9nagements facilitent l&rsquo;accessibilit\u00e9 du site:<\/p>\n<p style=\"text-align: center;\">Zone de stationnement r\u00e9serv\u00e9e :<br \/>\nplace de parking personnes \u00e0 mobilit\u00e9 r\u00e9duite situ\u00e9e sur la Place des Diligences.<br \/>\nD\u00e9pose minute devant la billetterie du mus\u00e9e.<br \/>\nSeul le rez-de-chauss\u00e9e du mus\u00e9e est accessible en fauteuil.<br \/>\nLes chiens guide d&rsquo;aveugle ou les chiens d&rsquo;assistance Handi&rsquo; Chiens, que ce soit en famille d&rsquo;accueil ou avec son b\u00e9n\u00e9ficiaire, sont les bienvenus au Ch\u00e2teau de Montsoreau -Mus\u00e9e d&rsquo;art contemporain.<br \/>\nDurant votre visite nous vous engageons \u00e0 prendre en charge votre chien \u00e0 l&rsquo;accueil.<\/p>\n<\/div>\n<h6 class=\"ut-title-divider \" ><span><\/p>\n<h2>R\u00e8glement int\u00e9rieur<\/h2>\n<p><\/span><\/h6>\n<div  class=\"ut-alert grey  \">\n<p style=\"text-align: center;\">Les visites du mus\u00e9e sont soumises \u00e0 un r\u00e8glement qui s&rsquo;applique \u00e0 l&rsquo;int\u00e9rieur comme \u00e0 l&rsquo;ext\u00e9rieur du site.<\/p>\n<p style=\"text-align: center;\">Pour le consulter, cliquez <a href=\"https:\/\/www.chateau-montsoreau.com\/wordpress\/wp-content\/uploads\/2022\/08\/Reglement-interieur-chateau-de-montsoreau-musee-dart-contemporain.pdf\"><strong>ici<\/strong><\/a>.<\/p>\n<\/div>\n","protected":false},"excerpt":{"rendered":"","protected":false},"author":5,"featured_media":0,"parent":0,"menu_order":1,"comment_status":"closed","ping_status":"closed","template":"","meta":{"footnotes":""},"class_list":["post-6372","page","type-page","status-publish","hentry"],"yoast_head":"<!-- This site is optimized with the Yoast SEO plugin v27.3 - https:\/\/yoast.com\/product\/yoast-seo-wordpress\/ -->\n<title>Infos pratiques | Ch\u00e2teau de Montsoreau-Mus\u00e9e d&#039;Art Contemporain<\/title>\n<meta name=\"description\" content=\"Tarifs, acc\u00e8s, horaires d&#039;ouverture. Toutes les informations pratiques pour pr\u00e9parer votre visite au Ch\u00e2teau de Montsoreau - Mus\u00e9e d&#039;art contemporain\" \/>\n<meta name=\"robots\" content=\"index, follow, max-snippet:-1, max-image-preview:large, max-video-preview:-1\" \/>\n<link rel=\"canonical\" href=\"https:\/\/www.chateau-montsoreau.com\/wordpress\/fr\/informations-pratiques\/\" \/>\n<meta property=\"og:locale\" content=\"fr_FR\" \/>\n<meta property=\"og:type\" content=\"article\" \/>\n<meta property=\"og:title\" content=\"Infos pratiques | Ch\u00e2teau de Montsoreau-Mus\u00e9e d&#039;Art Contemporain\" \/>\n<meta property=\"og:description\" content=\"Tarifs, acc\u00e8s, horaires d&#039;ouverture. Toutes les informations pratiques pour pr\u00e9parer votre visite au Ch\u00e2teau de Montsoreau - Mus\u00e9e d&#039;art contemporain\" \/>\n<meta property=\"og:url\" content=\"https:\/\/www.chateau-montsoreau.com\/wordpress\/fr\/informations-pratiques\/\" \/>\n<meta property=\"og:site_name\" content=\"Ch\u00e2teau de Montsoreau-Mus\u00e9e d&#039;Art Contemporain\" \/>\n<meta property=\"article:publisher\" content=\"https:\/\/www.facebook.com\/chateaudemontsoreau\/\" \/>\n<meta property=\"article:modified_time\" content=\"2026-03-21T16:00:49+00:00\" \/>\n<meta property=\"og:image\" content=\"https:\/\/www.chateau-montsoreau.com\/wordpress\/wp-content\/uploads\/2023\/10\/carte-pass-habitants-montsoreau-maquette.jpg\" \/>\n\t<meta property=\"og:image:width\" content=\"807\" \/>\n\t<meta property=\"og:image:height\" content=\"713\" \/>\n\t<meta property=\"og:image:type\" content=\"image\/jpeg\" \/>\n<meta name=\"twitter:card\" content=\"summary_large_image\" \/>\n<meta name=\"twitter:site\" content=\"@Cmontsoreau\" \/>\n<meta name=\"twitter:label1\" content=\"Dur\u00e9e de lecture estim\u00e9e\" \/>\n\t<meta name=\"twitter:data1\" content=\"6 minutes\" \/>\n<script type=\"application\/ld+json\" class=\"yoast-schema-graph\">{\"@context\":\"https:\\\/\\\/schema.org\",\"@graph\":[{\"@type\":\"WebPage\",\"@id\":\"https:\\\/\\\/www.chateau-montsoreau.com\\\/wordpress\\\/fr\\\/informations-pratiques\\\/\",\"url\":\"https:\\\/\\\/www.chateau-montsoreau.com\\\/wordpress\\\/fr\\\/informations-pratiques\\\/\",\"name\":\"Infos pratiques | Ch\u00e2teau de Montsoreau-Mus\u00e9e d&#039;Art Contemporain\",\"isPartOf\":{\"@id\":\"https:\\\/\\\/www.chateau-montsoreau.com\\\/wordpress\\\/#website\"},\"primaryImageOfPage\":{\"@id\":\"https:\\\/\\\/www.chateau-montsoreau.com\\\/wordpress\\\/fr\\\/informations-pratiques\\\/#primaryimage\"},\"image\":{\"@id\":\"https:\\\/\\\/www.chateau-montsoreau.com\\\/wordpress\\\/fr\\\/informations-pratiques\\\/#primaryimage\"},\"thumbnailUrl\":\"https:\\\/\\\/www.chateau-montsoreau.com\\\/wordpress\\\/wp-content\\\/uploads\\\/2023\\\/10\\\/carte-pass-habitants-montsoreau-maquette.jpg\",\"datePublished\":\"2016-03-04T10:55:54+00:00\",\"dateModified\":\"2026-03-21T16:00:49+00:00\",\"description\":\"Tarifs, acc\u00e8s, horaires d'ouverture. Toutes les informations pratiques pour pr\u00e9parer votre visite au Ch\u00e2teau de Montsoreau - Mus\u00e9e d'art contemporain\",\"breadcrumb\":{\"@id\":\"https:\\\/\\\/www.chateau-montsoreau.com\\\/wordpress\\\/fr\\\/informations-pratiques\\\/#breadcrumb\"},\"inLanguage\":\"fr-FR\",\"potentialAction\":[{\"@type\":\"ReadAction\",\"target\":[\"https:\\\/\\\/www.chateau-montsoreau.com\\\/wordpress\\\/fr\\\/informations-pratiques\\\/\"]}]},{\"@type\":\"ImageObject\",\"inLanguage\":\"fr-FR\",\"@id\":\"https:\\\/\\\/www.chateau-montsoreau.com\\\/wordpress\\\/fr\\\/informations-pratiques\\\/#primaryimage\",\"url\":\"https:\\\/\\\/www.chateau-montsoreau.com\\\/wordpress\\\/wp-content\\\/uploads\\\/2023\\\/10\\\/carte-pass-habitants-montsoreau-maquette.jpg\",\"contentUrl\":\"https:\\\/\\\/www.chateau-montsoreau.com\\\/wordpress\\\/wp-content\\\/uploads\\\/2023\\\/10\\\/carte-pass-habitants-montsoreau-maquette.jpg\",\"width\":807,\"height\":713},{\"@type\":\"BreadcrumbList\",\"@id\":\"https:\\\/\\\/www.chateau-montsoreau.com\\\/wordpress\\\/fr\\\/informations-pratiques\\\/#breadcrumb\",\"itemListElement\":[{\"@type\":\"ListItem\",\"position\":1,\"name\":\"Accueil\",\"item\":\"https:\\\/\\\/www.chateau-montsoreau.com\\\/wordpress\\\/fr\\\/\"},{\"@type\":\"ListItem\",\"position\":2,\"name\":\"Infos pratiques\"}]},{\"@type\":\"WebSite\",\"@id\":\"https:\\\/\\\/www.chateau-montsoreau.com\\\/wordpress\\\/#website\",\"url\":\"https:\\\/\\\/www.chateau-montsoreau.com\\\/wordpress\\\/\",\"name\":\"Ch\u00e2teau de Montsoreau-Mus\u00e9e d&#039;Art Contemporain\",\"description\":\"Ch\u00e2teaux de la Loire Art Contemporain Art Conceptuel\",\"publisher\":{\"@id\":\"https:\\\/\\\/www.chateau-montsoreau.com\\\/wordpress\\\/#organization\"},\"potentialAction\":[{\"@type\":\"SearchAction\",\"target\":{\"@type\":\"EntryPoint\",\"urlTemplate\":\"https:\\\/\\\/www.chateau-montsoreau.com\\\/wordpress\\\/?s={search_term_string}\"},\"query-input\":{\"@type\":\"PropertyValueSpecification\",\"valueRequired\":true,\"valueName\":\"search_term_string\"}}],\"inLanguage\":\"fr-FR\"},{\"@type\":\"Organization\",\"@id\":\"https:\\\/\\\/www.chateau-montsoreau.com\\\/wordpress\\\/#organization\",\"name\":\"Ch\u00e2teau de Montsoreau - Mus\u00e9e d'art contemporain\",\"url\":\"https:\\\/\\\/www.chateau-montsoreau.com\\\/wordpress\\\/\",\"logo\":{\"@type\":\"ImageObject\",\"inLanguage\":\"fr-FR\",\"@id\":\"https:\\\/\\\/www.chateau-montsoreau.com\\\/wordpress\\\/#\\\/schema\\\/logo\\\/image\\\/\",\"url\":\"https:\\\/\\\/www.chateau-montsoreau.com\\\/wordpress\\\/wp-content\\\/uploads\\\/2016\\\/03\\\/Logo-Montsoreau-tout-petit-1.png\",\"contentUrl\":\"https:\\\/\\\/www.chateau-montsoreau.com\\\/wordpress\\\/wp-content\\\/uploads\\\/2016\\\/03\\\/Logo-Montsoreau-tout-petit-1.png\",\"width\":133,\"height\":133,\"caption\":\"Ch\u00e2teau de Montsoreau - Mus\u00e9e d'art contemporain\"},\"image\":{\"@id\":\"https:\\\/\\\/www.chateau-montsoreau.com\\\/wordpress\\\/#\\\/schema\\\/logo\\\/image\\\/\"},\"sameAs\":[\"https:\\\/\\\/www.facebook.com\\\/chateaudemontsoreau\\\/\",\"https:\\\/\\\/x.com\\\/Cmontsoreau\",\"https:\\\/\\\/www.instagram.com\\\/chateaudemontsoreau\\\/\",\"http:\\\/\\\/www.pinterest.com\\\/Cmontsoreau\"]}]}<\/script>\n<!-- \/ Yoast SEO plugin. -->","yoast_head_json":{"title":"Infos pratiques | Ch\u00e2teau de Montsoreau-Mus\u00e9e d&#039;Art Contemporain","description":"Tarifs, acc\u00e8s, horaires d'ouverture. Toutes les informations pratiques pour pr\u00e9parer votre visite au Ch\u00e2teau de Montsoreau - Mus\u00e9e d'art contemporain","robots":{"index":"index","follow":"follow","max-snippet":"max-snippet:-1","max-image-preview":"max-image-preview:large","max-video-preview":"max-video-preview:-1"},"canonical":"https:\/\/www.chateau-montsoreau.com\/wordpress\/fr\/informations-pratiques\/","og_locale":"fr_FR","og_type":"article","og_title":"Infos pratiques | Ch\u00e2teau de Montsoreau-Mus\u00e9e d&#039;Art Contemporain","og_description":"Tarifs, acc\u00e8s, horaires d'ouverture. Toutes les informations pratiques pour pr\u00e9parer votre visite au Ch\u00e2teau de Montsoreau - Mus\u00e9e d'art contemporain","og_url":"https:\/\/www.chateau-montsoreau.com\/wordpress\/fr\/informations-pratiques\/","og_site_name":"Ch\u00e2teau de Montsoreau-Mus\u00e9e d&#039;Art Contemporain","article_publisher":"https:\/\/www.facebook.com\/chateaudemontsoreau\/","article_modified_time":"2026-03-21T16:00:49+00:00","og_image":[{"width":807,"height":713,"url":"https:\/\/www.chateau-montsoreau.com\/wordpress\/wp-content\/uploads\/2023\/10\/carte-pass-habitants-montsoreau-maquette.jpg","type":"image\/jpeg"}],"twitter_card":"summary_large_image","twitter_site":"@Cmontsoreau","twitter_misc":{"Dur\u00e9e de lecture estim\u00e9e":"6 minutes"},"schema":{"@context":"https:\/\/schema.org","@graph":[{"@type":"WebPage","@id":"https:\/\/www.chateau-montsoreau.com\/wordpress\/fr\/informations-pratiques\/","url":"https:\/\/www.chateau-montsoreau.com\/wordpress\/fr\/informations-pratiques\/","name":"Infos pratiques | Ch\u00e2teau de Montsoreau-Mus\u00e9e d&#039;Art Contemporain","isPartOf":{"@id":"https:\/\/www.chateau-montsoreau.com\/wordpress\/#website"},"primaryImageOfPage":{"@id":"https:\/\/www.chateau-montsoreau.com\/wordpress\/fr\/informations-pratiques\/#primaryimage"},"image":{"@id":"https:\/\/www.chateau-montsoreau.com\/wordpress\/fr\/informations-pratiques\/#primaryimage"},"thumbnailUrl":"https:\/\/www.chateau-montsoreau.com\/wordpress\/wp-content\/uploads\/2023\/10\/carte-pass-habitants-montsoreau-maquette.jpg","datePublished":"2016-03-04T10:55:54+00:00","dateModified":"2026-03-21T16:00:49+00:00","description":"Tarifs, acc\u00e8s, horaires d'ouverture. Toutes les informations pratiques pour pr\u00e9parer votre visite au Ch\u00e2teau de Montsoreau - Mus\u00e9e d'art contemporain","breadcrumb":{"@id":"https:\/\/www.chateau-montsoreau.com\/wordpress\/fr\/informations-pratiques\/#breadcrumb"},"inLanguage":"fr-FR","potentialAction":[{"@type":"ReadAction","target":["https:\/\/www.chateau-montsoreau.com\/wordpress\/fr\/informations-pratiques\/"]}]},{"@type":"ImageObject","inLanguage":"fr-FR","@id":"https:\/\/www.chateau-montsoreau.com\/wordpress\/fr\/informations-pratiques\/#primaryimage","url":"https:\/\/www.chateau-montsoreau.com\/wordpress\/wp-content\/uploads\/2023\/10\/carte-pass-habitants-montsoreau-maquette.jpg","contentUrl":"https:\/\/www.chateau-montsoreau.com\/wordpress\/wp-content\/uploads\/2023\/10\/carte-pass-habitants-montsoreau-maquette.jpg","width":807,"height":713},{"@type":"BreadcrumbList","@id":"https:\/\/www.chateau-montsoreau.com\/wordpress\/fr\/informations-pratiques\/#breadcrumb","itemListElement":[{"@type":"ListItem","position":1,"name":"Accueil","item":"https:\/\/www.chateau-montsoreau.com\/wordpress\/fr\/"},{"@type":"ListItem","position":2,"name":"Infos pratiques"}]},{"@type":"WebSite","@id":"https:\/\/www.chateau-montsoreau.com\/wordpress\/#website","url":"https:\/\/www.chateau-montsoreau.com\/wordpress\/","name":"Ch\u00e2teau de Montsoreau-Mus\u00e9e d&#039;Art Contemporain","description":"Ch\u00e2teaux de la Loire Art Contemporain Art Conceptuel","publisher":{"@id":"https:\/\/www.chateau-montsoreau.com\/wordpress\/#organization"},"potentialAction":[{"@type":"SearchAction","target":{"@type":"EntryPoint","urlTemplate":"https:\/\/www.chateau-montsoreau.com\/wordpress\/?s={search_term_string}"},"query-input":{"@type":"PropertyValueSpecification","valueRequired":true,"valueName":"search_term_string"}}],"inLanguage":"fr-FR"},{"@type":"Organization","@id":"https:\/\/www.chateau-montsoreau.com\/wordpress\/#organization","name":"Ch\u00e2teau de Montsoreau - Mus\u00e9e d'art contemporain","url":"https:\/\/www.chateau-montsoreau.com\/wordpress\/","logo":{"@type":"ImageObject","inLanguage":"fr-FR","@id":"https:\/\/www.chateau-montsoreau.com\/wordpress\/#\/schema\/logo\/image\/","url":"https:\/\/www.chateau-montsoreau.com\/wordpress\/wp-content\/uploads\/2016\/03\/Logo-Montsoreau-tout-petit-1.png","contentUrl":"https:\/\/www.chateau-montsoreau.com\/wordpress\/wp-content\/uploads\/2016\/03\/Logo-Montsoreau-tout-petit-1.png","width":133,"height":133,"caption":"Ch\u00e2teau de Montsoreau - Mus\u00e9e d'art contemporain"},"image":{"@id":"https:\/\/www.chateau-montsoreau.com\/wordpress\/#\/schema\/logo\/image\/"},"sameAs":["https:\/\/www.facebook.com\/chateaudemontsoreau\/","https:\/\/x.com\/Cmontsoreau","https:\/\/www.instagram.com\/chateaudemontsoreau\/","http:\/\/www.pinterest.com\/Cmontsoreau"]}]}},"_links":{"self":[{"href":"https:\/\/www.chateau-montsoreau.com\/wordpress\/wp-json\/wp\/v2\/pages\/6372","targetHints":{"allow":["GET"]}}],"collection":[{"href":"https:\/\/www.chateau-montsoreau.com\/wordpress\/wp-json\/wp\/v2\/pages"}],"about":[{"href":"https:\/\/www.chateau-montsoreau.com\/wordpress\/wp-json\/wp\/v2\/types\/page"}],"author":[{"embeddable":true,"href":"https:\/\/www.chateau-montsoreau.com\/wordpress\/wp-json\/wp\/v2\/users\/5"}],"replies":[{"embeddable":true,"href":"https:\/\/www.chateau-montsoreau.com\/wordpress\/wp-json\/wp\/v2\/comments?post=6372"}],"version-history":[{"count":95,"href":"https:\/\/www.chateau-montsoreau.com\/wordpress\/wp-json\/wp\/v2\/pages\/6372\/revisions"}],"predecessor-version":[{"id":9065,"href":"https:\/\/www.chateau-montsoreau.com\/wordpress\/wp-json\/wp\/v2\/pages\/6372\/revisions\/9065"}],"wp:attachment":[{"href":"https:\/\/www.chateau-montsoreau.com\/wordpress\/wp-json\/wp\/v2\/media?parent=6372"}],"curies":[{"name":"wp","href":"https:\/\/api.w.org\/{rel}","templated":true}]}}