{"id":6561,"date":"2019-09-01T15:33:58","date_gmt":"2019-09-01T14:33:58","guid":{"rendered":"http:\/\/www.chateau-montsoreau.com\/wordpress\/?page_id=6561"},"modified":"2019-11-22T15:00:34","modified_gmt":"2019-11-22T14:00:34","slug":"restaurante","status":"publish","type":"page","link":"https:\/\/www.chateau-montsoreau.com\/wordpress\/es\/restaurante\/","title":{"rendered":"Restaurante"},"content":{"rendered":"<h6 class=\"ut-title-divider \" style=\"margin-top:5px;\"><span><\/p>\n<h1>JEAN 2<\/h1>\n<p><\/span><\/h6>\n<div  class=\"ut-one-half  \">\n<p><em>Situado en las antiguas cocinas del castillo, el restaurante JEAN 2 ofrece platos elaborados con productos locales, ecol\u00f3gicos y artesanales, acompa\u00f1ados de vinos naturales. Dispone de una terraza panor\u00e1mica con vistas al Loira.<\/em><br \/>\n<em>Llamado JEAN 2 en homenaje a Jean II de Chambes -asesor cercano de Carlos VII- que mand\u00f3 construir el castillo en el siglo XV, el restaurante est\u00e1 dividido en dos ambientes: una sala abovedada, acogedora, \u00edntima y relajada con un rinc\u00f3n de biblioteca para devorar un c\u00f3mic o un libro de arte, una novela o una colecci\u00f3n de poes\u00eda, en completa serenidad y una terraza, para los d\u00edas de verano, con su tejado que domina la confluencia de la Vienne y el Loira.<\/em><\/p>\n<p>En cuanto a la cocina, JEAN 2 ofrece una variedad de pizarras elaboradas con productos locales: cerdo y queso ecol\u00f3gicos o artesanales, hamburguesas y sopas ecol\u00f3gicas, acompa\u00f1adas de una copa de vino natural.<\/p>\n<p style=\"text-align: left;\"><\/div>\n<p style=\"text-align: left;\"><div  class=\"ut-one-half ut-column-last  \">\n<div id=\"attachment_5825\" style=\"width: 1510px\" class=\"wp-caption aligncenter\"><img loading=\"lazy\" decoding=\"async\" aria-describedby=\"caption-attachment-5825\" class=\"wp-image-5825 size-full\" src=\"http:\/\/www.chateau-montsoreau.com\/wordpress\/wp-content\/uploads\/2017\/10\/vin-naturel.jpg\" alt=\"Chaffardon Jean 2 Terrasse\" width=\"1500\" height=\"843\" \/><p id=\"caption-attachment-5825\" class=\"wp-caption-text\">Didier Chaffardon, Le Rouz\u00e9, 2012. Terraza del JEAN 2<\/p><\/div>\n<h4 style=\"text-align: justify;\"><\/div><div class=\"clear\"><\/div><\/h4>\n<div  class=\"ut-one-half  \">\n<strong>En el lado de la decoraci\u00f3n, la m\u00fasica inspira el lugar<\/strong><br \/>\nEn las paredes, las tapas de vinilo nos recuerdan que el movimiento Art &amp; Language -cuyas obras vanguardistas se presentan en el museo- ha colaborado en varios \u00e1lbumes del grupo de rock psicod\u00e9lico Red Crayola.<br \/>\nUn piano tambi\u00e9n est\u00e1 disponible para los visitantes que deseen ejercitar su talento.<\/p>\n<h2 style=\"text-align: justify;\">Nuestra selecci\u00f3n de vinos naturales<\/h2>\n<p>Domaine le Clos M\u00e9laric, <em>Bille de Roche<\/em>, 2014<br \/>\nDomaine de l\u2019Ecu, <em>Granite<\/em>, 2014<br \/>\nDomaine de l\u2019Ecu, <em>Orthogneiss<\/em>, 2014\u00a0 \u00a0\u00a0\u00a0\u00a0\u00a0\u00a0\u00a0\u00a0\u00a0\u00a0\u00a0\u00a0\u00a0\u00a0\u00a0\u00a0\u00a0\u00a0\u00a0\u00a0\u00a0\u00a0\u00a0\u00a0\u00a0\u00a0\u00a0\u00a0\u00a0\u00a0\u00a0\u00a0\u00a0\u00a0\u00a0\u00a0\u00a0\u00a0\u00a0\u00a0\u00a0\u00a0 <strong><br \/>\n<\/strong>Domaine L\u00e9onis, <em>Buissonnante<\/em>, 2015<br \/>\nDomaine de la Chevalerie, <em>Diptyque<\/em>, 2014<br \/>\nDomaine Bordes, <em>les Marys<\/em>, 2013<br \/>\nDomaine Gramenon, <em>Poign\u00e9e de Raisins<\/em>, 2015\u00a0 \u00a0\u00a0\u00a0\u00a0\u00a0\u00a0\u00a0\u00a0\u00a0\u00a0\u00a0\u00a0\u00a0\u00a0\u00a0\u00a0\u00a0\u00a0\u00a0\u00a0\u00a0\u00a0 <strong><br \/>\n<\/strong>Domaine le Sot de l\u2019Ange, <em>Sottise<\/em>, 2015<strong>\u00a0\u00a0\u00a0\u00a0\u00a0\u00a0\u00a0\u00a0\u00a0\u00a0 <\/strong><strong><br \/>\n<\/strong>Domaine de la Paleine<strong><br \/>\n<\/strong>Domaine la Tour Grise, <em>Ze Bulle Z\u00e9ro Point\u00e9<\/em><br \/>\nDidier Chaffardon, <em>Clopin Clopant\u00a0\u00a0\u00a0<\/em>\u00a0\u00a0\u00a0\u00a0\u00a0\u00a0\u00a0\u00a0\u00a0\u00a0\u00a0\u00a0\u00a0\u00a0\u00a0\u00a0\u00a0\u00a0\u00a0\u00a0\u00a0\u00a0\u00a0\u00a0\u00a0\u00a0\u00a0\u00a0\u00a0\u00a0\u00a0\u00a0\u00a0\u00a0\u00a0\u00a0\u00a0\u00a0\u00a0\u00a0\u00a0\u00a0\u00a0\u00a0\u00a0\u00a0\u00a0\u00a0\u00a0\u00a0\u00a0\u00a0\u00a0\u00a0\u00a0\u00a0\u00a0\u00a0\u00a0\u00a0\u00a0\u00a0\u00a0\u00a0\u00a0\u00a0\u00a0\u00a0\u00a0\u00a0\u00a0\u00a0\u00a0\u00a0\u00a0\u00a0\u00a0\u00a0\u00a0\u00a0\u00a0\u00a0\u00a0\u00a0\u00a0\u00a0\u00a0\u00a0 <strong><br \/>\n<\/strong>Domaine le Sot de l\u2019Ange, <em>Red is Dead<\/em><strong><em>\u00a0\u00a0<\/em>\u00a0\u00a0\u00a0<\/strong><\/p>\n<p>&nbsp;<\/p>\n<h2><strong>Para Comer<\/strong><\/h2>\n<p><strong>Pizarra de quesos ecol\u00f3gicos y\/o de cerdo<\/strong> (rillettes de Thiol, jam\u00f3n, salchichas, rillauds de Branchereau, Andouille de Bernardeau, queso de cabra de la queser\u00eda Haut Cru\u00e9). : 15\u20ac<br \/>\n<strong>Hamburguesas<br \/>\n<\/strong>El cl\u00e1sico : 14,50\u20ac<br \/>\nEl vegetariano, papas fritas caseras : 14,50\u20ac<br \/>\n<strong>Steack Tartare:<\/strong> 16\u20ac<br \/>\n<strong>Ensalada grande de temporada<\/strong> : 11\u20ac<\/p>\n<h2><strong>Grupos<\/strong><\/h2>\n<p>JEAN 2 est\u00e1 abierto todo el a\u00f1o con reserva para grupos. Es posible privatizar la sala interior (35 personas) y la terraza (45 personas) para almuerzos y cenas.<\/p>\n<p><strong>Men\u00fa a 15\u20ac<\/strong><br \/>\nSopa de Montsoreau<br \/>\nTabla de quesos y carne de cerdo<br \/>\nPostre casero<\/p>\n<p><strong>Men\u00fa a 25\u20ac<\/strong><br \/>\nSopa de zanahoria Lea Linster<br \/>\nPizarra de cerdo<br \/>\nQueso de cabra de la queser\u00eda Haut Cru\u00e9<br \/>\nPastel de ciruela del Maestro Bernard<\/p>\n<h2>Informaci\u00f3n \/ Reservas<\/h2>\n<p><strong>Horarios de apertura<\/strong><\/p>\n<p>ABRIL &#8211; MAYO &#8211; JUNIO &#8211; SEPTIEMBRE<br \/>\nLunes: almuerzo<br \/>\nde jueves a s\u00e1bado: almuerzo y cena<br \/>\nDomingo: almuerzo<br \/>\ncerrado los martes y mi\u00e9rcoles<\/p>\n<p>JULIO &#8211; AGOSTO<br \/>\nLunes: almuerzo y cena<br \/>\nJueves a s\u00e1bado: almuerzo y cena<br \/>\nDomingo: almuerzo<br \/>\ncerrado los martes y mi\u00e9rcoles<\/p>\n<p>OCTUBRE-NOVIEMBRE-DICIEMBRE<br \/>\nLunes: almuerzo<br \/>\nMartes: almuerzo y cena<br \/>\nViernes y s\u00e1bado: almuerzo y cena<br \/>\nDomingo: almuerzo<br \/>\ncerrado los mi\u00e9rcoles y jueves<\/p>\n<p>Passage du Marquis de Geoffre &#8211; 49730 Montsoreau<br \/>\nEntrada (gratuita) a trav\u00e9s de la taquilla del museo.<br \/>\nReservas:\u00a0 02 41 67 12 60<br \/>\njean2.chateaudemontsoreau@gmail.com<strong>\u00a0\u00a0<\/strong><\/p>\n<p>S\u00edguenos en<br \/>\n<img loading=\"lazy\" decoding=\"async\" class=\"wp-image-5379 alignleft\" src=\"http:\/\/www.chateau-montsoreau.com\/wordpress\/wp-content\/uploads\/2016\/03\/fb_icon_325x325-300x300.png\" alt=\"fb_icon_325x325\" width=\"48\" height=\"48\" srcset=\"https:\/\/www.chateau-montsoreau.com\/wordpress\/wp-content\/uploads\/2016\/03\/fb_icon_325x325-300x300.png 300w, https:\/\/www.chateau-montsoreau.com\/wordpress\/wp-content\/uploads\/2016\/03\/fb_icon_325x325-100x100.png 100w, https:\/\/www.chateau-montsoreau.com\/wordpress\/wp-content\/uploads\/2016\/03\/fb_icon_325x325-150x150.png 150w, https:\/\/www.chateau-montsoreau.com\/wordpress\/wp-content\/uploads\/2016\/03\/fb_icon_325x325.png 325w\" sizes=\"auto, (max-width: 48px) 100vw, 48px\" \/><\/p>\n<p>&nbsp;<\/p>\n<\/div>\n<div  class=\"ut-one-half ut-column-last  \">\n<p><img loading=\"lazy\" decoding=\"async\" class=\"aligncenter wp-image-5619 \" src=\"http:\/\/www.chateau-montsoreau.com\/wordpress\/wp-content\/uploads\/2016\/03\/soup-1905734_1920.jpg\" alt=\"soup-1905734_1920\" width=\"558\" height=\"372\" \/><\/p>\n<h4 style=\"text-align: justify;\">\u00a0<img loading=\"lazy\" decoding=\"async\" class=\"aligncenter wp-image-5956\" src=\"http:\/\/www.chateau-montsoreau.com\/wordpress\/wp-content\/uploads\/2016\/03\/P_20170814_123729-300x169.jpg\" alt=\"\" width=\"558\" height=\"314\" srcset=\"https:\/\/www.chateau-montsoreau.com\/wordpress\/wp-content\/uploads\/2016\/03\/P_20170814_123729-300x169.jpg 300w, https:\/\/www.chateau-montsoreau.com\/wordpress\/wp-content\/uploads\/2016\/03\/P_20170814_123729-600x338.jpg 600w, https:\/\/www.chateau-montsoreau.com\/wordpress\/wp-content\/uploads\/2016\/03\/P_20170814_123729-768x432.jpg 768w, https:\/\/www.chateau-montsoreau.com\/wordpress\/wp-content\/uploads\/2016\/03\/P_20170814_123729-1024x576.jpg 1024w\" sizes=\"auto, (max-width: 558px) 100vw, 558px\" \/><\/h4>\n<p><div id=\"attachment_5652\" style=\"width: 588px\" class=\"wp-caption alignnone\"><img loading=\"lazy\" decoding=\"async\" aria-describedby=\"caption-attachment-5652\" class=\" wp-image-5652\" src=\"http:\/\/www.chateau-montsoreau.com\/wordpress\/wp-content\/uploads\/2016\/03\/hamburger-maison-1036722_origin-300x200.jpg\" alt=\"Homemade cheeseburger with fried minced meat and spicy carrot salad on a cutting board on rustic wooden background.Copy space.\" width=\"578\" height=\"385\" \/><p id=\"caption-attachment-5652\" class=\"wp-caption-text\"><strong> \u00a0 \u00a0 \u00a0 \u00a0 \u00a0 \u00a0 \u00a0 \u00a0 \u00a0 \u00a0 \u00a0 \u00a0 \u00a0 \u00a0<\/strong><\/p><\/div><\/p>\n<p><img loading=\"lazy\" decoding=\"async\" class=\"aligncenter wp-image-5214\" src=\"http:\/\/www.chateau-montsoreau.com\/wordpress\/wp-content\/uploads\/2016\/03\/Jean-grande-ardoise-de-cochonnailles-300x169.jpg\" alt=\"\" width=\"558\" height=\"314\" \/><\/p>\n<p style=\"text-align: justify;\"><\/div><div class=\"clear\"><\/div>\n<p>&nbsp;<\/p>\n","protected":false},"excerpt":{"rendered":"<p>&nbsp;<\/p>\n","protected":false},"author":5,"featured_media":0,"parent":0,"menu_order":3,"comment_status":"closed","ping_status":"closed","template":"","meta":{"footnotes":""},"class_list":["post-6561","page","type-page","status-publish","hentry"],"yoast_head":"<!-- This site is optimized with the Yoast SEO plugin v27.5 - https:\/\/yoast.com\/product\/yoast-seo-wordpress\/ -->\n<title>Restaurante | Ch\u00e2teau de Montsoreau-Mus\u00e9e d&#039;Art Contemporain<\/title>\n<meta name=\"robots\" content=\"index, follow, max-snippet:-1, max-image-preview:large, max-video-preview:-1\" \/>\n<link rel=\"canonical\" href=\"https:\/\/www.chateau-montsoreau.com\/wordpress\/es\/restaurante\/\" \/>\n<meta property=\"og:locale\" content=\"fr_FR\" \/>\n<meta property=\"og:type\" content=\"article\" \/>\n<meta property=\"og:title\" content=\"Restaurante | Ch\u00e2teau de Montsoreau-Mus\u00e9e d&#039;Art Contemporain\" \/>\n<meta property=\"og:description\" content=\"&nbsp;\" \/>\n<meta property=\"og:url\" content=\"https:\/\/www.chateau-montsoreau.com\/wordpress\/es\/restaurante\/\" \/>\n<meta property=\"og:site_name\" content=\"Ch\u00e2teau de Montsoreau-Mus\u00e9e d&#039;Art Contemporain\" \/>\n<meta property=\"article:publisher\" content=\"https:\/\/www.facebook.com\/chateaudemontsoreau\/\" \/>\n<meta property=\"article:modified_time\" content=\"2019-11-22T14:00:34+00:00\" \/>\n<meta property=\"og:image\" content=\"http:\/\/www.chateau-montsoreau.com\/wordpress\/wp-content\/uploads\/2017\/10\/vin-naturel.jpg\" \/>\n<meta name=\"twitter:card\" content=\"summary_large_image\" \/>\n<meta name=\"twitter:site\" content=\"@Cmontsoreau\" \/>\n<meta name=\"twitter:label1\" content=\"Dur\u00e9e de lecture estim\u00e9e\" \/>\n\t<meta name=\"twitter:data1\" content=\"3 minutes\" \/>\n<script type=\"application\/ld+json\" class=\"yoast-schema-graph\">{\"@context\":\"https:\\\/\\\/schema.org\",\"@graph\":[{\"@type\":\"WebPage\",\"@id\":\"https:\\\/\\\/www.chateau-montsoreau.com\\\/wordpress\\\/es\\\/restaurante\\\/\",\"url\":\"https:\\\/\\\/www.chateau-montsoreau.com\\\/wordpress\\\/es\\\/restaurante\\\/\",\"name\":\"Restaurante | Ch\u00e2teau de Montsoreau-Mus\u00e9e d&#039;Art Contemporain\",\"isPartOf\":{\"@id\":\"https:\\\/\\\/www.chateau-montsoreau.com\\\/wordpress\\\/#website\"},\"primaryImageOfPage\":{\"@id\":\"https:\\\/\\\/www.chateau-montsoreau.com\\\/wordpress\\\/es\\\/restaurante\\\/#primaryimage\"},\"image\":{\"@id\":\"https:\\\/\\\/www.chateau-montsoreau.com\\\/wordpress\\\/es\\\/restaurante\\\/#primaryimage\"},\"thumbnailUrl\":\"http:\\\/\\\/www.chateau-montsoreau.com\\\/wordpress\\\/wp-content\\\/uploads\\\/2017\\\/10\\\/vin-naturel.jpg\",\"datePublished\":\"2019-09-01T14:33:58+00:00\",\"dateModified\":\"2019-11-22T14:00:34+00:00\",\"breadcrumb\":{\"@id\":\"https:\\\/\\\/www.chateau-montsoreau.com\\\/wordpress\\\/es\\\/restaurante\\\/#breadcrumb\"},\"inLanguage\":\"fr-FR\",\"potentialAction\":[{\"@type\":\"ReadAction\",\"target\":[\"https:\\\/\\\/www.chateau-montsoreau.com\\\/wordpress\\\/es\\\/restaurante\\\/\"]}]},{\"@type\":\"ImageObject\",\"inLanguage\":\"fr-FR\",\"@id\":\"https:\\\/\\\/www.chateau-montsoreau.com\\\/wordpress\\\/es\\\/restaurante\\\/#primaryimage\",\"url\":\"\",\"contentUrl\":\"\",\"caption\":\"Didier Chaffardon, Rouze, 2012. Terrace of the John 2\"},{\"@type\":\"BreadcrumbList\",\"@id\":\"https:\\\/\\\/www.chateau-montsoreau.com\\\/wordpress\\\/es\\\/restaurante\\\/#breadcrumb\",\"itemListElement\":[{\"@type\":\"ListItem\",\"position\":1,\"name\":\"Accueil\",\"item\":\"https:\\\/\\\/www.chateau-montsoreau.com\\\/wordpress\\\/fr\\\/\"},{\"@type\":\"ListItem\",\"position\":2,\"name\":\"Restaurante\"}]},{\"@type\":\"WebSite\",\"@id\":\"https:\\\/\\\/www.chateau-montsoreau.com\\\/wordpress\\\/#website\",\"url\":\"https:\\\/\\\/www.chateau-montsoreau.com\\\/wordpress\\\/\",\"name\":\"Ch\u00e2teau de Montsoreau-Mus\u00e9e d&#039;Art Contemporain\",\"description\":\"Ch\u00e2teaux de la Loire Art Contemporain Art Conceptuel\",\"publisher\":{\"@id\":\"https:\\\/\\\/www.chateau-montsoreau.com\\\/wordpress\\\/#organization\"},\"potentialAction\":[{\"@type\":\"SearchAction\",\"target\":{\"@type\":\"EntryPoint\",\"urlTemplate\":\"https:\\\/\\\/www.chateau-montsoreau.com\\\/wordpress\\\/?s={search_term_string}\"},\"query-input\":{\"@type\":\"PropertyValueSpecification\",\"valueRequired\":true,\"valueName\":\"search_term_string\"}}],\"inLanguage\":\"fr-FR\"},{\"@type\":\"Organization\",\"@id\":\"https:\\\/\\\/www.chateau-montsoreau.com\\\/wordpress\\\/#organization\",\"name\":\"Ch\u00e2teau de Montsoreau - Mus\u00e9e d'art contemporain\",\"url\":\"https:\\\/\\\/www.chateau-montsoreau.com\\\/wordpress\\\/\",\"logo\":{\"@type\":\"ImageObject\",\"inLanguage\":\"fr-FR\",\"@id\":\"https:\\\/\\\/www.chateau-montsoreau.com\\\/wordpress\\\/#\\\/schema\\\/logo\\\/image\\\/\",\"url\":\"https:\\\/\\\/www.chateau-montsoreau.com\\\/wordpress\\\/wp-content\\\/uploads\\\/2016\\\/03\\\/Logo-Montsoreau-tout-petit-1.png\",\"contentUrl\":\"https:\\\/\\\/www.chateau-montsoreau.com\\\/wordpress\\\/wp-content\\\/uploads\\\/2016\\\/03\\\/Logo-Montsoreau-tout-petit-1.png\",\"width\":133,\"height\":133,\"caption\":\"Ch\u00e2teau de Montsoreau - Mus\u00e9e d'art contemporain\"},\"image\":{\"@id\":\"https:\\\/\\\/www.chateau-montsoreau.com\\\/wordpress\\\/#\\\/schema\\\/logo\\\/image\\\/\"},\"sameAs\":[\"https:\\\/\\\/www.facebook.com\\\/chateaudemontsoreau\\\/\",\"https:\\\/\\\/x.com\\\/Cmontsoreau\",\"https:\\\/\\\/www.instagram.com\\\/chateaudemontsoreau\\\/\",\"http:\\\/\\\/www.pinterest.com\\\/Cmontsoreau\"]}]}<\/script>\n<!-- \/ Yoast SEO plugin. -->","yoast_head_json":{"title":"Restaurante | Ch\u00e2teau de Montsoreau-Mus\u00e9e d&#039;Art Contemporain","robots":{"index":"index","follow":"follow","max-snippet":"max-snippet:-1","max-image-preview":"max-image-preview:large","max-video-preview":"max-video-preview:-1"},"canonical":"https:\/\/www.chateau-montsoreau.com\/wordpress\/es\/restaurante\/","og_locale":"fr_FR","og_type":"article","og_title":"Restaurante | Ch\u00e2teau de Montsoreau-Mus\u00e9e d&#039;Art Contemporain","og_description":"&nbsp;","og_url":"https:\/\/www.chateau-montsoreau.com\/wordpress\/es\/restaurante\/","og_site_name":"Ch\u00e2teau de Montsoreau-Mus\u00e9e d&#039;Art Contemporain","article_publisher":"https:\/\/www.facebook.com\/chateaudemontsoreau\/","article_modified_time":"2019-11-22T14:00:34+00:00","og_image":[{"url":"http:\/\/www.chateau-montsoreau.com\/wordpress\/wp-content\/uploads\/2017\/10\/vin-naturel.jpg","type":"","width":"","height":""}],"twitter_card":"summary_large_image","twitter_site":"@Cmontsoreau","twitter_misc":{"Dur\u00e9e de lecture estim\u00e9e":"3 minutes"},"schema":{"@context":"https:\/\/schema.org","@graph":[{"@type":"WebPage","@id":"https:\/\/www.chateau-montsoreau.com\/wordpress\/es\/restaurante\/","url":"https:\/\/www.chateau-montsoreau.com\/wordpress\/es\/restaurante\/","name":"Restaurante | Ch\u00e2teau de Montsoreau-Mus\u00e9e d&#039;Art Contemporain","isPartOf":{"@id":"https:\/\/www.chateau-montsoreau.com\/wordpress\/#website"},"primaryImageOfPage":{"@id":"https:\/\/www.chateau-montsoreau.com\/wordpress\/es\/restaurante\/#primaryimage"},"image":{"@id":"https:\/\/www.chateau-montsoreau.com\/wordpress\/es\/restaurante\/#primaryimage"},"thumbnailUrl":"http:\/\/www.chateau-montsoreau.com\/wordpress\/wp-content\/uploads\/2017\/10\/vin-naturel.jpg","datePublished":"2019-09-01T14:33:58+00:00","dateModified":"2019-11-22T14:00:34+00:00","breadcrumb":{"@id":"https:\/\/www.chateau-montsoreau.com\/wordpress\/es\/restaurante\/#breadcrumb"},"inLanguage":"fr-FR","potentialAction":[{"@type":"ReadAction","target":["https:\/\/www.chateau-montsoreau.com\/wordpress\/es\/restaurante\/"]}]},{"@type":"ImageObject","inLanguage":"fr-FR","@id":"https:\/\/www.chateau-montsoreau.com\/wordpress\/es\/restaurante\/#primaryimage","url":"","contentUrl":"","caption":"Didier Chaffardon, Rouze, 2012. Terrace of the John 2"},{"@type":"BreadcrumbList","@id":"https:\/\/www.chateau-montsoreau.com\/wordpress\/es\/restaurante\/#breadcrumb","itemListElement":[{"@type":"ListItem","position":1,"name":"Accueil","item":"https:\/\/www.chateau-montsoreau.com\/wordpress\/fr\/"},{"@type":"ListItem","position":2,"name":"Restaurante"}]},{"@type":"WebSite","@id":"https:\/\/www.chateau-montsoreau.com\/wordpress\/#website","url":"https:\/\/www.chateau-montsoreau.com\/wordpress\/","name":"Ch\u00e2teau de Montsoreau-Mus\u00e9e d&#039;Art Contemporain","description":"Ch\u00e2teaux de la Loire Art Contemporain Art Conceptuel","publisher":{"@id":"https:\/\/www.chateau-montsoreau.com\/wordpress\/#organization"},"potentialAction":[{"@type":"SearchAction","target":{"@type":"EntryPoint","urlTemplate":"https:\/\/www.chateau-montsoreau.com\/wordpress\/?s={search_term_string}"},"query-input":{"@type":"PropertyValueSpecification","valueRequired":true,"valueName":"search_term_string"}}],"inLanguage":"fr-FR"},{"@type":"Organization","@id":"https:\/\/www.chateau-montsoreau.com\/wordpress\/#organization","name":"Ch\u00e2teau de Montsoreau - Mus\u00e9e d'art contemporain","url":"https:\/\/www.chateau-montsoreau.com\/wordpress\/","logo":{"@type":"ImageObject","inLanguage":"fr-FR","@id":"https:\/\/www.chateau-montsoreau.com\/wordpress\/#\/schema\/logo\/image\/","url":"https:\/\/www.chateau-montsoreau.com\/wordpress\/wp-content\/uploads\/2016\/03\/Logo-Montsoreau-tout-petit-1.png","contentUrl":"https:\/\/www.chateau-montsoreau.com\/wordpress\/wp-content\/uploads\/2016\/03\/Logo-Montsoreau-tout-petit-1.png","width":133,"height":133,"caption":"Ch\u00e2teau de Montsoreau - Mus\u00e9e d'art contemporain"},"image":{"@id":"https:\/\/www.chateau-montsoreau.com\/wordpress\/#\/schema\/logo\/image\/"},"sameAs":["https:\/\/www.facebook.com\/chateaudemontsoreau\/","https:\/\/x.com\/Cmontsoreau","https:\/\/www.instagram.com\/chateaudemontsoreau\/","http:\/\/www.pinterest.com\/Cmontsoreau"]}]}},"_links":{"self":[{"href":"https:\/\/www.chateau-montsoreau.com\/wordpress\/wp-json\/wp\/v2\/pages\/6561","targetHints":{"allow":["GET"]}}],"collection":[{"href":"https:\/\/www.chateau-montsoreau.com\/wordpress\/wp-json\/wp\/v2\/pages"}],"about":[{"href":"https:\/\/www.chateau-montsoreau.com\/wordpress\/wp-json\/wp\/v2\/types\/page"}],"author":[{"embeddable":true,"href":"https:\/\/www.chateau-montsoreau.com\/wordpress\/wp-json\/wp\/v2\/users\/5"}],"replies":[{"embeddable":true,"href":"https:\/\/www.chateau-montsoreau.com\/wordpress\/wp-json\/wp\/v2\/comments?post=6561"}],"version-history":[{"count":5,"href":"https:\/\/www.chateau-montsoreau.com\/wordpress\/wp-json\/wp\/v2\/pages\/6561\/revisions"}],"predecessor-version":[{"id":7123,"href":"https:\/\/www.chateau-montsoreau.com\/wordpress\/wp-json\/wp\/v2\/pages\/6561\/revisions\/7123"}],"wp:attachment":[{"href":"https:\/\/www.chateau-montsoreau.com\/wordpress\/wp-json\/wp\/v2\/media?parent=6561"}],"curies":[{"name":"wp","href":"https:\/\/api.w.org\/{rel}","templated":true}]}}