{"id":6566,"date":"2019-09-01T15:47:13","date_gmt":"2019-09-01T14:47:13","guid":{"rendered":"http:\/\/www.chateau-montsoreau.com\/wordpress\/?page_id=6566"},"modified":"2019-09-03T14:58:30","modified_gmt":"2019-09-03T13:58:30","slug":"libreria","status":"publish","type":"page","link":"https:\/\/www.chateau-montsoreau.com\/wordpress\/es\/libreria\/","title":{"rendered":"Librer\u00eda"},"content":{"rendered":"<p>Situada en el coraz\u00f3n del museo, la librer\u00eda es accesible a los visitantes del museo y al p\u00fablico en general.<br \/>\nEn un ambiente relajado, propicio para el descubrimiento, la librer\u00eda ofrece una amplia selecci\u00f3n de libros, desde revistas especializadas hasta libros de descubrimiento sobre arte, ciencias humanas, filosof\u00eda o gastronom\u00eda.<br \/>\nUna secci\u00f3n dedicada al p\u00fablico joven ofrece juegos y libros para despertar a los ni\u00f1os al arte y la historia.<br \/>\nAclara las propuestas art\u00edsticas y la actualidad del Castillo de Montsoreau-Museo de Arte contemporaneo proponiendo cat\u00e1logos de exposiciones temporales.<br \/>\nNuestro equipo est\u00e1 aqu\u00ed para darle la bienvenida y compartir con usted sus placeres de lectura y favoritos literarios.<\/p>\n<p>La librer\u00eda organiza regularmente encuentros con autores, dedicatorias y conferencias.<br \/>\nPara mantenerse al d\u00eda,\u00a0s\u00edguenos en Facebook :<\/p>\n<p style=\"text-align: left;\"><a href=\"https:\/\/www.facebook.com\/chateaudemontsoreau\/?ref=bookmarks\"><img loading=\"lazy\" decoding=\"async\" class=\"alignnone wp-image-5379\" src=\"http:\/\/www.chateau-montsoreau.com\/wordpress\/wp-content\/uploads\/2016\/03\/fb_icon_325x325-300x300.png\" alt=\"\" width=\"18\" height=\"18\" srcset=\"https:\/\/www.chateau-montsoreau.com\/wordpress\/wp-content\/uploads\/2016\/03\/fb_icon_325x325-300x300.png 300w, https:\/\/www.chateau-montsoreau.com\/wordpress\/wp-content\/uploads\/2016\/03\/fb_icon_325x325-100x100.png 100w, https:\/\/www.chateau-montsoreau.com\/wordpress\/wp-content\/uploads\/2016\/03\/fb_icon_325x325-150x150.png 150w, https:\/\/www.chateau-montsoreau.com\/wordpress\/wp-content\/uploads\/2016\/03\/fb_icon_325x325.png 325w\" sizes=\"auto, (max-width: 18px) 100vw, 18px\" \/><\/a><\/p>\n<p><img loading=\"lazy\" decoding=\"async\" class=\"aligncenter wp-image-5336 size-large\" src=\"http:\/\/www.chateau-montsoreau.com\/wordpress\/wp-content\/uploads\/2016\/10\/boutique-1024x768.jpg\" alt=\"boutique\" width=\"1024\" height=\"768\" \/><\/p>\n<h3 style=\"text-align: center;\"><\/h3>\n<h3 style=\"text-align: center;\"><\/h3>\n<h3 style=\"text-align: center;\"><\/h3>\n<h3 style=\"text-align: center;\"><\/h3>\n<h3 style=\"text-align: center;\"><\/h3>\n<p style=\"text-align: left;\">La librer\u00eda tambi\u00e9n ofrece una selecci\u00f3n de regalos y objetos para encontrar el souvenir o la joya que constituir\u00e1 un regalo inesperado y de calidad.<\/p>\n<div  class=\"ut-one-half  \"> <img loading=\"lazy\" decoding=\"async\" class=\"aligncenter wp-image-5339 size-full\" src=\"http:\/\/www.chateau-montsoreau.com\/wordpress\/wp-content\/uploads\/2016\/10\/le-buisson.jpg\" alt=\"\" width=\"1000\" height=\"1500\" \/> <\/div>\n<div  class=\"ut-one-half ut-column-last  \">\n<p><img loading=\"lazy\" decoding=\"async\" class=\"aligncenter wp-image-5388 \" src=\"http:\/\/www.chateau-montsoreau.com\/wordpress\/wp-content\/uploads\/2016\/03\/Jacques-Halbert-2.jpg\" alt=\"jacques-halbert-2\" width=\"820\" height=\"574\" srcset=\"https:\/\/www.chateau-montsoreau.com\/wordpress\/wp-content\/uploads\/2016\/03\/Jacques-Halbert-2.jpg 500w, https:\/\/www.chateau-montsoreau.com\/wordpress\/wp-content\/uploads\/2016\/03\/Jacques-Halbert-2-300x210.jpg 300w\" sizes=\"auto, (max-width: 820px) 100vw, 820px\" \/><\/p>\n<h2 style=\"text-align: justify;\"><strong>Un\u00a0a\u00f1o, un escaparate, un artista<\/strong><\/h2>\n<p style=\"text-align: justify;\">Cada a\u00f1o, la librer\u00eda dedica una de sus ventanas a un artista consagrado. En 2016, la librer\u00eda destacar\u00e1 al artista Jacques Halbert a trav\u00e9s de sus obras emblem\u00e1ticas con motivos de cereza.<br \/>\nJacques Halbert naci\u00f3 en 1955 en Bourgueil. Despu\u00e9s de pasar unos veinte a\u00f1os en los Estados Unidos, actualmente vive y trabaja en Candes-Saint-Martin.<br \/>\n\u00ab\u00a0Fue en 1975 cuando pint\u00f3 su primera cereza. A partir de entonces, este codicioso sujeto ya no dejar\u00eda de alimentar su prol\u00edfica obra, animando la superficie monocroma, preferiblemente azul, de sus lienzos con ritmos regulares o composiciones aleatorias. El motivo de la cereza como reivindicaci\u00f3n de su posici\u00f3n art\u00edstica llev\u00f3 al artista de la pintura a la performance, de Francia a Estados Unidos, compartiendo con \u00e9l la aventura de Fluxus o asoci\u00e1ndose a las experiencias de Eat Art, pero todas las v\u00edas exploradas, al igual que los diferentes medios y soportes utilizados, nunca pudieron destronar el profundo apego del artista a la pintura, que para \u00e9l sigue siendo la pr\u00e1ctica fundacional. Del mismo modo, si recurre regularmente a otros temas igualmente culinarios, como los guisantes, las patatas para ahumar o los cuadros gratinados, el cerezo es el \u00fanico motivo que se ha utilizado de forma continuada en su obra durante los \u00faltimos treinta a\u00f1os\u00a0\u00bb. (Delphine Masson).<\/p>\n<\/div><div class=\"clear\"><\/div>\n<div  class=\"ut-one-half  \">\n<h2 style=\"text-align: justify;\"><strong>Las joyas \u00ab\u00a0Le Buisson\u00a0\u00bb<\/strong><\/h2>\n<p style=\"text-align: justify;\">En el lado de las compras, la librer\u00eda presenta las creaciones de Le Buisson, un editor de joyas preciosas y originales, con un dise\u00f1o que no tiene parang\u00f3n.<br \/>\nLa joyer\u00eda Le Buisson extrae de la imaginaci\u00f3n contempor\u00e1nea otra forma de pensar sobre las funciones atemporales del conjunto joyero. Objetos para tocar tanto como para mirar, estos son los talismanes de hoy. Combinan el humor y la sobriedad, la invenci\u00f3n formal y la ejecuci\u00f3n perfecta. Lujosos, siguen siendo simples y elegantes. Son joyas inteligentes y alegres que se pueden llevar sin afectaci\u00f3n. Joyas tanto para hombres como para mujeres, tienen en com\u00fan la originalidad del concepto y la perfecta calidad de la realizaci\u00f3n.<br \/>\nLa colecci\u00f3n est\u00e1 dise\u00f1ada por Matali Crasset, Genevi\u00e8ve Gauckler, Th\u00e9o Mercier, Petra Mrzyk &amp; Jean-Fran\u00e7ois Moriceau, Pupsam, y Jean-Luc Verna.<br \/>\n<strong><br \/>\n<\/strong><\/p>\n<\/div>\n<div  class=\"ut-one-half ut-column-last  \">\n<p>&nbsp;<\/p>\n<h2><strong>Dana Wyse: haz realidad todos tus deseos\u00a0<\/strong><\/h2>\n<p>Dana Wyse es una escritora y artista canadiense. En 1991, obtuvo su licenciatura en Bellas Artes en la Universidad de Columbia Brit\u00e1nica. Vive y trabaja en Vancouver, Canad\u00e1.<br \/>\nEn 1996, Wyse comenz\u00f3 su obra m\u00e1s conocida, una instalaci\u00f3n sobre el tema de la p\u00edldora llamada <em>Jesus Had A Sister Production<\/em>. Se trata de una obra en curso a la que el artista a\u00f1ade cada a\u00f1o nuevos elementos. Con humor e iron\u00eda, la farmacia de Dana Wyse aborda temas universales como el g\u00e9nero, la raza, la existencia, la espiritualidad, la muerte, la pol\u00edtica, la sexualidad, la identidad, los sue\u00f1os y la guerra. Su trabajo tambi\u00e9n disecciona las relaciones humanas como la confianza, el amor, la comunicaci\u00f3n, el placer y el poder. La b\u00fasqueda ut\u00f3pica del hombre de la perfecci\u00f3n, instant\u00e1neamente alcanzable, es la filosof\u00eda subyacente de <em>Jesus Had A Sister Production<\/em>. En los a\u00f1os sesenta, Dana Wyse incorpor\u00f3 im\u00e1genes publicitarias a su obra para resaltar lo absurdo de estas im\u00e1genes, as\u00ed como el deseo de los hombres de ir de compras y de consumo masivo.<br \/>\nWyse es coautor de dos libros.<\/p>\n<p><img loading=\"lazy\" decoding=\"async\" class=\"aligncenter wp-image-5904 size-full\" src=\"http:\/\/www.chateau-montsoreau.com\/wordpress\/wp-content\/uploads\/2016\/03\/STAY-IN-LOVE-copyright-1998.jpg\" alt=\"\" width=\"1500\" height=\"1975\" \/><\/p>\n<p><strong>Libreria<\/strong><br \/>\nTel : + 33 (0)2 41 67 12 60<br \/>\ncontact.chateaudemontsoreau@gmail.com<\/p>\n<p>&nbsp;<\/p>\n<\/div><div class=\"clear\"><\/div>\n<p>&nbsp;<\/p>\n<p>&nbsp;<\/p>\n<p style=\"text-align: center;\">\n","protected":false},"excerpt":{"rendered":"<p>Situada en el coraz\u00f3n del museo, la librer\u00eda es accesible a los visitantes del museo y al p\u00fablico en general. En un ambiente relajado, propicio para el descubrimiento, la librer\u00eda ofrece una amplia selecci\u00f3n de libros, desde revistas especializadas hasta libros de descubrimiento sobre arte, ciencias humanas, filosof\u00eda o gastronom\u00eda. Una secci\u00f3n dedicada al p\u00fablico [&hellip;]<\/p>\n","protected":false},"author":5,"featured_media":0,"parent":0,"menu_order":5,"comment_status":"closed","ping_status":"closed","template":"","meta":{"footnotes":""},"class_list":["post-6566","page","type-page","status-publish","hentry"],"yoast_head":"<!-- This site is optimized with the Yoast SEO plugin v27.3 - https:\/\/yoast.com\/product\/yoast-seo-wordpress\/ -->\n<title>Librer\u00eda | Ch\u00e2teau de Montsoreau-Mus\u00e9e d&#039;Art Contemporain<\/title>\n<meta name=\"robots\" content=\"index, follow, max-snippet:-1, max-image-preview:large, max-video-preview:-1\" \/>\n<link rel=\"canonical\" href=\"https:\/\/www.chateau-montsoreau.com\/wordpress\/es\/libreria\/\" \/>\n<meta property=\"og:locale\" content=\"fr_FR\" \/>\n<meta property=\"og:type\" content=\"article\" \/>\n<meta property=\"og:title\" content=\"Librer\u00eda | Ch\u00e2teau de Montsoreau-Mus\u00e9e d&#039;Art Contemporain\" \/>\n<meta property=\"og:description\" content=\"Situada en el coraz\u00f3n del museo, la librer\u00eda es accesible a los visitantes del museo y al p\u00fablico en general. En un ambiente relajado, propicio para el descubrimiento, la librer\u00eda ofrece una amplia selecci\u00f3n de libros, desde revistas especializadas hasta libros de descubrimiento sobre arte, ciencias humanas, filosof\u00eda o gastronom\u00eda. Una secci\u00f3n dedicada al p\u00fablico [&hellip;]\" \/>\n<meta property=\"og:url\" content=\"https:\/\/www.chateau-montsoreau.com\/wordpress\/es\/libreria\/\" \/>\n<meta property=\"og:site_name\" content=\"Ch\u00e2teau de Montsoreau-Mus\u00e9e d&#039;Art Contemporain\" \/>\n<meta property=\"article:publisher\" content=\"https:\/\/www.facebook.com\/chateaudemontsoreau\/\" \/>\n<meta property=\"article:modified_time\" content=\"2019-09-03T13:58:30+00:00\" \/>\n<meta property=\"og:image\" content=\"http:\/\/www.chateau-montsoreau.com\/wordpress\/wp-content\/uploads\/2016\/03\/fb_icon_325x325-300x300.png\" \/>\n<meta name=\"twitter:card\" content=\"summary_large_image\" \/>\n<meta name=\"twitter:site\" content=\"@Cmontsoreau\" \/>\n<meta name=\"twitter:label1\" content=\"Dur\u00e9e de lecture estim\u00e9e\" \/>\n\t<meta name=\"twitter:data1\" content=\"4 minutes\" \/>\n<script type=\"application\/ld+json\" class=\"yoast-schema-graph\">{\"@context\":\"https:\\\/\\\/schema.org\",\"@graph\":[{\"@type\":\"WebPage\",\"@id\":\"https:\\\/\\\/www.chateau-montsoreau.com\\\/wordpress\\\/es\\\/libreria\\\/\",\"url\":\"https:\\\/\\\/www.chateau-montsoreau.com\\\/wordpress\\\/es\\\/libreria\\\/\",\"name\":\"Librer\u00eda | Ch\u00e2teau de Montsoreau-Mus\u00e9e d&#039;Art Contemporain\",\"isPartOf\":{\"@id\":\"https:\\\/\\\/www.chateau-montsoreau.com\\\/wordpress\\\/#website\"},\"primaryImageOfPage\":{\"@id\":\"https:\\\/\\\/www.chateau-montsoreau.com\\\/wordpress\\\/es\\\/libreria\\\/#primaryimage\"},\"image\":{\"@id\":\"https:\\\/\\\/www.chateau-montsoreau.com\\\/wordpress\\\/es\\\/libreria\\\/#primaryimage\"},\"thumbnailUrl\":\"http:\\\/\\\/www.chateau-montsoreau.com\\\/wordpress\\\/wp-content\\\/uploads\\\/2016\\\/03\\\/fb_icon_325x325-300x300.png\",\"datePublished\":\"2019-09-01T14:47:13+00:00\",\"dateModified\":\"2019-09-03T13:58:30+00:00\",\"breadcrumb\":{\"@id\":\"https:\\\/\\\/www.chateau-montsoreau.com\\\/wordpress\\\/es\\\/libreria\\\/#breadcrumb\"},\"inLanguage\":\"fr-FR\",\"potentialAction\":[{\"@type\":\"ReadAction\",\"target\":[\"https:\\\/\\\/www.chateau-montsoreau.com\\\/wordpress\\\/es\\\/libreria\\\/\"]}]},{\"@type\":\"ImageObject\",\"inLanguage\":\"fr-FR\",\"@id\":\"https:\\\/\\\/www.chateau-montsoreau.com\\\/wordpress\\\/es\\\/libreria\\\/#primaryimage\",\"url\":\"http:\\\/\\\/www.chateau-montsoreau.com\\\/wordpress\\\/wp-content\\\/uploads\\\/2016\\\/03\\\/fb_icon_325x325-300x300.png\",\"contentUrl\":\"http:\\\/\\\/www.chateau-montsoreau.com\\\/wordpress\\\/wp-content\\\/uploads\\\/2016\\\/03\\\/fb_icon_325x325-300x300.png\"},{\"@type\":\"BreadcrumbList\",\"@id\":\"https:\\\/\\\/www.chateau-montsoreau.com\\\/wordpress\\\/es\\\/libreria\\\/#breadcrumb\",\"itemListElement\":[{\"@type\":\"ListItem\",\"position\":1,\"name\":\"Accueil\",\"item\":\"https:\\\/\\\/www.chateau-montsoreau.com\\\/wordpress\\\/fr\\\/\"},{\"@type\":\"ListItem\",\"position\":2,\"name\":\"Librer\u00eda\"}]},{\"@type\":\"WebSite\",\"@id\":\"https:\\\/\\\/www.chateau-montsoreau.com\\\/wordpress\\\/#website\",\"url\":\"https:\\\/\\\/www.chateau-montsoreau.com\\\/wordpress\\\/\",\"name\":\"Ch\u00e2teau de Montsoreau-Mus\u00e9e d&#039;Art Contemporain\",\"description\":\"Ch\u00e2teaux de la Loire Art Contemporain Art Conceptuel\",\"publisher\":{\"@id\":\"https:\\\/\\\/www.chateau-montsoreau.com\\\/wordpress\\\/#organization\"},\"potentialAction\":[{\"@type\":\"SearchAction\",\"target\":{\"@type\":\"EntryPoint\",\"urlTemplate\":\"https:\\\/\\\/www.chateau-montsoreau.com\\\/wordpress\\\/?s={search_term_string}\"},\"query-input\":{\"@type\":\"PropertyValueSpecification\",\"valueRequired\":true,\"valueName\":\"search_term_string\"}}],\"inLanguage\":\"fr-FR\"},{\"@type\":\"Organization\",\"@id\":\"https:\\\/\\\/www.chateau-montsoreau.com\\\/wordpress\\\/#organization\",\"name\":\"Ch\u00e2teau de Montsoreau - Mus\u00e9e d'art contemporain\",\"url\":\"https:\\\/\\\/www.chateau-montsoreau.com\\\/wordpress\\\/\",\"logo\":{\"@type\":\"ImageObject\",\"inLanguage\":\"fr-FR\",\"@id\":\"https:\\\/\\\/www.chateau-montsoreau.com\\\/wordpress\\\/#\\\/schema\\\/logo\\\/image\\\/\",\"url\":\"https:\\\/\\\/www.chateau-montsoreau.com\\\/wordpress\\\/wp-content\\\/uploads\\\/2016\\\/03\\\/Logo-Montsoreau-tout-petit-1.png\",\"contentUrl\":\"https:\\\/\\\/www.chateau-montsoreau.com\\\/wordpress\\\/wp-content\\\/uploads\\\/2016\\\/03\\\/Logo-Montsoreau-tout-petit-1.png\",\"width\":133,\"height\":133,\"caption\":\"Ch\u00e2teau de Montsoreau - Mus\u00e9e d'art contemporain\"},\"image\":{\"@id\":\"https:\\\/\\\/www.chateau-montsoreau.com\\\/wordpress\\\/#\\\/schema\\\/logo\\\/image\\\/\"},\"sameAs\":[\"https:\\\/\\\/www.facebook.com\\\/chateaudemontsoreau\\\/\",\"https:\\\/\\\/x.com\\\/Cmontsoreau\",\"https:\\\/\\\/www.instagram.com\\\/chateaudemontsoreau\\\/\",\"http:\\\/\\\/www.pinterest.com\\\/Cmontsoreau\"]}]}<\/script>\n<!-- \/ Yoast SEO plugin. -->","yoast_head_json":{"title":"Librer\u00eda | Ch\u00e2teau de Montsoreau-Mus\u00e9e d&#039;Art Contemporain","robots":{"index":"index","follow":"follow","max-snippet":"max-snippet:-1","max-image-preview":"max-image-preview:large","max-video-preview":"max-video-preview:-1"},"canonical":"https:\/\/www.chateau-montsoreau.com\/wordpress\/es\/libreria\/","og_locale":"fr_FR","og_type":"article","og_title":"Librer\u00eda | Ch\u00e2teau de Montsoreau-Mus\u00e9e d&#039;Art Contemporain","og_description":"Situada en el coraz\u00f3n del museo, la librer\u00eda es accesible a los visitantes del museo y al p\u00fablico en general. En un ambiente relajado, propicio para el descubrimiento, la librer\u00eda ofrece una amplia selecci\u00f3n de libros, desde revistas especializadas hasta libros de descubrimiento sobre arte, ciencias humanas, filosof\u00eda o gastronom\u00eda. Una secci\u00f3n dedicada al p\u00fablico [&hellip;]","og_url":"https:\/\/www.chateau-montsoreau.com\/wordpress\/es\/libreria\/","og_site_name":"Ch\u00e2teau de Montsoreau-Mus\u00e9e d&#039;Art Contemporain","article_publisher":"https:\/\/www.facebook.com\/chateaudemontsoreau\/","article_modified_time":"2019-09-03T13:58:30+00:00","og_image":[{"url":"http:\/\/www.chateau-montsoreau.com\/wordpress\/wp-content\/uploads\/2016\/03\/fb_icon_325x325-300x300.png","type":"","width":"","height":""}],"twitter_card":"summary_large_image","twitter_site":"@Cmontsoreau","twitter_misc":{"Dur\u00e9e de lecture estim\u00e9e":"4 minutes"},"schema":{"@context":"https:\/\/schema.org","@graph":[{"@type":"WebPage","@id":"https:\/\/www.chateau-montsoreau.com\/wordpress\/es\/libreria\/","url":"https:\/\/www.chateau-montsoreau.com\/wordpress\/es\/libreria\/","name":"Librer\u00eda | Ch\u00e2teau de Montsoreau-Mus\u00e9e d&#039;Art Contemporain","isPartOf":{"@id":"https:\/\/www.chateau-montsoreau.com\/wordpress\/#website"},"primaryImageOfPage":{"@id":"https:\/\/www.chateau-montsoreau.com\/wordpress\/es\/libreria\/#primaryimage"},"image":{"@id":"https:\/\/www.chateau-montsoreau.com\/wordpress\/es\/libreria\/#primaryimage"},"thumbnailUrl":"http:\/\/www.chateau-montsoreau.com\/wordpress\/wp-content\/uploads\/2016\/03\/fb_icon_325x325-300x300.png","datePublished":"2019-09-01T14:47:13+00:00","dateModified":"2019-09-03T13:58:30+00:00","breadcrumb":{"@id":"https:\/\/www.chateau-montsoreau.com\/wordpress\/es\/libreria\/#breadcrumb"},"inLanguage":"fr-FR","potentialAction":[{"@type":"ReadAction","target":["https:\/\/www.chateau-montsoreau.com\/wordpress\/es\/libreria\/"]}]},{"@type":"ImageObject","inLanguage":"fr-FR","@id":"https:\/\/www.chateau-montsoreau.com\/wordpress\/es\/libreria\/#primaryimage","url":"http:\/\/www.chateau-montsoreau.com\/wordpress\/wp-content\/uploads\/2016\/03\/fb_icon_325x325-300x300.png","contentUrl":"http:\/\/www.chateau-montsoreau.com\/wordpress\/wp-content\/uploads\/2016\/03\/fb_icon_325x325-300x300.png"},{"@type":"BreadcrumbList","@id":"https:\/\/www.chateau-montsoreau.com\/wordpress\/es\/libreria\/#breadcrumb","itemListElement":[{"@type":"ListItem","position":1,"name":"Accueil","item":"https:\/\/www.chateau-montsoreau.com\/wordpress\/fr\/"},{"@type":"ListItem","position":2,"name":"Librer\u00eda"}]},{"@type":"WebSite","@id":"https:\/\/www.chateau-montsoreau.com\/wordpress\/#website","url":"https:\/\/www.chateau-montsoreau.com\/wordpress\/","name":"Ch\u00e2teau de Montsoreau-Mus\u00e9e d&#039;Art Contemporain","description":"Ch\u00e2teaux de la Loire Art Contemporain Art Conceptuel","publisher":{"@id":"https:\/\/www.chateau-montsoreau.com\/wordpress\/#organization"},"potentialAction":[{"@type":"SearchAction","target":{"@type":"EntryPoint","urlTemplate":"https:\/\/www.chateau-montsoreau.com\/wordpress\/?s={search_term_string}"},"query-input":{"@type":"PropertyValueSpecification","valueRequired":true,"valueName":"search_term_string"}}],"inLanguage":"fr-FR"},{"@type":"Organization","@id":"https:\/\/www.chateau-montsoreau.com\/wordpress\/#organization","name":"Ch\u00e2teau de Montsoreau - Mus\u00e9e d'art contemporain","url":"https:\/\/www.chateau-montsoreau.com\/wordpress\/","logo":{"@type":"ImageObject","inLanguage":"fr-FR","@id":"https:\/\/www.chateau-montsoreau.com\/wordpress\/#\/schema\/logo\/image\/","url":"https:\/\/www.chateau-montsoreau.com\/wordpress\/wp-content\/uploads\/2016\/03\/Logo-Montsoreau-tout-petit-1.png","contentUrl":"https:\/\/www.chateau-montsoreau.com\/wordpress\/wp-content\/uploads\/2016\/03\/Logo-Montsoreau-tout-petit-1.png","width":133,"height":133,"caption":"Ch\u00e2teau de Montsoreau - Mus\u00e9e d'art contemporain"},"image":{"@id":"https:\/\/www.chateau-montsoreau.com\/wordpress\/#\/schema\/logo\/image\/"},"sameAs":["https:\/\/www.facebook.com\/chateaudemontsoreau\/","https:\/\/x.com\/Cmontsoreau","https:\/\/www.instagram.com\/chateaudemontsoreau\/","http:\/\/www.pinterest.com\/Cmontsoreau"]}]}},"_links":{"self":[{"href":"https:\/\/www.chateau-montsoreau.com\/wordpress\/wp-json\/wp\/v2\/pages\/6566","targetHints":{"allow":["GET"]}}],"collection":[{"href":"https:\/\/www.chateau-montsoreau.com\/wordpress\/wp-json\/wp\/v2\/pages"}],"about":[{"href":"https:\/\/www.chateau-montsoreau.com\/wordpress\/wp-json\/wp\/v2\/types\/page"}],"author":[{"embeddable":true,"href":"https:\/\/www.chateau-montsoreau.com\/wordpress\/wp-json\/wp\/v2\/users\/5"}],"replies":[{"embeddable":true,"href":"https:\/\/www.chateau-montsoreau.com\/wordpress\/wp-json\/wp\/v2\/comments?post=6566"}],"version-history":[{"count":4,"href":"https:\/\/www.chateau-montsoreau.com\/wordpress\/wp-json\/wp\/v2\/pages\/6566\/revisions"}],"predecessor-version":[{"id":6648,"href":"https:\/\/www.chateau-montsoreau.com\/wordpress\/wp-json\/wp\/v2\/pages\/6566\/revisions\/6648"}],"wp:attachment":[{"href":"https:\/\/www.chateau-montsoreau.com\/wordpress\/wp-json\/wp\/v2\/media?parent=6566"}],"curies":[{"name":"wp","href":"https:\/\/api.w.org\/{rel}","templated":true}]}}