{"id":6574,"date":"2019-09-01T16:03:31","date_gmt":"2019-09-01T15:03:31","guid":{"rendered":"http:\/\/www.chateau-montsoreau.com\/wordpress\/?page_id=6574"},"modified":"2019-09-11T13:28:57","modified_gmt":"2019-09-11T12:28:57","slug":"grupos-escolares","status":"publish","type":"page","link":"https:\/\/www.chateau-montsoreau.com\/wordpress\/es\/grupos\/grupos-escolares\/","title":{"rendered":"Grupos escolares"},"content":{"rendered":"<h2 style=\"text-align: center;\">El Castillo de Montsoreau-Museo de arte contemporaneo<br \/>\nofrece una acogida adaptada a las escuelas desde el primer<br \/>\nhasta el \u00faltimo curso.<\/h2>\n<div  class=\"ut-alert grey  \">\n<div  class=\"ut-one-half  \"><h6 class=\"ut-title-divider \" ><span><\/p>\n<h2>Visitas<\/h2>\n<p><\/span><\/h6><\/p>\n<ul>\n<li><strong>Visita libre:<\/strong> visita libre del museo y de su colecci\u00f3n de arte contempor\u00e1neo.<\/li>\n<li><strong>Visita con material did\u00e1ctico<\/strong><\/li>\n<li><strong>Visita guiada<\/strong>: visita del lugar en presencia de un gu\u00eda.<\/li>\n<\/ul>\n<p><img loading=\"lazy\" decoding=\"async\" class=\"alignnone wp-image-5327 \" title=\"Cr\u00e9dits Photographiques : Chloe Ghesquier\" src=\"http:\/\/www.chateau-montsoreau.com\/wordpress\/wp-content\/uploads\/2016\/03\/Capture-d\u2019e\u0301cran-2016-06-21-a\u0300-19.01.59-1-300x166.png\" alt=\"\" width=\"586\" height=\"325\" \/><\/p>\n<h6 class=\"ut-title-divider \" ><span><\/p>\n<h2>Material Did\u00e1ctico<\/h2>\n<p><\/span><\/h6>\n<ul>\n<li><em><strong>Cuaderno del profesor<\/strong><\/em><br \/>\nUna colecci\u00f3n de documentos exhaustivos y completos para desarrollar y preparar su proyecto de visita educativa.<\/li>\n<li><strong><em>Cuaderno de trabajo del estudiante<\/em><\/strong><br \/>\nUn cuaderno divertido y did\u00e1ctico para desarrollar la curiosidad y desarrollar una visita participativa.<\/li>\n<li><strong>Fichas<\/strong><br \/>\nFichas pr\u00e1cticas sobre la historia del castillo, los grandes movimientos de la historia del arte y el colectivo Art &amp; Language.<\/li>\n<\/ul>\n<\/div>\n<div  class=\"ut-one-half ut-column-last  \">\n<h6 class=\"ut-title-divider \" ><span><\/p>\n<h2>Talleres Pedag\u00f3gicos<\/h2>\n<p><\/span><\/h6>\n<ul>\n<li><em><strong>A sus plumas:<\/strong><\/em> los estudiantes descubren el lugar del lenguaje en la vida cotidiana y en la creaci\u00f3n art\u00edstica. Siguiendo los pasos de Rabelais, Alexandre Dumas, Surrealistas y artistas de Arte &amp; Language, se invita a los estudiantes a imaginar una composici\u00f3n utilizando letras y palabras.<\/li>\n<li><em><strong>Graffiti, desde Lascaux hasta Bansky<\/strong><\/em>: durante una b\u00fasqueda del tesoro, los estudiantes descubren el graffiti en el castillo, interpretan los bajorrelieves y trazan la historia. A su vez, se les invita a esculpir sus propios graffiti en una pared de piedra dedicada.<\/li>\n<li><em><strong>\u00a1Todos los artistas! \u00a1Todos los artistas!\u00a0<\/strong><\/em>\u00bfQu\u00e9 significa ser artista? Los alumnos reflexionan sobre la noci\u00f3n de obra de arte e improvisan como artistas disfraz\u00e1ndose de colectivo Art &amp; Language.<\/li>\n<li><em><strong>Carta blanca:<\/strong><\/em> Los estudiantes se acercan a los principios de la cartograf\u00eda y su relaci\u00f3n con la historia creando sus propios mapas.<\/li>\n<\/ul>\n<p><img loading=\"lazy\" decoding=\"async\" class=\"wp-image-5200 aligncenter\" src=\"http:\/\/www.chateau-montsoreau.com\/wordpress\/wp-content\/uploads\/2016\/03\/20160826_140809-e1475680390220-225x300.jpg\" alt=\"20160826_140809\" width=\"358\" height=\"477\" srcset=\"https:\/\/www.chateau-montsoreau.com\/wordpress\/wp-content\/uploads\/2016\/03\/20160826_140809-e1475680390220-225x300.jpg 225w, https:\/\/www.chateau-montsoreau.com\/wordpress\/wp-content\/uploads\/2016\/03\/20160826_140809-e1475680390220-600x800.jpg 600w, https:\/\/www.chateau-montsoreau.com\/wordpress\/wp-content\/uploads\/2016\/03\/20160826_140809-e1475680390220-768x1024.jpg 768w\" sizes=\"auto, (max-width: 358px) 100vw, 358px\" \/><\/p>\n<\/div><div class=\"clear\"><\/div><\/div><h6 class=\"ut-title-divider \" ><span><\/p>\n<h2>Tarifas para grupos<\/h2>\n<p><\/span><\/h6><\/p>\n<div class=\"ut-pt-wrap ut-pt-wrap-style-1\"><div class=\"grid-25 tablet-grid-50 mobile-grid-100\"><div class=\"ut-pricing-table\"><header class=\"ut-pt-header ut-level-one\"><h2 class=\"ut-pt-title\">Visita autoguiada o guiada<\/h2><span class=\"ut-pt-title-slogan\">Mas de 18 a\u00f1os<\/span><\/header><footer class=\"ut-pt-pricing\"><span class=\"ut-pt-price\"><sup>\u20ac<\/sup>8,40<\/span><\/footer><\/div><\/div><div class=\"grid-25 tablet-grid-50 mobile-grid-100\"><div class=\"ut-pricing-table\"><header class=\"ut-pt-header ut-level-one\"><h2 class=\"ut-pt-title\">Visita autoguiada o guiada<\/h2><span class=\"ut-pt-title-slogan\">De 5 a 18 a\u00f1os<\/span><\/header><footer class=\"ut-pt-pricing\"><span class=\"ut-pt-price\"><sup>\u20ac<\/sup>6.10<\/span><\/footer><\/div><\/div><div class=\"grid-25 tablet-grid-50 mobile-grid-100\"><div class=\"ut-pricing-table\"><\/div><\/div><div class=\"grid-25 tablet-grid-50 mobile-grid-100\"><div class=\"ut-pricing-table\"><header class=\"ut-pt-header ut-level-one\"><h2 class=\"ut-pt-title\">Talleres educativos<\/h2><span class=\"ut-pt-title-slogan\">Tarifa por estudiante<\/span><\/header><footer class=\"ut-pt-pricing\"><span class=\"ut-pt-price\"><sup>\u20ac<\/sup>8<\/span><\/footer><\/div><\/div><div class=\"clear\"><\/div><\/div>\n<div  class=\"ut-alert grey  \">\n<h6 class=\"ut-title-divider \" ><span><\/p>\n<h2>Formulario de contacto<\/h2>\n<p><\/span><\/h6><\/p>\n<p><p class=\"wpcf7-contact-form-not-found\"><strong>Erreur\u00a0:<\/strong> Formulaire de contact non trouv\u00e9\u00a0!<\/p><br \/>\n<\/div>\n","protected":false},"excerpt":{"rendered":"<p>El Castillo de Montsoreau-Museo de arte contemporaneo ofrece una acogida adaptada a las escuelas desde el primer hasta el \u00faltimo curso.<\/p>\n","protected":false},"author":5,"featured_media":0,"parent":6572,"menu_order":1,"comment_status":"closed","ping_status":"closed","template":"","meta":{"footnotes":""},"class_list":["post-6574","page","type-page","status-publish","hentry"],"yoast_head":"<!-- This site is optimized with the Yoast SEO plugin v27.4 - https:\/\/yoast.com\/product\/yoast-seo-wordpress\/ -->\n<title>Grupos escolares | Ch\u00e2teau de Montsoreau-Mus\u00e9e d&#039;Art Contemporain<\/title>\n<meta name=\"robots\" content=\"index, follow, max-snippet:-1, max-image-preview:large, max-video-preview:-1\" \/>\n<link rel=\"canonical\" href=\"https:\/\/www.chateau-montsoreau.com\/wordpress\/es\/grupos\/grupos-escolares\/\" \/>\n<meta property=\"og:locale\" content=\"fr_FR\" \/>\n<meta property=\"og:type\" content=\"article\" \/>\n<meta property=\"og:title\" content=\"Grupos escolares | Ch\u00e2teau de Montsoreau-Mus\u00e9e d&#039;Art Contemporain\" \/>\n<meta property=\"og:description\" content=\"El Castillo de Montsoreau-Museo de arte contemporaneo ofrece una acogida adaptada a las escuelas desde el primer hasta el \u00faltimo curso.\" \/>\n<meta property=\"og:url\" content=\"https:\/\/www.chateau-montsoreau.com\/wordpress\/es\/grupos\/grupos-escolares\/\" \/>\n<meta property=\"og:site_name\" content=\"Ch\u00e2teau de Montsoreau-Mus\u00e9e d&#039;Art Contemporain\" \/>\n<meta property=\"article:publisher\" content=\"https:\/\/www.facebook.com\/chateaudemontsoreau\/\" \/>\n<meta property=\"article:modified_time\" content=\"2019-09-11T12:28:57+00:00\" \/>\n<meta property=\"og:image\" content=\"http:\/\/www.chateau-montsoreau.com\/wordpress\/wp-content\/uploads\/2016\/03\/Capture-d\u2019e\u0301cran-2016-06-21-a\u0300-19.01.59-1-300x166.png\" \/>\n<meta name=\"twitter:card\" content=\"summary_large_image\" \/>\n<meta name=\"twitter:site\" content=\"@Cmontsoreau\" \/>\n<meta name=\"twitter:label1\" content=\"Dur\u00e9e de lecture estim\u00e9e\" \/>\n\t<meta name=\"twitter:data1\" content=\"2 minutes\" \/>\n<script type=\"application\/ld+json\" class=\"yoast-schema-graph\">{\"@context\":\"https:\\\/\\\/schema.org\",\"@graph\":[{\"@type\":\"WebPage\",\"@id\":\"https:\\\/\\\/www.chateau-montsoreau.com\\\/wordpress\\\/es\\\/grupos\\\/grupos-escolares\\\/\",\"url\":\"https:\\\/\\\/www.chateau-montsoreau.com\\\/wordpress\\\/es\\\/grupos\\\/grupos-escolares\\\/\",\"name\":\"Grupos escolares | Ch\u00e2teau de Montsoreau-Mus\u00e9e d&#039;Art Contemporain\",\"isPartOf\":{\"@id\":\"https:\\\/\\\/www.chateau-montsoreau.com\\\/wordpress\\\/#website\"},\"primaryImageOfPage\":{\"@id\":\"https:\\\/\\\/www.chateau-montsoreau.com\\\/wordpress\\\/es\\\/grupos\\\/grupos-escolares\\\/#primaryimage\"},\"image\":{\"@id\":\"https:\\\/\\\/www.chateau-montsoreau.com\\\/wordpress\\\/es\\\/grupos\\\/grupos-escolares\\\/#primaryimage\"},\"thumbnailUrl\":\"http:\\\/\\\/www.chateau-montsoreau.com\\\/wordpress\\\/wp-content\\\/uploads\\\/2016\\\/03\\\/20160826_140809-e1475680390220-225x300.jpg\",\"datePublished\":\"2019-09-01T15:03:31+00:00\",\"dateModified\":\"2019-09-11T12:28:57+00:00\",\"breadcrumb\":{\"@id\":\"https:\\\/\\\/www.chateau-montsoreau.com\\\/wordpress\\\/es\\\/grupos\\\/grupos-escolares\\\/#breadcrumb\"},\"inLanguage\":\"fr-FR\",\"potentialAction\":[{\"@type\":\"ReadAction\",\"target\":[\"https:\\\/\\\/www.chateau-montsoreau.com\\\/wordpress\\\/es\\\/grupos\\\/grupos-escolares\\\/\"]}]},{\"@type\":\"ImageObject\",\"inLanguage\":\"fr-FR\",\"@id\":\"https:\\\/\\\/www.chateau-montsoreau.com\\\/wordpress\\\/es\\\/grupos\\\/grupos-escolares\\\/#primaryimage\",\"url\":\"http:\\\/\\\/www.chateau-montsoreau.com\\\/wordpress\\\/wp-content\\\/uploads\\\/2016\\\/03\\\/20160826_140809-e1475680390220-225x300.jpg\",\"contentUrl\":\"http:\\\/\\\/www.chateau-montsoreau.com\\\/wordpress\\\/wp-content\\\/uploads\\\/2016\\\/03\\\/20160826_140809-e1475680390220-225x300.jpg\"},{\"@type\":\"BreadcrumbList\",\"@id\":\"https:\\\/\\\/www.chateau-montsoreau.com\\\/wordpress\\\/es\\\/grupos\\\/grupos-escolares\\\/#breadcrumb\",\"itemListElement\":[{\"@type\":\"ListItem\",\"position\":1,\"name\":\"Accueil\",\"item\":\"https:\\\/\\\/www.chateau-montsoreau.com\\\/wordpress\\\/fr\\\/\"},{\"@type\":\"ListItem\",\"position\":2,\"name\":\"Grupos\",\"item\":\"https:\\\/\\\/www.chateau-montsoreau.com\\\/wordpress\\\/es\\\/grupos\\\/\"},{\"@type\":\"ListItem\",\"position\":3,\"name\":\"Grupos escolares\"}]},{\"@type\":\"WebSite\",\"@id\":\"https:\\\/\\\/www.chateau-montsoreau.com\\\/wordpress\\\/#website\",\"url\":\"https:\\\/\\\/www.chateau-montsoreau.com\\\/wordpress\\\/\",\"name\":\"Ch\u00e2teau de Montsoreau-Mus\u00e9e d&#039;Art Contemporain\",\"description\":\"Ch\u00e2teaux de la Loire Art Contemporain Art Conceptuel\",\"publisher\":{\"@id\":\"https:\\\/\\\/www.chateau-montsoreau.com\\\/wordpress\\\/#organization\"},\"potentialAction\":[{\"@type\":\"SearchAction\",\"target\":{\"@type\":\"EntryPoint\",\"urlTemplate\":\"https:\\\/\\\/www.chateau-montsoreau.com\\\/wordpress\\\/?s={search_term_string}\"},\"query-input\":{\"@type\":\"PropertyValueSpecification\",\"valueRequired\":true,\"valueName\":\"search_term_string\"}}],\"inLanguage\":\"fr-FR\"},{\"@type\":\"Organization\",\"@id\":\"https:\\\/\\\/www.chateau-montsoreau.com\\\/wordpress\\\/#organization\",\"name\":\"Ch\u00e2teau de Montsoreau - Mus\u00e9e d'art contemporain\",\"url\":\"https:\\\/\\\/www.chateau-montsoreau.com\\\/wordpress\\\/\",\"logo\":{\"@type\":\"ImageObject\",\"inLanguage\":\"fr-FR\",\"@id\":\"https:\\\/\\\/www.chateau-montsoreau.com\\\/wordpress\\\/#\\\/schema\\\/logo\\\/image\\\/\",\"url\":\"https:\\\/\\\/www.chateau-montsoreau.com\\\/wordpress\\\/wp-content\\\/uploads\\\/2016\\\/03\\\/Logo-Montsoreau-tout-petit-1.png\",\"contentUrl\":\"https:\\\/\\\/www.chateau-montsoreau.com\\\/wordpress\\\/wp-content\\\/uploads\\\/2016\\\/03\\\/Logo-Montsoreau-tout-petit-1.png\",\"width\":133,\"height\":133,\"caption\":\"Ch\u00e2teau de Montsoreau - Mus\u00e9e d'art contemporain\"},\"image\":{\"@id\":\"https:\\\/\\\/www.chateau-montsoreau.com\\\/wordpress\\\/#\\\/schema\\\/logo\\\/image\\\/\"},\"sameAs\":[\"https:\\\/\\\/www.facebook.com\\\/chateaudemontsoreau\\\/\",\"https:\\\/\\\/x.com\\\/Cmontsoreau\",\"https:\\\/\\\/www.instagram.com\\\/chateaudemontsoreau\\\/\",\"http:\\\/\\\/www.pinterest.com\\\/Cmontsoreau\"]}]}<\/script>\n<!-- \/ Yoast SEO plugin. -->","yoast_head_json":{"title":"Grupos escolares | Ch\u00e2teau de Montsoreau-Mus\u00e9e d&#039;Art Contemporain","robots":{"index":"index","follow":"follow","max-snippet":"max-snippet:-1","max-image-preview":"max-image-preview:large","max-video-preview":"max-video-preview:-1"},"canonical":"https:\/\/www.chateau-montsoreau.com\/wordpress\/es\/grupos\/grupos-escolares\/","og_locale":"fr_FR","og_type":"article","og_title":"Grupos escolares | Ch\u00e2teau de Montsoreau-Mus\u00e9e d&#039;Art Contemporain","og_description":"El Castillo de Montsoreau-Museo de arte contemporaneo ofrece una acogida adaptada a las escuelas desde el primer hasta el \u00faltimo curso.","og_url":"https:\/\/www.chateau-montsoreau.com\/wordpress\/es\/grupos\/grupos-escolares\/","og_site_name":"Ch\u00e2teau de Montsoreau-Mus\u00e9e d&#039;Art Contemporain","article_publisher":"https:\/\/www.facebook.com\/chateaudemontsoreau\/","article_modified_time":"2019-09-11T12:28:57+00:00","og_image":[{"url":"http:\/\/www.chateau-montsoreau.com\/wordpress\/wp-content\/uploads\/2016\/03\/Capture-d\u2019e\u0301cran-2016-06-21-a\u0300-19.01.59-1-300x166.png","type":"","width":"","height":""}],"twitter_card":"summary_large_image","twitter_site":"@Cmontsoreau","twitter_misc":{"Dur\u00e9e de lecture estim\u00e9e":"2 minutes"},"schema":{"@context":"https:\/\/schema.org","@graph":[{"@type":"WebPage","@id":"https:\/\/www.chateau-montsoreau.com\/wordpress\/es\/grupos\/grupos-escolares\/","url":"https:\/\/www.chateau-montsoreau.com\/wordpress\/es\/grupos\/grupos-escolares\/","name":"Grupos escolares | Ch\u00e2teau de Montsoreau-Mus\u00e9e d&#039;Art Contemporain","isPartOf":{"@id":"https:\/\/www.chateau-montsoreau.com\/wordpress\/#website"},"primaryImageOfPage":{"@id":"https:\/\/www.chateau-montsoreau.com\/wordpress\/es\/grupos\/grupos-escolares\/#primaryimage"},"image":{"@id":"https:\/\/www.chateau-montsoreau.com\/wordpress\/es\/grupos\/grupos-escolares\/#primaryimage"},"thumbnailUrl":"http:\/\/www.chateau-montsoreau.com\/wordpress\/wp-content\/uploads\/2016\/03\/20160826_140809-e1475680390220-225x300.jpg","datePublished":"2019-09-01T15:03:31+00:00","dateModified":"2019-09-11T12:28:57+00:00","breadcrumb":{"@id":"https:\/\/www.chateau-montsoreau.com\/wordpress\/es\/grupos\/grupos-escolares\/#breadcrumb"},"inLanguage":"fr-FR","potentialAction":[{"@type":"ReadAction","target":["https:\/\/www.chateau-montsoreau.com\/wordpress\/es\/grupos\/grupos-escolares\/"]}]},{"@type":"ImageObject","inLanguage":"fr-FR","@id":"https:\/\/www.chateau-montsoreau.com\/wordpress\/es\/grupos\/grupos-escolares\/#primaryimage","url":"http:\/\/www.chateau-montsoreau.com\/wordpress\/wp-content\/uploads\/2016\/03\/20160826_140809-e1475680390220-225x300.jpg","contentUrl":"http:\/\/www.chateau-montsoreau.com\/wordpress\/wp-content\/uploads\/2016\/03\/20160826_140809-e1475680390220-225x300.jpg"},{"@type":"BreadcrumbList","@id":"https:\/\/www.chateau-montsoreau.com\/wordpress\/es\/grupos\/grupos-escolares\/#breadcrumb","itemListElement":[{"@type":"ListItem","position":1,"name":"Accueil","item":"https:\/\/www.chateau-montsoreau.com\/wordpress\/fr\/"},{"@type":"ListItem","position":2,"name":"Grupos","item":"https:\/\/www.chateau-montsoreau.com\/wordpress\/es\/grupos\/"},{"@type":"ListItem","position":3,"name":"Grupos escolares"}]},{"@type":"WebSite","@id":"https:\/\/www.chateau-montsoreau.com\/wordpress\/#website","url":"https:\/\/www.chateau-montsoreau.com\/wordpress\/","name":"Ch\u00e2teau de Montsoreau-Mus\u00e9e d&#039;Art Contemporain","description":"Ch\u00e2teaux de la Loire Art Contemporain Art Conceptuel","publisher":{"@id":"https:\/\/www.chateau-montsoreau.com\/wordpress\/#organization"},"potentialAction":[{"@type":"SearchAction","target":{"@type":"EntryPoint","urlTemplate":"https:\/\/www.chateau-montsoreau.com\/wordpress\/?s={search_term_string}"},"query-input":{"@type":"PropertyValueSpecification","valueRequired":true,"valueName":"search_term_string"}}],"inLanguage":"fr-FR"},{"@type":"Organization","@id":"https:\/\/www.chateau-montsoreau.com\/wordpress\/#organization","name":"Ch\u00e2teau de Montsoreau - Mus\u00e9e d'art contemporain","url":"https:\/\/www.chateau-montsoreau.com\/wordpress\/","logo":{"@type":"ImageObject","inLanguage":"fr-FR","@id":"https:\/\/www.chateau-montsoreau.com\/wordpress\/#\/schema\/logo\/image\/","url":"https:\/\/www.chateau-montsoreau.com\/wordpress\/wp-content\/uploads\/2016\/03\/Logo-Montsoreau-tout-petit-1.png","contentUrl":"https:\/\/www.chateau-montsoreau.com\/wordpress\/wp-content\/uploads\/2016\/03\/Logo-Montsoreau-tout-petit-1.png","width":133,"height":133,"caption":"Ch\u00e2teau de Montsoreau - Mus\u00e9e d'art contemporain"},"image":{"@id":"https:\/\/www.chateau-montsoreau.com\/wordpress\/#\/schema\/logo\/image\/"},"sameAs":["https:\/\/www.facebook.com\/chateaudemontsoreau\/","https:\/\/x.com\/Cmontsoreau","https:\/\/www.instagram.com\/chateaudemontsoreau\/","http:\/\/www.pinterest.com\/Cmontsoreau"]}]}},"_links":{"self":[{"href":"https:\/\/www.chateau-montsoreau.com\/wordpress\/wp-json\/wp\/v2\/pages\/6574","targetHints":{"allow":["GET"]}}],"collection":[{"href":"https:\/\/www.chateau-montsoreau.com\/wordpress\/wp-json\/wp\/v2\/pages"}],"about":[{"href":"https:\/\/www.chateau-montsoreau.com\/wordpress\/wp-json\/wp\/v2\/types\/page"}],"author":[{"embeddable":true,"href":"https:\/\/www.chateau-montsoreau.com\/wordpress\/wp-json\/wp\/v2\/users\/5"}],"replies":[{"embeddable":true,"href":"https:\/\/www.chateau-montsoreau.com\/wordpress\/wp-json\/wp\/v2\/comments?post=6574"}],"version-history":[{"count":5,"href":"https:\/\/www.chateau-montsoreau.com\/wordpress\/wp-json\/wp\/v2\/pages\/6574\/revisions"}],"predecessor-version":[{"id":6885,"href":"https:\/\/www.chateau-montsoreau.com\/wordpress\/wp-json\/wp\/v2\/pages\/6574\/revisions\/6885"}],"up":[{"embeddable":true,"href":"https:\/\/www.chateau-montsoreau.com\/wordpress\/wp-json\/wp\/v2\/pages\/6572"}],"wp:attachment":[{"href":"https:\/\/www.chateau-montsoreau.com\/wordpress\/wp-json\/wp\/v2\/media?parent=6574"}],"curies":[{"name":"wp","href":"https:\/\/api.w.org\/{rel}","templated":true}]}}