{"id":6576,"date":"2019-09-01T16:08:57","date_gmt":"2019-09-01T15:08:57","guid":{"rendered":"http:\/\/www.chateau-montsoreau.com\/wordpress\/?page_id=6576"},"modified":"2019-09-11T13:30:29","modified_gmt":"2019-09-11T12:30:29","slug":"grupos-de-adultos","status":"publish","type":"page","link":"https:\/\/www.chateau-montsoreau.com\/wordpress\/es\/grupos\/grupos-de-adultos\/","title":{"rendered":"Grupos de adultos"},"content":{"rendered":"<div  class=\"ut-alert grey  \"><div  class=\"ut-one-half  \">\n<p><h6 class=\"ut-title-divider \" ><span><\/p>\n<h2>Visitas<\/h2>\n<p><\/span><\/h6><\/p>\n<ul>\n<li style=\"text-align: justify;\"><strong>Visita libre:<\/strong> visita libre del museo y de su colecci\u00f3n de arte contempor\u00e1neo.<\/li>\n<li style=\"text-align: justify;\"><strong>Visita guiada (a concertar):<\/strong> un mediador del museo le guiar\u00e1 a trav\u00e9s de la colecci\u00f3n permanente del museo y de las exposiciones temporales.<\/li>\n<\/ul>\n<p style=\"text-align: justify;\"><img loading=\"lazy\" decoding=\"async\" class=\"aligncenter wp-image-5205 size-full\" src=\"http:\/\/www.chateau-montsoreau.com\/wordpress\/wp-content\/uploads\/2016\/03\/visite-guid\u00e9e-2-modifi\u00e9.jpg\" alt=\"\" width=\"3991\" height=\"1981\" srcset=\"https:\/\/www.chateau-montsoreau.com\/wordpress\/wp-content\/uploads\/2016\/03\/visite-guid\u00e9e-2-modifi\u00e9.jpg 3991w, https:\/\/www.chateau-montsoreau.com\/wordpress\/wp-content\/uploads\/2016\/03\/visite-guid\u00e9e-2-modifi\u00e9-600x298.jpg 600w, https:\/\/www.chateau-montsoreau.com\/wordpress\/wp-content\/uploads\/2016\/03\/visite-guid\u00e9e-2-modifi\u00e9-300x149.jpg 300w, https:\/\/www.chateau-montsoreau.com\/wordpress\/wp-content\/uploads\/2016\/03\/visite-guid\u00e9e-2-modifi\u00e9-768x381.jpg 768w, https:\/\/www.chateau-montsoreau.com\/wordpress\/wp-content\/uploads\/2016\/03\/visite-guid\u00e9e-2-modifi\u00e9-1024x508.jpg 1024w\" sizes=\"auto, (max-width: 3991px) 100vw, 3991px\" \/><\/p>\n<p><img loading=\"lazy\" decoding=\"async\" class=\"alignnone size-full wp-image-6265\" src=\"http:\/\/www.chateau-montsoreau.com\/wordpress\/wp-content\/uploads\/2019\/01\/Package-GROUPE-croisi\u00e8re-ch\u00e2teau-Montsoreau-2019-page-001.jpg\" alt=\"\" width=\"875\" height=\"1240\" srcset=\"https:\/\/www.chateau-montsoreau.com\/wordpress\/wp-content\/uploads\/2019\/01\/Package-GROUPE-croisi\u00e8re-ch\u00e2teau-Montsoreau-2019-page-001.jpg 875w, https:\/\/www.chateau-montsoreau.com\/wordpress\/wp-content\/uploads\/2019\/01\/Package-GROUPE-croisi\u00e8re-ch\u00e2teau-Montsoreau-2019-page-001-600x850.jpg 600w, https:\/\/www.chateau-montsoreau.com\/wordpress\/wp-content\/uploads\/2019\/01\/Package-GROUPE-croisi\u00e8re-ch\u00e2teau-Montsoreau-2019-page-001-212x300.jpg 212w, https:\/\/www.chateau-montsoreau.com\/wordpress\/wp-content\/uploads\/2019\/01\/Package-GROUPE-croisi\u00e8re-ch\u00e2teau-Montsoreau-2019-page-001-768x1088.jpg 768w, https:\/\/www.chateau-montsoreau.com\/wordpress\/wp-content\/uploads\/2019\/01\/Package-GROUPE-croisi\u00e8re-ch\u00e2teau-Montsoreau-2019-page-001-723x1024.jpg 723w\" sizes=\"auto, (max-width: 875px) 100vw, 875px\" \/><\/p>\n<\/div>\n<div  class=\"ut-one-half ut-column-last  \">\n<p><h6 class=\"ut-title-divider \" ><span><\/p>\n<h2>Restaurante<br \/>\nJEAN 2 <\/span><\/h6><\/h2>\n<p>El restaurante JEAN 2 est\u00e1 abierto todo el a\u00f1o con reserva para grupos.<br \/>\nEs posible privatizar la sala interior y la terraza para almuerzos y cenas.<\/p>\n<p><strong>TERRAZA PANOR\u00c1MICA<\/strong><br \/>\n<strong>capacidad: 50 personas<\/strong><\/p>\n<p><strong>SALA INTERIOR<\/strong><br \/>\n<strong>capacidad: 35 personas<\/strong><br \/>\nSituada en las antiguas cocinas del castillo, la sala del restaurante cultiva un ambiente acogedor, \u00edntimo y relajado con un rinc\u00f3n de biblioteca, un piano de autoservicio y tapas de vinilo de coleccionista en las paredes.<\/p>\n<p><strong>Men\u00fa para grupos<\/strong><br \/>\n<strong>15\u20ac<\/strong><br \/>\nSopa de Montsoreau<br \/>\nTabla de quesos y carne de cerdo<br \/>\nPostre casero<\/p>\n<p><strong>Men\u00fa para grupos<\/strong><br \/>\n<strong>25\u20ac<\/strong><br \/>\nSopa de zanahoria Lea Linster<br \/>\nPizarra de cerdo<br \/>\nQueso de cabra de la queser\u00eda Haut Cru\u00e9<br \/>\nPastel de ciruela del Maestro Bernard<\/p>\n<p><img loading=\"lazy\" decoding=\"async\" class=\"aligncenter wp-image-5944 size-full\" src=\"http:\/\/www.chateau-montsoreau.com\/wordpress\/wp-content\/uploads\/2016\/03\/d\u00e9jeuner-groupes.jpg\" alt=\"\" width=\"4096\" height=\"2304\" \/><\/p>\n<p><strong>CRUCERO + ALMUERZO (desde abril hasta octubre)<\/strong><br \/>\n<strong>M\u00ednimo 20 personas<\/strong><\/p>\n<ul>\n<li>Salida de Saumur (quai Lucien Gauthier).<\/li>\n<li>Crucero comentado (1h30 de navegaci\u00f3n).<\/li>\n<li>Almuerzo en el restaurante JEAN 2 (men\u00fa a 25\u20ac).<\/li>\n<li>Visita guiada a la colecci\u00f3n del Castillo de Montsoreau-Museo de arte contemporaneo<\/li>\n<li>Regreso a Saumur.<\/li>\n<\/ul>\n<\/div><div class=\"clear\"><\/div>\n<p><h6 class=\"ut-title-divider \" ><span><\/p>\n<h2>Tarifas para grupos<\/h2>\n<p><\/span><\/h6><\/p>\n<p><div class=\"ut-pt-wrap ut-pt-wrap-style-1\"><div class=\"grid-25 tablet-grid-50 mobile-grid-100\"><div class=\"ut-pricing-table\"><header class=\"ut-pt-header ut-level-one\"><h2 class=\"ut-pt-title\">Visita autoguiada o guiada<\/h2><span class=\"ut-pt-title-slogan\">Mas de 18 a\u00f1os<\/span><\/header><footer class=\"ut-pt-pricing\"><span class=\"ut-pt-price\"><sup>\u20ac<\/sup>8,40<\/span><\/footer><\/div><\/div><div class=\"grid-25 tablet-grid-50 mobile-grid-100\"><div class=\"ut-pricing-table\"><header class=\"ut-pt-header ut-level-one\"><h2 class=\"ut-pt-title\">Visita autoguiada o guiada<\/h2><span class=\"ut-pt-title-slogan\">De 5 a 18 a\u00f1os<\/span><\/header><footer class=\"ut-pt-pricing\"><span class=\"ut-pt-price\"><sup>\u20ac<\/sup>6.10<\/span><\/footer><\/div><\/div><div class=\"grid-25 tablet-grid-50 mobile-grid-100\"><div class=\"ut-pricing-table\"><\/div><\/div><div class=\"grid-25 tablet-grid-50 mobile-grid-100\"><div class=\"ut-pricing-table\"><header class=\"ut-pt-header ut-level-one\"><h2 class=\"ut-pt-title\">Talleres educativos<\/h2><span class=\"ut-pt-title-slogan\">Tarifa por estudiante<\/span><\/header><footer class=\"ut-pt-pricing\"><span class=\"ut-pt-price\"><sup>\u20ac<\/sup>8<\/span><\/footer><\/div><\/div><div class=\"clear\"><\/div><\/div><\/p>\n<div  class=\"ut-alert grey  \"><\/div>\n<h6 class=\"ut-title-divider \" ><span><\/p>\n<h2>Formulario de contacto<\/h2>\n<p><\/span><\/h6><\/p>\n<p><p class=\"wpcf7-contact-form-not-found\"><strong>Erreur\u00a0:<\/strong> Formulaire de contact non trouv\u00e9\u00a0!<\/p><br \/>\n<\/div>\n","protected":false},"excerpt":{"rendered":"","protected":false},"author":5,"featured_media":0,"parent":6572,"menu_order":2,"comment_status":"closed","ping_status":"closed","template":"","meta":{"footnotes":""},"class_list":["post-6576","page","type-page","status-publish","hentry"],"yoast_head":"<!-- This site is optimized with the Yoast SEO plugin v27.3 - https:\/\/yoast.com\/product\/yoast-seo-wordpress\/ -->\n<title>Ch\u00e2teau de Montsoreau Mus\u00e9e d&#039;art contemporain Val de Loire<\/title>\n<meta name=\"robots\" content=\"index, follow, max-snippet:-1, max-image-preview:large, max-video-preview:-1\" \/>\n<link rel=\"canonical\" href=\"https:\/\/www.chateau-montsoreau.com\/wordpress\/es\/grupos\/grupos-de-adultos\/\" \/>\n<meta property=\"og:locale\" content=\"fr_FR\" \/>\n<meta property=\"og:type\" content=\"article\" \/>\n<meta property=\"og:title\" content=\"Ch\u00e2teau de Montsoreau Mus\u00e9e d&#039;art contemporain Val de Loire\" \/>\n<meta property=\"og:url\" content=\"https:\/\/www.chateau-montsoreau.com\/wordpress\/es\/grupos\/grupos-de-adultos\/\" \/>\n<meta property=\"og:site_name\" content=\"Ch\u00e2teau de Montsoreau-Mus\u00e9e d&#039;Art Contemporain\" \/>\n<meta property=\"article:publisher\" content=\"https:\/\/www.facebook.com\/chateaudemontsoreau\/\" \/>\n<meta property=\"article:modified_time\" content=\"2019-09-11T12:30:29+00:00\" \/>\n<meta property=\"og:image\" content=\"http:\/\/www.chateau-montsoreau.com\/wordpress\/wp-content\/uploads\/2016\/03\/visite-guid\u00e9e-2-modifi\u00e9.jpg\" \/>\n<meta name=\"twitter:card\" content=\"summary_large_image\" \/>\n<meta name=\"twitter:site\" content=\"@Cmontsoreau\" \/>\n<meta name=\"twitter:label1\" content=\"Dur\u00e9e de lecture estim\u00e9e\" \/>\n\t<meta name=\"twitter:data1\" content=\"1 minute\" \/>\n<script type=\"application\/ld+json\" class=\"yoast-schema-graph\">{\"@context\":\"https:\\\/\\\/schema.org\",\"@graph\":[{\"@type\":\"WebPage\",\"@id\":\"https:\\\/\\\/www.chateau-montsoreau.com\\\/wordpress\\\/es\\\/grupos\\\/grupos-de-adultos\\\/\",\"url\":\"https:\\\/\\\/www.chateau-montsoreau.com\\\/wordpress\\\/es\\\/grupos\\\/grupos-de-adultos\\\/\",\"name\":\"Ch\u00e2teau de Montsoreau Mus\u00e9e d'art contemporain Val de Loire\",\"isPartOf\":{\"@id\":\"https:\\\/\\\/www.chateau-montsoreau.com\\\/wordpress\\\/#website\"},\"datePublished\":\"2019-09-01T15:08:57+00:00\",\"dateModified\":\"2019-09-11T12:30:29+00:00\",\"breadcrumb\":{\"@id\":\"https:\\\/\\\/www.chateau-montsoreau.com\\\/wordpress\\\/es\\\/grupos\\\/grupos-de-adultos\\\/#breadcrumb\"},\"inLanguage\":\"fr-FR\",\"potentialAction\":[{\"@type\":\"ReadAction\",\"target\":[\"https:\\\/\\\/www.chateau-montsoreau.com\\\/wordpress\\\/es\\\/grupos\\\/grupos-de-adultos\\\/\"]}]},{\"@type\":\"BreadcrumbList\",\"@id\":\"https:\\\/\\\/www.chateau-montsoreau.com\\\/wordpress\\\/es\\\/grupos\\\/grupos-de-adultos\\\/#breadcrumb\",\"itemListElement\":[{\"@type\":\"ListItem\",\"position\":1,\"name\":\"Accueil\",\"item\":\"https:\\\/\\\/www.chateau-montsoreau.com\\\/wordpress\\\/fr\\\/\"},{\"@type\":\"ListItem\",\"position\":2,\"name\":\"Grupos\",\"item\":\"https:\\\/\\\/www.chateau-montsoreau.com\\\/wordpress\\\/es\\\/grupos\\\/\"},{\"@type\":\"ListItem\",\"position\":3,\"name\":\"Grupos de adultos\"}]},{\"@type\":\"WebSite\",\"@id\":\"https:\\\/\\\/www.chateau-montsoreau.com\\\/wordpress\\\/#website\",\"url\":\"https:\\\/\\\/www.chateau-montsoreau.com\\\/wordpress\\\/\",\"name\":\"Ch\u00e2teau de Montsoreau-Mus\u00e9e d&#039;Art Contemporain\",\"description\":\"Ch\u00e2teaux de la Loire Art Contemporain Art Conceptuel\",\"publisher\":{\"@id\":\"https:\\\/\\\/www.chateau-montsoreau.com\\\/wordpress\\\/#organization\"},\"potentialAction\":[{\"@type\":\"SearchAction\",\"target\":{\"@type\":\"EntryPoint\",\"urlTemplate\":\"https:\\\/\\\/www.chateau-montsoreau.com\\\/wordpress\\\/?s={search_term_string}\"},\"query-input\":{\"@type\":\"PropertyValueSpecification\",\"valueRequired\":true,\"valueName\":\"search_term_string\"}}],\"inLanguage\":\"fr-FR\"},{\"@type\":\"Organization\",\"@id\":\"https:\\\/\\\/www.chateau-montsoreau.com\\\/wordpress\\\/#organization\",\"name\":\"Ch\u00e2teau de Montsoreau - Mus\u00e9e d'art contemporain\",\"url\":\"https:\\\/\\\/www.chateau-montsoreau.com\\\/wordpress\\\/\",\"logo\":{\"@type\":\"ImageObject\",\"inLanguage\":\"fr-FR\",\"@id\":\"https:\\\/\\\/www.chateau-montsoreau.com\\\/wordpress\\\/#\\\/schema\\\/logo\\\/image\\\/\",\"url\":\"https:\\\/\\\/www.chateau-montsoreau.com\\\/wordpress\\\/wp-content\\\/uploads\\\/2016\\\/03\\\/Logo-Montsoreau-tout-petit-1.png\",\"contentUrl\":\"https:\\\/\\\/www.chateau-montsoreau.com\\\/wordpress\\\/wp-content\\\/uploads\\\/2016\\\/03\\\/Logo-Montsoreau-tout-petit-1.png\",\"width\":133,\"height\":133,\"caption\":\"Ch\u00e2teau de Montsoreau - Mus\u00e9e d'art contemporain\"},\"image\":{\"@id\":\"https:\\\/\\\/www.chateau-montsoreau.com\\\/wordpress\\\/#\\\/schema\\\/logo\\\/image\\\/\"},\"sameAs\":[\"https:\\\/\\\/www.facebook.com\\\/chateaudemontsoreau\\\/\",\"https:\\\/\\\/x.com\\\/Cmontsoreau\",\"https:\\\/\\\/www.instagram.com\\\/chateaudemontsoreau\\\/\",\"http:\\\/\\\/www.pinterest.com\\\/Cmontsoreau\"]}]}<\/script>\n<!-- \/ Yoast SEO plugin. -->","yoast_head_json":{"title":"Ch\u00e2teau de Montsoreau Mus\u00e9e d'art contemporain Val de Loire","robots":{"index":"index","follow":"follow","max-snippet":"max-snippet:-1","max-image-preview":"max-image-preview:large","max-video-preview":"max-video-preview:-1"},"canonical":"https:\/\/www.chateau-montsoreau.com\/wordpress\/es\/grupos\/grupos-de-adultos\/","og_locale":"fr_FR","og_type":"article","og_title":"Ch\u00e2teau de Montsoreau Mus\u00e9e d'art contemporain Val de Loire","og_url":"https:\/\/www.chateau-montsoreau.com\/wordpress\/es\/grupos\/grupos-de-adultos\/","og_site_name":"Ch\u00e2teau de Montsoreau-Mus\u00e9e d&#039;Art Contemporain","article_publisher":"https:\/\/www.facebook.com\/chateaudemontsoreau\/","article_modified_time":"2019-09-11T12:30:29+00:00","og_image":[{"url":"http:\/\/www.chateau-montsoreau.com\/wordpress\/wp-content\/uploads\/2016\/03\/visite-guid\u00e9e-2-modifi\u00e9.jpg","type":"","width":"","height":""}],"twitter_card":"summary_large_image","twitter_site":"@Cmontsoreau","twitter_misc":{"Dur\u00e9e de lecture estim\u00e9e":"1 minute"},"schema":{"@context":"https:\/\/schema.org","@graph":[{"@type":"WebPage","@id":"https:\/\/www.chateau-montsoreau.com\/wordpress\/es\/grupos\/grupos-de-adultos\/","url":"https:\/\/www.chateau-montsoreau.com\/wordpress\/es\/grupos\/grupos-de-adultos\/","name":"Ch\u00e2teau de Montsoreau Mus\u00e9e d'art contemporain Val de Loire","isPartOf":{"@id":"https:\/\/www.chateau-montsoreau.com\/wordpress\/#website"},"datePublished":"2019-09-01T15:08:57+00:00","dateModified":"2019-09-11T12:30:29+00:00","breadcrumb":{"@id":"https:\/\/www.chateau-montsoreau.com\/wordpress\/es\/grupos\/grupos-de-adultos\/#breadcrumb"},"inLanguage":"fr-FR","potentialAction":[{"@type":"ReadAction","target":["https:\/\/www.chateau-montsoreau.com\/wordpress\/es\/grupos\/grupos-de-adultos\/"]}]},{"@type":"BreadcrumbList","@id":"https:\/\/www.chateau-montsoreau.com\/wordpress\/es\/grupos\/grupos-de-adultos\/#breadcrumb","itemListElement":[{"@type":"ListItem","position":1,"name":"Accueil","item":"https:\/\/www.chateau-montsoreau.com\/wordpress\/fr\/"},{"@type":"ListItem","position":2,"name":"Grupos","item":"https:\/\/www.chateau-montsoreau.com\/wordpress\/es\/grupos\/"},{"@type":"ListItem","position":3,"name":"Grupos de adultos"}]},{"@type":"WebSite","@id":"https:\/\/www.chateau-montsoreau.com\/wordpress\/#website","url":"https:\/\/www.chateau-montsoreau.com\/wordpress\/","name":"Ch\u00e2teau de Montsoreau-Mus\u00e9e d&#039;Art Contemporain","description":"Ch\u00e2teaux de la Loire Art Contemporain Art Conceptuel","publisher":{"@id":"https:\/\/www.chateau-montsoreau.com\/wordpress\/#organization"},"potentialAction":[{"@type":"SearchAction","target":{"@type":"EntryPoint","urlTemplate":"https:\/\/www.chateau-montsoreau.com\/wordpress\/?s={search_term_string}"},"query-input":{"@type":"PropertyValueSpecification","valueRequired":true,"valueName":"search_term_string"}}],"inLanguage":"fr-FR"},{"@type":"Organization","@id":"https:\/\/www.chateau-montsoreau.com\/wordpress\/#organization","name":"Ch\u00e2teau de Montsoreau - Mus\u00e9e d'art contemporain","url":"https:\/\/www.chateau-montsoreau.com\/wordpress\/","logo":{"@type":"ImageObject","inLanguage":"fr-FR","@id":"https:\/\/www.chateau-montsoreau.com\/wordpress\/#\/schema\/logo\/image\/","url":"https:\/\/www.chateau-montsoreau.com\/wordpress\/wp-content\/uploads\/2016\/03\/Logo-Montsoreau-tout-petit-1.png","contentUrl":"https:\/\/www.chateau-montsoreau.com\/wordpress\/wp-content\/uploads\/2016\/03\/Logo-Montsoreau-tout-petit-1.png","width":133,"height":133,"caption":"Ch\u00e2teau de Montsoreau - Mus\u00e9e d'art contemporain"},"image":{"@id":"https:\/\/www.chateau-montsoreau.com\/wordpress\/#\/schema\/logo\/image\/"},"sameAs":["https:\/\/www.facebook.com\/chateaudemontsoreau\/","https:\/\/x.com\/Cmontsoreau","https:\/\/www.instagram.com\/chateaudemontsoreau\/","http:\/\/www.pinterest.com\/Cmontsoreau"]}]}},"_links":{"self":[{"href":"https:\/\/www.chateau-montsoreau.com\/wordpress\/wp-json\/wp\/v2\/pages\/6576","targetHints":{"allow":["GET"]}}],"collection":[{"href":"https:\/\/www.chateau-montsoreau.com\/wordpress\/wp-json\/wp\/v2\/pages"}],"about":[{"href":"https:\/\/www.chateau-montsoreau.com\/wordpress\/wp-json\/wp\/v2\/types\/page"}],"author":[{"embeddable":true,"href":"https:\/\/www.chateau-montsoreau.com\/wordpress\/wp-json\/wp\/v2\/users\/5"}],"replies":[{"embeddable":true,"href":"https:\/\/www.chateau-montsoreau.com\/wordpress\/wp-json\/wp\/v2\/comments?post=6576"}],"version-history":[{"count":5,"href":"https:\/\/www.chateau-montsoreau.com\/wordpress\/wp-json\/wp\/v2\/pages\/6576\/revisions"}],"predecessor-version":[{"id":6886,"href":"https:\/\/www.chateau-montsoreau.com\/wordpress\/wp-json\/wp\/v2\/pages\/6576\/revisions\/6886"}],"up":[{"embeddable":true,"href":"https:\/\/www.chateau-montsoreau.com\/wordpress\/wp-json\/wp\/v2\/pages\/6572"}],"wp:attachment":[{"href":"https:\/\/www.chateau-montsoreau.com\/wordpress\/wp-json\/wp\/v2\/media?parent=6576"}],"curies":[{"name":"wp","href":"https:\/\/api.w.org\/{rel}","templated":true}]}}