{"id":6578,"date":"2019-09-01T16:22:30","date_gmt":"2019-09-01T15:22:30","guid":{"rendered":"http:\/\/www.chateau-montsoreau.com\/wordpress\/?page_id=6578"},"modified":"2020-01-27T16:40:20","modified_gmt":"2020-01-27T15:40:20","slug":"informaciones-practicas","status":"publish","type":"page","link":"https:\/\/www.chateau-montsoreau.com\/wordpress\/es\/informaciones-practicas\/","title":{"rendered":"Informaci\u00f3nes pr\u00e1cticas"},"content":{"rendered":"<p>Castillo de Montsoreau-Museo arte contempor\u00e1neo<br \/>\nPassage du marquis de geoffre<br \/>\n49730 Montsoreau, Valle del Loira.<br \/>\nAbierto todo el a\u00f1o.<\/p>\n<h6 class=\"ut-title-divider \" ><span>\n<h2>Tarifas<\/h2>\n<p><\/span><\/h6><br \/>\n<div class=\"ut-pt-wrap ut-pt-wrap-style-1\"><div class=\"grid-33 tablet-grid-33 mobile-grid-100\"><div class=\"ut-pricing-table\"><header class=\"ut-pt-header ut-level-one\"><h2 class=\"ut-pt-title\">Tarifa adulto<\/h2><span class=\"ut-pt-title-slogan\">Mas de 18 a\u00f1os<\/span><\/header><footer class=\"ut-pt-pricing\"><span class=\"ut-pt-price\"><sup>\u20ac<\/sup>10,70<\/span><\/footer><\/div><\/div><div class=\"grid-33 tablet-grid-33 mobile-grid-100\"><div class=\"ut-pricing-table\"><header class=\"ut-pt-header ut-level-one\"><h2 class=\"ut-pt-title\">Tarifa ni\u00f1os<\/h2><span class=\"ut-pt-title-slogan\">Desde 5 hasta 18 a\u00f1os<\/span><\/header><footer class=\"ut-pt-pricing\"><span class=\"ut-pt-price\"><sup>\u20ac<\/sup>6,70<\/span><\/footer><\/div><\/div><div class=\"grid-33 tablet-grid-33 mobile-grid-100\"><div class=\"ut-pricing-table\"><header class=\"ut-pt-header ut-level-one\"><h2 class=\"ut-pt-title\">Gratis<\/h2><span class=\"ut-pt-title-slogan\">Personas con movilidad reducida y sus acompa\u00f1antes, ni\u00f1os menores de 5 a\u00f1os, prensa <\/span><\/header><\/div><\/div><div class=\"clear\"><\/div><\/div><br \/>\n<div class=\"ut-pt-wrap ut-pt-wrap-style-1\"><div class=\"grid-33 tablet-grid-33 mobile-grid-100\"><div class=\"ut-pricing-table\"><header class=\"ut-pt-header ut-level-one\"><h2 class=\"ut-pt-title\"> Tarifa reducida<\/h2><span class=\"ut-pt-title-slogan\"> Estudiantes<\/span><\/header><footer class=\"ut-pt-pricing\"><span class=\"ut-pt-price\"><sup>\u20ac<\/sup>8,70<\/span><\/footer><\/div><\/div><div class=\"grid-33 tablet-grid-33 mobile-grid-100\"><div class=\"ut-pricing-table\"><header class=\"ut-pt-header ut-level-one\"><h2 class=\"ut-pt-title\">Tarifa reducida<\/h2><span class=\"ut-pt-title-slogan\"> Demandantes de empleo<\/span><\/header><footer class=\"ut-pt-pricing\"><span class=\"ut-pt-price\"><sup>\u20ac<\/sup>8,90<\/span><\/footer><\/div><\/div><div class=\"grid-33 tablet-grid-33 mobile-grid-100\"><div class=\"ut-pricing-table\"><header class=\"ut-pt-header ut-level-one\"><h2 class=\"ut-pt-title\">Tarifa familiar<\/h2><span class=\"ut-pt-title-slogan\">2 adultos + 2 ni\u00f1os<\/span><\/header><footer class=\"ut-pt-pricing\"><span class=\"ut-pt-price\"><sup>\u20ac<\/sup>27,80<\/span><\/footer><\/div><\/div><div class=\"clear\"><\/div><\/div><\/p>\n<p><a href=\"https:\/\/sorties.telerama.fr\/pass-art-contemporain\"><img loading=\"lazy\" decoding=\"async\" class=\"alignnone size-full wp-image-6154\" src=\"http:\/\/www.chateau-montsoreau.com\/wordpress\/wp-content\/uploads\/2018\/10\/Telerama-Pass-art-contemporain-Ch\u00e2teau-de-Montsoreau-Mus\u00e9e-dart-contemporain-Val-de-Loire.gif\" alt=\"\" width=\"1000\" height=\"90\"><\/a><\/p>\n<h6 class=\"ut-title-divider \" ><span><\/p>\n<h2>Horarios de apertura<\/h2>\n<p><\/span><\/h6>\n<div  class=\"ut-alert grey  \">\n<p style=\"text-align: center;\">Cierre anual del 13 al 31 de Enero de 2020<\/p>\n<p style=\"text-align: center;\">Enero \/ Febrero \/ Marzo \/ Octubre \/ Noviembre \/ Diciembre<br \/>\n12h00 &#8211; 18h00<\/p>\n<p style=\"text-align: center;\">Abril<br \/>\n12h00 &#8211; 19h00<\/p>\n<p style=\"text-align: center;\">Mayo \/ Junio \/ Julio \/ Agosto \/ Septiembre<br \/>\n10h00 &#8211; 19h00<\/p>\n<p style=\"text-align: center;\">Cerrado los d\u00edas 24, 25 de Diciembre y 1 de Enero<\/p>\n<\/div>\n<h6 class=\"ut-title-divider \" ><span><\/p>\n<h2>Acceso<\/h2>\n<p><\/span><\/h6>\n<div  class=\"ut-alert grey  \">\n<h3 style=\"text-align: center;\"><strong>Por carretera<\/strong><\/h3>\n<p style=\"text-align: center;\">Salida autopista A85 n\u00famero 5 Bourgueil (seguir Saumur) D960<br \/>\nAparcamiento gratuito situado en el Quai Alexandre Dumas, a orillas del Loira,<br \/>\nal pie del castillo (15 plazas de aparcamiento)<br \/>\nParking de l&rsquo;Arceau, 5 minutos a pie (300 plazas \/ gratuito)<\/p>\n<h3 style=\"text-align: center;\">En tren<\/h3>\n<p style=\"text-align: center;\">Estaci\u00f3n de Port Boulet: 11 km<br \/>\nEstaci\u00f3n de Saumur: 17 km<br \/>\nEstaci\u00f3n de Tours: 57 km<\/p>\n<h3 style=\"text-align: center;\">En avi\u00f3n<\/h3>\n<p style=\"text-align: center;\">Aeropuerto de Angers Marc\u00e9: 59 km<br \/>\nAeropuerto de Tours Valle del Loira : 74 km<br \/>\nAeropuerto de Poitiers Biard: 80 km<br \/>\nAeropuerto de Nantes Atl\u00e1ntico&nbsp;: 159 km<br \/>\nBuscar un vuelo en&nbsp;<strong style=\"color: #333333; font-size: 16px;\"><a href=\"https:\/\/www.momondo.fr\/\">Momondo<\/a>.fr<\/strong><\/p>\n<h3 style=\"text-align: center;\">En autob\u00fas<\/h3>\n<p style=\"text-align: center;\">Autob\u00fas Saumur-Montsoreau:<br \/>\nConsulte los horarios <a href=\"https:\/\/www.agglobus.fr\/se-deplacer\/fiches-horaires\/fiches-horaires-du-reseau-periurbain\">aqu\u00ed<\/a><\/p>\n<h3 style=\"text-align: center;\">En barco<\/h3>\n<p style=\"text-align: center;\">Cruceros Saumur-Montsoreau<br \/>\nTodos los s\u00e1bados, del 6 de julio al 31 de agosto<br \/>\nDuraci\u00f3n del crucero: 1h15<\/p>\n<h3 style=\"text-align: center;\"><\/h3>\n<\/div>\n<hr>\n<p><!--\n[ut_title_divider]\n\n\n<h2>Le Restaurant<\/h2>\n\n\n[\/ut_title_divider]\n[ut_one] [ut_alert color=\"grey\"]\n<img loading=\"lazy\" decoding=\"async\" class=\"aligncenter wp-image-4786 size-full\" title=\"Cr\u00e9dits Photographiques : Chloe Ghesquier\" src=\"http:\/\/www.chateau-montsoreau.com\/wordpress\/wp-content\/uploads\/2016\/03\/Ch\u00e2teau-22.png\" alt=\"\" width=\"2000\" height=\"1501\" \/>[\/ut_alert] [\/ut_one_half]\n\n[ut_one_half_last] [ut_alert color=\"grey\"]\n\n\n<h5 style=\"text-align: center;\">Les cartes du Restaurant\nBient\u00f4t<\/h5>\n\n\n[\/ut_alert] [\/ut_one_half_last]\n\n[ut_alert color=\"grey\"]\n[ut_title_divider margin_top=\"5\"]\n\n\n<h2>Chez Alexandre<\/h2>\n\n\n[\/ut_title_divider]\n\n\n<h3 style=\"text-align: center;\">Situ\u00e9 dans la cour int\u00e9rieure, le Bistrot du Ch\u00e2teau propose une cuisine de saison \u00e0 la fois simple et inventive. Dans ce lieu convivial, vous vous laisserez surprendre par l'originalit\u00e9 d\u2019une carte authentique aux plats servis dans un cadre exceptionnel.<\/h3>\n\n\n[\/ut_alert]\n\n\n\n<hr \/ -->\n<p>&nbsp;<\/p>\n<h6 class=\"ut-title-divider \" ><span><\/p>\n<h2>Prepare su visita<\/h2>\n<p style=\"text-align: justify;\"><\/span><\/h6>\n<p><iframe loading=\"lazy\" style=\"border: 0;\" src=\"https:\/\/www.google.com\/maps\/embed?pb=!1m18!1m12!1m3!1d2710.0456731702134!2d0.06036031508782734!3d47.215688622893936!2m3!1f0!2f0!3f0!3m2!1i1024!2i768!4f13.1!3m3!1m2!1s0x0%3A0xa3ad940aa09d3ec4!2sCh%C3%A2teau%20de%20Montsoreau-Mus%C3%A9e%20d'art%20contemporain!5e0!3m2!1sfr!2sfr!4v1578134901008!5m2!1sfr!2sfr\" width=\"600\" height=\"450\" frameborder=\"0\" allowfullscreen=\"allowfullscreen\"><\/iframe><\/p>\n<p>Formas de pago: efectivo, cheques, cheques de vacaciones, tarjetas de cr\u00e9dito.<br \/>\n\u00daltima entrada 45 minutos antes de que el sitio se cierre.<br \/>\nIdiomas hablados: Franc\u00e9s \/ Ingl\u00e9s.<br \/>\nTextos de mediaci\u00f3n dentro del museo traducidos al ingl\u00e9s, espa\u00f1ol, italiano.<br \/>\nTaquillas.<br \/>\nAparcamiento de bicicletas.<br \/>\nEspacio para beb\u00e9s.<br \/>\nAscensor.<br \/>\nPerros aceptados por dentro y por fuera, con correa.<br \/>\nBastones-asiento.<br \/>\nAparcamiento para cochecitos.<\/p>\n<p>Idealmente situado a orillas del Loira, en el coraz\u00f3n del Parque Natural Regional Loira-Anjou-Touraine, en uno de los pueblos m\u00e1s bellos de Francia, el Castillo de Montsoreau-Museo de arte contempor\u00e1neo combina la visita a un monumento con el descubrimiento de una colecci\u00f3n privada de arte contempor\u00e1neo. Numerosas actividades mejorar\u00e1n su estancia en Montsoreau: pirag\u00fcismo, esqu\u00ed acu\u00e1tico, paseos en barco, enoturismo (vinos de Saumur y Chinon), paseos en globo, visitas al pueblo troglodita de Turquant, a la colegiata de las Candes-Saint-Martin, a la confluencia de Vienne y el Loira, o a la abad\u00eda de Fontevraud.<br \/>\nM\u00e1s informaci\u00f3n sobre el sito del turismo en <a href=\"https:\/\/www.anjou-tourisme.com\/fr\">Anjou<\/a>.<\/p>\n<p><img loading=\"lazy\" decoding=\"async\" class=\"alignnone size-full wp-image-7700\" src=\"http:\/\/www.chateau-montsoreau.com\/wordpress\/wp-content\/uploads\/2020\/01\/barre-pictos-pour-site-web-1.jpg\" alt=\"\" width=\"1243\" height=\"113\" srcset=\"https:\/\/www.chateau-montsoreau.com\/wordpress\/wp-content\/uploads\/2020\/01\/barre-pictos-pour-site-web-1.jpg 1243w, https:\/\/www.chateau-montsoreau.com\/wordpress\/wp-content\/uploads\/2020\/01\/barre-pictos-pour-site-web-1-600x55.jpg 600w, https:\/\/www.chateau-montsoreau.com\/wordpress\/wp-content\/uploads\/2020\/01\/barre-pictos-pour-site-web-1-300x27.jpg 300w, https:\/\/www.chateau-montsoreau.com\/wordpress\/wp-content\/uploads\/2020\/01\/barre-pictos-pour-site-web-1-768x70.jpg 768w, https:\/\/www.chateau-montsoreau.com\/wordpress\/wp-content\/uploads\/2020\/01\/barre-pictos-pour-site-web-1-1024x93.jpg 1024w\" sizes=\"auto, (max-width: 1243px) 100vw, 1243px\" \/><\/p>\n<p>&nbsp;<\/p>\n","protected":false},"excerpt":{"rendered":"<p>Castillo de Montsoreau-Museo arte contempor\u00e1neo Passage du marquis de geoffre 49730 Montsoreau, Valle del Loira. Abierto todo el a\u00f1o. &nbsp; Formas de pago: efectivo, cheques, cheques de vacaciones, tarjetas de cr\u00e9dito. \u00daltima entrada 45 minutos antes de que el sitio se cierre. Idiomas hablados: Franc\u00e9s \/ Ingl\u00e9s. Textos de mediaci\u00f3n dentro del museo traducidos al [&hellip;]<\/p>\n","protected":false},"author":5,"featured_media":0,"parent":0,"menu_order":1,"comment_status":"closed","ping_status":"closed","template":"","meta":{"footnotes":""},"class_list":["post-6578","page","type-page","status-publish","hentry"],"yoast_head":"<!-- This site is optimized with the Yoast SEO plugin v27.4 - https:\/\/yoast.com\/product\/yoast-seo-wordpress\/ -->\n<title>Informaci\u00f3nes pr\u00e1cticas | Ch\u00e2teau de Montsoreau-Mus\u00e9e d&#039;Art Contemporain<\/title>\n<meta name=\"description\" content=\"Informaci\u00f3nes pr\u00e1cticas: horarios, precios, horarios, mapas.\" \/>\n<meta name=\"robots\" content=\"index, follow, max-snippet:-1, max-image-preview:large, max-video-preview:-1\" \/>\n<link rel=\"canonical\" href=\"https:\/\/www.chateau-montsoreau.com\/wordpress\/es\/informaciones-practicas\/\" \/>\n<meta property=\"og:locale\" content=\"fr_FR\" \/>\n<meta property=\"og:type\" content=\"article\" \/>\n<meta property=\"og:title\" content=\"Informaci\u00f3nes pr\u00e1cticas | Ch\u00e2teau de Montsoreau-Mus\u00e9e d&#039;Art Contemporain\" \/>\n<meta property=\"og:description\" content=\"Informaci\u00f3nes pr\u00e1cticas: horarios, precios, horarios, mapas.\" \/>\n<meta property=\"og:url\" content=\"https:\/\/www.chateau-montsoreau.com\/wordpress\/es\/informaciones-practicas\/\" \/>\n<meta property=\"og:site_name\" content=\"Ch\u00e2teau de Montsoreau-Mus\u00e9e d&#039;Art Contemporain\" \/>\n<meta property=\"article:publisher\" content=\"https:\/\/www.facebook.com\/chateaudemontsoreau\/\" \/>\n<meta property=\"article:modified_time\" content=\"2020-01-27T15:40:20+00:00\" \/>\n<meta property=\"og:image\" content=\"http:\/\/www.chateau-montsoreau.com\/wordpress\/wp-content\/uploads\/2018\/10\/Telerama-Pass-art-contemporain-Ch\u00e2teau-de-Montsoreau-Mus\u00e9e-dart-contemporain-Val-de-Loire.gif\" \/>\n<meta name=\"twitter:card\" content=\"summary_large_image\" \/>\n<meta name=\"twitter:site\" content=\"@Cmontsoreau\" \/>\n<meta name=\"twitter:label1\" content=\"Dur\u00e9e de lecture estim\u00e9e\" \/>\n\t<meta name=\"twitter:data1\" content=\"2 minutes\" \/>\n<script type=\"application\/ld+json\" class=\"yoast-schema-graph\">{\"@context\":\"https:\\\/\\\/schema.org\",\"@graph\":[{\"@type\":\"WebPage\",\"@id\":\"https:\\\/\\\/www.chateau-montsoreau.com\\\/wordpress\\\/es\\\/informaciones-practicas\\\/\",\"url\":\"https:\\\/\\\/www.chateau-montsoreau.com\\\/wordpress\\\/es\\\/informaciones-practicas\\\/\",\"name\":\"Informaci\u00f3nes pr\u00e1cticas | Ch\u00e2teau de Montsoreau-Mus\u00e9e d&#039;Art Contemporain\",\"isPartOf\":{\"@id\":\"https:\\\/\\\/www.chateau-montsoreau.com\\\/wordpress\\\/#website\"},\"primaryImageOfPage\":{\"@id\":\"https:\\\/\\\/www.chateau-montsoreau.com\\\/wordpress\\\/es\\\/informaciones-practicas\\\/#primaryimage\"},\"image\":{\"@id\":\"https:\\\/\\\/www.chateau-montsoreau.com\\\/wordpress\\\/es\\\/informaciones-practicas\\\/#primaryimage\"},\"thumbnailUrl\":\"http:\\\/\\\/www.chateau-montsoreau.com\\\/wordpress\\\/wp-content\\\/uploads\\\/2020\\\/01\\\/barre-pictos-pour-site-web-1.jpg\",\"datePublished\":\"2019-09-01T15:22:30+00:00\",\"dateModified\":\"2020-01-27T15:40:20+00:00\",\"description\":\"Informaci\u00f3nes pr\u00e1cticas: horarios, precios, horarios, mapas.\",\"breadcrumb\":{\"@id\":\"https:\\\/\\\/www.chateau-montsoreau.com\\\/wordpress\\\/es\\\/informaciones-practicas\\\/#breadcrumb\"},\"inLanguage\":\"fr-FR\",\"potentialAction\":[{\"@type\":\"ReadAction\",\"target\":[\"https:\\\/\\\/www.chateau-montsoreau.com\\\/wordpress\\\/es\\\/informaciones-practicas\\\/\"]}]},{\"@type\":\"ImageObject\",\"inLanguage\":\"fr-FR\",\"@id\":\"https:\\\/\\\/www.chateau-montsoreau.com\\\/wordpress\\\/es\\\/informaciones-practicas\\\/#primaryimage\",\"url\":\"http:\\\/\\\/www.chateau-montsoreau.com\\\/wordpress\\\/wp-content\\\/uploads\\\/2020\\\/01\\\/barre-pictos-pour-site-web-1.jpg\",\"contentUrl\":\"http:\\\/\\\/www.chateau-montsoreau.com\\\/wordpress\\\/wp-content\\\/uploads\\\/2020\\\/01\\\/barre-pictos-pour-site-web-1.jpg\"},{\"@type\":\"BreadcrumbList\",\"@id\":\"https:\\\/\\\/www.chateau-montsoreau.com\\\/wordpress\\\/es\\\/informaciones-practicas\\\/#breadcrumb\",\"itemListElement\":[{\"@type\":\"ListItem\",\"position\":1,\"name\":\"Accueil\",\"item\":\"https:\\\/\\\/www.chateau-montsoreau.com\\\/wordpress\\\/fr\\\/\"},{\"@type\":\"ListItem\",\"position\":2,\"name\":\"Informaci\u00f3nes pr\u00e1cticas\"}]},{\"@type\":\"WebSite\",\"@id\":\"https:\\\/\\\/www.chateau-montsoreau.com\\\/wordpress\\\/#website\",\"url\":\"https:\\\/\\\/www.chateau-montsoreau.com\\\/wordpress\\\/\",\"name\":\"Ch\u00e2teau de Montsoreau-Mus\u00e9e d&#039;Art Contemporain\",\"description\":\"Ch\u00e2teaux de la Loire Art Contemporain Art Conceptuel\",\"publisher\":{\"@id\":\"https:\\\/\\\/www.chateau-montsoreau.com\\\/wordpress\\\/#organization\"},\"potentialAction\":[{\"@type\":\"SearchAction\",\"target\":{\"@type\":\"EntryPoint\",\"urlTemplate\":\"https:\\\/\\\/www.chateau-montsoreau.com\\\/wordpress\\\/?s={search_term_string}\"},\"query-input\":{\"@type\":\"PropertyValueSpecification\",\"valueRequired\":true,\"valueName\":\"search_term_string\"}}],\"inLanguage\":\"fr-FR\"},{\"@type\":\"Organization\",\"@id\":\"https:\\\/\\\/www.chateau-montsoreau.com\\\/wordpress\\\/#organization\",\"name\":\"Ch\u00e2teau de Montsoreau - Mus\u00e9e d'art contemporain\",\"url\":\"https:\\\/\\\/www.chateau-montsoreau.com\\\/wordpress\\\/\",\"logo\":{\"@type\":\"ImageObject\",\"inLanguage\":\"fr-FR\",\"@id\":\"https:\\\/\\\/www.chateau-montsoreau.com\\\/wordpress\\\/#\\\/schema\\\/logo\\\/image\\\/\",\"url\":\"https:\\\/\\\/www.chateau-montsoreau.com\\\/wordpress\\\/wp-content\\\/uploads\\\/2016\\\/03\\\/Logo-Montsoreau-tout-petit-1.png\",\"contentUrl\":\"https:\\\/\\\/www.chateau-montsoreau.com\\\/wordpress\\\/wp-content\\\/uploads\\\/2016\\\/03\\\/Logo-Montsoreau-tout-petit-1.png\",\"width\":133,\"height\":133,\"caption\":\"Ch\u00e2teau de Montsoreau - Mus\u00e9e d'art contemporain\"},\"image\":{\"@id\":\"https:\\\/\\\/www.chateau-montsoreau.com\\\/wordpress\\\/#\\\/schema\\\/logo\\\/image\\\/\"},\"sameAs\":[\"https:\\\/\\\/www.facebook.com\\\/chateaudemontsoreau\\\/\",\"https:\\\/\\\/x.com\\\/Cmontsoreau\",\"https:\\\/\\\/www.instagram.com\\\/chateaudemontsoreau\\\/\",\"http:\\\/\\\/www.pinterest.com\\\/Cmontsoreau\"]}]}<\/script>\n<!-- \/ Yoast SEO plugin. -->","yoast_head_json":{"title":"Informaci\u00f3nes pr\u00e1cticas | Ch\u00e2teau de Montsoreau-Mus\u00e9e d&#039;Art Contemporain","description":"Informaci\u00f3nes pr\u00e1cticas: horarios, precios, horarios, mapas.","robots":{"index":"index","follow":"follow","max-snippet":"max-snippet:-1","max-image-preview":"max-image-preview:large","max-video-preview":"max-video-preview:-1"},"canonical":"https:\/\/www.chateau-montsoreau.com\/wordpress\/es\/informaciones-practicas\/","og_locale":"fr_FR","og_type":"article","og_title":"Informaci\u00f3nes pr\u00e1cticas | Ch\u00e2teau de Montsoreau-Mus\u00e9e d&#039;Art Contemporain","og_description":"Informaci\u00f3nes pr\u00e1cticas: horarios, precios, horarios, mapas.","og_url":"https:\/\/www.chateau-montsoreau.com\/wordpress\/es\/informaciones-practicas\/","og_site_name":"Ch\u00e2teau de Montsoreau-Mus\u00e9e d&#039;Art Contemporain","article_publisher":"https:\/\/www.facebook.com\/chateaudemontsoreau\/","article_modified_time":"2020-01-27T15:40:20+00:00","og_image":[{"url":"http:\/\/www.chateau-montsoreau.com\/wordpress\/wp-content\/uploads\/2018\/10\/Telerama-Pass-art-contemporain-Ch\u00e2teau-de-Montsoreau-Mus\u00e9e-dart-contemporain-Val-de-Loire.gif","type":"","width":"","height":""}],"twitter_card":"summary_large_image","twitter_site":"@Cmontsoreau","twitter_misc":{"Dur\u00e9e de lecture estim\u00e9e":"2 minutes"},"schema":{"@context":"https:\/\/schema.org","@graph":[{"@type":"WebPage","@id":"https:\/\/www.chateau-montsoreau.com\/wordpress\/es\/informaciones-practicas\/","url":"https:\/\/www.chateau-montsoreau.com\/wordpress\/es\/informaciones-practicas\/","name":"Informaci\u00f3nes pr\u00e1cticas | Ch\u00e2teau de Montsoreau-Mus\u00e9e d&#039;Art Contemporain","isPartOf":{"@id":"https:\/\/www.chateau-montsoreau.com\/wordpress\/#website"},"primaryImageOfPage":{"@id":"https:\/\/www.chateau-montsoreau.com\/wordpress\/es\/informaciones-practicas\/#primaryimage"},"image":{"@id":"https:\/\/www.chateau-montsoreau.com\/wordpress\/es\/informaciones-practicas\/#primaryimage"},"thumbnailUrl":"http:\/\/www.chateau-montsoreau.com\/wordpress\/wp-content\/uploads\/2020\/01\/barre-pictos-pour-site-web-1.jpg","datePublished":"2019-09-01T15:22:30+00:00","dateModified":"2020-01-27T15:40:20+00:00","description":"Informaci\u00f3nes pr\u00e1cticas: horarios, precios, horarios, mapas.","breadcrumb":{"@id":"https:\/\/www.chateau-montsoreau.com\/wordpress\/es\/informaciones-practicas\/#breadcrumb"},"inLanguage":"fr-FR","potentialAction":[{"@type":"ReadAction","target":["https:\/\/www.chateau-montsoreau.com\/wordpress\/es\/informaciones-practicas\/"]}]},{"@type":"ImageObject","inLanguage":"fr-FR","@id":"https:\/\/www.chateau-montsoreau.com\/wordpress\/es\/informaciones-practicas\/#primaryimage","url":"http:\/\/www.chateau-montsoreau.com\/wordpress\/wp-content\/uploads\/2020\/01\/barre-pictos-pour-site-web-1.jpg","contentUrl":"http:\/\/www.chateau-montsoreau.com\/wordpress\/wp-content\/uploads\/2020\/01\/barre-pictos-pour-site-web-1.jpg"},{"@type":"BreadcrumbList","@id":"https:\/\/www.chateau-montsoreau.com\/wordpress\/es\/informaciones-practicas\/#breadcrumb","itemListElement":[{"@type":"ListItem","position":1,"name":"Accueil","item":"https:\/\/www.chateau-montsoreau.com\/wordpress\/fr\/"},{"@type":"ListItem","position":2,"name":"Informaci\u00f3nes pr\u00e1cticas"}]},{"@type":"WebSite","@id":"https:\/\/www.chateau-montsoreau.com\/wordpress\/#website","url":"https:\/\/www.chateau-montsoreau.com\/wordpress\/","name":"Ch\u00e2teau de Montsoreau-Mus\u00e9e d&#039;Art Contemporain","description":"Ch\u00e2teaux de la Loire Art Contemporain Art Conceptuel","publisher":{"@id":"https:\/\/www.chateau-montsoreau.com\/wordpress\/#organization"},"potentialAction":[{"@type":"SearchAction","target":{"@type":"EntryPoint","urlTemplate":"https:\/\/www.chateau-montsoreau.com\/wordpress\/?s={search_term_string}"},"query-input":{"@type":"PropertyValueSpecification","valueRequired":true,"valueName":"search_term_string"}}],"inLanguage":"fr-FR"},{"@type":"Organization","@id":"https:\/\/www.chateau-montsoreau.com\/wordpress\/#organization","name":"Ch\u00e2teau de Montsoreau - Mus\u00e9e d'art contemporain","url":"https:\/\/www.chateau-montsoreau.com\/wordpress\/","logo":{"@type":"ImageObject","inLanguage":"fr-FR","@id":"https:\/\/www.chateau-montsoreau.com\/wordpress\/#\/schema\/logo\/image\/","url":"https:\/\/www.chateau-montsoreau.com\/wordpress\/wp-content\/uploads\/2016\/03\/Logo-Montsoreau-tout-petit-1.png","contentUrl":"https:\/\/www.chateau-montsoreau.com\/wordpress\/wp-content\/uploads\/2016\/03\/Logo-Montsoreau-tout-petit-1.png","width":133,"height":133,"caption":"Ch\u00e2teau de Montsoreau - Mus\u00e9e d'art contemporain"},"image":{"@id":"https:\/\/www.chateau-montsoreau.com\/wordpress\/#\/schema\/logo\/image\/"},"sameAs":["https:\/\/www.facebook.com\/chateaudemontsoreau\/","https:\/\/x.com\/Cmontsoreau","https:\/\/www.instagram.com\/chateaudemontsoreau\/","http:\/\/www.pinterest.com\/Cmontsoreau"]}]}},"_links":{"self":[{"href":"https:\/\/www.chateau-montsoreau.com\/wordpress\/wp-json\/wp\/v2\/pages\/6578","targetHints":{"allow":["GET"]}}],"collection":[{"href":"https:\/\/www.chateau-montsoreau.com\/wordpress\/wp-json\/wp\/v2\/pages"}],"about":[{"href":"https:\/\/www.chateau-montsoreau.com\/wordpress\/wp-json\/wp\/v2\/types\/page"}],"author":[{"embeddable":true,"href":"https:\/\/www.chateau-montsoreau.com\/wordpress\/wp-json\/wp\/v2\/users\/5"}],"replies":[{"embeddable":true,"href":"https:\/\/www.chateau-montsoreau.com\/wordpress\/wp-json\/wp\/v2\/comments?post=6578"}],"version-history":[{"count":12,"href":"https:\/\/www.chateau-montsoreau.com\/wordpress\/wp-json\/wp\/v2\/pages\/6578\/revisions"}],"predecessor-version":[{"id":7903,"href":"https:\/\/www.chateau-montsoreau.com\/wordpress\/wp-json\/wp\/v2\/pages\/6578\/revisions\/7903"}],"wp:attachment":[{"href":"https:\/\/www.chateau-montsoreau.com\/wordpress\/wp-json\/wp\/v2\/media?parent=6578"}],"curies":[{"name":"wp","href":"https:\/\/api.w.org\/{rel}","templated":true}]}}