{"id":6581,"date":"2019-09-01T16:31:41","date_gmt":"2019-09-01T15:31:41","guid":{"rendered":"http:\/\/www.chateau-montsoreau.com\/wordpress\/?page_id=6581"},"modified":"2019-12-29T16:52:29","modified_gmt":"2019-12-29T15:52:29","slug":"visitas-guiadas-actividades","status":"publish","type":"page","link":"https:\/\/www.chateau-montsoreau.com\/wordpress\/es\/visitas-guiadas-actividades\/","title":{"rendered":"Visitas guiadas \/ Actividades"},"content":{"rendered":"<p><strong>VISITAS GUIADAS<\/strong><\/p>\n<p>Visitas guiadas en franc\u00e9s a concertar para particulares: 20 personas m\u00e1ximo.<br \/>\nVisitas guiadas a concertar para grupos: groupes.chateaudemontsoreau@gmail.com.<\/p>\n<div  class=\"ut-one-half  \">\n<p><strong>TALLER PEDAGOGICO<br \/>\nGRAFFITI, DESDE LASCAUX HASTA BANKSY<\/strong><\/p>\n<p>Organizado por un mediador del museo, el taller cubre la historia del graffiti desde la antig\u00fcedad hasta nuestros d\u00edas, sus c\u00f3digos, reglas y actores hist\u00f3ricos (Bansky, Keith Haring&#8230;.).\u00a0 El graffiti dentro del castillo es el punto de partida para crear una obra personal sobre un muro de expresi\u00f3n para compartir con la familia.<\/p>\n<p>Edad: a partir de 7 a\u00f1os<br \/>\nDuraci\u00f3n: 1 hora<br \/>\nCu\u00e1ndo: Todos los mi\u00e9rcoles y s\u00e1bados a las 15h00<br \/>\nPrecio: 8\u20ac.<br \/>\nReservas: 02 41 67 67 67 12 60 \/ contact@chateau-montsoreau.com<\/p>\n<p>&nbsp;<\/p>\n<p style=\"text-align: left;\"><\/div>\n<p style=\"text-align: left;\"><div  class=\"ut-one-half ut-column-last  \">\n<p><img loading=\"lazy\" decoding=\"async\" class=\"alignnone size-full wp-image-6293\" src=\"http:\/\/www.chateau-montsoreau.com\/wordpress\/wp-content\/uploads\/2019\/02\/atelier-graffiti-chateau-de-montsoreau-musee-dart-contemporain-val-de-loire.jpg\" alt=\"\" width=\"2419\" height=\"1616\" srcset=\"https:\/\/www.chateau-montsoreau.com\/wordpress\/wp-content\/uploads\/2019\/02\/atelier-graffiti-chateau-de-montsoreau-musee-dart-contemporain-val-de-loire.jpg 2419w, https:\/\/www.chateau-montsoreau.com\/wordpress\/wp-content\/uploads\/2019\/02\/atelier-graffiti-chateau-de-montsoreau-musee-dart-contemporain-val-de-loire-600x401.jpg 600w, https:\/\/www.chateau-montsoreau.com\/wordpress\/wp-content\/uploads\/2019\/02\/atelier-graffiti-chateau-de-montsoreau-musee-dart-contemporain-val-de-loire-300x200.jpg 300w, https:\/\/www.chateau-montsoreau.com\/wordpress\/wp-content\/uploads\/2019\/02\/atelier-graffiti-chateau-de-montsoreau-musee-dart-contemporain-val-de-loire-768x513.jpg 768w, https:\/\/www.chateau-montsoreau.com\/wordpress\/wp-content\/uploads\/2019\/02\/atelier-graffiti-chateau-de-montsoreau-musee-dart-contemporain-val-de-loire-1024x684.jpg 1024w\" sizes=\"auto, (max-width: 2419px) 100vw, 2419px\" \/><\/p>\n<h4 style=\"text-align: justify;\"><\/div><div class=\"clear\"><\/div><\/h4>\n<p>&nbsp;<\/p>\n<div  class=\"ut-one-half  \">\n<p><strong>MONTSOREAU ARTE TOUR<\/strong><\/p>\n<p>Con un gu\u00eda, descubra el Montsoreau des artistes y siga los pasos de Flaubert, Turner, Rodin, Spielberg, Rabelais, Alexandre Dumas&#8230;.<br \/>\nEn el camino descubrir\u00e1 c\u00f3mo, desde el Renacimiento hasta nuestros d\u00edas, Montsoreau se ha convertido en un lugar preferido por los artistas y en una fuente de inspiraci\u00f3n en los campos del cine, la m\u00fasica, la literatura o la pintura.<\/p>\n<p>Las etapas de la ruta:<\/p>\n<ul>\n<li>Turner: el r\u00edo de la luz<\/li>\n<li>Flaubert: el Grand Tour en el Valle del Loira<\/li>\n<li>Encuentros en la tercera fase<\/li>\n<li>Andr\u00e9 Obey \/ Henri Dutilleux: entre la corte y el jard\u00edn<\/li>\n<li>Alexandre Dumas: <em>la Se\u00f1ora de Monsoreau<\/em><\/li>\n<li>Art &amp; Language: visita libre del Castillo de Montsoreau-Museo de arte contempor\u00e1neo<\/li>\n<li>Siguiendo los pasos de Auguste Rodin: pasi\u00f3n por la arquitectura<\/li>\n<li>La infancia de Rabelais<\/li>\n<\/ul>\n<p>Duraci\u00f3n: 1h30 horas (a pie).<br \/>\nCu\u00e1ndo: Todos los domingos del 8 de marzo al 6 de septiembre de 2020<br \/>\nHorario: desde 11h30 hasta 13h<br \/>\nPrecio: 18\u20ac \/ persona<br \/>\n15 personas m\u00e1ximo<br \/>\nReservas: +33 (0)2 41 67 12 60 \/ contact@chateau-montsoreau.com<\/p>\n<p style=\"text-align: left;\"><\/div>\n<p style=\"text-align: left;\"><div  class=\"ut-one-half ut-column-last  \">\n<p><img loading=\"lazy\" decoding=\"async\" class=\"alignnone size-full wp-image-6295\" src=\"http:\/\/www.chateau-montsoreau.com\/wordpress\/wp-content\/uploads\/2019\/02\/Montsoreau-Art-Tour-chateau-de-montsoreau-musee-dart-contemporain-val-de-loire.jpg\" alt=\"\" width=\"1280\" height=\"720\" srcset=\"https:\/\/www.chateau-montsoreau.com\/wordpress\/wp-content\/uploads\/2019\/02\/Montsoreau-Art-Tour-chateau-de-montsoreau-musee-dart-contemporain-val-de-loire.jpg 1280w, https:\/\/www.chateau-montsoreau.com\/wordpress\/wp-content\/uploads\/2019\/02\/Montsoreau-Art-Tour-chateau-de-montsoreau-musee-dart-contemporain-val-de-loire-600x338.jpg 600w, https:\/\/www.chateau-montsoreau.com\/wordpress\/wp-content\/uploads\/2019\/02\/Montsoreau-Art-Tour-chateau-de-montsoreau-musee-dart-contemporain-val-de-loire-300x169.jpg 300w, https:\/\/www.chateau-montsoreau.com\/wordpress\/wp-content\/uploads\/2019\/02\/Montsoreau-Art-Tour-chateau-de-montsoreau-musee-dart-contemporain-val-de-loire-768x432.jpg 768w, https:\/\/www.chateau-montsoreau.com\/wordpress\/wp-content\/uploads\/2019\/02\/Montsoreau-Art-Tour-chateau-de-montsoreau-musee-dart-contemporain-val-de-loire-1024x576.jpg 1024w\" sizes=\"auto, (max-width: 1280px) 100vw, 1280px\" \/><\/p>\n<h4 style=\"text-align: justify;\"><\/div><div class=\"clear\"><\/div><\/h4>\n<p>&nbsp;<\/p>\n<div  class=\"ut-one-half  \">\n<p><strong>DEGUSTACI\u00d3N DE VINOS NATURALES AL ATARDECER<\/strong><\/p>\n<p>A su llegada, el chef del restaurante JEAN 2 le da la bienvenida en el restaurante, situado en las hist\u00f3ricas cocinas del Castillo de Montsoreau. Hablar\u00e1 de la historia del pueblo de Montsoreau, uno de los m\u00e1s bellos de Francia, situado en el Valle del Loira, declarado Patrimonio de la Humanidad por la UNESCO. Podr\u00e1n as\u00ed descubrir desde este edificio excepcional, el \u00fanico castillo del Loira construido directamente sobre el lecho del r\u00edo y el primer castillo del Loira del Renacimiento.<br \/>\nEn un ambiente relajado descubrir\u00e1 una selecci\u00f3n de vinos naturales y degustar\u00e1 productos caseros locales. Se ofrecer\u00e1n seis vinos diferentes para su degustaci\u00f3n. El chef le indicar\u00e1 el origen de cada vino y le dar\u00e1 informaci\u00f3n sobre los viticultores. A lo largo de la tarde, podr\u00e1 disfrutar de las impresionantes vistas del Loira, del pueblo y del Castillo de Montsoreau.<\/p>\n<p>Duraci\u00f3n: 2 horas<br \/>\nCu\u00e1ndo: viernes y s\u00e1bados del 1 de mayo al 26 de septiembre de 2020.<br \/>\nHorario: desde 20.00 hasta 22.00 h<br \/>\nPrecio: 35\u20ac \/ persona<br \/>\n15 personas m\u00e1ximo<br \/>\nReservas: +33 (0)6 35 42 70 36 \/ contact@chateau-montsoreau.com<\/p>\n<p style=\"text-align: left;\"><\/div>\n<p style=\"text-align: left;\"><div  class=\"ut-one-half ut-column-last  \">\n<p><img loading=\"lazy\" decoding=\"async\" class=\"aligncenter wp-image-6297 size-full\" src=\"http:\/\/www.chateau-montsoreau.com\/wordpress\/wp-content\/uploads\/2019\/02\/d\u00e9gustation-de-vins-naturels-au-coucher-du-soleil-chateau-de-montsoreau-musee-dart-contemporain-val-de-loire.jpg\" alt=\"\" width=\"550\" height=\"364\" srcset=\"https:\/\/www.chateau-montsoreau.com\/wordpress\/wp-content\/uploads\/2019\/02\/d\u00e9gustation-de-vins-naturels-au-coucher-du-soleil-chateau-de-montsoreau-musee-dart-contemporain-val-de-loire.jpg 550w, https:\/\/www.chateau-montsoreau.com\/wordpress\/wp-content\/uploads\/2019\/02\/d\u00e9gustation-de-vins-naturels-au-coucher-du-soleil-chateau-de-montsoreau-musee-dart-contemporain-val-de-loire-300x199.jpg 300w\" sizes=\"auto, (max-width: 550px) 100vw, 550px\" \/><\/p>\n<h4 style=\"text-align: justify;\"><\/div><div class=\"clear\"><\/div><\/h4>\n<h4 style=\"text-align: justify;\"><\/h4>\n","protected":false},"excerpt":{"rendered":"<p>VISITAS GUIADAS Visitas guiadas en franc\u00e9s a concertar para particulares: 20 personas m\u00e1ximo. Visitas guiadas a concertar para grupos: groupes.chateaudemontsoreau@gmail.com. &nbsp; &nbsp;<\/p>\n","protected":false},"author":5,"featured_media":0,"parent":0,"menu_order":0,"comment_status":"closed","ping_status":"closed","template":"","meta":{"footnotes":""},"class_list":["post-6581","page","type-page","status-publish","hentry"],"yoast_head":"<!-- This site is optimized with the Yoast SEO plugin v27.3 - https:\/\/yoast.com\/product\/yoast-seo-wordpress\/ -->\n<title>Visitas guiadas \/ Actividades | Ch\u00e2teau de Montsoreau-Mus\u00e9e d&#039;Art Contemporain<\/title>\n<meta name=\"robots\" content=\"index, follow, max-snippet:-1, max-image-preview:large, max-video-preview:-1\" \/>\n<link rel=\"canonical\" href=\"https:\/\/www.chateau-montsoreau.com\/wordpress\/es\/visitas-guiadas-actividades\/\" \/>\n<meta property=\"og:locale\" content=\"fr_FR\" \/>\n<meta property=\"og:type\" content=\"article\" \/>\n<meta property=\"og:title\" content=\"Visitas guiadas \/ Actividades | Ch\u00e2teau de Montsoreau-Mus\u00e9e d&#039;Art Contemporain\" \/>\n<meta property=\"og:description\" content=\"VISITAS GUIADAS Visitas guiadas en franc\u00e9s a concertar para particulares: 20 personas m\u00e1ximo. Visitas guiadas a concertar para grupos: groupes.chateaudemontsoreau@gmail.com. &nbsp; &nbsp;\" \/>\n<meta property=\"og:url\" content=\"https:\/\/www.chateau-montsoreau.com\/wordpress\/es\/visitas-guiadas-actividades\/\" \/>\n<meta property=\"og:site_name\" content=\"Ch\u00e2teau de Montsoreau-Mus\u00e9e d&#039;Art Contemporain\" \/>\n<meta property=\"article:publisher\" content=\"https:\/\/www.facebook.com\/chateaudemontsoreau\/\" \/>\n<meta property=\"article:modified_time\" content=\"2019-12-29T15:52:29+00:00\" \/>\n<meta property=\"og:image\" content=\"http:\/\/www.chateau-montsoreau.com\/wordpress\/wp-content\/uploads\/2019\/02\/atelier-graffiti-chateau-de-montsoreau-musee-dart-contemporain-val-de-loire.jpg\" \/>\n<meta name=\"twitter:card\" content=\"summary_large_image\" \/>\n<meta name=\"twitter:site\" content=\"@Cmontsoreau\" \/>\n<meta name=\"twitter:label1\" content=\"Dur\u00e9e de lecture estim\u00e9e\" \/>\n\t<meta name=\"twitter:data1\" content=\"3 minutes\" \/>\n<script type=\"application\/ld+json\" class=\"yoast-schema-graph\">{\"@context\":\"https:\\\/\\\/schema.org\",\"@graph\":[{\"@type\":\"WebPage\",\"@id\":\"https:\\\/\\\/www.chateau-montsoreau.com\\\/wordpress\\\/es\\\/visitas-guiadas-actividades\\\/\",\"url\":\"https:\\\/\\\/www.chateau-montsoreau.com\\\/wordpress\\\/es\\\/visitas-guiadas-actividades\\\/\",\"name\":\"Visitas guiadas \\\/ Actividades | Ch\u00e2teau de Montsoreau-Mus\u00e9e d&#039;Art Contemporain\",\"isPartOf\":{\"@id\":\"https:\\\/\\\/www.chateau-montsoreau.com\\\/wordpress\\\/#website\"},\"primaryImageOfPage\":{\"@id\":\"https:\\\/\\\/www.chateau-montsoreau.com\\\/wordpress\\\/es\\\/visitas-guiadas-actividades\\\/#primaryimage\"},\"image\":{\"@id\":\"https:\\\/\\\/www.chateau-montsoreau.com\\\/wordpress\\\/es\\\/visitas-guiadas-actividades\\\/#primaryimage\"},\"thumbnailUrl\":\"http:\\\/\\\/www.chateau-montsoreau.com\\\/wordpress\\\/wp-content\\\/uploads\\\/2019\\\/02\\\/atelier-graffiti-chateau-de-montsoreau-musee-dart-contemporain-val-de-loire.jpg\",\"datePublished\":\"2019-09-01T15:31:41+00:00\",\"dateModified\":\"2019-12-29T15:52:29+00:00\",\"breadcrumb\":{\"@id\":\"https:\\\/\\\/www.chateau-montsoreau.com\\\/wordpress\\\/es\\\/visitas-guiadas-actividades\\\/#breadcrumb\"},\"inLanguage\":\"fr-FR\",\"potentialAction\":[{\"@type\":\"ReadAction\",\"target\":[\"https:\\\/\\\/www.chateau-montsoreau.com\\\/wordpress\\\/es\\\/visitas-guiadas-actividades\\\/\"]}]},{\"@type\":\"ImageObject\",\"inLanguage\":\"fr-FR\",\"@id\":\"https:\\\/\\\/www.chateau-montsoreau.com\\\/wordpress\\\/es\\\/visitas-guiadas-actividades\\\/#primaryimage\",\"url\":\"http:\\\/\\\/www.chateau-montsoreau.com\\\/wordpress\\\/wp-content\\\/uploads\\\/2019\\\/02\\\/atelier-graffiti-chateau-de-montsoreau-musee-dart-contemporain-val-de-loire.jpg\",\"contentUrl\":\"http:\\\/\\\/www.chateau-montsoreau.com\\\/wordpress\\\/wp-content\\\/uploads\\\/2019\\\/02\\\/atelier-graffiti-chateau-de-montsoreau-musee-dart-contemporain-val-de-loire.jpg\"},{\"@type\":\"BreadcrumbList\",\"@id\":\"https:\\\/\\\/www.chateau-montsoreau.com\\\/wordpress\\\/es\\\/visitas-guiadas-actividades\\\/#breadcrumb\",\"itemListElement\":[{\"@type\":\"ListItem\",\"position\":1,\"name\":\"Accueil\",\"item\":\"https:\\\/\\\/www.chateau-montsoreau.com\\\/wordpress\\\/fr\\\/\"},{\"@type\":\"ListItem\",\"position\":2,\"name\":\"Visitas guiadas \\\/ Actividades\"}]},{\"@type\":\"WebSite\",\"@id\":\"https:\\\/\\\/www.chateau-montsoreau.com\\\/wordpress\\\/#website\",\"url\":\"https:\\\/\\\/www.chateau-montsoreau.com\\\/wordpress\\\/\",\"name\":\"Ch\u00e2teau de Montsoreau-Mus\u00e9e d&#039;Art Contemporain\",\"description\":\"Ch\u00e2teaux de la Loire Art Contemporain Art Conceptuel\",\"publisher\":{\"@id\":\"https:\\\/\\\/www.chateau-montsoreau.com\\\/wordpress\\\/#organization\"},\"potentialAction\":[{\"@type\":\"SearchAction\",\"target\":{\"@type\":\"EntryPoint\",\"urlTemplate\":\"https:\\\/\\\/www.chateau-montsoreau.com\\\/wordpress\\\/?s={search_term_string}\"},\"query-input\":{\"@type\":\"PropertyValueSpecification\",\"valueRequired\":true,\"valueName\":\"search_term_string\"}}],\"inLanguage\":\"fr-FR\"},{\"@type\":\"Organization\",\"@id\":\"https:\\\/\\\/www.chateau-montsoreau.com\\\/wordpress\\\/#organization\",\"name\":\"Ch\u00e2teau de Montsoreau - Mus\u00e9e d'art contemporain\",\"url\":\"https:\\\/\\\/www.chateau-montsoreau.com\\\/wordpress\\\/\",\"logo\":{\"@type\":\"ImageObject\",\"inLanguage\":\"fr-FR\",\"@id\":\"https:\\\/\\\/www.chateau-montsoreau.com\\\/wordpress\\\/#\\\/schema\\\/logo\\\/image\\\/\",\"url\":\"https:\\\/\\\/www.chateau-montsoreau.com\\\/wordpress\\\/wp-content\\\/uploads\\\/2016\\\/03\\\/Logo-Montsoreau-tout-petit-1.png\",\"contentUrl\":\"https:\\\/\\\/www.chateau-montsoreau.com\\\/wordpress\\\/wp-content\\\/uploads\\\/2016\\\/03\\\/Logo-Montsoreau-tout-petit-1.png\",\"width\":133,\"height\":133,\"caption\":\"Ch\u00e2teau de Montsoreau - Mus\u00e9e d'art contemporain\"},\"image\":{\"@id\":\"https:\\\/\\\/www.chateau-montsoreau.com\\\/wordpress\\\/#\\\/schema\\\/logo\\\/image\\\/\"},\"sameAs\":[\"https:\\\/\\\/www.facebook.com\\\/chateaudemontsoreau\\\/\",\"https:\\\/\\\/x.com\\\/Cmontsoreau\",\"https:\\\/\\\/www.instagram.com\\\/chateaudemontsoreau\\\/\",\"http:\\\/\\\/www.pinterest.com\\\/Cmontsoreau\"]}]}<\/script>\n<!-- \/ Yoast SEO plugin. -->","yoast_head_json":{"title":"Visitas guiadas \/ Actividades | Ch\u00e2teau de Montsoreau-Mus\u00e9e d&#039;Art Contemporain","robots":{"index":"index","follow":"follow","max-snippet":"max-snippet:-1","max-image-preview":"max-image-preview:large","max-video-preview":"max-video-preview:-1"},"canonical":"https:\/\/www.chateau-montsoreau.com\/wordpress\/es\/visitas-guiadas-actividades\/","og_locale":"fr_FR","og_type":"article","og_title":"Visitas guiadas \/ Actividades | Ch\u00e2teau de Montsoreau-Mus\u00e9e d&#039;Art Contemporain","og_description":"VISITAS GUIADAS Visitas guiadas en franc\u00e9s a concertar para particulares: 20 personas m\u00e1ximo. Visitas guiadas a concertar para grupos: groupes.chateaudemontsoreau@gmail.com. &nbsp; &nbsp;","og_url":"https:\/\/www.chateau-montsoreau.com\/wordpress\/es\/visitas-guiadas-actividades\/","og_site_name":"Ch\u00e2teau de Montsoreau-Mus\u00e9e d&#039;Art Contemporain","article_publisher":"https:\/\/www.facebook.com\/chateaudemontsoreau\/","article_modified_time":"2019-12-29T15:52:29+00:00","og_image":[{"url":"http:\/\/www.chateau-montsoreau.com\/wordpress\/wp-content\/uploads\/2019\/02\/atelier-graffiti-chateau-de-montsoreau-musee-dart-contemporain-val-de-loire.jpg","type":"","width":"","height":""}],"twitter_card":"summary_large_image","twitter_site":"@Cmontsoreau","twitter_misc":{"Dur\u00e9e de lecture estim\u00e9e":"3 minutes"},"schema":{"@context":"https:\/\/schema.org","@graph":[{"@type":"WebPage","@id":"https:\/\/www.chateau-montsoreau.com\/wordpress\/es\/visitas-guiadas-actividades\/","url":"https:\/\/www.chateau-montsoreau.com\/wordpress\/es\/visitas-guiadas-actividades\/","name":"Visitas guiadas \/ Actividades | Ch\u00e2teau de Montsoreau-Mus\u00e9e d&#039;Art Contemporain","isPartOf":{"@id":"https:\/\/www.chateau-montsoreau.com\/wordpress\/#website"},"primaryImageOfPage":{"@id":"https:\/\/www.chateau-montsoreau.com\/wordpress\/es\/visitas-guiadas-actividades\/#primaryimage"},"image":{"@id":"https:\/\/www.chateau-montsoreau.com\/wordpress\/es\/visitas-guiadas-actividades\/#primaryimage"},"thumbnailUrl":"http:\/\/www.chateau-montsoreau.com\/wordpress\/wp-content\/uploads\/2019\/02\/atelier-graffiti-chateau-de-montsoreau-musee-dart-contemporain-val-de-loire.jpg","datePublished":"2019-09-01T15:31:41+00:00","dateModified":"2019-12-29T15:52:29+00:00","breadcrumb":{"@id":"https:\/\/www.chateau-montsoreau.com\/wordpress\/es\/visitas-guiadas-actividades\/#breadcrumb"},"inLanguage":"fr-FR","potentialAction":[{"@type":"ReadAction","target":["https:\/\/www.chateau-montsoreau.com\/wordpress\/es\/visitas-guiadas-actividades\/"]}]},{"@type":"ImageObject","inLanguage":"fr-FR","@id":"https:\/\/www.chateau-montsoreau.com\/wordpress\/es\/visitas-guiadas-actividades\/#primaryimage","url":"http:\/\/www.chateau-montsoreau.com\/wordpress\/wp-content\/uploads\/2019\/02\/atelier-graffiti-chateau-de-montsoreau-musee-dart-contemporain-val-de-loire.jpg","contentUrl":"http:\/\/www.chateau-montsoreau.com\/wordpress\/wp-content\/uploads\/2019\/02\/atelier-graffiti-chateau-de-montsoreau-musee-dart-contemporain-val-de-loire.jpg"},{"@type":"BreadcrumbList","@id":"https:\/\/www.chateau-montsoreau.com\/wordpress\/es\/visitas-guiadas-actividades\/#breadcrumb","itemListElement":[{"@type":"ListItem","position":1,"name":"Accueil","item":"https:\/\/www.chateau-montsoreau.com\/wordpress\/fr\/"},{"@type":"ListItem","position":2,"name":"Visitas guiadas \/ Actividades"}]},{"@type":"WebSite","@id":"https:\/\/www.chateau-montsoreau.com\/wordpress\/#website","url":"https:\/\/www.chateau-montsoreau.com\/wordpress\/","name":"Ch\u00e2teau de Montsoreau-Mus\u00e9e d&#039;Art Contemporain","description":"Ch\u00e2teaux de la Loire Art Contemporain Art Conceptuel","publisher":{"@id":"https:\/\/www.chateau-montsoreau.com\/wordpress\/#organization"},"potentialAction":[{"@type":"SearchAction","target":{"@type":"EntryPoint","urlTemplate":"https:\/\/www.chateau-montsoreau.com\/wordpress\/?s={search_term_string}"},"query-input":{"@type":"PropertyValueSpecification","valueRequired":true,"valueName":"search_term_string"}}],"inLanguage":"fr-FR"},{"@type":"Organization","@id":"https:\/\/www.chateau-montsoreau.com\/wordpress\/#organization","name":"Ch\u00e2teau de Montsoreau - Mus\u00e9e d'art contemporain","url":"https:\/\/www.chateau-montsoreau.com\/wordpress\/","logo":{"@type":"ImageObject","inLanguage":"fr-FR","@id":"https:\/\/www.chateau-montsoreau.com\/wordpress\/#\/schema\/logo\/image\/","url":"https:\/\/www.chateau-montsoreau.com\/wordpress\/wp-content\/uploads\/2016\/03\/Logo-Montsoreau-tout-petit-1.png","contentUrl":"https:\/\/www.chateau-montsoreau.com\/wordpress\/wp-content\/uploads\/2016\/03\/Logo-Montsoreau-tout-petit-1.png","width":133,"height":133,"caption":"Ch\u00e2teau de Montsoreau - Mus\u00e9e d'art contemporain"},"image":{"@id":"https:\/\/www.chateau-montsoreau.com\/wordpress\/#\/schema\/logo\/image\/"},"sameAs":["https:\/\/www.facebook.com\/chateaudemontsoreau\/","https:\/\/x.com\/Cmontsoreau","https:\/\/www.instagram.com\/chateaudemontsoreau\/","http:\/\/www.pinterest.com\/Cmontsoreau"]}]}},"_links":{"self":[{"href":"https:\/\/www.chateau-montsoreau.com\/wordpress\/wp-json\/wp\/v2\/pages\/6581","targetHints":{"allow":["GET"]}}],"collection":[{"href":"https:\/\/www.chateau-montsoreau.com\/wordpress\/wp-json\/wp\/v2\/pages"}],"about":[{"href":"https:\/\/www.chateau-montsoreau.com\/wordpress\/wp-json\/wp\/v2\/types\/page"}],"author":[{"embeddable":true,"href":"https:\/\/www.chateau-montsoreau.com\/wordpress\/wp-json\/wp\/v2\/users\/5"}],"replies":[{"embeddable":true,"href":"https:\/\/www.chateau-montsoreau.com\/wordpress\/wp-json\/wp\/v2\/comments?post=6581"}],"version-history":[{"count":8,"href":"https:\/\/www.chateau-montsoreau.com\/wordpress\/wp-json\/wp\/v2\/pages\/6581\/revisions"}],"predecessor-version":[{"id":7630,"href":"https:\/\/www.chateau-montsoreau.com\/wordpress\/wp-json\/wp\/v2\/pages\/6581\/revisions\/7630"}],"wp:attachment":[{"href":"https:\/\/www.chateau-montsoreau.com\/wordpress\/wp-json\/wp\/v2\/media?parent=6581"}],"curies":[{"name":"wp","href":"https:\/\/api.w.org\/{rel}","templated":true}]}}