{"id":6584,"date":"2019-09-01T16:38:14","date_gmt":"2019-09-01T15:38:14","guid":{"rendered":"http:\/\/www.chateau-montsoreau.com\/wordpress\/?page_id=6584"},"modified":"2020-01-27T17:42:51","modified_gmt":"2020-01-27T16:42:51","slug":"home-nuevo","status":"publish","type":"page","link":"https:\/\/www.chateau-montsoreau.com\/wordpress\/es\/","title":{"rendered":"Home"},"content":{"rendered":"<h2 style=\"text-align: center;\">Il Castillo de Montsoreau-Museo de Arte contempor\u00e1neo,<br \/>\nValle del Loira<\/h2>\n<p style=\"text-align: center;\">El Castillo de Montsoreau-Museo de Arte contempor\u00e1neo posee la mayor colecci\u00f3n de obras del movimiento Art &amp; Language del mundo. Est\u00e1 situado en el Valle del Loira, declarado Patrimonio de la Humanidad por la UNESCO, en Maine-et-Loire, en el municipio de Montsoreau, entre Angers y Tours.<\/p>\n<p style=\"text-align: center;\"><img loading=\"lazy\" decoding=\"async\" class=\"aligncenter wp-image-5881 size-full\" src=\"http:\/\/www.chateau-montsoreau.com\/wordpress\/wp-content\/uploads\/2014\/12\/Art-contemporain.jpg\" alt=\"\" width=\"1200\" height=\"799\"><\/p>\n<h2 style=\"text-align: left;\">Art &amp; Language<\/h2>\n<p>Art &amp; Language es un movimiento pionero en el arte conceptual. El nombre fue adoptado en paralelo con la creaci\u00f3n de la revista Art-Language, creada en 1968; esta revista tuvo una profunda influencia en el arte contempor\u00e1neo. Ya en los a\u00f1os 60, Art &amp; Language imaginaba una separaci\u00f3n entre el objeto de arte y la obra de arte. Ha incluido en sus filas a: Michael Baldwin, Mel Ramsden, Charles Harrison, Joseph Kosuth, Terry Atkinson, Harold Hurrell, David Bainbridge, Andrew Menard, Michael Corris, Ian Burn, Philip Pilkington, Kathryn Bigelow, David Rushton, Mayo Thompson, Sarah Charlesworth, Christine Koslov, Paula Ramsden, Preston Heller, Lynn Lemaster, Graham Howard, Sandra Harrison, Nigel Powell, Terry Smith y Nigel Lend. En 1986, Art &amp; Language fue nominado para el Premio Turner.<\/p>\n<h2 style=\"text-align: left;\">Arquitectura<\/h2>\n<p>La arquitectura del Castillo de Montsoreau es tambi\u00e9n pionera del renacimiento en Francia, el \u00fanico castillo del Valle del Loira construido sobre el lecho del r\u00edo. Es tambi\u00e9n uno de los primeros ejemplos de arquitectura del placer en el Valle del Loira.&nbsp;Construido en 1450 por uno de los hombres m\u00e1s ricos del reino, Juan II de Chambes, primer consejero de los Reyes de Francia Carlos VII y Luis XI, embajador en Venecia y socio de Jacques Coeur.&nbsp;Su excepcional y vanguardista arquitectura se explica tanto por sus viajes como por su fortuna.<\/p>\n<h2 style=\"text-align: center;\">Museo de Arte contempor\u00e1neo y&nbsp;Castillo del Loira<\/h2>\n<p>La apertura al p\u00fablico del Ch\u00e2teau de Montsoreau-Mus\u00e9e d&rsquo;Art Contemporain ha sido posible gracias a la colaboraci\u00f3n entre el coleccionista Philippe M\u00e9aille y el departamento de Maine-et-Loire.&nbsp;Esto tuvo lugar en abril de 2016. Esta elecci\u00f3n tiene su origen tanto en la excepcional arquitectura renacentista del Ch\u00e2teau de Montsoreau como en su ubicaci\u00f3n. Construido sobre un afloramiento rocoso situado en el curso del Loira, le confiere la particularidad de ser el \u00fanico castillo del Loira construido sobre el lecho del r\u00edo; en el mismo lugar donde el Vienne desemboca en el Loira y se convierte en el r\u00edo m\u00e1s ancho de Francia. Su ubicaci\u00f3n en el coraz\u00f3n del Valle del Loira la convierte en la meca del turismo. La regi\u00f3n tiene una fuerte identidad y una audiencia internacional muy diversa.<\/p>\n<p>Forma parte de la red de museos de arte moderno y contempor\u00e1neo de Francia, como por ejemplo: El Museo Nacional de Arte Moderno, el Museo de Arte Moderno de la ciudad de Par\u00eds, la Fundaci\u00f3n Louis Vuitton, el CAPC Burdeos, el Magasin Grenoble, el CCCOD Tours, el Museo de Saint-Etienne.<\/p>\n","protected":false},"excerpt":{"rendered":"<p>Il Castillo de Montsoreau-Museo de Arte contempor\u00e1neo, Valle del Loira El Castillo de Montsoreau-Museo de Arte contempor\u00e1neo posee la mayor colecci\u00f3n de obras del movimiento Art &amp; Language del mundo. Est\u00e1 situado en el Valle del Loira, declarado Patrimonio de la Humanidad por la UNESCO, en Maine-et-Loire, en el municipio de Montsoreau, entre Angers y [&hellip;]<\/p>\n","protected":false},"author":5,"featured_media":0,"parent":0,"menu_order":0,"comment_status":"closed","ping_status":"closed","template":"","meta":{"footnotes":""},"class_list":["post-6584","page","type-page","status-publish","hentry"],"yoast_head":"<!-- This site is optimized with the Yoast SEO plugin v27.3 - https:\/\/yoast.com\/product\/yoast-seo-wordpress\/ -->\n<title>Home | Ch\u00e2teau de Montsoreau-Mus\u00e9e d&#039;Art Contemporain<\/title>\n<meta name=\"description\" content=\"La colecci\u00f3n de obras de Art &amp; Language m\u00e1s grande del mundo, pioneros del arte conceptual. Una colecci\u00f3n excepcional de arte contempor\u00e1neo, a dos horas de Par\u00eds en el valle del Loira.\" \/>\n<meta name=\"robots\" content=\"index, follow, max-snippet:-1, max-image-preview:large, max-video-preview:-1\" \/>\n<link rel=\"canonical\" href=\"https:\/\/www.chateau-montsoreau.com\/wordpress\/es\/\" \/>\n<meta property=\"og:locale\" content=\"fr_FR\" \/>\n<meta property=\"og:type\" content=\"article\" \/>\n<meta property=\"og:title\" content=\"Home | Ch\u00e2teau de Montsoreau-Mus\u00e9e d&#039;Art Contemporain\" \/>\n<meta property=\"og:description\" content=\"La colecci\u00f3n de obras de Art &amp; Language m\u00e1s grande del mundo, pioneros del arte conceptual. Una colecci\u00f3n excepcional de arte contempor\u00e1neo, a dos horas de Par\u00eds en el valle del Loira.\" \/>\n<meta property=\"og:url\" content=\"https:\/\/www.chateau-montsoreau.com\/wordpress\/es\/\" \/>\n<meta property=\"og:site_name\" content=\"Ch\u00e2teau de Montsoreau-Mus\u00e9e d&#039;Art Contemporain\" \/>\n<meta property=\"article:publisher\" content=\"https:\/\/www.facebook.com\/chateaudemontsoreau\/\" \/>\n<meta property=\"article:modified_time\" content=\"2020-01-27T16:42:51+00:00\" \/>\n<meta property=\"og:image\" content=\"http:\/\/www.chateau-montsoreau.com\/wordpress\/wp-content\/uploads\/2014\/12\/Art-contemporain.jpg\" \/>\n<meta name=\"twitter:card\" content=\"summary_large_image\" \/>\n<meta name=\"twitter:site\" content=\"@Cmontsoreau\" \/>\n<meta name=\"twitter:label1\" content=\"Dur\u00e9e de lecture estim\u00e9e\" \/>\n\t<meta name=\"twitter:data1\" content=\"2 minutes\" \/>\n<script type=\"application\/ld+json\" class=\"yoast-schema-graph\">{\"@context\":\"https:\\\/\\\/schema.org\",\"@graph\":[{\"@type\":\"WebPage\",\"@id\":\"https:\\\/\\\/www.chateau-montsoreau.com\\\/wordpress\\\/es\\\/\",\"url\":\"https:\\\/\\\/www.chateau-montsoreau.com\\\/wordpress\\\/es\\\/\",\"name\":\"Home | Ch\u00e2teau de Montsoreau-Mus\u00e9e d&#039;Art Contemporain\",\"isPartOf\":{\"@id\":\"https:\\\/\\\/www.chateau-montsoreau.com\\\/wordpress\\\/#website\"},\"primaryImageOfPage\":{\"@id\":\"https:\\\/\\\/www.chateau-montsoreau.com\\\/wordpress\\\/es\\\/#primaryimage\"},\"image\":{\"@id\":\"https:\\\/\\\/www.chateau-montsoreau.com\\\/wordpress\\\/es\\\/#primaryimage\"},\"thumbnailUrl\":\"http:\\\/\\\/www.chateau-montsoreau.com\\\/wordpress\\\/wp-content\\\/uploads\\\/2014\\\/12\\\/Art-contemporain.jpg\",\"datePublished\":\"2019-09-01T15:38:14+00:00\",\"dateModified\":\"2020-01-27T16:42:51+00:00\",\"description\":\"La colecci\u00f3n de obras de Art & Language m\u00e1s grande del mundo, pioneros del arte conceptual. Una colecci\u00f3n excepcional de arte contempor\u00e1neo, a dos horas de Par\u00eds en el valle del Loira.\",\"breadcrumb\":{\"@id\":\"https:\\\/\\\/www.chateau-montsoreau.com\\\/wordpress\\\/es\\\/#breadcrumb\"},\"inLanguage\":\"fr-FR\",\"potentialAction\":[{\"@type\":\"ReadAction\",\"target\":[\"https:\\\/\\\/www.chateau-montsoreau.com\\\/wordpress\\\/es\\\/\"]}]},{\"@type\":\"ImageObject\",\"inLanguage\":\"fr-FR\",\"@id\":\"https:\\\/\\\/www.chateau-montsoreau.com\\\/wordpress\\\/es\\\/#primaryimage\",\"url\":\"http:\\\/\\\/www.chateau-montsoreau.com\\\/wordpress\\\/wp-content\\\/uploads\\\/2014\\\/12\\\/Art-contemporain.jpg\",\"contentUrl\":\"http:\\\/\\\/www.chateau-montsoreau.com\\\/wordpress\\\/wp-content\\\/uploads\\\/2014\\\/12\\\/Art-contemporain.jpg\"},{\"@type\":\"BreadcrumbList\",\"@id\":\"https:\\\/\\\/www.chateau-montsoreau.com\\\/wordpress\\\/es\\\/#breadcrumb\",\"itemListElement\":[{\"@type\":\"ListItem\",\"position\":1,\"name\":\"Accueil\",\"item\":\"https:\\\/\\\/www.chateau-montsoreau.com\\\/wordpress\\\/fr\\\/\"},{\"@type\":\"ListItem\",\"position\":2,\"name\":\"Home\"}]},{\"@type\":\"WebSite\",\"@id\":\"https:\\\/\\\/www.chateau-montsoreau.com\\\/wordpress\\\/#website\",\"url\":\"https:\\\/\\\/www.chateau-montsoreau.com\\\/wordpress\\\/\",\"name\":\"Ch\u00e2teau de Montsoreau-Mus\u00e9e d&#039;Art Contemporain\",\"description\":\"Ch\u00e2teaux de la Loire Art Contemporain Art Conceptuel\",\"publisher\":{\"@id\":\"https:\\\/\\\/www.chateau-montsoreau.com\\\/wordpress\\\/#organization\"},\"potentialAction\":[{\"@type\":\"SearchAction\",\"target\":{\"@type\":\"EntryPoint\",\"urlTemplate\":\"https:\\\/\\\/www.chateau-montsoreau.com\\\/wordpress\\\/?s={search_term_string}\"},\"query-input\":{\"@type\":\"PropertyValueSpecification\",\"valueRequired\":true,\"valueName\":\"search_term_string\"}}],\"inLanguage\":\"fr-FR\"},{\"@type\":\"Organization\",\"@id\":\"https:\\\/\\\/www.chateau-montsoreau.com\\\/wordpress\\\/#organization\",\"name\":\"Ch\u00e2teau de Montsoreau - Mus\u00e9e d'art contemporain\",\"url\":\"https:\\\/\\\/www.chateau-montsoreau.com\\\/wordpress\\\/\",\"logo\":{\"@type\":\"ImageObject\",\"inLanguage\":\"fr-FR\",\"@id\":\"https:\\\/\\\/www.chateau-montsoreau.com\\\/wordpress\\\/#\\\/schema\\\/logo\\\/image\\\/\",\"url\":\"https:\\\/\\\/www.chateau-montsoreau.com\\\/wordpress\\\/wp-content\\\/uploads\\\/2016\\\/03\\\/Logo-Montsoreau-tout-petit-1.png\",\"contentUrl\":\"https:\\\/\\\/www.chateau-montsoreau.com\\\/wordpress\\\/wp-content\\\/uploads\\\/2016\\\/03\\\/Logo-Montsoreau-tout-petit-1.png\",\"width\":133,\"height\":133,\"caption\":\"Ch\u00e2teau de Montsoreau - Mus\u00e9e d'art contemporain\"},\"image\":{\"@id\":\"https:\\\/\\\/www.chateau-montsoreau.com\\\/wordpress\\\/#\\\/schema\\\/logo\\\/image\\\/\"},\"sameAs\":[\"https:\\\/\\\/www.facebook.com\\\/chateaudemontsoreau\\\/\",\"https:\\\/\\\/x.com\\\/Cmontsoreau\",\"https:\\\/\\\/www.instagram.com\\\/chateaudemontsoreau\\\/\",\"http:\\\/\\\/www.pinterest.com\\\/Cmontsoreau\"]}]}<\/script>\n<!-- \/ Yoast SEO plugin. -->","yoast_head_json":{"title":"Home | Ch\u00e2teau de Montsoreau-Mus\u00e9e d&#039;Art Contemporain","description":"La colecci\u00f3n de obras de Art & Language m\u00e1s grande del mundo, pioneros del arte conceptual. Una colecci\u00f3n excepcional de arte contempor\u00e1neo, a dos horas de Par\u00eds en el valle del Loira.","robots":{"index":"index","follow":"follow","max-snippet":"max-snippet:-1","max-image-preview":"max-image-preview:large","max-video-preview":"max-video-preview:-1"},"canonical":"https:\/\/www.chateau-montsoreau.com\/wordpress\/es\/","og_locale":"fr_FR","og_type":"article","og_title":"Home | Ch\u00e2teau de Montsoreau-Mus\u00e9e d&#039;Art Contemporain","og_description":"La colecci\u00f3n de obras de Art & Language m\u00e1s grande del mundo, pioneros del arte conceptual. Una colecci\u00f3n excepcional de arte contempor\u00e1neo, a dos horas de Par\u00eds en el valle del Loira.","og_url":"https:\/\/www.chateau-montsoreau.com\/wordpress\/es\/","og_site_name":"Ch\u00e2teau de Montsoreau-Mus\u00e9e d&#039;Art Contemporain","article_publisher":"https:\/\/www.facebook.com\/chateaudemontsoreau\/","article_modified_time":"2020-01-27T16:42:51+00:00","og_image":[{"url":"http:\/\/www.chateau-montsoreau.com\/wordpress\/wp-content\/uploads\/2014\/12\/Art-contemporain.jpg","type":"","width":"","height":""}],"twitter_card":"summary_large_image","twitter_site":"@Cmontsoreau","twitter_misc":{"Dur\u00e9e de lecture estim\u00e9e":"2 minutes"},"schema":{"@context":"https:\/\/schema.org","@graph":[{"@type":"WebPage","@id":"https:\/\/www.chateau-montsoreau.com\/wordpress\/es\/","url":"https:\/\/www.chateau-montsoreau.com\/wordpress\/es\/","name":"Home | Ch\u00e2teau de Montsoreau-Mus\u00e9e d&#039;Art Contemporain","isPartOf":{"@id":"https:\/\/www.chateau-montsoreau.com\/wordpress\/#website"},"primaryImageOfPage":{"@id":"https:\/\/www.chateau-montsoreau.com\/wordpress\/es\/#primaryimage"},"image":{"@id":"https:\/\/www.chateau-montsoreau.com\/wordpress\/es\/#primaryimage"},"thumbnailUrl":"http:\/\/www.chateau-montsoreau.com\/wordpress\/wp-content\/uploads\/2014\/12\/Art-contemporain.jpg","datePublished":"2019-09-01T15:38:14+00:00","dateModified":"2020-01-27T16:42:51+00:00","description":"La colecci\u00f3n de obras de Art & Language m\u00e1s grande del mundo, pioneros del arte conceptual. Una colecci\u00f3n excepcional de arte contempor\u00e1neo, a dos horas de Par\u00eds en el valle del Loira.","breadcrumb":{"@id":"https:\/\/www.chateau-montsoreau.com\/wordpress\/es\/#breadcrumb"},"inLanguage":"fr-FR","potentialAction":[{"@type":"ReadAction","target":["https:\/\/www.chateau-montsoreau.com\/wordpress\/es\/"]}]},{"@type":"ImageObject","inLanguage":"fr-FR","@id":"https:\/\/www.chateau-montsoreau.com\/wordpress\/es\/#primaryimage","url":"http:\/\/www.chateau-montsoreau.com\/wordpress\/wp-content\/uploads\/2014\/12\/Art-contemporain.jpg","contentUrl":"http:\/\/www.chateau-montsoreau.com\/wordpress\/wp-content\/uploads\/2014\/12\/Art-contemporain.jpg"},{"@type":"BreadcrumbList","@id":"https:\/\/www.chateau-montsoreau.com\/wordpress\/es\/#breadcrumb","itemListElement":[{"@type":"ListItem","position":1,"name":"Accueil","item":"https:\/\/www.chateau-montsoreau.com\/wordpress\/fr\/"},{"@type":"ListItem","position":2,"name":"Home"}]},{"@type":"WebSite","@id":"https:\/\/www.chateau-montsoreau.com\/wordpress\/#website","url":"https:\/\/www.chateau-montsoreau.com\/wordpress\/","name":"Ch\u00e2teau de Montsoreau-Mus\u00e9e d&#039;Art Contemporain","description":"Ch\u00e2teaux de la Loire Art Contemporain Art Conceptuel","publisher":{"@id":"https:\/\/www.chateau-montsoreau.com\/wordpress\/#organization"},"potentialAction":[{"@type":"SearchAction","target":{"@type":"EntryPoint","urlTemplate":"https:\/\/www.chateau-montsoreau.com\/wordpress\/?s={search_term_string}"},"query-input":{"@type":"PropertyValueSpecification","valueRequired":true,"valueName":"search_term_string"}}],"inLanguage":"fr-FR"},{"@type":"Organization","@id":"https:\/\/www.chateau-montsoreau.com\/wordpress\/#organization","name":"Ch\u00e2teau de Montsoreau - Mus\u00e9e d'art contemporain","url":"https:\/\/www.chateau-montsoreau.com\/wordpress\/","logo":{"@type":"ImageObject","inLanguage":"fr-FR","@id":"https:\/\/www.chateau-montsoreau.com\/wordpress\/#\/schema\/logo\/image\/","url":"https:\/\/www.chateau-montsoreau.com\/wordpress\/wp-content\/uploads\/2016\/03\/Logo-Montsoreau-tout-petit-1.png","contentUrl":"https:\/\/www.chateau-montsoreau.com\/wordpress\/wp-content\/uploads\/2016\/03\/Logo-Montsoreau-tout-petit-1.png","width":133,"height":133,"caption":"Ch\u00e2teau de Montsoreau - Mus\u00e9e d'art contemporain"},"image":{"@id":"https:\/\/www.chateau-montsoreau.com\/wordpress\/#\/schema\/logo\/image\/"},"sameAs":["https:\/\/www.facebook.com\/chateaudemontsoreau\/","https:\/\/x.com\/Cmontsoreau","https:\/\/www.instagram.com\/chateaudemontsoreau\/","http:\/\/www.pinterest.com\/Cmontsoreau"]}]}},"_links":{"self":[{"href":"https:\/\/www.chateau-montsoreau.com\/wordpress\/wp-json\/wp\/v2\/pages\/6584","targetHints":{"allow":["GET"]}}],"collection":[{"href":"https:\/\/www.chateau-montsoreau.com\/wordpress\/wp-json\/wp\/v2\/pages"}],"about":[{"href":"https:\/\/www.chateau-montsoreau.com\/wordpress\/wp-json\/wp\/v2\/types\/page"}],"author":[{"embeddable":true,"href":"https:\/\/www.chateau-montsoreau.com\/wordpress\/wp-json\/wp\/v2\/users\/5"}],"replies":[{"embeddable":true,"href":"https:\/\/www.chateau-montsoreau.com\/wordpress\/wp-json\/wp\/v2\/comments?post=6584"}],"version-history":[{"count":3,"href":"https:\/\/www.chateau-montsoreau.com\/wordpress\/wp-json\/wp\/v2\/pages\/6584\/revisions"}],"predecessor-version":[{"id":7917,"href":"https:\/\/www.chateau-montsoreau.com\/wordpress\/wp-json\/wp\/v2\/pages\/6584\/revisions\/7917"}],"wp:attachment":[{"href":"https:\/\/www.chateau-montsoreau.com\/wordpress\/wp-json\/wp\/v2\/media?parent=6584"}],"curies":[{"name":"wp","href":"https:\/\/api.w.org\/{rel}","templated":true}]}}