{"id":6632,"date":"2019-09-01T18:53:39","date_gmt":"2019-09-01T17:53:39","guid":{"rendered":"http:\/\/www.chateau-montsoreau.com\/wordpress\/?page_id=6632"},"modified":"2019-11-26T10:08:03","modified_gmt":"2019-11-26T09:08:03","slug":"100-castillo-100-contemporaneo","status":"publish","type":"page","link":"https:\/\/www.chateau-montsoreau.com\/wordpress\/es\/100-castillo-100-contemporaneo\/","title":{"rendered":"100% Castillo &#8211; 100% Contempor\u00e1neo"},"content":{"rendered":"<p><strong>El Castillo de Montsoreau-Museo de arte\u00a0contempor\u00e1neo en 10 puntos<\/strong><\/p>\n<p>El Castillo de Montsoreau-Museo de arte\u00a0contempor\u00e1neo se encuentra en Francia, en el Valle del Loira. En la encrucijada de tres grandes regiones tur\u00edsticas, la regi\u00f3n de los Pa\u00edses del Loira, la regi\u00f3n del Centro del Valle del Loira y la regi\u00f3n de la Nueva Aquitania. Se encuentra en el departamento de Maine-et-Loire.<\/p>\n<ul>\n<li>El \u00fanico Castillo del Loira construido sobre el lecho del r\u00edo, en el mismo lugar donde el r\u00edo Vienne desemboca en el Loira, su construcci\u00f3n marca el comienzo del Renacimiento en Francia.<\/li>\n<li>El Castillo de Montsoreau-Museo de arte\u00a0contempor\u00e1neo es un lugar vivo, radical y alternativo.<\/li>\n<li>Un castillo con la apariencia de un suntuoso palacio junto al agua, fue completamente renovado y transformado en Museo de Arte Contempor\u00e1neo en 2016 por Philippe M\u00e9aille, su fundador.<\/li>\n<li>Su colecci\u00f3n permanente representa la mayor colecci\u00f3n del mundo de obras de Art &amp; Language (la Colecci\u00f3n Philippe M\u00e9aille), un movimiento pionero en el Arte Conceptual.<\/li>\n<li>Su colecci\u00f3n \u00fanica y su arquitectura renacentista pionera, abierta al futuro, la convierten en un lugar comprometido, inscrito en el presente y que ofrece una nueva realidad a la vista.<\/li>\n<li>El Castillo de Montsoreau-Museo de arte\u00a0contempor\u00e1neo se encuentra a dos horas de Par\u00eds, en el Valle del Loira, Patrimonio de la Humanidad, y ocupa m\u00e1s de 2000 m2.<\/li>\n<li>Su arquitectura vanguardista, que forma parte del paisaje y del curso del r\u00edo Loira, ha inspirado a lo largo de los siglos a artistas como Rodin, Turner, Rabelais, Flaubert y Alexandre Dumas.<\/li>\n<li>El Castillo de Montsoreau en Anjou fue construido en 1450 por Juan II de Chambes, primer Consejero Privado y Chambel\u00e1n de los Reyes de Francia Carlos VII y Luis XI.<\/li>\n<li>Su historia est\u00e1 marcada por numerosos personajes como Carlos VII, Luis XI, Mar\u00eda Estuardo, Ana de Breta\u00f1a, Claude de Francia o Francisco I.<\/li>\n<\/ul>\n<p>&nbsp;<\/p>\n","protected":false},"excerpt":{"rendered":"<p>El Castillo de Montsoreau-Museo de arte\u00a0contempor\u00e1neo en 10 puntos El Castillo de Montsoreau-Museo de arte\u00a0contempor\u00e1neo se encuentra en Francia, en el Valle del Loira. En la encrucijada de tres grandes regiones tur\u00edsticas, la regi\u00f3n de los Pa\u00edses del Loira, la regi\u00f3n del Centro del Valle del Loira y la regi\u00f3n de la Nueva Aquitania. Se [&hellip;]<\/p>\n","protected":false},"author":5,"featured_media":0,"parent":0,"menu_order":0,"comment_status":"closed","ping_status":"closed","template":"","meta":{"footnotes":""},"class_list":["post-6632","page","type-page","status-publish","hentry"],"yoast_head":"<!-- This site is optimized with the Yoast SEO plugin v27.3 - https:\/\/yoast.com\/product\/yoast-seo-wordpress\/ -->\n<title>100% Castillo - 100% Contempor\u00e1neo | Ch\u00e2teau de Montsoreau-Mus\u00e9e d&#039;Art Contemporain<\/title>\n<meta name=\"description\" content=\"Situado en el Valle del Loira, declarado Patrimonio de la Humanidad por la UNESCO, el Castillo de Montsoreau - Museo de arte\u00a0contempor\u00e1neo alberga la colecci\u00f3n Philippe M\u00e9aille, la mayor colecci\u00f3n de obras de Art &amp; Language del mundo.\" \/>\n<meta name=\"robots\" content=\"index, follow, max-snippet:-1, max-image-preview:large, max-video-preview:-1\" \/>\n<link rel=\"canonical\" href=\"https:\/\/www.chateau-montsoreau.com\/wordpress\/es\/100-castillo-100-contemporaneo\/\" \/>\n<meta property=\"og:locale\" content=\"fr_FR\" \/>\n<meta property=\"og:type\" content=\"article\" \/>\n<meta property=\"og:title\" content=\"100% Castillo - 100% Contempor\u00e1neo | Ch\u00e2teau de Montsoreau-Mus\u00e9e d&#039;Art Contemporain\" \/>\n<meta property=\"og:description\" content=\"Situado en el Valle del Loira, declarado Patrimonio de la Humanidad por la UNESCO, el Castillo de Montsoreau - Museo de arte\u00a0contempor\u00e1neo alberga la colecci\u00f3n Philippe M\u00e9aille, la mayor colecci\u00f3n de obras de Art &amp; Language del mundo.\" \/>\n<meta property=\"og:url\" content=\"https:\/\/www.chateau-montsoreau.com\/wordpress\/es\/100-castillo-100-contemporaneo\/\" \/>\n<meta property=\"og:site_name\" content=\"Ch\u00e2teau de Montsoreau-Mus\u00e9e d&#039;Art Contemporain\" \/>\n<meta property=\"article:publisher\" content=\"https:\/\/www.facebook.com\/chateaudemontsoreau\/\" \/>\n<meta property=\"article:modified_time\" content=\"2019-11-26T09:08:03+00:00\" \/>\n<meta name=\"twitter:card\" content=\"summary_large_image\" \/>\n<meta name=\"twitter:site\" content=\"@Cmontsoreau\" \/>\n<meta name=\"twitter:label1\" content=\"Dur\u00e9e de lecture estim\u00e9e\" \/>\n\t<meta name=\"twitter:data1\" content=\"2 minutes\" \/>\n<script type=\"application\/ld+json\" class=\"yoast-schema-graph\">{\"@context\":\"https:\\\/\\\/schema.org\",\"@graph\":[{\"@type\":\"WebPage\",\"@id\":\"https:\\\/\\\/www.chateau-montsoreau.com\\\/wordpress\\\/es\\\/100-castillo-100-contemporaneo\\\/\",\"url\":\"https:\\\/\\\/www.chateau-montsoreau.com\\\/wordpress\\\/es\\\/100-castillo-100-contemporaneo\\\/\",\"name\":\"100% Castillo - 100% Contempor\u00e1neo | Ch\u00e2teau de Montsoreau-Mus\u00e9e d&#039;Art Contemporain\",\"isPartOf\":{\"@id\":\"https:\\\/\\\/www.chateau-montsoreau.com\\\/wordpress\\\/#website\"},\"datePublished\":\"2019-09-01T17:53:39+00:00\",\"dateModified\":\"2019-11-26T09:08:03+00:00\",\"description\":\"Situado en el Valle del Loira, declarado Patrimonio de la Humanidad por la UNESCO, el Castillo de Montsoreau - Museo de arte\u00a0contempor\u00e1neo alberga la colecci\u00f3n Philippe M\u00e9aille, la mayor colecci\u00f3n de obras de Art & Language del mundo.\",\"breadcrumb\":{\"@id\":\"https:\\\/\\\/www.chateau-montsoreau.com\\\/wordpress\\\/es\\\/100-castillo-100-contemporaneo\\\/#breadcrumb\"},\"inLanguage\":\"fr-FR\",\"potentialAction\":[{\"@type\":\"ReadAction\",\"target\":[\"https:\\\/\\\/www.chateau-montsoreau.com\\\/wordpress\\\/es\\\/100-castillo-100-contemporaneo\\\/\"]}]},{\"@type\":\"BreadcrumbList\",\"@id\":\"https:\\\/\\\/www.chateau-montsoreau.com\\\/wordpress\\\/es\\\/100-castillo-100-contemporaneo\\\/#breadcrumb\",\"itemListElement\":[{\"@type\":\"ListItem\",\"position\":1,\"name\":\"Accueil\",\"item\":\"https:\\\/\\\/www.chateau-montsoreau.com\\\/wordpress\\\/fr\\\/\"},{\"@type\":\"ListItem\",\"position\":2,\"name\":\"100% Castillo &#8211; 100% Contempor\u00e1neo\"}]},{\"@type\":\"WebSite\",\"@id\":\"https:\\\/\\\/www.chateau-montsoreau.com\\\/wordpress\\\/#website\",\"url\":\"https:\\\/\\\/www.chateau-montsoreau.com\\\/wordpress\\\/\",\"name\":\"Ch\u00e2teau de Montsoreau-Mus\u00e9e d&#039;Art Contemporain\",\"description\":\"Ch\u00e2teaux de la Loire Art Contemporain Art Conceptuel\",\"publisher\":{\"@id\":\"https:\\\/\\\/www.chateau-montsoreau.com\\\/wordpress\\\/#organization\"},\"potentialAction\":[{\"@type\":\"SearchAction\",\"target\":{\"@type\":\"EntryPoint\",\"urlTemplate\":\"https:\\\/\\\/www.chateau-montsoreau.com\\\/wordpress\\\/?s={search_term_string}\"},\"query-input\":{\"@type\":\"PropertyValueSpecification\",\"valueRequired\":true,\"valueName\":\"search_term_string\"}}],\"inLanguage\":\"fr-FR\"},{\"@type\":\"Organization\",\"@id\":\"https:\\\/\\\/www.chateau-montsoreau.com\\\/wordpress\\\/#organization\",\"name\":\"Ch\u00e2teau de Montsoreau - Mus\u00e9e d'art contemporain\",\"url\":\"https:\\\/\\\/www.chateau-montsoreau.com\\\/wordpress\\\/\",\"logo\":{\"@type\":\"ImageObject\",\"inLanguage\":\"fr-FR\",\"@id\":\"https:\\\/\\\/www.chateau-montsoreau.com\\\/wordpress\\\/#\\\/schema\\\/logo\\\/image\\\/\",\"url\":\"https:\\\/\\\/www.chateau-montsoreau.com\\\/wordpress\\\/wp-content\\\/uploads\\\/2016\\\/03\\\/Logo-Montsoreau-tout-petit-1.png\",\"contentUrl\":\"https:\\\/\\\/www.chateau-montsoreau.com\\\/wordpress\\\/wp-content\\\/uploads\\\/2016\\\/03\\\/Logo-Montsoreau-tout-petit-1.png\",\"width\":133,\"height\":133,\"caption\":\"Ch\u00e2teau de Montsoreau - Mus\u00e9e d'art contemporain\"},\"image\":{\"@id\":\"https:\\\/\\\/www.chateau-montsoreau.com\\\/wordpress\\\/#\\\/schema\\\/logo\\\/image\\\/\"},\"sameAs\":[\"https:\\\/\\\/www.facebook.com\\\/chateaudemontsoreau\\\/\",\"https:\\\/\\\/x.com\\\/Cmontsoreau\",\"https:\\\/\\\/www.instagram.com\\\/chateaudemontsoreau\\\/\",\"http:\\\/\\\/www.pinterest.com\\\/Cmontsoreau\"]}]}<\/script>\n<!-- \/ Yoast SEO plugin. -->","yoast_head_json":{"title":"100% Castillo - 100% Contempor\u00e1neo | Ch\u00e2teau de Montsoreau-Mus\u00e9e d&#039;Art Contemporain","description":"Situado en el Valle del Loira, declarado Patrimonio de la Humanidad por la UNESCO, el Castillo de Montsoreau - Museo de arte\u00a0contempor\u00e1neo alberga la colecci\u00f3n Philippe M\u00e9aille, la mayor colecci\u00f3n de obras de Art & Language del mundo.","robots":{"index":"index","follow":"follow","max-snippet":"max-snippet:-1","max-image-preview":"max-image-preview:large","max-video-preview":"max-video-preview:-1"},"canonical":"https:\/\/www.chateau-montsoreau.com\/wordpress\/es\/100-castillo-100-contemporaneo\/","og_locale":"fr_FR","og_type":"article","og_title":"100% Castillo - 100% Contempor\u00e1neo | Ch\u00e2teau de Montsoreau-Mus\u00e9e d&#039;Art Contemporain","og_description":"Situado en el Valle del Loira, declarado Patrimonio de la Humanidad por la UNESCO, el Castillo de Montsoreau - Museo de arte\u00a0contempor\u00e1neo alberga la colecci\u00f3n Philippe M\u00e9aille, la mayor colecci\u00f3n de obras de Art & Language del mundo.","og_url":"https:\/\/www.chateau-montsoreau.com\/wordpress\/es\/100-castillo-100-contemporaneo\/","og_site_name":"Ch\u00e2teau de Montsoreau-Mus\u00e9e d&#039;Art Contemporain","article_publisher":"https:\/\/www.facebook.com\/chateaudemontsoreau\/","article_modified_time":"2019-11-26T09:08:03+00:00","twitter_card":"summary_large_image","twitter_site":"@Cmontsoreau","twitter_misc":{"Dur\u00e9e de lecture estim\u00e9e":"2 minutes"},"schema":{"@context":"https:\/\/schema.org","@graph":[{"@type":"WebPage","@id":"https:\/\/www.chateau-montsoreau.com\/wordpress\/es\/100-castillo-100-contemporaneo\/","url":"https:\/\/www.chateau-montsoreau.com\/wordpress\/es\/100-castillo-100-contemporaneo\/","name":"100% Castillo - 100% Contempor\u00e1neo | Ch\u00e2teau de Montsoreau-Mus\u00e9e d&#039;Art Contemporain","isPartOf":{"@id":"https:\/\/www.chateau-montsoreau.com\/wordpress\/#website"},"datePublished":"2019-09-01T17:53:39+00:00","dateModified":"2019-11-26T09:08:03+00:00","description":"Situado en el Valle del Loira, declarado Patrimonio de la Humanidad por la UNESCO, el Castillo de Montsoreau - Museo de arte\u00a0contempor\u00e1neo alberga la colecci\u00f3n Philippe M\u00e9aille, la mayor colecci\u00f3n de obras de Art & Language del mundo.","breadcrumb":{"@id":"https:\/\/www.chateau-montsoreau.com\/wordpress\/es\/100-castillo-100-contemporaneo\/#breadcrumb"},"inLanguage":"fr-FR","potentialAction":[{"@type":"ReadAction","target":["https:\/\/www.chateau-montsoreau.com\/wordpress\/es\/100-castillo-100-contemporaneo\/"]}]},{"@type":"BreadcrumbList","@id":"https:\/\/www.chateau-montsoreau.com\/wordpress\/es\/100-castillo-100-contemporaneo\/#breadcrumb","itemListElement":[{"@type":"ListItem","position":1,"name":"Accueil","item":"https:\/\/www.chateau-montsoreau.com\/wordpress\/fr\/"},{"@type":"ListItem","position":2,"name":"100% Castillo &#8211; 100% Contempor\u00e1neo"}]},{"@type":"WebSite","@id":"https:\/\/www.chateau-montsoreau.com\/wordpress\/#website","url":"https:\/\/www.chateau-montsoreau.com\/wordpress\/","name":"Ch\u00e2teau de Montsoreau-Mus\u00e9e d&#039;Art Contemporain","description":"Ch\u00e2teaux de la Loire Art Contemporain Art Conceptuel","publisher":{"@id":"https:\/\/www.chateau-montsoreau.com\/wordpress\/#organization"},"potentialAction":[{"@type":"SearchAction","target":{"@type":"EntryPoint","urlTemplate":"https:\/\/www.chateau-montsoreau.com\/wordpress\/?s={search_term_string}"},"query-input":{"@type":"PropertyValueSpecification","valueRequired":true,"valueName":"search_term_string"}}],"inLanguage":"fr-FR"},{"@type":"Organization","@id":"https:\/\/www.chateau-montsoreau.com\/wordpress\/#organization","name":"Ch\u00e2teau de Montsoreau - Mus\u00e9e d'art contemporain","url":"https:\/\/www.chateau-montsoreau.com\/wordpress\/","logo":{"@type":"ImageObject","inLanguage":"fr-FR","@id":"https:\/\/www.chateau-montsoreau.com\/wordpress\/#\/schema\/logo\/image\/","url":"https:\/\/www.chateau-montsoreau.com\/wordpress\/wp-content\/uploads\/2016\/03\/Logo-Montsoreau-tout-petit-1.png","contentUrl":"https:\/\/www.chateau-montsoreau.com\/wordpress\/wp-content\/uploads\/2016\/03\/Logo-Montsoreau-tout-petit-1.png","width":133,"height":133,"caption":"Ch\u00e2teau de Montsoreau - Mus\u00e9e d'art contemporain"},"image":{"@id":"https:\/\/www.chateau-montsoreau.com\/wordpress\/#\/schema\/logo\/image\/"},"sameAs":["https:\/\/www.facebook.com\/chateaudemontsoreau\/","https:\/\/x.com\/Cmontsoreau","https:\/\/www.instagram.com\/chateaudemontsoreau\/","http:\/\/www.pinterest.com\/Cmontsoreau"]}]}},"_links":{"self":[{"href":"https:\/\/www.chateau-montsoreau.com\/wordpress\/wp-json\/wp\/v2\/pages\/6632","targetHints":{"allow":["GET"]}}],"collection":[{"href":"https:\/\/www.chateau-montsoreau.com\/wordpress\/wp-json\/wp\/v2\/pages"}],"about":[{"href":"https:\/\/www.chateau-montsoreau.com\/wordpress\/wp-json\/wp\/v2\/types\/page"}],"author":[{"embeddable":true,"href":"https:\/\/www.chateau-montsoreau.com\/wordpress\/wp-json\/wp\/v2\/users\/5"}],"replies":[{"embeddable":true,"href":"https:\/\/www.chateau-montsoreau.com\/wordpress\/wp-json\/wp\/v2\/comments?post=6632"}],"version-history":[{"count":2,"href":"https:\/\/www.chateau-montsoreau.com\/wordpress\/wp-json\/wp\/v2\/pages\/6632\/revisions"}],"predecessor-version":[{"id":6640,"href":"https:\/\/www.chateau-montsoreau.com\/wordpress\/wp-json\/wp\/v2\/pages\/6632\/revisions\/6640"}],"wp:attachment":[{"href":"https:\/\/www.chateau-montsoreau.com\/wordpress\/wp-json\/wp\/v2\/media?parent=6632"}],"curies":[{"name":"wp","href":"https:\/\/api.w.org\/{rel}","templated":true}]}}