{"id":6658,"date":"2019-09-03T16:04:49","date_gmt":"2019-09-03T15:04:49","guid":{"rendered":"http:\/\/www.chateau-montsoreau.com\/wordpress\/?page_id=6658"},"modified":"2019-11-26T10:04:01","modified_gmt":"2019-11-26T09:04:01","slug":"100-castello-100-contemporaneo","status":"publish","type":"page","link":"https:\/\/www.chateau-montsoreau.com\/wordpress\/it\/100-castello-100-contemporaneo\/","title":{"rendered":"100% Castello &#8211; 100% Contemporaneo"},"content":{"rendered":"<p>Il Castello di Montsoreau-Museo di arte contemporanea in 10 punti<\/p>\n<ul>\n<li>Il Castello di Montsoreau-Museo di arte contemporanea si trova in Francia, nella Valle della Loira. All&rsquo;incrocio di tre grandi regioni turistiche, la regione dei Paesi della Loira, la regione del Centro Valle della Loira e la regione della Nuova Aquitania. Si trova nel dipartimento di Maine-et-Loire.<\/li>\n<li>L&rsquo;unico Castello della Loira costruito sul letto del fiume, proprio nel punto in cui il fiume Vienne sfocia nella Loira, la sua costruzione segna l&rsquo;inizio del Rinascimento in Francia.<\/li>\n<li>Il Castello di Montsoreau-Museo di arte contemporanea \u00e8 un luogo vivo, radicale e alternativo.<\/li>\n<li>Un castello con l&rsquo;aspetto di un sontuoso palazzo sull&rsquo;acqua, \u00e8 stato completamente rinnovato e trasformato in museo d&rsquo;arte contemporanea nel 2016 da Philippe M\u00e9aille, il suo fondatore.<\/li>\n<li>La sua collezione permanente rappresenta la pi\u00f9 grande collezione mondiale di opere di Art &amp; Language (la Collezione Philippe M\u00e9aille), un movimento pionieristico nell&rsquo;Arte Concettuale.<\/li>\n<li>La sua collezione unica e la sua architettura rinascimentale pionieristica, entrambe aperte al futuro, ne fanno un luogo impegnato, inscritto nel presente e che d\u00e0 una nuova realt\u00e0 da vedere.<\/li>\n<li>Il Castello di Montsoreau-Museo di arte contemporanea si trova a due ore da Parigi, nella Valle della Loira, patrimonio dell&rsquo;umanit\u00e0, e si estende su una superficie di oltre 2000 m2.<\/li>\n<li>La sua architettura d&rsquo;avanguardia, che fa parte del paesaggio e del corso della Loira, ha ispirato nei secoli artisti come Rodin, Turner, Rabelais, Flaubert e Alexandre Dumas.<\/li>\n<li>Il Castello di Montsoreau fu costruito nel 1450 da Giovanni II di Chambes, primo consigliere privato e camerlengo dei re di Francia Carlo VII e Luigi XI.<\/li>\n<li>La sua storia \u00e8 segnata da molti personaggi come Carlo VII, Luigi XI, Maria Stuarda, Anna di Bretagna, Claudio di Francia o Francesco I.<\/li>\n<\/ul>\n<p>&nbsp;<\/p>\n","protected":false},"excerpt":{"rendered":"<p>Il Castello di Montsoreau-Museo di arte contemporanea in 10 punti Il Castello di Montsoreau-Museo di arte contemporanea si trova in Francia, nella Valle della Loira. All&rsquo;incrocio di tre grandi regioni turistiche, la regione dei Paesi della Loira, la regione del Centro Valle della Loira e la regione della Nuova Aquitania. Si trova nel dipartimento di [&hellip;]<\/p>\n","protected":false},"author":5,"featured_media":0,"parent":0,"menu_order":0,"comment_status":"closed","ping_status":"closed","template":"","meta":{"footnotes":""},"class_list":["post-6658","page","type-page","status-publish","hentry"],"yoast_head":"<!-- This site is optimized with the Yoast SEO plugin v27.3 - https:\/\/yoast.com\/product\/yoast-seo-wordpress\/ -->\n<title>100% Castello - 100% Contemporaneo | Ch\u00e2teau de Montsoreau-Mus\u00e9e d&#039;Art Contemporain<\/title>\n<meta name=\"description\" content=\"Situato nella Valle della Loira, patrimonio mondiale dell&#039;UNESCO, il Castello di Montsoreau-Museo di arte contemporanea ospita la collezione Philippe M\u00e9aille, la pi\u00f9 grande collezione mondiale di opere di Art &amp; Language\" \/>\n<meta name=\"robots\" content=\"index, follow, max-snippet:-1, max-image-preview:large, max-video-preview:-1\" \/>\n<link rel=\"canonical\" href=\"https:\/\/www.chateau-montsoreau.com\/wordpress\/it\/100-castello-100-contemporaneo\/\" \/>\n<meta property=\"og:locale\" content=\"fr_FR\" \/>\n<meta property=\"og:type\" content=\"article\" \/>\n<meta property=\"og:title\" content=\"100% Castello - 100% Contemporaneo | Ch\u00e2teau de Montsoreau-Mus\u00e9e d&#039;Art Contemporain\" \/>\n<meta property=\"og:description\" content=\"Situato nella Valle della Loira, patrimonio mondiale dell&#039;UNESCO, il Castello di Montsoreau-Museo di arte contemporanea ospita la collezione Philippe M\u00e9aille, la pi\u00f9 grande collezione mondiale di opere di Art &amp; Language\" \/>\n<meta property=\"og:url\" content=\"https:\/\/www.chateau-montsoreau.com\/wordpress\/it\/100-castello-100-contemporaneo\/\" \/>\n<meta property=\"og:site_name\" content=\"Ch\u00e2teau de Montsoreau-Mus\u00e9e d&#039;Art Contemporain\" \/>\n<meta property=\"article:publisher\" content=\"https:\/\/www.facebook.com\/chateaudemontsoreau\/\" \/>\n<meta property=\"article:modified_time\" content=\"2019-11-26T09:04:01+00:00\" \/>\n<meta name=\"twitter:card\" content=\"summary_large_image\" \/>\n<meta name=\"twitter:site\" content=\"@Cmontsoreau\" \/>\n<meta name=\"twitter:label1\" content=\"Dur\u00e9e de lecture estim\u00e9e\" \/>\n\t<meta name=\"twitter:data1\" content=\"1 minute\" \/>\n<script type=\"application\/ld+json\" class=\"yoast-schema-graph\">{\"@context\":\"https:\\\/\\\/schema.org\",\"@graph\":[{\"@type\":\"WebPage\",\"@id\":\"https:\\\/\\\/www.chateau-montsoreau.com\\\/wordpress\\\/it\\\/100-castello-100-contemporaneo\\\/\",\"url\":\"https:\\\/\\\/www.chateau-montsoreau.com\\\/wordpress\\\/it\\\/100-castello-100-contemporaneo\\\/\",\"name\":\"100% Castello - 100% Contemporaneo | Ch\u00e2teau de Montsoreau-Mus\u00e9e d&#039;Art Contemporain\",\"isPartOf\":{\"@id\":\"https:\\\/\\\/www.chateau-montsoreau.com\\\/wordpress\\\/#website\"},\"datePublished\":\"2019-09-03T15:04:49+00:00\",\"dateModified\":\"2019-11-26T09:04:01+00:00\",\"description\":\"Situato nella Valle della Loira, patrimonio mondiale dell'UNESCO, il Castello di Montsoreau-Museo di arte contemporanea ospita la collezione Philippe M\u00e9aille, la pi\u00f9 grande collezione mondiale di opere di Art & Language\",\"breadcrumb\":{\"@id\":\"https:\\\/\\\/www.chateau-montsoreau.com\\\/wordpress\\\/it\\\/100-castello-100-contemporaneo\\\/#breadcrumb\"},\"inLanguage\":\"fr-FR\",\"potentialAction\":[{\"@type\":\"ReadAction\",\"target\":[\"https:\\\/\\\/www.chateau-montsoreau.com\\\/wordpress\\\/it\\\/100-castello-100-contemporaneo\\\/\"]}]},{\"@type\":\"BreadcrumbList\",\"@id\":\"https:\\\/\\\/www.chateau-montsoreau.com\\\/wordpress\\\/it\\\/100-castello-100-contemporaneo\\\/#breadcrumb\",\"itemListElement\":[{\"@type\":\"ListItem\",\"position\":1,\"name\":\"Accueil\",\"item\":\"https:\\\/\\\/www.chateau-montsoreau.com\\\/wordpress\\\/fr\\\/\"},{\"@type\":\"ListItem\",\"position\":2,\"name\":\"100% Castello &#8211; 100% Contemporaneo\"}]},{\"@type\":\"WebSite\",\"@id\":\"https:\\\/\\\/www.chateau-montsoreau.com\\\/wordpress\\\/#website\",\"url\":\"https:\\\/\\\/www.chateau-montsoreau.com\\\/wordpress\\\/\",\"name\":\"Ch\u00e2teau de Montsoreau-Mus\u00e9e d&#039;Art Contemporain\",\"description\":\"Ch\u00e2teaux de la Loire Art Contemporain Art Conceptuel\",\"publisher\":{\"@id\":\"https:\\\/\\\/www.chateau-montsoreau.com\\\/wordpress\\\/#organization\"},\"potentialAction\":[{\"@type\":\"SearchAction\",\"target\":{\"@type\":\"EntryPoint\",\"urlTemplate\":\"https:\\\/\\\/www.chateau-montsoreau.com\\\/wordpress\\\/?s={search_term_string}\"},\"query-input\":{\"@type\":\"PropertyValueSpecification\",\"valueRequired\":true,\"valueName\":\"search_term_string\"}}],\"inLanguage\":\"fr-FR\"},{\"@type\":\"Organization\",\"@id\":\"https:\\\/\\\/www.chateau-montsoreau.com\\\/wordpress\\\/#organization\",\"name\":\"Ch\u00e2teau de Montsoreau - Mus\u00e9e d'art contemporain\",\"url\":\"https:\\\/\\\/www.chateau-montsoreau.com\\\/wordpress\\\/\",\"logo\":{\"@type\":\"ImageObject\",\"inLanguage\":\"fr-FR\",\"@id\":\"https:\\\/\\\/www.chateau-montsoreau.com\\\/wordpress\\\/#\\\/schema\\\/logo\\\/image\\\/\",\"url\":\"https:\\\/\\\/www.chateau-montsoreau.com\\\/wordpress\\\/wp-content\\\/uploads\\\/2016\\\/03\\\/Logo-Montsoreau-tout-petit-1.png\",\"contentUrl\":\"https:\\\/\\\/www.chateau-montsoreau.com\\\/wordpress\\\/wp-content\\\/uploads\\\/2016\\\/03\\\/Logo-Montsoreau-tout-petit-1.png\",\"width\":133,\"height\":133,\"caption\":\"Ch\u00e2teau de Montsoreau - Mus\u00e9e d'art contemporain\"},\"image\":{\"@id\":\"https:\\\/\\\/www.chateau-montsoreau.com\\\/wordpress\\\/#\\\/schema\\\/logo\\\/image\\\/\"},\"sameAs\":[\"https:\\\/\\\/www.facebook.com\\\/chateaudemontsoreau\\\/\",\"https:\\\/\\\/x.com\\\/Cmontsoreau\",\"https:\\\/\\\/www.instagram.com\\\/chateaudemontsoreau\\\/\",\"http:\\\/\\\/www.pinterest.com\\\/Cmontsoreau\"]}]}<\/script>\n<!-- \/ Yoast SEO plugin. -->","yoast_head_json":{"title":"100% Castello - 100% Contemporaneo | Ch\u00e2teau de Montsoreau-Mus\u00e9e d&#039;Art Contemporain","description":"Situato nella Valle della Loira, patrimonio mondiale dell'UNESCO, il Castello di Montsoreau-Museo di arte contemporanea ospita la collezione Philippe M\u00e9aille, la pi\u00f9 grande collezione mondiale di opere di Art & Language","robots":{"index":"index","follow":"follow","max-snippet":"max-snippet:-1","max-image-preview":"max-image-preview:large","max-video-preview":"max-video-preview:-1"},"canonical":"https:\/\/www.chateau-montsoreau.com\/wordpress\/it\/100-castello-100-contemporaneo\/","og_locale":"fr_FR","og_type":"article","og_title":"100% Castello - 100% Contemporaneo | Ch\u00e2teau de Montsoreau-Mus\u00e9e d&#039;Art Contemporain","og_description":"Situato nella Valle della Loira, patrimonio mondiale dell'UNESCO, il Castello di Montsoreau-Museo di arte contemporanea ospita la collezione Philippe M\u00e9aille, la pi\u00f9 grande collezione mondiale di opere di Art & Language","og_url":"https:\/\/www.chateau-montsoreau.com\/wordpress\/it\/100-castello-100-contemporaneo\/","og_site_name":"Ch\u00e2teau de Montsoreau-Mus\u00e9e d&#039;Art Contemporain","article_publisher":"https:\/\/www.facebook.com\/chateaudemontsoreau\/","article_modified_time":"2019-11-26T09:04:01+00:00","twitter_card":"summary_large_image","twitter_site":"@Cmontsoreau","twitter_misc":{"Dur\u00e9e de lecture estim\u00e9e":"1 minute"},"schema":{"@context":"https:\/\/schema.org","@graph":[{"@type":"WebPage","@id":"https:\/\/www.chateau-montsoreau.com\/wordpress\/it\/100-castello-100-contemporaneo\/","url":"https:\/\/www.chateau-montsoreau.com\/wordpress\/it\/100-castello-100-contemporaneo\/","name":"100% Castello - 100% Contemporaneo | Ch\u00e2teau de Montsoreau-Mus\u00e9e d&#039;Art Contemporain","isPartOf":{"@id":"https:\/\/www.chateau-montsoreau.com\/wordpress\/#website"},"datePublished":"2019-09-03T15:04:49+00:00","dateModified":"2019-11-26T09:04:01+00:00","description":"Situato nella Valle della Loira, patrimonio mondiale dell'UNESCO, il Castello di Montsoreau-Museo di arte contemporanea ospita la collezione Philippe M\u00e9aille, la pi\u00f9 grande collezione mondiale di opere di Art & Language","breadcrumb":{"@id":"https:\/\/www.chateau-montsoreau.com\/wordpress\/it\/100-castello-100-contemporaneo\/#breadcrumb"},"inLanguage":"fr-FR","potentialAction":[{"@type":"ReadAction","target":["https:\/\/www.chateau-montsoreau.com\/wordpress\/it\/100-castello-100-contemporaneo\/"]}]},{"@type":"BreadcrumbList","@id":"https:\/\/www.chateau-montsoreau.com\/wordpress\/it\/100-castello-100-contemporaneo\/#breadcrumb","itemListElement":[{"@type":"ListItem","position":1,"name":"Accueil","item":"https:\/\/www.chateau-montsoreau.com\/wordpress\/fr\/"},{"@type":"ListItem","position":2,"name":"100% Castello &#8211; 100% Contemporaneo"}]},{"@type":"WebSite","@id":"https:\/\/www.chateau-montsoreau.com\/wordpress\/#website","url":"https:\/\/www.chateau-montsoreau.com\/wordpress\/","name":"Ch\u00e2teau de Montsoreau-Mus\u00e9e d&#039;Art Contemporain","description":"Ch\u00e2teaux de la Loire Art Contemporain Art Conceptuel","publisher":{"@id":"https:\/\/www.chateau-montsoreau.com\/wordpress\/#organization"},"potentialAction":[{"@type":"SearchAction","target":{"@type":"EntryPoint","urlTemplate":"https:\/\/www.chateau-montsoreau.com\/wordpress\/?s={search_term_string}"},"query-input":{"@type":"PropertyValueSpecification","valueRequired":true,"valueName":"search_term_string"}}],"inLanguage":"fr-FR"},{"@type":"Organization","@id":"https:\/\/www.chateau-montsoreau.com\/wordpress\/#organization","name":"Ch\u00e2teau de Montsoreau - Mus\u00e9e d'art contemporain","url":"https:\/\/www.chateau-montsoreau.com\/wordpress\/","logo":{"@type":"ImageObject","inLanguage":"fr-FR","@id":"https:\/\/www.chateau-montsoreau.com\/wordpress\/#\/schema\/logo\/image\/","url":"https:\/\/www.chateau-montsoreau.com\/wordpress\/wp-content\/uploads\/2016\/03\/Logo-Montsoreau-tout-petit-1.png","contentUrl":"https:\/\/www.chateau-montsoreau.com\/wordpress\/wp-content\/uploads\/2016\/03\/Logo-Montsoreau-tout-petit-1.png","width":133,"height":133,"caption":"Ch\u00e2teau de Montsoreau - Mus\u00e9e d'art contemporain"},"image":{"@id":"https:\/\/www.chateau-montsoreau.com\/wordpress\/#\/schema\/logo\/image\/"},"sameAs":["https:\/\/www.facebook.com\/chateaudemontsoreau\/","https:\/\/x.com\/Cmontsoreau","https:\/\/www.instagram.com\/chateaudemontsoreau\/","http:\/\/www.pinterest.com\/Cmontsoreau"]}]}},"_links":{"self":[{"href":"https:\/\/www.chateau-montsoreau.com\/wordpress\/wp-json\/wp\/v2\/pages\/6658","targetHints":{"allow":["GET"]}}],"collection":[{"href":"https:\/\/www.chateau-montsoreau.com\/wordpress\/wp-json\/wp\/v2\/pages"}],"about":[{"href":"https:\/\/www.chateau-montsoreau.com\/wordpress\/wp-json\/wp\/v2\/types\/page"}],"author":[{"embeddable":true,"href":"https:\/\/www.chateau-montsoreau.com\/wordpress\/wp-json\/wp\/v2\/users\/5"}],"replies":[{"embeddable":true,"href":"https:\/\/www.chateau-montsoreau.com\/wordpress\/wp-json\/wp\/v2\/comments?post=6658"}],"version-history":[{"count":3,"href":"https:\/\/www.chateau-montsoreau.com\/wordpress\/wp-json\/wp\/v2\/pages\/6658\/revisions"}],"predecessor-version":[{"id":6924,"href":"https:\/\/www.chateau-montsoreau.com\/wordpress\/wp-json\/wp\/v2\/pages\/6658\/revisions\/6924"}],"wp:attachment":[{"href":"https:\/\/www.chateau-montsoreau.com\/wordpress\/wp-json\/wp\/v2\/media?parent=6658"}],"curies":[{"name":"wp","href":"https:\/\/api.w.org\/{rel}","templated":true}]}}