{"id":6663,"date":"2019-09-03T16:14:23","date_gmt":"2019-09-03T15:14:23","guid":{"rendered":"http:\/\/www.chateau-montsoreau.com\/wordpress\/?page_id=6663"},"modified":"2020-01-27T17:47:22","modified_gmt":"2020-01-27T16:47:22","slug":"home-arte-contemporanea","status":"publish","type":"page","link":"https:\/\/www.chateau-montsoreau.com\/wordpress\/it\/","title":{"rendered":"Home"},"content":{"rendered":"<h2 style=\"text-align: center;\">Il Castello di Montsoreau-Museo di Arte Contemporanea,<br \/>\nValle della Loira<\/h2>\n<p style=\"text-align: center;\">Il Castello di Montsoreau-Museo di Arte contemporanea&nbsp; ospita la pi\u00f9 grande collezione mondiale di opere del movimento Art &amp; Language. Si trova nella Valle della Loira, patrimonio mondiale dell&rsquo;UNESCO, a Maine-et-Loire, nel comune di Montsoreau tra Angers e Tours.<\/p>\n<p style=\"text-align: center;\"><img loading=\"lazy\" decoding=\"async\" class=\"aligncenter wp-image-5881 size-full\" src=\"http:\/\/www.chateau-montsoreau.com\/wordpress\/wp-content\/uploads\/2014\/12\/Art-contemporain.jpg\" alt=\"\" width=\"1200\" height=\"799\"><\/p>\n<h2 style=\"text-align: left;\">Art &amp; Language<\/h2>\n<p>Art &amp; Language \u00e8 un movimento pionieristico nell&rsquo;arte concettuale. Il nome \u00e8 stato adottato parallelamente alla creazione della rivista Art-Language, creata nel 1968; questa rivista ha avuto una profonda influenza sull&rsquo;arte contemporanea. Gi\u00e0 negli anni Sessanta, Art &amp; Language immaginava una separazione tra l&rsquo;oggetto d&rsquo;arte e l&rsquo;opera d&rsquo;arte. Ha incluso nelle sue file: Michael Baldwin, Mel Ramsden, Charles Harrison, Joseph Kosuth, Joseph Kosuth, Terry Atkinson, Harold Hurrell, David Bainbridge, Andrew Menard, Michael Corris, Ian Burn, Philip Pilkington, Kathryn Bigelow, David Rushton, Mayo Thompson, Sarah Charlesworth, Christine Koslov, Paula Ramsden, Preston Heller, Lynn Lemaster, Graham Howard, Sandra Harrison, Nigel Powell, Terry Smith, Terry Smith, Lynn Lemaster, Graham Howard, Sandra Harrison, Nigel Powell, Terry Smith, Terry Smith. Nel 1986, Art &amp; Language \u00e8 stato nominato per il Turner Prize.<\/p>\n<h2 style=\"text-align: left;\">Architettura<\/h2>\n<p>L&rsquo;architettura del Castello di Montsoreau \u00e8 anche un pioniere del Rinascimento in Francia, l&rsquo;unico castello della Loira ad essere stato costruito sul letto del fiume. \u00c8 anche uno dei primissimi esempi di architettura del piacere nella Valle della Loira.&nbsp;Costruito nel 1450 da uno degli uomini pi\u00f9 ricchi del regno, Giovanni II di Chambes, primo consigliere dei re di Francia Carlo VII e Luigi XI, ambasciatore a Venezia e socio di Jacques Coeur.&nbsp;La sua architettura eccezionale e all&rsquo;avanguardia si spiega tanto con i suoi viaggi quanto con la sua fortuna.<\/p>\n<h2 style=\"text-align: left;\">Museo d&rsquo;Arte Contemporanea e Castello della Loira<\/h2>\n<p>L&rsquo;apertura al pubblico del Castello di Montsoreau-Museo di arte contemporanea \u00e8 stata resa possibile dalla collaborazione tra il collezionista Philippe M\u00e9aille e il dipartimento di Maine-et-Loire.&nbsp;Ci\u00f2 \u00e8 avvenuto nell&rsquo;aprile 2016. Questa scelta ha origine sia nell&rsquo;eccezionale architettura rinascimentale del castello di Montsoreau che nella sua posizione. Costruito su uno sperone roccioso situato nel corso della Loira, gli conferisce la particolarit\u00e0 di essere l&rsquo;unico castello della Loira ad essere stato costruito sul letto del fiume; proprio nel punto in cui la Vienne sfocia nella Loira e diventa il fiume pi\u00f9 largo della Francia. La sua posizione nel cuore della Valle della Loira ne fa una mecca del turismo. La regione ha una forte identit\u00e0 e un pubblico internazionale molto diversificato.<\/p>\n<p>Fa parte della rete di musei d&rsquo;arte moderna e contemporanea in Francia come: Il Mus\u00e9e National d&rsquo;Art Moderne, il Mus\u00e9e d&rsquo;Art Moderne de la ville de Paris, la Fondazione Louis Vuitton, il CAPC Bordeaux, il Magasin Grenoble, il CCCOD Tours, il Mus\u00e9e de Saint-Etienne.<\/p>\n<p>&nbsp;<\/p>\n","protected":false},"excerpt":{"rendered":"<p>Il Castello di Montsoreau-Museo di Arte Contemporanea, Valle della Loira Il Castello di Montsoreau-Museo di Arte contemporanea&nbsp; ospita la pi\u00f9 grande collezione mondiale di opere del movimento Art &amp; Language. Si trova nella Valle della Loira, patrimonio mondiale dell&rsquo;UNESCO, a Maine-et-Loire, nel comune di Montsoreau tra Angers e Tours. Art &amp; Language Art &amp; Language [&hellip;]<\/p>\n","protected":false},"author":5,"featured_media":0,"parent":0,"menu_order":0,"comment_status":"closed","ping_status":"closed","template":"","meta":{"footnotes":""},"class_list":["post-6663","page","type-page","status-publish","hentry"],"yoast_head":"<!-- This site is optimized with the Yoast SEO plugin v27.3 - https:\/\/yoast.com\/product\/yoast-seo-wordpress\/ -->\n<title>Home | Ch\u00e2teau de Montsoreau-Mus\u00e9e d&#039;Art Contemporain<\/title>\n<meta name=\"description\" content=\"La pi\u00f9 grande collezione al mondo di opere d&#039;arte e lingua, pionieri dell&#039;arte concettuale. Un&#039;eccezionale collezione di arte contemporanea, a due ore da Parigi nella Valle della Loira.\" \/>\n<meta name=\"robots\" content=\"index, follow, max-snippet:-1, max-image-preview:large, max-video-preview:-1\" \/>\n<link rel=\"canonical\" href=\"https:\/\/www.chateau-montsoreau.com\/wordpress\/it\/\" \/>\n<meta property=\"og:locale\" content=\"fr_FR\" \/>\n<meta property=\"og:type\" content=\"article\" \/>\n<meta property=\"og:title\" content=\"Home | Ch\u00e2teau de Montsoreau-Mus\u00e9e d&#039;Art Contemporain\" \/>\n<meta property=\"og:description\" content=\"La pi\u00f9 grande collezione al mondo di opere d&#039;arte e lingua, pionieri dell&#039;arte concettuale. Un&#039;eccezionale collezione di arte contemporanea, a due ore da Parigi nella Valle della Loira.\" \/>\n<meta property=\"og:url\" content=\"https:\/\/www.chateau-montsoreau.com\/wordpress\/it\/\" \/>\n<meta property=\"og:site_name\" content=\"Ch\u00e2teau de Montsoreau-Mus\u00e9e d&#039;Art Contemporain\" \/>\n<meta property=\"article:publisher\" content=\"https:\/\/www.facebook.com\/chateaudemontsoreau\/\" \/>\n<meta property=\"article:modified_time\" content=\"2020-01-27T16:47:22+00:00\" \/>\n<meta property=\"og:image\" content=\"http:\/\/www.chateau-montsoreau.com\/wordpress\/wp-content\/uploads\/2014\/12\/Art-contemporain.jpg\" \/>\n<meta name=\"twitter:card\" content=\"summary_large_image\" \/>\n<meta name=\"twitter:site\" content=\"@Cmontsoreau\" \/>\n<meta name=\"twitter:label1\" content=\"Dur\u00e9e de lecture estim\u00e9e\" \/>\n\t<meta name=\"twitter:data1\" content=\"2 minutes\" \/>\n<script type=\"application\/ld+json\" class=\"yoast-schema-graph\">{\"@context\":\"https:\\\/\\\/schema.org\",\"@graph\":[{\"@type\":\"WebPage\",\"@id\":\"https:\\\/\\\/www.chateau-montsoreau.com\\\/wordpress\\\/it\\\/\",\"url\":\"https:\\\/\\\/www.chateau-montsoreau.com\\\/wordpress\\\/it\\\/\",\"name\":\"Home | Ch\u00e2teau de Montsoreau-Mus\u00e9e d&#039;Art Contemporain\",\"isPartOf\":{\"@id\":\"https:\\\/\\\/www.chateau-montsoreau.com\\\/wordpress\\\/#website\"},\"primaryImageOfPage\":{\"@id\":\"https:\\\/\\\/www.chateau-montsoreau.com\\\/wordpress\\\/it\\\/#primaryimage\"},\"image\":{\"@id\":\"https:\\\/\\\/www.chateau-montsoreau.com\\\/wordpress\\\/it\\\/#primaryimage\"},\"thumbnailUrl\":\"http:\\\/\\\/www.chateau-montsoreau.com\\\/wordpress\\\/wp-content\\\/uploads\\\/2014\\\/12\\\/Art-contemporain.jpg\",\"datePublished\":\"2019-09-03T15:14:23+00:00\",\"dateModified\":\"2020-01-27T16:47:22+00:00\",\"description\":\"La pi\u00f9 grande collezione al mondo di opere d'arte e lingua, pionieri dell'arte concettuale. Un'eccezionale collezione di arte contemporanea, a due ore da Parigi nella Valle della Loira.\",\"breadcrumb\":{\"@id\":\"https:\\\/\\\/www.chateau-montsoreau.com\\\/wordpress\\\/it\\\/#breadcrumb\"},\"inLanguage\":\"fr-FR\",\"potentialAction\":[{\"@type\":\"ReadAction\",\"target\":[\"https:\\\/\\\/www.chateau-montsoreau.com\\\/wordpress\\\/it\\\/\"]}]},{\"@type\":\"ImageObject\",\"inLanguage\":\"fr-FR\",\"@id\":\"https:\\\/\\\/www.chateau-montsoreau.com\\\/wordpress\\\/it\\\/#primaryimage\",\"url\":\"http:\\\/\\\/www.chateau-montsoreau.com\\\/wordpress\\\/wp-content\\\/uploads\\\/2014\\\/12\\\/Art-contemporain.jpg\",\"contentUrl\":\"http:\\\/\\\/www.chateau-montsoreau.com\\\/wordpress\\\/wp-content\\\/uploads\\\/2014\\\/12\\\/Art-contemporain.jpg\"},{\"@type\":\"BreadcrumbList\",\"@id\":\"https:\\\/\\\/www.chateau-montsoreau.com\\\/wordpress\\\/it\\\/#breadcrumb\",\"itemListElement\":[{\"@type\":\"ListItem\",\"position\":1,\"name\":\"Accueil\",\"item\":\"https:\\\/\\\/www.chateau-montsoreau.com\\\/wordpress\\\/fr\\\/\"},{\"@type\":\"ListItem\",\"position\":2,\"name\":\"Home\"}]},{\"@type\":\"WebSite\",\"@id\":\"https:\\\/\\\/www.chateau-montsoreau.com\\\/wordpress\\\/#website\",\"url\":\"https:\\\/\\\/www.chateau-montsoreau.com\\\/wordpress\\\/\",\"name\":\"Ch\u00e2teau de Montsoreau-Mus\u00e9e d&#039;Art Contemporain\",\"description\":\"Ch\u00e2teaux de la Loire Art Contemporain Art Conceptuel\",\"publisher\":{\"@id\":\"https:\\\/\\\/www.chateau-montsoreau.com\\\/wordpress\\\/#organization\"},\"potentialAction\":[{\"@type\":\"SearchAction\",\"target\":{\"@type\":\"EntryPoint\",\"urlTemplate\":\"https:\\\/\\\/www.chateau-montsoreau.com\\\/wordpress\\\/?s={search_term_string}\"},\"query-input\":{\"@type\":\"PropertyValueSpecification\",\"valueRequired\":true,\"valueName\":\"search_term_string\"}}],\"inLanguage\":\"fr-FR\"},{\"@type\":\"Organization\",\"@id\":\"https:\\\/\\\/www.chateau-montsoreau.com\\\/wordpress\\\/#organization\",\"name\":\"Ch\u00e2teau de Montsoreau - Mus\u00e9e d'art contemporain\",\"url\":\"https:\\\/\\\/www.chateau-montsoreau.com\\\/wordpress\\\/\",\"logo\":{\"@type\":\"ImageObject\",\"inLanguage\":\"fr-FR\",\"@id\":\"https:\\\/\\\/www.chateau-montsoreau.com\\\/wordpress\\\/#\\\/schema\\\/logo\\\/image\\\/\",\"url\":\"https:\\\/\\\/www.chateau-montsoreau.com\\\/wordpress\\\/wp-content\\\/uploads\\\/2016\\\/03\\\/Logo-Montsoreau-tout-petit-1.png\",\"contentUrl\":\"https:\\\/\\\/www.chateau-montsoreau.com\\\/wordpress\\\/wp-content\\\/uploads\\\/2016\\\/03\\\/Logo-Montsoreau-tout-petit-1.png\",\"width\":133,\"height\":133,\"caption\":\"Ch\u00e2teau de Montsoreau - Mus\u00e9e d'art contemporain\"},\"image\":{\"@id\":\"https:\\\/\\\/www.chateau-montsoreau.com\\\/wordpress\\\/#\\\/schema\\\/logo\\\/image\\\/\"},\"sameAs\":[\"https:\\\/\\\/www.facebook.com\\\/chateaudemontsoreau\\\/\",\"https:\\\/\\\/x.com\\\/Cmontsoreau\",\"https:\\\/\\\/www.instagram.com\\\/chateaudemontsoreau\\\/\",\"http:\\\/\\\/www.pinterest.com\\\/Cmontsoreau\"]}]}<\/script>\n<!-- \/ Yoast SEO plugin. -->","yoast_head_json":{"title":"Home | Ch\u00e2teau de Montsoreau-Mus\u00e9e d&#039;Art Contemporain","description":"La pi\u00f9 grande collezione al mondo di opere d'arte e lingua, pionieri dell'arte concettuale. Un'eccezionale collezione di arte contemporanea, a due ore da Parigi nella Valle della Loira.","robots":{"index":"index","follow":"follow","max-snippet":"max-snippet:-1","max-image-preview":"max-image-preview:large","max-video-preview":"max-video-preview:-1"},"canonical":"https:\/\/www.chateau-montsoreau.com\/wordpress\/it\/","og_locale":"fr_FR","og_type":"article","og_title":"Home | Ch\u00e2teau de Montsoreau-Mus\u00e9e d&#039;Art Contemporain","og_description":"La pi\u00f9 grande collezione al mondo di opere d'arte e lingua, pionieri dell'arte concettuale. Un'eccezionale collezione di arte contemporanea, a due ore da Parigi nella Valle della Loira.","og_url":"https:\/\/www.chateau-montsoreau.com\/wordpress\/it\/","og_site_name":"Ch\u00e2teau de Montsoreau-Mus\u00e9e d&#039;Art Contemporain","article_publisher":"https:\/\/www.facebook.com\/chateaudemontsoreau\/","article_modified_time":"2020-01-27T16:47:22+00:00","og_image":[{"url":"http:\/\/www.chateau-montsoreau.com\/wordpress\/wp-content\/uploads\/2014\/12\/Art-contemporain.jpg","type":"","width":"","height":""}],"twitter_card":"summary_large_image","twitter_site":"@Cmontsoreau","twitter_misc":{"Dur\u00e9e de lecture estim\u00e9e":"2 minutes"},"schema":{"@context":"https:\/\/schema.org","@graph":[{"@type":"WebPage","@id":"https:\/\/www.chateau-montsoreau.com\/wordpress\/it\/","url":"https:\/\/www.chateau-montsoreau.com\/wordpress\/it\/","name":"Home | Ch\u00e2teau de Montsoreau-Mus\u00e9e d&#039;Art Contemporain","isPartOf":{"@id":"https:\/\/www.chateau-montsoreau.com\/wordpress\/#website"},"primaryImageOfPage":{"@id":"https:\/\/www.chateau-montsoreau.com\/wordpress\/it\/#primaryimage"},"image":{"@id":"https:\/\/www.chateau-montsoreau.com\/wordpress\/it\/#primaryimage"},"thumbnailUrl":"http:\/\/www.chateau-montsoreau.com\/wordpress\/wp-content\/uploads\/2014\/12\/Art-contemporain.jpg","datePublished":"2019-09-03T15:14:23+00:00","dateModified":"2020-01-27T16:47:22+00:00","description":"La pi\u00f9 grande collezione al mondo di opere d'arte e lingua, pionieri dell'arte concettuale. Un'eccezionale collezione di arte contemporanea, a due ore da Parigi nella Valle della Loira.","breadcrumb":{"@id":"https:\/\/www.chateau-montsoreau.com\/wordpress\/it\/#breadcrumb"},"inLanguage":"fr-FR","potentialAction":[{"@type":"ReadAction","target":["https:\/\/www.chateau-montsoreau.com\/wordpress\/it\/"]}]},{"@type":"ImageObject","inLanguage":"fr-FR","@id":"https:\/\/www.chateau-montsoreau.com\/wordpress\/it\/#primaryimage","url":"http:\/\/www.chateau-montsoreau.com\/wordpress\/wp-content\/uploads\/2014\/12\/Art-contemporain.jpg","contentUrl":"http:\/\/www.chateau-montsoreau.com\/wordpress\/wp-content\/uploads\/2014\/12\/Art-contemporain.jpg"},{"@type":"BreadcrumbList","@id":"https:\/\/www.chateau-montsoreau.com\/wordpress\/it\/#breadcrumb","itemListElement":[{"@type":"ListItem","position":1,"name":"Accueil","item":"https:\/\/www.chateau-montsoreau.com\/wordpress\/fr\/"},{"@type":"ListItem","position":2,"name":"Home"}]},{"@type":"WebSite","@id":"https:\/\/www.chateau-montsoreau.com\/wordpress\/#website","url":"https:\/\/www.chateau-montsoreau.com\/wordpress\/","name":"Ch\u00e2teau de Montsoreau-Mus\u00e9e d&#039;Art Contemporain","description":"Ch\u00e2teaux de la Loire Art Contemporain Art Conceptuel","publisher":{"@id":"https:\/\/www.chateau-montsoreau.com\/wordpress\/#organization"},"potentialAction":[{"@type":"SearchAction","target":{"@type":"EntryPoint","urlTemplate":"https:\/\/www.chateau-montsoreau.com\/wordpress\/?s={search_term_string}"},"query-input":{"@type":"PropertyValueSpecification","valueRequired":true,"valueName":"search_term_string"}}],"inLanguage":"fr-FR"},{"@type":"Organization","@id":"https:\/\/www.chateau-montsoreau.com\/wordpress\/#organization","name":"Ch\u00e2teau de Montsoreau - Mus\u00e9e d'art contemporain","url":"https:\/\/www.chateau-montsoreau.com\/wordpress\/","logo":{"@type":"ImageObject","inLanguage":"fr-FR","@id":"https:\/\/www.chateau-montsoreau.com\/wordpress\/#\/schema\/logo\/image\/","url":"https:\/\/www.chateau-montsoreau.com\/wordpress\/wp-content\/uploads\/2016\/03\/Logo-Montsoreau-tout-petit-1.png","contentUrl":"https:\/\/www.chateau-montsoreau.com\/wordpress\/wp-content\/uploads\/2016\/03\/Logo-Montsoreau-tout-petit-1.png","width":133,"height":133,"caption":"Ch\u00e2teau de Montsoreau - Mus\u00e9e d'art contemporain"},"image":{"@id":"https:\/\/www.chateau-montsoreau.com\/wordpress\/#\/schema\/logo\/image\/"},"sameAs":["https:\/\/www.facebook.com\/chateaudemontsoreau\/","https:\/\/x.com\/Cmontsoreau","https:\/\/www.instagram.com\/chateaudemontsoreau\/","http:\/\/www.pinterest.com\/Cmontsoreau"]}]}},"_links":{"self":[{"href":"https:\/\/www.chateau-montsoreau.com\/wordpress\/wp-json\/wp\/v2\/pages\/6663","targetHints":{"allow":["GET"]}}],"collection":[{"href":"https:\/\/www.chateau-montsoreau.com\/wordpress\/wp-json\/wp\/v2\/pages"}],"about":[{"href":"https:\/\/www.chateau-montsoreau.com\/wordpress\/wp-json\/wp\/v2\/types\/page"}],"author":[{"embeddable":true,"href":"https:\/\/www.chateau-montsoreau.com\/wordpress\/wp-json\/wp\/v2\/users\/5"}],"replies":[{"embeddable":true,"href":"https:\/\/www.chateau-montsoreau.com\/wordpress\/wp-json\/wp\/v2\/comments?post=6663"}],"version-history":[{"count":5,"href":"https:\/\/www.chateau-montsoreau.com\/wordpress\/wp-json\/wp\/v2\/pages\/6663\/revisions"}],"predecessor-version":[{"id":7918,"href":"https:\/\/www.chateau-montsoreau.com\/wordpress\/wp-json\/wp\/v2\/pages\/6663\/revisions\/7918"}],"wp:attachment":[{"href":"https:\/\/www.chateau-montsoreau.com\/wordpress\/wp-json\/wp\/v2\/media?parent=6663"}],"curies":[{"name":"wp","href":"https:\/\/api.w.org\/{rel}","templated":true}]}}