{"id":6681,"date":"2019-09-06T09:52:37","date_gmt":"2019-09-06T08:52:37","guid":{"rendered":"http:\/\/www.chateau-montsoreau.com\/wordpress\/?page_id=6681"},"modified":"2019-11-22T15:01:41","modified_gmt":"2019-11-22T14:01:41","slug":"ristorante","status":"publish","type":"page","link":"https:\/\/www.chateau-montsoreau.com\/wordpress\/it\/ristorante\/","title":{"rendered":"Ristorante"},"content":{"rendered":"<h6 class=\"ut-title-divider \" style=\"margin-top:5px;\"><span><\/p>\n<h1>JEAN 2<\/h1>\n<p><\/span><\/h6>\n<div  class=\"ut-one-half  \">\n<p><em>Situato nelle antiche cucine del castello, il ristorante Jean 2 propone piatti a base di prodotti locali, biologici e artigianali, accompagnati da vini naturali. Ha una terrazza panoramica con vista sulla Loira.<\/em><br \/>\n<em>Chiamato JEAN 2 in omaggio a Giovanni II di Chambes &#8211; stretto consigliere di Carlo VII &#8211; che fece costruire il castello nel XV secolo &#8211; il ristorante \u00e8 diviso in <strong>due atmosfere: una sala a volta<\/strong>, accogliente, intima e rilassata, con un angolo biblioteca per divorare un fumetto o un libro d&rsquo;arte, un romanzo o una raccolta di poesie, in completa serenit\u00e0 e <strong>una terrazza<\/strong>, per le giornate estive, con una vista panoramica sulla confluenza della Vienne e della Loira.<\/em><\/p>\n<p><strong>Per quanto riguarda la cucina,<\/strong>\u00a0il ristorante Jean 2 offre una variet\u00e0 di ardesie a base di prodotti locali, biologici o artigianali, hamburger e zuppe, accompagnati da un bicchiere di vino naturale locale.<\/p>\n<p style=\"text-align: left;\"><\/div>\n<p style=\"text-align: left;\"><div  class=\"ut-one-half ut-column-last  \">\n<div id=\"attachment_5825\" style=\"width: 1510px\" class=\"wp-caption aligncenter\"><img loading=\"lazy\" decoding=\"async\" aria-describedby=\"caption-attachment-5825\" class=\"wp-image-5825 size-full\" src=\"http:\/\/www.chateau-montsoreau.com\/wordpress\/wp-content\/uploads\/2017\/10\/vin-naturel.jpg\" alt=\"Chaffardon Jean 2 Terrasse\" width=\"1500\" height=\"843\" \/><p id=\"caption-attachment-5825\" class=\"wp-caption-text\">Didier Chaffardon, Le Rouz\u00e9, 2012. Terazza del JEAN 2<\/p><\/div>\n<h4 style=\"text-align: justify;\"><\/div><div class=\"clear\"><\/div><\/h4>\n<div  class=\"ut-one-half  \">\n<strong>Per la decorazione, la musica ispira il luogo.<\/strong><br \/>\nSulle pareti, vinili da collezione ci ricordano che il movimento Art &amp; Language &#8211; le cui opere d&rsquo;avanguardia sono presentate nel museo &#8211; ha collaborato a diversi album del gruppo rock psichedelico The Red Crayola.<br \/>\nUn pianoforte \u00e8 disponibile anche per i visitatori che desiderano esercitare il loro talento.<\/p>\n<h2 style=\"text-align: justify;\"><strong>Nostra selezione di vini naturali<\/strong><\/h2>\n<p>Domaine le Clos M\u00e9laric, <em>Bille de Roche<\/em>, Ann\u00e9e 2014<br \/>\nDomaine de l\u2019Ecu, <em>Granite<\/em>, 2014<br \/>\nDomaine de l\u2019Ecu, <em>Orthogneiss<\/em>, 2014\u00a0 \u00a0\u00a0\u00a0\u00a0\u00a0\u00a0\u00a0\u00a0\u00a0\u00a0\u00a0\u00a0\u00a0\u00a0\u00a0\u00a0\u00a0\u00a0\u00a0\u00a0\u00a0\u00a0\u00a0\u00a0\u00a0\u00a0\u00a0\u00a0\u00a0\u00a0\u00a0\u00a0\u00a0\u00a0\u00a0\u00a0\u00a0\u00a0\u00a0\u00a0\u00a0\u00a0 <strong><br \/>\n<\/strong>Domaine L\u00e9onis, <em>Buissonnante<\/em>, 2015<br \/>\nDomaine de la Chevalerie, <em>Diptyque<\/em>, 2014<br \/>\nDomaine Bordes, <em>les Marys<\/em>, 2013<br \/>\nDomaine Gramenon, <em>Poign\u00e9e de Raisins<\/em>, 2015\u00a0 \u00a0\u00a0\u00a0\u00a0\u00a0\u00a0\u00a0\u00a0\u00a0\u00a0\u00a0\u00a0\u00a0\u00a0\u00a0\u00a0\u00a0\u00a0\u00a0\u00a0\u00a0\u00a0 <strong><br \/>\n<\/strong>Domaine le Sot de l\u2019Ange, <em>Sottise<\/em>, 2015<strong>\u00a0\u00a0\u00a0\u00a0\u00a0\u00a0\u00a0\u00a0\u00a0\u00a0 <\/strong><strong><br \/>\n<\/strong>Domaine de la Paleine<strong><br \/>\n<\/strong>Domaine la Tour Grise, <em>Ze Bulle Z\u00e9ro Point\u00e9<\/em><br \/>\nDidier Chaffardon, <em>Clopin Clopant\u00a0\u00a0\u00a0<\/em>\u00a0\u00a0\u00a0\u00a0\u00a0\u00a0\u00a0\u00a0\u00a0\u00a0\u00a0\u00a0\u00a0\u00a0\u00a0\u00a0\u00a0\u00a0\u00a0\u00a0\u00a0\u00a0\u00a0\u00a0\u00a0\u00a0\u00a0\u00a0\u00a0\u00a0\u00a0\u00a0\u00a0\u00a0\u00a0\u00a0\u00a0\u00a0\u00a0\u00a0\u00a0\u00a0\u00a0\u00a0\u00a0\u00a0\u00a0\u00a0\u00a0\u00a0\u00a0\u00a0\u00a0\u00a0\u00a0\u00a0\u00a0\u00a0\u00a0\u00a0\u00a0\u00a0\u00a0\u00a0\u00a0\u00a0\u00a0\u00a0\u00a0\u00a0\u00a0\u00a0\u00a0\u00a0\u00a0\u00a0\u00a0\u00a0\u00a0\u00a0\u00a0\u00a0\u00a0\u00a0\u00a0\u00a0\u00a0\u00a0 <strong><br \/>\n<\/strong>Domaine le Sot de l\u2019Ange, <em>Red is Dead<\/em><strong><em>\u00a0\u00a0<\/em>\u00a0\u00a0\u00a0<\/strong><\/p>\n<p>&nbsp;<\/p>\n<h2><strong>Mangiare\u00a0<\/strong><\/h2>\n<p><strong>Ardesia di formaggi biologici e\/o salumi<\/strong> (<em>rillettes di Thiol, prosciutto, salsiccia, rillauds di Branchereau, andouille di Bernardeau, formaggio di capra del caseificio del Haut Cru\u00e9<\/em>): 15\u20ac.<br \/>\n<strong>Hamburger<\/strong><br \/>\nIl classico: 13,50\u20ac.<br \/>\nIl vegetariano:patatine fritte fatte in casa : 13,50\u20ac<br \/>\n<strong>Steack Tartaro:<\/strong> 16\u20ac<br \/>\n<strong>Grande insalata di stagione:<\/strong> 11\u20ac<\/p>\n<h2><strong>Gruppi<\/strong><\/h2>\n<p>JEAN 2 \u00e8 aperto tutto l&rsquo;anno su prenotazione per gruppi. E&rsquo; possibile privatizzare la sala (35 persone) e la terrazza (45 persone) per pranzi e cene.<\/p>\n<p><strong>Menu a 15\u20ac<\/strong><br \/>\nZuppa di Montsoreau<br \/>\nArdesia di formaggi e salumi<br \/>\nDessert fatto in casa<\/p>\n<p><strong>Menu a 25\u20ac<\/strong><br \/>\nZuppa di carote Lea Linster<br \/>\nArdesia di salumi<br \/>\nFormaggio di capra del caseificio del Haut Cru\u00e9<br \/>\nTorta di prugne di Ma\u00eetre Bernard<\/p>\n<h2>Informazioni \/ prenotazioni<\/h2>\n<p><strong>Orari di apertura <\/strong><\/p>\n<p>APRILE &#8211; MAGGIO &#8211; GIUGNO\u00a0 &#8211; SETTEMBRE<br \/>\nLuned\u00ec: pranzo<br \/>\nDa gioved\u00ec a sabato: pranzo e cena<br \/>\nDomenica: pranzo<br \/>\nchiuso il marted\u00ec e mercoled\u00ec<\/p>\n<p>LUGLIO &#8211; AGOSTO<br \/>\nLuned\u00ec: pranzo e cena<br \/>\nDa gioved\u00ec a sabato: pranzo e cena<br \/>\nDomenica: pranzo<br \/>\nchiuso il marted\u00ec e mercoled\u00ec<\/p>\n<p>OTTOBRE-NOVEMBRE-DICEMBRE<br \/>\nLuned\u00ec: ora di pranzo<br \/>\nMarted\u00ec: pranzo e cena<br \/>\nVenerd\u00ec e sabato: pranzo e cena<br \/>\nDomenica: ora di pranzo<br \/>\nchiuso il mercoled\u00ec e gioved\u00ec<\/p>\n<p>Passage du marquis de Geoffre &#8211; 49730 Montsoreau<br \/>\nIngresso (gratuito). Si entra dalla biglietteria del museo.<br \/>\nPrenotazioni al 02 41 67 12 60<br \/>\njean2.chateaudemontsoreau@gmail.com<\/p>\n<p>Seguici su Facebook :<\/p>\n<p><img loading=\"lazy\" decoding=\"async\" class=\"wp-image-5379 alignleft\" src=\"http:\/\/www.chateau-montsoreau.com\/wordpress\/wp-content\/uploads\/2016\/03\/fb_icon_325x325-300x300.png\" alt=\"fb_icon_325x325\" width=\"48\" height=\"48\" srcset=\"https:\/\/www.chateau-montsoreau.com\/wordpress\/wp-content\/uploads\/2016\/03\/fb_icon_325x325-300x300.png 300w, https:\/\/www.chateau-montsoreau.com\/wordpress\/wp-content\/uploads\/2016\/03\/fb_icon_325x325-100x100.png 100w, https:\/\/www.chateau-montsoreau.com\/wordpress\/wp-content\/uploads\/2016\/03\/fb_icon_325x325-150x150.png 150w, https:\/\/www.chateau-montsoreau.com\/wordpress\/wp-content\/uploads\/2016\/03\/fb_icon_325x325.png 325w\" sizes=\"auto, (max-width: 48px) 100vw, 48px\" \/><\/p>\n<p>&nbsp;<\/p>\n<\/div>\n<div  class=\"ut-one-half ut-column-last  \">\n<p><img loading=\"lazy\" decoding=\"async\" class=\"aligncenter wp-image-5619 \" src=\"http:\/\/www.chateau-montsoreau.com\/wordpress\/wp-content\/uploads\/2016\/03\/soup-1905734_1920.jpg\" alt=\"soup-1905734_1920\" width=\"558\" height=\"372\" \/><\/p>\n<h4 style=\"text-align: justify;\">\u00a0<img loading=\"lazy\" decoding=\"async\" class=\"aligncenter wp-image-5956\" src=\"http:\/\/www.chateau-montsoreau.com\/wordpress\/wp-content\/uploads\/2016\/03\/P_20170814_123729-300x169.jpg\" alt=\"\" width=\"558\" height=\"314\" srcset=\"https:\/\/www.chateau-montsoreau.com\/wordpress\/wp-content\/uploads\/2016\/03\/P_20170814_123729-300x169.jpg 300w, https:\/\/www.chateau-montsoreau.com\/wordpress\/wp-content\/uploads\/2016\/03\/P_20170814_123729-600x338.jpg 600w, https:\/\/www.chateau-montsoreau.com\/wordpress\/wp-content\/uploads\/2016\/03\/P_20170814_123729-768x432.jpg 768w, https:\/\/www.chateau-montsoreau.com\/wordpress\/wp-content\/uploads\/2016\/03\/P_20170814_123729-1024x576.jpg 1024w\" sizes=\"auto, (max-width: 558px) 100vw, 558px\" \/><\/h4>\n<p><div id=\"attachment_5652\" style=\"width: 588px\" class=\"wp-caption alignnone\"><img loading=\"lazy\" decoding=\"async\" aria-describedby=\"caption-attachment-5652\" class=\" wp-image-5652\" src=\"http:\/\/www.chateau-montsoreau.com\/wordpress\/wp-content\/uploads\/2016\/03\/hamburger-maison-1036722_origin-300x200.jpg\" alt=\"Homemade cheeseburger with fried minced meat and spicy carrot salad on a cutting board on rustic wooden background.Copy space.\" width=\"578\" height=\"385\" \/><p id=\"caption-attachment-5652\" class=\"wp-caption-text\"><strong> \u00a0 \u00a0 \u00a0 \u00a0 \u00a0 \u00a0 \u00a0 \u00a0 \u00a0 \u00a0 \u00a0 \u00a0 \u00a0 \u00a0<\/strong><\/p><\/div><\/p>\n<p><img loading=\"lazy\" decoding=\"async\" class=\"aligncenter wp-image-5214\" src=\"http:\/\/www.chateau-montsoreau.com\/wordpress\/wp-content\/uploads\/2016\/03\/Jean-grande-ardoise-de-cochonnailles-300x169.jpg\" alt=\"\" width=\"558\" height=\"314\" \/><\/p>\n<p style=\"text-align: justify;\"><\/div><div class=\"clear\"><\/div>\n<p>,,<\/p>\n","protected":false},"excerpt":{"rendered":"<p>,,<\/p>\n","protected":false},"author":5,"featured_media":0,"parent":0,"menu_order":3,"comment_status":"closed","ping_status":"closed","template":"","meta":{"footnotes":""},"class_list":["post-6681","page","type-page","status-publish","hentry"],"yoast_head":"<!-- This site is optimized with the Yoast SEO plugin v27.5 - https:\/\/yoast.com\/product\/yoast-seo-wordpress\/ -->\n<title>Ristorante | Ch\u00e2teau de Montsoreau-Mus\u00e9e d&#039;Art Contemporain<\/title>\n<meta name=\"robots\" content=\"index, follow, max-snippet:-1, max-image-preview:large, max-video-preview:-1\" \/>\n<link rel=\"canonical\" href=\"https:\/\/www.chateau-montsoreau.com\/wordpress\/it\/ristorante\/\" \/>\n<meta property=\"og:locale\" content=\"fr_FR\" \/>\n<meta property=\"og:type\" content=\"article\" \/>\n<meta property=\"og:title\" content=\"Ristorante | Ch\u00e2teau de Montsoreau-Mus\u00e9e d&#039;Art Contemporain\" \/>\n<meta property=\"og:description\" content=\",,\" \/>\n<meta property=\"og:url\" content=\"https:\/\/www.chateau-montsoreau.com\/wordpress\/it\/ristorante\/\" \/>\n<meta property=\"og:site_name\" content=\"Ch\u00e2teau de Montsoreau-Mus\u00e9e d&#039;Art Contemporain\" \/>\n<meta property=\"article:publisher\" content=\"https:\/\/www.facebook.com\/chateaudemontsoreau\/\" \/>\n<meta property=\"article:modified_time\" content=\"2019-11-22T14:01:41+00:00\" \/>\n<meta property=\"og:image\" content=\"http:\/\/www.chateau-montsoreau.com\/wordpress\/wp-content\/uploads\/2017\/10\/vin-naturel.jpg\" \/>\n<meta name=\"twitter:card\" content=\"summary_large_image\" \/>\n<meta name=\"twitter:site\" content=\"@Cmontsoreau\" \/>\n<meta name=\"twitter:label1\" content=\"Dur\u00e9e de lecture estim\u00e9e\" \/>\n\t<meta name=\"twitter:data1\" content=\"3 minutes\" \/>\n<script type=\"application\/ld+json\" class=\"yoast-schema-graph\">{\"@context\":\"https:\\\/\\\/schema.org\",\"@graph\":[{\"@type\":\"WebPage\",\"@id\":\"https:\\\/\\\/www.chateau-montsoreau.com\\\/wordpress\\\/it\\\/ristorante\\\/\",\"url\":\"https:\\\/\\\/www.chateau-montsoreau.com\\\/wordpress\\\/it\\\/ristorante\\\/\",\"name\":\"Ristorante | Ch\u00e2teau de Montsoreau-Mus\u00e9e d&#039;Art Contemporain\",\"isPartOf\":{\"@id\":\"https:\\\/\\\/www.chateau-montsoreau.com\\\/wordpress\\\/#website\"},\"primaryImageOfPage\":{\"@id\":\"https:\\\/\\\/www.chateau-montsoreau.com\\\/wordpress\\\/it\\\/ristorante\\\/#primaryimage\"},\"image\":{\"@id\":\"https:\\\/\\\/www.chateau-montsoreau.com\\\/wordpress\\\/it\\\/ristorante\\\/#primaryimage\"},\"thumbnailUrl\":\"http:\\\/\\\/www.chateau-montsoreau.com\\\/wordpress\\\/wp-content\\\/uploads\\\/2017\\\/10\\\/vin-naturel.jpg\",\"datePublished\":\"2019-09-06T08:52:37+00:00\",\"dateModified\":\"2019-11-22T14:01:41+00:00\",\"breadcrumb\":{\"@id\":\"https:\\\/\\\/www.chateau-montsoreau.com\\\/wordpress\\\/it\\\/ristorante\\\/#breadcrumb\"},\"inLanguage\":\"fr-FR\",\"potentialAction\":[{\"@type\":\"ReadAction\",\"target\":[\"https:\\\/\\\/www.chateau-montsoreau.com\\\/wordpress\\\/it\\\/ristorante\\\/\"]}]},{\"@type\":\"ImageObject\",\"inLanguage\":\"fr-FR\",\"@id\":\"https:\\\/\\\/www.chateau-montsoreau.com\\\/wordpress\\\/it\\\/ristorante\\\/#primaryimage\",\"url\":\"\",\"contentUrl\":\"\",\"caption\":\"Didier Chaffardon, Rouze, 2012. Terrace of the John 2\"},{\"@type\":\"BreadcrumbList\",\"@id\":\"https:\\\/\\\/www.chateau-montsoreau.com\\\/wordpress\\\/it\\\/ristorante\\\/#breadcrumb\",\"itemListElement\":[{\"@type\":\"ListItem\",\"position\":1,\"name\":\"Accueil\",\"item\":\"https:\\\/\\\/www.chateau-montsoreau.com\\\/wordpress\\\/fr\\\/\"},{\"@type\":\"ListItem\",\"position\":2,\"name\":\"Ristorante\"}]},{\"@type\":\"WebSite\",\"@id\":\"https:\\\/\\\/www.chateau-montsoreau.com\\\/wordpress\\\/#website\",\"url\":\"https:\\\/\\\/www.chateau-montsoreau.com\\\/wordpress\\\/\",\"name\":\"Ch\u00e2teau de Montsoreau-Mus\u00e9e d&#039;Art Contemporain\",\"description\":\"Ch\u00e2teaux de la Loire Art Contemporain Art Conceptuel\",\"publisher\":{\"@id\":\"https:\\\/\\\/www.chateau-montsoreau.com\\\/wordpress\\\/#organization\"},\"potentialAction\":[{\"@type\":\"SearchAction\",\"target\":{\"@type\":\"EntryPoint\",\"urlTemplate\":\"https:\\\/\\\/www.chateau-montsoreau.com\\\/wordpress\\\/?s={search_term_string}\"},\"query-input\":{\"@type\":\"PropertyValueSpecification\",\"valueRequired\":true,\"valueName\":\"search_term_string\"}}],\"inLanguage\":\"fr-FR\"},{\"@type\":\"Organization\",\"@id\":\"https:\\\/\\\/www.chateau-montsoreau.com\\\/wordpress\\\/#organization\",\"name\":\"Ch\u00e2teau de Montsoreau - Mus\u00e9e d'art contemporain\",\"url\":\"https:\\\/\\\/www.chateau-montsoreau.com\\\/wordpress\\\/\",\"logo\":{\"@type\":\"ImageObject\",\"inLanguage\":\"fr-FR\",\"@id\":\"https:\\\/\\\/www.chateau-montsoreau.com\\\/wordpress\\\/#\\\/schema\\\/logo\\\/image\\\/\",\"url\":\"https:\\\/\\\/www.chateau-montsoreau.com\\\/wordpress\\\/wp-content\\\/uploads\\\/2016\\\/03\\\/Logo-Montsoreau-tout-petit-1.png\",\"contentUrl\":\"https:\\\/\\\/www.chateau-montsoreau.com\\\/wordpress\\\/wp-content\\\/uploads\\\/2016\\\/03\\\/Logo-Montsoreau-tout-petit-1.png\",\"width\":133,\"height\":133,\"caption\":\"Ch\u00e2teau de Montsoreau - Mus\u00e9e d'art contemporain\"},\"image\":{\"@id\":\"https:\\\/\\\/www.chateau-montsoreau.com\\\/wordpress\\\/#\\\/schema\\\/logo\\\/image\\\/\"},\"sameAs\":[\"https:\\\/\\\/www.facebook.com\\\/chateaudemontsoreau\\\/\",\"https:\\\/\\\/x.com\\\/Cmontsoreau\",\"https:\\\/\\\/www.instagram.com\\\/chateaudemontsoreau\\\/\",\"http:\\\/\\\/www.pinterest.com\\\/Cmontsoreau\"]}]}<\/script>\n<!-- \/ Yoast SEO plugin. -->","yoast_head_json":{"title":"Ristorante | Ch\u00e2teau de Montsoreau-Mus\u00e9e d&#039;Art Contemporain","robots":{"index":"index","follow":"follow","max-snippet":"max-snippet:-1","max-image-preview":"max-image-preview:large","max-video-preview":"max-video-preview:-1"},"canonical":"https:\/\/www.chateau-montsoreau.com\/wordpress\/it\/ristorante\/","og_locale":"fr_FR","og_type":"article","og_title":"Ristorante | Ch\u00e2teau de Montsoreau-Mus\u00e9e d&#039;Art Contemporain","og_description":",,","og_url":"https:\/\/www.chateau-montsoreau.com\/wordpress\/it\/ristorante\/","og_site_name":"Ch\u00e2teau de Montsoreau-Mus\u00e9e d&#039;Art Contemporain","article_publisher":"https:\/\/www.facebook.com\/chateaudemontsoreau\/","article_modified_time":"2019-11-22T14:01:41+00:00","og_image":[{"url":"http:\/\/www.chateau-montsoreau.com\/wordpress\/wp-content\/uploads\/2017\/10\/vin-naturel.jpg","type":"","width":"","height":""}],"twitter_card":"summary_large_image","twitter_site":"@Cmontsoreau","twitter_misc":{"Dur\u00e9e de lecture estim\u00e9e":"3 minutes"},"schema":{"@context":"https:\/\/schema.org","@graph":[{"@type":"WebPage","@id":"https:\/\/www.chateau-montsoreau.com\/wordpress\/it\/ristorante\/","url":"https:\/\/www.chateau-montsoreau.com\/wordpress\/it\/ristorante\/","name":"Ristorante | Ch\u00e2teau de Montsoreau-Mus\u00e9e d&#039;Art Contemporain","isPartOf":{"@id":"https:\/\/www.chateau-montsoreau.com\/wordpress\/#website"},"primaryImageOfPage":{"@id":"https:\/\/www.chateau-montsoreau.com\/wordpress\/it\/ristorante\/#primaryimage"},"image":{"@id":"https:\/\/www.chateau-montsoreau.com\/wordpress\/it\/ristorante\/#primaryimage"},"thumbnailUrl":"http:\/\/www.chateau-montsoreau.com\/wordpress\/wp-content\/uploads\/2017\/10\/vin-naturel.jpg","datePublished":"2019-09-06T08:52:37+00:00","dateModified":"2019-11-22T14:01:41+00:00","breadcrumb":{"@id":"https:\/\/www.chateau-montsoreau.com\/wordpress\/it\/ristorante\/#breadcrumb"},"inLanguage":"fr-FR","potentialAction":[{"@type":"ReadAction","target":["https:\/\/www.chateau-montsoreau.com\/wordpress\/it\/ristorante\/"]}]},{"@type":"ImageObject","inLanguage":"fr-FR","@id":"https:\/\/www.chateau-montsoreau.com\/wordpress\/it\/ristorante\/#primaryimage","url":"","contentUrl":"","caption":"Didier Chaffardon, Rouze, 2012. Terrace of the John 2"},{"@type":"BreadcrumbList","@id":"https:\/\/www.chateau-montsoreau.com\/wordpress\/it\/ristorante\/#breadcrumb","itemListElement":[{"@type":"ListItem","position":1,"name":"Accueil","item":"https:\/\/www.chateau-montsoreau.com\/wordpress\/fr\/"},{"@type":"ListItem","position":2,"name":"Ristorante"}]},{"@type":"WebSite","@id":"https:\/\/www.chateau-montsoreau.com\/wordpress\/#website","url":"https:\/\/www.chateau-montsoreau.com\/wordpress\/","name":"Ch\u00e2teau de Montsoreau-Mus\u00e9e d&#039;Art Contemporain","description":"Ch\u00e2teaux de la Loire Art Contemporain Art Conceptuel","publisher":{"@id":"https:\/\/www.chateau-montsoreau.com\/wordpress\/#organization"},"potentialAction":[{"@type":"SearchAction","target":{"@type":"EntryPoint","urlTemplate":"https:\/\/www.chateau-montsoreau.com\/wordpress\/?s={search_term_string}"},"query-input":{"@type":"PropertyValueSpecification","valueRequired":true,"valueName":"search_term_string"}}],"inLanguage":"fr-FR"},{"@type":"Organization","@id":"https:\/\/www.chateau-montsoreau.com\/wordpress\/#organization","name":"Ch\u00e2teau de Montsoreau - Mus\u00e9e d'art contemporain","url":"https:\/\/www.chateau-montsoreau.com\/wordpress\/","logo":{"@type":"ImageObject","inLanguage":"fr-FR","@id":"https:\/\/www.chateau-montsoreau.com\/wordpress\/#\/schema\/logo\/image\/","url":"https:\/\/www.chateau-montsoreau.com\/wordpress\/wp-content\/uploads\/2016\/03\/Logo-Montsoreau-tout-petit-1.png","contentUrl":"https:\/\/www.chateau-montsoreau.com\/wordpress\/wp-content\/uploads\/2016\/03\/Logo-Montsoreau-tout-petit-1.png","width":133,"height":133,"caption":"Ch\u00e2teau de Montsoreau - Mus\u00e9e d'art contemporain"},"image":{"@id":"https:\/\/www.chateau-montsoreau.com\/wordpress\/#\/schema\/logo\/image\/"},"sameAs":["https:\/\/www.facebook.com\/chateaudemontsoreau\/","https:\/\/x.com\/Cmontsoreau","https:\/\/www.instagram.com\/chateaudemontsoreau\/","http:\/\/www.pinterest.com\/Cmontsoreau"]}]}},"_links":{"self":[{"href":"https:\/\/www.chateau-montsoreau.com\/wordpress\/wp-json\/wp\/v2\/pages\/6681","targetHints":{"allow":["GET"]}}],"collection":[{"href":"https:\/\/www.chateau-montsoreau.com\/wordpress\/wp-json\/wp\/v2\/pages"}],"about":[{"href":"https:\/\/www.chateau-montsoreau.com\/wordpress\/wp-json\/wp\/v2\/types\/page"}],"author":[{"embeddable":true,"href":"https:\/\/www.chateau-montsoreau.com\/wordpress\/wp-json\/wp\/v2\/users\/5"}],"replies":[{"embeddable":true,"href":"https:\/\/www.chateau-montsoreau.com\/wordpress\/wp-json\/wp\/v2\/comments?post=6681"}],"version-history":[{"count":4,"href":"https:\/\/www.chateau-montsoreau.com\/wordpress\/wp-json\/wp\/v2\/pages\/6681\/revisions"}],"predecessor-version":[{"id":7124,"href":"https:\/\/www.chateau-montsoreau.com\/wordpress\/wp-json\/wp\/v2\/pages\/6681\/revisions\/7124"}],"wp:attachment":[{"href":"https:\/\/www.chateau-montsoreau.com\/wordpress\/wp-json\/wp\/v2\/media?parent=6681"}],"curies":[{"name":"wp","href":"https:\/\/api.w.org\/{rel}","templated":true}]}}