{"id":6683,"date":"2019-09-06T09:59:55","date_gmt":"2019-09-06T08:59:55","guid":{"rendered":"http:\/\/www.chateau-montsoreau.com\/wordpress\/?page_id=6683"},"modified":"2019-09-11T16:49:58","modified_gmt":"2019-09-11T15:49:58","slug":"libreria-2","status":"publish","type":"page","link":"https:\/\/www.chateau-montsoreau.com\/wordpress\/it\/libreria-2\/","title":{"rendered":"Libreria"},"content":{"rendered":"<p>Situata nel cuore del museo, la libreria \u00e8 in accesso libero.<br \/>\nIn un&rsquo;atmosfera rilassata, propizia alla scoperta, la libreria offre un&rsquo;ampia scelta di libri, dalle riviste specializzate ai libri di scoperta sull&rsquo;arte, le scienze umane, la filosofia o la gastronomia.<br \/>\nUna sezione dedicata al pubblico giovane offre giochi e libri per iniziare i bambini all&rsquo;arte e alla storia.<br \/>\nFa luce sulle proposte artistiche e sull&rsquo;attualit\u00e0 del museo proponendo cataloghi di mostre temporanee.<br \/>\nIl nostro team \u00e8 qui per condividere con voi i suoi piaceri di lettura.<\/p>\n<p>Il bookshop organizza regolarmente incontri con gli autori, dediche e conferenze.<br \/>\nPer essere sempre aggiornati, seguici su Facebook:<\/p>\n<p style=\"text-align: left;\"><a href=\"https:\/\/www.facebook.com\/chateaudemontsoreau\/?ref=bookmarks\"><img loading=\"lazy\" decoding=\"async\" class=\"alignnone wp-image-5379\" src=\"http:\/\/www.chateau-montsoreau.com\/wordpress\/wp-content\/uploads\/2016\/03\/fb_icon_325x325-300x300.png\" alt=\"\" width=\"18\" height=\"18\" srcset=\"https:\/\/www.chateau-montsoreau.com\/wordpress\/wp-content\/uploads\/2016\/03\/fb_icon_325x325-300x300.png 300w, https:\/\/www.chateau-montsoreau.com\/wordpress\/wp-content\/uploads\/2016\/03\/fb_icon_325x325-100x100.png 100w, https:\/\/www.chateau-montsoreau.com\/wordpress\/wp-content\/uploads\/2016\/03\/fb_icon_325x325-150x150.png 150w, https:\/\/www.chateau-montsoreau.com\/wordpress\/wp-content\/uploads\/2016\/03\/fb_icon_325x325.png 325w\" sizes=\"auto, (max-width: 18px) 100vw, 18px\" \/><\/a><\/p>\n<p><img loading=\"lazy\" decoding=\"async\" class=\"aligncenter wp-image-5336 size-large\" src=\"http:\/\/www.chateau-montsoreau.com\/wordpress\/wp-content\/uploads\/2016\/10\/boutique-1024x768.jpg\" alt=\"boutique\" width=\"1024\" height=\"768\" \/><\/p>\n<h3 style=\"text-align: center;\"><\/h3>\n<p style=\"text-align: left;\">La libreria offre anche una scelta di regali e oggetti per un regalo inaspettato e di qualit\u00e0.<\/p>\n<div  class=\"ut-one-half  \"> <img loading=\"lazy\" decoding=\"async\" class=\"aligncenter wp-image-5339 size-full\" src=\"http:\/\/www.chateau-montsoreau.com\/wordpress\/wp-content\/uploads\/2016\/10\/le-buisson.jpg\" alt=\"\" width=\"1000\" height=\"1500\" \/> <\/div>\n<div  class=\"ut-one-half ut-column-last  \">\n<p><img loading=\"lazy\" decoding=\"async\" class=\"aligncenter wp-image-5388 \" src=\"http:\/\/www.chateau-montsoreau.com\/wordpress\/wp-content\/uploads\/2016\/03\/Jacques-Halbert-2.jpg\" alt=\"jacques-halbert-2\" width=\"820\" height=\"574\" srcset=\"https:\/\/www.chateau-montsoreau.com\/wordpress\/wp-content\/uploads\/2016\/03\/Jacques-Halbert-2.jpg 500w, https:\/\/www.chateau-montsoreau.com\/wordpress\/wp-content\/uploads\/2016\/03\/Jacques-Halbert-2-300x210.jpg 300w\" sizes=\"auto, (max-width: 820px) 100vw, 820px\" \/><\/p>\n<h2 style=\"text-align: justify;\">Un anno, una vetrina, un artista<\/h2>\n<p style=\"text-align: justify;\">Ogni anno la libreria dedica una delle sue vetrine ad un artista affermato. Nel 2016, la libreria-boutique metter\u00e0 in risalto l&rsquo;artista Jacques Halbert attraverso le sue opere gastronomiche ed emblematiche con motivi di ciliegio.<br \/>\nJacques Halbert \u00e8 nato nel 1955 a Bourgueil. Dopo aver trascorso circa vent&rsquo;anni negli Stati Uniti, attualmente vive e lavora a Candes-Saint-Martin. \u00ab\u00a0Fu nel 1975 che dipinse la sua prima ciliegia. Da quel momento in poi, questo soggetto avido non smetter\u00e0 pi\u00f9 di alimentare la sua prolifica opera, animando la superficie monocromatica, preferibilmente blu, delle sue tele con ritmi regolari o composizioni casuali. Il motivo della ciliegia come rivendicazione della sua posizione artistica porta l&rsquo;artista dalla pittura alla performance, dalla Francia agli Stati Uniti, condividendo con lui l&rsquo;avventura di Fluxus o associandosi alle esperienze della Eat Art, ma tutte le strade esplorate, come i diversi media e supporti utilizzati, non potrebbero mai detronizzare il profondo attaccamento dell&rsquo;artista alla pittura, che per lui rimane la pratica fondante. Allo stesso modo, se si rivolge regolarmente ad altri soggetti altrettanto culinari, come i piselli, le patate da affumicatura o i quadri gratinati, la ciliegia \u00e8 l&rsquo;unico motivo che \u00e8 stato usato continuamente nel suo lavoro negli ultimi trent&rsquo;anni\u00a0\u00bb. (Delphine Masson).<\/p>\n<\/div><div class=\"clear\"><\/div>\n<div  class=\"ut-one-half  \">\n<h2 style=\"text-align: justify;\"><strong>Les bijoux \u00ab\u00a0Le Buisson\u00a0\u00bb<\/strong><\/h2>\n<p style=\"text-align: justify;\">Per lo shopping, la libreria presenta le creazioni di <a href=\"http:\/\/www.lebuissonparis.com\/\">Le Buisson<\/a>, editore di gioielli preziosi, con un design originale.<br \/>\nI gioielli Le Buisson traggono dall&rsquo;immaginario contemporaneo un altro modo di pensare alle funzioni senza tempo del set di gioielli. Oggetti da toccare quanto da guardare, questi sono i talismani di oggi. Uniscono umorismo e sobriet\u00e0, invenzione formale e perfetta esecuzione. Lussuose, rimangono semplici ed eleganti. Sono gioielli intelligenti e gioiosi che possono essere indossati senza affettazione. Gioielli da uomo e da donna, hanno in comune l&rsquo;originalit\u00e0 del concetto e la perfetta qualit\u00e0 della realizzazione.<br \/>\nLa collezione \u00e8 disegnata da Matali Crasset, Genevi\u00e8ve Gauckler, Th\u00e9o Mercier, Petra Mrzyk &amp; Jean-Fran\u00e7ois Moriceau, Pupsam e Jean-Luc Verna.<br \/>\n<strong><br \/>\n<\/strong><\/p>\n<\/div>\n<div  class=\"ut-one-half ut-column-last  \">\n<p>&nbsp;<\/p>\n<h2>Dana Wyse: rendere tutti i vostri desideri che si avverano<\/h2>\n<p>Dana Wyse \u00e8 una scrittrice e artista canadese. Nel 1991 ha conseguito la laurea in Belle Arti presso la University of British Columbia. Vive e lavora a Vancouver, Canada.<br \/>\nNel 1996, Wyse ha iniziato il suo lavoro pi\u00f9 noto, un&rsquo;installazione sul tema della pillola chiamata <em>Jesus Had A Sister Production<\/em>. Si tratta di un <em>work in progress<\/em> a cui l&rsquo;artista aggiunge ogni anno nuovi elementi. Con umorismo e ironia, la farmacia di Dana Wyse affronta temi universali come il genere, la razza, l&rsquo;esistenza, la spiritualit\u00e0, la morte, la politica, la sessualit\u00e0, l&rsquo;identit\u00e0, i sogni e la guerra. Il suo lavoro seziona anche le relazioni umane come la fiducia, l&rsquo;amore, la comunicazione, il piacere e il potere. La ricerca utopica dell&rsquo;uomo per la perfezione, immediatamente raggiungibile, \u00e8 la filosofia di fondo di <em>Jesus Had A Sister Productions<\/em>. Negli anni &rsquo;60, Dana Wyse ha inserito nel suo lavoro immagini pubblicitarie per sottolineare l&rsquo;assurdit\u00e0 di queste immagini e il desiderio degli uomini per lo shopping e il consumo di massa.<br \/>\nWyse \u00e8 co-autore di due libri.<\/p>\n<p><img loading=\"lazy\" decoding=\"async\" class=\"aligncenter wp-image-5904 size-full\" src=\"http:\/\/www.chateau-montsoreau.com\/wordpress\/wp-content\/uploads\/2016\/03\/STAY-IN-LOVE-copyright-1998.jpg\" alt=\"\" width=\"1500\" height=\"1975\" \/><\/p>\n<p><strong>Libreria<\/strong><br \/>\nTel : + 33 (0)2 41 67 12 60<br \/>\ncontact.chateaudemontsoreau@gmail.com<\/p>\n<p>&nbsp;<\/p>\n<\/div><div class=\"clear\"><\/div>\n<p>&nbsp;<\/p>\n<p>&nbsp;<\/p>\n<p style=\"text-align: center;\">\n","protected":false},"excerpt":{"rendered":"<p>Situata nel cuore del museo, la libreria \u00e8 in accesso libero. In un&rsquo;atmosfera rilassata, propizia alla scoperta, la libreria offre un&rsquo;ampia scelta di libri, dalle riviste specializzate ai libri di scoperta sull&rsquo;arte, le scienze umane, la filosofia o la gastronomia. Una sezione dedicata al pubblico giovane offre giochi e libri per iniziare i bambini all&rsquo;arte [&hellip;]<\/p>\n","protected":false},"author":5,"featured_media":0,"parent":0,"menu_order":5,"comment_status":"closed","ping_status":"closed","template":"","meta":{"footnotes":""},"class_list":["post-6683","page","type-page","status-publish","hentry"],"yoast_head":"<!-- This site is optimized with the Yoast SEO plugin v27.3 - https:\/\/yoast.com\/product\/yoast-seo-wordpress\/ -->\n<title>Libreria | Ch\u00e2teau de Montsoreau-Mus\u00e9e d&#039;Art Contemporain<\/title>\n<meta name=\"robots\" content=\"index, follow, max-snippet:-1, max-image-preview:large, max-video-preview:-1\" \/>\n<link rel=\"canonical\" href=\"https:\/\/www.chateau-montsoreau.com\/wordpress\/it\/libreria-2\/\" \/>\n<meta property=\"og:locale\" content=\"fr_FR\" \/>\n<meta property=\"og:type\" content=\"article\" \/>\n<meta property=\"og:title\" content=\"Libreria | Ch\u00e2teau de Montsoreau-Mus\u00e9e d&#039;Art Contemporain\" \/>\n<meta property=\"og:description\" content=\"Situata nel cuore del museo, la libreria \u00e8 in accesso libero. In un&rsquo;atmosfera rilassata, propizia alla scoperta, la libreria offre un&rsquo;ampia scelta di libri, dalle riviste specializzate ai libri di scoperta sull&rsquo;arte, le scienze umane, la filosofia o la gastronomia. Una sezione dedicata al pubblico giovane offre giochi e libri per iniziare i bambini all&rsquo;arte [&hellip;]\" \/>\n<meta property=\"og:url\" content=\"https:\/\/www.chateau-montsoreau.com\/wordpress\/it\/libreria-2\/\" \/>\n<meta property=\"og:site_name\" content=\"Ch\u00e2teau de Montsoreau-Mus\u00e9e d&#039;Art Contemporain\" \/>\n<meta property=\"article:publisher\" content=\"https:\/\/www.facebook.com\/chateaudemontsoreau\/\" \/>\n<meta property=\"article:modified_time\" content=\"2019-09-11T15:49:58+00:00\" \/>\n<meta property=\"og:image\" content=\"http:\/\/www.chateau-montsoreau.com\/wordpress\/wp-content\/uploads\/2016\/03\/fb_icon_325x325-300x300.png\" \/>\n<meta name=\"twitter:card\" content=\"summary_large_image\" \/>\n<meta name=\"twitter:site\" content=\"@Cmontsoreau\" \/>\n<meta name=\"twitter:label1\" content=\"Dur\u00e9e de lecture estim\u00e9e\" \/>\n\t<meta name=\"twitter:data1\" content=\"3 minutes\" \/>\n<script type=\"application\/ld+json\" class=\"yoast-schema-graph\">{\"@context\":\"https:\\\/\\\/schema.org\",\"@graph\":[{\"@type\":\"WebPage\",\"@id\":\"https:\\\/\\\/www.chateau-montsoreau.com\\\/wordpress\\\/it\\\/libreria-2\\\/\",\"url\":\"https:\\\/\\\/www.chateau-montsoreau.com\\\/wordpress\\\/it\\\/libreria-2\\\/\",\"name\":\"Libreria | Ch\u00e2teau de Montsoreau-Mus\u00e9e d&#039;Art Contemporain\",\"isPartOf\":{\"@id\":\"https:\\\/\\\/www.chateau-montsoreau.com\\\/wordpress\\\/#website\"},\"primaryImageOfPage\":{\"@id\":\"https:\\\/\\\/www.chateau-montsoreau.com\\\/wordpress\\\/it\\\/libreria-2\\\/#primaryimage\"},\"image\":{\"@id\":\"https:\\\/\\\/www.chateau-montsoreau.com\\\/wordpress\\\/it\\\/libreria-2\\\/#primaryimage\"},\"thumbnailUrl\":\"http:\\\/\\\/www.chateau-montsoreau.com\\\/wordpress\\\/wp-content\\\/uploads\\\/2016\\\/03\\\/fb_icon_325x325-300x300.png\",\"datePublished\":\"2019-09-06T08:59:55+00:00\",\"dateModified\":\"2019-09-11T15:49:58+00:00\",\"breadcrumb\":{\"@id\":\"https:\\\/\\\/www.chateau-montsoreau.com\\\/wordpress\\\/it\\\/libreria-2\\\/#breadcrumb\"},\"inLanguage\":\"fr-FR\",\"potentialAction\":[{\"@type\":\"ReadAction\",\"target\":[\"https:\\\/\\\/www.chateau-montsoreau.com\\\/wordpress\\\/it\\\/libreria-2\\\/\"]}]},{\"@type\":\"ImageObject\",\"inLanguage\":\"fr-FR\",\"@id\":\"https:\\\/\\\/www.chateau-montsoreau.com\\\/wordpress\\\/it\\\/libreria-2\\\/#primaryimage\",\"url\":\"http:\\\/\\\/www.chateau-montsoreau.com\\\/wordpress\\\/wp-content\\\/uploads\\\/2016\\\/03\\\/fb_icon_325x325-300x300.png\",\"contentUrl\":\"http:\\\/\\\/www.chateau-montsoreau.com\\\/wordpress\\\/wp-content\\\/uploads\\\/2016\\\/03\\\/fb_icon_325x325-300x300.png\"},{\"@type\":\"BreadcrumbList\",\"@id\":\"https:\\\/\\\/www.chateau-montsoreau.com\\\/wordpress\\\/it\\\/libreria-2\\\/#breadcrumb\",\"itemListElement\":[{\"@type\":\"ListItem\",\"position\":1,\"name\":\"Accueil\",\"item\":\"https:\\\/\\\/www.chateau-montsoreau.com\\\/wordpress\\\/fr\\\/\"},{\"@type\":\"ListItem\",\"position\":2,\"name\":\"Libreria\"}]},{\"@type\":\"WebSite\",\"@id\":\"https:\\\/\\\/www.chateau-montsoreau.com\\\/wordpress\\\/#website\",\"url\":\"https:\\\/\\\/www.chateau-montsoreau.com\\\/wordpress\\\/\",\"name\":\"Ch\u00e2teau de Montsoreau-Mus\u00e9e d&#039;Art Contemporain\",\"description\":\"Ch\u00e2teaux de la Loire Art Contemporain Art Conceptuel\",\"publisher\":{\"@id\":\"https:\\\/\\\/www.chateau-montsoreau.com\\\/wordpress\\\/#organization\"},\"potentialAction\":[{\"@type\":\"SearchAction\",\"target\":{\"@type\":\"EntryPoint\",\"urlTemplate\":\"https:\\\/\\\/www.chateau-montsoreau.com\\\/wordpress\\\/?s={search_term_string}\"},\"query-input\":{\"@type\":\"PropertyValueSpecification\",\"valueRequired\":true,\"valueName\":\"search_term_string\"}}],\"inLanguage\":\"fr-FR\"},{\"@type\":\"Organization\",\"@id\":\"https:\\\/\\\/www.chateau-montsoreau.com\\\/wordpress\\\/#organization\",\"name\":\"Ch\u00e2teau de Montsoreau - Mus\u00e9e d'art contemporain\",\"url\":\"https:\\\/\\\/www.chateau-montsoreau.com\\\/wordpress\\\/\",\"logo\":{\"@type\":\"ImageObject\",\"inLanguage\":\"fr-FR\",\"@id\":\"https:\\\/\\\/www.chateau-montsoreau.com\\\/wordpress\\\/#\\\/schema\\\/logo\\\/image\\\/\",\"url\":\"https:\\\/\\\/www.chateau-montsoreau.com\\\/wordpress\\\/wp-content\\\/uploads\\\/2016\\\/03\\\/Logo-Montsoreau-tout-petit-1.png\",\"contentUrl\":\"https:\\\/\\\/www.chateau-montsoreau.com\\\/wordpress\\\/wp-content\\\/uploads\\\/2016\\\/03\\\/Logo-Montsoreau-tout-petit-1.png\",\"width\":133,\"height\":133,\"caption\":\"Ch\u00e2teau de Montsoreau - Mus\u00e9e d'art contemporain\"},\"image\":{\"@id\":\"https:\\\/\\\/www.chateau-montsoreau.com\\\/wordpress\\\/#\\\/schema\\\/logo\\\/image\\\/\"},\"sameAs\":[\"https:\\\/\\\/www.facebook.com\\\/chateaudemontsoreau\\\/\",\"https:\\\/\\\/x.com\\\/Cmontsoreau\",\"https:\\\/\\\/www.instagram.com\\\/chateaudemontsoreau\\\/\",\"http:\\\/\\\/www.pinterest.com\\\/Cmontsoreau\"]}]}<\/script>\n<!-- \/ Yoast SEO plugin. -->","yoast_head_json":{"title":"Libreria | Ch\u00e2teau de Montsoreau-Mus\u00e9e d&#039;Art Contemporain","robots":{"index":"index","follow":"follow","max-snippet":"max-snippet:-1","max-image-preview":"max-image-preview:large","max-video-preview":"max-video-preview:-1"},"canonical":"https:\/\/www.chateau-montsoreau.com\/wordpress\/it\/libreria-2\/","og_locale":"fr_FR","og_type":"article","og_title":"Libreria | Ch\u00e2teau de Montsoreau-Mus\u00e9e d&#039;Art Contemporain","og_description":"Situata nel cuore del museo, la libreria \u00e8 in accesso libero. In un&rsquo;atmosfera rilassata, propizia alla scoperta, la libreria offre un&rsquo;ampia scelta di libri, dalle riviste specializzate ai libri di scoperta sull&rsquo;arte, le scienze umane, la filosofia o la gastronomia. Una sezione dedicata al pubblico giovane offre giochi e libri per iniziare i bambini all&rsquo;arte [&hellip;]","og_url":"https:\/\/www.chateau-montsoreau.com\/wordpress\/it\/libreria-2\/","og_site_name":"Ch\u00e2teau de Montsoreau-Mus\u00e9e d&#039;Art Contemporain","article_publisher":"https:\/\/www.facebook.com\/chateaudemontsoreau\/","article_modified_time":"2019-09-11T15:49:58+00:00","og_image":[{"url":"http:\/\/www.chateau-montsoreau.com\/wordpress\/wp-content\/uploads\/2016\/03\/fb_icon_325x325-300x300.png","type":"","width":"","height":""}],"twitter_card":"summary_large_image","twitter_site":"@Cmontsoreau","twitter_misc":{"Dur\u00e9e de lecture estim\u00e9e":"3 minutes"},"schema":{"@context":"https:\/\/schema.org","@graph":[{"@type":"WebPage","@id":"https:\/\/www.chateau-montsoreau.com\/wordpress\/it\/libreria-2\/","url":"https:\/\/www.chateau-montsoreau.com\/wordpress\/it\/libreria-2\/","name":"Libreria | Ch\u00e2teau de Montsoreau-Mus\u00e9e d&#039;Art Contemporain","isPartOf":{"@id":"https:\/\/www.chateau-montsoreau.com\/wordpress\/#website"},"primaryImageOfPage":{"@id":"https:\/\/www.chateau-montsoreau.com\/wordpress\/it\/libreria-2\/#primaryimage"},"image":{"@id":"https:\/\/www.chateau-montsoreau.com\/wordpress\/it\/libreria-2\/#primaryimage"},"thumbnailUrl":"http:\/\/www.chateau-montsoreau.com\/wordpress\/wp-content\/uploads\/2016\/03\/fb_icon_325x325-300x300.png","datePublished":"2019-09-06T08:59:55+00:00","dateModified":"2019-09-11T15:49:58+00:00","breadcrumb":{"@id":"https:\/\/www.chateau-montsoreau.com\/wordpress\/it\/libreria-2\/#breadcrumb"},"inLanguage":"fr-FR","potentialAction":[{"@type":"ReadAction","target":["https:\/\/www.chateau-montsoreau.com\/wordpress\/it\/libreria-2\/"]}]},{"@type":"ImageObject","inLanguage":"fr-FR","@id":"https:\/\/www.chateau-montsoreau.com\/wordpress\/it\/libreria-2\/#primaryimage","url":"http:\/\/www.chateau-montsoreau.com\/wordpress\/wp-content\/uploads\/2016\/03\/fb_icon_325x325-300x300.png","contentUrl":"http:\/\/www.chateau-montsoreau.com\/wordpress\/wp-content\/uploads\/2016\/03\/fb_icon_325x325-300x300.png"},{"@type":"BreadcrumbList","@id":"https:\/\/www.chateau-montsoreau.com\/wordpress\/it\/libreria-2\/#breadcrumb","itemListElement":[{"@type":"ListItem","position":1,"name":"Accueil","item":"https:\/\/www.chateau-montsoreau.com\/wordpress\/fr\/"},{"@type":"ListItem","position":2,"name":"Libreria"}]},{"@type":"WebSite","@id":"https:\/\/www.chateau-montsoreau.com\/wordpress\/#website","url":"https:\/\/www.chateau-montsoreau.com\/wordpress\/","name":"Ch\u00e2teau de Montsoreau-Mus\u00e9e d&#039;Art Contemporain","description":"Ch\u00e2teaux de la Loire Art Contemporain Art Conceptuel","publisher":{"@id":"https:\/\/www.chateau-montsoreau.com\/wordpress\/#organization"},"potentialAction":[{"@type":"SearchAction","target":{"@type":"EntryPoint","urlTemplate":"https:\/\/www.chateau-montsoreau.com\/wordpress\/?s={search_term_string}"},"query-input":{"@type":"PropertyValueSpecification","valueRequired":true,"valueName":"search_term_string"}}],"inLanguage":"fr-FR"},{"@type":"Organization","@id":"https:\/\/www.chateau-montsoreau.com\/wordpress\/#organization","name":"Ch\u00e2teau de Montsoreau - Mus\u00e9e d'art contemporain","url":"https:\/\/www.chateau-montsoreau.com\/wordpress\/","logo":{"@type":"ImageObject","inLanguage":"fr-FR","@id":"https:\/\/www.chateau-montsoreau.com\/wordpress\/#\/schema\/logo\/image\/","url":"https:\/\/www.chateau-montsoreau.com\/wordpress\/wp-content\/uploads\/2016\/03\/Logo-Montsoreau-tout-petit-1.png","contentUrl":"https:\/\/www.chateau-montsoreau.com\/wordpress\/wp-content\/uploads\/2016\/03\/Logo-Montsoreau-tout-petit-1.png","width":133,"height":133,"caption":"Ch\u00e2teau de Montsoreau - Mus\u00e9e d'art contemporain"},"image":{"@id":"https:\/\/www.chateau-montsoreau.com\/wordpress\/#\/schema\/logo\/image\/"},"sameAs":["https:\/\/www.facebook.com\/chateaudemontsoreau\/","https:\/\/x.com\/Cmontsoreau","https:\/\/www.instagram.com\/chateaudemontsoreau\/","http:\/\/www.pinterest.com\/Cmontsoreau"]}]}},"_links":{"self":[{"href":"https:\/\/www.chateau-montsoreau.com\/wordpress\/wp-json\/wp\/v2\/pages\/6683","targetHints":{"allow":["GET"]}}],"collection":[{"href":"https:\/\/www.chateau-montsoreau.com\/wordpress\/wp-json\/wp\/v2\/pages"}],"about":[{"href":"https:\/\/www.chateau-montsoreau.com\/wordpress\/wp-json\/wp\/v2\/types\/page"}],"author":[{"embeddable":true,"href":"https:\/\/www.chateau-montsoreau.com\/wordpress\/wp-json\/wp\/v2\/users\/5"}],"replies":[{"embeddable":true,"href":"https:\/\/www.chateau-montsoreau.com\/wordpress\/wp-json\/wp\/v2\/comments?post=6683"}],"version-history":[{"count":3,"href":"https:\/\/www.chateau-montsoreau.com\/wordpress\/wp-json\/wp\/v2\/pages\/6683\/revisions"}],"predecessor-version":[{"id":6931,"href":"https:\/\/www.chateau-montsoreau.com\/wordpress\/wp-json\/wp\/v2\/pages\/6683\/revisions\/6931"}],"wp:attachment":[{"href":"https:\/\/www.chateau-montsoreau.com\/wordpress\/wp-json\/wp\/v2\/media?parent=6683"}],"curies":[{"name":"wp","href":"https:\/\/api.w.org\/{rel}","templated":true}]}}