{"id":6688,"date":"2019-09-06T10:12:31","date_gmt":"2019-09-06T09:12:31","guid":{"rendered":"http:\/\/www.chateau-montsoreau.com\/wordpress\/?page_id=6688"},"modified":"2019-09-11T16:55:38","modified_gmt":"2019-09-11T15:55:38","slug":"gruppi-scolastici","status":"publish","type":"page","link":"https:\/\/www.chateau-montsoreau.com\/wordpress\/it\/gruppi\/gruppi-scolastici\/","title":{"rendered":"Gruppi Scolastici"},"content":{"rendered":"<h2 style=\"text-align: center;\"><em>Il Castello di Montsoreau-Museo di arte contemporanea\u00a0 offre un&rsquo;accoglienza adattata alle scuole dalla prima all&rsquo;ultima classe.<\/em><\/h2>\n<div  class=\"ut-alert grey  \">\n<div  class=\"ut-one-half  \"><h6 class=\"ut-title-divider \" ><span><\/p>\n<h2>Visite<\/h2>\n<p><\/span><\/h6><\/p>\n<ul>\n<li><strong>Visita libera:<\/strong> visita libera del museo d&rsquo;arte contemporanea.<\/li>\n<li><strong>Visita con materiale didattico<\/strong><\/li>\n<li><strong>Visita guidata:<\/strong>\u00a0scoperta del museo in presenza di una guida.<\/li>\n<\/ul>\n<p><img loading=\"lazy\" decoding=\"async\" class=\"alignnone wp-image-5327 \" title=\"Cr\u00e9dits Photographiques : Chloe Ghesquier\" src=\"http:\/\/www.chateau-montsoreau.com\/wordpress\/wp-content\/uploads\/2016\/03\/Capture-d\u2019e\u0301cran-2016-06-21-a\u0300-19.01.59-1-300x166.png\" alt=\"\" width=\"586\" height=\"325\" \/><\/p>\n<h6 class=\"ut-title-divider \" ><span><\/p>\n<h2>Materiale Didattico<\/h2>\n<p><\/span><\/h6>\n<ul>\n<li><em><strong>Taccuino dell&rsquo;insegnante<\/strong><\/em><br \/>\nUna raccolta di documenti esaustivi e completi per sviluppare e preparare il vostro progetto di visita didattica.<\/li>\n<li><strong><em>Quaderno dello studente<\/em><\/strong><br \/>\nUn taccuino divertente ed educativo per sviluppare la curiosit\u00e0 e sviluppare una visita partecipativa.<\/li>\n<li><em><strong>Schede<\/strong><\/em><br \/>\nSchede pratiche sulla storia del castello, i principali movimenti della storia dell&rsquo;arte e il collettivo Art &amp; Language.<\/li>\n<\/ul>\n<\/div>\n<div  class=\"ut-one-half ut-column-last  \">\n<h6 class=\"ut-title-divider \" ><span><\/p>\n<h2>Laboratori Pedagogici<\/h2>\n<p><\/span><\/h6>\n<ul>\n<li><em><strong>Alle vostre penne:<\/strong> <\/em>gli studenti scoprono il luogo del linguaggio nella vita quotidiana e nella creazione artistica. Seguendo le orme di Rabelais, Alexandre Dumas, surrealisti e artisti di Arte &amp; Language, gli studenti sono invitati a immaginare una composizione utilizzando lettere e parole.<\/li>\n<li><em><strong>Graffiti, da Lascaux a Bansky:<\/strong> <\/em>durante una caccia al tesoro, gli studenti scoprono i graffiti nel castello, interpretano i bassorilievi e ne ripercorrono la storia. A loro volta, sono invitati a scolpire i propri graffiti su un muro di pietra dedicato.<\/li>\n<li><em><strong>Tutti i artisti!<\/strong><\/em> Cosa significa essere un artista? Gli studenti riflettono sulla nozione di opera d&rsquo;arte e si improvvisano come artisti mascherandosi.<\/li>\n<li><em><strong>Carte blanche:<\/strong><\/em> gli studenti si avvicinano ai principi della cartografia e al suo rapporto con la storia creando le proprie mappe.<\/li>\n<\/ul>\n<p><img loading=\"lazy\" decoding=\"async\" class=\"wp-image-5200 aligncenter\" src=\"http:\/\/www.chateau-montsoreau.com\/wordpress\/wp-content\/uploads\/2016\/03\/20160826_140809-e1475680390220-225x300.jpg\" alt=\"20160826_140809\" width=\"358\" height=\"477\" srcset=\"https:\/\/www.chateau-montsoreau.com\/wordpress\/wp-content\/uploads\/2016\/03\/20160826_140809-e1475680390220-225x300.jpg 225w, https:\/\/www.chateau-montsoreau.com\/wordpress\/wp-content\/uploads\/2016\/03\/20160826_140809-e1475680390220-600x800.jpg 600w, https:\/\/www.chateau-montsoreau.com\/wordpress\/wp-content\/uploads\/2016\/03\/20160826_140809-e1475680390220-768x1024.jpg 768w\" sizes=\"auto, (max-width: 358px) 100vw, 358px\" \/><\/p>\n<\/div><div class=\"clear\"><\/div><\/div><h6 class=\"ut-title-divider \" ><span><\/p>\n<h2>Tariffe per gruppi<\/h2>\n<p><\/span><\/h6><\/p>\n<div class=\"ut-pt-wrap ut-pt-wrap-style-1\"><div class=\"grid-25 tablet-grid-50 mobile-grid-100\"><div class=\"ut-pricing-table\"><header class=\"ut-pt-header ut-level-one\"><h2 class=\"ut-pt-title\">Visita libera o guidata<\/h2><span class=\"ut-pt-title-slogan\">+ 18 anni<\/span><\/header><footer class=\"ut-pt-pricing\"><span class=\"ut-pt-price\"><sup>\u20ac<\/sup>8,40<\/span><\/footer><\/div><\/div><div class=\"grid-25 tablet-grid-50 mobile-grid-100\"><div class=\"ut-pricing-table\"><header class=\"ut-pt-header ut-level-one\"><h2 class=\"ut-pt-title\">Visita libera o guidata<\/h2><span class=\"ut-pt-title-slogan\">da 5 a 18 anni<\/span><\/header><footer class=\"ut-pt-pricing\"><span class=\"ut-pt-price\"><sup>\u20ac<\/sup>6.10<\/span><\/footer><\/div><\/div><div class=\"grid-25 tablet-grid-50 mobile-grid-100\"><div class=\"ut-pricing-table\"><\/div><\/div><div class=\"grid-25 tablet-grid-50 mobile-grid-100\"><div class=\"ut-pricing-table\"><header class=\"ut-pt-header ut-level-one\"><h2 class=\"ut-pt-title\">Laboratori pedagogici<\/h2><span class=\"ut-pt-title-slogan\">Tarifa \/ alunno<\/span><\/header><footer class=\"ut-pt-pricing\"><span class=\"ut-pt-price\"><sup>\u20ac<\/sup>8<\/span><\/footer><\/div><\/div><div class=\"clear\"><\/div><\/div>\n<div  class=\"ut-alert grey  \">\n<h6 class=\"ut-title-divider \" ><span><\/p>\n<h2>Formulario di contatto<\/h2>\n<p><\/span><\/h6><\/p>\n<p><p class=\"wpcf7-contact-form-not-found\"><strong>Erreur\u00a0:<\/strong> Formulaire de contact non trouv\u00e9\u00a0!<\/p><br \/>\n<\/div>\n","protected":false},"excerpt":{"rendered":"<p>Il Castello di Montsoreau-Museo di arte contemporanea\u00a0 offre un&rsquo;accoglienza adattata alle scuole dalla prima all&rsquo;ultima classe.<\/p>\n","protected":false},"author":5,"featured_media":0,"parent":6686,"menu_order":1,"comment_status":"closed","ping_status":"closed","template":"","meta":{"footnotes":""},"class_list":["post-6688","page","type-page","status-publish","hentry"],"yoast_head":"<!-- This site is optimized with the Yoast SEO plugin v27.3 - https:\/\/yoast.com\/product\/yoast-seo-wordpress\/ -->\n<title>Gruppi Scolastici | Ch\u00e2teau de Montsoreau-Mus\u00e9e d&#039;Art Contemporain<\/title>\n<meta name=\"robots\" content=\"index, follow, max-snippet:-1, max-image-preview:large, max-video-preview:-1\" \/>\n<link rel=\"canonical\" href=\"https:\/\/www.chateau-montsoreau.com\/wordpress\/it\/gruppi\/gruppi-scolastici\/\" \/>\n<meta property=\"og:locale\" content=\"fr_FR\" \/>\n<meta property=\"og:type\" content=\"article\" \/>\n<meta property=\"og:title\" content=\"Gruppi Scolastici | Ch\u00e2teau de Montsoreau-Mus\u00e9e d&#039;Art Contemporain\" \/>\n<meta property=\"og:description\" content=\"Il Castello di Montsoreau-Museo di arte contemporanea\u00a0 offre un&rsquo;accoglienza adattata alle scuole dalla prima all&rsquo;ultima classe.\" \/>\n<meta property=\"og:url\" content=\"https:\/\/www.chateau-montsoreau.com\/wordpress\/it\/gruppi\/gruppi-scolastici\/\" \/>\n<meta property=\"og:site_name\" content=\"Ch\u00e2teau de Montsoreau-Mus\u00e9e d&#039;Art Contemporain\" \/>\n<meta property=\"article:publisher\" content=\"https:\/\/www.facebook.com\/chateaudemontsoreau\/\" \/>\n<meta property=\"article:modified_time\" content=\"2019-09-11T15:55:38+00:00\" \/>\n<meta property=\"og:image\" content=\"http:\/\/www.chateau-montsoreau.com\/wordpress\/wp-content\/uploads\/2016\/03\/Capture-d\u2019e\u0301cran-2016-06-21-a\u0300-19.01.59-1-300x166.png\" \/>\n<meta name=\"twitter:card\" content=\"summary_large_image\" \/>\n<meta name=\"twitter:site\" content=\"@Cmontsoreau\" \/>\n<meta name=\"twitter:label1\" content=\"Dur\u00e9e de lecture estim\u00e9e\" \/>\n\t<meta name=\"twitter:data1\" content=\"1 minute\" \/>\n<script type=\"application\/ld+json\" class=\"yoast-schema-graph\">{\"@context\":\"https:\\\/\\\/schema.org\",\"@graph\":[{\"@type\":\"WebPage\",\"@id\":\"https:\\\/\\\/www.chateau-montsoreau.com\\\/wordpress\\\/it\\\/gruppi\\\/gruppi-scolastici\\\/\",\"url\":\"https:\\\/\\\/www.chateau-montsoreau.com\\\/wordpress\\\/it\\\/gruppi\\\/gruppi-scolastici\\\/\",\"name\":\"Gruppi Scolastici | Ch\u00e2teau de Montsoreau-Mus\u00e9e d&#039;Art Contemporain\",\"isPartOf\":{\"@id\":\"https:\\\/\\\/www.chateau-montsoreau.com\\\/wordpress\\\/#website\"},\"primaryImageOfPage\":{\"@id\":\"https:\\\/\\\/www.chateau-montsoreau.com\\\/wordpress\\\/it\\\/gruppi\\\/gruppi-scolastici\\\/#primaryimage\"},\"image\":{\"@id\":\"https:\\\/\\\/www.chateau-montsoreau.com\\\/wordpress\\\/it\\\/gruppi\\\/gruppi-scolastici\\\/#primaryimage\"},\"thumbnailUrl\":\"http:\\\/\\\/www.chateau-montsoreau.com\\\/wordpress\\\/wp-content\\\/uploads\\\/2016\\\/03\\\/20160826_140809-e1475680390220-225x300.jpg\",\"datePublished\":\"2019-09-06T09:12:31+00:00\",\"dateModified\":\"2019-09-11T15:55:38+00:00\",\"breadcrumb\":{\"@id\":\"https:\\\/\\\/www.chateau-montsoreau.com\\\/wordpress\\\/it\\\/gruppi\\\/gruppi-scolastici\\\/#breadcrumb\"},\"inLanguage\":\"fr-FR\",\"potentialAction\":[{\"@type\":\"ReadAction\",\"target\":[\"https:\\\/\\\/www.chateau-montsoreau.com\\\/wordpress\\\/it\\\/gruppi\\\/gruppi-scolastici\\\/\"]}]},{\"@type\":\"ImageObject\",\"inLanguage\":\"fr-FR\",\"@id\":\"https:\\\/\\\/www.chateau-montsoreau.com\\\/wordpress\\\/it\\\/gruppi\\\/gruppi-scolastici\\\/#primaryimage\",\"url\":\"http:\\\/\\\/www.chateau-montsoreau.com\\\/wordpress\\\/wp-content\\\/uploads\\\/2016\\\/03\\\/20160826_140809-e1475680390220-225x300.jpg\",\"contentUrl\":\"http:\\\/\\\/www.chateau-montsoreau.com\\\/wordpress\\\/wp-content\\\/uploads\\\/2016\\\/03\\\/20160826_140809-e1475680390220-225x300.jpg\"},{\"@type\":\"BreadcrumbList\",\"@id\":\"https:\\\/\\\/www.chateau-montsoreau.com\\\/wordpress\\\/it\\\/gruppi\\\/gruppi-scolastici\\\/#breadcrumb\",\"itemListElement\":[{\"@type\":\"ListItem\",\"position\":1,\"name\":\"Accueil\",\"item\":\"https:\\\/\\\/www.chateau-montsoreau.com\\\/wordpress\\\/fr\\\/\"},{\"@type\":\"ListItem\",\"position\":2,\"name\":\"Gruppi\",\"item\":\"https:\\\/\\\/www.chateau-montsoreau.com\\\/wordpress\\\/it\\\/gruppi\\\/\"},{\"@type\":\"ListItem\",\"position\":3,\"name\":\"Gruppi Scolastici\"}]},{\"@type\":\"WebSite\",\"@id\":\"https:\\\/\\\/www.chateau-montsoreau.com\\\/wordpress\\\/#website\",\"url\":\"https:\\\/\\\/www.chateau-montsoreau.com\\\/wordpress\\\/\",\"name\":\"Ch\u00e2teau de Montsoreau-Mus\u00e9e d&#039;Art Contemporain\",\"description\":\"Ch\u00e2teaux de la Loire Art Contemporain Art Conceptuel\",\"publisher\":{\"@id\":\"https:\\\/\\\/www.chateau-montsoreau.com\\\/wordpress\\\/#organization\"},\"potentialAction\":[{\"@type\":\"SearchAction\",\"target\":{\"@type\":\"EntryPoint\",\"urlTemplate\":\"https:\\\/\\\/www.chateau-montsoreau.com\\\/wordpress\\\/?s={search_term_string}\"},\"query-input\":{\"@type\":\"PropertyValueSpecification\",\"valueRequired\":true,\"valueName\":\"search_term_string\"}}],\"inLanguage\":\"fr-FR\"},{\"@type\":\"Organization\",\"@id\":\"https:\\\/\\\/www.chateau-montsoreau.com\\\/wordpress\\\/#organization\",\"name\":\"Ch\u00e2teau de Montsoreau - Mus\u00e9e d'art contemporain\",\"url\":\"https:\\\/\\\/www.chateau-montsoreau.com\\\/wordpress\\\/\",\"logo\":{\"@type\":\"ImageObject\",\"inLanguage\":\"fr-FR\",\"@id\":\"https:\\\/\\\/www.chateau-montsoreau.com\\\/wordpress\\\/#\\\/schema\\\/logo\\\/image\\\/\",\"url\":\"https:\\\/\\\/www.chateau-montsoreau.com\\\/wordpress\\\/wp-content\\\/uploads\\\/2016\\\/03\\\/Logo-Montsoreau-tout-petit-1.png\",\"contentUrl\":\"https:\\\/\\\/www.chateau-montsoreau.com\\\/wordpress\\\/wp-content\\\/uploads\\\/2016\\\/03\\\/Logo-Montsoreau-tout-petit-1.png\",\"width\":133,\"height\":133,\"caption\":\"Ch\u00e2teau de Montsoreau - Mus\u00e9e d'art contemporain\"},\"image\":{\"@id\":\"https:\\\/\\\/www.chateau-montsoreau.com\\\/wordpress\\\/#\\\/schema\\\/logo\\\/image\\\/\"},\"sameAs\":[\"https:\\\/\\\/www.facebook.com\\\/chateaudemontsoreau\\\/\",\"https:\\\/\\\/x.com\\\/Cmontsoreau\",\"https:\\\/\\\/www.instagram.com\\\/chateaudemontsoreau\\\/\",\"http:\\\/\\\/www.pinterest.com\\\/Cmontsoreau\"]}]}<\/script>\n<!-- \/ Yoast SEO plugin. -->","yoast_head_json":{"title":"Gruppi Scolastici | Ch\u00e2teau de Montsoreau-Mus\u00e9e d&#039;Art Contemporain","robots":{"index":"index","follow":"follow","max-snippet":"max-snippet:-1","max-image-preview":"max-image-preview:large","max-video-preview":"max-video-preview:-1"},"canonical":"https:\/\/www.chateau-montsoreau.com\/wordpress\/it\/gruppi\/gruppi-scolastici\/","og_locale":"fr_FR","og_type":"article","og_title":"Gruppi Scolastici | Ch\u00e2teau de Montsoreau-Mus\u00e9e d&#039;Art Contemporain","og_description":"Il Castello di Montsoreau-Museo di arte contemporanea\u00a0 offre un&rsquo;accoglienza adattata alle scuole dalla prima all&rsquo;ultima classe.","og_url":"https:\/\/www.chateau-montsoreau.com\/wordpress\/it\/gruppi\/gruppi-scolastici\/","og_site_name":"Ch\u00e2teau de Montsoreau-Mus\u00e9e d&#039;Art Contemporain","article_publisher":"https:\/\/www.facebook.com\/chateaudemontsoreau\/","article_modified_time":"2019-09-11T15:55:38+00:00","og_image":[{"url":"http:\/\/www.chateau-montsoreau.com\/wordpress\/wp-content\/uploads\/2016\/03\/Capture-d\u2019e\u0301cran-2016-06-21-a\u0300-19.01.59-1-300x166.png","type":"","width":"","height":""}],"twitter_card":"summary_large_image","twitter_site":"@Cmontsoreau","twitter_misc":{"Dur\u00e9e de lecture estim\u00e9e":"1 minute"},"schema":{"@context":"https:\/\/schema.org","@graph":[{"@type":"WebPage","@id":"https:\/\/www.chateau-montsoreau.com\/wordpress\/it\/gruppi\/gruppi-scolastici\/","url":"https:\/\/www.chateau-montsoreau.com\/wordpress\/it\/gruppi\/gruppi-scolastici\/","name":"Gruppi Scolastici | Ch\u00e2teau de Montsoreau-Mus\u00e9e d&#039;Art Contemporain","isPartOf":{"@id":"https:\/\/www.chateau-montsoreau.com\/wordpress\/#website"},"primaryImageOfPage":{"@id":"https:\/\/www.chateau-montsoreau.com\/wordpress\/it\/gruppi\/gruppi-scolastici\/#primaryimage"},"image":{"@id":"https:\/\/www.chateau-montsoreau.com\/wordpress\/it\/gruppi\/gruppi-scolastici\/#primaryimage"},"thumbnailUrl":"http:\/\/www.chateau-montsoreau.com\/wordpress\/wp-content\/uploads\/2016\/03\/20160826_140809-e1475680390220-225x300.jpg","datePublished":"2019-09-06T09:12:31+00:00","dateModified":"2019-09-11T15:55:38+00:00","breadcrumb":{"@id":"https:\/\/www.chateau-montsoreau.com\/wordpress\/it\/gruppi\/gruppi-scolastici\/#breadcrumb"},"inLanguage":"fr-FR","potentialAction":[{"@type":"ReadAction","target":["https:\/\/www.chateau-montsoreau.com\/wordpress\/it\/gruppi\/gruppi-scolastici\/"]}]},{"@type":"ImageObject","inLanguage":"fr-FR","@id":"https:\/\/www.chateau-montsoreau.com\/wordpress\/it\/gruppi\/gruppi-scolastici\/#primaryimage","url":"http:\/\/www.chateau-montsoreau.com\/wordpress\/wp-content\/uploads\/2016\/03\/20160826_140809-e1475680390220-225x300.jpg","contentUrl":"http:\/\/www.chateau-montsoreau.com\/wordpress\/wp-content\/uploads\/2016\/03\/20160826_140809-e1475680390220-225x300.jpg"},{"@type":"BreadcrumbList","@id":"https:\/\/www.chateau-montsoreau.com\/wordpress\/it\/gruppi\/gruppi-scolastici\/#breadcrumb","itemListElement":[{"@type":"ListItem","position":1,"name":"Accueil","item":"https:\/\/www.chateau-montsoreau.com\/wordpress\/fr\/"},{"@type":"ListItem","position":2,"name":"Gruppi","item":"https:\/\/www.chateau-montsoreau.com\/wordpress\/it\/gruppi\/"},{"@type":"ListItem","position":3,"name":"Gruppi Scolastici"}]},{"@type":"WebSite","@id":"https:\/\/www.chateau-montsoreau.com\/wordpress\/#website","url":"https:\/\/www.chateau-montsoreau.com\/wordpress\/","name":"Ch\u00e2teau de Montsoreau-Mus\u00e9e d&#039;Art Contemporain","description":"Ch\u00e2teaux de la Loire Art Contemporain Art Conceptuel","publisher":{"@id":"https:\/\/www.chateau-montsoreau.com\/wordpress\/#organization"},"potentialAction":[{"@type":"SearchAction","target":{"@type":"EntryPoint","urlTemplate":"https:\/\/www.chateau-montsoreau.com\/wordpress\/?s={search_term_string}"},"query-input":{"@type":"PropertyValueSpecification","valueRequired":true,"valueName":"search_term_string"}}],"inLanguage":"fr-FR"},{"@type":"Organization","@id":"https:\/\/www.chateau-montsoreau.com\/wordpress\/#organization","name":"Ch\u00e2teau de Montsoreau - Mus\u00e9e d'art contemporain","url":"https:\/\/www.chateau-montsoreau.com\/wordpress\/","logo":{"@type":"ImageObject","inLanguage":"fr-FR","@id":"https:\/\/www.chateau-montsoreau.com\/wordpress\/#\/schema\/logo\/image\/","url":"https:\/\/www.chateau-montsoreau.com\/wordpress\/wp-content\/uploads\/2016\/03\/Logo-Montsoreau-tout-petit-1.png","contentUrl":"https:\/\/www.chateau-montsoreau.com\/wordpress\/wp-content\/uploads\/2016\/03\/Logo-Montsoreau-tout-petit-1.png","width":133,"height":133,"caption":"Ch\u00e2teau de Montsoreau - Mus\u00e9e d'art contemporain"},"image":{"@id":"https:\/\/www.chateau-montsoreau.com\/wordpress\/#\/schema\/logo\/image\/"},"sameAs":["https:\/\/www.facebook.com\/chateaudemontsoreau\/","https:\/\/x.com\/Cmontsoreau","https:\/\/www.instagram.com\/chateaudemontsoreau\/","http:\/\/www.pinterest.com\/Cmontsoreau"]}]}},"_links":{"self":[{"href":"https:\/\/www.chateau-montsoreau.com\/wordpress\/wp-json\/wp\/v2\/pages\/6688","targetHints":{"allow":["GET"]}}],"collection":[{"href":"https:\/\/www.chateau-montsoreau.com\/wordpress\/wp-json\/wp\/v2\/pages"}],"about":[{"href":"https:\/\/www.chateau-montsoreau.com\/wordpress\/wp-json\/wp\/v2\/types\/page"}],"author":[{"embeddable":true,"href":"https:\/\/www.chateau-montsoreau.com\/wordpress\/wp-json\/wp\/v2\/users\/5"}],"replies":[{"embeddable":true,"href":"https:\/\/www.chateau-montsoreau.com\/wordpress\/wp-json\/wp\/v2\/comments?post=6688"}],"version-history":[{"count":5,"href":"https:\/\/www.chateau-montsoreau.com\/wordpress\/wp-json\/wp\/v2\/pages\/6688\/revisions"}],"predecessor-version":[{"id":6934,"href":"https:\/\/www.chateau-montsoreau.com\/wordpress\/wp-json\/wp\/v2\/pages\/6688\/revisions\/6934"}],"up":[{"embeddable":true,"href":"https:\/\/www.chateau-montsoreau.com\/wordpress\/wp-json\/wp\/v2\/pages\/6686"}],"wp:attachment":[{"href":"https:\/\/www.chateau-montsoreau.com\/wordpress\/wp-json\/wp\/v2\/media?parent=6688"}],"curies":[{"name":"wp","href":"https:\/\/api.w.org\/{rel}","templated":true}]}}