{"id":6751,"date":"2019-09-09T15:33:48","date_gmt":"2019-09-09T14:33:48","guid":{"rendered":"http:\/\/www.chateau-montsoreau.com\/wordpress\/?page_id=6751"},"modified":"2020-01-27T18:06:42","modified_gmt":"2020-01-27T17:06:42","slug":"6751-2","status":"publish","type":"page","link":"https:\/\/www.chateau-montsoreau.com\/wordpress\/zh\/","title":{"rendered":"\u9996\u9875"},"content":{"rendered":"<h2 style=\"text-align: center;\">\u5362\u74e6\u5c14\u6cb3\u8c37\u4e2d\u7684\u8499\u7d22\u7f57\u57ce\u5821-\u5f53\u4ee3\u827a\u672f\u535a\u7269\u9986<\/h2>\n<p style=\"text-align: center;\">\u8499\u7d22\u7f57\u57ce\u5821-\u5f53\u4ee3\u827a\u672f\u535a\u7269\u9986\u662f\u4e16\u754c\u4e0a\u6700\u91cd\u8981\u7684\u5c55\u793a\u827a\u672f\u4e0e\u8bed\u8a00\u56e2\u4f53\u4f5c\u54c1\u7684\u535a\u7269\u9986\uff0c\u62e5\u6709\u6700\u591a\u5173\u4e8e\u8fd9\u4e2a\u56e2\u4f53\u7684\u4f5c\u54c1\u6536\u85cf\u3002\u535a\u7269\u9986\u4f4d\u5904\u7684\u5362\u74e6\u5c14\u6cb3\u8c37\u88ab\u8054\u5408\u56fd\u6559\u79d1\u6587\u7ec4\u7ec7\u5217\u4e3a\u4e16\u754c\u6587\u5316\u9057\u4ea7\uff0c\u5b83\u5750\u843d\u7684\u8499\u7d22\u7f57\u5e02\u9547\u4e5f\u540d\u5217\u201c\u6cd5\u56fd\u6700\u7f8e\u4e3d\u7684\u6751\u5e84\u201d\u3002<\/p>\n<p style=\"text-align: center;\"><img loading=\"lazy\" decoding=\"async\" class=\"aligncenter wp-image-5881 size-full\" src=\"http:\/\/www.chateau-montsoreau.com\/wordpress\/wp-content\/uploads\/2014\/12\/Art-contemporain.jpg\" alt=\"\" width=\"1200\" height=\"799\"><\/p>\n<h2>\u827a\u672f\u4e0e\u8bed\u8a00 (Art &amp; Language)<\/h2>\n<p>\u827a\u672f\u4e0e\u8bed\u8a00\u662f\u89c2\u5ff5\u827a\u672f\u8fd0\u52a8\u4e2d\u7684\u5f00\u62d3\u8005\u3002\u8fd9\u4e2a\u56e2\u4f53\u57281968\u5e74\u9996\u6b21\u51fa\u7248\u6742\u5fd7\u300a\u827a\u672f-\u8bed\u8a00\u300b\uff0c\u5bf9\u5f53\u4ee3\u827a\u672f\u4ea7\u751f\u4e86\u6df1\u523b\u7684\u5f71\u54cd\uff1b\u540e\u53c8\u51b3\u5b9a\u91c7\u7528\u6742\u5fd7\u7684\u540d\u5b57\u4e3a\u56e2\u4f53\u547d\u540d\u3002\u4ece20\u4e16\u7eaa60\u5e74\u4ee3\u5f00\u59cb\uff0c\u8be5\u56e2\u4f53\u5c31\u5f00\u59cb\u8bbe\u60f3\u4e00\u79cd\u521b\u4f5c\u6982\u5ff5\u4e0e\u521b\u4f5c\u6750\u6599\u76f8\u5bf9\u5206\u79bb\u7684\u827a\u672f\u5f62\u5f0f\u3002\u66fe\u7ecf\u4ee5\u827a\u672f\u4e0e\u8bed\u8a00\u56e2\u4f53\u7684\u540d\u4e49\u53c2\u4e0e\u521b\u4f5c\u7684\u827a\u672f\u5bb6\u6709\uff1a\u8fc8\u514b\u5c14\u00b7\u9c8d\u5fb7\u6e29\uff08Michael Baldwin\uff09\uff0c\u6885\u5c14\u00b7\u62c9\u59c6\u767b\uff08Mel Ramsden\uff09\uff0c\u67e5\u5c14\u65af\u00b7\u54c8\u91cc\u68ee\uff08Charles Harrison\uff09\uff0c\u7ea6\u745f\u592b\u00b7\u79d1\u82cf\u65af\uff08Joseph Kosuth\uff09\uff0c\u7279\u91cc\u00b7\u963f\u7279\u91d1\u68ee\uff08Terry Atkinson\uff09\uff0c\u54c8\u7f57\u5fb7\u00b7\u54c8\u745e\u5c14\uff08Harold Hurrell\uff09\uff0c\u5927\u536b\u00b7\u672c\u5e03\u91cc\u5947\uff08David Bainbridge\uff09\uff0c\u5b89\u5fb7\u9c81\u00b7\u6885\u7eb3\u5fb7\uff08Andrew Menard\uff09\uff0c\u8fc8\u514b\u5c14\u00b7\u514b\u91cc\u65af\uff08Michael Corris\uff09\uff0c\u4f0a\u5b89\u00b7\u4f2f\u6069\uff08Ian Burn\uff09\uff0c\u83f2\u5229\u666e\u00b7\u5e15\u5ef7\u987f\uff08Philip Pilkington\uff09\uff0c\u51ef\u65af\u6797\u00b7\u6bd5\u683c\u7f57\uff08Kathryn Bigelow\uff09\uff0c\u5927\u536b\u00b7\u62c9\u4ec0\u987f ( David Rushton\uff09\uff0c\u6885\u5965\u00b7\u6c64\u666e\u68ee\uff08Mayo Thompson\uff09\uff0c\u838e\u62c9\u00b7\u67e5\u5c14\u65af\u6c83\u601d\uff08Sarah Charlesworth\uff09\uff0c\u514b\u91cc\u4e1d\u6c40\u00b7\u5e93\u5179\u6d1b\u592b\uff08Christine Koslov\uff09\uff0c\u4fdd\u62c9\u00b7\u62c9\u59c6\u65af\u767b\uff08Paula Ramsden\uff09\uff0c\u666e\u5229\u65af\u987f\u00b7\u5e2d\u52d2\uff08Preston Heller\uff09\uff0c\u6797\u00b7\u52d2\u6885\u65af\u7279\uff08Lynn Lemaster\uff09, \u683c\u96f7\u5384\u59c6\u00b7\u970d\u534e\u5fb7\uff08Graham Howard\uff09\uff0c\u6851\u5fb7\u62c9\u00b7\u54c8\u91cc\u68ee\uff08Sandra Harrison\uff09\uff0c\u5c3c\u683c\u5c14\u00b7\u9c8d\u5a01\u5c14\uff08Nigel Powell\uff09\uff0c\u6cf0\u745e\u00b7\u53f2\u5bc6\u65af\uff08Terry Smith\uff09\uff0c\u5c3c\u683c\u5c14\u00b7\u4f26\u767b\uff08Nigel Lendon\uff09\u30021986\u5e74\uff0c\u827a\u672f\u4e0e\u8bed\u8a00\u83b7\u900f\u7eb3\u5956\u9898\u540d<\/p>\n<h2>\u5efa\u7b51<\/h2>\n<p>\u8499\u7d22\u7f57\u57ce\u5821\u662f\u6cd5\u56fd\u9996\u6279\u6587\u827a\u590d\u5174\u5efa\u7b51\u4e4b\u4e00\uff0c\u5362\u74e6\u5c14\u6cb3\u8c37\u4e2d\u6700\u65e9\u7684\u5b9c\u5c45\u578b\u57ce\u5821\u4e4b\u4e00\uff0c\u4e5f\u662f\u6cb3\u8c37\u4e2d\u552f\u4e00\u4e00\u5ea7\u76f4\u63a5\u5efa\u7b51\u5728\u6cb3\u5e8a\u4e0a\u7684\u57ce\u5821\u30021450\u5e74\uff0c\u6cd5\u5170\u897f\u56fd\u738b\u67e5\u7406\u4e03\u4e16\u548c\u8def\u6613\u5341\u4e00\u5fb7\u9996\u5e2d\u987e\u95ee\u3001\u9a7b\u5a01\u5c3c\u65af\u5916\u4ea4\u5927\u4f7f\u2014\u2014\u738b\u56fd\u5185\u8d22\u5bcc\u9996\u5c48\u4e00\u6307\u7684\u8ba9\u00b7\u5fb7\u00b7\u5c1a\u535a\u4e8c\u4e16\uff08Jean II de Chambes\uff09\u5efa\u9020\u4e86\u8fd9\u5ea7\u57ce\u5821\u3002\u4ed6\u548c\u96c5\u514b\u00b7\u67ef\u5c14\uff08Jacques Coeur\uff09\u7684\u4eb2\u5bc6\u5173\u7cfb\u4ee5\u53ca\u4ed6\u81ea\u8eab\u7684\u8d22\u5bcc\u8ba9\u8499\u7d22\u7f57\u57ce\u5821\u62e5\u6709\u4e86\u5728\u5f53\u65f6\u6781\u4e3a\u524d\u536b\u7684\u5efa\u7b51\u98ce\u683c\u3002<\/p>\n<h2>\u5f53\u4ee3\u827a\u672f\u535a\u7269\u9986\u548c\u5362\u74e6\u5c14\u6cb3\u8c37\u57ce\u5821<\/h2>\n<p>\u5728\u6536\u85cf\u5bb6\u83f2\u5229\u666e\u00b7\u6885\u7231\u8036\u4e0e\u66fc\u6069-\u5362\u74e6\u5c14\u7701\u7684\u5171\u540c\u5408\u4f5c\u4e4b\u4e0b\uff0c\u8499\u7d22\u7f57\u57ce\u5821-\u5f53\u4ee3\u827a\u672f\u535a\u7269\u9986\u4e8e2016\u5e744\u6708\u5411\u516c\u4f17\u5f00\u653e\u3002\u535a\u7269\u9986\u8fd9\u4e00\u9009\u5740\u7531\u8499\u7d22\u7f57\u57ce\u5821\u7279\u6b8a\u7684\u5efa\u7b51\u98ce\u683c\u548c\u5efa\u9020\u4f4d\u7f6e\u51b3\u5b9a\u3002\u57ce\u5821\u5750\u843d\u4e8e\u5362\u74e6\u5c14\u6cb3\u9053\u4e2d\u7684\u4e00\u5904\u77f3\u5c7f\u4e0a\uff0c\u8fd9\u4e5f\u662f\u5362\u74e6\u5c14\u6cb3\u8c37\u4e2d\u552f\u4e00\u4e00\u5904\u5efa\u9020\u5728\u6cb3\u5e8a\u4e0a\u7684\u57ce\u5821\u3002\u5728\u8499\u7d22\u7f57\u4e0a\u6e38\u4e0d\u8fdc\u5904\uff0c\u7ef4\u57c3\u7eb3\u6cb3\u6c47\u5165\u6cd5\u56fd\u6700\u957f\u7684\u6cb3\u6d41\u5362\u74e6\u5c14\u6cb3\u4e2d\u3002\u5362\u74e6\u5c14\u6cb3\u8c37\u662f\u6cd5\u56fd\u7684\u65c5\u6e38\u80dc\u5730\uff0c\u6781\u5177\u5730\u57df\u7279\u8272\uff0c\u6301\u7eed\u5438\u5f15\u7740\u56fd\u9645\u6e38\u5ba2\u524d\u6765\u6e38\u89c8\u3002<\/p>\n<p>\u4e0e\u8499\u7d22\u7f57\u57ce\u5821-\u5f53\u4ee3\u827a\u672f\u535a\u7269\u9986\u540c\u5c5e\u6cd5\u56fd\u5f53\u4ee3\u4e0e\u73b0\u4ee3\u827a\u672f\u535a\u7269\u9986\u7684\u6709\uff1a\u56fd\u7acb\u73b0\u4ee3\u827a\u672f\u535a\u7269\u9986\uff0c\u5df4\u9ece\u73b0\u4ee3\u827a\u672f\u535a\u7269\u9986\uff0c\u8def\u6613\u5a01\u767b\u57fa\u91d1\u4f1a\u827a\u672f\u4e2d\u5fc3\uff0c\u6ce2\u5c14\u591aCAPC\u5f53\u4ee3\u827a\u672f\u7f8e\u672f\u9986\uff0c\u683c\u52d2\u8bfa\u5e03\u5c14\u7f8e\u672f\u9986\uff08Magasin des horizons\uff09\uff0c\u56fe\u5c14CCCOD\u5f53\u4ee3\u827a\u672f\u4e2d\u5fc3\uff0c\u5723\u666e\u5217\u5723\u827e\u8482\u5b89\u73b0\u4ee3\u827a\u672f\u535a\u7269\u9986\u3002<\/p>\n","protected":false},"excerpt":{"rendered":"<p>\u5362\u74e6\u5c14\u6cb3\u8c37\u4e2d\u7684\u8499\u7d22\u7f57\u57ce\u5821-\u5f53\u4ee3\u827a\u672f\u535a\u7269\u9986 \u8499\u7d22\u7f57\u57ce\u5821-\u5f53\u4ee3\u827a\u672f\u535a\u7269\u9986\u662f\u4e16\u754c\u4e0a\u6700\u91cd\u8981\u7684\u5c55\u793a\u827a\u672f\u4e0e\u8bed\u8a00\u56e2\u4f53\u4f5c\u54c1\u7684\u535a\u7269\u9986\uff0c\u62e5\u6709\u6700\u591a\u5173\u4e8e\u8fd9\u4e2a\u56e2\u4f53\u7684\u4f5c\u54c1\u6536\u85cf\u3002\u535a\u7269\u9986\u4f4d\u5904\u7684\u5362\u74e6\u5c14\u6cb3\u8c37\u88ab\u8054\u5408\u56fd\u6559\u79d1\u6587\u7ec4\u7ec7\u5217\u4e3a\u4e16\u754c\u6587\u5316\u9057\u4ea7\uff0c\u5b83\u5750\u843d\u7684\u8499\u7d22\u7f57\u5e02\u9547\u4e5f\u540d\u5217\u201c\u6cd5\u56fd\u6700\u7f8e\u4e3d\u7684\u6751\u5e84\u201d\u3002 \u827a\u672f\u4e0e\u8bed\u8a00 (Art &amp; Language) \u827a\u672f\u4e0e\u8bed\u8a00\u662f\u89c2\u5ff5\u827a\u672f\u8fd0\u52a8\u4e2d\u7684\u5f00\u62d3\u8005\u3002\u8fd9\u4e2a\u56e2\u4f53\u57281968\u5e74\u9996\u6b21\u51fa\u7248\u6742\u5fd7\u300a\u827a\u672f-\u8bed\u8a00\u300b\uff0c\u5bf9\u5f53\u4ee3\u827a\u672f\u4ea7\u751f\u4e86\u6df1\u523b\u7684\u5f71\u54cd\uff1b\u540e\u53c8\u51b3\u5b9a\u91c7\u7528\u6742\u5fd7\u7684\u540d\u5b57\u4e3a\u56e2\u4f53\u547d\u540d\u3002\u4ece20\u4e16\u7eaa60\u5e74\u4ee3\u5f00\u59cb\uff0c\u8be5\u56e2\u4f53\u5c31\u5f00\u59cb\u8bbe\u60f3\u4e00\u79cd\u521b\u4f5c\u6982\u5ff5\u4e0e\u521b\u4f5c\u6750\u6599\u76f8\u5bf9\u5206\u79bb\u7684\u827a\u672f\u5f62\u5f0f\u3002\u66fe\u7ecf\u4ee5\u827a\u672f\u4e0e\u8bed\u8a00\u56e2\u4f53\u7684\u540d\u4e49\u53c2\u4e0e\u521b\u4f5c\u7684\u827a\u672f\u5bb6\u6709\uff1a\u8fc8\u514b\u5c14\u00b7\u9c8d\u5fb7\u6e29\uff08Michael Baldwin\uff09\uff0c\u6885\u5c14\u00b7\u62c9\u59c6\u767b\uff08Mel Ramsden\uff09\uff0c\u67e5\u5c14\u65af\u00b7\u54c8\u91cc\u68ee\uff08Charles Harrison\uff09\uff0c\u7ea6\u745f\u592b\u00b7\u79d1\u82cf\u65af\uff08Joseph Kosuth\uff09\uff0c\u7279\u91cc\u00b7\u963f\u7279\u91d1\u68ee\uff08Terry Atkinson\uff09\uff0c\u54c8\u7f57\u5fb7\u00b7\u54c8\u745e\u5c14\uff08Harold Hurrell\uff09\uff0c\u5927\u536b\u00b7\u672c\u5e03\u91cc\u5947\uff08David Bainbridge\uff09\uff0c\u5b89\u5fb7\u9c81\u00b7\u6885\u7eb3\u5fb7\uff08Andrew Menard\uff09\uff0c\u8fc8\u514b\u5c14\u00b7\u514b\u91cc\u65af\uff08Michael Corris\uff09\uff0c\u4f0a\u5b89\u00b7\u4f2f\u6069\uff08Ian Burn\uff09\uff0c\u83f2\u5229\u666e\u00b7\u5e15\u5ef7\u987f\uff08Philip Pilkington\uff09\uff0c\u51ef\u65af\u6797\u00b7\u6bd5\u683c\u7f57\uff08Kathryn Bigelow\uff09\uff0c\u5927\u536b\u00b7\u62c9\u4ec0\u987f ( David Rushton\uff09\uff0c\u6885\u5965\u00b7\u6c64\u666e\u68ee\uff08Mayo Thompson\uff09\uff0c\u838e\u62c9\u00b7\u67e5\u5c14\u65af\u6c83\u601d\uff08Sarah Charlesworth\uff09\uff0c\u514b\u91cc\u4e1d\u6c40\u00b7\u5e93\u5179\u6d1b\u592b\uff08Christine Koslov\uff09\uff0c\u4fdd\u62c9\u00b7\u62c9\u59c6\u65af\u767b\uff08Paula Ramsden\uff09\uff0c\u666e\u5229\u65af\u987f\u00b7\u5e2d\u52d2\uff08Preston Heller\uff09\uff0c\u6797\u00b7\u52d2\u6885\u65af\u7279\uff08Lynn Lemaster\uff09, \u683c\u96f7\u5384\u59c6\u00b7\u970d\u534e\u5fb7\uff08Graham Howard\uff09\uff0c\u6851\u5fb7\u62c9\u00b7\u54c8\u91cc\u68ee\uff08Sandra Harrison\uff09\uff0c\u5c3c\u683c\u5c14\u00b7\u9c8d\u5a01\u5c14\uff08Nigel Powell\uff09\uff0c\u6cf0\u745e\u00b7\u53f2\u5bc6\u65af\uff08Terry Smith\uff09\uff0c\u5c3c\u683c\u5c14\u00b7\u4f26\u767b\uff08Nigel Lendon\uff09\u30021986\u5e74\uff0c\u827a\u672f\u4e0e\u8bed\u8a00\u83b7\u900f\u7eb3\u5956\u9898\u540d \u5efa\u7b51 \u8499\u7d22\u7f57\u57ce\u5821\u662f\u6cd5\u56fd\u9996\u6279\u6587\u827a\u590d\u5174\u5efa\u7b51\u4e4b\u4e00\uff0c\u5362\u74e6\u5c14\u6cb3\u8c37\u4e2d\u6700\u65e9\u7684\u5b9c\u5c45\u578b\u57ce\u5821\u4e4b\u4e00\uff0c\u4e5f\u662f\u6cb3\u8c37\u4e2d\u552f\u4e00\u4e00\u5ea7\u76f4\u63a5\u5efa\u7b51\u5728\u6cb3\u5e8a\u4e0a\u7684\u57ce\u5821\u30021450\u5e74\uff0c\u6cd5\u5170\u897f\u56fd\u738b\u67e5\u7406\u4e03\u4e16\u548c\u8def\u6613\u5341\u4e00\u5fb7\u9996\u5e2d\u987e\u95ee\u3001\u9a7b\u5a01\u5c3c\u65af\u5916\u4ea4\u5927\u4f7f\u2014\u2014\u738b\u56fd\u5185\u8d22\u5bcc\u9996\u5c48\u4e00\u6307\u7684\u8ba9\u00b7\u5fb7\u00b7\u5c1a\u535a\u4e8c\u4e16\uff08Jean II de Chambes\uff09\u5efa\u9020\u4e86\u8fd9\u5ea7\u57ce\u5821\u3002\u4ed6\u548c\u96c5\u514b\u00b7\u67ef\u5c14\uff08Jacques Coeur\uff09\u7684\u4eb2\u5bc6\u5173\u7cfb\u4ee5\u53ca\u4ed6\u81ea\u8eab\u7684\u8d22\u5bcc\u8ba9\u8499\u7d22\u7f57\u57ce\u5821\u62e5\u6709\u4e86\u5728\u5f53\u65f6\u6781\u4e3a\u524d\u536b\u7684\u5efa\u7b51\u98ce\u683c\u3002 \u5f53\u4ee3\u827a\u672f\u535a\u7269\u9986\u548c\u5362\u74e6\u5c14\u6cb3\u8c37\u57ce\u5821 \u5728\u6536\u85cf\u5bb6\u83f2\u5229\u666e\u00b7\u6885\u7231\u8036\u4e0e\u66fc\u6069-\u5362\u74e6\u5c14\u7701\u7684\u5171\u540c\u5408\u4f5c\u4e4b\u4e0b\uff0c\u8499\u7d22\u7f57\u57ce\u5821-\u5f53\u4ee3\u827a\u672f\u535a\u7269\u9986\u4e8e2016\u5e744\u6708\u5411\u516c\u4f17\u5f00\u653e\u3002\u535a\u7269\u9986\u8fd9\u4e00\u9009\u5740\u7531\u8499\u7d22\u7f57\u57ce\u5821\u7279\u6b8a\u7684\u5efa\u7b51\u98ce\u683c\u548c\u5efa\u9020\u4f4d\u7f6e\u51b3\u5b9a\u3002\u57ce\u5821\u5750\u843d\u4e8e\u5362\u74e6\u5c14\u6cb3\u9053\u4e2d\u7684\u4e00\u5904\u77f3\u5c7f\u4e0a\uff0c\u8fd9\u4e5f\u662f\u5362\u74e6\u5c14\u6cb3\u8c37\u4e2d\u552f\u4e00\u4e00\u5904\u5efa\u9020\u5728\u6cb3\u5e8a\u4e0a\u7684\u57ce\u5821\u3002\u5728\u8499\u7d22\u7f57\u4e0a\u6e38\u4e0d\u8fdc\u5904\uff0c\u7ef4\u57c3\u7eb3\u6cb3\u6c47\u5165\u6cd5\u56fd\u6700\u957f\u7684\u6cb3\u6d41\u5362\u74e6\u5c14\u6cb3\u4e2d\u3002\u5362\u74e6\u5c14\u6cb3\u8c37\u662f\u6cd5\u56fd\u7684\u65c5\u6e38\u80dc\u5730\uff0c\u6781\u5177\u5730\u57df\u7279\u8272\uff0c\u6301\u7eed\u5438\u5f15\u7740\u56fd\u9645\u6e38\u5ba2\u524d\u6765\u6e38\u89c8\u3002 \u4e0e\u8499\u7d22\u7f57\u57ce\u5821-\u5f53\u4ee3\u827a\u672f\u535a\u7269\u9986\u540c\u5c5e\u6cd5\u56fd\u5f53\u4ee3\u4e0e\u73b0\u4ee3\u827a\u672f\u535a\u7269\u9986\u7684\u6709\uff1a\u56fd\u7acb\u73b0\u4ee3\u827a\u672f\u535a\u7269\u9986\uff0c\u5df4\u9ece\u73b0\u4ee3\u827a\u672f\u535a\u7269\u9986\uff0c\u8def\u6613\u5a01\u767b\u57fa\u91d1\u4f1a\u827a\u672f\u4e2d\u5fc3\uff0c\u6ce2\u5c14\u591aCAPC\u5f53\u4ee3\u827a\u672f\u7f8e\u672f\u9986\uff0c\u683c\u52d2\u8bfa\u5e03\u5c14\u7f8e\u672f\u9986\uff08Magasin des horizons\uff09\uff0c\u56fe\u5c14CCCOD\u5f53\u4ee3\u827a\u672f\u4e2d\u5fc3\uff0c\u5723\u666e\u5217\u5723\u827e\u8482\u5b89\u73b0\u4ee3\u827a\u672f\u535a\u7269\u9986\u3002<\/p>\n","protected":false},"author":5,"featured_media":0,"parent":0,"menu_order":0,"comment_status":"closed","ping_status":"closed","template":"","meta":{"footnotes":""},"class_list":["post-6751","page","type-page","status-publish","hentry"],"yoast_head":"<!-- This site is optimized with the Yoast SEO plugin v27.3 - https:\/\/yoast.com\/product\/yoast-seo-wordpress\/ -->\n<title>\u9996\u9875 | Ch\u00e2teau de Montsoreau-Mus\u00e9e d&#039;Art Contemporain<\/title>\n<meta name=\"description\" content=\"\u4e16\u754c\u4e0a\u6700\u5927\u7684\u827a\u672f\u4e0e\u8bed\u8a00 (Art &amp; Language) \u4f5c\u54c1\u6536\u85cf\uff0c\u6982\u5ff5\u827a\u672f\u7684\u5f00\u521b\u6027\u7ec4\u3002\u8ddd\u5362\u74e6\u5c14\u6cb3\u8c37\u5df4\u9ece\u4ec5\u4e24\u4e2a\u5c0f\u65f6\u8def\u7a0b\u7684\u975e\u51e1\u5f53\u4ee3\u827a\u672f\u6536\u85cf\u3002\" \/>\n<meta name=\"robots\" content=\"index, follow, max-snippet:-1, max-image-preview:large, max-video-preview:-1\" \/>\n<link rel=\"canonical\" href=\"https:\/\/www.chateau-montsoreau.com\/wordpress\/zh\/\" \/>\n<meta property=\"og:locale\" content=\"fr_FR\" \/>\n<meta property=\"og:type\" content=\"article\" \/>\n<meta property=\"og:title\" content=\"\u9996\u9875 | Ch\u00e2teau de Montsoreau-Mus\u00e9e d&#039;Art Contemporain\" \/>\n<meta property=\"og:description\" content=\"\u4e16\u754c\u4e0a\u6700\u5927\u7684\u827a\u672f\u4e0e\u8bed\u8a00 (Art &amp; Language) \u4f5c\u54c1\u6536\u85cf\uff0c\u6982\u5ff5\u827a\u672f\u7684\u5f00\u521b\u6027\u7ec4\u3002\u8ddd\u5362\u74e6\u5c14\u6cb3\u8c37\u5df4\u9ece\u4ec5\u4e24\u4e2a\u5c0f\u65f6\u8def\u7a0b\u7684\u975e\u51e1\u5f53\u4ee3\u827a\u672f\u6536\u85cf\u3002\" \/>\n<meta property=\"og:url\" content=\"https:\/\/www.chateau-montsoreau.com\/wordpress\/zh\/\" \/>\n<meta property=\"og:site_name\" content=\"Ch\u00e2teau de Montsoreau-Mus\u00e9e d&#039;Art Contemporain\" \/>\n<meta property=\"article:publisher\" content=\"https:\/\/www.facebook.com\/chateaudemontsoreau\/\" \/>\n<meta property=\"article:modified_time\" content=\"2020-01-27T17:06:42+00:00\" \/>\n<meta property=\"og:image\" content=\"http:\/\/www.chateau-montsoreau.com\/wordpress\/wp-content\/uploads\/2014\/12\/Art-contemporain.jpg\" \/>\n<meta name=\"twitter:card\" content=\"summary_large_image\" \/>\n<meta name=\"twitter:site\" content=\"@Cmontsoreau\" \/>\n<script type=\"application\/ld+json\" class=\"yoast-schema-graph\">{\"@context\":\"https:\\\/\\\/schema.org\",\"@graph\":[{\"@type\":\"WebPage\",\"@id\":\"https:\\\/\\\/www.chateau-montsoreau.com\\\/wordpress\\\/zh\\\/\",\"url\":\"https:\\\/\\\/www.chateau-montsoreau.com\\\/wordpress\\\/zh\\\/\",\"name\":\"\u9996\u9875 | Ch\u00e2teau de Montsoreau-Mus\u00e9e d&#039;Art Contemporain\",\"isPartOf\":{\"@id\":\"https:\\\/\\\/www.chateau-montsoreau.com\\\/wordpress\\\/#website\"},\"primaryImageOfPage\":{\"@id\":\"https:\\\/\\\/www.chateau-montsoreau.com\\\/wordpress\\\/zh\\\/#primaryimage\"},\"image\":{\"@id\":\"https:\\\/\\\/www.chateau-montsoreau.com\\\/wordpress\\\/zh\\\/#primaryimage\"},\"thumbnailUrl\":\"http:\\\/\\\/www.chateau-montsoreau.com\\\/wordpress\\\/wp-content\\\/uploads\\\/2014\\\/12\\\/Art-contemporain.jpg\",\"datePublished\":\"2019-09-09T14:33:48+00:00\",\"dateModified\":\"2020-01-27T17:06:42+00:00\",\"description\":\"\u4e16\u754c\u4e0a\u6700\u5927\u7684\u827a\u672f\u4e0e\u8bed\u8a00 (Art & Language) \u4f5c\u54c1\u6536\u85cf\uff0c\u6982\u5ff5\u827a\u672f\u7684\u5f00\u521b\u6027\u7ec4\u3002\u8ddd\u5362\u74e6\u5c14\u6cb3\u8c37\u5df4\u9ece\u4ec5\u4e24\u4e2a\u5c0f\u65f6\u8def\u7a0b\u7684\u975e\u51e1\u5f53\u4ee3\u827a\u672f\u6536\u85cf\u3002\",\"breadcrumb\":{\"@id\":\"https:\\\/\\\/www.chateau-montsoreau.com\\\/wordpress\\\/zh\\\/#breadcrumb\"},\"inLanguage\":\"fr-FR\",\"potentialAction\":[{\"@type\":\"ReadAction\",\"target\":[\"https:\\\/\\\/www.chateau-montsoreau.com\\\/wordpress\\\/zh\\\/\"]}]},{\"@type\":\"ImageObject\",\"inLanguage\":\"fr-FR\",\"@id\":\"https:\\\/\\\/www.chateau-montsoreau.com\\\/wordpress\\\/zh\\\/#primaryimage\",\"url\":\"http:\\\/\\\/www.chateau-montsoreau.com\\\/wordpress\\\/wp-content\\\/uploads\\\/2014\\\/12\\\/Art-contemporain.jpg\",\"contentUrl\":\"http:\\\/\\\/www.chateau-montsoreau.com\\\/wordpress\\\/wp-content\\\/uploads\\\/2014\\\/12\\\/Art-contemporain.jpg\"},{\"@type\":\"BreadcrumbList\",\"@id\":\"https:\\\/\\\/www.chateau-montsoreau.com\\\/wordpress\\\/zh\\\/#breadcrumb\",\"itemListElement\":[{\"@type\":\"ListItem\",\"position\":1,\"name\":\"Accueil\",\"item\":\"https:\\\/\\\/www.chateau-montsoreau.com\\\/wordpress\\\/fr\\\/\"},{\"@type\":\"ListItem\",\"position\":2,\"name\":\"\u9996\u9875\"}]},{\"@type\":\"WebSite\",\"@id\":\"https:\\\/\\\/www.chateau-montsoreau.com\\\/wordpress\\\/#website\",\"url\":\"https:\\\/\\\/www.chateau-montsoreau.com\\\/wordpress\\\/\",\"name\":\"Ch\u00e2teau de Montsoreau-Mus\u00e9e d&#039;Art Contemporain\",\"description\":\"Ch\u00e2teaux de la Loire Art Contemporain Art Conceptuel\",\"publisher\":{\"@id\":\"https:\\\/\\\/www.chateau-montsoreau.com\\\/wordpress\\\/#organization\"},\"potentialAction\":[{\"@type\":\"SearchAction\",\"target\":{\"@type\":\"EntryPoint\",\"urlTemplate\":\"https:\\\/\\\/www.chateau-montsoreau.com\\\/wordpress\\\/?s={search_term_string}\"},\"query-input\":{\"@type\":\"PropertyValueSpecification\",\"valueRequired\":true,\"valueName\":\"search_term_string\"}}],\"inLanguage\":\"fr-FR\"},{\"@type\":\"Organization\",\"@id\":\"https:\\\/\\\/www.chateau-montsoreau.com\\\/wordpress\\\/#organization\",\"name\":\"Ch\u00e2teau de Montsoreau - Mus\u00e9e d'art contemporain\",\"url\":\"https:\\\/\\\/www.chateau-montsoreau.com\\\/wordpress\\\/\",\"logo\":{\"@type\":\"ImageObject\",\"inLanguage\":\"fr-FR\",\"@id\":\"https:\\\/\\\/www.chateau-montsoreau.com\\\/wordpress\\\/#\\\/schema\\\/logo\\\/image\\\/\",\"url\":\"https:\\\/\\\/www.chateau-montsoreau.com\\\/wordpress\\\/wp-content\\\/uploads\\\/2016\\\/03\\\/Logo-Montsoreau-tout-petit-1.png\",\"contentUrl\":\"https:\\\/\\\/www.chateau-montsoreau.com\\\/wordpress\\\/wp-content\\\/uploads\\\/2016\\\/03\\\/Logo-Montsoreau-tout-petit-1.png\",\"width\":133,\"height\":133,\"caption\":\"Ch\u00e2teau de Montsoreau - Mus\u00e9e d'art contemporain\"},\"image\":{\"@id\":\"https:\\\/\\\/www.chateau-montsoreau.com\\\/wordpress\\\/#\\\/schema\\\/logo\\\/image\\\/\"},\"sameAs\":[\"https:\\\/\\\/www.facebook.com\\\/chateaudemontsoreau\\\/\",\"https:\\\/\\\/x.com\\\/Cmontsoreau\",\"https:\\\/\\\/www.instagram.com\\\/chateaudemontsoreau\\\/\",\"http:\\\/\\\/www.pinterest.com\\\/Cmontsoreau\"]}]}<\/script>\n<!-- \/ Yoast SEO plugin. -->","yoast_head_json":{"title":"\u9996\u9875 | Ch\u00e2teau de Montsoreau-Mus\u00e9e d&#039;Art Contemporain","description":"\u4e16\u754c\u4e0a\u6700\u5927\u7684\u827a\u672f\u4e0e\u8bed\u8a00 (Art & Language) \u4f5c\u54c1\u6536\u85cf\uff0c\u6982\u5ff5\u827a\u672f\u7684\u5f00\u521b\u6027\u7ec4\u3002\u8ddd\u5362\u74e6\u5c14\u6cb3\u8c37\u5df4\u9ece\u4ec5\u4e24\u4e2a\u5c0f\u65f6\u8def\u7a0b\u7684\u975e\u51e1\u5f53\u4ee3\u827a\u672f\u6536\u85cf\u3002","robots":{"index":"index","follow":"follow","max-snippet":"max-snippet:-1","max-image-preview":"max-image-preview:large","max-video-preview":"max-video-preview:-1"},"canonical":"https:\/\/www.chateau-montsoreau.com\/wordpress\/zh\/","og_locale":"fr_FR","og_type":"article","og_title":"\u9996\u9875 | Ch\u00e2teau de Montsoreau-Mus\u00e9e d&#039;Art Contemporain","og_description":"\u4e16\u754c\u4e0a\u6700\u5927\u7684\u827a\u672f\u4e0e\u8bed\u8a00 (Art & Language) \u4f5c\u54c1\u6536\u85cf\uff0c\u6982\u5ff5\u827a\u672f\u7684\u5f00\u521b\u6027\u7ec4\u3002\u8ddd\u5362\u74e6\u5c14\u6cb3\u8c37\u5df4\u9ece\u4ec5\u4e24\u4e2a\u5c0f\u65f6\u8def\u7a0b\u7684\u975e\u51e1\u5f53\u4ee3\u827a\u672f\u6536\u85cf\u3002","og_url":"https:\/\/www.chateau-montsoreau.com\/wordpress\/zh\/","og_site_name":"Ch\u00e2teau de Montsoreau-Mus\u00e9e d&#039;Art Contemporain","article_publisher":"https:\/\/www.facebook.com\/chateaudemontsoreau\/","article_modified_time":"2020-01-27T17:06:42+00:00","og_image":[{"url":"http:\/\/www.chateau-montsoreau.com\/wordpress\/wp-content\/uploads\/2014\/12\/Art-contemporain.jpg","type":"","width":"","height":""}],"twitter_card":"summary_large_image","twitter_site":"@Cmontsoreau","schema":{"@context":"https:\/\/schema.org","@graph":[{"@type":"WebPage","@id":"https:\/\/www.chateau-montsoreau.com\/wordpress\/zh\/","url":"https:\/\/www.chateau-montsoreau.com\/wordpress\/zh\/","name":"\u9996\u9875 | Ch\u00e2teau de Montsoreau-Mus\u00e9e d&#039;Art Contemporain","isPartOf":{"@id":"https:\/\/www.chateau-montsoreau.com\/wordpress\/#website"},"primaryImageOfPage":{"@id":"https:\/\/www.chateau-montsoreau.com\/wordpress\/zh\/#primaryimage"},"image":{"@id":"https:\/\/www.chateau-montsoreau.com\/wordpress\/zh\/#primaryimage"},"thumbnailUrl":"http:\/\/www.chateau-montsoreau.com\/wordpress\/wp-content\/uploads\/2014\/12\/Art-contemporain.jpg","datePublished":"2019-09-09T14:33:48+00:00","dateModified":"2020-01-27T17:06:42+00:00","description":"\u4e16\u754c\u4e0a\u6700\u5927\u7684\u827a\u672f\u4e0e\u8bed\u8a00 (Art & Language) \u4f5c\u54c1\u6536\u85cf\uff0c\u6982\u5ff5\u827a\u672f\u7684\u5f00\u521b\u6027\u7ec4\u3002\u8ddd\u5362\u74e6\u5c14\u6cb3\u8c37\u5df4\u9ece\u4ec5\u4e24\u4e2a\u5c0f\u65f6\u8def\u7a0b\u7684\u975e\u51e1\u5f53\u4ee3\u827a\u672f\u6536\u85cf\u3002","breadcrumb":{"@id":"https:\/\/www.chateau-montsoreau.com\/wordpress\/zh\/#breadcrumb"},"inLanguage":"fr-FR","potentialAction":[{"@type":"ReadAction","target":["https:\/\/www.chateau-montsoreau.com\/wordpress\/zh\/"]}]},{"@type":"ImageObject","inLanguage":"fr-FR","@id":"https:\/\/www.chateau-montsoreau.com\/wordpress\/zh\/#primaryimage","url":"http:\/\/www.chateau-montsoreau.com\/wordpress\/wp-content\/uploads\/2014\/12\/Art-contemporain.jpg","contentUrl":"http:\/\/www.chateau-montsoreau.com\/wordpress\/wp-content\/uploads\/2014\/12\/Art-contemporain.jpg"},{"@type":"BreadcrumbList","@id":"https:\/\/www.chateau-montsoreau.com\/wordpress\/zh\/#breadcrumb","itemListElement":[{"@type":"ListItem","position":1,"name":"Accueil","item":"https:\/\/www.chateau-montsoreau.com\/wordpress\/fr\/"},{"@type":"ListItem","position":2,"name":"\u9996\u9875"}]},{"@type":"WebSite","@id":"https:\/\/www.chateau-montsoreau.com\/wordpress\/#website","url":"https:\/\/www.chateau-montsoreau.com\/wordpress\/","name":"Ch\u00e2teau de Montsoreau-Mus\u00e9e d&#039;Art Contemporain","description":"Ch\u00e2teaux de la Loire Art Contemporain Art Conceptuel","publisher":{"@id":"https:\/\/www.chateau-montsoreau.com\/wordpress\/#organization"},"potentialAction":[{"@type":"SearchAction","target":{"@type":"EntryPoint","urlTemplate":"https:\/\/www.chateau-montsoreau.com\/wordpress\/?s={search_term_string}"},"query-input":{"@type":"PropertyValueSpecification","valueRequired":true,"valueName":"search_term_string"}}],"inLanguage":"fr-FR"},{"@type":"Organization","@id":"https:\/\/www.chateau-montsoreau.com\/wordpress\/#organization","name":"Ch\u00e2teau de Montsoreau - Mus\u00e9e d'art contemporain","url":"https:\/\/www.chateau-montsoreau.com\/wordpress\/","logo":{"@type":"ImageObject","inLanguage":"fr-FR","@id":"https:\/\/www.chateau-montsoreau.com\/wordpress\/#\/schema\/logo\/image\/","url":"https:\/\/www.chateau-montsoreau.com\/wordpress\/wp-content\/uploads\/2016\/03\/Logo-Montsoreau-tout-petit-1.png","contentUrl":"https:\/\/www.chateau-montsoreau.com\/wordpress\/wp-content\/uploads\/2016\/03\/Logo-Montsoreau-tout-petit-1.png","width":133,"height":133,"caption":"Ch\u00e2teau de Montsoreau - Mus\u00e9e d'art contemporain"},"image":{"@id":"https:\/\/www.chateau-montsoreau.com\/wordpress\/#\/schema\/logo\/image\/"},"sameAs":["https:\/\/www.facebook.com\/chateaudemontsoreau\/","https:\/\/x.com\/Cmontsoreau","https:\/\/www.instagram.com\/chateaudemontsoreau\/","http:\/\/www.pinterest.com\/Cmontsoreau"]}]}},"_links":{"self":[{"href":"https:\/\/www.chateau-montsoreau.com\/wordpress\/wp-json\/wp\/v2\/pages\/6751","targetHints":{"allow":["GET"]}}],"collection":[{"href":"https:\/\/www.chateau-montsoreau.com\/wordpress\/wp-json\/wp\/v2\/pages"}],"about":[{"href":"https:\/\/www.chateau-montsoreau.com\/wordpress\/wp-json\/wp\/v2\/types\/page"}],"author":[{"embeddable":true,"href":"https:\/\/www.chateau-montsoreau.com\/wordpress\/wp-json\/wp\/v2\/users\/5"}],"replies":[{"embeddable":true,"href":"https:\/\/www.chateau-montsoreau.com\/wordpress\/wp-json\/wp\/v2\/comments?post=6751"}],"version-history":[{"count":4,"href":"https:\/\/www.chateau-montsoreau.com\/wordpress\/wp-json\/wp\/v2\/pages\/6751\/revisions"}],"predecessor-version":[{"id":7920,"href":"https:\/\/www.chateau-montsoreau.com\/wordpress\/wp-json\/wp\/v2\/pages\/6751\/revisions\/7920"}],"wp:attachment":[{"href":"https:\/\/www.chateau-montsoreau.com\/wordpress\/wp-json\/wp\/v2\/media?parent=6751"}],"curies":[{"name":"wp","href":"https:\/\/api.w.org\/{rel}","templated":true}]}}