{"id":6770,"date":"2019-09-10T18:36:35","date_gmt":"2019-09-10T17:36:35","guid":{"rendered":"http:\/\/www.chateau-montsoreau.com\/wordpress\/?page_id=6770"},"modified":"2019-12-28T19:01:09","modified_gmt":"2019-12-28T18:01:09","slug":"archives","status":"publish","type":"page","link":"https:\/\/www.chateau-montsoreau.com\/wordpress\/fr\/archives\/","title":{"rendered":"Archives"},"content":{"rendered":"<script type=\"text\/javascript\">(function($){$(document).ready(function($){ \"use strict\";var $win = $(window),$container = $(\"#ut-portfolio-items-2501\"),columns = 4,gutter = \"on\",gutterwidth = \"\",guttersize = \"1\",$sortedItems = \"\";function ut_call_isotope( update){if( $(window).width()> 1024){columns = 4;} if( $(window).width()<= 1024){columns = 3;} if( $(window).width()<= 767){columns = 2;} if( gutter === \"on\"){$container.children().width( Math.floor($container.width()\/ columns - ( ( 20 * guttersize)* ( columns - 1)\/ columns))).addClass(\"show\");gutterwidth = 20 * guttersize;} else {$container.children().width( Math.floor($container.width()\/ columns)).addClass(\"show\");gutterwidth = 0;}$container.isotope({itemSelector : \".ut-masonry\",animationEngine : \"best-available\",resizable: false,layoutMode: \"fitRows\",masonry: { columnWidth: $container.width()\/ columns - gutterwidth },itemPositionDataEnabled: true,onLayout: function (elems, instance){$win.trigger(\"scroll\");$container.addClass(\"animated\");elems.addClass(\"animated\");}}).isotope(\"reLayout\"); }function ut_update_isotope_grid(){if( $sortedItems){$container.find(\".last\").removeClass(\"last\");var i = columns - 1;$.each($sortedItems, function(key, value){if($(this).hasClass(\"isotope-hidden\")){i++;}if(((key-i)\/ columns)==0){$(this).addClass(\"last\");i = columns+i;}});$container.isotope(\"reLayout\",function(){ $.waypoints(\"refresh\");});}}$(window).smartresize(function(){ut_call_isotope();ut_update_isotope_grid();}); $(window).load(function(){ut_call_isotope();$sortedItems = $container.data(\"isotope\").$filteredAtoms;ut_update_isotope_grid(); $(\"#ut-portfolio-menu-2501 a\").each(function( index){var searchforclass = $(this).attr(\"data-filter\");if( !$(searchforclass).length){$(this).hide();}});$(\"#ut-portfolio-menu-2501 a\").click(function(){var selector = $(this).attr(\"data-filter\");$container.isotope({ filter: selector });ut_update_isotope_grid();if ( !$(this).hasClass(\"selected\")){$(this).parents(\"#ut-portfolio-menu-2501\").find(\".selected\").removeClass(\"selected\");$(this).addClass(\"selected\");}return false;});});});}(jQuery));<\/script><div id=\"ut-loader-2501\" class=\"ut-portfolio-detail-loader\"><i class=\"fa fa-refresh fa-spin\"><\/i><\/div><div id=\"ut-portfolio-details-wrap-2501\" class=\"ut-portfolio-details-wrap clearfix\"><div id=\"ut-portfolio-details-2501\" class=\"inner ut-portfolio-details\"><div class=\"ut-portfolio-details-navigation\"><a class=\"prev-portfolio-details\" data-wrap=\"2501\" href=\"#\"><\/a><a class=\"close-portfolio-details\" data-wrap=\"2501\" href=\"#\"><\/a><a class=\"next-portfolio-details\" data-wrap=\"2501\" href=\"#\"><\/a><\/div><div id=\"ut-portfolio-detail-8961\" class=\"animated ut-portfolio-detail clearfix\" data-post=\"8961\" data-format=\"\"><div class=\"grid-80 prefix-10 mobile-grid-100 tablet-grid-80 tablet-prefix-10 ut-portfolio-media\"><img class=\"ut-portfolio-image ut-load-me ut-square\" alt=\"Les Flottants exposition 28.06-10.09 2025\" data-original=\"https:\/\/www.chateau-montsoreau.com\/wordpress\/wp-content\/uploads\/2025\/05\/Flottants-sans-texte-1.png\"><\/div><div class=\"grid-70 prefix-15 mobile-grid-100 tablet-grid-70 tablet-prefix-15 entry-content clearfix\"><\/div><\/div><\/div><\/div><div class=\"clear\"><\/div><div id=\"ut-portfolio-wrap\" class=\"ut-portfolio-wrap\" data-textcolor=\"#ffffff\" data-opacity=\"1\" data-hovercolor=\"226,88,62\"><a class=\"ut-portfolio-offset-anchor\" style=\"top:-120px;\" id=\"ut-portfolio-items-2501-anchor\"><\/a><div id=\"ut-portfolio-items-2501\" class=\"ut-portfolio-item-container\"><article class=\"evenements-filt   ut-masonry gutter gutter-1 portfolio-style-one\"><div class=\"ut-portfolio-item ut-hover\"><a class=\"ut-square \" rel=\"bookmark\" title=\"Marx Olaf Nicolai Projection\" href=\"https:\/\/www.chateau-montsoreau.com\/wordpress\/portfolio-item\/marx-olaf-nicolai\/\" target=\"_self\"><figure><img loading=\"lazy\" decoding=\"async\" alt=\"Marx Olaf Nicolai Projection\" width=\"750\" height=\"750\" src=\"https:\/\/www.chateau-montsoreau.com\/wordpress\/wp-content\/plugins\/ut-portfolio\/i\/?w=750&amp;h=750\" class=\"portfolio-lazy\"  data-original=\"https:\/\/www.chateau-montsoreau.com\/wordpress\/wp-content\/uploads\/2025\/09\/marx-750x750.png\" \/><\/figure><div class=\"ut-hover-layer\"><div class=\"ut-portfolio-info\"><div class=\"ut-portfolio-info-c\"><h2 class=\"portfolio-title\">Marx Olaf Nicolai Projection<\/h2><span>\u00c9v\u00e9nements archives<\/span><\/div><\/div><\/div><\/a><\/div><\/article><article class=\"evenements-filt   ut-masonry gutter gutter-1 portfolio-style-one\"><div class=\"ut-portfolio-item ut-hover\"><a class=\"ut-square \" rel=\"bookmark\" title=\"La Grande Remont\u00e9e de Loire 9-10 septembre 2025\" href=\"https:\/\/www.chateau-montsoreau.com\/wordpress\/portfolio-item\/la-grande-remontee-septembre-2025\/\" target=\"_self\"><figure><img loading=\"lazy\" decoding=\"async\" alt=\"La Grande Remont\u00e9e de Loire 9-10 septembre 2025\" width=\"750\" height=\"750\" src=\"https:\/\/www.chateau-montsoreau.com\/wordpress\/wp-content\/plugins\/ut-portfolio\/i\/?w=750&amp;h=750\" class=\"portfolio-lazy\"  data-original=\"https:\/\/www.chateau-montsoreau.com\/wordpress\/wp-content\/uploads\/2025\/05\/DJI_20230906174155_0043_D-scaled-750x750.jpg\" \/><\/figure><div class=\"ut-hover-layer\"><div class=\"ut-portfolio-info\"><div class=\"ut-portfolio-info-c\"><h2 class=\"portfolio-title\">La Grande Remont\u00e9e de Loire 9-10 septembre 2025<\/h2><span>\u00c9v\u00e9nements archives<\/span><\/div><\/div><\/div><\/a><\/div><\/article><article class=\"evenements-filt   ut-masonry gutter gutter-1 portfolio-style-one\"><div class=\"ut-portfolio-item ut-hover\"><a class=\"ut-portfolio-link ut-square \" rel=\"bookmark\" title=\"Les Flottants exposition 28.06-10.09 2025\" data-wrap=\"2501\" data-post=\"8961\" href=\"#ut-portfolio-details-wrap-2501\"><figure><img loading=\"lazy\" decoding=\"async\" alt=\"Les Flottants exposition 28.06-10.09 2025\" width=\"750\" height=\"750\" src=\"https:\/\/www.chateau-montsoreau.com\/wordpress\/wp-content\/plugins\/ut-portfolio\/i\/?w=750&amp;h=750\" class=\"portfolio-lazy\"  data-original=\"https:\/\/www.chateau-montsoreau.com\/wordpress\/wp-content\/uploads\/2025\/05\/Flottants-sans-texte-1-750x750.png\" \/><\/figure><div class=\"ut-hover-layer\"><div class=\"ut-portfolio-info\"><div class=\"ut-portfolio-info-c\"><h2 class=\"portfolio-title\">Les Flottants exposition 28.06-10.09 2025<\/h2><span>\u00c9v\u00e9nements archives<\/span><\/div><\/div><\/div><\/a><\/div><\/article><article class=\"evenements-filt  last ut-masonry gutter gutter-1 portfolio-style-one\"><div class=\"ut-portfolio-item ut-hover\"><a class=\"ut-square \" rel=\"bookmark\" title=\"Exposition L&rsquo;effet Miroir 11.07-03.11.2025\" href=\"https:\/\/www.chateau-montsoreau.com\/wordpress\/portfolio-item\/exposition-leffet-miroir-11-07-03-11-2025\/\" target=\"_self\"><figure><img loading=\"lazy\" decoding=\"async\" alt=\"Exposition L&rsquo;effet Miroir 11.07-03.11.2025\" width=\"750\" height=\"750\" src=\"https:\/\/www.chateau-montsoreau.com\/wordpress\/wp-content\/plugins\/ut-portfolio\/i\/?w=750&amp;h=750\" class=\"portfolio-lazy\"  data-original=\"https:\/\/www.chateau-montsoreau.com\/wordpress\/wp-content\/uploads\/2025\/05\/NEIL-BUSH-SILVERADO-MDC-2nd-version-1996-scaled-750x750.jpg\" \/><\/figure><div class=\"ut-hover-layer\"><div class=\"ut-portfolio-info\"><div class=\"ut-portfolio-info-c\"><h2 class=\"portfolio-title\">Exposition L&rsquo;effet Miroir 11.07-03.11.2025<\/h2><span>\u00c9v\u00e9nements archives<\/span><\/div><\/div><\/div><\/a><\/div><\/article><article class=\"evenements-filt   ut-masonry gutter gutter-1 portfolio-style-one\"><div class=\"ut-portfolio-item ut-hover\"><a class=\"ut-square \" rel=\"bookmark\" title=\"Specific Cheeses 27 septembre \u00e0 17h\" href=\"https:\/\/www.chateau-montsoreau.com\/wordpress\/portfolio-item\/specific-cheeses-27-septembre-2025\/\" target=\"_self\"><figure><img loading=\"lazy\" decoding=\"async\" alt=\"Specific Cheeses 27 septembre \u00e0 17h\" width=\"750\" height=\"750\" src=\"https:\/\/www.chateau-montsoreau.com\/wordpress\/wp-content\/plugins\/ut-portfolio\/i\/?w=750&amp;h=750\" class=\"portfolio-lazy\"  data-original=\"https:\/\/www.chateau-montsoreau.com\/wordpress\/wp-content\/uploads\/2025\/05\/image-site-web-750x750.jpg\" \/><\/figure><div class=\"ut-hover-layer\"><div class=\"ut-portfolio-info\"><div class=\"ut-portfolio-info-c\"><h2 class=\"portfolio-title\">Specific Cheeses 27 septembre \u00e0 17h<\/h2><span>\u00c9v\u00e9nements archives<\/span><\/div><\/div><\/div><\/a><\/div><\/article><article class=\"evenements-filt   ut-masonry gutter gutter-1 portfolio-style-one\"><div class=\"ut-portfolio-item ut-hover\"><a class=\"ut-square \" rel=\"bookmark\" title=\"Images et sons vagabonds 19 juillet \u00e0 21h30\" href=\"https:\/\/www.chateau-montsoreau.com\/wordpress\/portfolio-item\/images-et-sons-vagabonds-19-juillet-a-21h30\/\" target=\"_self\"><figure><img loading=\"lazy\" decoding=\"async\" alt=\"Images et sons vagabonds 19 juillet \u00e0 21h30\" width=\"750\" height=\"750\" src=\"https:\/\/www.chateau-montsoreau.com\/wordpress\/wp-content\/plugins\/ut-portfolio\/i\/?w=750&amp;h=750\" class=\"portfolio-lazy\"  data-original=\"https:\/\/www.chateau-montsoreau.com\/wordpress\/wp-content\/uploads\/2025\/05\/le_gala-20-Estelle-Chaigne-scaled-750x750.jpg\" \/><\/figure><div class=\"ut-hover-layer\"><div class=\"ut-portfolio-info\"><div class=\"ut-portfolio-info-c\"><h2 class=\"portfolio-title\">Images et sons vagabonds 19 juillet \u00e0 21h30<\/h2><span>\u00c9v\u00e9nements archives<\/span><\/div><\/div><\/div><\/a><\/div><\/article><article class=\"evenements-filt   ut-masonry gutter gutter-1 portfolio-style-one\"><div class=\"ut-portfolio-item ut-hover\"><a class=\"ut-square \" rel=\"bookmark\" title=\"Exposition Art &#038; Language : entretien avec un humoriste ob\u00e9issant\u00a0 25.04-01.07.2025\" href=\"https:\/\/www.chateau-montsoreau.com\/wordpress\/portfolio-item\/exposition-art-language-entretien-avec-un-humoriste-obeissant-25-04-01-07-2025\/\" target=\"_self\"><figure><img loading=\"lazy\" decoding=\"async\" alt=\"Exposition Art &#038; Language : entretien avec un humoriste ob\u00e9issant\u00a0 25.04-01.07.2025\" width=\"750\" height=\"750\" src=\"https:\/\/www.chateau-montsoreau.com\/wordpress\/wp-content\/plugins\/ut-portfolio\/i\/?w=750&amp;h=750\" class=\"portfolio-lazy\"  data-original=\"https:\/\/www.chateau-montsoreau.com\/wordpress\/wp-content\/uploads\/2025\/04\/affiche-750x750.jpg\" \/><\/figure><div class=\"ut-hover-layer\"><div class=\"ut-portfolio-info\"><div class=\"ut-portfolio-info-c\"><h2 class=\"portfolio-title\">Exposition Art &#038; Language : entretien avec un humoriste ob\u00e9issant\u00a0 25.04-01.07.2025<\/h2><span>\u00c9v\u00e9nements archives<\/span><\/div><\/div><\/div><\/a><\/div><\/article><article class=\"evenements-filt  last ut-masonry gutter gutter-1 portfolio-style-one\"><div class=\"ut-portfolio-item ut-hover\"><a class=\"ut-square \" rel=\"bookmark\" title=\"Art &#038; Language There is nothing to see \u00e0 partir du 25.04.2025\" href=\"https:\/\/www.chateau-montsoreau.com\/wordpress\/portfolio-item\/art-language-there-is-nothing-to-see-a-partir-du-25-04-2025\/\" target=\"_self\"><figure><img loading=\"lazy\" decoding=\"async\" alt=\"Art &#038; Language There is nothing to see \u00e0 partir du 25.04.2025\" width=\"750\" height=\"750\" src=\"https:\/\/www.chateau-montsoreau.com\/wordpress\/wp-content\/plugins\/ut-portfolio\/i\/?w=750&amp;h=750\" class=\"portfolio-lazy\"  data-original=\"https:\/\/www.chateau-montsoreau.com\/wordpress\/wp-content\/uploads\/2025\/04\/there-is-nothing-to-see-750x750.png\" \/><\/figure><div class=\"ut-hover-layer\"><div class=\"ut-portfolio-info\"><div class=\"ut-portfolio-info-c\"><h2 class=\"portfolio-title\">Art &#038; Language There is nothing to see \u00e0 partir du 25.04.2025<\/h2><span>\u00c9v\u00e9nements archives<\/span><\/div><\/div><\/div><\/a><\/div><\/article><article class=\"evenements-filt   ut-masonry gutter gutter-1 portfolio-style-one\"><div class=\"ut-portfolio-item ut-hover\"><a class=\"ut-square \" rel=\"bookmark\" title=\"Rencontre avec Harry Roselmack samedi 5 avril 2025\" href=\"https:\/\/www.chateau-montsoreau.com\/wordpress\/portfolio-item\/rencontre-avec-harry-roselmack\/\" target=\"_self\"><figure><img loading=\"lazy\" decoding=\"async\" alt=\"Rencontre avec Harry Roselmack samedi 5 avril 2025\" width=\"750\" height=\"750\" src=\"https:\/\/www.chateau-montsoreau.com\/wordpress\/wp-content\/plugins\/ut-portfolio\/i\/?w=750&amp;h=750\" class=\"portfolio-lazy\"  data-original=\"https:\/\/www.chateau-montsoreau.com\/wordpress\/wp-content\/uploads\/2025\/02\/Harry-Roselmack-2-scaled-750x750.jpg\" \/><\/figure><div class=\"ut-hover-layer\"><div class=\"ut-portfolio-info\"><div class=\"ut-portfolio-info-c\"><h2 class=\"portfolio-title\">Rencontre avec Harry Roselmack samedi 5 avril 2025<\/h2><span>\u00c9v\u00e9nements archives<\/span><\/div><\/div><\/div><\/a><\/div><\/article><article class=\"evenements-filt   ut-masonry gutter gutter-1 portfolio-style-one\"><div class=\"ut-portfolio-item ut-hover\"><a class=\"ut-square \" rel=\"bookmark\" title=\"Cours de litt\u00e9rature g\u00e9n\u00e9rale 22 mars 2025 WE Mus\u00e9es Telerama\" href=\"https:\/\/www.chateau-montsoreau.com\/wordpress\/portfolio-item\/cours-de-litterature-generale\/\" target=\"_self\"><figure><img loading=\"lazy\" decoding=\"async\" alt=\"Cours de litt\u00e9rature g\u00e9n\u00e9rale 22 mars 2025 WE Mus\u00e9es Telerama\" width=\"750\" height=\"750\" src=\"https:\/\/www.chateau-montsoreau.com\/wordpress\/wp-content\/plugins\/ut-portfolio\/i\/?w=750&amp;h=750\" class=\"portfolio-lazy\"  data-original=\"https:\/\/www.chateau-montsoreau.com\/wordpress\/wp-content\/uploads\/2025\/02\/Largent_Peguy_Allia-750x750.jpeg\" \/><\/figure><div class=\"ut-hover-layer\"><div class=\"ut-portfolio-info\"><div class=\"ut-portfolio-info-c\"><h2 class=\"portfolio-title\">Cours de litt\u00e9rature g\u00e9n\u00e9rale 22 mars 2025 WE Mus\u00e9es Telerama<\/h2><span>\u00c9v\u00e9nements archives<\/span><\/div><\/div><\/div><\/a><\/div><\/article><article class=\"evenements-filt   ut-masonry gutter gutter-1 portfolio-style-one\"><div class=\"ut-portfolio-item ut-hover\"><a class=\"ut-square \" rel=\"bookmark\" title=\"Le D\u00e9cathlon d&rsquo;Apollon 15 juin \u2013 11 ao\u00fbt 2024\" href=\"https:\/\/www.chateau-montsoreau.com\/wordpress\/portfolio-item\/le-decathlon-dapollon-27-mai-31-juillet-2024\/\" target=\"_self\"><figure><img loading=\"lazy\" decoding=\"async\" alt=\"Le D\u00e9cathlon d&rsquo;Apollon 15 juin \u2013 11 ao\u00fbt 2024\" width=\"750\" height=\"750\" src=\"https:\/\/www.chateau-montsoreau.com\/wordpress\/wp-content\/plugins\/ut-portfolio\/i\/?w=750&amp;h=750\" class=\"portfolio-lazy\"  data-original=\"https:\/\/www.chateau-montsoreau.com\/wordpress\/wp-content\/uploads\/2024\/03\/Label-bleu-Olympiade-Culturelle-750x750.png\" \/><\/figure><div class=\"ut-hover-layer\"><div class=\"ut-portfolio-info\"><div class=\"ut-portfolio-info-c\"><h2 class=\"portfolio-title\">Le D\u00e9cathlon d&rsquo;Apollon 15 juin \u2013 11 ao\u00fbt 2024<\/h2><span>\u00c9v\u00e9nements archives<\/span><\/div><\/div><\/div><\/a><\/div><\/article><article class=\"evenements-filt  last ut-masonry gutter gutter-1 portfolio-style-one\"><div class=\"ut-portfolio-item ut-hover\"><a class=\"ut-square \" rel=\"bookmark\" title=\"Nuit Blanche 27 mai 2024\" href=\"https:\/\/www.chateau-montsoreau.com\/wordpress\/portfolio-item\/nuit-blanche-27-mai-2024\/\" target=\"_self\"><figure><img loading=\"lazy\" decoding=\"async\" alt=\"Nuit Blanche 27 mai 2024\" width=\"750\" height=\"750\" src=\"https:\/\/www.chateau-montsoreau.com\/wordpress\/wp-content\/plugins\/ut-portfolio\/i\/?w=750&amp;h=750\" class=\"portfolio-lazy\"  data-original=\"https:\/\/www.chateau-montsoreau.com\/wordpress\/wp-content\/uploads\/2024\/03\/640px-4heic0516d-750x750.jpg\" \/><\/figure><div class=\"ut-hover-layer\"><div class=\"ut-portfolio-info\"><div class=\"ut-portfolio-info-c\"><h2 class=\"portfolio-title\">Nuit Blanche 27 mai 2024<\/h2><span>\u00c9v\u00e9nements archives<\/span><\/div><\/div><\/div><\/a><\/div><\/article><\/div><nav class=\"ut-portfolio-pagination clearfix style_two\"><a href=\"?paged=1&amp;portfolioID=2501&amp;termID=#ut-portfolio-items-2501-anchor\" class=\"selected\">1<\/a><a href=\"?paged=2&amp;portfolioID=2501&amp;termID=#ut-portfolio-items-2501-anchor\" class=\"\">2<\/a><a href=\"?paged=3&amp;portfolioID=2501&amp;termID=#ut-portfolio-items-2501-anchor\" class=\"\">3<\/a><a href=\"?paged=4&amp;portfolioID=2501&amp;termID=#ut-portfolio-items-2501-anchor\" class=\"\">4<\/a><a href=\"?paged=5&amp;portfolioID=2501&amp;termID=#ut-portfolio-items-2501-anchor\" class=\"\">5<\/a><a href=\"?paged=6&amp;portfolioID=2501&amp;termID=#ut-portfolio-items-2501-anchor\" class=\"\">6<\/a><a href=\"?paged=2&amp;portfolioID=2501&amp;termID=#ut-portfolio-items-2501-anchor\"><i class=\"fa fa-angle-double-right\"><\/i><\/a><\/nav><\/div>\n","protected":false},"excerpt":{"rendered":"","protected":false},"author":5,"featured_media":0,"parent":0,"menu_order":0,"comment_status":"closed","ping_status":"closed","template":"","meta":{"footnotes":""},"class_list":["post-6770","page","type-page","status-publish","hentry"],"yoast_head":"<!-- This site is optimized with the Yoast SEO plugin v27.3 - https:\/\/yoast.com\/product\/yoast-seo-wordpress\/ -->\n<title>Archives | Ch\u00e2teau de Montsoreau-Mus\u00e9e d&#039;Art Contemporain<\/title>\n<meta name=\"description\" content=\"Acc\u00e9dez aux archives des \u00e9v\u00e8nements pass\u00e9s au Ch\u00e2teau de Montsoreau - Mus\u00e9e d&#039;art contemporain\" \/>\n<meta name=\"robots\" content=\"index, follow, max-snippet:-1, max-image-preview:large, max-video-preview:-1\" \/>\n<link rel=\"canonical\" href=\"https:\/\/www.chateau-montsoreau.com\/wordpress\/fr\/archives\/\" \/>\n<meta property=\"og:locale\" content=\"fr_FR\" \/>\n<meta property=\"og:type\" content=\"article\" \/>\n<meta property=\"og:title\" content=\"Archives | Ch\u00e2teau de Montsoreau-Mus\u00e9e d&#039;Art Contemporain\" \/>\n<meta property=\"og:description\" content=\"Acc\u00e9dez aux archives des \u00e9v\u00e8nements pass\u00e9s au Ch\u00e2teau de Montsoreau - Mus\u00e9e d&#039;art contemporain\" \/>\n<meta property=\"og:url\" content=\"https:\/\/www.chateau-montsoreau.com\/wordpress\/fr\/archives\/\" \/>\n<meta property=\"og:site_name\" content=\"Ch\u00e2teau de Montsoreau-Mus\u00e9e d&#039;Art Contemporain\" \/>\n<meta property=\"article:publisher\" content=\"https:\/\/www.facebook.com\/chateaudemontsoreau\/\" \/>\n<meta property=\"article:modified_time\" content=\"2019-12-28T18:01:09+00:00\" \/>\n<meta name=\"twitter:card\" content=\"summary_large_image\" \/>\n<meta name=\"twitter:site\" content=\"@Cmontsoreau\" \/>\n<script type=\"application\/ld+json\" class=\"yoast-schema-graph\">{\"@context\":\"https:\\\/\\\/schema.org\",\"@graph\":[{\"@type\":\"WebPage\",\"@id\":\"https:\\\/\\\/www.chateau-montsoreau.com\\\/wordpress\\\/fr\\\/archives\\\/\",\"url\":\"https:\\\/\\\/www.chateau-montsoreau.com\\\/wordpress\\\/fr\\\/archives\\\/\",\"name\":\"Archives | Ch\u00e2teau de Montsoreau-Mus\u00e9e d&#039;Art Contemporain\",\"isPartOf\":{\"@id\":\"https:\\\/\\\/www.chateau-montsoreau.com\\\/wordpress\\\/#website\"},\"datePublished\":\"2019-09-10T17:36:35+00:00\",\"dateModified\":\"2019-12-28T18:01:09+00:00\",\"description\":\"Acc\u00e9dez aux archives des \u00e9v\u00e8nements pass\u00e9s au Ch\u00e2teau de Montsoreau - Mus\u00e9e d'art contemporain\",\"breadcrumb\":{\"@id\":\"https:\\\/\\\/www.chateau-montsoreau.com\\\/wordpress\\\/fr\\\/archives\\\/#breadcrumb\"},\"inLanguage\":\"fr-FR\",\"potentialAction\":[{\"@type\":\"ReadAction\",\"target\":[\"https:\\\/\\\/www.chateau-montsoreau.com\\\/wordpress\\\/fr\\\/archives\\\/\"]}]},{\"@type\":\"BreadcrumbList\",\"@id\":\"https:\\\/\\\/www.chateau-montsoreau.com\\\/wordpress\\\/fr\\\/archives\\\/#breadcrumb\",\"itemListElement\":[{\"@type\":\"ListItem\",\"position\":1,\"name\":\"Accueil\",\"item\":\"https:\\\/\\\/www.chateau-montsoreau.com\\\/wordpress\\\/fr\\\/\"},{\"@type\":\"ListItem\",\"position\":2,\"name\":\"Archives\"}]},{\"@type\":\"WebSite\",\"@id\":\"https:\\\/\\\/www.chateau-montsoreau.com\\\/wordpress\\\/#website\",\"url\":\"https:\\\/\\\/www.chateau-montsoreau.com\\\/wordpress\\\/\",\"name\":\"Ch\u00e2teau de Montsoreau-Mus\u00e9e d&#039;Art Contemporain\",\"description\":\"Ch\u00e2teaux de la Loire Art Contemporain Art Conceptuel\",\"publisher\":{\"@id\":\"https:\\\/\\\/www.chateau-montsoreau.com\\\/wordpress\\\/#organization\"},\"potentialAction\":[{\"@type\":\"SearchAction\",\"target\":{\"@type\":\"EntryPoint\",\"urlTemplate\":\"https:\\\/\\\/www.chateau-montsoreau.com\\\/wordpress\\\/?s={search_term_string}\"},\"query-input\":{\"@type\":\"PropertyValueSpecification\",\"valueRequired\":true,\"valueName\":\"search_term_string\"}}],\"inLanguage\":\"fr-FR\"},{\"@type\":\"Organization\",\"@id\":\"https:\\\/\\\/www.chateau-montsoreau.com\\\/wordpress\\\/#organization\",\"name\":\"Ch\u00e2teau de Montsoreau - Mus\u00e9e d'art contemporain\",\"url\":\"https:\\\/\\\/www.chateau-montsoreau.com\\\/wordpress\\\/\",\"logo\":{\"@type\":\"ImageObject\",\"inLanguage\":\"fr-FR\",\"@id\":\"https:\\\/\\\/www.chateau-montsoreau.com\\\/wordpress\\\/#\\\/schema\\\/logo\\\/image\\\/\",\"url\":\"https:\\\/\\\/www.chateau-montsoreau.com\\\/wordpress\\\/wp-content\\\/uploads\\\/2016\\\/03\\\/Logo-Montsoreau-tout-petit-1.png\",\"contentUrl\":\"https:\\\/\\\/www.chateau-montsoreau.com\\\/wordpress\\\/wp-content\\\/uploads\\\/2016\\\/03\\\/Logo-Montsoreau-tout-petit-1.png\",\"width\":133,\"height\":133,\"caption\":\"Ch\u00e2teau de Montsoreau - Mus\u00e9e d'art contemporain\"},\"image\":{\"@id\":\"https:\\\/\\\/www.chateau-montsoreau.com\\\/wordpress\\\/#\\\/schema\\\/logo\\\/image\\\/\"},\"sameAs\":[\"https:\\\/\\\/www.facebook.com\\\/chateaudemontsoreau\\\/\",\"https:\\\/\\\/x.com\\\/Cmontsoreau\",\"https:\\\/\\\/www.instagram.com\\\/chateaudemontsoreau\\\/\",\"http:\\\/\\\/www.pinterest.com\\\/Cmontsoreau\"]}]}<\/script>\n<!-- \/ Yoast SEO plugin. -->","yoast_head_json":{"title":"Archives | Ch\u00e2teau de Montsoreau-Mus\u00e9e d&#039;Art Contemporain","description":"Acc\u00e9dez aux archives des \u00e9v\u00e8nements pass\u00e9s au Ch\u00e2teau de Montsoreau - Mus\u00e9e d'art contemporain","robots":{"index":"index","follow":"follow","max-snippet":"max-snippet:-1","max-image-preview":"max-image-preview:large","max-video-preview":"max-video-preview:-1"},"canonical":"https:\/\/www.chateau-montsoreau.com\/wordpress\/fr\/archives\/","og_locale":"fr_FR","og_type":"article","og_title":"Archives | Ch\u00e2teau de Montsoreau-Mus\u00e9e d&#039;Art Contemporain","og_description":"Acc\u00e9dez aux archives des \u00e9v\u00e8nements pass\u00e9s au Ch\u00e2teau de Montsoreau - Mus\u00e9e d'art contemporain","og_url":"https:\/\/www.chateau-montsoreau.com\/wordpress\/fr\/archives\/","og_site_name":"Ch\u00e2teau de Montsoreau-Mus\u00e9e d&#039;Art Contemporain","article_publisher":"https:\/\/www.facebook.com\/chateaudemontsoreau\/","article_modified_time":"2019-12-28T18:01:09+00:00","twitter_card":"summary_large_image","twitter_site":"@Cmontsoreau","schema":{"@context":"https:\/\/schema.org","@graph":[{"@type":"WebPage","@id":"https:\/\/www.chateau-montsoreau.com\/wordpress\/fr\/archives\/","url":"https:\/\/www.chateau-montsoreau.com\/wordpress\/fr\/archives\/","name":"Archives | Ch\u00e2teau de Montsoreau-Mus\u00e9e d&#039;Art Contemporain","isPartOf":{"@id":"https:\/\/www.chateau-montsoreau.com\/wordpress\/#website"},"datePublished":"2019-09-10T17:36:35+00:00","dateModified":"2019-12-28T18:01:09+00:00","description":"Acc\u00e9dez aux archives des \u00e9v\u00e8nements pass\u00e9s au Ch\u00e2teau de Montsoreau - Mus\u00e9e d'art contemporain","breadcrumb":{"@id":"https:\/\/www.chateau-montsoreau.com\/wordpress\/fr\/archives\/#breadcrumb"},"inLanguage":"fr-FR","potentialAction":[{"@type":"ReadAction","target":["https:\/\/www.chateau-montsoreau.com\/wordpress\/fr\/archives\/"]}]},{"@type":"BreadcrumbList","@id":"https:\/\/www.chateau-montsoreau.com\/wordpress\/fr\/archives\/#breadcrumb","itemListElement":[{"@type":"ListItem","position":1,"name":"Accueil","item":"https:\/\/www.chateau-montsoreau.com\/wordpress\/fr\/"},{"@type":"ListItem","position":2,"name":"Archives"}]},{"@type":"WebSite","@id":"https:\/\/www.chateau-montsoreau.com\/wordpress\/#website","url":"https:\/\/www.chateau-montsoreau.com\/wordpress\/","name":"Ch\u00e2teau de Montsoreau-Mus\u00e9e d&#039;Art Contemporain","description":"Ch\u00e2teaux de la Loire Art Contemporain Art Conceptuel","publisher":{"@id":"https:\/\/www.chateau-montsoreau.com\/wordpress\/#organization"},"potentialAction":[{"@type":"SearchAction","target":{"@type":"EntryPoint","urlTemplate":"https:\/\/www.chateau-montsoreau.com\/wordpress\/?s={search_term_string}"},"query-input":{"@type":"PropertyValueSpecification","valueRequired":true,"valueName":"search_term_string"}}],"inLanguage":"fr-FR"},{"@type":"Organization","@id":"https:\/\/www.chateau-montsoreau.com\/wordpress\/#organization","name":"Ch\u00e2teau de Montsoreau - Mus\u00e9e d'art contemporain","url":"https:\/\/www.chateau-montsoreau.com\/wordpress\/","logo":{"@type":"ImageObject","inLanguage":"fr-FR","@id":"https:\/\/www.chateau-montsoreau.com\/wordpress\/#\/schema\/logo\/image\/","url":"https:\/\/www.chateau-montsoreau.com\/wordpress\/wp-content\/uploads\/2016\/03\/Logo-Montsoreau-tout-petit-1.png","contentUrl":"https:\/\/www.chateau-montsoreau.com\/wordpress\/wp-content\/uploads\/2016\/03\/Logo-Montsoreau-tout-petit-1.png","width":133,"height":133,"caption":"Ch\u00e2teau de Montsoreau - Mus\u00e9e d'art contemporain"},"image":{"@id":"https:\/\/www.chateau-montsoreau.com\/wordpress\/#\/schema\/logo\/image\/"},"sameAs":["https:\/\/www.facebook.com\/chateaudemontsoreau\/","https:\/\/x.com\/Cmontsoreau","https:\/\/www.instagram.com\/chateaudemontsoreau\/","http:\/\/www.pinterest.com\/Cmontsoreau"]}]}},"_links":{"self":[{"href":"https:\/\/www.chateau-montsoreau.com\/wordpress\/wp-json\/wp\/v2\/pages\/6770","targetHints":{"allow":["GET"]}}],"collection":[{"href":"https:\/\/www.chateau-montsoreau.com\/wordpress\/wp-json\/wp\/v2\/pages"}],"about":[{"href":"https:\/\/www.chateau-montsoreau.com\/wordpress\/wp-json\/wp\/v2\/types\/page"}],"author":[{"embeddable":true,"href":"https:\/\/www.chateau-montsoreau.com\/wordpress\/wp-json\/wp\/v2\/users\/5"}],"replies":[{"embeddable":true,"href":"https:\/\/www.chateau-montsoreau.com\/wordpress\/wp-json\/wp\/v2\/comments?post=6770"}],"version-history":[{"count":1,"href":"https:\/\/www.chateau-montsoreau.com\/wordpress\/wp-json\/wp\/v2\/pages\/6770\/revisions"}],"predecessor-version":[{"id":6771,"href":"https:\/\/www.chateau-montsoreau.com\/wordpress\/wp-json\/wp\/v2\/pages\/6770\/revisions\/6771"}],"wp:attachment":[{"href":"https:\/\/www.chateau-montsoreau.com\/wordpress\/wp-json\/wp\/v2\/media?parent=6770"}],"curies":[{"name":"wp","href":"https:\/\/api.w.org\/{rel}","templated":true}]}}