{"id":6839,"date":"2019-09-11T11:01:46","date_gmt":"2019-09-11T10:01:46","guid":{"rendered":"http:\/\/www.chateau-montsoreau.com\/wordpress\/?page_id=6839"},"modified":"2019-09-11T14:45:59","modified_gmt":"2019-09-11T13:45:59","slug":"menzioni-legali","status":"publish","type":"page","link":"https:\/\/www.chateau-montsoreau.com\/wordpress\/it\/menzioni-legali\/","title":{"rendered":"Menzioni legali"},"content":{"rendered":"<h2>Informazioni per l&rsquo;editore<\/h2>\n<p>Castello di Montsoreau<br \/>\nPassaggio del marchese di Geoffre<br \/>\n49730 Montsoreau<br \/>\nSiret 818 111 460 00015<br \/>\nTel: +33 (0)2 41 67 12 60<br \/>\nDirettore della pubblicazione: Philippe M\u00e9aille<\/p>\n<h2>Informazioni di hosting<\/h2>\n<p>Ospite: OVH<br \/>\nAzienda: OVH<br \/>\nIndirizzo web: www.ovh.com<br \/>\nIndirizzo postale: 2 rue kellermann<br \/>\nBP 80157.<br \/>\n59053 ROUBAIX Cedex 1<br \/>\nTelefono: +33 (0)8 203 203 63<br \/>\nIndirizzo e-mail (E-Mail): support@ovh.com<br \/>\nmodulo di comunicazione da seguire sul sito web \u00ab\u00a0OVH<\/p>\n<h2>Scrittura del sito web<\/h2>\n<p>Tristan Diguet<br \/>\nReparto Comunicazione<br \/>\nCastello di Montsoreau<br \/>\n49730 Montsoreau<br \/>\nFrancia<br \/>\nlechateaudemontsoreau@gmail.com<\/p>\n<h2>Propriet\u00e0 intellettuale e informazione culturale pubblica<\/h2>\n<p>I contenuti scientifici, culturali ed educativi (testi, documenti sonori, audiovisivi e multimediali, senza che questo elenco sia esaustivo) cos\u00ec come le riproduzioni iconografiche e fotografiche delle opere presentate su questo sito sono protetti dal diritto di propriet\u00e0 intellettuale.<\/p>\n<p>Tra queste informazioni culturali pubbliche, solo le fotografie e i testi alle condizioni definite qui di seguito possono essere riutilizzati ai sensi dell&rsquo;articolo 11 della legge n. 78-753 del 17 luglio 1978:<\/p>\n<p><strong>Fotografie<\/strong><br \/>\nLe fotografie sono di propriet\u00e0 esclusiva di Ch\u00e2teau de Montsoreau e sono utilizzate da Ch\u00e2teau de Montsoreau con l&rsquo;autorizzazione dei loro autori o cessionari.\u00a0 \u00c8 vietato qualsiasi riutilizzo non commerciale, commerciale e\/o editoriale di immagini provenienti dalle collezioni del Castello di Montsoreau o dalla scenografia di mostre e altri eventi culturali organizzati dal Castello di Montsoreau senza autorizzazione. Per qualsiasi richiesta di riutilizzo si prega di contattare il Servizio Comunicazione.<\/p>\n<p><strong>Scritti\u00a0<\/strong><br \/>\nIl Castello di Montsoreau \u00e8 il cessionario dei testi e delle istruzioni di lavoro. Qualsiasi riutilizzo di questi scritti \u00e8 gratuito, a condizione che non siano alterati, che il loro significato non sia distorto e che siano citate le loro fonti. Qualsiasi riutilizzo commerciale \u00e8 soggetto all&rsquo;accordo preventivo ed esplicito di Ch\u00e2teau de Montsoreau. Per qualsiasi richiesta in questo contesto, si prega di contattare il dipartimento della comunicazione del Castello di Montsoreau.<\/p>\n<h2>Informazione della pubblica amministrazione<\/h2>\n<p>Il contenuto informativo e di programmazione di questo sito \u00e8 informazione amministrativa pubblica ai sensi dell&rsquo;articolo 10 della legge n. 78-753 del 17 luglio 1978. Qualsiasi riutilizzo di queste informazioni \u00e8 gratuito, a condizione che non venga alterato, che non ne venga alterato il significato, che vengano menzionate le fonti e la data dell&rsquo;ultimo aggiornamento.<\/p>\n<p>Nessun trasferimento di propriet\u00e0 delle informazioni amministrative pubbliche deve essere effettuato al riutilizzatore. Quest&rsquo;ultimo ha il diritto personale e non esclusivo di riutilizzare queste informazioni amministrative pubbliche. Chiunque riutilizzi informazioni pubbliche in violazione dei suddetti requisiti \u00e8 passibile di un&rsquo;ammenda inflitta dalla Commission d&rsquo;acc\u00e8s aux documents administratifs.<\/p>\n<h2>Collegamenti ipertestuali<\/h2>\n<p>Il sito web di Ch\u00e2teau de Montsoreau autorizza la creazione di un link ipertestuale che rimanda al suo contenuto, purch\u00e9 non crei confusione circa l&rsquo;origine dei servizi e\/o contenuti prodotti e\/o detenuti da Ch\u00e2teau de Montsoreau e soggetti a cui sono soggetti:<\/p>\n<p>non utilizzare la tecnica del deep linking, cio\u00e8 le pagine del sito www.chateau-montsoreau.com non devono essere inserite all&rsquo;interno delle pagine di un altro sito, ma accessibili aprendo una finestra.<br \/>\nmenzionare la fonte che indicher\u00e0 attraverso un link ipertestuale direttamente al contenuto in questione.<br \/>\nI dati devono essere utilizzati esclusivamente per scopi personali, associativi o professionali; \u00e8 escluso qualsiasi utilizzo a fini commerciali o pubblicitari.\u00a0Attenzione! Questa autorizzazione non si applica ai siti web che diffondono informazioni di natura controversa, pornografica, xenofoba o che possono, in misura maggiore, offendere la sensibilit\u00e0 del maggior numero di persone; e ai siti web che offendono gli interessi materiali o morali di Ch\u00e2teau de Montsoreau.<br \/>\nPer altri usi, vi preghiamo di contattarci per posta all&rsquo;indirizzo sopra indicato o via e-mail all&rsquo;indirizzo lechateaudemontsoreau@gmail.com<\/p>\n<h2>Responsabilit\u00e0<\/h2>\n<p>Il sito www.chateau-montsoreau.com offre numerosi link ad altri siti, principalmente siti ufficiali (istituzioni, enti pubblici, ecc.) ma anche ad alcuni siti di associazioni o aziende partner. Queste pagine web, i cui indirizzi sono regolarmente controllati, non fanno parte del sito web pubblico e ufficiale www.chateau-montsoreau.com.<\/p>\n<p>Ch\u00e2teau de Montsoreau non \u00e8 responsabile del contenuto di questi altri siti e non potr\u00e0 essere ritenuto responsabile di eventuali danni o pregiudizi da essi derivanti. I link ad altri siti sono forniti agli utenti solo per comodit\u00e0.<\/p>\n","protected":false},"excerpt":{"rendered":"<p>Informazioni per l&rsquo;editore Castello di Montsoreau Passaggio del marchese di Geoffre 49730 Montsoreau Siret 818 111 460 00015 Tel: +33 (0)2 41 67 12 60 Direttore della pubblicazione: Philippe M\u00e9aille Informazioni di hosting Ospite: OVH Azienda: OVH Indirizzo web: www.ovh.com Indirizzo postale: 2 rue kellermann BP 80157. 59053 ROUBAIX Cedex 1 Telefono: +33 (0)8 203 [&hellip;]<\/p>\n","protected":false},"author":5,"featured_media":0,"parent":0,"menu_order":0,"comment_status":"closed","ping_status":"closed","template":"","meta":{"footnotes":""},"class_list":["post-6839","page","type-page","status-publish","hentry"],"yoast_head":"<!-- This site is optimized with the Yoast SEO plugin v27.4 - https:\/\/yoast.com\/product\/yoast-seo-wordpress\/ -->\n<title>Menzioni legali | Ch\u00e2teau de Montsoreau-Mus\u00e9e d&#039;Art Contemporain<\/title>\n<meta name=\"robots\" content=\"index, follow, max-snippet:-1, max-image-preview:large, max-video-preview:-1\" \/>\n<link rel=\"canonical\" href=\"https:\/\/www.chateau-montsoreau.com\/wordpress\/it\/menzioni-legali\/\" \/>\n<meta property=\"og:locale\" content=\"fr_FR\" \/>\n<meta property=\"og:type\" content=\"article\" \/>\n<meta property=\"og:title\" content=\"Menzioni legali | Ch\u00e2teau de Montsoreau-Mus\u00e9e d&#039;Art Contemporain\" \/>\n<meta property=\"og:description\" content=\"Informazioni per l&rsquo;editore Castello di Montsoreau Passaggio del marchese di Geoffre 49730 Montsoreau Siret 818 111 460 00015 Tel: +33 (0)2 41 67 12 60 Direttore della pubblicazione: Philippe M\u00e9aille Informazioni di hosting Ospite: OVH Azienda: OVH Indirizzo web: www.ovh.com Indirizzo postale: 2 rue kellermann BP 80157. 59053 ROUBAIX Cedex 1 Telefono: +33 (0)8 203 [&hellip;]\" \/>\n<meta property=\"og:url\" content=\"https:\/\/www.chateau-montsoreau.com\/wordpress\/it\/menzioni-legali\/\" \/>\n<meta property=\"og:site_name\" content=\"Ch\u00e2teau de Montsoreau-Mus\u00e9e d&#039;Art Contemporain\" \/>\n<meta property=\"article:publisher\" content=\"https:\/\/www.facebook.com\/chateaudemontsoreau\/\" \/>\n<meta property=\"article:modified_time\" content=\"2019-09-11T13:45:59+00:00\" \/>\n<meta name=\"twitter:card\" content=\"summary_large_image\" \/>\n<meta name=\"twitter:site\" content=\"@Cmontsoreau\" \/>\n<meta name=\"twitter:label1\" content=\"Dur\u00e9e de lecture estim\u00e9e\" \/>\n\t<meta name=\"twitter:data1\" content=\"3 minutes\" \/>\n<script type=\"application\/ld+json\" class=\"yoast-schema-graph\">{\"@context\":\"https:\\\/\\\/schema.org\",\"@graph\":[{\"@type\":\"WebPage\",\"@id\":\"https:\\\/\\\/www.chateau-montsoreau.com\\\/wordpress\\\/it\\\/menzioni-legali\\\/\",\"url\":\"https:\\\/\\\/www.chateau-montsoreau.com\\\/wordpress\\\/it\\\/menzioni-legali\\\/\",\"name\":\"Menzioni legali | Ch\u00e2teau de Montsoreau-Mus\u00e9e d&#039;Art Contemporain\",\"isPartOf\":{\"@id\":\"https:\\\/\\\/www.chateau-montsoreau.com\\\/wordpress\\\/#website\"},\"datePublished\":\"2019-09-11T10:01:46+00:00\",\"dateModified\":\"2019-09-11T13:45:59+00:00\",\"breadcrumb\":{\"@id\":\"https:\\\/\\\/www.chateau-montsoreau.com\\\/wordpress\\\/it\\\/menzioni-legali\\\/#breadcrumb\"},\"inLanguage\":\"fr-FR\",\"potentialAction\":[{\"@type\":\"ReadAction\",\"target\":[\"https:\\\/\\\/www.chateau-montsoreau.com\\\/wordpress\\\/it\\\/menzioni-legali\\\/\"]}]},{\"@type\":\"BreadcrumbList\",\"@id\":\"https:\\\/\\\/www.chateau-montsoreau.com\\\/wordpress\\\/it\\\/menzioni-legali\\\/#breadcrumb\",\"itemListElement\":[{\"@type\":\"ListItem\",\"position\":1,\"name\":\"Accueil\",\"item\":\"https:\\\/\\\/www.chateau-montsoreau.com\\\/wordpress\\\/fr\\\/\"},{\"@type\":\"ListItem\",\"position\":2,\"name\":\"Menzioni legali\"}]},{\"@type\":\"WebSite\",\"@id\":\"https:\\\/\\\/www.chateau-montsoreau.com\\\/wordpress\\\/#website\",\"url\":\"https:\\\/\\\/www.chateau-montsoreau.com\\\/wordpress\\\/\",\"name\":\"Ch\u00e2teau de Montsoreau-Mus\u00e9e d&#039;Art Contemporain\",\"description\":\"Ch\u00e2teaux de la Loire Art Contemporain Art Conceptuel\",\"publisher\":{\"@id\":\"https:\\\/\\\/www.chateau-montsoreau.com\\\/wordpress\\\/#organization\"},\"potentialAction\":[{\"@type\":\"SearchAction\",\"target\":{\"@type\":\"EntryPoint\",\"urlTemplate\":\"https:\\\/\\\/www.chateau-montsoreau.com\\\/wordpress\\\/?s={search_term_string}\"},\"query-input\":{\"@type\":\"PropertyValueSpecification\",\"valueRequired\":true,\"valueName\":\"search_term_string\"}}],\"inLanguage\":\"fr-FR\"},{\"@type\":\"Organization\",\"@id\":\"https:\\\/\\\/www.chateau-montsoreau.com\\\/wordpress\\\/#organization\",\"name\":\"Ch\u00e2teau de Montsoreau - Mus\u00e9e d'art contemporain\",\"url\":\"https:\\\/\\\/www.chateau-montsoreau.com\\\/wordpress\\\/\",\"logo\":{\"@type\":\"ImageObject\",\"inLanguage\":\"fr-FR\",\"@id\":\"https:\\\/\\\/www.chateau-montsoreau.com\\\/wordpress\\\/#\\\/schema\\\/logo\\\/image\\\/\",\"url\":\"https:\\\/\\\/www.chateau-montsoreau.com\\\/wordpress\\\/wp-content\\\/uploads\\\/2016\\\/03\\\/Logo-Montsoreau-tout-petit-1.png\",\"contentUrl\":\"https:\\\/\\\/www.chateau-montsoreau.com\\\/wordpress\\\/wp-content\\\/uploads\\\/2016\\\/03\\\/Logo-Montsoreau-tout-petit-1.png\",\"width\":133,\"height\":133,\"caption\":\"Ch\u00e2teau de Montsoreau - Mus\u00e9e d'art contemporain\"},\"image\":{\"@id\":\"https:\\\/\\\/www.chateau-montsoreau.com\\\/wordpress\\\/#\\\/schema\\\/logo\\\/image\\\/\"},\"sameAs\":[\"https:\\\/\\\/www.facebook.com\\\/chateaudemontsoreau\\\/\",\"https:\\\/\\\/x.com\\\/Cmontsoreau\",\"https:\\\/\\\/www.instagram.com\\\/chateaudemontsoreau\\\/\",\"http:\\\/\\\/www.pinterest.com\\\/Cmontsoreau\"]}]}<\/script>\n<!-- \/ Yoast SEO plugin. -->","yoast_head_json":{"title":"Menzioni legali | Ch\u00e2teau de Montsoreau-Mus\u00e9e d&#039;Art Contemporain","robots":{"index":"index","follow":"follow","max-snippet":"max-snippet:-1","max-image-preview":"max-image-preview:large","max-video-preview":"max-video-preview:-1"},"canonical":"https:\/\/www.chateau-montsoreau.com\/wordpress\/it\/menzioni-legali\/","og_locale":"fr_FR","og_type":"article","og_title":"Menzioni legali | Ch\u00e2teau de Montsoreau-Mus\u00e9e d&#039;Art Contemporain","og_description":"Informazioni per l&rsquo;editore Castello di Montsoreau Passaggio del marchese di Geoffre 49730 Montsoreau Siret 818 111 460 00015 Tel: +33 (0)2 41 67 12 60 Direttore della pubblicazione: Philippe M\u00e9aille Informazioni di hosting Ospite: OVH Azienda: OVH Indirizzo web: www.ovh.com Indirizzo postale: 2 rue kellermann BP 80157. 59053 ROUBAIX Cedex 1 Telefono: +33 (0)8 203 [&hellip;]","og_url":"https:\/\/www.chateau-montsoreau.com\/wordpress\/it\/menzioni-legali\/","og_site_name":"Ch\u00e2teau de Montsoreau-Mus\u00e9e d&#039;Art Contemporain","article_publisher":"https:\/\/www.facebook.com\/chateaudemontsoreau\/","article_modified_time":"2019-09-11T13:45:59+00:00","twitter_card":"summary_large_image","twitter_site":"@Cmontsoreau","twitter_misc":{"Dur\u00e9e de lecture estim\u00e9e":"3 minutes"},"schema":{"@context":"https:\/\/schema.org","@graph":[{"@type":"WebPage","@id":"https:\/\/www.chateau-montsoreau.com\/wordpress\/it\/menzioni-legali\/","url":"https:\/\/www.chateau-montsoreau.com\/wordpress\/it\/menzioni-legali\/","name":"Menzioni legali | Ch\u00e2teau de Montsoreau-Mus\u00e9e d&#039;Art Contemporain","isPartOf":{"@id":"https:\/\/www.chateau-montsoreau.com\/wordpress\/#website"},"datePublished":"2019-09-11T10:01:46+00:00","dateModified":"2019-09-11T13:45:59+00:00","breadcrumb":{"@id":"https:\/\/www.chateau-montsoreau.com\/wordpress\/it\/menzioni-legali\/#breadcrumb"},"inLanguage":"fr-FR","potentialAction":[{"@type":"ReadAction","target":["https:\/\/www.chateau-montsoreau.com\/wordpress\/it\/menzioni-legali\/"]}]},{"@type":"BreadcrumbList","@id":"https:\/\/www.chateau-montsoreau.com\/wordpress\/it\/menzioni-legali\/#breadcrumb","itemListElement":[{"@type":"ListItem","position":1,"name":"Accueil","item":"https:\/\/www.chateau-montsoreau.com\/wordpress\/fr\/"},{"@type":"ListItem","position":2,"name":"Menzioni legali"}]},{"@type":"WebSite","@id":"https:\/\/www.chateau-montsoreau.com\/wordpress\/#website","url":"https:\/\/www.chateau-montsoreau.com\/wordpress\/","name":"Ch\u00e2teau de Montsoreau-Mus\u00e9e d&#039;Art Contemporain","description":"Ch\u00e2teaux de la Loire Art Contemporain Art Conceptuel","publisher":{"@id":"https:\/\/www.chateau-montsoreau.com\/wordpress\/#organization"},"potentialAction":[{"@type":"SearchAction","target":{"@type":"EntryPoint","urlTemplate":"https:\/\/www.chateau-montsoreau.com\/wordpress\/?s={search_term_string}"},"query-input":{"@type":"PropertyValueSpecification","valueRequired":true,"valueName":"search_term_string"}}],"inLanguage":"fr-FR"},{"@type":"Organization","@id":"https:\/\/www.chateau-montsoreau.com\/wordpress\/#organization","name":"Ch\u00e2teau de Montsoreau - Mus\u00e9e d'art contemporain","url":"https:\/\/www.chateau-montsoreau.com\/wordpress\/","logo":{"@type":"ImageObject","inLanguage":"fr-FR","@id":"https:\/\/www.chateau-montsoreau.com\/wordpress\/#\/schema\/logo\/image\/","url":"https:\/\/www.chateau-montsoreau.com\/wordpress\/wp-content\/uploads\/2016\/03\/Logo-Montsoreau-tout-petit-1.png","contentUrl":"https:\/\/www.chateau-montsoreau.com\/wordpress\/wp-content\/uploads\/2016\/03\/Logo-Montsoreau-tout-petit-1.png","width":133,"height":133,"caption":"Ch\u00e2teau de Montsoreau - Mus\u00e9e d'art contemporain"},"image":{"@id":"https:\/\/www.chateau-montsoreau.com\/wordpress\/#\/schema\/logo\/image\/"},"sameAs":["https:\/\/www.facebook.com\/chateaudemontsoreau\/","https:\/\/x.com\/Cmontsoreau","https:\/\/www.instagram.com\/chateaudemontsoreau\/","http:\/\/www.pinterest.com\/Cmontsoreau"]}]}},"_links":{"self":[{"href":"https:\/\/www.chateau-montsoreau.com\/wordpress\/wp-json\/wp\/v2\/pages\/6839","targetHints":{"allow":["GET"]}}],"collection":[{"href":"https:\/\/www.chateau-montsoreau.com\/wordpress\/wp-json\/wp\/v2\/pages"}],"about":[{"href":"https:\/\/www.chateau-montsoreau.com\/wordpress\/wp-json\/wp\/v2\/types\/page"}],"author":[{"embeddable":true,"href":"https:\/\/www.chateau-montsoreau.com\/wordpress\/wp-json\/wp\/v2\/users\/5"}],"replies":[{"embeddable":true,"href":"https:\/\/www.chateau-montsoreau.com\/wordpress\/wp-json\/wp\/v2\/comments?post=6839"}],"version-history":[{"count":1,"href":"https:\/\/www.chateau-montsoreau.com\/wordpress\/wp-json\/wp\/v2\/pages\/6839\/revisions"}],"predecessor-version":[{"id":6840,"href":"https:\/\/www.chateau-montsoreau.com\/wordpress\/wp-json\/wp\/v2\/pages\/6839\/revisions\/6840"}],"wp:attachment":[{"href":"https:\/\/www.chateau-montsoreau.com\/wordpress\/wp-json\/wp\/v2\/media?parent=6839"}],"curies":[{"name":"wp","href":"https:\/\/api.w.org\/{rel}","templated":true}]}}