{"id":6864,"date":"2019-09-11T11:35:59","date_gmt":"2019-09-11T10:35:59","guid":{"rendered":"http:\/\/www.chateau-montsoreau.com\/wordpress\/?page_id=6864"},"modified":"2019-09-11T14:57:37","modified_gmt":"2019-09-11T13:57:37","slug":"menciones-legales","status":"publish","type":"page","link":"https:\/\/www.chateau-montsoreau.com\/wordpress\/es\/menciones-legales\/","title":{"rendered":"Menciones legales"},"content":{"rendered":"<h2>Informaci\u00f3n del editor<\/h2>\n<p>Castillo de Montsoreau<br \/>\nPasaje del Marqu\u00e9s de Geoffre<br \/>\n49730 Montsoreau<br \/>\nSiret 818 111 111 111 460 00015<br \/>\nTel: +33 (0)2 41 67 12 60<br \/>\nDirector de publicaci\u00f3n: Philippe M\u00e9aille<\/p>\n<h2>Informaci\u00f3n sobre alojamiento<\/h2>\n<p>Anfitri\u00f3n: OVH<br \/>\nEmpresa: OVH<br \/>\nDirecci\u00f3n web: www.ovh.com<br \/>\nDirecci\u00f3n postal: 2 rue kellermann<br \/>\nBP 80157<br \/>\n59053 ROUBAIX Cedex 1<br \/>\nTel\u00e9fono: +33 (0)8 203 203 203 203 63<br \/>\nDirecci\u00f3n de correo electr\u00f3nico (E-Mail): support@ovh.com<br \/>\nformulario de comunicaci\u00f3n a seguir en la p\u00e1gina web \u00ab\u00a0OVH<\/p>\n<h2>Redacci\u00f3n de la p\u00e1gina web<\/h2>\n<p>Trist\u00e1n Diguet<br \/>\nDepartamento de Comunicaci\u00f3n<br \/>\nCastillo de Montsoreau<br \/>\n49730 Montsoreau<br \/>\nFrancia<br \/>\nlechateaudemontsoreau@gmail.com<\/p>\n<h2>Propiedad intelectual e informaci\u00f3n cultural p\u00fablica<\/h2>\n<p>Los contenidos cient\u00edficos, culturales y educativos (textos, documentos sonoros, audiovisuales y multimedia, sin que esta lista sea exhaustiva), as\u00ed como las reproducciones iconogr\u00e1ficas y fotogr\u00e1ficas de las obras presentadas en este sitio est\u00e1n protegidos por el derecho de propiedad intelectual.<\/p>\n<p>Entre esta informaci\u00f3n cultural p\u00fablica, s\u00f3lo las fotograf\u00edas y los textos en las condiciones que se definen a continuaci\u00f3n pueden ser reutilizados en el sentido del art\u00edculo 11 de la Ley n\u00ba 78-753 de 17 de julio de 1978:<\/p>\n<p><strong>Fotograf\u00edas<\/strong><br \/>\nLas fotograf\u00edas son propiedad exclusiva del Ch\u00e2teau de Montsoreau y son utilizadas por el Ch\u00e2teau de Montsoreau con la autorizaci\u00f3n de sus autores o cesionarios.\u00a0 Queda prohibida cualquier reutilizaci\u00f3n no comercial, comercial y\/o editorial de las im\u00e1genes de las colecciones del Ch\u00e2teau de Montsoreau o de la escenograf\u00eda de las exposiciones y otros actos culturales organizados por el Ch\u00e2teau de Montsoreau sin autorizaci\u00f3n. Para cualquier solicitud de reutilizaci\u00f3n, p\u00f3ngase en contacto con el Departamento de Comunicaci\u00f3n.<\/p>\n<p><strong>Escritos\u00a0<\/strong><br \/>\nEl Ch\u00e2teau de Montsoreau es el destinatario de los textos y de las instrucciones de trabajo. Cualquier reutilizaci\u00f3n de estos escritos es gratuita, siempre que no se alteren, que no se distorsione su significado y que se mencionen sus fuentes. Cualquier reutilizaci\u00f3n comercial est\u00e1 sujeta al consentimiento previo y expreso del Ch\u00e2teau de Montsoreau. Para cualquier consulta dentro de este marco, p\u00f3ngase en contacto con el Departamento de Comunicaci\u00f3n del Ch\u00e2teau de Montsoreau.<\/p>\n<h2>Informaci\u00f3n administrativa p\u00fablica<\/h2>\n<p>La informaci\u00f3n y el contenido de programaci\u00f3n de este sitio es informaci\u00f3n administrativa p\u00fablica en el sentido del art\u00edculo 10 de la Ley N\u00ba 78-753 de 17 de julio de 1978. Cualquier reutilizaci\u00f3n de esta informaci\u00f3n es gratuita, siempre que no se altere, que no se distorsione su significado y que se mencionen sus fuentes y la fecha de su \u00faltima actualizaci\u00f3n.<\/p>\n<p>No se har\u00e1 ninguna transferencia de propiedad de la informaci\u00f3n administrativa p\u00fablica al reutilizador. Este \u00faltimo tiene el derecho personal y no exclusivo de reutilizar esta informaci\u00f3n administrativa p\u00fablica. Toda persona que reutilice informaci\u00f3n p\u00fablica infringiendo los requisitos antes mencionados podr\u00e1 ser sancionada con una multa impuesta por la Commission d&rsquo;acc\u00e8s aux documents administratifs (Comisi\u00f3n de acceso a los documentos administrativos).<\/p>\n<h2>Enlaces de hipertexto<\/h2>\n<p>El sitio web del Ch\u00e2teau de Montsoreau autoriza el establecimiento de un enlace hipertexto que remita a su contenido siempre que no cree confusi\u00f3n sobre el origen de los servicios y\/o contenidos producidos y\/o mantenidos por el Ch\u00e2teau de Montsoreau y sujetos a los mismos:<\/p>\n<p>no utilizar la t\u00e9cnica de los enlaces profundos, es decir, las p\u00e1ginas del sitio www.chateau-montsoreau.com no deben estar incrustadas en las p\u00e1ginas de otro sitio, sino que se puede acceder a ellas abriendo una ventana.<br \/>\nmencionar la fuente que apuntar\u00e1 a trav\u00e9s de un enlace de hipertexto directamente al contenido objetivo.<br \/>\nLa informaci\u00f3n debe ser utilizada \u00fanicamente con fines personales, asociativos o profesionales, quedando excluida cualquier utilizaci\u00f3n con fines comerciales o publicitarios.\u00a0\u00a1Atenci\u00f3n! Esta autorizaci\u00f3n no se aplica a los sitios web que difunden informaci\u00f3n de car\u00e1cter pol\u00e9mico, pornogr\u00e1fico, xen\u00f3fobo o que puedan, en mayor medida, ofender la sensibilidad del mayor n\u00famero de personas; y a los sitios web que atenten contra los intereses materiales o morales del Ch\u00e2teau de Montsoreau.<br \/>\nPara otros usos, por favor cont\u00e1ctenos por correo postal a la direcci\u00f3n arriba indicada o por correo electr\u00f3nico a lechateaudemontsoreau@gmail.com<\/p>\n<h2>Responsabilidad<\/h2>\n<p>Il sitio www.chateau-montsoreau.com ofrece muchos enlaces a otros sitios, principalmente sitios oficiales (instituciones, organismos p\u00fablicos, etc.), pero tambi\u00e9n a algunos sitios de asociaciones o empresas asociadas. Estas p\u00e1ginas web, cuyas direcciones se comprueban regularmente, no forman parte del sitio web p\u00fablico y oficial www.chateau-montsoreau.com<\/p>\n<p>Ch\u00e2teau de Montsoreau no es responsable del contenido de estos otros sitios, y no se hace responsable de los da\u00f1os o perjuicios derivados de los mismos. Los enlaces a otros sitios se proporcionan a los usuarios s\u00f3lo para su conveniencia.<\/p>\n","protected":false},"excerpt":{"rendered":"<p>Informaci\u00f3n del editor Castillo de Montsoreau Pasaje del Marqu\u00e9s de Geoffre 49730 Montsoreau Siret 818 111 111 111 460 00015 Tel: +33 (0)2 41 67 12 60 Director de publicaci\u00f3n: Philippe M\u00e9aille Informaci\u00f3n sobre alojamiento Anfitri\u00f3n: OVH Empresa: OVH Direcci\u00f3n web: www.ovh.com Direcci\u00f3n postal: 2 rue kellermann BP 80157 59053 ROUBAIX Cedex 1 Tel\u00e9fono: +33 [&hellip;]<\/p>\n","protected":false},"author":5,"featured_media":0,"parent":0,"menu_order":0,"comment_status":"closed","ping_status":"closed","template":"","meta":{"footnotes":""},"class_list":["post-6864","page","type-page","status-publish","hentry"],"yoast_head":"<!-- This site is optimized with the Yoast SEO plugin v27.4 - https:\/\/yoast.com\/product\/yoast-seo-wordpress\/ -->\n<title>Menciones legales | Ch\u00e2teau de Montsoreau-Mus\u00e9e d&#039;Art Contemporain<\/title>\n<meta name=\"robots\" content=\"index, follow, max-snippet:-1, max-image-preview:large, max-video-preview:-1\" \/>\n<link rel=\"canonical\" href=\"https:\/\/www.chateau-montsoreau.com\/wordpress\/es\/menciones-legales\/\" \/>\n<meta property=\"og:locale\" content=\"fr_FR\" \/>\n<meta property=\"og:type\" content=\"article\" \/>\n<meta property=\"og:title\" content=\"Menciones legales | Ch\u00e2teau de Montsoreau-Mus\u00e9e d&#039;Art Contemporain\" \/>\n<meta property=\"og:description\" content=\"Informaci\u00f3n del editor Castillo de Montsoreau Pasaje del Marqu\u00e9s de Geoffre 49730 Montsoreau Siret 818 111 111 111 460 00015 Tel: +33 (0)2 41 67 12 60 Director de publicaci\u00f3n: Philippe M\u00e9aille Informaci\u00f3n sobre alojamiento Anfitri\u00f3n: OVH Empresa: OVH Direcci\u00f3n web: www.ovh.com Direcci\u00f3n postal: 2 rue kellermann BP 80157 59053 ROUBAIX Cedex 1 Tel\u00e9fono: +33 [&hellip;]\" \/>\n<meta property=\"og:url\" content=\"https:\/\/www.chateau-montsoreau.com\/wordpress\/es\/menciones-legales\/\" \/>\n<meta property=\"og:site_name\" content=\"Ch\u00e2teau de Montsoreau-Mus\u00e9e d&#039;Art Contemporain\" \/>\n<meta property=\"article:publisher\" content=\"https:\/\/www.facebook.com\/chateaudemontsoreau\/\" \/>\n<meta property=\"article:modified_time\" content=\"2019-09-11T13:57:37+00:00\" \/>\n<meta name=\"twitter:card\" content=\"summary_large_image\" \/>\n<meta name=\"twitter:site\" content=\"@Cmontsoreau\" \/>\n<meta name=\"twitter:label1\" content=\"Dur\u00e9e de lecture estim\u00e9e\" \/>\n\t<meta name=\"twitter:data1\" content=\"4 minutes\" \/>\n<script type=\"application\/ld+json\" class=\"yoast-schema-graph\">{\"@context\":\"https:\\\/\\\/schema.org\",\"@graph\":[{\"@type\":\"WebPage\",\"@id\":\"https:\\\/\\\/www.chateau-montsoreau.com\\\/wordpress\\\/es\\\/menciones-legales\\\/\",\"url\":\"https:\\\/\\\/www.chateau-montsoreau.com\\\/wordpress\\\/es\\\/menciones-legales\\\/\",\"name\":\"Menciones legales | Ch\u00e2teau de Montsoreau-Mus\u00e9e d&#039;Art Contemporain\",\"isPartOf\":{\"@id\":\"https:\\\/\\\/www.chateau-montsoreau.com\\\/wordpress\\\/#website\"},\"datePublished\":\"2019-09-11T10:35:59+00:00\",\"dateModified\":\"2019-09-11T13:57:37+00:00\",\"breadcrumb\":{\"@id\":\"https:\\\/\\\/www.chateau-montsoreau.com\\\/wordpress\\\/es\\\/menciones-legales\\\/#breadcrumb\"},\"inLanguage\":\"fr-FR\",\"potentialAction\":[{\"@type\":\"ReadAction\",\"target\":[\"https:\\\/\\\/www.chateau-montsoreau.com\\\/wordpress\\\/es\\\/menciones-legales\\\/\"]}]},{\"@type\":\"BreadcrumbList\",\"@id\":\"https:\\\/\\\/www.chateau-montsoreau.com\\\/wordpress\\\/es\\\/menciones-legales\\\/#breadcrumb\",\"itemListElement\":[{\"@type\":\"ListItem\",\"position\":1,\"name\":\"Accueil\",\"item\":\"https:\\\/\\\/www.chateau-montsoreau.com\\\/wordpress\\\/fr\\\/\"},{\"@type\":\"ListItem\",\"position\":2,\"name\":\"Menciones legales\"}]},{\"@type\":\"WebSite\",\"@id\":\"https:\\\/\\\/www.chateau-montsoreau.com\\\/wordpress\\\/#website\",\"url\":\"https:\\\/\\\/www.chateau-montsoreau.com\\\/wordpress\\\/\",\"name\":\"Ch\u00e2teau de Montsoreau-Mus\u00e9e d&#039;Art Contemporain\",\"description\":\"Ch\u00e2teaux de la Loire Art Contemporain Art Conceptuel\",\"publisher\":{\"@id\":\"https:\\\/\\\/www.chateau-montsoreau.com\\\/wordpress\\\/#organization\"},\"potentialAction\":[{\"@type\":\"SearchAction\",\"target\":{\"@type\":\"EntryPoint\",\"urlTemplate\":\"https:\\\/\\\/www.chateau-montsoreau.com\\\/wordpress\\\/?s={search_term_string}\"},\"query-input\":{\"@type\":\"PropertyValueSpecification\",\"valueRequired\":true,\"valueName\":\"search_term_string\"}}],\"inLanguage\":\"fr-FR\"},{\"@type\":\"Organization\",\"@id\":\"https:\\\/\\\/www.chateau-montsoreau.com\\\/wordpress\\\/#organization\",\"name\":\"Ch\u00e2teau de Montsoreau - Mus\u00e9e d'art contemporain\",\"url\":\"https:\\\/\\\/www.chateau-montsoreau.com\\\/wordpress\\\/\",\"logo\":{\"@type\":\"ImageObject\",\"inLanguage\":\"fr-FR\",\"@id\":\"https:\\\/\\\/www.chateau-montsoreau.com\\\/wordpress\\\/#\\\/schema\\\/logo\\\/image\\\/\",\"url\":\"https:\\\/\\\/www.chateau-montsoreau.com\\\/wordpress\\\/wp-content\\\/uploads\\\/2016\\\/03\\\/Logo-Montsoreau-tout-petit-1.png\",\"contentUrl\":\"https:\\\/\\\/www.chateau-montsoreau.com\\\/wordpress\\\/wp-content\\\/uploads\\\/2016\\\/03\\\/Logo-Montsoreau-tout-petit-1.png\",\"width\":133,\"height\":133,\"caption\":\"Ch\u00e2teau de Montsoreau - Mus\u00e9e d'art contemporain\"},\"image\":{\"@id\":\"https:\\\/\\\/www.chateau-montsoreau.com\\\/wordpress\\\/#\\\/schema\\\/logo\\\/image\\\/\"},\"sameAs\":[\"https:\\\/\\\/www.facebook.com\\\/chateaudemontsoreau\\\/\",\"https:\\\/\\\/x.com\\\/Cmontsoreau\",\"https:\\\/\\\/www.instagram.com\\\/chateaudemontsoreau\\\/\",\"http:\\\/\\\/www.pinterest.com\\\/Cmontsoreau\"]}]}<\/script>\n<!-- \/ Yoast SEO plugin. -->","yoast_head_json":{"title":"Menciones legales | Ch\u00e2teau de Montsoreau-Mus\u00e9e d&#039;Art Contemporain","robots":{"index":"index","follow":"follow","max-snippet":"max-snippet:-1","max-image-preview":"max-image-preview:large","max-video-preview":"max-video-preview:-1"},"canonical":"https:\/\/www.chateau-montsoreau.com\/wordpress\/es\/menciones-legales\/","og_locale":"fr_FR","og_type":"article","og_title":"Menciones legales | Ch\u00e2teau de Montsoreau-Mus\u00e9e d&#039;Art Contemporain","og_description":"Informaci\u00f3n del editor Castillo de Montsoreau Pasaje del Marqu\u00e9s de Geoffre 49730 Montsoreau Siret 818 111 111 111 460 00015 Tel: +33 (0)2 41 67 12 60 Director de publicaci\u00f3n: Philippe M\u00e9aille Informaci\u00f3n sobre alojamiento Anfitri\u00f3n: OVH Empresa: OVH Direcci\u00f3n web: www.ovh.com Direcci\u00f3n postal: 2 rue kellermann BP 80157 59053 ROUBAIX Cedex 1 Tel\u00e9fono: +33 [&hellip;]","og_url":"https:\/\/www.chateau-montsoreau.com\/wordpress\/es\/menciones-legales\/","og_site_name":"Ch\u00e2teau de Montsoreau-Mus\u00e9e d&#039;Art Contemporain","article_publisher":"https:\/\/www.facebook.com\/chateaudemontsoreau\/","article_modified_time":"2019-09-11T13:57:37+00:00","twitter_card":"summary_large_image","twitter_site":"@Cmontsoreau","twitter_misc":{"Dur\u00e9e de lecture estim\u00e9e":"4 minutes"},"schema":{"@context":"https:\/\/schema.org","@graph":[{"@type":"WebPage","@id":"https:\/\/www.chateau-montsoreau.com\/wordpress\/es\/menciones-legales\/","url":"https:\/\/www.chateau-montsoreau.com\/wordpress\/es\/menciones-legales\/","name":"Menciones legales | Ch\u00e2teau de Montsoreau-Mus\u00e9e d&#039;Art Contemporain","isPartOf":{"@id":"https:\/\/www.chateau-montsoreau.com\/wordpress\/#website"},"datePublished":"2019-09-11T10:35:59+00:00","dateModified":"2019-09-11T13:57:37+00:00","breadcrumb":{"@id":"https:\/\/www.chateau-montsoreau.com\/wordpress\/es\/menciones-legales\/#breadcrumb"},"inLanguage":"fr-FR","potentialAction":[{"@type":"ReadAction","target":["https:\/\/www.chateau-montsoreau.com\/wordpress\/es\/menciones-legales\/"]}]},{"@type":"BreadcrumbList","@id":"https:\/\/www.chateau-montsoreau.com\/wordpress\/es\/menciones-legales\/#breadcrumb","itemListElement":[{"@type":"ListItem","position":1,"name":"Accueil","item":"https:\/\/www.chateau-montsoreau.com\/wordpress\/fr\/"},{"@type":"ListItem","position":2,"name":"Menciones legales"}]},{"@type":"WebSite","@id":"https:\/\/www.chateau-montsoreau.com\/wordpress\/#website","url":"https:\/\/www.chateau-montsoreau.com\/wordpress\/","name":"Ch\u00e2teau de Montsoreau-Mus\u00e9e d&#039;Art Contemporain","description":"Ch\u00e2teaux de la Loire Art Contemporain Art Conceptuel","publisher":{"@id":"https:\/\/www.chateau-montsoreau.com\/wordpress\/#organization"},"potentialAction":[{"@type":"SearchAction","target":{"@type":"EntryPoint","urlTemplate":"https:\/\/www.chateau-montsoreau.com\/wordpress\/?s={search_term_string}"},"query-input":{"@type":"PropertyValueSpecification","valueRequired":true,"valueName":"search_term_string"}}],"inLanguage":"fr-FR"},{"@type":"Organization","@id":"https:\/\/www.chateau-montsoreau.com\/wordpress\/#organization","name":"Ch\u00e2teau de Montsoreau - Mus\u00e9e d'art contemporain","url":"https:\/\/www.chateau-montsoreau.com\/wordpress\/","logo":{"@type":"ImageObject","inLanguage":"fr-FR","@id":"https:\/\/www.chateau-montsoreau.com\/wordpress\/#\/schema\/logo\/image\/","url":"https:\/\/www.chateau-montsoreau.com\/wordpress\/wp-content\/uploads\/2016\/03\/Logo-Montsoreau-tout-petit-1.png","contentUrl":"https:\/\/www.chateau-montsoreau.com\/wordpress\/wp-content\/uploads\/2016\/03\/Logo-Montsoreau-tout-petit-1.png","width":133,"height":133,"caption":"Ch\u00e2teau de Montsoreau - Mus\u00e9e d'art contemporain"},"image":{"@id":"https:\/\/www.chateau-montsoreau.com\/wordpress\/#\/schema\/logo\/image\/"},"sameAs":["https:\/\/www.facebook.com\/chateaudemontsoreau\/","https:\/\/x.com\/Cmontsoreau","https:\/\/www.instagram.com\/chateaudemontsoreau\/","http:\/\/www.pinterest.com\/Cmontsoreau"]}]}},"_links":{"self":[{"href":"https:\/\/www.chateau-montsoreau.com\/wordpress\/wp-json\/wp\/v2\/pages\/6864","targetHints":{"allow":["GET"]}}],"collection":[{"href":"https:\/\/www.chateau-montsoreau.com\/wordpress\/wp-json\/wp\/v2\/pages"}],"about":[{"href":"https:\/\/www.chateau-montsoreau.com\/wordpress\/wp-json\/wp\/v2\/types\/page"}],"author":[{"embeddable":true,"href":"https:\/\/www.chateau-montsoreau.com\/wordpress\/wp-json\/wp\/v2\/users\/5"}],"replies":[{"embeddable":true,"href":"https:\/\/www.chateau-montsoreau.com\/wordpress\/wp-json\/wp\/v2\/comments?post=6864"}],"version-history":[{"count":1,"href":"https:\/\/www.chateau-montsoreau.com\/wordpress\/wp-json\/wp\/v2\/pages\/6864\/revisions"}],"predecessor-version":[{"id":6865,"href":"https:\/\/www.chateau-montsoreau.com\/wordpress\/wp-json\/wp\/v2\/pages\/6864\/revisions\/6865"}],"wp:attachment":[{"href":"https:\/\/www.chateau-montsoreau.com\/wordpress\/wp-json\/wp\/v2\/media?parent=6864"}],"curies":[{"name":"wp","href":"https:\/\/api.w.org\/{rel}","templated":true}]}}