{"id":6901,"date":"2019-09-11T14:08:11","date_gmt":"2019-09-11T13:08:11","guid":{"rendered":"http:\/\/www.chateau-montsoreau.com\/wordpress\/?page_id=6901"},"modified":"2019-09-11T20:45:06","modified_gmt":"2019-09-11T19:45:06","slug":"press-review","status":"publish","type":"page","link":"https:\/\/www.chateau-montsoreau.com\/wordpress\/en\/press-review\/","title":{"rendered":"Press review"},"content":{"rendered":"<h6 class=\"ut-title-divider \" ><span><\/p>\n<h2>Seen in the press<\/h2>\n<p style=\"text-align: center;\"><\/span><\/h6>\n<p style=\"text-align: center;\"><a href=\"http:\/\/www.lemonde.fr\/m-styles\/article\/2017\/05\/17\/ettore-sottsass-ou-la-liberte-guidant-l-artiste_5129096_4497319.html\">Le Monde 17\/05\/2017<\/a> \u00ab\u00a0Ettore Sottsass ou la libert\u00e9 guidant l&rsquo;artiste\u00a0\u00bb<\/p>\n<p style=\"text-align: center;\"><a href=\"https:\/\/www.artpress.com\/2016\/12\/29\/art-language-empecheurs-de-tourner-en-rond\/\">Artpress 29\/12\/2016<\/a> \u00ab\u00a0Art &amp; Language emp\u00eacheurs de tourner en rond\u00a0\u00bb<\/p>\n<p style=\"text-align: center;\"><a href=\"https:\/\/thriveglobal.com\/stories\/philippe-meaille-it-is-time-we-take-responsibility-and-repair-the-climate-and-the-planet-this-is-what-i-call-prospective-ecology\/\">Thriveglobal.com 02\/09\/2019<\/a> \u00ab\u00a0Philippe M\u00e9aille. It is time we take responsability<br \/>\nand repair the climate and the planet\u00a0\u00bb<\/p>\n<p style=\"text-align: center;\"><a href=\"http:\/\/www.lefigaro.fr\/livres\/montsoreau-le-village-fantasme-d-alexandre-dumas-20190729\">Le Figaro 30\/07\/2019<\/a> \u00ab\u00a0Montsoreau, le village fantasm\u00e9 d&rsquo;Alexandre Dumas\u00a0\u00bb<\/p>\n<p style=\"text-align: center;\"><a href=\"https:\/\/www.mutualart.com\/Article\/Combining-Past--Present-and-Future--The-\/DCC6DC54DE5810EF\">Mutualart 04\/09\/2019<\/a> \u00ab\u00a0Combinig past, present and future :<br \/>\nthe Contemporary art museum at Montsoreau<\/p>\n<p style=\"text-align: center;\"><a href=\"https:\/\/daily.artnewspaper.fr\/articles\/tripadvisor-redessine-la-carte-des-parcours-artistiques-en-france\">The Art Newspaper 02\/12\/2018<\/a> \u00ab\u00a0Tripadvisor redessine la carte des parcours artistiques en France\u00a0\u00bb<\/p>\n<p style=\"text-align: center;\"><a href=\"https:\/\/news.artnet.com\/market\/art-language-philippe-meaille-french-chateau-310458\">Artnet 23\/06\/2015<\/a> \u00ab\u00a0Largest Collection of Radical Conceptualists Art &amp; Language<br \/>\nfinds a home in french ch\u00e2teau\u00a0\u00bb<\/p>\n<p style=\"text-align: center;\"><a href=\"http:\/\/www.contemporaryartdaily.com\/2017\/07\/art-language-at-rob-tufnell\/\">Contemporary art Daily 13\/07\/2017<\/a> \u00ab\u00a0Art &amp; Language at Rob Tufnell\u00a0\u00bb<\/p>\n<p style=\"text-align: center;\"><a href=\"http:\/\/www.dust-distiller.com\/architecture\/6399\/\">Dust-distiller 15\/03\/2017<\/a> \u00ab\u00a0Ettore Sottsass designer du monde\u00a0\u00bb<\/p>\n<p style=\"text-align: center;\"><a href=\"https:\/\/aoc.media\/critique\/2018\/10\/22\/peinture-sort-de-toile-art-language-a-montsoreau\/\">AOC &#8211; Analyse Opinion Critique<\/a> \u00ab\u00a0Quand la peinture sort de sa toile\u00a0\u00bb<\/p>\n<p style=\"text-align: center;\"><a href=\"https:\/\/journals.openedition.org\/lcc\/1184\">Revue Laura 01\/05\/2017<\/a> \u00ab\u00a0Le concept \u00e0 l&rsquo;oeuvre : sur une hypoth\u00e8se d&rsquo;Art &amp; Language\u00a0\u00bb<\/p>\n<p style=\"text-align: center;\"><a href=\"http:\/\/www.paris-art.com\/ettore-sottsass-designer-monde\/\">Paris Art 04\/04\/2017<\/a> \u00a0\u00ab\u00a0Ettore Sottsass designer du monde\u00a0\u00bb<\/p>\n<p style=\"text-align: center;\"><a href=\"https:\/\/www.franceculture.fr\/emissions\/le-billet-culturel\/le-billet-culturel-jeudi-26-octobre-2017\">France culture 26\/10\/2017<\/a> \u00ab\u00a0Catalogne, quelles cons\u00e9quences pour la Culture ?\u00a0\u00bb<\/p>\n<p style=\"text-align: center;\"><a href=\"https:\/\/www.artpremium.com\/montsoreau-sparta-dreaming-athens\/\">ArtPremium 29\/10\/2018<\/a> \u00ab\u00a01968. Sparta dreaming Athens\u00a0\u00bb<\/p>\n<p style=\"text-align: center;\"><a href=\"http:\/\/www.elmundo.es\/viajes\/europa\/2017\/06\/12\/58d8ded2468aebfe7b8b463b.html\">El Mundo 21\/06\/2017<\/a> \u00ab\u00a0El Valle del Loira y todas sus novidades para el verano\u00a0\u00bb<\/p>\n<p style=\"text-align: center;\"><a href=\"https:\/\/www.afr.com\/lifestyle\/home-design\/new-yorks-met-breuer-museum-celebrates-design-radical-ettore-sottsass-20170810-gxtl3k\">Financial Review 14\/08\/2017<\/a>\u00a0 \u00ab\u00a0New York Met Bauer museum celebrates<br \/>\ndesign radical Ettore Sottsass\u00a0\u00bb<\/p>\n<p style=\"text-align: center;\"><a href=\"http:\/\/www.francetvinfo.fr\/culture\/expos\/maine-et-loire-a-la-decouverte-de-montsoreau_1818075.html\" target=\"_blank\" rel=\"noopener\">Vid\u00e9o reportage France 3 national 09\/09\/2016<\/a> &#8211; \u00ab\u00a0Maine et Loire :<br \/>\nA la d\u00e9couverte de Montsoreau\u00a0\u00bb<\/p>\n<p style=\"text-align: center;\"><a href=\"https:\/\/www.e-flux.com\/announcements\/59147\/agns-thurnauera-history-of-painting\/\">E-Flux 03\/08\/2016<\/a> \u00ab\u00a0Agn\u00e8s Thurnauer. A history of painting\u00a0\u00bb<\/p>\n<p style=\"text-align: center;\"><a href=\"http:\/\/www.chateau-montsoreau.com\/wordpress\/wp-content\/uploads\/2016\/10\/article-courrier-de-louest.jpeg\" target=\"_blank\" rel=\"noopener\">Courrier de l\u2019ouest 07\/10\/2016<\/a> &#8211; \u00ab\u00a0un pari d\u00e9j\u00e0 r\u00e9ussi\u00a0\u00bb<\/p>\n<p style=\"text-align: center;\"><a href=\"http:\/\/imago.blog.lemonde.fr\/2016\/08\/13\/le-chateau-de-montsoreau-a-lere-du-conceptuel\/\" target=\"_blank\" rel=\"noopener\">Blog Le monde 13\/08\/2016<\/a>\u00a0&#8211; \u00ab\u00a0Le Ch\u00e2teau de Montsoreau \u00e0 l&rsquo;\u00e8re du conceptuel\u00a0\u00bb<\/p>\n<p style=\"text-align: center;\"><a href=\"http:\/\/chicago.suntimes.com\/entertainment\/expo-chicago-to-show-little-seen-art-language-works\/\" target=\"_blank\" rel=\"noopener\">Chicago Suntimes 27\/07\/2016<\/a> &#8211; \u00ab\u00a0Expo Chicago to show little-seen Art + Language works\u00a0\u00bb<\/p>\n<p style=\"text-align: center;\"><a href=\"https:\/\/www.lavanguardia.com\/ocio\/20140917\/54415124338\/retrospectiva-arte-art-language-barcelona.html\">La Vanguardia 17\/09\/2014<\/a>\u00a0 \u00ab\u00a0Una retrospectiva del grupo de arte<br \/>\nconceptual Art &amp; Language, en Barcelona\u00a0\u00bb<\/p>\n<p style=\"text-align: center;\"><a href=\"http:\/\/www.chateau-montsoreau.com\/wordpress\/wp-content\/uploads\/2016\/10\/IMG_20161011_0014.jpg\" target=\"_blank\" rel=\"noopener\">Art press 15\/04\/2016<\/a> &#8211; \u00ab\u00a0Prix Fran\u00e7ois Morellet\u00a0\u00bb<\/p>\n<p style=\"text-align: center;\"><a href=\"https:\/\/www.artinamericamagazine.com\/news-features\/news\/macba-opening\/\">Art in America 21\/11\/2011<\/a> \u00ab\u00a0Macba banks on History\u00a0\u00bb<\/p>\n<p style=\"text-align: center;\"><a href=\"http:\/\/www.artbook.com\/9783037645208.html\">Artbook<\/a> \u00ab\u00a0The private museum of the future\u00a0\u00bb<\/p>\n<p style=\"text-align: center;\"><a href=\"http:\/\/theseenjournal.org\/art-seen-international\/foreword-art-language-conquest\/\">The Seen<\/a> \u00ab\u00a0Art &amp; Language : a conquest\u00a0\u00bb<\/p>\n<p style=\"text-align: center;\"><a href=\"https:\/\/www.lequotidiendelart.com\/articles\/9840-agnes-thurnauer-art-language-une-pensee-commune-de-l-art-au-chateau-de-montsoreau.html\">Le Quotidien de l&rsquo;Art 27\/10\/2016<\/a> \u00ab\u00a0Agnes Thurnauer &#8211; Art &amp; Language :<br \/>\nune pens\u00e9e commune de l\u2019art au Ch\u00e2teau de Montsoreau\u00a0\u00bb<\/p>\n<p style=\"text-align: center;\"><a href=\"https:\/\/www.connaissancedesarts.com\/art-contemporain\/philippe-meaille-installe-sa-collection-au-chateau-de-montsoreau-1126444\/\" target=\"_blank\" rel=\"noopener\">Connaissance des arts 25\/06\/2016<\/a>\u00a0&#8211; \u00ab\u00a0Philippe M\u00e9aille installe sa collection au Ch\u00e2teau de Montsoreau\u00a0\u00bb<\/p>\n<p style=\"text-align: center;\"><a href=\"http:\/\/www.chateau-montsoreau.com\/wordpress\/wp-content\/uploads\/2016\/10\/connaissancedesarts.png\" target=\"_blank\" rel=\"noopener\">Connaissance des arts 16\/09\/2016<\/a>\u00a0&#8211; \u00ab\u00a0Le mouvement Art &amp; Language \u00e0 l&rsquo;assaut de Montsoreau\u00a0\u00bb<\/p>\n<p style=\"text-align: center;\"><a href=\"https:\/\/www.marieclaire.fr\/maison\/ettore-sottsass,1143892.asp\">Marie-Claire\u00a0<\/a> \u00ab\u00a0Ettore Sottsass rebelle et po\u00e8te au pays du design\u00a0\u00bb<\/p>\n<p style=\"text-align: center;\"><a href=\"https:\/\/www.europapress.es\/catalunya\/noticia-philippe-meaille-deposita-macba-fondo-800-obras-grupo-art-language-20110329141118.html\">Europapress 29\/03\/2011<\/a> \u00ab\u00a0Philippe M\u00e9aille deposita en el Macba<br \/>\nun fondo de 800 obras del grupo Art &amp; Language\u00a0\u00bb<\/p>\n<p style=\"text-align: center;\"><a href=\"https:\/\/homesthetics.net\/visit-the-top-10-french-palaces-and-castles-now-and-will-not-be-disappointed\/\">Homesthetics 26\/11\/2014<\/a> \u00ab\u00a0The top 10 french palaces and castles\u00a0\u00bb<\/p>\n<p style=\"text-align: center;\"><a href=\"https:\/\/www.momondo.fr\/discover\/article\/musees-art-contemporain-france\">Momondo 02\/03\/2018<\/a> \u00ab\u00a0Les mus\u00e9es d&rsquo;art contemporain incontournables en France\u00a0\u00bb<\/p>\n<p style=\"text-align: center;\"><a href=\"http:\/\/artdaily.com\/news\/89273\/Exhibition-of-work-by-Agn-egrave-s-Thurnauer-on-view-at-Chateau-de-Montsoreau-\">Artdaily 05\/08\/2016<\/a> \u00ab\u00a0Exhibition of work by Agn\u00e8s Thurnauer<br \/>\non view at Ch\u00e2teau de Montsoreau\u00a0\u00bb<\/p>\n<p style=\"text-align: center;\">\n","protected":false},"excerpt":{"rendered":"<p>Le Monde 17\/05\/2017 \u00ab\u00a0Ettore Sottsass ou la libert\u00e9 guidant l&rsquo;artiste\u00a0\u00bb Artpress 29\/12\/2016 \u00ab\u00a0Art &amp; Language emp\u00eacheurs de tourner en rond\u00a0\u00bb Thriveglobal.com 02\/09\/2019 \u00ab\u00a0Philippe M\u00e9aille. It is time we take responsability and repair the climate and the planet\u00a0\u00bb Le Figaro 30\/07\/2019 \u00ab\u00a0Montsoreau, le village fantasm\u00e9 d&rsquo;Alexandre Dumas\u00a0\u00bb Mutualart 04\/09\/2019 \u00ab\u00a0Combinig past, present and future : the [&hellip;]<\/p>\n","protected":false},"author":5,"featured_media":0,"parent":0,"menu_order":0,"comment_status":"closed","ping_status":"closed","template":"","meta":{"footnotes":""},"class_list":["post-6901","page","type-page","status-publish","hentry"],"yoast_head":"<!-- This site is optimized with the Yoast SEO plugin v27.3 - https:\/\/yoast.com\/product\/yoast-seo-wordpress\/ -->\n<title>Press review | Ch\u00e2teau de Montsoreau-Mus\u00e9e d&#039;Art Contemporain<\/title>\n<meta name=\"robots\" content=\"index, follow, max-snippet:-1, max-image-preview:large, max-video-preview:-1\" \/>\n<link rel=\"canonical\" href=\"https:\/\/www.chateau-montsoreau.com\/wordpress\/en\/press-review\/\" \/>\n<meta property=\"og:locale\" content=\"fr_FR\" \/>\n<meta property=\"og:type\" content=\"article\" \/>\n<meta property=\"og:title\" content=\"Press review | Ch\u00e2teau de Montsoreau-Mus\u00e9e d&#039;Art Contemporain\" \/>\n<meta property=\"og:description\" content=\"Le Monde 17\/05\/2017 \u00ab\u00a0Ettore Sottsass ou la libert\u00e9 guidant l&rsquo;artiste\u00a0\u00bb Artpress 29\/12\/2016 \u00ab\u00a0Art &amp; Language emp\u00eacheurs de tourner en rond\u00a0\u00bb Thriveglobal.com 02\/09\/2019 \u00ab\u00a0Philippe M\u00e9aille. It is time we take responsability and repair the climate and the planet\u00a0\u00bb Le Figaro 30\/07\/2019 \u00ab\u00a0Montsoreau, le village fantasm\u00e9 d&rsquo;Alexandre Dumas\u00a0\u00bb Mutualart 04\/09\/2019 \u00ab\u00a0Combinig past, present and future : the [&hellip;]\" \/>\n<meta property=\"og:url\" content=\"https:\/\/www.chateau-montsoreau.com\/wordpress\/en\/press-review\/\" \/>\n<meta property=\"og:site_name\" content=\"Ch\u00e2teau de Montsoreau-Mus\u00e9e d&#039;Art Contemporain\" \/>\n<meta property=\"article:publisher\" content=\"https:\/\/www.facebook.com\/chateaudemontsoreau\/\" \/>\n<meta property=\"article:modified_time\" content=\"2019-09-11T19:45:06+00:00\" \/>\n<meta name=\"twitter:card\" content=\"summary_large_image\" \/>\n<meta name=\"twitter:site\" content=\"@Cmontsoreau\" \/>\n<meta name=\"twitter:label1\" content=\"Dur\u00e9e de lecture estim\u00e9e\" \/>\n\t<meta name=\"twitter:data1\" content=\"2 minutes\" \/>\n<script type=\"application\/ld+json\" class=\"yoast-schema-graph\">{\"@context\":\"https:\\\/\\\/schema.org\",\"@graph\":[{\"@type\":\"WebPage\",\"@id\":\"https:\\\/\\\/www.chateau-montsoreau.com\\\/wordpress\\\/en\\\/press-review\\\/\",\"url\":\"https:\\\/\\\/www.chateau-montsoreau.com\\\/wordpress\\\/en\\\/press-review\\\/\",\"name\":\"Press review | Ch\u00e2teau de Montsoreau-Mus\u00e9e d&#039;Art Contemporain\",\"isPartOf\":{\"@id\":\"https:\\\/\\\/www.chateau-montsoreau.com\\\/wordpress\\\/#website\"},\"datePublished\":\"2019-09-11T13:08:11+00:00\",\"dateModified\":\"2019-09-11T19:45:06+00:00\",\"breadcrumb\":{\"@id\":\"https:\\\/\\\/www.chateau-montsoreau.com\\\/wordpress\\\/en\\\/press-review\\\/#breadcrumb\"},\"inLanguage\":\"fr-FR\",\"potentialAction\":[{\"@type\":\"ReadAction\",\"target\":[\"https:\\\/\\\/www.chateau-montsoreau.com\\\/wordpress\\\/en\\\/press-review\\\/\"]}]},{\"@type\":\"BreadcrumbList\",\"@id\":\"https:\\\/\\\/www.chateau-montsoreau.com\\\/wordpress\\\/en\\\/press-review\\\/#breadcrumb\",\"itemListElement\":[{\"@type\":\"ListItem\",\"position\":1,\"name\":\"Accueil\",\"item\":\"https:\\\/\\\/www.chateau-montsoreau.com\\\/wordpress\\\/fr\\\/\"},{\"@type\":\"ListItem\",\"position\":2,\"name\":\"Press review\"}]},{\"@type\":\"WebSite\",\"@id\":\"https:\\\/\\\/www.chateau-montsoreau.com\\\/wordpress\\\/#website\",\"url\":\"https:\\\/\\\/www.chateau-montsoreau.com\\\/wordpress\\\/\",\"name\":\"Ch\u00e2teau de Montsoreau-Mus\u00e9e d&#039;Art Contemporain\",\"description\":\"Ch\u00e2teaux de la Loire Art Contemporain Art Conceptuel\",\"publisher\":{\"@id\":\"https:\\\/\\\/www.chateau-montsoreau.com\\\/wordpress\\\/#organization\"},\"potentialAction\":[{\"@type\":\"SearchAction\",\"target\":{\"@type\":\"EntryPoint\",\"urlTemplate\":\"https:\\\/\\\/www.chateau-montsoreau.com\\\/wordpress\\\/?s={search_term_string}\"},\"query-input\":{\"@type\":\"PropertyValueSpecification\",\"valueRequired\":true,\"valueName\":\"search_term_string\"}}],\"inLanguage\":\"fr-FR\"},{\"@type\":\"Organization\",\"@id\":\"https:\\\/\\\/www.chateau-montsoreau.com\\\/wordpress\\\/#organization\",\"name\":\"Ch\u00e2teau de Montsoreau - Mus\u00e9e d'art contemporain\",\"url\":\"https:\\\/\\\/www.chateau-montsoreau.com\\\/wordpress\\\/\",\"logo\":{\"@type\":\"ImageObject\",\"inLanguage\":\"fr-FR\",\"@id\":\"https:\\\/\\\/www.chateau-montsoreau.com\\\/wordpress\\\/#\\\/schema\\\/logo\\\/image\\\/\",\"url\":\"https:\\\/\\\/www.chateau-montsoreau.com\\\/wordpress\\\/wp-content\\\/uploads\\\/2016\\\/03\\\/Logo-Montsoreau-tout-petit-1.png\",\"contentUrl\":\"https:\\\/\\\/www.chateau-montsoreau.com\\\/wordpress\\\/wp-content\\\/uploads\\\/2016\\\/03\\\/Logo-Montsoreau-tout-petit-1.png\",\"width\":133,\"height\":133,\"caption\":\"Ch\u00e2teau de Montsoreau - Mus\u00e9e d'art contemporain\"},\"image\":{\"@id\":\"https:\\\/\\\/www.chateau-montsoreau.com\\\/wordpress\\\/#\\\/schema\\\/logo\\\/image\\\/\"},\"sameAs\":[\"https:\\\/\\\/www.facebook.com\\\/chateaudemontsoreau\\\/\",\"https:\\\/\\\/x.com\\\/Cmontsoreau\",\"https:\\\/\\\/www.instagram.com\\\/chateaudemontsoreau\\\/\",\"http:\\\/\\\/www.pinterest.com\\\/Cmontsoreau\"]}]}<\/script>\n<!-- \/ Yoast SEO plugin. -->","yoast_head_json":{"title":"Press review | Ch\u00e2teau de Montsoreau-Mus\u00e9e d&#039;Art Contemporain","robots":{"index":"index","follow":"follow","max-snippet":"max-snippet:-1","max-image-preview":"max-image-preview:large","max-video-preview":"max-video-preview:-1"},"canonical":"https:\/\/www.chateau-montsoreau.com\/wordpress\/en\/press-review\/","og_locale":"fr_FR","og_type":"article","og_title":"Press review | Ch\u00e2teau de Montsoreau-Mus\u00e9e d&#039;Art Contemporain","og_description":"Le Monde 17\/05\/2017 \u00ab\u00a0Ettore Sottsass ou la libert\u00e9 guidant l&rsquo;artiste\u00a0\u00bb Artpress 29\/12\/2016 \u00ab\u00a0Art &amp; Language emp\u00eacheurs de tourner en rond\u00a0\u00bb Thriveglobal.com 02\/09\/2019 \u00ab\u00a0Philippe M\u00e9aille. It is time we take responsability and repair the climate and the planet\u00a0\u00bb Le Figaro 30\/07\/2019 \u00ab\u00a0Montsoreau, le village fantasm\u00e9 d&rsquo;Alexandre Dumas\u00a0\u00bb Mutualart 04\/09\/2019 \u00ab\u00a0Combinig past, present and future : the [&hellip;]","og_url":"https:\/\/www.chateau-montsoreau.com\/wordpress\/en\/press-review\/","og_site_name":"Ch\u00e2teau de Montsoreau-Mus\u00e9e d&#039;Art Contemporain","article_publisher":"https:\/\/www.facebook.com\/chateaudemontsoreau\/","article_modified_time":"2019-09-11T19:45:06+00:00","twitter_card":"summary_large_image","twitter_site":"@Cmontsoreau","twitter_misc":{"Dur\u00e9e de lecture estim\u00e9e":"2 minutes"},"schema":{"@context":"https:\/\/schema.org","@graph":[{"@type":"WebPage","@id":"https:\/\/www.chateau-montsoreau.com\/wordpress\/en\/press-review\/","url":"https:\/\/www.chateau-montsoreau.com\/wordpress\/en\/press-review\/","name":"Press review | Ch\u00e2teau de Montsoreau-Mus\u00e9e d&#039;Art Contemporain","isPartOf":{"@id":"https:\/\/www.chateau-montsoreau.com\/wordpress\/#website"},"datePublished":"2019-09-11T13:08:11+00:00","dateModified":"2019-09-11T19:45:06+00:00","breadcrumb":{"@id":"https:\/\/www.chateau-montsoreau.com\/wordpress\/en\/press-review\/#breadcrumb"},"inLanguage":"fr-FR","potentialAction":[{"@type":"ReadAction","target":["https:\/\/www.chateau-montsoreau.com\/wordpress\/en\/press-review\/"]}]},{"@type":"BreadcrumbList","@id":"https:\/\/www.chateau-montsoreau.com\/wordpress\/en\/press-review\/#breadcrumb","itemListElement":[{"@type":"ListItem","position":1,"name":"Accueil","item":"https:\/\/www.chateau-montsoreau.com\/wordpress\/fr\/"},{"@type":"ListItem","position":2,"name":"Press review"}]},{"@type":"WebSite","@id":"https:\/\/www.chateau-montsoreau.com\/wordpress\/#website","url":"https:\/\/www.chateau-montsoreau.com\/wordpress\/","name":"Ch\u00e2teau de Montsoreau-Mus\u00e9e d&#039;Art Contemporain","description":"Ch\u00e2teaux de la Loire Art Contemporain Art Conceptuel","publisher":{"@id":"https:\/\/www.chateau-montsoreau.com\/wordpress\/#organization"},"potentialAction":[{"@type":"SearchAction","target":{"@type":"EntryPoint","urlTemplate":"https:\/\/www.chateau-montsoreau.com\/wordpress\/?s={search_term_string}"},"query-input":{"@type":"PropertyValueSpecification","valueRequired":true,"valueName":"search_term_string"}}],"inLanguage":"fr-FR"},{"@type":"Organization","@id":"https:\/\/www.chateau-montsoreau.com\/wordpress\/#organization","name":"Ch\u00e2teau de Montsoreau - Mus\u00e9e d'art contemporain","url":"https:\/\/www.chateau-montsoreau.com\/wordpress\/","logo":{"@type":"ImageObject","inLanguage":"fr-FR","@id":"https:\/\/www.chateau-montsoreau.com\/wordpress\/#\/schema\/logo\/image\/","url":"https:\/\/www.chateau-montsoreau.com\/wordpress\/wp-content\/uploads\/2016\/03\/Logo-Montsoreau-tout-petit-1.png","contentUrl":"https:\/\/www.chateau-montsoreau.com\/wordpress\/wp-content\/uploads\/2016\/03\/Logo-Montsoreau-tout-petit-1.png","width":133,"height":133,"caption":"Ch\u00e2teau de Montsoreau - Mus\u00e9e d'art contemporain"},"image":{"@id":"https:\/\/www.chateau-montsoreau.com\/wordpress\/#\/schema\/logo\/image\/"},"sameAs":["https:\/\/www.facebook.com\/chateaudemontsoreau\/","https:\/\/x.com\/Cmontsoreau","https:\/\/www.instagram.com\/chateaudemontsoreau\/","http:\/\/www.pinterest.com\/Cmontsoreau"]}]}},"_links":{"self":[{"href":"https:\/\/www.chateau-montsoreau.com\/wordpress\/wp-json\/wp\/v2\/pages\/6901","targetHints":{"allow":["GET"]}}],"collection":[{"href":"https:\/\/www.chateau-montsoreau.com\/wordpress\/wp-json\/wp\/v2\/pages"}],"about":[{"href":"https:\/\/www.chateau-montsoreau.com\/wordpress\/wp-json\/wp\/v2\/types\/page"}],"author":[{"embeddable":true,"href":"https:\/\/www.chateau-montsoreau.com\/wordpress\/wp-json\/wp\/v2\/users\/5"}],"replies":[{"embeddable":true,"href":"https:\/\/www.chateau-montsoreau.com\/wordpress\/wp-json\/wp\/v2\/comments?post=6901"}],"version-history":[{"count":3,"href":"https:\/\/www.chateau-montsoreau.com\/wordpress\/wp-json\/wp\/v2\/pages\/6901\/revisions"}],"predecessor-version":[{"id":6953,"href":"https:\/\/www.chateau-montsoreau.com\/wordpress\/wp-json\/wp\/v2\/pages\/6901\/revisions\/6953"}],"wp:attachment":[{"href":"https:\/\/www.chateau-montsoreau.com\/wordpress\/wp-json\/wp\/v2\/media?parent=6901"}],"curies":[{"name":"wp","href":"https:\/\/api.w.org\/{rel}","templated":true}]}}