{"id":7037,"date":"2019-09-13T10:23:06","date_gmt":"2019-09-13T09:23:06","guid":{"rendered":"http:\/\/www.chateau-montsoreau.com\/wordpress\/?page_id=7037"},"modified":"2020-02-19T14:27:59","modified_gmt":"2020-02-19T13:27:59","slug":"%e9%a4%90%e5%8e%85","status":"publish","type":"page","link":"https:\/\/www.chateau-montsoreau.com\/wordpress\/zh\/%e9%a4%90%e5%8e%85\/","title":{"rendered":"\u9910\u5385"},"content":{"rendered":"<h6 class=\"ut-title-divider \" style=\"margin-top:5px;\"><span><\/p>\n<h1>JEAN 2<\/h1>\n<p><\/span><\/h6>\n<div  class=\"ut-one-half  \">\n<p style=\"text-align: left;\">Jean 2\u4f4d\u4e8e\u6614\u65e5\u8499\u7d22\u7f57\u57ce\u5821\u7684\u70f9\u996a\u95f4\u91cc\u3002\u8fd9\u91cc\u7684\u9910\u98df\u7531\u672c\u5730\u6709\u673a\u81ea\u4ea7\u7684\u98df\u6750\u5236\u6210\uff0c\u914d\u6709\u81ea\u7136\u8461\u8404\u9152\u3002\u5728\u9910\u5385\u4e8c\u697c\u6709\u5929\u53f0\uff0c\u80fd\u591f\u8ba9\u5728\u6b64\u4eab\u7528\u5348\u9910\u6216\u665a\u9910\u7684\u4eba\u4eec\u6b23\u8d4f\u5362\u74e6\u5c14\u6cb3\u7f8e\u666f\u3002<\/p>\n<p>\u4e3a\u4e86\u7eaa\u5ff5\u57ce\u5821\u7684\u5efa\u9020\u8005\u8ba9\u00b7\u5fb7\u00b7\u5c1a\u535a\u4e8c\u4e16\uff0c\u9910\u5385\u547d\u540d\u4e3a\u201cJean 2\u201d\u3002\u5b83\u6574\u4f53\u7531\u4e24\u4e2a\u90e8\u5206\u6784\u6210\uff1a\u5ba4\u5185\u90e8\u5206\u6709\u7a79\u9876\u88c5\u9970\uff0c\u6e29\u6696\u3001\u79c1\u5bc6\u3001\u8f7b\u677e\uff0c\u5728\u89d2\u843d\u91cc\u6709\u7740\u4e00\u4e2a\u6db5\u76d6\u6f2b\u753b\u3001\u827a\u672f\u4e66\u7c4d\u3001\u5c0f\u8bf4\u548c\u8bd7\u96c6\u7684\u6821\u56fe\u4e66\u9986\uff1b\u5ba4\u5916\u5929\u53f0\u9002\u5b9c\u5728\u708e\u708e\u590f\u65e5\u4eab\u7528\uff0c\u80fd\u591f\u770b\u5230\u4e0d\u8fdc\u5904\u7ef4\u57c3\u7eb3\u6cb3\u4e0e\u5362\u74e6\u5c14\u6cb3\u7684\u6c47\u6d41\u3002<\/p>\n<p>\u5728\u70f9\u996a\u65b9\u9762\uff0cJean 2\u63d0\u4f9b\u4e00\u7cfb\u5217\u5f53\u5730\u7279\u4ea7\uff1a\u6709\u673a\u5976\u916a\u548c\u8089\u98df\u62fc\u76d8\uff0c\u6c49\u5821\u548c\u65b0\u9c9c\u6c64\u54c1\uff0c\u4ee5\u53ca\u81ea\u7136\u8461\u8404\u9152\u3002<\/p>\n<p style=\"text-align: left;\"><\/div>\n<p style=\"text-align: left;\"><div  class=\"ut-one-half ut-column-last  \">\n<div id=\"attachment_5825\" style=\"width: 1510px\" class=\"wp-caption aligncenter\"><img loading=\"lazy\" decoding=\"async\" aria-describedby=\"caption-attachment-5825\" class=\"wp-image-5825 size-full\" src=\"http:\/\/www.chateau-montsoreau.com\/wordpress\/wp-content\/uploads\/2017\/10\/vin-naturel.jpg\" alt=\"Chaffardon Jean 2 Terrasse\" width=\"1500\" height=\"843\"><p id=\"caption-attachment-5825\" class=\"wp-caption-text\">Didier Chaffardon, Le Rouz\u00e9, 2012. Terrasse du Jean 2<\/p><\/div>\n<h4 style=\"text-align: justify;\"><\/div><div class=\"clear\"><\/div><\/h4>\n<div  class=\"ut-one-half  \">\n<p>\u5728\u88c5\u9970\u65b9\u9762\uff0c\u9910\u5385\u4e0e\u97f3\u4e50\u7d27\u5bc6\u76f8\u5173\u3002\u9910\u5385\u5899\u4e0a\u88c5\u9970\u7740\u827a\u672f\u4e0e\u8bed\u8a00\u56e2\u4f53\u8bbe\u8ba1\u7684\u5531\u7247\u5c01\u9762\uff0c\u4ed6\u4eec\u4e0e\u8ff7\u5e7b\u6447\u6eda\u4e50\u961fRed Crayola\u5408\u4f5c\u51fa\u54c1\u4e86\u4e0d\u5c11\u5531\u7247\u3002\u8fd9\u4e9b\u524d\u536b\u827a\u672f\u5bb6\u7684\u4f5c\u54c1\u5728\u57ce\u5821\u4e2d\u6709\u5c55\u51fa\u3002\u9910\u5385\u9644\u4ef6\u4e5f\u8bbe\u6709\u4e00\u5bb6\u94a2\u7434\uff0c\u4f9b\u60f3\u8981\u5c55\u793a\u5176\u624d\u827a\u7684\u8bbf\u5ba2\u4f7f\u7528\u3002<\/p>\n<p>&nbsp;<\/p>\n<h2><strong>\u81ea\u7136\u8461\u8404\u9152\u7cbe\u9009\u9152\u5355\uff1a<\/strong><\/h2>\n<p>Domaine le Clos M\u00e9laric, <em>Bille de Roche<\/em>, Ann\u00e9e 2014<br \/>\nDomaine de l\u2019Ecu, <em>Granite<\/em>, 2014<br \/>\nDomaine de l\u2019Ecu, <em>Orthogneiss<\/em>, 2014&nbsp; &nbsp;&nbsp;&nbsp;&nbsp;&nbsp;&nbsp;&nbsp;&nbsp;&nbsp;&nbsp;&nbsp;&nbsp;&nbsp;&nbsp;&nbsp;&nbsp;&nbsp;&nbsp;&nbsp;&nbsp;&nbsp;&nbsp;&nbsp;&nbsp;&nbsp;&nbsp;&nbsp;&nbsp;&nbsp;&nbsp;&nbsp;&nbsp;&nbsp;&nbsp;&nbsp;&nbsp;&nbsp;&nbsp;&nbsp;&nbsp;&nbsp;&nbsp; <strong><br \/>\n<\/strong>Domaine L\u00e9onis, <em>Buissonnante<\/em>, 2015<br \/>\nDomaine de la Chevalerie, <em>Diptyque<\/em>, 2014<br \/>\nDomaine Bordes, <em>les Marys<\/em>, 2013<br \/>\nDomaine Gramenon, <em>Poign\u00e9e de Raisins<\/em>, 2015&nbsp; &nbsp;&nbsp;&nbsp;&nbsp;&nbsp;&nbsp;&nbsp;&nbsp;&nbsp;&nbsp;&nbsp;&nbsp;&nbsp;&nbsp;&nbsp;&nbsp;&nbsp;&nbsp;&nbsp;&nbsp;&nbsp;&nbsp; <strong><br \/>\n<\/strong>Domaine le Sot de l\u2019Ange, <em>Sottise<\/em>, 2015<strong>&nbsp;&nbsp;&nbsp;&nbsp;&nbsp;&nbsp;&nbsp;&nbsp;&nbsp;&nbsp; <\/strong><strong><br \/>\n<\/strong>Domaine de la Paleine<strong><br \/>\n<\/strong>Domaine la Tour Grise, <em>Ze Bulle Z\u00e9ro Point\u00e9<\/em><br \/>\nDidier Chaffardon, <em>Clopin Clopant&nbsp;&nbsp;&nbsp;<\/em>&nbsp;&nbsp;&nbsp;&nbsp;&nbsp;&nbsp;&nbsp;&nbsp;&nbsp;&nbsp;&nbsp;&nbsp;&nbsp;&nbsp;&nbsp;&nbsp;&nbsp;&nbsp;&nbsp;&nbsp;&nbsp;&nbsp;&nbsp;&nbsp;&nbsp;&nbsp;&nbsp;&nbsp;&nbsp;&nbsp;&nbsp;&nbsp;&nbsp;&nbsp;&nbsp;&nbsp;&nbsp;&nbsp;&nbsp;&nbsp;&nbsp;&nbsp;&nbsp;&nbsp;&nbsp;&nbsp;&nbsp;&nbsp;&nbsp;&nbsp;&nbsp;&nbsp;&nbsp;&nbsp;&nbsp;&nbsp;&nbsp;&nbsp;&nbsp;&nbsp;&nbsp;&nbsp;&nbsp;&nbsp;&nbsp;&nbsp;&nbsp;&nbsp;&nbsp;&nbsp;&nbsp;&nbsp;&nbsp;&nbsp;&nbsp;&nbsp;&nbsp;&nbsp;&nbsp;&nbsp;&nbsp;&nbsp;&nbsp;&nbsp;&nbsp;&nbsp;&nbsp;&nbsp; <strong><br \/>\n<\/strong>Domaine le Sot de l\u2019Ange, <em>Red is Dead<\/em><strong><em>&nbsp;&nbsp;<\/em>&nbsp;&nbsp;&nbsp;<\/strong><\/p>\n<p>&nbsp;<\/p>\n<h2><strong>\u6b63\u76d8<\/strong><\/h2>\n<p>\u5976\u916a\u548c\u8089\u98df\u62fc\u76d8 15\u20ac<\/p>\n<p><strong>\u6c49\u5821<\/strong><\/p>\n<p>\u7ecf\u5178\u6c49\u5821\uff1a13,50\u20ac<\/p>\n<p>\u7eaf\u7d20\u6c49\u5821\u914d\u81ea\u5236\u85af\u6761\uff1a13,50\u20ac<\/p>\n<p>\u65f6\u4ee4\u6c99\u62c9\uff1a11\u20ac<\/p>\n<h2><strong>\u56e2\u4f53<\/strong><\/h2>\n<p>\u5728\u63d0\u524d\u9884\u7ea6\u5fb7\u60c5\u51b5\u4e0b\uff0cJean 2\u5168\u5e74\u53ef\u5bf9\u56e2\u4f53\u5f00\u653e\u3002\u5348\u9910\u548c\u665a\u9910\u65f6\u6bb5\uff0c\u5e95\u697c\uff08\u53ef\u5bb9\u7eb335\u4eba\uff09\u548c\u5929\u53f0\uff08\u53ef\u5bb9\u7eb345\u4eba\uff09\u53ef\u5305\u573a\u3002<\/p>\n<p><strong>15\u20ac \u5957\u9910<\/strong><\/p>\n<p>\u8499\u7d22\u7f57\u6c64<\/p>\n<p>\u5976\u916a\u548c\u8089\u98df\u62fc\u76d8<\/p>\n<p>\u81ea\u5236\u751c\u70b9<\/p>\n<p><strong>25\u20ac \u5957\u9910<\/strong><\/p>\n<p>L\u00e9a Linster\u4e3b\u53a8\u6c64<\/p>\n<p>\u8089\u98df\u62fc\u76d8<\/p>\n<p>Haut Cru\u00e9\u4ea7\u5c71\u7f8a\u5976\u916a<\/p>\n<p>Bernard\u81ea\u5236\u674f\u5b50\u8089\u9171<\/p>\n<h2><strong>\u4fe1\u606f\/\u9884\u7ea6<\/strong><\/h2>\n<p><strong>\u5f00\u653e\u65f6\u95f4<\/strong><\/p>\n<p>\u56db\u6708-\u4e94\u6708-\u516d\u6708-\u4e5d\u6708<\/p>\n<p>\u661f\u671f\u4e00\uff1a\u4ec5\u5348\u5e02<\/p>\n<p>\u661f\u671f\u56db\u81f3\u661f\u671f\u516d\uff1a\u5348\u5e02\u4e0e\u665a\u5e02<\/p>\n<p>\u661f\u671f\u65e5\uff1a\u4ec5\u5348\u5e02<\/p>\n<p>\u661f\u671f\u4e8c\u661f\u671f\u4e09\u5173\u95ed<\/p>\n<p>\u4e03\u6708-\u516b\u6708<\/p>\n<p>\u661f\u671f\u4e00\u3001\u661f\u671f\u56db\u81f3\u661f\u671f\u516d\uff1a\u5348\u5e02\u4e0e\u665a\u5e02<\/p>\n<p>\u661f\u671f\u65e5\uff1a\u4ec5\u5348\u5e02<\/p>\n<p>\u661f\u671f\u4e8c\u661f\u671f\u4e09\u5173\u95ed<\/p>\n<p>\u5730\u5740\uff1aPassage du Marquis de Geoffre \u2013 49730 Montsoreau<\/p>\n<p>\u901a\u8fc7\u535a\u7269\u9986\u552e\u7968\u5904\u53ef\u514d\u8d39\u8fdb\u5165\u9910\u5385\u3002<\/p>\n<p>\u9884\u7ea6\u7535\u8bdd\uff1a+33 &#8211; 2 41 67 12 60<\/p>\n<p>\u9884\u7ea6\u90ae\u7bb1\uff1ajean2.chateaudemontsoreau@gmail.com<\/p>\n<p>\u8bf7\u5728Facebook\u4e0a\u5173\u6ce8\u6211\u4eec\uff01<br \/>\n<img loading=\"lazy\" decoding=\"async\" class=\"wp-image-5379 alignleft\" src=\"http:\/\/www.chateau-montsoreau.com\/wordpress\/wp-content\/uploads\/2016\/03\/fb_icon_325x325-300x300.png\" alt=\"fb_icon_325x325\" width=\"48\" height=\"48\" srcset=\"https:\/\/www.chateau-montsoreau.com\/wordpress\/wp-content\/uploads\/2016\/03\/fb_icon_325x325-300x300.png 300w, https:\/\/www.chateau-montsoreau.com\/wordpress\/wp-content\/uploads\/2016\/03\/fb_icon_325x325-100x100.png 100w, https:\/\/www.chateau-montsoreau.com\/wordpress\/wp-content\/uploads\/2016\/03\/fb_icon_325x325-150x150.png 150w, https:\/\/www.chateau-montsoreau.com\/wordpress\/wp-content\/uploads\/2016\/03\/fb_icon_325x325.png 325w\" sizes=\"auto, (max-width: 48px) 100vw, 48px\" \/><\/p>\n<p>&nbsp;<\/p>\n<\/div>\n<div  class=\"ut-one-half ut-column-last  \">\n<p><img loading=\"lazy\" decoding=\"async\" class=\"aligncenter wp-image-5619 \" src=\"http:\/\/www.chateau-montsoreau.com\/wordpress\/wp-content\/uploads\/2016\/03\/soup-1905734_1920.jpg\" alt=\"soup-1905734_1920\" width=\"558\" height=\"372\"><\/p>\n<h4 style=\"text-align: justify;\">&nbsp;<img loading=\"lazy\" decoding=\"async\" class=\"aligncenter wp-image-5956\" src=\"http:\/\/www.chateau-montsoreau.com\/wordpress\/wp-content\/uploads\/2016\/03\/P_20170814_123729-300x169.jpg\" alt=\"\" width=\"558\" height=\"314\" srcset=\"https:\/\/www.chateau-montsoreau.com\/wordpress\/wp-content\/uploads\/2016\/03\/P_20170814_123729-300x169.jpg 300w, https:\/\/www.chateau-montsoreau.com\/wordpress\/wp-content\/uploads\/2016\/03\/P_20170814_123729-600x338.jpg 600w, https:\/\/www.chateau-montsoreau.com\/wordpress\/wp-content\/uploads\/2016\/03\/P_20170814_123729-768x432.jpg 768w, https:\/\/www.chateau-montsoreau.com\/wordpress\/wp-content\/uploads\/2016\/03\/P_20170814_123729-1024x576.jpg 1024w\" sizes=\"auto, (max-width: 558px) 100vw, 558px\" \/><\/h4>\n<p><div id=\"attachment_5652\" style=\"width: 588px\" class=\"wp-caption alignnone\"><img loading=\"lazy\" decoding=\"async\" aria-describedby=\"caption-attachment-5652\" class=\" wp-image-5652\" src=\"http:\/\/www.chateau-montsoreau.com\/wordpress\/wp-content\/uploads\/2016\/03\/hamburger-maison-1036722_origin-300x200.jpg\" alt=\"Homemade cheeseburger with fried minced meat and spicy carrot salad on a cutting board on rustic wooden background.Copy space.\" width=\"578\" height=\"385\"><p id=\"caption-attachment-5652\" class=\"wp-caption-text\"><strong> &nbsp; &nbsp; &nbsp; &nbsp; &nbsp; &nbsp; &nbsp; &nbsp; &nbsp; &nbsp; &nbsp; &nbsp; &nbsp; &nbsp;<\/strong><\/p><\/div><\/p>\n<p><img loading=\"lazy\" decoding=\"async\" class=\"aligncenter wp-image-5214\" src=\"http:\/\/www.chateau-montsoreau.com\/wordpress\/wp-content\/uploads\/2016\/03\/Jean-grande-ardoise-de-cochonnailles-300x169.jpg\" alt=\"\" width=\"558\" height=\"314\"><\/p>\n<p style=\"text-align: justify;\"><\/div><div class=\"clear\"><\/div>\n<p>&nbsp;<\/p>\n","protected":false},"excerpt":{"rendered":"<p>&nbsp;<\/p>\n","protected":false},"author":5,"featured_media":0,"parent":0,"menu_order":0,"comment_status":"closed","ping_status":"closed","template":"","meta":{"footnotes":""},"class_list":["post-7037","page","type-page","status-publish","hentry"],"yoast_head":"<!-- This site is optimized with the Yoast SEO plugin v27.3 - https:\/\/yoast.com\/product\/yoast-seo-wordpress\/ -->\n<title>\u9910\u5385 | Ch\u00e2teau de Montsoreau-Mus\u00e9e d&#039;Art Contemporain<\/title>\n<meta name=\"description\" content=\"\u4f4d\u4e8e\u6614\u65e5\u8499\u7d22\u7f57\u57ce\u5821\u7684\u70f9\u996a\u95f4\u91cc\u3002\u8fd9\u91cc\u7684\u9910\u98df\u7531\u672c\u5730\u6709\u673a\u81ea\u4ea7\u7684\u98df\u6750\u5236\u6210\uff0c\u914d\u6709\u81ea\u7136\u8461\u8404\u9152\u3002\u5728\u9910\u5385\u4e8c\u697c\u6709\u5929\u53f0\uff0c\u80fd\u591f\u8ba9\u5728\u6b64\u4eab\u7528\u5348\u9910\u6216\u665a\u9910\u7684\u4eba\u4eec\u6b23\u8d4f\u5362\u74e6\u5c14\u6cb3\u7f8e\u666f\u3002\" \/>\n<meta name=\"robots\" content=\"index, follow, max-snippet:-1, max-image-preview:large, max-video-preview:-1\" \/>\n<link rel=\"canonical\" href=\"https:\/\/www.chateau-montsoreau.com\/wordpress\/zh\/\u9910\u5385\/\" \/>\n<meta property=\"og:locale\" content=\"fr_FR\" \/>\n<meta property=\"og:type\" content=\"article\" \/>\n<meta property=\"og:title\" content=\"\u9910\u5385 | Ch\u00e2teau de Montsoreau-Mus\u00e9e d&#039;Art Contemporain\" \/>\n<meta property=\"og:description\" content=\"\u4f4d\u4e8e\u6614\u65e5\u8499\u7d22\u7f57\u57ce\u5821\u7684\u70f9\u996a\u95f4\u91cc\u3002\u8fd9\u91cc\u7684\u9910\u98df\u7531\u672c\u5730\u6709\u673a\u81ea\u4ea7\u7684\u98df\u6750\u5236\u6210\uff0c\u914d\u6709\u81ea\u7136\u8461\u8404\u9152\u3002\u5728\u9910\u5385\u4e8c\u697c\u6709\u5929\u53f0\uff0c\u80fd\u591f\u8ba9\u5728\u6b64\u4eab\u7528\u5348\u9910\u6216\u665a\u9910\u7684\u4eba\u4eec\u6b23\u8d4f\u5362\u74e6\u5c14\u6cb3\u7f8e\u666f\u3002\" \/>\n<meta property=\"og:url\" content=\"https:\/\/www.chateau-montsoreau.com\/wordpress\/zh\/\u9910\u5385\/\" \/>\n<meta property=\"og:site_name\" content=\"Ch\u00e2teau de Montsoreau-Mus\u00e9e d&#039;Art Contemporain\" \/>\n<meta property=\"article:publisher\" content=\"https:\/\/www.facebook.com\/chateaudemontsoreau\/\" \/>\n<meta property=\"article:modified_time\" content=\"2020-02-19T13:27:59+00:00\" \/>\n<meta property=\"og:image\" content=\"http:\/\/www.chateau-montsoreau.com\/wordpress\/wp-content\/uploads\/2017\/10\/vin-naturel.jpg\" \/>\n<meta name=\"twitter:card\" content=\"summary_large_image\" \/>\n<meta name=\"twitter:site\" content=\"@Cmontsoreau\" \/>\n<meta name=\"twitter:label1\" content=\"Dur\u00e9e de lecture estim\u00e9e\" \/>\n\t<meta name=\"twitter:data1\" content=\"2 minutes\" \/>\n<script type=\"application\/ld+json\" class=\"yoast-schema-graph\">{\"@context\":\"https:\\\/\\\/schema.org\",\"@graph\":[{\"@type\":\"WebPage\",\"@id\":\"https:\\\/\\\/www.chateau-montsoreau.com\\\/wordpress\\\/zh\\\/%e9%a4%90%e5%8e%85\\\/\",\"url\":\"https:\\\/\\\/www.chateau-montsoreau.com\\\/wordpress\\\/zh\\\/%e9%a4%90%e5%8e%85\\\/\",\"name\":\"\u9910\u5385 | Ch\u00e2teau de Montsoreau-Mus\u00e9e d&#039;Art Contemporain\",\"isPartOf\":{\"@id\":\"https:\\\/\\\/www.chateau-montsoreau.com\\\/wordpress\\\/#website\"},\"primaryImageOfPage\":{\"@id\":\"https:\\\/\\\/www.chateau-montsoreau.com\\\/wordpress\\\/zh\\\/%e9%a4%90%e5%8e%85\\\/#primaryimage\"},\"image\":{\"@id\":\"https:\\\/\\\/www.chateau-montsoreau.com\\\/wordpress\\\/zh\\\/%e9%a4%90%e5%8e%85\\\/#primaryimage\"},\"thumbnailUrl\":\"http:\\\/\\\/www.chateau-montsoreau.com\\\/wordpress\\\/wp-content\\\/uploads\\\/2017\\\/10\\\/vin-naturel.jpg\",\"datePublished\":\"2019-09-13T09:23:06+00:00\",\"dateModified\":\"2020-02-19T13:27:59+00:00\",\"description\":\"\u4f4d\u4e8e\u6614\u65e5\u8499\u7d22\u7f57\u57ce\u5821\u7684\u70f9\u996a\u95f4\u91cc\u3002\u8fd9\u91cc\u7684\u9910\u98df\u7531\u672c\u5730\u6709\u673a\u81ea\u4ea7\u7684\u98df\u6750\u5236\u6210\uff0c\u914d\u6709\u81ea\u7136\u8461\u8404\u9152\u3002\u5728\u9910\u5385\u4e8c\u697c\u6709\u5929\u53f0\uff0c\u80fd\u591f\u8ba9\u5728\u6b64\u4eab\u7528\u5348\u9910\u6216\u665a\u9910\u7684\u4eba\u4eec\u6b23\u8d4f\u5362\u74e6\u5c14\u6cb3\u7f8e\u666f\u3002\",\"breadcrumb\":{\"@id\":\"https:\\\/\\\/www.chateau-montsoreau.com\\\/wordpress\\\/zh\\\/%e9%a4%90%e5%8e%85\\\/#breadcrumb\"},\"inLanguage\":\"fr-FR\",\"potentialAction\":[{\"@type\":\"ReadAction\",\"target\":[\"https:\\\/\\\/www.chateau-montsoreau.com\\\/wordpress\\\/zh\\\/%e9%a4%90%e5%8e%85\\\/\"]}]},{\"@type\":\"ImageObject\",\"inLanguage\":\"fr-FR\",\"@id\":\"https:\\\/\\\/www.chateau-montsoreau.com\\\/wordpress\\\/zh\\\/%e9%a4%90%e5%8e%85\\\/#primaryimage\",\"url\":\"\",\"contentUrl\":\"\",\"caption\":\"Didier Chaffardon, Rouze, 2012. Terrace of the John 2\"},{\"@type\":\"BreadcrumbList\",\"@id\":\"https:\\\/\\\/www.chateau-montsoreau.com\\\/wordpress\\\/zh\\\/%e9%a4%90%e5%8e%85\\\/#breadcrumb\",\"itemListElement\":[{\"@type\":\"ListItem\",\"position\":1,\"name\":\"Accueil\",\"item\":\"https:\\\/\\\/www.chateau-montsoreau.com\\\/wordpress\\\/fr\\\/\"},{\"@type\":\"ListItem\",\"position\":2,\"name\":\"\u9910\u5385\"}]},{\"@type\":\"WebSite\",\"@id\":\"https:\\\/\\\/www.chateau-montsoreau.com\\\/wordpress\\\/#website\",\"url\":\"https:\\\/\\\/www.chateau-montsoreau.com\\\/wordpress\\\/\",\"name\":\"Ch\u00e2teau de Montsoreau-Mus\u00e9e d&#039;Art Contemporain\",\"description\":\"Ch\u00e2teaux de la Loire Art Contemporain Art Conceptuel\",\"publisher\":{\"@id\":\"https:\\\/\\\/www.chateau-montsoreau.com\\\/wordpress\\\/#organization\"},\"potentialAction\":[{\"@type\":\"SearchAction\",\"target\":{\"@type\":\"EntryPoint\",\"urlTemplate\":\"https:\\\/\\\/www.chateau-montsoreau.com\\\/wordpress\\\/?s={search_term_string}\"},\"query-input\":{\"@type\":\"PropertyValueSpecification\",\"valueRequired\":true,\"valueName\":\"search_term_string\"}}],\"inLanguage\":\"fr-FR\"},{\"@type\":\"Organization\",\"@id\":\"https:\\\/\\\/www.chateau-montsoreau.com\\\/wordpress\\\/#organization\",\"name\":\"Ch\u00e2teau de Montsoreau - Mus\u00e9e d'art contemporain\",\"url\":\"https:\\\/\\\/www.chateau-montsoreau.com\\\/wordpress\\\/\",\"logo\":{\"@type\":\"ImageObject\",\"inLanguage\":\"fr-FR\",\"@id\":\"https:\\\/\\\/www.chateau-montsoreau.com\\\/wordpress\\\/#\\\/schema\\\/logo\\\/image\\\/\",\"url\":\"https:\\\/\\\/www.chateau-montsoreau.com\\\/wordpress\\\/wp-content\\\/uploads\\\/2016\\\/03\\\/Logo-Montsoreau-tout-petit-1.png\",\"contentUrl\":\"https:\\\/\\\/www.chateau-montsoreau.com\\\/wordpress\\\/wp-content\\\/uploads\\\/2016\\\/03\\\/Logo-Montsoreau-tout-petit-1.png\",\"width\":133,\"height\":133,\"caption\":\"Ch\u00e2teau de Montsoreau - Mus\u00e9e d'art contemporain\"},\"image\":{\"@id\":\"https:\\\/\\\/www.chateau-montsoreau.com\\\/wordpress\\\/#\\\/schema\\\/logo\\\/image\\\/\"},\"sameAs\":[\"https:\\\/\\\/www.facebook.com\\\/chateaudemontsoreau\\\/\",\"https:\\\/\\\/x.com\\\/Cmontsoreau\",\"https:\\\/\\\/www.instagram.com\\\/chateaudemontsoreau\\\/\",\"http:\\\/\\\/www.pinterest.com\\\/Cmontsoreau\"]}]}<\/script>\n<!-- \/ Yoast SEO plugin. -->","yoast_head_json":{"title":"\u9910\u5385 | Ch\u00e2teau de Montsoreau-Mus\u00e9e d&#039;Art Contemporain","description":"\u4f4d\u4e8e\u6614\u65e5\u8499\u7d22\u7f57\u57ce\u5821\u7684\u70f9\u996a\u95f4\u91cc\u3002\u8fd9\u91cc\u7684\u9910\u98df\u7531\u672c\u5730\u6709\u673a\u81ea\u4ea7\u7684\u98df\u6750\u5236\u6210\uff0c\u914d\u6709\u81ea\u7136\u8461\u8404\u9152\u3002\u5728\u9910\u5385\u4e8c\u697c\u6709\u5929\u53f0\uff0c\u80fd\u591f\u8ba9\u5728\u6b64\u4eab\u7528\u5348\u9910\u6216\u665a\u9910\u7684\u4eba\u4eec\u6b23\u8d4f\u5362\u74e6\u5c14\u6cb3\u7f8e\u666f\u3002","robots":{"index":"index","follow":"follow","max-snippet":"max-snippet:-1","max-image-preview":"max-image-preview:large","max-video-preview":"max-video-preview:-1"},"canonical":"https:\/\/www.chateau-montsoreau.com\/wordpress\/zh\/\u9910\u5385\/","og_locale":"fr_FR","og_type":"article","og_title":"\u9910\u5385 | Ch\u00e2teau de Montsoreau-Mus\u00e9e d&#039;Art Contemporain","og_description":"\u4f4d\u4e8e\u6614\u65e5\u8499\u7d22\u7f57\u57ce\u5821\u7684\u70f9\u996a\u95f4\u91cc\u3002\u8fd9\u91cc\u7684\u9910\u98df\u7531\u672c\u5730\u6709\u673a\u81ea\u4ea7\u7684\u98df\u6750\u5236\u6210\uff0c\u914d\u6709\u81ea\u7136\u8461\u8404\u9152\u3002\u5728\u9910\u5385\u4e8c\u697c\u6709\u5929\u53f0\uff0c\u80fd\u591f\u8ba9\u5728\u6b64\u4eab\u7528\u5348\u9910\u6216\u665a\u9910\u7684\u4eba\u4eec\u6b23\u8d4f\u5362\u74e6\u5c14\u6cb3\u7f8e\u666f\u3002","og_url":"https:\/\/www.chateau-montsoreau.com\/wordpress\/zh\/\u9910\u5385\/","og_site_name":"Ch\u00e2teau de Montsoreau-Mus\u00e9e d&#039;Art Contemporain","article_publisher":"https:\/\/www.facebook.com\/chateaudemontsoreau\/","article_modified_time":"2020-02-19T13:27:59+00:00","og_image":[{"url":"http:\/\/www.chateau-montsoreau.com\/wordpress\/wp-content\/uploads\/2017\/10\/vin-naturel.jpg","type":"","width":"","height":""}],"twitter_card":"summary_large_image","twitter_site":"@Cmontsoreau","twitter_misc":{"Dur\u00e9e de lecture estim\u00e9e":"2 minutes"},"schema":{"@context":"https:\/\/schema.org","@graph":[{"@type":"WebPage","@id":"https:\/\/www.chateau-montsoreau.com\/wordpress\/zh\/%e9%a4%90%e5%8e%85\/","url":"https:\/\/www.chateau-montsoreau.com\/wordpress\/zh\/%e9%a4%90%e5%8e%85\/","name":"\u9910\u5385 | Ch\u00e2teau de Montsoreau-Mus\u00e9e d&#039;Art Contemporain","isPartOf":{"@id":"https:\/\/www.chateau-montsoreau.com\/wordpress\/#website"},"primaryImageOfPage":{"@id":"https:\/\/www.chateau-montsoreau.com\/wordpress\/zh\/%e9%a4%90%e5%8e%85\/#primaryimage"},"image":{"@id":"https:\/\/www.chateau-montsoreau.com\/wordpress\/zh\/%e9%a4%90%e5%8e%85\/#primaryimage"},"thumbnailUrl":"http:\/\/www.chateau-montsoreau.com\/wordpress\/wp-content\/uploads\/2017\/10\/vin-naturel.jpg","datePublished":"2019-09-13T09:23:06+00:00","dateModified":"2020-02-19T13:27:59+00:00","description":"\u4f4d\u4e8e\u6614\u65e5\u8499\u7d22\u7f57\u57ce\u5821\u7684\u70f9\u996a\u95f4\u91cc\u3002\u8fd9\u91cc\u7684\u9910\u98df\u7531\u672c\u5730\u6709\u673a\u81ea\u4ea7\u7684\u98df\u6750\u5236\u6210\uff0c\u914d\u6709\u81ea\u7136\u8461\u8404\u9152\u3002\u5728\u9910\u5385\u4e8c\u697c\u6709\u5929\u53f0\uff0c\u80fd\u591f\u8ba9\u5728\u6b64\u4eab\u7528\u5348\u9910\u6216\u665a\u9910\u7684\u4eba\u4eec\u6b23\u8d4f\u5362\u74e6\u5c14\u6cb3\u7f8e\u666f\u3002","breadcrumb":{"@id":"https:\/\/www.chateau-montsoreau.com\/wordpress\/zh\/%e9%a4%90%e5%8e%85\/#breadcrumb"},"inLanguage":"fr-FR","potentialAction":[{"@type":"ReadAction","target":["https:\/\/www.chateau-montsoreau.com\/wordpress\/zh\/%e9%a4%90%e5%8e%85\/"]}]},{"@type":"ImageObject","inLanguage":"fr-FR","@id":"https:\/\/www.chateau-montsoreau.com\/wordpress\/zh\/%e9%a4%90%e5%8e%85\/#primaryimage","url":"","contentUrl":"","caption":"Didier Chaffardon, Rouze, 2012. Terrace of the John 2"},{"@type":"BreadcrumbList","@id":"https:\/\/www.chateau-montsoreau.com\/wordpress\/zh\/%e9%a4%90%e5%8e%85\/#breadcrumb","itemListElement":[{"@type":"ListItem","position":1,"name":"Accueil","item":"https:\/\/www.chateau-montsoreau.com\/wordpress\/fr\/"},{"@type":"ListItem","position":2,"name":"\u9910\u5385"}]},{"@type":"WebSite","@id":"https:\/\/www.chateau-montsoreau.com\/wordpress\/#website","url":"https:\/\/www.chateau-montsoreau.com\/wordpress\/","name":"Ch\u00e2teau de Montsoreau-Mus\u00e9e d&#039;Art Contemporain","description":"Ch\u00e2teaux de la Loire Art Contemporain Art Conceptuel","publisher":{"@id":"https:\/\/www.chateau-montsoreau.com\/wordpress\/#organization"},"potentialAction":[{"@type":"SearchAction","target":{"@type":"EntryPoint","urlTemplate":"https:\/\/www.chateau-montsoreau.com\/wordpress\/?s={search_term_string}"},"query-input":{"@type":"PropertyValueSpecification","valueRequired":true,"valueName":"search_term_string"}}],"inLanguage":"fr-FR"},{"@type":"Organization","@id":"https:\/\/www.chateau-montsoreau.com\/wordpress\/#organization","name":"Ch\u00e2teau de Montsoreau - Mus\u00e9e d'art contemporain","url":"https:\/\/www.chateau-montsoreau.com\/wordpress\/","logo":{"@type":"ImageObject","inLanguage":"fr-FR","@id":"https:\/\/www.chateau-montsoreau.com\/wordpress\/#\/schema\/logo\/image\/","url":"https:\/\/www.chateau-montsoreau.com\/wordpress\/wp-content\/uploads\/2016\/03\/Logo-Montsoreau-tout-petit-1.png","contentUrl":"https:\/\/www.chateau-montsoreau.com\/wordpress\/wp-content\/uploads\/2016\/03\/Logo-Montsoreau-tout-petit-1.png","width":133,"height":133,"caption":"Ch\u00e2teau de Montsoreau - Mus\u00e9e d'art contemporain"},"image":{"@id":"https:\/\/www.chateau-montsoreau.com\/wordpress\/#\/schema\/logo\/image\/"},"sameAs":["https:\/\/www.facebook.com\/chateaudemontsoreau\/","https:\/\/x.com\/Cmontsoreau","https:\/\/www.instagram.com\/chateaudemontsoreau\/","http:\/\/www.pinterest.com\/Cmontsoreau"]}]}},"_links":{"self":[{"href":"https:\/\/www.chateau-montsoreau.com\/wordpress\/wp-json\/wp\/v2\/pages\/7037","targetHints":{"allow":["GET"]}}],"collection":[{"href":"https:\/\/www.chateau-montsoreau.com\/wordpress\/wp-json\/wp\/v2\/pages"}],"about":[{"href":"https:\/\/www.chateau-montsoreau.com\/wordpress\/wp-json\/wp\/v2\/types\/page"}],"author":[{"embeddable":true,"href":"https:\/\/www.chateau-montsoreau.com\/wordpress\/wp-json\/wp\/v2\/users\/5"}],"replies":[{"embeddable":true,"href":"https:\/\/www.chateau-montsoreau.com\/wordpress\/wp-json\/wp\/v2\/comments?post=7037"}],"version-history":[{"count":2,"href":"https:\/\/www.chateau-montsoreau.com\/wordpress\/wp-json\/wp\/v2\/pages\/7037\/revisions"}],"predecessor-version":[{"id":7971,"href":"https:\/\/www.chateau-montsoreau.com\/wordpress\/wp-json\/wp\/v2\/pages\/7037\/revisions\/7971"}],"wp:attachment":[{"href":"https:\/\/www.chateau-montsoreau.com\/wordpress\/wp-json\/wp\/v2\/media?parent=7037"}],"curies":[{"name":"wp","href":"https:\/\/api.w.org\/{rel}","templated":true}]}}