{"id":7042,"date":"2019-09-13T14:11:22","date_gmt":"2019-09-13T13:11:22","guid":{"rendered":"http:\/\/www.chateau-montsoreau.com\/wordpress\/?page_id=7042"},"modified":"2020-02-19T14:21:01","modified_gmt":"2020-02-19T13:21:01","slug":"%e5%87%ba%e7%89%88%e7%a4%be","status":"publish","type":"page","link":"https:\/\/www.chateau-montsoreau.com\/wordpress\/zh\/%e5%87%ba%e7%89%88%e7%a4%be\/","title":{"rendered":"\u51fa\u7248\u793e"},"content":{"rendered":"<p>\u4ece2016\u8d77\uff0c\u8499\u7d22\u7f57\u57ce\u5821-\u5f53\u4ee3\u827a\u672f\u535a\u7269\u9986\u4e3a\u4e86\u66f4\u597d\u5730\u5f00\u5c55\u6587\u5316\u6d3b\u52a8\u800c\u8bbe\u7f6e\u4e86\u51fa\u7248\u793e\u3002\u51fa\u7248\u793e\u7f16\u8f91\u7684\u4e66\u76ee\u56f4\u7ed5\u9986\u5185\u7684\u91cd\u8981\u4e34\u65f6\u5c55\u89c8\u5c55\u5f00\uff0c\u8fd9\u4e9b\u53d1\u884c\u7684\u4e66\u76ee\u80fd\u591f\u8ba9\u4eba\u4eec\u66f4\u597d\u5730\u63a5\u89e6\u548c\u7406\u89e3\u827a\u672f\u5bb6\u7684\u4f5c\u54c1\u3002<\/p>\n<script type=\"text\/javascript\">(function($){$(document).ready(function($){ \"use strict\";var $win = $(window),$container = $(\"#ut-portfolio-items-7105\"),columns = 4,gutter = \"on\",gutterwidth = \"\",guttersize = \"1\",$sortedItems = \"\";function ut_call_isotope( update){if( $(window).width()> 1024){columns = 4;} if( $(window).width()<= 1024){columns = 3;} if( $(window).width()<= 767){columns = 2;} if( gutter === \"on\"){$container.children().width( Math.floor($container.width()\/ columns - ( ( 20 * guttersize)* ( columns - 1)\/ columns))).addClass(\"show\");gutterwidth = 20 * guttersize;} else {$container.children().width( Math.floor($container.width()\/ columns)).addClass(\"show\");gutterwidth = 0;}$container.isotope({itemSelector : \".ut-masonry\",animationEngine : \"best-available\",resizable: false,layoutMode: \"fitRows\",masonry: { columnWidth: $container.width()\/ columns - gutterwidth },itemPositionDataEnabled: true,onLayout: function (elems, instance){$win.trigger(\"scroll\");$container.addClass(\"animated\");elems.addClass(\"animated\");}}).isotope(\"reLayout\"); }function ut_update_isotope_grid(){if( $sortedItems){$container.find(\".last\").removeClass(\"last\");var i = columns - 1;$.each($sortedItems, function(key, value){if($(this).hasClass(\"isotope-hidden\")){i++;}if(((key-i)\/ columns)==0){$(this).addClass(\"last\");i = columns+i;}});$container.isotope(\"reLayout\",function(){ $.waypoints(\"refresh\");});}}$(window).smartresize(function(){ut_call_isotope();ut_update_isotope_grid();}); $(window).load(function(){ut_call_isotope();$sortedItems = $container.data(\"isotope\").$filteredAtoms;ut_update_isotope_grid(); $(\"#ut-portfolio-menu-7105 a\").each(function( index){var searchforclass = $(this).attr(\"data-filter\");if( !$(searchforclass).length){$(this).hide();}});$(\"#ut-portfolio-menu-7105 a\").click(function(){var selector = $(this).attr(\"data-filter\");$container.isotope({ filter: selector });ut_update_isotope_grid();if ( !$(this).hasClass(\"selected\")){$(this).parents(\"#ut-portfolio-menu-7105\").find(\".selected\").removeClass(\"selected\");$(this).addClass(\"selected\");}return false;});});});}(jQuery));<\/script><div id=\"ut-loader-7105\" class=\"ut-portfolio-detail-loader\"><i class=\"fa fa-refresh fa-spin\"><\/i><\/div><div id=\"ut-portfolio-details-wrap-7105\" class=\"ut-portfolio-details-wrap clearfix\"><div id=\"ut-portfolio-details-7105\" class=\"inner ut-portfolio-details\"><div class=\"ut-portfolio-details-navigation\"><a class=\"prev-portfolio-details\" data-wrap=\"7105\" href=\"#\"><\/a><a class=\"close-portfolio-details\" data-wrap=\"7105\" href=\"#\"><\/a><a class=\"next-portfolio-details\" data-wrap=\"7105\" href=\"#\"><\/a><\/div><div id=\"ut-portfolio-detail-7104\" class=\"animated ut-portfolio-detail clearfix\" data-post=\"7104\" data-format=\"\"><div class=\"grid-80 prefix-10 mobile-grid-100 tablet-grid-80 tablet-prefix-10 ut-portfolio-media\"><img class=\"ut-portfolio-image ut-load-me ut-square\" alt=\"\u6297\u8bae\" data-original=\"https:\/\/www.chateau-montsoreau.com\/wordpress\/wp-content\/uploads\/2017\/11\/une-encadr\u00e9e.jpg\"><\/div><div class=\"grid-70 prefix-15 mobile-grid-100 tablet-grid-70 tablet-prefix-15 entry-content clearfix\"><\/div><\/div><div id=\"ut-portfolio-detail-7102\" class=\"animated ut-portfolio-detail clearfix\" data-post=\"7102\" data-format=\"\"><div class=\"grid-80 prefix-10 mobile-grid-100 tablet-grid-80 tablet-prefix-10 ut-portfolio-media\"><img class=\"ut-portfolio-image ut-load-me ut-square\" alt=\"\u827a\u672f\u4e0e\u8bed\u8a00\uff1a\u771f\u5b9e\uff08\u6697\uff09\u788e\u7247\uff08\u660e\uff09\" data-original=\"https:\/\/www.chateau-montsoreau.com\/wordpress\/wp-content\/uploads\/2019\/09\/couverture-recto.jpg\"><\/div><div class=\"grid-70 prefix-15 mobile-grid-100 tablet-grid-70 tablet-prefix-15 entry-content clearfix\"><\/div><\/div><div id=\"ut-portfolio-detail-7101\" class=\"animated ut-portfolio-detail clearfix\" data-post=\"7101\" data-format=\"\"><div class=\"grid-80 prefix-10 mobile-grid-100 tablet-grid-80 tablet-prefix-10 ut-portfolio-media\"><img class=\"ut-portfolio-image ut-load-me ut-square\" alt=\"\u6f2b\u6e38AGN\u00c8S THURNAUER\u7684\u4e16\u754c\" data-original=\"https:\/\/www.chateau-montsoreau.com\/wordpress\/wp-content\/uploads\/2019\/09\/Diapositive1-4.jpg\"><\/div><div class=\"grid-70 prefix-15 mobile-grid-100 tablet-grid-70 tablet-prefix-15 entry-content clearfix\"><\/div><\/div><div id=\"ut-portfolio-detail-7099\" class=\"animated ut-portfolio-detail clearfix\" data-post=\"7099\" data-format=\"\"><div class=\"grid-80 prefix-10 mobile-grid-100 tablet-grid-80 tablet-prefix-10 ut-portfolio-media\"><img class=\"ut-portfolio-image ut-load-me ut-square\" alt=\"\u827a\u672f\u4e0e\u8bed\u8a00\uff1a\u7ef4\u514b\u6258\u91cc\u5a1c\u00b7\u9ed8\u5170\u8bbf\u8c08\" data-original=\"https:\/\/www.chateau-montsoreau.com\/wordpress\/wp-content\/uploads\/2019\/09\/Diapositive1-5.jpg\"><\/div><div class=\"grid-70 prefix-15 mobile-grid-100 tablet-grid-70 tablet-prefix-15 entry-content clearfix\"><\/div><\/div><\/div><\/div><div class=\"clear\"><\/div><div id=\"ut-portfolio-wrap\" class=\"ut-portfolio-wrap\" data-textcolor=\"#ffffff\" data-opacity=\"1\" data-hovercolor=\"221,51,51\"><a class=\"ut-portfolio-offset-anchor\" style=\"top:-120px;\" id=\"ut-portfolio-items-7105-anchor\"><\/a><div id=\"ut-portfolio-items-7105\" class=\"ut-portfolio-item-container\"><article class=\"%e5%87%ba%e7%89%88%e7%a4%be-filt   ut-masonry gutter gutter-1 portfolio-style-one\"><div class=\"ut-portfolio-item ut-hover\"><a class=\"ut-portfolio-link ut-square \" rel=\"bookmark\" title=\"\u6297\u8bae\" data-wrap=\"7105\" data-post=\"7104\" href=\"#ut-portfolio-details-wrap-7105\"><figure><img loading=\"lazy\" decoding=\"async\" alt=\"\u6297\u8bae\" width=\"750\" height=\"750\" src=\"https:\/\/www.chateau-montsoreau.com\/wordpress\/wp-content\/plugins\/ut-portfolio\/i\/?w=750&amp;h=750\" class=\"portfolio-lazy\"  data-original=\"https:\/\/www.chateau-montsoreau.com\/wordpress\/wp-content\/uploads\/2017\/11\/une-encadr\u00e9e-750x750.jpg\" \/><\/figure><div class=\"ut-hover-layer\"><div class=\"ut-portfolio-info\"><div class=\"ut-portfolio-info-c\"><h2 class=\"portfolio-title\">\u6297\u8bae<\/h2><span>\u51fa\u7248\u793e<\/span><\/div><\/div><\/div><\/a><\/div><\/article><article class=\"%e5%87%ba%e7%89%88%e7%a4%be-filt   ut-masonry gutter gutter-1 portfolio-style-one\"><div class=\"ut-portfolio-item ut-hover\"><a class=\"ut-portfolio-link ut-square \" rel=\"bookmark\" title=\"\u827a\u672f\u4e0e\u8bed\u8a00\uff1a\u771f\u5b9e\uff08\u6697\uff09\u788e\u7247\uff08\u660e\uff09\" data-wrap=\"7105\" data-post=\"7102\" href=\"#ut-portfolio-details-wrap-7105\"><figure><img loading=\"lazy\" decoding=\"async\" alt=\"\u827a\u672f\u4e0e\u8bed\u8a00\uff1a\u771f\u5b9e\uff08\u6697\uff09\u788e\u7247\uff08\u660e\uff09\" width=\"750\" height=\"750\" src=\"https:\/\/www.chateau-montsoreau.com\/wordpress\/wp-content\/plugins\/ut-portfolio\/i\/?w=750&amp;h=750\" class=\"portfolio-lazy\"  data-original=\"https:\/\/www.chateau-montsoreau.com\/wordpress\/wp-content\/uploads\/2019\/09\/couverture-recto-750x750.jpg\" \/><\/figure><div class=\"ut-hover-layer\"><div class=\"ut-portfolio-info\"><div class=\"ut-portfolio-info-c\"><h2 class=\"portfolio-title\">\u827a\u672f\u4e0e\u8bed\u8a00\uff1a\u771f\u5b9e\uff08\u6697\uff09\u788e\u7247\uff08\u660e\uff09<\/h2><span>\u51fa\u7248\u793e<\/span><\/div><\/div><\/div><\/a><\/div><\/article><article class=\"%e5%87%ba%e7%89%88%e7%a4%be-filt   ut-masonry gutter gutter-1 portfolio-style-one\"><div class=\"ut-portfolio-item ut-hover\"><a class=\"ut-portfolio-link ut-square \" rel=\"bookmark\" title=\"\u6f2b\u6e38AGN\u00c8S THURNAUER\u7684\u4e16\u754c\" data-wrap=\"7105\" data-post=\"7101\" href=\"#ut-portfolio-details-wrap-7105\"><figure><img loading=\"lazy\" decoding=\"async\" alt=\"\u6f2b\u6e38AGN\u00c8S THURNAUER\u7684\u4e16\u754c\" width=\"750\" height=\"750\" src=\"https:\/\/www.chateau-montsoreau.com\/wordpress\/wp-content\/plugins\/ut-portfolio\/i\/?w=750&amp;h=750\" class=\"portfolio-lazy\"  data-original=\"https:\/\/www.chateau-montsoreau.com\/wordpress\/wp-content\/uploads\/2019\/09\/Diapositive1-4-750x750.jpg\" \/><\/figure><div class=\"ut-hover-layer\"><div class=\"ut-portfolio-info\"><div class=\"ut-portfolio-info-c\"><h2 class=\"portfolio-title\">\u6f2b\u6e38AGN\u00c8S THURNAUER\u7684\u4e16\u754c<\/h2><span>\u51fa\u7248\u793e<\/span><\/div><\/div><\/div><\/a><\/div><\/article><article class=\"%e5%87%ba%e7%89%88%e7%a4%be-filt  last ut-masonry gutter gutter-1 portfolio-style-one\"><div class=\"ut-portfolio-item ut-hover\"><a class=\"ut-portfolio-link ut-square \" rel=\"bookmark\" title=\"\u827a\u672f\u4e0e\u8bed\u8a00\uff1a\u7ef4\u514b\u6258\u91cc\u5a1c\u00b7\u9ed8\u5170\u8bbf\u8c08\" data-wrap=\"7105\" data-post=\"7099\" href=\"#ut-portfolio-details-wrap-7105\"><figure><img loading=\"lazy\" decoding=\"async\" alt=\"\u827a\u672f\u4e0e\u8bed\u8a00\uff1a\u7ef4\u514b\u6258\u91cc\u5a1c\u00b7\u9ed8\u5170\u8bbf\u8c08\" width=\"750\" height=\"750\" src=\"https:\/\/www.chateau-montsoreau.com\/wordpress\/wp-content\/plugins\/ut-portfolio\/i\/?w=750&amp;h=750\" class=\"portfolio-lazy\"  data-original=\"https:\/\/www.chateau-montsoreau.com\/wordpress\/wp-content\/uploads\/2019\/09\/Diapositive1-5-750x750.jpg\" \/><\/figure><div class=\"ut-hover-layer\"><div class=\"ut-portfolio-info\"><div class=\"ut-portfolio-info-c\"><h2 class=\"portfolio-title\">\u827a\u672f\u4e0e\u8bed\u8a00\uff1a\u7ef4\u514b\u6258\u91cc\u5a1c\u00b7\u9ed8\u5170\u8bbf\u8c08<\/h2><span>\u51fa\u7248\u793e<\/span><\/div><\/div><\/div><\/a><\/div><\/article><\/div><\/div>\n","protected":false},"excerpt":{"rendered":"<p>\u4ece2016\u8d77\uff0c\u8499\u7d22\u7f57\u57ce\u5821-\u5f53\u4ee3\u827a\u672f\u535a\u7269\u9986\u4e3a\u4e86\u66f4\u597d\u5730\u5f00\u5c55\u6587\u5316\u6d3b\u52a8\u800c\u8bbe\u7f6e\u4e86\u51fa\u7248\u793e\u3002\u51fa\u7248\u793e\u7f16\u8f91\u7684\u4e66\u76ee\u56f4\u7ed5\u9986\u5185\u7684\u91cd\u8981\u4e34\u65f6\u5c55\u89c8\u5c55\u5f00\uff0c\u8fd9\u4e9b\u53d1\u884c\u7684\u4e66\u76ee\u80fd\u591f\u8ba9\u4eba\u4eec\u66f4\u597d\u5730\u63a5\u89e6\u548c\u7406\u89e3\u827a\u672f\u5bb6\u7684\u4f5c\u54c1\u3002<\/p>\n","protected":false},"author":5,"featured_media":0,"parent":0,"menu_order":0,"comment_status":"closed","ping_status":"closed","template":"","meta":{"footnotes":""},"class_list":["post-7042","page","type-page","status-publish","hentry"],"yoast_head":"<!-- This site is optimized with the Yoast SEO plugin v27.3 - https:\/\/yoast.com\/product\/yoast-seo-wordpress\/ -->\n<title>\u51fa\u7248\u793e | Ch\u00e2teau de Montsoreau-Mus\u00e9e d&#039;Art Contemporain<\/title>\n<meta name=\"description\" content=\"\u8499\u7d22\u7f57\u57ce\u5821-\u5f53\u4ee3\u827a\u672f\u535a\u7269\u9986\u4e3a\u4e86\u66f4\u597d\u5730\u5f00\u5c55\u6587\u5316\u6d3b\u52a8\u800c\u8bbe\u7f6e\u4e86\u51fa\u7248\u793e\u3002\u51fa\u7248\u793e\u7f16\u8f91\u7684\u4e66\u76ee\u56f4\u7ed5\u9986\u5185\u7684\u91cd\u8981\u4e34\u65f6\u5c55\u89c8\u5c55\u5f00\uff0c\u8fd9\u4e9b\u53d1\u884c\u7684\u4e66\u76ee\u80fd\u591f\u8ba9\u4eba\u4eec\u66f4\u597d\u5730\u63a5\u89e6\u548c\u7406\u89e3\u827a\u672f\u5bb6\u7684\u4f5c\u54c1\u3002\" \/>\n<meta name=\"robots\" content=\"index, follow, max-snippet:-1, max-image-preview:large, max-video-preview:-1\" \/>\n<link rel=\"canonical\" href=\"https:\/\/www.chateau-montsoreau.com\/wordpress\/zh\/\u51fa\u7248\u793e\/\" \/>\n<meta property=\"og:locale\" content=\"fr_FR\" \/>\n<meta property=\"og:type\" content=\"article\" \/>\n<meta property=\"og:title\" content=\"\u51fa\u7248\u793e | Ch\u00e2teau de Montsoreau-Mus\u00e9e d&#039;Art Contemporain\" \/>\n<meta property=\"og:description\" content=\"\u8499\u7d22\u7f57\u57ce\u5821-\u5f53\u4ee3\u827a\u672f\u535a\u7269\u9986\u4e3a\u4e86\u66f4\u597d\u5730\u5f00\u5c55\u6587\u5316\u6d3b\u52a8\u800c\u8bbe\u7f6e\u4e86\u51fa\u7248\u793e\u3002\u51fa\u7248\u793e\u7f16\u8f91\u7684\u4e66\u76ee\u56f4\u7ed5\u9986\u5185\u7684\u91cd\u8981\u4e34\u65f6\u5c55\u89c8\u5c55\u5f00\uff0c\u8fd9\u4e9b\u53d1\u884c\u7684\u4e66\u76ee\u80fd\u591f\u8ba9\u4eba\u4eec\u66f4\u597d\u5730\u63a5\u89e6\u548c\u7406\u89e3\u827a\u672f\u5bb6\u7684\u4f5c\u54c1\u3002\" \/>\n<meta property=\"og:url\" content=\"https:\/\/www.chateau-montsoreau.com\/wordpress\/zh\/\u51fa\u7248\u793e\/\" \/>\n<meta property=\"og:site_name\" content=\"Ch\u00e2teau de Montsoreau-Mus\u00e9e d&#039;Art Contemporain\" \/>\n<meta property=\"article:publisher\" content=\"https:\/\/www.facebook.com\/chateaudemontsoreau\/\" \/>\n<meta property=\"article:modified_time\" content=\"2020-02-19T13:21:01+00:00\" \/>\n<meta name=\"twitter:card\" content=\"summary_large_image\" \/>\n<meta name=\"twitter:site\" content=\"@Cmontsoreau\" \/>\n<script type=\"application\/ld+json\" class=\"yoast-schema-graph\">{\"@context\":\"https:\\\/\\\/schema.org\",\"@graph\":[{\"@type\":\"WebPage\",\"@id\":\"https:\\\/\\\/www.chateau-montsoreau.com\\\/wordpress\\\/zh\\\/%e5%87%ba%e7%89%88%e7%a4%be\\\/\",\"url\":\"https:\\\/\\\/www.chateau-montsoreau.com\\\/wordpress\\\/zh\\\/%e5%87%ba%e7%89%88%e7%a4%be\\\/\",\"name\":\"\u51fa\u7248\u793e | Ch\u00e2teau de Montsoreau-Mus\u00e9e d&#039;Art Contemporain\",\"isPartOf\":{\"@id\":\"https:\\\/\\\/www.chateau-montsoreau.com\\\/wordpress\\\/#website\"},\"datePublished\":\"2019-09-13T13:11:22+00:00\",\"dateModified\":\"2020-02-19T13:21:01+00:00\",\"description\":\"\u8499\u7d22\u7f57\u57ce\u5821-\u5f53\u4ee3\u827a\u672f\u535a\u7269\u9986\u4e3a\u4e86\u66f4\u597d\u5730\u5f00\u5c55\u6587\u5316\u6d3b\u52a8\u800c\u8bbe\u7f6e\u4e86\u51fa\u7248\u793e\u3002\u51fa\u7248\u793e\u7f16\u8f91\u7684\u4e66\u76ee\u56f4\u7ed5\u9986\u5185\u7684\u91cd\u8981\u4e34\u65f6\u5c55\u89c8\u5c55\u5f00\uff0c\u8fd9\u4e9b\u53d1\u884c\u7684\u4e66\u76ee\u80fd\u591f\u8ba9\u4eba\u4eec\u66f4\u597d\u5730\u63a5\u89e6\u548c\u7406\u89e3\u827a\u672f\u5bb6\u7684\u4f5c\u54c1\u3002\",\"breadcrumb\":{\"@id\":\"https:\\\/\\\/www.chateau-montsoreau.com\\\/wordpress\\\/zh\\\/%e5%87%ba%e7%89%88%e7%a4%be\\\/#breadcrumb\"},\"inLanguage\":\"fr-FR\",\"potentialAction\":[{\"@type\":\"ReadAction\",\"target\":[\"https:\\\/\\\/www.chateau-montsoreau.com\\\/wordpress\\\/zh\\\/%e5%87%ba%e7%89%88%e7%a4%be\\\/\"]}]},{\"@type\":\"BreadcrumbList\",\"@id\":\"https:\\\/\\\/www.chateau-montsoreau.com\\\/wordpress\\\/zh\\\/%e5%87%ba%e7%89%88%e7%a4%be\\\/#breadcrumb\",\"itemListElement\":[{\"@type\":\"ListItem\",\"position\":1,\"name\":\"Accueil\",\"item\":\"https:\\\/\\\/www.chateau-montsoreau.com\\\/wordpress\\\/fr\\\/\"},{\"@type\":\"ListItem\",\"position\":2,\"name\":\"\u51fa\u7248\u793e\"}]},{\"@type\":\"WebSite\",\"@id\":\"https:\\\/\\\/www.chateau-montsoreau.com\\\/wordpress\\\/#website\",\"url\":\"https:\\\/\\\/www.chateau-montsoreau.com\\\/wordpress\\\/\",\"name\":\"Ch\u00e2teau de Montsoreau-Mus\u00e9e d&#039;Art Contemporain\",\"description\":\"Ch\u00e2teaux de la Loire Art Contemporain Art Conceptuel\",\"publisher\":{\"@id\":\"https:\\\/\\\/www.chateau-montsoreau.com\\\/wordpress\\\/#organization\"},\"potentialAction\":[{\"@type\":\"SearchAction\",\"target\":{\"@type\":\"EntryPoint\",\"urlTemplate\":\"https:\\\/\\\/www.chateau-montsoreau.com\\\/wordpress\\\/?s={search_term_string}\"},\"query-input\":{\"@type\":\"PropertyValueSpecification\",\"valueRequired\":true,\"valueName\":\"search_term_string\"}}],\"inLanguage\":\"fr-FR\"},{\"@type\":\"Organization\",\"@id\":\"https:\\\/\\\/www.chateau-montsoreau.com\\\/wordpress\\\/#organization\",\"name\":\"Ch\u00e2teau de Montsoreau - Mus\u00e9e d'art contemporain\",\"url\":\"https:\\\/\\\/www.chateau-montsoreau.com\\\/wordpress\\\/\",\"logo\":{\"@type\":\"ImageObject\",\"inLanguage\":\"fr-FR\",\"@id\":\"https:\\\/\\\/www.chateau-montsoreau.com\\\/wordpress\\\/#\\\/schema\\\/logo\\\/image\\\/\",\"url\":\"https:\\\/\\\/www.chateau-montsoreau.com\\\/wordpress\\\/wp-content\\\/uploads\\\/2016\\\/03\\\/Logo-Montsoreau-tout-petit-1.png\",\"contentUrl\":\"https:\\\/\\\/www.chateau-montsoreau.com\\\/wordpress\\\/wp-content\\\/uploads\\\/2016\\\/03\\\/Logo-Montsoreau-tout-petit-1.png\",\"width\":133,\"height\":133,\"caption\":\"Ch\u00e2teau de Montsoreau - Mus\u00e9e d'art contemporain\"},\"image\":{\"@id\":\"https:\\\/\\\/www.chateau-montsoreau.com\\\/wordpress\\\/#\\\/schema\\\/logo\\\/image\\\/\"},\"sameAs\":[\"https:\\\/\\\/www.facebook.com\\\/chateaudemontsoreau\\\/\",\"https:\\\/\\\/x.com\\\/Cmontsoreau\",\"https:\\\/\\\/www.instagram.com\\\/chateaudemontsoreau\\\/\",\"http:\\\/\\\/www.pinterest.com\\\/Cmontsoreau\"]}]}<\/script>\n<!-- \/ Yoast SEO plugin. -->","yoast_head_json":{"title":"\u51fa\u7248\u793e | Ch\u00e2teau de Montsoreau-Mus\u00e9e d&#039;Art Contemporain","description":"\u8499\u7d22\u7f57\u57ce\u5821-\u5f53\u4ee3\u827a\u672f\u535a\u7269\u9986\u4e3a\u4e86\u66f4\u597d\u5730\u5f00\u5c55\u6587\u5316\u6d3b\u52a8\u800c\u8bbe\u7f6e\u4e86\u51fa\u7248\u793e\u3002\u51fa\u7248\u793e\u7f16\u8f91\u7684\u4e66\u76ee\u56f4\u7ed5\u9986\u5185\u7684\u91cd\u8981\u4e34\u65f6\u5c55\u89c8\u5c55\u5f00\uff0c\u8fd9\u4e9b\u53d1\u884c\u7684\u4e66\u76ee\u80fd\u591f\u8ba9\u4eba\u4eec\u66f4\u597d\u5730\u63a5\u89e6\u548c\u7406\u89e3\u827a\u672f\u5bb6\u7684\u4f5c\u54c1\u3002","robots":{"index":"index","follow":"follow","max-snippet":"max-snippet:-1","max-image-preview":"max-image-preview:large","max-video-preview":"max-video-preview:-1"},"canonical":"https:\/\/www.chateau-montsoreau.com\/wordpress\/zh\/\u51fa\u7248\u793e\/","og_locale":"fr_FR","og_type":"article","og_title":"\u51fa\u7248\u793e | Ch\u00e2teau de Montsoreau-Mus\u00e9e d&#039;Art Contemporain","og_description":"\u8499\u7d22\u7f57\u57ce\u5821-\u5f53\u4ee3\u827a\u672f\u535a\u7269\u9986\u4e3a\u4e86\u66f4\u597d\u5730\u5f00\u5c55\u6587\u5316\u6d3b\u52a8\u800c\u8bbe\u7f6e\u4e86\u51fa\u7248\u793e\u3002\u51fa\u7248\u793e\u7f16\u8f91\u7684\u4e66\u76ee\u56f4\u7ed5\u9986\u5185\u7684\u91cd\u8981\u4e34\u65f6\u5c55\u89c8\u5c55\u5f00\uff0c\u8fd9\u4e9b\u53d1\u884c\u7684\u4e66\u76ee\u80fd\u591f\u8ba9\u4eba\u4eec\u66f4\u597d\u5730\u63a5\u89e6\u548c\u7406\u89e3\u827a\u672f\u5bb6\u7684\u4f5c\u54c1\u3002","og_url":"https:\/\/www.chateau-montsoreau.com\/wordpress\/zh\/\u51fa\u7248\u793e\/","og_site_name":"Ch\u00e2teau de Montsoreau-Mus\u00e9e d&#039;Art Contemporain","article_publisher":"https:\/\/www.facebook.com\/chateaudemontsoreau\/","article_modified_time":"2020-02-19T13:21:01+00:00","twitter_card":"summary_large_image","twitter_site":"@Cmontsoreau","schema":{"@context":"https:\/\/schema.org","@graph":[{"@type":"WebPage","@id":"https:\/\/www.chateau-montsoreau.com\/wordpress\/zh\/%e5%87%ba%e7%89%88%e7%a4%be\/","url":"https:\/\/www.chateau-montsoreau.com\/wordpress\/zh\/%e5%87%ba%e7%89%88%e7%a4%be\/","name":"\u51fa\u7248\u793e | Ch\u00e2teau de Montsoreau-Mus\u00e9e d&#039;Art Contemporain","isPartOf":{"@id":"https:\/\/www.chateau-montsoreau.com\/wordpress\/#website"},"datePublished":"2019-09-13T13:11:22+00:00","dateModified":"2020-02-19T13:21:01+00:00","description":"\u8499\u7d22\u7f57\u57ce\u5821-\u5f53\u4ee3\u827a\u672f\u535a\u7269\u9986\u4e3a\u4e86\u66f4\u597d\u5730\u5f00\u5c55\u6587\u5316\u6d3b\u52a8\u800c\u8bbe\u7f6e\u4e86\u51fa\u7248\u793e\u3002\u51fa\u7248\u793e\u7f16\u8f91\u7684\u4e66\u76ee\u56f4\u7ed5\u9986\u5185\u7684\u91cd\u8981\u4e34\u65f6\u5c55\u89c8\u5c55\u5f00\uff0c\u8fd9\u4e9b\u53d1\u884c\u7684\u4e66\u76ee\u80fd\u591f\u8ba9\u4eba\u4eec\u66f4\u597d\u5730\u63a5\u89e6\u548c\u7406\u89e3\u827a\u672f\u5bb6\u7684\u4f5c\u54c1\u3002","breadcrumb":{"@id":"https:\/\/www.chateau-montsoreau.com\/wordpress\/zh\/%e5%87%ba%e7%89%88%e7%a4%be\/#breadcrumb"},"inLanguage":"fr-FR","potentialAction":[{"@type":"ReadAction","target":["https:\/\/www.chateau-montsoreau.com\/wordpress\/zh\/%e5%87%ba%e7%89%88%e7%a4%be\/"]}]},{"@type":"BreadcrumbList","@id":"https:\/\/www.chateau-montsoreau.com\/wordpress\/zh\/%e5%87%ba%e7%89%88%e7%a4%be\/#breadcrumb","itemListElement":[{"@type":"ListItem","position":1,"name":"Accueil","item":"https:\/\/www.chateau-montsoreau.com\/wordpress\/fr\/"},{"@type":"ListItem","position":2,"name":"\u51fa\u7248\u793e"}]},{"@type":"WebSite","@id":"https:\/\/www.chateau-montsoreau.com\/wordpress\/#website","url":"https:\/\/www.chateau-montsoreau.com\/wordpress\/","name":"Ch\u00e2teau de Montsoreau-Mus\u00e9e d&#039;Art Contemporain","description":"Ch\u00e2teaux de la Loire Art Contemporain Art Conceptuel","publisher":{"@id":"https:\/\/www.chateau-montsoreau.com\/wordpress\/#organization"},"potentialAction":[{"@type":"SearchAction","target":{"@type":"EntryPoint","urlTemplate":"https:\/\/www.chateau-montsoreau.com\/wordpress\/?s={search_term_string}"},"query-input":{"@type":"PropertyValueSpecification","valueRequired":true,"valueName":"search_term_string"}}],"inLanguage":"fr-FR"},{"@type":"Organization","@id":"https:\/\/www.chateau-montsoreau.com\/wordpress\/#organization","name":"Ch\u00e2teau de Montsoreau - Mus\u00e9e d'art contemporain","url":"https:\/\/www.chateau-montsoreau.com\/wordpress\/","logo":{"@type":"ImageObject","inLanguage":"fr-FR","@id":"https:\/\/www.chateau-montsoreau.com\/wordpress\/#\/schema\/logo\/image\/","url":"https:\/\/www.chateau-montsoreau.com\/wordpress\/wp-content\/uploads\/2016\/03\/Logo-Montsoreau-tout-petit-1.png","contentUrl":"https:\/\/www.chateau-montsoreau.com\/wordpress\/wp-content\/uploads\/2016\/03\/Logo-Montsoreau-tout-petit-1.png","width":133,"height":133,"caption":"Ch\u00e2teau de Montsoreau - Mus\u00e9e d'art contemporain"},"image":{"@id":"https:\/\/www.chateau-montsoreau.com\/wordpress\/#\/schema\/logo\/image\/"},"sameAs":["https:\/\/www.facebook.com\/chateaudemontsoreau\/","https:\/\/x.com\/Cmontsoreau","https:\/\/www.instagram.com\/chateaudemontsoreau\/","http:\/\/www.pinterest.com\/Cmontsoreau"]}]}},"_links":{"self":[{"href":"https:\/\/www.chateau-montsoreau.com\/wordpress\/wp-json\/wp\/v2\/pages\/7042","targetHints":{"allow":["GET"]}}],"collection":[{"href":"https:\/\/www.chateau-montsoreau.com\/wordpress\/wp-json\/wp\/v2\/pages"}],"about":[{"href":"https:\/\/www.chateau-montsoreau.com\/wordpress\/wp-json\/wp\/v2\/types\/page"}],"author":[{"embeddable":true,"href":"https:\/\/www.chateau-montsoreau.com\/wordpress\/wp-json\/wp\/v2\/users\/5"}],"replies":[{"embeddable":true,"href":"https:\/\/www.chateau-montsoreau.com\/wordpress\/wp-json\/wp\/v2\/comments?post=7042"}],"version-history":[{"count":2,"href":"https:\/\/www.chateau-montsoreau.com\/wordpress\/wp-json\/wp\/v2\/pages\/7042\/revisions"}],"predecessor-version":[{"id":7106,"href":"https:\/\/www.chateau-montsoreau.com\/wordpress\/wp-json\/wp\/v2\/pages\/7042\/revisions\/7106"}],"wp:attachment":[{"href":"https:\/\/www.chateau-montsoreau.com\/wordpress\/wp-json\/wp\/v2\/media?parent=7042"}],"curies":[{"name":"wp","href":"https:\/\/api.w.org\/{rel}","templated":true}]}}