{"id":7045,"date":"2019-09-13T14:19:44","date_gmt":"2019-09-13T13:19:44","guid":{"rendered":"http:\/\/www.chateau-montsoreau.com\/wordpress\/?page_id=7045"},"modified":"2020-02-19T14:13:22","modified_gmt":"2020-02-19T13:13:22","slug":"%e4%b9%a6%e5%ba%97","status":"publish","type":"page","link":"https:\/\/www.chateau-montsoreau.com\/wordpress\/zh\/%e4%b9%a6%e5%ba%97\/","title":{"rendered":"\u4e66\u5e97"},"content":{"rendered":"<p>\u4e66\u5e97\u4f4d\u4e8e\u535a\u7269\u9986\u4e2d\uff0c\u5411\u8bbf\u5ba2\u548c\u5176\u4ed6\u5927\u4f17\u5f00\u653e\u3002\u5728\u8212\u9002\u7684\u6c1b\u56f4\u4e2d\uff0c\u4e66\u5e97\u63d0\u4f9b\u8bb8\u591a\u6709\u5173\u827a\u672f\u3001\u4eba\u6587\u3001\u54f2\u5b66\u6216\u996e\u98df\u7684\u4e13\u4e1a\u4e66\u7c4d\uff0c\u7b49\u5f85\u7740\u4eba\u4eec\u7684\u63a2\u7d22\u3002<\/p>\n<p>\u4e66\u5e97\u4e2d\u6709\u4e13\u95e8\u4e3a\u513f\u7ae5\u548c\u9752\u5c11\u5e74\u800c\u8bbe\u7684\u4e13\u533a\uff0c\u8fd9\u91cc\u6709\u8bb8\u591a\u6709\u5173\u827a\u672f\u548c\u5386\u53f2\u7684\u542f\u8499\u6027\u4e66\u7c4d\u3002<\/p>\n<p>\u540c\u6837\uff0c\u9488\u5bf9\u8499\u7d22\u7f57\u57ce\u5821\u4e2d\u7684\u4e34\u65f6\u5c55\u89c8\uff0c\u5728\u4e66\u5e97\u4e2d\u4e5f\u6709\u4e00\u4e2a\u76f8\u5173\u4e13\u533a\u3002<\/p>\n<p style=\"text-align: left;\">\u4e66\u5e97\u7684\u5de5\u4f5c\u56e2\u961f\u81f4\u529b\u4e3a\u60a8\u63d0\u4f9b\u9605\u8bfb\u4e4b\u4e50\u548c\u6587\u5b66\u7684\u5fc3\u52a8\u4f53\u9a8c\u3002<\/p>\n<p>\u4e66\u5e97\u5b9a\u671f\u7ec4\u7ec7\u4f5c\u8005\u89c1\u9762\u4f1a\u548c\u4f1a\u8bae\u8bb2\u5ea7\u3002<\/p>\n<p>\u4e3a\u83b7\u53d6\u6700\u65b0\u4fe1\u606f\uff0c\u8bf7\u5728Facebook\u4e0a\u5173\u6ce8\u6211\u4eec\uff01 <a href=\"https:\/\/www.facebook.com\/chateaudemontsoreau\/?ref=bookmarks\"><img loading=\"lazy\" decoding=\"async\" class=\"alignnone wp-image-5379\" src=\"http:\/\/www.chateau-montsoreau.com\/wordpress\/wp-content\/uploads\/2016\/03\/fb_icon_325x325-300x300.png\" alt=\"\" width=\"18\" height=\"18\" srcset=\"https:\/\/www.chateau-montsoreau.com\/wordpress\/wp-content\/uploads\/2016\/03\/fb_icon_325x325-300x300.png 300w, https:\/\/www.chateau-montsoreau.com\/wordpress\/wp-content\/uploads\/2016\/03\/fb_icon_325x325-100x100.png 100w, https:\/\/www.chateau-montsoreau.com\/wordpress\/wp-content\/uploads\/2016\/03\/fb_icon_325x325-150x150.png 150w, https:\/\/www.chateau-montsoreau.com\/wordpress\/wp-content\/uploads\/2016\/03\/fb_icon_325x325.png 325w\" sizes=\"auto, (max-width: 18px) 100vw, 18px\" \/><\/a><\/p>\n<p><img loading=\"lazy\" decoding=\"async\" class=\"aligncenter wp-image-5336 size-large\" src=\"http:\/\/www.chateau-montsoreau.com\/wordpress\/wp-content\/uploads\/2016\/10\/boutique-1024x768.jpg\" alt=\"boutique\" width=\"1024\" height=\"768\"><\/p>\n<h3 style=\"text-align: center;\"><\/h3>\n<h3 style=\"text-align: center;\"><\/h3>\n<h3 style=\"text-align: center;\"><\/h3>\n<h3 style=\"text-align: center;\"><\/h3>\n<h3 style=\"text-align: center;\"><\/h3>\n<p>\u4e66\u5e97\u4e2d\u4e5f\u552e\u5356\u4e00\u4e9b\u7eaa\u5ff5\u54c1\u548c\u9ad8\u54c1\u8d28\u9996\u9970\u3002<\/p>\n<div  class=\"ut-one-half  \"> <img loading=\"lazy\" decoding=\"async\" class=\"aligncenter wp-image-5339 size-full\" src=\"http:\/\/www.chateau-montsoreau.com\/wordpress\/wp-content\/uploads\/2016\/10\/le-buisson.jpg\" alt=\"\" width=\"1000\" height=\"1500\"> <\/div>\n<div  class=\"ut-one-half ut-column-last  \">\n<p><img loading=\"lazy\" decoding=\"async\" class=\"aligncenter wp-image-5388 \" src=\"http:\/\/www.chateau-montsoreau.com\/wordpress\/wp-content\/uploads\/2016\/03\/Jacques-Halbert-2.jpg\" alt=\"jacques-halbert-2\" width=\"820\" height=\"574\" srcset=\"https:\/\/www.chateau-montsoreau.com\/wordpress\/wp-content\/uploads\/2016\/03\/Jacques-Halbert-2.jpg 500w, https:\/\/www.chateau-montsoreau.com\/wordpress\/wp-content\/uploads\/2016\/03\/Jacques-Halbert-2-300x210.jpg 300w\" sizes=\"auto, (max-width: 820px) 100vw, 820px\" \/><\/p>\n<h2><strong>1\u5e74\/1\u5c55\u67dc\/1\u827a\u672f\u5bb6<\/strong><\/h2>\n<p>\u6bcf\u5e74\u4e66\u5e97\u90fd\u4f1a\u8bbe\u7f6e\u5173\u4e8e\u67d0\u4e00\u7279\u5b9a\u827a\u672f\u5bb6\u7684\u5c55\u67dc\u30022016\u5e74\uff0c\u8fd9\u4e00\u5c55\u67dc\u7684\u4e3b\u9898\u662f<a href=\"http:\/\/www.jacqueshalbert.com\/\">Jacques Halbert<\/a>\u517c\u5177\u8c61\u5f81\u4e0e\u7f8e\u98df\u6db5\u4e49\u7684\u6a31\u6843\u4e3b\u9898\u7684\u4f5c\u54c1\u3002<\/p>\n<p>Jacques Halbert\u4e8e1955\u5e74\u51fa\u751f\u4e8e\u5362\u74e6\u5c14\u6cb3\u8c37\u4e2d\u7684\u5e03\u5c14\u683c\u4f0a\u3002\u5728\u7f8e\u56fd\u5ea6\u8fc7\u4e86\u4e8c\u5341\u4f59\u5e74\u540e\uff0c\u4ed6\u73b0\u4eca\u751f\u6d3b\u5de5\u4f5c\u4e8e\u5eb7\u5fb7-\u5723\u9a6c\u4e01\u3002Delphine Masson \u8fd9\u6837\u63cf\u8ff0\u4ed6\u7684\u827a\u672f\u5bb6\u751f\u6daf\uff1a\u201c1975\u5e74\uff0c\u4ed6\u753b\u4e0b\u4e86\u7b2c\u4e00\u9897\u6a31\u6843\u3002\u4ece\u6b64\u4e4b\u540e\uff0c\u8fd9\u4e00\u7f8e\u5473\u7684\u4e3b\u9898\u6301\u7eed\u4e0d\u65ad\u5730\u6ecb\u517b\u7740\u4ed6\u591a\u4ea7\u7684\u4f5c\u54c1\uff0c\u4ee5\u4e00\u79cd\u89c4\u5f8b\u7684\u8282\u594f\u6216\u662f\u968f\u610f\u7684\u6392\u5e03\u8ba9\u4ed6\u5e38\u5e38\u662f\u84dd\u8272\u7684\u753b\u5e03\u3002\u6a31\u6843\u56fe\u6848\u5c31\u50cf\u8fd9\u4f4d\u827a\u672f\u5bb6\u7684\u8eab\u4efd\u8bc1\u660e\u4e00\u6837\uff0c\u628a\u4ed6\u4ece\u7ed8\u753b\u827a\u672f\u5bb6\u5e26\u5411\u884c\u4e3a\u827a\u672f\u5bb6\uff1b\u4ece\u6cd5\u56fd\u5230\u7f8e\u56fd\uff0c\u6a31\u6843\u8ba9\u4ed6\u53c2\u4e0e\u5230\u4e86\u6fc0\u6d6a\u6d3e\u8fd0\u52a8\uff08Fluxus\uff09\u548c\u7f8e\u98df\u827a\u672f\uff08Eat Art\uff09\u4e4b\u4e2d\u3002\u7136\u800c\uff0c\u5c3d\u7ba1\u6240\u6709\u6750\u8d28\u548c\u5a92\u4ecb\u90fd\u88ab\u524d\u4eba\u4f7f\u7528\u8fc7\u4e86\uff0c\u8fd9\u5374\u4e1d\u6beb\u6ca1\u6709\u635f\u5bb3\u6a31\u6843\u4e0e\u8fd9\u4f4d\u827a\u672f\u5bb6\u4e4b\u95f4\u7684\u6df1\u5207\u8054\u7cfb\u3002\u540c\u6837\uff0c\u4ed6\u4e5f\u5e38\u5e38\u4f7f\u7528\u5176\u4ed6\u7f8e\u98df\u4e3b\u9898\uff0c\u6bd4\u5982\u8bf4\u5c0f\u8c4c\u8c46\u3001\u70e4\u571f\u8c46\uff0c\u6216\u8005\u8fd8\u6709\u9897\u7c92\u6f06\uff0c\u4e0d\u8fc7\u6a31\u6843\u662f\u552f\u4e00\u8d2f\u7a7f\u4ed6\u827a\u672f\u751f\u6daf\u7684\u4e3b\u9898\u3002\u201d<\/p>\n<\/div><div class=\"clear\"><\/div>\n<div  class=\"ut-one-half  \">\n<h2 style=\"text-align: justify;\">\u9996\u9970 Le Buisson<\/h2>\n<p>\u5728\u8d2d\u7269\u65b9\u9762\uff0c\u672c\u5546\u5e97\u4e3a\u60a8\u63d0\u4f9bLe Buisson\u65d7\u4e0b\u7684\u9996\u9970\uff0c\u8fd9\u662f\u4e00\u6b3e\u8bbe\u8ba1\u72ec\u7279\u7684\u7cbe\u7f8e\u54c1\u724c\u3002<\/p>\n<p>Le Buisson\u7684\u8bbe\u8ba1\u7075\u611f\u6765\u6e90\u4e8e\u7528\u5f53\u4ee3\u7684\u601d\u8003\u65b9\u5f0f\u60f3\u8c61\u9996\u9970\u7684\u6c38\u6052\u4ef7\u503c\u3002\u9996\u9970\u65e2\u662f\u7528\u6765\u89e6\u78b0\u7684\uff0c\u4e5f\u662f\u7528\u6765\u89c2\u8d4f\u7684\uff0c\u5b83\u4eec\u5c31\u50cf\u4e00\u79cd\u5f53\u4ee3\u7684\u62a4\u8eab\u7b26\u3002\u8fd9\u4e9b\u9996\u9970\u662f\u5e7d\u9ed8\u3001\u6734\u7d20\u3001\u6b63\u5f0f\u548c\u5b8c\u7f8e\u7b49\u7b49\u5143\u7d20\u7684\u5b9e\u73b0\uff0c\u5728\u5c3d\u663e\u5962\u534e\u7684\u540c\u65f6\uff0c\u4fdd\u6301\u7740\u4e00\u79cd\u7b80\u5355\u800c\u4f18\u96c5\u7684\u6001\u5ea6\u3002\u8fd9\u4e9b\u73e0\u5b9d\u6ca1\u6709\u56fa\u5b9a\u4f7f\u7528\u7684\u573a\u5408\uff0c\u4e5f\u6ca1\u6709\u56fa\u5b9a\u4f7f\u7528\u7684\u6027\u522b\uff0c\u4e2d\u6027\u7684\u8bbe\u8ba1\u91cc\u59cb\u7ec8\u4f53\u73b0\u81fb\u7f8e\u7684\u610f\u5ff5\u3002<\/p>\n<p>\u9996\u9970\u7684\u8bbe\u8ba1\u8005\u6709\uff1aMatali Crasset\uff0cGenevi\u00e8ve Gauckler\uff0cTh\u00e9o Mercier\uff0cPetra Mrzyk &amp; Jean-Fran\u00e7ois Moriceau\uff0cPupsam\u4ee5\u53caJean-Luc Verna\u3002<\/p>\n<p style=\"text-align: justify;\"><strong>&nbsp;<\/strong><\/p>\n<\/div>\n<div  class=\"ut-one-half ut-column-last  \">\n<h2><strong>Dana Wyse\uff1a\u5b9e\u73b0\u6b32\u671b<\/strong><\/h2>\n<p>Dana Wyse\u662f\u4e00\u4f4d\u52a0\u62ff\u5927\u4f5c\u5bb6\u548c\u827a\u672f\u5bb6\u30021991\u5e74\uff0c\u5979\u83b7\u5f97\u4e0d\u5217\u98a0\u54e5\u4f26\u6bd4\u4e9a\u5927\u5b66\u7684\u827a\u672f\u5b66\u58eb\u5b66\u4f4d\uff0c\u4ece\u6b64\u5f00\u59cb\u5728\u6e29\u54e5\u534e\u5c45\u4f4f\u548c\u5de5\u4f5c\u3002<\/p>\n<p>1996\u5e74\uff0cWyse\u5f00\u59cb\u521b\u4f5c\u5979\u81f3\u4eca\u4e3a\u6b62\u6700\u8457\u540d\u7684\u88c5\u7f6e\u827a\u672f\u3002\u8fd9\u662f\u4e00\u7cfb\u5217\u5c0f\u80f6\u56ca\uff0c\u540d\u4e3a\u300a\u8036\u7a23\u6709\u59d0\u59b9\u300b\uff08<a href=\"https:\/\/www.facebook.com\/Jesus-Had-A-Sister-Productions-158452424196456\/\">Jesus Had A Sister Production<\/a>\uff09\u3002\u6bcf\u5e74\u5979\u90fd\u4f1a\u5f80\u8fd9\u4e2a\u7cfb\u5217\u91cc\u6dfb\u52a0\u65b0\u7684\u4f5c\u54c1\u3002\u5728\u5e7d\u9ed8\u4e0e\u8bbd\u523a\u4e2d\uff0cDana Wyse\u7684\u5c0f\u836f\u623f\u8ba8\u8bba\u4e86\u6027\u522b\u3001\u79cd\u65cf\u3001\u5b58\u5728\u3001\u7075\u6027\u3001\u6b7b\u4ea1\u3001\u653f\u6cbb\u3001\u6027\u3001\u8eab\u4efd\u3001\u68a6\u548c\u6218\u4e89\u7b49\u4e00\u7cfb\u5217\u4e3b\u9898\u3002\u5979\u7684\u4f5c\u54c1\u540c\u6837\u4e5f\u8bd5\u56fe\u9610\u91ca\u5404\u79cd\u6784\u6210\u4eba\u9645\u5173\u7cfb\u7684\u56e0\u7d20\uff0c\u6bd4\u5982\u4fe1\u4efb\u3001\u7231\u3001\u4ea4\u6d41\u3001\u6109\u60a6\u548c\u6743\u529b\u3002\u300a\u8036\u7a23\u6709\u59d0\u59b9\u300b\u7684\u6f5c\u5728\u903b\u8f91\u662f\u63cf\u7ed8\u4e00\u4e2a\u5373\u523b\u5b9e\u73b0\u7684\u3001\u6709\u7740\u5b8c\u7f8e\u4eba\u7c7b\u7684\u4e4c\u6258\u90a6\u30021960\u5e74\u4ee3\uff0cDana Wyse\u5728\u5979\u7684\u4f5c\u54c1\u4e2d\u52a0\u5165\u4e86\u4e00\u4e9b\u5e7f\u544a\u56fe\uff0c\u8fdb\u4e00\u6b65\u4e3a\u5979\u7684\u4f5c\u54c1\u6dfb\u52a0\u4e00\u79cd\u8352\u8bde\u611f\uff0c\u4e5f\u5f3a\u8c03\u4e86\u6d88\u8d39\u793e\u4f1a\u4e2d\u4eba\u4eec\u7684\u8d2a\u5a6a\u3002<\/p>\n<p>Wyse\u4e0e\u4eba\u5408\u4f5c\u51fa\u7248\u8fc7\u4e24\u672c\u4e66\u3002<\/p>\n<p><img loading=\"lazy\" decoding=\"async\" class=\"aligncenter wp-image-5904 size-full\" src=\"http:\/\/www.chateau-montsoreau.com\/wordpress\/wp-content\/uploads\/2016\/03\/STAY-IN-LOVE-copyright-1998.jpg\" alt=\"\" width=\"1500\" height=\"1975\"><\/p>\n<p><strong>\u4e66\u5e97<\/strong><\/p>\n<p>\u8054\u7cfb\u7535\u8bdd\uff1a+ 33 (0)2 41 67 12 60<\/p>\n<p>\u8054\u7cfb\u90ae\u7bb1\uff1acontact.chateaudemontsoreau@gmail.com<\/p>\n<p>&nbsp;<\/p>\n<\/div><div class=\"clear\"><\/div>\n<p>&nbsp;<\/p>\n<p>&nbsp;<\/p>\n<p style=\"text-align: center;\">\n","protected":false},"excerpt":{"rendered":"<p>\u4e66\u5e97\u4f4d\u4e8e\u535a\u7269\u9986\u4e2d\uff0c\u5411\u8bbf\u5ba2\u548c\u5176\u4ed6\u5927\u4f17\u5f00\u653e\u3002\u5728\u8212\u9002\u7684\u6c1b\u56f4\u4e2d\uff0c\u4e66\u5e97\u63d0\u4f9b\u8bb8\u591a\u6709\u5173\u827a\u672f\u3001\u4eba\u6587\u3001\u54f2\u5b66\u6216\u996e\u98df\u7684\u4e13\u4e1a\u4e66\u7c4d\uff0c\u7b49\u5f85\u7740\u4eba\u4eec\u7684\u63a2\u7d22\u3002 \u4e66\u5e97\u4e2d\u6709\u4e13\u95e8\u4e3a\u513f\u7ae5\u548c\u9752\u5c11\u5e74\u800c\u8bbe\u7684\u4e13\u533a\uff0c\u8fd9\u91cc\u6709\u8bb8\u591a\u6709\u5173\u827a\u672f\u548c\u5386\u53f2\u7684\u542f\u8499\u6027\u4e66\u7c4d\u3002 \u540c\u6837\uff0c\u9488\u5bf9\u8499\u7d22\u7f57\u57ce\u5821\u4e2d\u7684\u4e34\u65f6\u5c55\u89c8\uff0c\u5728\u4e66\u5e97\u4e2d\u4e5f\u6709\u4e00\u4e2a\u76f8\u5173\u4e13\u533a\u3002 \u4e66\u5e97\u7684\u5de5\u4f5c\u56e2\u961f\u81f4\u529b\u4e3a\u60a8\u63d0\u4f9b\u9605\u8bfb\u4e4b\u4e50\u548c\u6587\u5b66\u7684\u5fc3\u52a8\u4f53\u9a8c\u3002 \u4e66\u5e97\u5b9a\u671f\u7ec4\u7ec7\u4f5c\u8005\u89c1\u9762\u4f1a\u548c\u4f1a\u8bae\u8bb2\u5ea7\u3002 \u4e3a\u83b7\u53d6\u6700\u65b0\u4fe1\u606f\uff0c\u8bf7\u5728Facebook\u4e0a\u5173\u6ce8\u6211\u4eec\uff01 \u4e66\u5e97\u4e2d\u4e5f\u552e\u5356\u4e00\u4e9b\u7eaa\u5ff5\u54c1\u548c\u9ad8\u54c1\u8d28\u9996\u9970\u3002 &nbsp; &nbsp;<\/p>\n","protected":false},"author":5,"featured_media":0,"parent":0,"menu_order":0,"comment_status":"closed","ping_status":"closed","template":"","meta":{"footnotes":""},"class_list":["post-7045","page","type-page","status-publish","hentry"],"yoast_head":"<!-- This site is optimized with the Yoast SEO plugin v27.3 - https:\/\/yoast.com\/product\/yoast-seo-wordpress\/ -->\n<title>\u4e66\u5e97 | Ch\u00e2teau de Montsoreau-Mus\u00e9e d&#039;Art Contemporain<\/title>\n<meta name=\"description\" content=\"\u4e66\u5e97\u4f4d\u4e8e\u535a\u7269\u9986\u4e2d\uff0c\u5411\u8bbf\u5ba2\u548c\u5176\u4ed6\u5927\u4f17\u5f00\u653e\u3002\u5728\u8212\u9002\u7684\u6c1b\u56f4\u4e2d\uff0c\u4e66\u5e97\u63d0\u4f9b\u8bb8\u591a\u6709\u5173\u827a\u672f\u3001\u4eba\u6587\u3001\u54f2\u5b66\u6216\u996e\u98df\u7684\u4e13\u4e1a\u4e66\u7c4d\uff0c\u7b49\u5f85\u7740\u4eba\u4eec\u7684\u63a2\u7d22\u3002\u4e66\u5e97\u4e2d\u6709\u4e13\u95e8\u4e3a\u513f\u7ae5\u548c\u9752\u5c11\u5e74\u800c\u8bbe\u7684\u4e13\u533a\uff0c\u8fd9\u91cc\u6709\u8bb8\u591a\u6709\u5173\u827a\u672f\u548c\u5386\u53f2\u7684\u542f\u8499\u6027\u4e66\u7c4d\u3002\" \/>\n<meta name=\"robots\" content=\"index, follow, max-snippet:-1, max-image-preview:large, max-video-preview:-1\" \/>\n<link rel=\"canonical\" href=\"https:\/\/www.chateau-montsoreau.com\/wordpress\/zh\/\u4e66\u5e97\/\" \/>\n<meta property=\"og:locale\" content=\"fr_FR\" \/>\n<meta property=\"og:type\" content=\"article\" \/>\n<meta property=\"og:title\" content=\"\u4e66\u5e97 | Ch\u00e2teau de Montsoreau-Mus\u00e9e d&#039;Art Contemporain\" \/>\n<meta property=\"og:description\" content=\"\u4e66\u5e97\u4f4d\u4e8e\u535a\u7269\u9986\u4e2d\uff0c\u5411\u8bbf\u5ba2\u548c\u5176\u4ed6\u5927\u4f17\u5f00\u653e\u3002\u5728\u8212\u9002\u7684\u6c1b\u56f4\u4e2d\uff0c\u4e66\u5e97\u63d0\u4f9b\u8bb8\u591a\u6709\u5173\u827a\u672f\u3001\u4eba\u6587\u3001\u54f2\u5b66\u6216\u996e\u98df\u7684\u4e13\u4e1a\u4e66\u7c4d\uff0c\u7b49\u5f85\u7740\u4eba\u4eec\u7684\u63a2\u7d22\u3002\u4e66\u5e97\u4e2d\u6709\u4e13\u95e8\u4e3a\u513f\u7ae5\u548c\u9752\u5c11\u5e74\u800c\u8bbe\u7684\u4e13\u533a\uff0c\u8fd9\u91cc\u6709\u8bb8\u591a\u6709\u5173\u827a\u672f\u548c\u5386\u53f2\u7684\u542f\u8499\u6027\u4e66\u7c4d\u3002\" \/>\n<meta property=\"og:url\" content=\"https:\/\/www.chateau-montsoreau.com\/wordpress\/zh\/\u4e66\u5e97\/\" \/>\n<meta property=\"og:site_name\" content=\"Ch\u00e2teau de Montsoreau-Mus\u00e9e d&#039;Art Contemporain\" \/>\n<meta property=\"article:publisher\" content=\"https:\/\/www.facebook.com\/chateaudemontsoreau\/\" \/>\n<meta property=\"article:modified_time\" content=\"2020-02-19T13:13:22+00:00\" \/>\n<meta property=\"og:image\" content=\"http:\/\/www.chateau-montsoreau.com\/wordpress\/wp-content\/uploads\/2016\/03\/fb_icon_325x325-300x300.png\" \/>\n<meta name=\"twitter:card\" content=\"summary_large_image\" \/>\n<meta name=\"twitter:site\" content=\"@Cmontsoreau\" \/>\n<script type=\"application\/ld+json\" class=\"yoast-schema-graph\">{\"@context\":\"https:\\\/\\\/schema.org\",\"@graph\":[{\"@type\":\"WebPage\",\"@id\":\"https:\\\/\\\/www.chateau-montsoreau.com\\\/wordpress\\\/zh\\\/%e4%b9%a6%e5%ba%97\\\/\",\"url\":\"https:\\\/\\\/www.chateau-montsoreau.com\\\/wordpress\\\/zh\\\/%e4%b9%a6%e5%ba%97\\\/\",\"name\":\"\u4e66\u5e97 | Ch\u00e2teau de Montsoreau-Mus\u00e9e d&#039;Art Contemporain\",\"isPartOf\":{\"@id\":\"https:\\\/\\\/www.chateau-montsoreau.com\\\/wordpress\\\/#website\"},\"primaryImageOfPage\":{\"@id\":\"https:\\\/\\\/www.chateau-montsoreau.com\\\/wordpress\\\/zh\\\/%e4%b9%a6%e5%ba%97\\\/#primaryimage\"},\"image\":{\"@id\":\"https:\\\/\\\/www.chateau-montsoreau.com\\\/wordpress\\\/zh\\\/%e4%b9%a6%e5%ba%97\\\/#primaryimage\"},\"thumbnailUrl\":\"http:\\\/\\\/www.chateau-montsoreau.com\\\/wordpress\\\/wp-content\\\/uploads\\\/2016\\\/03\\\/fb_icon_325x325-300x300.png\",\"datePublished\":\"2019-09-13T13:19:44+00:00\",\"dateModified\":\"2020-02-19T13:13:22+00:00\",\"description\":\"\u4e66\u5e97\u4f4d\u4e8e\u535a\u7269\u9986\u4e2d\uff0c\u5411\u8bbf\u5ba2\u548c\u5176\u4ed6\u5927\u4f17\u5f00\u653e\u3002\u5728\u8212\u9002\u7684\u6c1b\u56f4\u4e2d\uff0c\u4e66\u5e97\u63d0\u4f9b\u8bb8\u591a\u6709\u5173\u827a\u672f\u3001\u4eba\u6587\u3001\u54f2\u5b66\u6216\u996e\u98df\u7684\u4e13\u4e1a\u4e66\u7c4d\uff0c\u7b49\u5f85\u7740\u4eba\u4eec\u7684\u63a2\u7d22\u3002\u4e66\u5e97\u4e2d\u6709\u4e13\u95e8\u4e3a\u513f\u7ae5\u548c\u9752\u5c11\u5e74\u800c\u8bbe\u7684\u4e13\u533a\uff0c\u8fd9\u91cc\u6709\u8bb8\u591a\u6709\u5173\u827a\u672f\u548c\u5386\u53f2\u7684\u542f\u8499\u6027\u4e66\u7c4d\u3002\",\"breadcrumb\":{\"@id\":\"https:\\\/\\\/www.chateau-montsoreau.com\\\/wordpress\\\/zh\\\/%e4%b9%a6%e5%ba%97\\\/#breadcrumb\"},\"inLanguage\":\"fr-FR\",\"potentialAction\":[{\"@type\":\"ReadAction\",\"target\":[\"https:\\\/\\\/www.chateau-montsoreau.com\\\/wordpress\\\/zh\\\/%e4%b9%a6%e5%ba%97\\\/\"]}]},{\"@type\":\"ImageObject\",\"inLanguage\":\"fr-FR\",\"@id\":\"https:\\\/\\\/www.chateau-montsoreau.com\\\/wordpress\\\/zh\\\/%e4%b9%a6%e5%ba%97\\\/#primaryimage\",\"url\":\"http:\\\/\\\/www.chateau-montsoreau.com\\\/wordpress\\\/wp-content\\\/uploads\\\/2016\\\/03\\\/fb_icon_325x325-300x300.png\",\"contentUrl\":\"http:\\\/\\\/www.chateau-montsoreau.com\\\/wordpress\\\/wp-content\\\/uploads\\\/2016\\\/03\\\/fb_icon_325x325-300x300.png\"},{\"@type\":\"BreadcrumbList\",\"@id\":\"https:\\\/\\\/www.chateau-montsoreau.com\\\/wordpress\\\/zh\\\/%e4%b9%a6%e5%ba%97\\\/#breadcrumb\",\"itemListElement\":[{\"@type\":\"ListItem\",\"position\":1,\"name\":\"Accueil\",\"item\":\"https:\\\/\\\/www.chateau-montsoreau.com\\\/wordpress\\\/fr\\\/\"},{\"@type\":\"ListItem\",\"position\":2,\"name\":\"\u4e66\u5e97\"}]},{\"@type\":\"WebSite\",\"@id\":\"https:\\\/\\\/www.chateau-montsoreau.com\\\/wordpress\\\/#website\",\"url\":\"https:\\\/\\\/www.chateau-montsoreau.com\\\/wordpress\\\/\",\"name\":\"Ch\u00e2teau de Montsoreau-Mus\u00e9e d&#039;Art Contemporain\",\"description\":\"Ch\u00e2teaux de la Loire Art Contemporain Art Conceptuel\",\"publisher\":{\"@id\":\"https:\\\/\\\/www.chateau-montsoreau.com\\\/wordpress\\\/#organization\"},\"potentialAction\":[{\"@type\":\"SearchAction\",\"target\":{\"@type\":\"EntryPoint\",\"urlTemplate\":\"https:\\\/\\\/www.chateau-montsoreau.com\\\/wordpress\\\/?s={search_term_string}\"},\"query-input\":{\"@type\":\"PropertyValueSpecification\",\"valueRequired\":true,\"valueName\":\"search_term_string\"}}],\"inLanguage\":\"fr-FR\"},{\"@type\":\"Organization\",\"@id\":\"https:\\\/\\\/www.chateau-montsoreau.com\\\/wordpress\\\/#organization\",\"name\":\"Ch\u00e2teau de Montsoreau - Mus\u00e9e d'art contemporain\",\"url\":\"https:\\\/\\\/www.chateau-montsoreau.com\\\/wordpress\\\/\",\"logo\":{\"@type\":\"ImageObject\",\"inLanguage\":\"fr-FR\",\"@id\":\"https:\\\/\\\/www.chateau-montsoreau.com\\\/wordpress\\\/#\\\/schema\\\/logo\\\/image\\\/\",\"url\":\"https:\\\/\\\/www.chateau-montsoreau.com\\\/wordpress\\\/wp-content\\\/uploads\\\/2016\\\/03\\\/Logo-Montsoreau-tout-petit-1.png\",\"contentUrl\":\"https:\\\/\\\/www.chateau-montsoreau.com\\\/wordpress\\\/wp-content\\\/uploads\\\/2016\\\/03\\\/Logo-Montsoreau-tout-petit-1.png\",\"width\":133,\"height\":133,\"caption\":\"Ch\u00e2teau de Montsoreau - Mus\u00e9e d'art contemporain\"},\"image\":{\"@id\":\"https:\\\/\\\/www.chateau-montsoreau.com\\\/wordpress\\\/#\\\/schema\\\/logo\\\/image\\\/\"},\"sameAs\":[\"https:\\\/\\\/www.facebook.com\\\/chateaudemontsoreau\\\/\",\"https:\\\/\\\/x.com\\\/Cmontsoreau\",\"https:\\\/\\\/www.instagram.com\\\/chateaudemontsoreau\\\/\",\"http:\\\/\\\/www.pinterest.com\\\/Cmontsoreau\"]}]}<\/script>\n<!-- \/ Yoast SEO plugin. -->","yoast_head_json":{"title":"\u4e66\u5e97 | Ch\u00e2teau de Montsoreau-Mus\u00e9e d&#039;Art Contemporain","description":"\u4e66\u5e97\u4f4d\u4e8e\u535a\u7269\u9986\u4e2d\uff0c\u5411\u8bbf\u5ba2\u548c\u5176\u4ed6\u5927\u4f17\u5f00\u653e\u3002\u5728\u8212\u9002\u7684\u6c1b\u56f4\u4e2d\uff0c\u4e66\u5e97\u63d0\u4f9b\u8bb8\u591a\u6709\u5173\u827a\u672f\u3001\u4eba\u6587\u3001\u54f2\u5b66\u6216\u996e\u98df\u7684\u4e13\u4e1a\u4e66\u7c4d\uff0c\u7b49\u5f85\u7740\u4eba\u4eec\u7684\u63a2\u7d22\u3002\u4e66\u5e97\u4e2d\u6709\u4e13\u95e8\u4e3a\u513f\u7ae5\u548c\u9752\u5c11\u5e74\u800c\u8bbe\u7684\u4e13\u533a\uff0c\u8fd9\u91cc\u6709\u8bb8\u591a\u6709\u5173\u827a\u672f\u548c\u5386\u53f2\u7684\u542f\u8499\u6027\u4e66\u7c4d\u3002","robots":{"index":"index","follow":"follow","max-snippet":"max-snippet:-1","max-image-preview":"max-image-preview:large","max-video-preview":"max-video-preview:-1"},"canonical":"https:\/\/www.chateau-montsoreau.com\/wordpress\/zh\/\u4e66\u5e97\/","og_locale":"fr_FR","og_type":"article","og_title":"\u4e66\u5e97 | Ch\u00e2teau de Montsoreau-Mus\u00e9e d&#039;Art Contemporain","og_description":"\u4e66\u5e97\u4f4d\u4e8e\u535a\u7269\u9986\u4e2d\uff0c\u5411\u8bbf\u5ba2\u548c\u5176\u4ed6\u5927\u4f17\u5f00\u653e\u3002\u5728\u8212\u9002\u7684\u6c1b\u56f4\u4e2d\uff0c\u4e66\u5e97\u63d0\u4f9b\u8bb8\u591a\u6709\u5173\u827a\u672f\u3001\u4eba\u6587\u3001\u54f2\u5b66\u6216\u996e\u98df\u7684\u4e13\u4e1a\u4e66\u7c4d\uff0c\u7b49\u5f85\u7740\u4eba\u4eec\u7684\u63a2\u7d22\u3002\u4e66\u5e97\u4e2d\u6709\u4e13\u95e8\u4e3a\u513f\u7ae5\u548c\u9752\u5c11\u5e74\u800c\u8bbe\u7684\u4e13\u533a\uff0c\u8fd9\u91cc\u6709\u8bb8\u591a\u6709\u5173\u827a\u672f\u548c\u5386\u53f2\u7684\u542f\u8499\u6027\u4e66\u7c4d\u3002","og_url":"https:\/\/www.chateau-montsoreau.com\/wordpress\/zh\/\u4e66\u5e97\/","og_site_name":"Ch\u00e2teau de Montsoreau-Mus\u00e9e d&#039;Art Contemporain","article_publisher":"https:\/\/www.facebook.com\/chateaudemontsoreau\/","article_modified_time":"2020-02-19T13:13:22+00:00","og_image":[{"url":"http:\/\/www.chateau-montsoreau.com\/wordpress\/wp-content\/uploads\/2016\/03\/fb_icon_325x325-300x300.png","type":"","width":"","height":""}],"twitter_card":"summary_large_image","twitter_site":"@Cmontsoreau","schema":{"@context":"https:\/\/schema.org","@graph":[{"@type":"WebPage","@id":"https:\/\/www.chateau-montsoreau.com\/wordpress\/zh\/%e4%b9%a6%e5%ba%97\/","url":"https:\/\/www.chateau-montsoreau.com\/wordpress\/zh\/%e4%b9%a6%e5%ba%97\/","name":"\u4e66\u5e97 | Ch\u00e2teau de Montsoreau-Mus\u00e9e d&#039;Art Contemporain","isPartOf":{"@id":"https:\/\/www.chateau-montsoreau.com\/wordpress\/#website"},"primaryImageOfPage":{"@id":"https:\/\/www.chateau-montsoreau.com\/wordpress\/zh\/%e4%b9%a6%e5%ba%97\/#primaryimage"},"image":{"@id":"https:\/\/www.chateau-montsoreau.com\/wordpress\/zh\/%e4%b9%a6%e5%ba%97\/#primaryimage"},"thumbnailUrl":"http:\/\/www.chateau-montsoreau.com\/wordpress\/wp-content\/uploads\/2016\/03\/fb_icon_325x325-300x300.png","datePublished":"2019-09-13T13:19:44+00:00","dateModified":"2020-02-19T13:13:22+00:00","description":"\u4e66\u5e97\u4f4d\u4e8e\u535a\u7269\u9986\u4e2d\uff0c\u5411\u8bbf\u5ba2\u548c\u5176\u4ed6\u5927\u4f17\u5f00\u653e\u3002\u5728\u8212\u9002\u7684\u6c1b\u56f4\u4e2d\uff0c\u4e66\u5e97\u63d0\u4f9b\u8bb8\u591a\u6709\u5173\u827a\u672f\u3001\u4eba\u6587\u3001\u54f2\u5b66\u6216\u996e\u98df\u7684\u4e13\u4e1a\u4e66\u7c4d\uff0c\u7b49\u5f85\u7740\u4eba\u4eec\u7684\u63a2\u7d22\u3002\u4e66\u5e97\u4e2d\u6709\u4e13\u95e8\u4e3a\u513f\u7ae5\u548c\u9752\u5c11\u5e74\u800c\u8bbe\u7684\u4e13\u533a\uff0c\u8fd9\u91cc\u6709\u8bb8\u591a\u6709\u5173\u827a\u672f\u548c\u5386\u53f2\u7684\u542f\u8499\u6027\u4e66\u7c4d\u3002","breadcrumb":{"@id":"https:\/\/www.chateau-montsoreau.com\/wordpress\/zh\/%e4%b9%a6%e5%ba%97\/#breadcrumb"},"inLanguage":"fr-FR","potentialAction":[{"@type":"ReadAction","target":["https:\/\/www.chateau-montsoreau.com\/wordpress\/zh\/%e4%b9%a6%e5%ba%97\/"]}]},{"@type":"ImageObject","inLanguage":"fr-FR","@id":"https:\/\/www.chateau-montsoreau.com\/wordpress\/zh\/%e4%b9%a6%e5%ba%97\/#primaryimage","url":"http:\/\/www.chateau-montsoreau.com\/wordpress\/wp-content\/uploads\/2016\/03\/fb_icon_325x325-300x300.png","contentUrl":"http:\/\/www.chateau-montsoreau.com\/wordpress\/wp-content\/uploads\/2016\/03\/fb_icon_325x325-300x300.png"},{"@type":"BreadcrumbList","@id":"https:\/\/www.chateau-montsoreau.com\/wordpress\/zh\/%e4%b9%a6%e5%ba%97\/#breadcrumb","itemListElement":[{"@type":"ListItem","position":1,"name":"Accueil","item":"https:\/\/www.chateau-montsoreau.com\/wordpress\/fr\/"},{"@type":"ListItem","position":2,"name":"\u4e66\u5e97"}]},{"@type":"WebSite","@id":"https:\/\/www.chateau-montsoreau.com\/wordpress\/#website","url":"https:\/\/www.chateau-montsoreau.com\/wordpress\/","name":"Ch\u00e2teau de Montsoreau-Mus\u00e9e d&#039;Art Contemporain","description":"Ch\u00e2teaux de la Loire Art Contemporain Art Conceptuel","publisher":{"@id":"https:\/\/www.chateau-montsoreau.com\/wordpress\/#organization"},"potentialAction":[{"@type":"SearchAction","target":{"@type":"EntryPoint","urlTemplate":"https:\/\/www.chateau-montsoreau.com\/wordpress\/?s={search_term_string}"},"query-input":{"@type":"PropertyValueSpecification","valueRequired":true,"valueName":"search_term_string"}}],"inLanguage":"fr-FR"},{"@type":"Organization","@id":"https:\/\/www.chateau-montsoreau.com\/wordpress\/#organization","name":"Ch\u00e2teau de Montsoreau - Mus\u00e9e d'art contemporain","url":"https:\/\/www.chateau-montsoreau.com\/wordpress\/","logo":{"@type":"ImageObject","inLanguage":"fr-FR","@id":"https:\/\/www.chateau-montsoreau.com\/wordpress\/#\/schema\/logo\/image\/","url":"https:\/\/www.chateau-montsoreau.com\/wordpress\/wp-content\/uploads\/2016\/03\/Logo-Montsoreau-tout-petit-1.png","contentUrl":"https:\/\/www.chateau-montsoreau.com\/wordpress\/wp-content\/uploads\/2016\/03\/Logo-Montsoreau-tout-petit-1.png","width":133,"height":133,"caption":"Ch\u00e2teau de Montsoreau - Mus\u00e9e d'art contemporain"},"image":{"@id":"https:\/\/www.chateau-montsoreau.com\/wordpress\/#\/schema\/logo\/image\/"},"sameAs":["https:\/\/www.facebook.com\/chateaudemontsoreau\/","https:\/\/x.com\/Cmontsoreau","https:\/\/www.instagram.com\/chateaudemontsoreau\/","http:\/\/www.pinterest.com\/Cmontsoreau"]}]}},"_links":{"self":[{"href":"https:\/\/www.chateau-montsoreau.com\/wordpress\/wp-json\/wp\/v2\/pages\/7045","targetHints":{"allow":["GET"]}}],"collection":[{"href":"https:\/\/www.chateau-montsoreau.com\/wordpress\/wp-json\/wp\/v2\/pages"}],"about":[{"href":"https:\/\/www.chateau-montsoreau.com\/wordpress\/wp-json\/wp\/v2\/types\/page"}],"author":[{"embeddable":true,"href":"https:\/\/www.chateau-montsoreau.com\/wordpress\/wp-json\/wp\/v2\/users\/5"}],"replies":[{"embeddable":true,"href":"https:\/\/www.chateau-montsoreau.com\/wordpress\/wp-json\/wp\/v2\/comments?post=7045"}],"version-history":[{"count":2,"href":"https:\/\/www.chateau-montsoreau.com\/wordpress\/wp-json\/wp\/v2\/pages\/7045\/revisions"}],"predecessor-version":[{"id":7965,"href":"https:\/\/www.chateau-montsoreau.com\/wordpress\/wp-json\/wp\/v2\/pages\/7045\/revisions\/7965"}],"wp:attachment":[{"href":"https:\/\/www.chateau-montsoreau.com\/wordpress\/wp-json\/wp\/v2\/media?parent=7045"}],"curies":[{"name":"wp","href":"https:\/\/api.w.org\/{rel}","templated":true}]}}