{"id":7066,"date":"2019-09-15T15:46:01","date_gmt":"2019-09-15T14:46:01","guid":{"rendered":"http:\/\/www.chateau-montsoreau.com\/wordpress\/?page_id=7066"},"modified":"2020-02-19T14:06:35","modified_gmt":"2020-02-19T13:06:35","slug":"100%e5%9f%8e%e5%a0%a1-100%e5%bd%93%e4%bb%a3","status":"publish","type":"page","link":"https:\/\/www.chateau-montsoreau.com\/wordpress\/zh\/100%e5%9f%8e%e5%a0%a1-100%e5%bd%93%e4%bb%a3\/","title":{"rendered":"100%\u57ce\u5821-100%\u5f53\u4ee3"},"content":{"rendered":"<h2 style=\"text-align: center;\">10\u4e2a\u89d2\u5ea6\u8ba9\u60a8\u4e86\u89e3\u8499\u7d22\u7f57\u57ce\u5821-\u5f53\u4ee3\u827a\u672f\u535a\u7269\u9986<\/h2>\n<p>&nbsp;<\/p>\n<ul>\n<li>\u8499\u7d22\u7f57\u57ce\u5821-\u5f53\u4ee3\u827a\u672f\u535a\u7269\u9986\u4f4d\u4e8e\u6cd5\u56fd\u5362\u74e6\u5c14\u6cb3\u8c37\u4e2d\u7684\u66fc\u6069-\u5362\u74e6\u5c14\u7701\uff0c\u5730\u5904\u5362\u74e6\u5c14\u6cb3\u5730\u533a\u5927\u533a\u3001\u4e2d\u592e\u5362\u74e6\u5c14\u6cb3\u8c37\u5927\u533a\u548c\u65b0\u963f\u57fa\u5766\u4e09\u4e2a\u65c5\u6e38\u5927\u533a\u7684\u4ea4\u754c\u5904\u3002<\/li>\n<li>\u8499\u7d22\u7f57\u57ce\u5821\u5efa\u7b51\u5728\u7ef4\u57c3\u7eb3\u6cb3\u4e0e\u5362\u74e6\u5c14\u6cb3\u6c47\u6d41\u70b9\u7684\u6cb3\u5e8a\u4e0a\uff0c\u662f\u6cd5\u56fd\u6587\u827a\u590d\u5174\u65f6\u671f\u6700\u65e9\u7684\u5efa\u7b51\u3002<\/li>\n<li>\u8499\u7d22\u7f57\u57ce\u5821-\u5f53\u4ee3\u827a\u672f\u535a\u7269\u9986\u751f\u673a\u52c3\u52c3\u4e14\u8ba9\u4eba\u8033\u76ee\u4e00\u65b0\u3002<\/li>\n<li>\u4f4d\u4e8e\u6c34\u8fb9\u7684\u8c6a\u534e\u57ce\u5821\u4e8e2016\u5e74\u5728\u521b\u7acb\u8005\u83f2\u5229\u666e\u00b7\u6885\u7231\u8036\u7684\u52aa\u529b\u4e0b\u6210\u4e3a\u4e86\u8499\u7d22\u7f57\u57ce\u5821-\u5f53\u4ee3\u827a\u672f\u535a\u7269\u9986\u3002<\/li>\n<li>\u5728\u8499\u7d22\u7f57\u57ce\u5821-\u5f53\u4ee3\u827a\u672f\u535a\u7269\u9986\u4e2d\u7684\u5e38\u8bbe\u5c55\u89c8\u662f\u4e16\u754c\u4e0a\u6700\u5927\u7684\u5173\u4e8e\u827a\u672f\u4e0e\u8bed\u8a00\u56e2\u4f53\u7684\u6536\u85cf\u3002\u8fd9\u4e2a\u56e2\u4f53\u662f\u89c2\u5ff5\u827a\u672f\u7684\u53d1\u8d77\u8005\u3002<\/li>\n<li>\u8499\u7d22\u7f57\u57ce\u5821-\u5f53\u4ee3\u827a\u672f\u535a\u7269\u9986\u7684\u72ec\u5230\u6536\u85cf\u548c\u6587\u827a\u590d\u5174\u5f0f\u524d\u536b\u5efa\u7b51\u4e4b\u95f4\u7684\u7ed3\u5408\u8ba9\u57ce\u5821\u4e0d\u4e0e\u73b0\u5b9e\u8131\u8282\uff0c\u9762\u5411\u672a\u6765\u3002<\/li>\n<li>\u8499\u7d22\u7f57\u57ce\u5821-\u5f53\u4ee3\u827a\u672f\u535a\u7269\u9986\u8ddd\u79bb\u5df4\u9ece\u4e24\u5c0f\u65f6\u8f66\u7a0b\uff0c\u5c5e\u4e8e\u4e16\u754c\u6587\u5316\u9057\u4ea7\uff0c\u62e5\u67092000\u5e73\u7c73\u7684\u5c55\u51fa\u9762\u79ef\u3002<\/li>\n<li>\u5728\u6570\u4e2a\u4e16\u7eaa\u4e2d\uff0c\u8bb8\u591a\u9014\u7ecf\u8499\u7d22\u7f57\u7684\u827a\u672f\u5bb6\u5728\u8fd9\u5ea7\u524d\u536b\u98ce\u683c\u7684\u57ce\u5821\u65c1\u83b7\u53d6\u4e86\u521b\u4f5c\u7075\u611f\uff0c\u6bd4\u5982\u8bf4\u7f57\u4e39\uff0c\u900f\u7eb3\uff0c\u62c9\u4f2f\u96f7\uff0c\u798f\u697c\u62dc\u548c\u5927\u4ef2\u9a6c\u3002<\/li>\n<li>1450\u5e74\uff0c\u8ba9\u00b7\u5fb7\u00b7\u5c1a\u535a\u4e8c\u4e16\u5728\u5b89\u8339\u5730\u533a\u5efa\u9020\u4e86\u8499\u7d22\u7f57\u57ce\u5821\u3002\u4ed6\u662f\u67e5\u7406\u4e03\u4e16\u548c\u8def\u6613\u5341\u4e00\u7684\u79c1\u4eba\u987e\u95ee\u548c\u4f8d\u4ece\u3002<\/li>\n<li>\u8bb8\u591a\u5386\u53f2\u540d\u4eba\u66fe\u9014\u5f84\u6216\u6682\u4f4f\u4e8e\u8499\u7d22\u7f57\u57ce\u5821\uff1a\u67e5\u7406\u4e03\u4e16\uff0c\u8def\u6613\u5341\u4e00\uff0c\u739b\u4e3d\u00b7\u65af\u56fe\u4e9a\u7279\uff0c\u5e03\u5217\u5854\u5c3c\u7684\u5b89\u5a1c\uff0c\u6cd5\u5170\u897f\u7684\u514b\u6d1b\u5fb7\u6216\u662f\u5f17\u6717\u7d22\u74e6\u4e00\u4e16\u3002<\/li>\n<\/ul>\n<p><a href=\"http:\/\/www.chateau-montsoreau.com\/wordpress\/fr\/le-lieu\/le-chateau\/\"><img loading=\"lazy\" decoding=\"async\" class=\"aligncenter wp-image-3468 size-full\" src=\"http:\/\/www.chateau-montsoreau.com\/wordpress\/wp-content\/uploads\/2016\/03\/Template-Boutons-Visiter-1.png\" alt=\"Template-Boutons-'Visiter'\" width=\"1000\" height=\"700\" srcset=\"https:\/\/www.chateau-montsoreau.com\/wordpress\/wp-content\/uploads\/2016\/03\/Template-Boutons-Visiter-1.png 1000w, https:\/\/www.chateau-montsoreau.com\/wordpress\/wp-content\/uploads\/2016\/03\/Template-Boutons-Visiter-1-600x420.png 600w, https:\/\/www.chateau-montsoreau.com\/wordpress\/wp-content\/uploads\/2016\/03\/Template-Boutons-Visiter-1-300x210.png 300w, https:\/\/www.chateau-montsoreau.com\/wordpress\/wp-content\/uploads\/2016\/03\/Template-Boutons-Visiter-1-768x538.png 768w\" sizes=\"auto, (max-width: 1000px) 100vw, 1000px\" \/><\/a><\/p>\n","protected":false},"excerpt":{"rendered":"<p>10\u4e2a\u89d2\u5ea6\u8ba9\u60a8\u4e86\u89e3\u8499\u7d22\u7f57\u57ce\u5821-\u5f53\u4ee3\u827a\u672f\u535a\u7269\u9986 &nbsp; \u8499\u7d22\u7f57\u57ce\u5821-\u5f53\u4ee3\u827a\u672f\u535a\u7269\u9986\u4f4d\u4e8e\u6cd5\u56fd\u5362\u74e6\u5c14\u6cb3\u8c37\u4e2d\u7684\u66fc\u6069-\u5362\u74e6\u5c14\u7701\uff0c\u5730\u5904\u5362\u74e6\u5c14\u6cb3\u5730\u533a\u5927\u533a\u3001\u4e2d\u592e\u5362\u74e6\u5c14\u6cb3\u8c37\u5927\u533a\u548c\u65b0\u963f\u57fa\u5766\u4e09\u4e2a\u65c5\u6e38\u5927\u533a\u7684\u4ea4\u754c\u5904\u3002 \u8499\u7d22\u7f57\u57ce\u5821\u5efa\u7b51\u5728\u7ef4\u57c3\u7eb3\u6cb3\u4e0e\u5362\u74e6\u5c14\u6cb3\u6c47\u6d41\u70b9\u7684\u6cb3\u5e8a\u4e0a\uff0c\u662f\u6cd5\u56fd\u6587\u827a\u590d\u5174\u65f6\u671f\u6700\u65e9\u7684\u5efa\u7b51\u3002 \u8499\u7d22\u7f57\u57ce\u5821-\u5f53\u4ee3\u827a\u672f\u535a\u7269\u9986\u751f\u673a\u52c3\u52c3\u4e14\u8ba9\u4eba\u8033\u76ee\u4e00\u65b0\u3002 \u4f4d\u4e8e\u6c34\u8fb9\u7684\u8c6a\u534e\u57ce\u5821\u4e8e2016\u5e74\u5728\u521b\u7acb\u8005\u83f2\u5229\u666e\u00b7\u6885\u7231\u8036\u7684\u52aa\u529b\u4e0b\u6210\u4e3a\u4e86\u8499\u7d22\u7f57\u57ce\u5821-\u5f53\u4ee3\u827a\u672f\u535a\u7269\u9986\u3002 \u5728\u8499\u7d22\u7f57\u57ce\u5821-\u5f53\u4ee3\u827a\u672f\u535a\u7269\u9986\u4e2d\u7684\u5e38\u8bbe\u5c55\u89c8\u662f\u4e16\u754c\u4e0a\u6700\u5927\u7684\u5173\u4e8e\u827a\u672f\u4e0e\u8bed\u8a00\u56e2\u4f53\u7684\u6536\u85cf\u3002\u8fd9\u4e2a\u56e2\u4f53\u662f\u89c2\u5ff5\u827a\u672f\u7684\u53d1\u8d77\u8005\u3002 \u8499\u7d22\u7f57\u57ce\u5821-\u5f53\u4ee3\u827a\u672f\u535a\u7269\u9986\u7684\u72ec\u5230\u6536\u85cf\u548c\u6587\u827a\u590d\u5174\u5f0f\u524d\u536b\u5efa\u7b51\u4e4b\u95f4\u7684\u7ed3\u5408\u8ba9\u57ce\u5821\u4e0d\u4e0e\u73b0\u5b9e\u8131\u8282\uff0c\u9762\u5411\u672a\u6765\u3002 \u8499\u7d22\u7f57\u57ce\u5821-\u5f53\u4ee3\u827a\u672f\u535a\u7269\u9986\u8ddd\u79bb\u5df4\u9ece\u4e24\u5c0f\u65f6\u8f66\u7a0b\uff0c\u5c5e\u4e8e\u4e16\u754c\u6587\u5316\u9057\u4ea7\uff0c\u62e5\u67092000\u5e73\u7c73\u7684\u5c55\u51fa\u9762\u79ef\u3002 \u5728\u6570\u4e2a\u4e16\u7eaa\u4e2d\uff0c\u8bb8\u591a\u9014\u7ecf\u8499\u7d22\u7f57\u7684\u827a\u672f\u5bb6\u5728\u8fd9\u5ea7\u524d\u536b\u98ce\u683c\u7684\u57ce\u5821\u65c1\u83b7\u53d6\u4e86\u521b\u4f5c\u7075\u611f\uff0c\u6bd4\u5982\u8bf4\u7f57\u4e39\uff0c\u900f\u7eb3\uff0c\u62c9\u4f2f\u96f7\uff0c\u798f\u697c\u62dc\u548c\u5927\u4ef2\u9a6c\u3002 1450\u5e74\uff0c\u8ba9\u00b7\u5fb7\u00b7\u5c1a\u535a\u4e8c\u4e16\u5728\u5b89\u8339\u5730\u533a\u5efa\u9020\u4e86\u8499\u7d22\u7f57\u57ce\u5821\u3002\u4ed6\u662f\u67e5\u7406\u4e03\u4e16\u548c\u8def\u6613\u5341\u4e00\u7684\u79c1\u4eba\u987e\u95ee\u548c\u4f8d\u4ece\u3002 \u8bb8\u591a\u5386\u53f2\u540d\u4eba\u66fe\u9014\u5f84\u6216\u6682\u4f4f\u4e8e\u8499\u7d22\u7f57\u57ce\u5821\uff1a\u67e5\u7406\u4e03\u4e16\uff0c\u8def\u6613\u5341\u4e00\uff0c\u739b\u4e3d\u00b7\u65af\u56fe\u4e9a\u7279\uff0c\u5e03\u5217\u5854\u5c3c\u7684\u5b89\u5a1c\uff0c\u6cd5\u5170\u897f\u7684\u514b\u6d1b\u5fb7\u6216\u662f\u5f17\u6717\u7d22\u74e6\u4e00\u4e16\u3002<\/p>\n","protected":false},"author":5,"featured_media":0,"parent":0,"menu_order":0,"comment_status":"closed","ping_status":"closed","template":"","meta":{"footnotes":""},"class_list":["post-7066","page","type-page","status-publish","hentry"],"yoast_head":"<!-- This site is optimized with the Yoast SEO plugin v27.3 - https:\/\/yoast.com\/product\/yoast-seo-wordpress\/ -->\n<title>100%\u57ce\u5821-100%\u5f53\u4ee3 | Ch\u00e2teau de Montsoreau-Mus\u00e9e d&#039;Art Contemporain<\/title>\n<meta name=\"description\" content=\"\u8499\u7d22\u7f57\u57ce\u5821-\u5f53\u4ee3\u827a\u672f\u535a\u7269\u9986\u751f\u673a\u52c3\u52c3\u4e14\u8ba9\u4eba\u8033\u76ee\u4e00\u65b0\u3002\u5728\u8499\u7d22\u7f57\u57ce\u5821-\u5f53\u4ee3\u827a\u672f\u535a\u7269\u9986\u4e2d\u7684\u5e38\u8bbe\u5c55\u89c8\u662f\u4e16\u754c\u4e0a\u6700\u5927\u7684\u5173\u4e8e\u827a\u672f\u4e0e\u8bed\u8a00\u56e2\u4f53\u7684\u6536\u85cf\u3002\u8fd9\u4e2a\u56e2\u4f53\u662f\u89c2\u5ff5\u827a\u672f\u7684\u53d1\u8d77\u8005\u3002\" \/>\n<meta name=\"robots\" content=\"index, follow, max-snippet:-1, max-image-preview:large, max-video-preview:-1\" \/>\n<link rel=\"canonical\" href=\"https:\/\/www.chateau-montsoreau.com\/wordpress\/zh\/100\u57ce\u5821-100\u5f53\u4ee3\/\" \/>\n<meta property=\"og:locale\" content=\"fr_FR\" \/>\n<meta property=\"og:type\" content=\"article\" \/>\n<meta property=\"og:title\" content=\"100%\u57ce\u5821-100%\u5f53\u4ee3 | Ch\u00e2teau de Montsoreau-Mus\u00e9e d&#039;Art Contemporain\" \/>\n<meta property=\"og:description\" content=\"\u8499\u7d22\u7f57\u57ce\u5821-\u5f53\u4ee3\u827a\u672f\u535a\u7269\u9986\u751f\u673a\u52c3\u52c3\u4e14\u8ba9\u4eba\u8033\u76ee\u4e00\u65b0\u3002\u5728\u8499\u7d22\u7f57\u57ce\u5821-\u5f53\u4ee3\u827a\u672f\u535a\u7269\u9986\u4e2d\u7684\u5e38\u8bbe\u5c55\u89c8\u662f\u4e16\u754c\u4e0a\u6700\u5927\u7684\u5173\u4e8e\u827a\u672f\u4e0e\u8bed\u8a00\u56e2\u4f53\u7684\u6536\u85cf\u3002\u8fd9\u4e2a\u56e2\u4f53\u662f\u89c2\u5ff5\u827a\u672f\u7684\u53d1\u8d77\u8005\u3002\" \/>\n<meta property=\"og:url\" content=\"https:\/\/www.chateau-montsoreau.com\/wordpress\/zh\/100\u57ce\u5821-100\u5f53\u4ee3\/\" \/>\n<meta property=\"og:site_name\" content=\"Ch\u00e2teau de Montsoreau-Mus\u00e9e d&#039;Art Contemporain\" \/>\n<meta property=\"article:publisher\" content=\"https:\/\/www.facebook.com\/chateaudemontsoreau\/\" \/>\n<meta property=\"article:modified_time\" content=\"2020-02-19T13:06:35+00:00\" \/>\n<meta property=\"og:image\" content=\"http:\/\/www.chateau-montsoreau.com\/wordpress\/wp-content\/uploads\/2016\/03\/Template-Boutons-Visiter-1.png\" \/>\n<meta name=\"twitter:card\" content=\"summary_large_image\" \/>\n<meta name=\"twitter:site\" content=\"@Cmontsoreau\" \/>\n<script type=\"application\/ld+json\" class=\"yoast-schema-graph\">{\"@context\":\"https:\\\/\\\/schema.org\",\"@graph\":[{\"@type\":\"WebPage\",\"@id\":\"https:\\\/\\\/www.chateau-montsoreau.com\\\/wordpress\\\/zh\\\/100%e5%9f%8e%e5%a0%a1-100%e5%bd%93%e4%bb%a3\\\/\",\"url\":\"https:\\\/\\\/www.chateau-montsoreau.com\\\/wordpress\\\/zh\\\/100%e5%9f%8e%e5%a0%a1-100%e5%bd%93%e4%bb%a3\\\/\",\"name\":\"100%\u57ce\u5821-100%\u5f53\u4ee3 | Ch\u00e2teau de Montsoreau-Mus\u00e9e d&#039;Art Contemporain\",\"isPartOf\":{\"@id\":\"https:\\\/\\\/www.chateau-montsoreau.com\\\/wordpress\\\/#website\"},\"primaryImageOfPage\":{\"@id\":\"https:\\\/\\\/www.chateau-montsoreau.com\\\/wordpress\\\/zh\\\/100%e5%9f%8e%e5%a0%a1-100%e5%bd%93%e4%bb%a3\\\/#primaryimage\"},\"image\":{\"@id\":\"https:\\\/\\\/www.chateau-montsoreau.com\\\/wordpress\\\/zh\\\/100%e5%9f%8e%e5%a0%a1-100%e5%bd%93%e4%bb%a3\\\/#primaryimage\"},\"thumbnailUrl\":\"http:\\\/\\\/www.chateau-montsoreau.com\\\/wordpress\\\/wp-content\\\/uploads\\\/2016\\\/03\\\/Template-Boutons-Visiter-1.png\",\"datePublished\":\"2019-09-15T14:46:01+00:00\",\"dateModified\":\"2020-02-19T13:06:35+00:00\",\"description\":\"\u8499\u7d22\u7f57\u57ce\u5821-\u5f53\u4ee3\u827a\u672f\u535a\u7269\u9986\u751f\u673a\u52c3\u52c3\u4e14\u8ba9\u4eba\u8033\u76ee\u4e00\u65b0\u3002\u5728\u8499\u7d22\u7f57\u57ce\u5821-\u5f53\u4ee3\u827a\u672f\u535a\u7269\u9986\u4e2d\u7684\u5e38\u8bbe\u5c55\u89c8\u662f\u4e16\u754c\u4e0a\u6700\u5927\u7684\u5173\u4e8e\u827a\u672f\u4e0e\u8bed\u8a00\u56e2\u4f53\u7684\u6536\u85cf\u3002\u8fd9\u4e2a\u56e2\u4f53\u662f\u89c2\u5ff5\u827a\u672f\u7684\u53d1\u8d77\u8005\u3002\",\"breadcrumb\":{\"@id\":\"https:\\\/\\\/www.chateau-montsoreau.com\\\/wordpress\\\/zh\\\/100%e5%9f%8e%e5%a0%a1-100%e5%bd%93%e4%bb%a3\\\/#breadcrumb\"},\"inLanguage\":\"fr-FR\",\"potentialAction\":[{\"@type\":\"ReadAction\",\"target\":[\"https:\\\/\\\/www.chateau-montsoreau.com\\\/wordpress\\\/zh\\\/100%e5%9f%8e%e5%a0%a1-100%e5%bd%93%e4%bb%a3\\\/\"]}]},{\"@type\":\"ImageObject\",\"inLanguage\":\"fr-FR\",\"@id\":\"https:\\\/\\\/www.chateau-montsoreau.com\\\/wordpress\\\/zh\\\/100%e5%9f%8e%e5%a0%a1-100%e5%bd%93%e4%bb%a3\\\/#primaryimage\",\"url\":\"http:\\\/\\\/www.chateau-montsoreau.com\\\/wordpress\\\/wp-content\\\/uploads\\\/2016\\\/03\\\/Template-Boutons-Visiter-1.png\",\"contentUrl\":\"http:\\\/\\\/www.chateau-montsoreau.com\\\/wordpress\\\/wp-content\\\/uploads\\\/2016\\\/03\\\/Template-Boutons-Visiter-1.png\"},{\"@type\":\"BreadcrumbList\",\"@id\":\"https:\\\/\\\/www.chateau-montsoreau.com\\\/wordpress\\\/zh\\\/100%e5%9f%8e%e5%a0%a1-100%e5%bd%93%e4%bb%a3\\\/#breadcrumb\",\"itemListElement\":[{\"@type\":\"ListItem\",\"position\":1,\"name\":\"Accueil\",\"item\":\"https:\\\/\\\/www.chateau-montsoreau.com\\\/wordpress\\\/fr\\\/\"},{\"@type\":\"ListItem\",\"position\":2,\"name\":\"100%\u57ce\u5821-100%\u5f53\u4ee3\"}]},{\"@type\":\"WebSite\",\"@id\":\"https:\\\/\\\/www.chateau-montsoreau.com\\\/wordpress\\\/#website\",\"url\":\"https:\\\/\\\/www.chateau-montsoreau.com\\\/wordpress\\\/\",\"name\":\"Ch\u00e2teau de Montsoreau-Mus\u00e9e d&#039;Art Contemporain\",\"description\":\"Ch\u00e2teaux de la Loire Art Contemporain Art Conceptuel\",\"publisher\":{\"@id\":\"https:\\\/\\\/www.chateau-montsoreau.com\\\/wordpress\\\/#organization\"},\"potentialAction\":[{\"@type\":\"SearchAction\",\"target\":{\"@type\":\"EntryPoint\",\"urlTemplate\":\"https:\\\/\\\/www.chateau-montsoreau.com\\\/wordpress\\\/?s={search_term_string}\"},\"query-input\":{\"@type\":\"PropertyValueSpecification\",\"valueRequired\":true,\"valueName\":\"search_term_string\"}}],\"inLanguage\":\"fr-FR\"},{\"@type\":\"Organization\",\"@id\":\"https:\\\/\\\/www.chateau-montsoreau.com\\\/wordpress\\\/#organization\",\"name\":\"Ch\u00e2teau de Montsoreau - Mus\u00e9e d'art contemporain\",\"url\":\"https:\\\/\\\/www.chateau-montsoreau.com\\\/wordpress\\\/\",\"logo\":{\"@type\":\"ImageObject\",\"inLanguage\":\"fr-FR\",\"@id\":\"https:\\\/\\\/www.chateau-montsoreau.com\\\/wordpress\\\/#\\\/schema\\\/logo\\\/image\\\/\",\"url\":\"https:\\\/\\\/www.chateau-montsoreau.com\\\/wordpress\\\/wp-content\\\/uploads\\\/2016\\\/03\\\/Logo-Montsoreau-tout-petit-1.png\",\"contentUrl\":\"https:\\\/\\\/www.chateau-montsoreau.com\\\/wordpress\\\/wp-content\\\/uploads\\\/2016\\\/03\\\/Logo-Montsoreau-tout-petit-1.png\",\"width\":133,\"height\":133,\"caption\":\"Ch\u00e2teau de Montsoreau - Mus\u00e9e d'art contemporain\"},\"image\":{\"@id\":\"https:\\\/\\\/www.chateau-montsoreau.com\\\/wordpress\\\/#\\\/schema\\\/logo\\\/image\\\/\"},\"sameAs\":[\"https:\\\/\\\/www.facebook.com\\\/chateaudemontsoreau\\\/\",\"https:\\\/\\\/x.com\\\/Cmontsoreau\",\"https:\\\/\\\/www.instagram.com\\\/chateaudemontsoreau\\\/\",\"http:\\\/\\\/www.pinterest.com\\\/Cmontsoreau\"]}]}<\/script>\n<!-- \/ Yoast SEO plugin. -->","yoast_head_json":{"title":"100%\u57ce\u5821-100%\u5f53\u4ee3 | Ch\u00e2teau de Montsoreau-Mus\u00e9e d&#039;Art Contemporain","description":"\u8499\u7d22\u7f57\u57ce\u5821-\u5f53\u4ee3\u827a\u672f\u535a\u7269\u9986\u751f\u673a\u52c3\u52c3\u4e14\u8ba9\u4eba\u8033\u76ee\u4e00\u65b0\u3002\u5728\u8499\u7d22\u7f57\u57ce\u5821-\u5f53\u4ee3\u827a\u672f\u535a\u7269\u9986\u4e2d\u7684\u5e38\u8bbe\u5c55\u89c8\u662f\u4e16\u754c\u4e0a\u6700\u5927\u7684\u5173\u4e8e\u827a\u672f\u4e0e\u8bed\u8a00\u56e2\u4f53\u7684\u6536\u85cf\u3002\u8fd9\u4e2a\u56e2\u4f53\u662f\u89c2\u5ff5\u827a\u672f\u7684\u53d1\u8d77\u8005\u3002","robots":{"index":"index","follow":"follow","max-snippet":"max-snippet:-1","max-image-preview":"max-image-preview:large","max-video-preview":"max-video-preview:-1"},"canonical":"https:\/\/www.chateau-montsoreau.com\/wordpress\/zh\/100\u57ce\u5821-100\u5f53\u4ee3\/","og_locale":"fr_FR","og_type":"article","og_title":"100%\u57ce\u5821-100%\u5f53\u4ee3 | Ch\u00e2teau de Montsoreau-Mus\u00e9e d&#039;Art Contemporain","og_description":"\u8499\u7d22\u7f57\u57ce\u5821-\u5f53\u4ee3\u827a\u672f\u535a\u7269\u9986\u751f\u673a\u52c3\u52c3\u4e14\u8ba9\u4eba\u8033\u76ee\u4e00\u65b0\u3002\u5728\u8499\u7d22\u7f57\u57ce\u5821-\u5f53\u4ee3\u827a\u672f\u535a\u7269\u9986\u4e2d\u7684\u5e38\u8bbe\u5c55\u89c8\u662f\u4e16\u754c\u4e0a\u6700\u5927\u7684\u5173\u4e8e\u827a\u672f\u4e0e\u8bed\u8a00\u56e2\u4f53\u7684\u6536\u85cf\u3002\u8fd9\u4e2a\u56e2\u4f53\u662f\u89c2\u5ff5\u827a\u672f\u7684\u53d1\u8d77\u8005\u3002","og_url":"https:\/\/www.chateau-montsoreau.com\/wordpress\/zh\/100\u57ce\u5821-100\u5f53\u4ee3\/","og_site_name":"Ch\u00e2teau de Montsoreau-Mus\u00e9e d&#039;Art Contemporain","article_publisher":"https:\/\/www.facebook.com\/chateaudemontsoreau\/","article_modified_time":"2020-02-19T13:06:35+00:00","og_image":[{"url":"http:\/\/www.chateau-montsoreau.com\/wordpress\/wp-content\/uploads\/2016\/03\/Template-Boutons-Visiter-1.png","type":"","width":"","height":""}],"twitter_card":"summary_large_image","twitter_site":"@Cmontsoreau","schema":{"@context":"https:\/\/schema.org","@graph":[{"@type":"WebPage","@id":"https:\/\/www.chateau-montsoreau.com\/wordpress\/zh\/100%e5%9f%8e%e5%a0%a1-100%e5%bd%93%e4%bb%a3\/","url":"https:\/\/www.chateau-montsoreau.com\/wordpress\/zh\/100%e5%9f%8e%e5%a0%a1-100%e5%bd%93%e4%bb%a3\/","name":"100%\u57ce\u5821-100%\u5f53\u4ee3 | Ch\u00e2teau de Montsoreau-Mus\u00e9e d&#039;Art Contemporain","isPartOf":{"@id":"https:\/\/www.chateau-montsoreau.com\/wordpress\/#website"},"primaryImageOfPage":{"@id":"https:\/\/www.chateau-montsoreau.com\/wordpress\/zh\/100%e5%9f%8e%e5%a0%a1-100%e5%bd%93%e4%bb%a3\/#primaryimage"},"image":{"@id":"https:\/\/www.chateau-montsoreau.com\/wordpress\/zh\/100%e5%9f%8e%e5%a0%a1-100%e5%bd%93%e4%bb%a3\/#primaryimage"},"thumbnailUrl":"http:\/\/www.chateau-montsoreau.com\/wordpress\/wp-content\/uploads\/2016\/03\/Template-Boutons-Visiter-1.png","datePublished":"2019-09-15T14:46:01+00:00","dateModified":"2020-02-19T13:06:35+00:00","description":"\u8499\u7d22\u7f57\u57ce\u5821-\u5f53\u4ee3\u827a\u672f\u535a\u7269\u9986\u751f\u673a\u52c3\u52c3\u4e14\u8ba9\u4eba\u8033\u76ee\u4e00\u65b0\u3002\u5728\u8499\u7d22\u7f57\u57ce\u5821-\u5f53\u4ee3\u827a\u672f\u535a\u7269\u9986\u4e2d\u7684\u5e38\u8bbe\u5c55\u89c8\u662f\u4e16\u754c\u4e0a\u6700\u5927\u7684\u5173\u4e8e\u827a\u672f\u4e0e\u8bed\u8a00\u56e2\u4f53\u7684\u6536\u85cf\u3002\u8fd9\u4e2a\u56e2\u4f53\u662f\u89c2\u5ff5\u827a\u672f\u7684\u53d1\u8d77\u8005\u3002","breadcrumb":{"@id":"https:\/\/www.chateau-montsoreau.com\/wordpress\/zh\/100%e5%9f%8e%e5%a0%a1-100%e5%bd%93%e4%bb%a3\/#breadcrumb"},"inLanguage":"fr-FR","potentialAction":[{"@type":"ReadAction","target":["https:\/\/www.chateau-montsoreau.com\/wordpress\/zh\/100%e5%9f%8e%e5%a0%a1-100%e5%bd%93%e4%bb%a3\/"]}]},{"@type":"ImageObject","inLanguage":"fr-FR","@id":"https:\/\/www.chateau-montsoreau.com\/wordpress\/zh\/100%e5%9f%8e%e5%a0%a1-100%e5%bd%93%e4%bb%a3\/#primaryimage","url":"http:\/\/www.chateau-montsoreau.com\/wordpress\/wp-content\/uploads\/2016\/03\/Template-Boutons-Visiter-1.png","contentUrl":"http:\/\/www.chateau-montsoreau.com\/wordpress\/wp-content\/uploads\/2016\/03\/Template-Boutons-Visiter-1.png"},{"@type":"BreadcrumbList","@id":"https:\/\/www.chateau-montsoreau.com\/wordpress\/zh\/100%e5%9f%8e%e5%a0%a1-100%e5%bd%93%e4%bb%a3\/#breadcrumb","itemListElement":[{"@type":"ListItem","position":1,"name":"Accueil","item":"https:\/\/www.chateau-montsoreau.com\/wordpress\/fr\/"},{"@type":"ListItem","position":2,"name":"100%\u57ce\u5821-100%\u5f53\u4ee3"}]},{"@type":"WebSite","@id":"https:\/\/www.chateau-montsoreau.com\/wordpress\/#website","url":"https:\/\/www.chateau-montsoreau.com\/wordpress\/","name":"Ch\u00e2teau de Montsoreau-Mus\u00e9e d&#039;Art Contemporain","description":"Ch\u00e2teaux de la Loire Art Contemporain Art Conceptuel","publisher":{"@id":"https:\/\/www.chateau-montsoreau.com\/wordpress\/#organization"},"potentialAction":[{"@type":"SearchAction","target":{"@type":"EntryPoint","urlTemplate":"https:\/\/www.chateau-montsoreau.com\/wordpress\/?s={search_term_string}"},"query-input":{"@type":"PropertyValueSpecification","valueRequired":true,"valueName":"search_term_string"}}],"inLanguage":"fr-FR"},{"@type":"Organization","@id":"https:\/\/www.chateau-montsoreau.com\/wordpress\/#organization","name":"Ch\u00e2teau de Montsoreau - Mus\u00e9e d'art contemporain","url":"https:\/\/www.chateau-montsoreau.com\/wordpress\/","logo":{"@type":"ImageObject","inLanguage":"fr-FR","@id":"https:\/\/www.chateau-montsoreau.com\/wordpress\/#\/schema\/logo\/image\/","url":"https:\/\/www.chateau-montsoreau.com\/wordpress\/wp-content\/uploads\/2016\/03\/Logo-Montsoreau-tout-petit-1.png","contentUrl":"https:\/\/www.chateau-montsoreau.com\/wordpress\/wp-content\/uploads\/2016\/03\/Logo-Montsoreau-tout-petit-1.png","width":133,"height":133,"caption":"Ch\u00e2teau de Montsoreau - Mus\u00e9e d'art contemporain"},"image":{"@id":"https:\/\/www.chateau-montsoreau.com\/wordpress\/#\/schema\/logo\/image\/"},"sameAs":["https:\/\/www.facebook.com\/chateaudemontsoreau\/","https:\/\/x.com\/Cmontsoreau","https:\/\/www.instagram.com\/chateaudemontsoreau\/","http:\/\/www.pinterest.com\/Cmontsoreau"]}]}},"_links":{"self":[{"href":"https:\/\/www.chateau-montsoreau.com\/wordpress\/wp-json\/wp\/v2\/pages\/7066","targetHints":{"allow":["GET"]}}],"collection":[{"href":"https:\/\/www.chateau-montsoreau.com\/wordpress\/wp-json\/wp\/v2\/pages"}],"about":[{"href":"https:\/\/www.chateau-montsoreau.com\/wordpress\/wp-json\/wp\/v2\/types\/page"}],"author":[{"embeddable":true,"href":"https:\/\/www.chateau-montsoreau.com\/wordpress\/wp-json\/wp\/v2\/users\/5"}],"replies":[{"embeddable":true,"href":"https:\/\/www.chateau-montsoreau.com\/wordpress\/wp-json\/wp\/v2\/comments?post=7066"}],"version-history":[{"count":2,"href":"https:\/\/www.chateau-montsoreau.com\/wordpress\/wp-json\/wp\/v2\/pages\/7066\/revisions"}],"predecessor-version":[{"id":7964,"href":"https:\/\/www.chateau-montsoreau.com\/wordpress\/wp-json\/wp\/v2\/pages\/7066\/revisions\/7964"}],"wp:attachment":[{"href":"https:\/\/www.chateau-montsoreau.com\/wordpress\/wp-json\/wp\/v2\/media?parent=7066"}],"curies":[{"name":"wp","href":"https:\/\/api.w.org\/{rel}","templated":true}]}}