{"id":7076,"date":"2019-09-20T14:41:51","date_gmt":"2019-09-20T13:41:51","guid":{"rendered":"http:\/\/www.chateau-montsoreau.com\/wordpress\/?page_id=7076"},"modified":"2020-02-19T14:31:37","modified_gmt":"2020-02-19T13:31:37","slug":"%e5%9b%a2%e4%bd%93%e5%8f%82%e8%a7%82","status":"publish","type":"page","link":"https:\/\/www.chateau-montsoreau.com\/wordpress\/zh\/%e5%9b%a2%e4%bd%93%e5%8f%82%e8%a7%82\/","title":{"rendered":"\u56e2\u4f53\u53c2\u89c2"},"content":{"rendered":"<div class=\"ut-service-icon-box ut-one-half  \"><style type=\"text\/css\" scoped> #utbx_69d0954a0cba3 { background:#000000; } #utbx_69d0954a0cba3:hover { background: #e2583e; } #utbx_69d0954a0cba3:after { box-shadow: 0 0 0 4px #e2583e; } <\/style><div class=\"ut-highlight-icon-wrap ut-highlight-icon-effect\"><a id=\"utbx_69d0954a0cba3\" data-id=\"utbx_69d0954a0cba3\" data-hovercolor=\"#e2583e\"  data-effect=\"pulse\" class=\"ut-highlight-icon fa fa-child ut-animate-element animated\" href=\"\u5b66\u751f\u56e2\u4f53\/\" target=\"_self\"><\/a><\/div><div class=\"ut-service-icon-box-content\"><h3>\u5b66\u751f\u56e2\u4f53<\/h3><p><\/p><\/div><\/div>\n<div class=\"ut-service-icon-box ut-one-half ut-column-last \"><style type=\"text\/css\" scoped> #utbx_69d0954a0cbb1 { background:#000000; } #utbx_69d0954a0cbb1:hover { background: #e2583e; } #utbx_69d0954a0cbb1:after { box-shadow: 0 0 0 4px #e2583e; } <\/style><div class=\"ut-highlight-icon-wrap ut-highlight-icon-effect\"><a id=\"utbx_69d0954a0cbb1\" data-id=\"utbx_69d0954a0cbb1\" data-hovercolor=\"#e2583e\"  data-effect=\"pulse\" class=\"ut-highlight-icon fa fa-users ut-animate-element animated\" href=\"\u6210\u4eba\u56e2\u4f53\/\" target=\"_self\"><\/a><\/div><div class=\"ut-service-icon-box-content\"><h3>\u6210\u4eba\u56e2\u4f53<\/h3><p> <\/p><\/div><\/div>\n","protected":false},"excerpt":{"rendered":"","protected":false},"author":5,"featured_media":0,"parent":0,"menu_order":1,"comment_status":"closed","ping_status":"closed","template":"","meta":{"footnotes":""},"class_list":["post-7076","page","type-page","status-publish","hentry"],"yoast_head":"<!-- This site is optimized with the Yoast SEO plugin v27.3 - https:\/\/yoast.com\/product\/yoast-seo-wordpress\/ -->\n<title>\u56e2\u4f53\u53c2\u89c2 | Ch\u00e2teau de Montsoreau-Mus\u00e9e d&#039;Art Contemporain<\/title>\n<meta name=\"description\" content=\"\u6210\u4eba\u56e2\u4f53 : \u81ea\u7531\u53c2\u89c2\uff1a\u81ea\u7531\u81ea\u4e3b\u5730\u53c2\u89c2\u57ce\u5821\u53ca\u5176\u5f53\u4ee3\u827a\u672f\u6536\u85cf\u3002\u5bfc\u89c8\u53c2\u89c2\uff08\u4ec5\u5728\u9884\u7ea6\u7684\u60c5\u51b5\u4e0b\u5f00\u653e\uff09\uff1a\u5728\u4e00\u4f4d\u4e13\u4e1a\u5bfc\u89c8\u7684\u966a\u4f34\u4e0b\u53c2\u89c2\u57ce\u5821\u3001\u5e38\u8bbe\u5c55\u89c8\u548c\u7279\u5c55\u3002\" \/>\n<meta name=\"robots\" content=\"index, follow, max-snippet:-1, max-image-preview:large, max-video-preview:-1\" \/>\n<link rel=\"canonical\" href=\"https:\/\/www.chateau-montsoreau.com\/wordpress\/zh\/\u56e2\u4f53\u53c2\u89c2\/\" \/>\n<meta property=\"og:locale\" content=\"fr_FR\" \/>\n<meta property=\"og:type\" content=\"article\" \/>\n<meta property=\"og:title\" content=\"\u56e2\u4f53\u53c2\u89c2 | Ch\u00e2teau de Montsoreau-Mus\u00e9e d&#039;Art Contemporain\" \/>\n<meta property=\"og:description\" content=\"\u6210\u4eba\u56e2\u4f53 : \u81ea\u7531\u53c2\u89c2\uff1a\u81ea\u7531\u81ea\u4e3b\u5730\u53c2\u89c2\u57ce\u5821\u53ca\u5176\u5f53\u4ee3\u827a\u672f\u6536\u85cf\u3002\u5bfc\u89c8\u53c2\u89c2\uff08\u4ec5\u5728\u9884\u7ea6\u7684\u60c5\u51b5\u4e0b\u5f00\u653e\uff09\uff1a\u5728\u4e00\u4f4d\u4e13\u4e1a\u5bfc\u89c8\u7684\u966a\u4f34\u4e0b\u53c2\u89c2\u57ce\u5821\u3001\u5e38\u8bbe\u5c55\u89c8\u548c\u7279\u5c55\u3002\" \/>\n<meta property=\"og:url\" content=\"https:\/\/www.chateau-montsoreau.com\/wordpress\/zh\/\u56e2\u4f53\u53c2\u89c2\/\" \/>\n<meta property=\"og:site_name\" content=\"Ch\u00e2teau de Montsoreau-Mus\u00e9e d&#039;Art Contemporain\" \/>\n<meta property=\"article:publisher\" content=\"https:\/\/www.facebook.com\/chateaudemontsoreau\/\" \/>\n<meta property=\"article:modified_time\" content=\"2020-02-19T13:31:37+00:00\" \/>\n<meta name=\"twitter:card\" content=\"summary_large_image\" \/>\n<meta name=\"twitter:site\" content=\"@Cmontsoreau\" \/>\n<script type=\"application\/ld+json\" class=\"yoast-schema-graph\">{\"@context\":\"https:\\\/\\\/schema.org\",\"@graph\":[{\"@type\":\"WebPage\",\"@id\":\"https:\\\/\\\/www.chateau-montsoreau.com\\\/wordpress\\\/zh\\\/%e5%9b%a2%e4%bd%93%e5%8f%82%e8%a7%82\\\/\",\"url\":\"https:\\\/\\\/www.chateau-montsoreau.com\\\/wordpress\\\/zh\\\/%e5%9b%a2%e4%bd%93%e5%8f%82%e8%a7%82\\\/\",\"name\":\"\u56e2\u4f53\u53c2\u89c2 | Ch\u00e2teau de Montsoreau-Mus\u00e9e d&#039;Art Contemporain\",\"isPartOf\":{\"@id\":\"https:\\\/\\\/www.chateau-montsoreau.com\\\/wordpress\\\/#website\"},\"datePublished\":\"2019-09-20T13:41:51+00:00\",\"dateModified\":\"2020-02-19T13:31:37+00:00\",\"description\":\"\u6210\u4eba\u56e2\u4f53 : \u81ea\u7531\u53c2\u89c2\uff1a\u81ea\u7531\u81ea\u4e3b\u5730\u53c2\u89c2\u57ce\u5821\u53ca\u5176\u5f53\u4ee3\u827a\u672f\u6536\u85cf\u3002\u5bfc\u89c8\u53c2\u89c2\uff08\u4ec5\u5728\u9884\u7ea6\u7684\u60c5\u51b5\u4e0b\u5f00\u653e\uff09\uff1a\u5728\u4e00\u4f4d\u4e13\u4e1a\u5bfc\u89c8\u7684\u966a\u4f34\u4e0b\u53c2\u89c2\u57ce\u5821\u3001\u5e38\u8bbe\u5c55\u89c8\u548c\u7279\u5c55\u3002\",\"breadcrumb\":{\"@id\":\"https:\\\/\\\/www.chateau-montsoreau.com\\\/wordpress\\\/zh\\\/%e5%9b%a2%e4%bd%93%e5%8f%82%e8%a7%82\\\/#breadcrumb\"},\"inLanguage\":\"fr-FR\",\"potentialAction\":[{\"@type\":\"ReadAction\",\"target\":[\"https:\\\/\\\/www.chateau-montsoreau.com\\\/wordpress\\\/zh\\\/%e5%9b%a2%e4%bd%93%e5%8f%82%e8%a7%82\\\/\"]}]},{\"@type\":\"BreadcrumbList\",\"@id\":\"https:\\\/\\\/www.chateau-montsoreau.com\\\/wordpress\\\/zh\\\/%e5%9b%a2%e4%bd%93%e5%8f%82%e8%a7%82\\\/#breadcrumb\",\"itemListElement\":[{\"@type\":\"ListItem\",\"position\":1,\"name\":\"Accueil\",\"item\":\"https:\\\/\\\/www.chateau-montsoreau.com\\\/wordpress\\\/fr\\\/\"},{\"@type\":\"ListItem\",\"position\":2,\"name\":\"\u56e2\u4f53\u53c2\u89c2\"}]},{\"@type\":\"WebSite\",\"@id\":\"https:\\\/\\\/www.chateau-montsoreau.com\\\/wordpress\\\/#website\",\"url\":\"https:\\\/\\\/www.chateau-montsoreau.com\\\/wordpress\\\/\",\"name\":\"Ch\u00e2teau de Montsoreau-Mus\u00e9e d&#039;Art Contemporain\",\"description\":\"Ch\u00e2teaux de la Loire Art Contemporain Art Conceptuel\",\"publisher\":{\"@id\":\"https:\\\/\\\/www.chateau-montsoreau.com\\\/wordpress\\\/#organization\"},\"potentialAction\":[{\"@type\":\"SearchAction\",\"target\":{\"@type\":\"EntryPoint\",\"urlTemplate\":\"https:\\\/\\\/www.chateau-montsoreau.com\\\/wordpress\\\/?s={search_term_string}\"},\"query-input\":{\"@type\":\"PropertyValueSpecification\",\"valueRequired\":true,\"valueName\":\"search_term_string\"}}],\"inLanguage\":\"fr-FR\"},{\"@type\":\"Organization\",\"@id\":\"https:\\\/\\\/www.chateau-montsoreau.com\\\/wordpress\\\/#organization\",\"name\":\"Ch\u00e2teau de Montsoreau - Mus\u00e9e d'art contemporain\",\"url\":\"https:\\\/\\\/www.chateau-montsoreau.com\\\/wordpress\\\/\",\"logo\":{\"@type\":\"ImageObject\",\"inLanguage\":\"fr-FR\",\"@id\":\"https:\\\/\\\/www.chateau-montsoreau.com\\\/wordpress\\\/#\\\/schema\\\/logo\\\/image\\\/\",\"url\":\"https:\\\/\\\/www.chateau-montsoreau.com\\\/wordpress\\\/wp-content\\\/uploads\\\/2016\\\/03\\\/Logo-Montsoreau-tout-petit-1.png\",\"contentUrl\":\"https:\\\/\\\/www.chateau-montsoreau.com\\\/wordpress\\\/wp-content\\\/uploads\\\/2016\\\/03\\\/Logo-Montsoreau-tout-petit-1.png\",\"width\":133,\"height\":133,\"caption\":\"Ch\u00e2teau de Montsoreau - Mus\u00e9e d'art contemporain\"},\"image\":{\"@id\":\"https:\\\/\\\/www.chateau-montsoreau.com\\\/wordpress\\\/#\\\/schema\\\/logo\\\/image\\\/\"},\"sameAs\":[\"https:\\\/\\\/www.facebook.com\\\/chateaudemontsoreau\\\/\",\"https:\\\/\\\/x.com\\\/Cmontsoreau\",\"https:\\\/\\\/www.instagram.com\\\/chateaudemontsoreau\\\/\",\"http:\\\/\\\/www.pinterest.com\\\/Cmontsoreau\"]}]}<\/script>\n<!-- \/ Yoast SEO plugin. -->","yoast_head_json":{"title":"\u56e2\u4f53\u53c2\u89c2 | Ch\u00e2teau de Montsoreau-Mus\u00e9e d&#039;Art Contemporain","description":"\u6210\u4eba\u56e2\u4f53 : \u81ea\u7531\u53c2\u89c2\uff1a\u81ea\u7531\u81ea\u4e3b\u5730\u53c2\u89c2\u57ce\u5821\u53ca\u5176\u5f53\u4ee3\u827a\u672f\u6536\u85cf\u3002\u5bfc\u89c8\u53c2\u89c2\uff08\u4ec5\u5728\u9884\u7ea6\u7684\u60c5\u51b5\u4e0b\u5f00\u653e\uff09\uff1a\u5728\u4e00\u4f4d\u4e13\u4e1a\u5bfc\u89c8\u7684\u966a\u4f34\u4e0b\u53c2\u89c2\u57ce\u5821\u3001\u5e38\u8bbe\u5c55\u89c8\u548c\u7279\u5c55\u3002","robots":{"index":"index","follow":"follow","max-snippet":"max-snippet:-1","max-image-preview":"max-image-preview:large","max-video-preview":"max-video-preview:-1"},"canonical":"https:\/\/www.chateau-montsoreau.com\/wordpress\/zh\/\u56e2\u4f53\u53c2\u89c2\/","og_locale":"fr_FR","og_type":"article","og_title":"\u56e2\u4f53\u53c2\u89c2 | Ch\u00e2teau de Montsoreau-Mus\u00e9e d&#039;Art Contemporain","og_description":"\u6210\u4eba\u56e2\u4f53 : \u81ea\u7531\u53c2\u89c2\uff1a\u81ea\u7531\u81ea\u4e3b\u5730\u53c2\u89c2\u57ce\u5821\u53ca\u5176\u5f53\u4ee3\u827a\u672f\u6536\u85cf\u3002\u5bfc\u89c8\u53c2\u89c2\uff08\u4ec5\u5728\u9884\u7ea6\u7684\u60c5\u51b5\u4e0b\u5f00\u653e\uff09\uff1a\u5728\u4e00\u4f4d\u4e13\u4e1a\u5bfc\u89c8\u7684\u966a\u4f34\u4e0b\u53c2\u89c2\u57ce\u5821\u3001\u5e38\u8bbe\u5c55\u89c8\u548c\u7279\u5c55\u3002","og_url":"https:\/\/www.chateau-montsoreau.com\/wordpress\/zh\/\u56e2\u4f53\u53c2\u89c2\/","og_site_name":"Ch\u00e2teau de Montsoreau-Mus\u00e9e d&#039;Art Contemporain","article_publisher":"https:\/\/www.facebook.com\/chateaudemontsoreau\/","article_modified_time":"2020-02-19T13:31:37+00:00","twitter_card":"summary_large_image","twitter_site":"@Cmontsoreau","schema":{"@context":"https:\/\/schema.org","@graph":[{"@type":"WebPage","@id":"https:\/\/www.chateau-montsoreau.com\/wordpress\/zh\/%e5%9b%a2%e4%bd%93%e5%8f%82%e8%a7%82\/","url":"https:\/\/www.chateau-montsoreau.com\/wordpress\/zh\/%e5%9b%a2%e4%bd%93%e5%8f%82%e8%a7%82\/","name":"\u56e2\u4f53\u53c2\u89c2 | Ch\u00e2teau de Montsoreau-Mus\u00e9e d&#039;Art Contemporain","isPartOf":{"@id":"https:\/\/www.chateau-montsoreau.com\/wordpress\/#website"},"datePublished":"2019-09-20T13:41:51+00:00","dateModified":"2020-02-19T13:31:37+00:00","description":"\u6210\u4eba\u56e2\u4f53 : \u81ea\u7531\u53c2\u89c2\uff1a\u81ea\u7531\u81ea\u4e3b\u5730\u53c2\u89c2\u57ce\u5821\u53ca\u5176\u5f53\u4ee3\u827a\u672f\u6536\u85cf\u3002\u5bfc\u89c8\u53c2\u89c2\uff08\u4ec5\u5728\u9884\u7ea6\u7684\u60c5\u51b5\u4e0b\u5f00\u653e\uff09\uff1a\u5728\u4e00\u4f4d\u4e13\u4e1a\u5bfc\u89c8\u7684\u966a\u4f34\u4e0b\u53c2\u89c2\u57ce\u5821\u3001\u5e38\u8bbe\u5c55\u89c8\u548c\u7279\u5c55\u3002","breadcrumb":{"@id":"https:\/\/www.chateau-montsoreau.com\/wordpress\/zh\/%e5%9b%a2%e4%bd%93%e5%8f%82%e8%a7%82\/#breadcrumb"},"inLanguage":"fr-FR","potentialAction":[{"@type":"ReadAction","target":["https:\/\/www.chateau-montsoreau.com\/wordpress\/zh\/%e5%9b%a2%e4%bd%93%e5%8f%82%e8%a7%82\/"]}]},{"@type":"BreadcrumbList","@id":"https:\/\/www.chateau-montsoreau.com\/wordpress\/zh\/%e5%9b%a2%e4%bd%93%e5%8f%82%e8%a7%82\/#breadcrumb","itemListElement":[{"@type":"ListItem","position":1,"name":"Accueil","item":"https:\/\/www.chateau-montsoreau.com\/wordpress\/fr\/"},{"@type":"ListItem","position":2,"name":"\u56e2\u4f53\u53c2\u89c2"}]},{"@type":"WebSite","@id":"https:\/\/www.chateau-montsoreau.com\/wordpress\/#website","url":"https:\/\/www.chateau-montsoreau.com\/wordpress\/","name":"Ch\u00e2teau de Montsoreau-Mus\u00e9e d&#039;Art Contemporain","description":"Ch\u00e2teaux de la Loire Art Contemporain Art Conceptuel","publisher":{"@id":"https:\/\/www.chateau-montsoreau.com\/wordpress\/#organization"},"potentialAction":[{"@type":"SearchAction","target":{"@type":"EntryPoint","urlTemplate":"https:\/\/www.chateau-montsoreau.com\/wordpress\/?s={search_term_string}"},"query-input":{"@type":"PropertyValueSpecification","valueRequired":true,"valueName":"search_term_string"}}],"inLanguage":"fr-FR"},{"@type":"Organization","@id":"https:\/\/www.chateau-montsoreau.com\/wordpress\/#organization","name":"Ch\u00e2teau de Montsoreau - Mus\u00e9e d'art contemporain","url":"https:\/\/www.chateau-montsoreau.com\/wordpress\/","logo":{"@type":"ImageObject","inLanguage":"fr-FR","@id":"https:\/\/www.chateau-montsoreau.com\/wordpress\/#\/schema\/logo\/image\/","url":"https:\/\/www.chateau-montsoreau.com\/wordpress\/wp-content\/uploads\/2016\/03\/Logo-Montsoreau-tout-petit-1.png","contentUrl":"https:\/\/www.chateau-montsoreau.com\/wordpress\/wp-content\/uploads\/2016\/03\/Logo-Montsoreau-tout-petit-1.png","width":133,"height":133,"caption":"Ch\u00e2teau de Montsoreau - Mus\u00e9e d'art contemporain"},"image":{"@id":"https:\/\/www.chateau-montsoreau.com\/wordpress\/#\/schema\/logo\/image\/"},"sameAs":["https:\/\/www.facebook.com\/chateaudemontsoreau\/","https:\/\/x.com\/Cmontsoreau","https:\/\/www.instagram.com\/chateaudemontsoreau\/","http:\/\/www.pinterest.com\/Cmontsoreau"]}]}},"_links":{"self":[{"href":"https:\/\/www.chateau-montsoreau.com\/wordpress\/wp-json\/wp\/v2\/pages\/7076","targetHints":{"allow":["GET"]}}],"collection":[{"href":"https:\/\/www.chateau-montsoreau.com\/wordpress\/wp-json\/wp\/v2\/pages"}],"about":[{"href":"https:\/\/www.chateau-montsoreau.com\/wordpress\/wp-json\/wp\/v2\/types\/page"}],"author":[{"embeddable":true,"href":"https:\/\/www.chateau-montsoreau.com\/wordpress\/wp-json\/wp\/v2\/users\/5"}],"replies":[{"embeddable":true,"href":"https:\/\/www.chateau-montsoreau.com\/wordpress\/wp-json\/wp\/v2\/comments?post=7076"}],"version-history":[{"count":3,"href":"https:\/\/www.chateau-montsoreau.com\/wordpress\/wp-json\/wp\/v2\/pages\/7076\/revisions"}],"predecessor-version":[{"id":7108,"href":"https:\/\/www.chateau-montsoreau.com\/wordpress\/wp-json\/wp\/v2\/pages\/7076\/revisions\/7108"}],"wp:attachment":[{"href":"https:\/\/www.chateau-montsoreau.com\/wordpress\/wp-json\/wp\/v2\/media?parent=7076"}],"curies":[{"name":"wp","href":"https:\/\/api.w.org\/{rel}","templated":true}]}}