{"id":7079,"date":"2019-09-20T14:53:54","date_gmt":"2019-09-20T13:53:54","guid":{"rendered":"http:\/\/www.chateau-montsoreau.com\/wordpress\/?page_id=7079"},"modified":"2020-02-19T14:36:23","modified_gmt":"2020-02-19T13:36:23","slug":"%e6%88%90%e4%ba%ba%e5%9b%a2%e4%bd%93","status":"publish","type":"page","link":"https:\/\/www.chateau-montsoreau.com\/wordpress\/zh\/%e5%9b%a2%e4%bd%93%e5%8f%82%e8%a7%82\/%e6%88%90%e4%ba%ba%e5%9b%a2%e4%bd%93\/","title":{"rendered":"\u6210\u4eba\u56e2\u4f53"},"content":{"rendered":"<div  class=\"ut-alert grey  \"><div  class=\"ut-one-half  \">\n<p><h6 class=\"ut-title-divider \" ><span><\/p>\n<h2>\u53c2\u89c2<\/h2>\n<p><\/span><\/h6><\/p>\n<ul>\n<li style=\"text-align: justify;\">\u81ea\u7531\u53c2\u89c2\uff1a\u81ea\u7531\u81ea\u4e3b\u5730\u53c2\u89c2\u57ce\u5821\u53ca\u5176\u5f53\u4ee3\u827a\u672f\u6536\u85cf\u3002<\/li>\n<li style=\"text-align: justify;\">\u5bfc\u89c8\u53c2\u89c2\uff08\u4ec5\u5728\u9884\u7ea6\u7684\u60c5\u51b5\u4e0b\u5f00\u653e\uff09\uff1a\u5728\u4e00\u4f4d\u4e13\u4e1a\u5bfc\u89c8\u7684\u966a\u4f34\u4e0b\u53c2\u89c2\u57ce\u5821\u3001\u5e38\u8bbe\u5c55\u89c8\u548c\u7279\u5c55\u3002<\/li>\n<\/ul>\n<p style=\"text-align: justify;\"><img loading=\"lazy\" decoding=\"async\" class=\"aligncenter wp-image-5205 size-full\" src=\"http:\/\/www.chateau-montsoreau.com\/wordpress\/wp-content\/uploads\/2016\/03\/visite-guid\u00e9e-2-modifi\u00e9.jpg\" alt=\"\" width=\"3991\" height=\"1981\" srcset=\"https:\/\/www.chateau-montsoreau.com\/wordpress\/wp-content\/uploads\/2016\/03\/visite-guid\u00e9e-2-modifi\u00e9.jpg 3991w, https:\/\/www.chateau-montsoreau.com\/wordpress\/wp-content\/uploads\/2016\/03\/visite-guid\u00e9e-2-modifi\u00e9-600x298.jpg 600w, https:\/\/www.chateau-montsoreau.com\/wordpress\/wp-content\/uploads\/2016\/03\/visite-guid\u00e9e-2-modifi\u00e9-300x149.jpg 300w, https:\/\/www.chateau-montsoreau.com\/wordpress\/wp-content\/uploads\/2016\/03\/visite-guid\u00e9e-2-modifi\u00e9-768x381.jpg 768w, https:\/\/www.chateau-montsoreau.com\/wordpress\/wp-content\/uploads\/2016\/03\/visite-guid\u00e9e-2-modifi\u00e9-1024x508.jpg 1024w\" sizes=\"auto, (max-width: 3991px) 100vw, 3991px\" \/><\/p>\n<p><img loading=\"lazy\" decoding=\"async\" class=\"alignnone size-full wp-image-6265\" src=\"http:\/\/www.chateau-montsoreau.com\/wordpress\/wp-content\/uploads\/2019\/01\/Package-GROUPE-croisi\u00e8re-ch\u00e2teau-Montsoreau-2019-page-001.jpg\" alt=\"\" width=\"875\" height=\"1240\" srcset=\"https:\/\/www.chateau-montsoreau.com\/wordpress\/wp-content\/uploads\/2019\/01\/Package-GROUPE-croisi\u00e8re-ch\u00e2teau-Montsoreau-2019-page-001.jpg 875w, https:\/\/www.chateau-montsoreau.com\/wordpress\/wp-content\/uploads\/2019\/01\/Package-GROUPE-croisi\u00e8re-ch\u00e2teau-Montsoreau-2019-page-001-600x850.jpg 600w, https:\/\/www.chateau-montsoreau.com\/wordpress\/wp-content\/uploads\/2019\/01\/Package-GROUPE-croisi\u00e8re-ch\u00e2teau-Montsoreau-2019-page-001-212x300.jpg 212w, https:\/\/www.chateau-montsoreau.com\/wordpress\/wp-content\/uploads\/2019\/01\/Package-GROUPE-croisi\u00e8re-ch\u00e2teau-Montsoreau-2019-page-001-768x1088.jpg 768w, https:\/\/www.chateau-montsoreau.com\/wordpress\/wp-content\/uploads\/2019\/01\/Package-GROUPE-croisi\u00e8re-ch\u00e2teau-Montsoreau-2019-page-001-723x1024.jpg 723w\" sizes=\"auto, (max-width: 875px) 100vw, 875px\" \/><\/p>\n<\/div>\n<div  class=\"ut-one-half ut-column-last  \">\n<p><h6 class=\"ut-title-divider \" ><span><\/p>\n<h2>\u9910\u5385<\/h2>\n<h2>Jean 2\u9910\u5385 <\/span><\/h6><\/h2>\n<p>Jean 2\u5168\u5e74\u63a5\u53d7\u56e2\u4f53\u9884\u7ea6\uff0c\u5348\u9910\u548c\u665a\u9910\u65f6\u6bb5\u53ef\u4ee5\u5305\u573a\u3002<\/p>\n<p><strong>\u5168\u666f\u5929\u53f0<\/strong><\/p>\n<p><strong>\u5bb9\u7eb3\u4eba\u6570\uff1a50\u4eba<\/strong><\/p>\n<p>\u5c3d\u4eab\u5362\u74e6\u5c14\u6cb3\u7f8e\u666f<\/p>\n<p><strong>\u62f1\u9876\u5927\u5385<\/strong><\/p>\n<p><strong>\u5bb9\u7eb3\u4eba\u6570\uff1a35\u4eba<\/strong><\/p>\n<p>Jean 2\u4f4d\u4e8e\u6614\u65e5\u8499\u7d22\u7f57\u57ce\u5821\u7684\u70f9\u996a\u95f4\u91cc\uff0c\u6709\u7a79\u9876\u88c5\u9970\uff0c\u6e29\u6696\u3001\u79c1\u5bc6\u3001\u8f7b\u677e\uff0c\u5728\u89d2\u843d\u91cc\u6709\u7740\u4e00\u4e2a\u5c0f\u56fe\u4e66\u9986\u548c\u4e00\u67b6\u94a2\u7434\uff0c\u9910\u5385\u5899\u4e0a\u88c5\u9970\u7740\u827a\u672f\u4e0e\u8bed\u8a00\u56e2\u4f53\u8bbe\u8ba1\u7684\u5531\u7247\u5c01\u9762\u3002<\/p>\n<p><strong>\u56e2\u4f53\u5957\u9910<\/strong><\/p>\n<p><strong>15\u20ac \u5957\u9910<\/strong><\/p>\n<p>\u8499\u7d22\u7f57\u6c64<\/p>\n<p>\u5976\u916a\u548c\u8089\u98df\u62fc\u76d8<\/p>\n<p>\u81ea\u5236\u751c\u70b9<\/p>\n<p><strong>25\u20ac \u5957\u9910<\/strong><\/p>\n<p>L\u00e9a Linster\u4e3b\u53a8\u6c64<\/p>\n<p>\u8089\u98df\u62fc\u76d8<\/p>\n<p>Haut Cru\u00e9\u4ea7\u5c71\u7f8a\u5976\u916a<\/p>\n<p>Bernard\u81ea\u5236\u674f\u5b50\u8089\u9171<\/p>\n<p><img loading=\"lazy\" decoding=\"async\" class=\"aligncenter wp-image-5944 size-full\" src=\"http:\/\/www.chateau-montsoreau.com\/wordpress\/wp-content\/uploads\/2016\/03\/d\u00e9jeuner-groupes.jpg\" alt=\"\" width=\"4096\" height=\"2304\"><\/p>\n<p><strong>\u6e38\u8239+\u5348\u9910\uff08\u56db\u6708\u81f3\u5341\u6708\u95f4\u5f00\u653e\uff09<\/strong><\/p>\n<p><strong>\u81f3\u5c1120\u4eba<\/strong><\/p>\n<ul>\n<li>\u7d22\u7c73\u5c14\u51fa\u53d1\uff08quai Lucien Gauthier\uff09<\/li>\n<li>\u6e38\u89c8\u8def\u7ebf\u5168\u7a0b\u8bb2\u89e3\uff08\u822a\u884c\u65f6\u95f41\u5c0f\u65f630\u5206\uff09<\/li>\n<li>\u5728Jean II\u9910\u5385\u7528\u5348\u9910<\/li>\n<li>\u8499\u7d22\u7f57\u57ce\u5821-\u5f53\u4ee3\u827a\u672f\u535a\u7269\u9986\u5bfc\u89c8\u53c2\u89c2<\/li>\n<li>\u8fd4\u56de\u7d22\u7c73\u5c14<\/li>\n<\/ul>\n<\/div><div class=\"clear\"><\/div>\n<p><h6 class=\"ut-title-divider \" ><span><\/p>\n<h2>\u56e2\u4f53\u4ef7\u683c<\/h2>\n<p><\/span><\/h6><\/p>\n<p><div class=\"ut-pt-wrap ut-pt-wrap-style-1\"><div class=\"grid-25 tablet-grid-50 mobile-grid-100\"><div class=\"ut-pricing-table\"><header class=\"ut-pt-header ut-level-one\"><h2 class=\"ut-pt-title\">\u56e2\u4f53\u4ef7\u683c<\/h2><span class=\"ut-pt-title-slogan\">\u81ea\u7531\u53c2\u89c2\u6216\u5bfc\u89c8\u53c2\u89c2\uff0818\u5c81\u4ee5\u4e0a\uff09 <\/span><\/header><footer class=\"ut-pt-pricing\"><span class=\"ut-pt-price\"><sup>\u20ac<\/sup>8.40<\/span><\/footer><\/div><\/div><div class=\"grid-25 tablet-grid-50 mobile-grid-100\"><div class=\"ut-pricing-table\"><header class=\"ut-pt-header ut-level-one\"><h2 class=\"ut-pt-title\">\u81ea\u7531\u53c2\u89c2\u6216\u5bfc\u89c8\u53c2\u89c2<\/h2><span class=\"ut-pt-title-slogan\">\uff085-18\u5c81\uff09<\/span><\/header><footer class=\"ut-pt-pricing\"><span class=\"ut-pt-price\"><sup>\u20ac<\/sup>6.10<\/span><\/footer><\/div><\/div><div class=\"grid-25 tablet-grid-50 mobile-grid-100\"><div class=\"ut-pricing-table\"><header class=\"ut-pt-header ut-level-one\"><h2 class=\"ut-pt-title\">\u53c2\u89c2+\u6559\u5b66\u624b\u518c<\/h2><span class=\"ut-pt-title-slogan\">\u6bcf\u4f4d\u5b66\u751f<\/span><\/header><footer class=\"ut-pt-pricing\"><span class=\"ut-pt-price\"><sup>\u20ac<\/sup>6.10<\/span><\/footer><\/div><\/div><div class=\"grid-25 tablet-grid-50 mobile-grid-100\"><div class=\"ut-pricing-table\"><header class=\"ut-pt-header ut-level-one\"><h2 class=\"ut-pt-title\">\u5de5\u4f5c\u574a<\/h2><span class=\"ut-pt-title-slogan\">\u6bcf\u4f4d\u5b66\u751f <\/span><\/header><footer class=\"ut-pt-pricing\"><span class=\"ut-pt-price\"><sup>\u20ac<\/sup>8,00<\/span><\/footer><\/div><\/div><div class=\"clear\"><\/div><\/div><\/p>\n<div  class=\"ut-alert grey  \"><\/div>\n<h6 class=\"ut-title-divider \" ><span><\/p>\n<h2>\u7533\u62a5\u6a21\u677f<\/h2>\n<p><\/span><\/h6><\/p>\n<p><p class=\"wpcf7-contact-form-not-found\"><strong>Erreur\u00a0:<\/strong> Formulaire de contact non trouv\u00e9\u00a0!<\/p><br \/>\n<\/div>\n","protected":false},"excerpt":{"rendered":"","protected":false},"author":5,"featured_media":0,"parent":7076,"menu_order":2,"comment_status":"closed","ping_status":"closed","template":"","meta":{"footnotes":""},"class_list":["post-7079","page","type-page","status-publish","hentry"],"yoast_head":"<!-- This site is optimized with the Yoast SEO plugin v27.3 - https:\/\/yoast.com\/product\/yoast-seo-wordpress\/ -->\n<title>\u6210\u4eba\u56e2\u4f53<\/title>\n<meta name=\"description\" content=\"\u81ea\u7531\u53c2\u89c2\uff1a\u81ea\u7531\u81ea\u4e3b\u5730\u53c2\u89c2\u57ce\u5821\u53ca\u5176\u5f53\u4ee3\u827a\u672f\u6536\u85cf\u3002\u5bfc\u89c8\u53c2\u89c2\uff08\u4ec5\u5728\u9884\u7ea6\u7684\u60c5\u51b5\u4e0b\u5f00\u653e\uff09\uff1a\u5728\u4e00\u4f4d\u4e13\u4e1a\u5bfc\u89c8\u7684\u966a\u4f34\u4e0b\u53c2\u89c2\u57ce\u5821\u3001\u5e38\u8bbe\u5c55\u89c8\u548c\u7279\u5c55\u3002\" \/>\n<meta name=\"robots\" content=\"index, follow, max-snippet:-1, max-image-preview:large, max-video-preview:-1\" \/>\n<link rel=\"canonical\" href=\"https:\/\/www.chateau-montsoreau.com\/wordpress\/zh\/\u56e2\u4f53\u53c2\u89c2\/\u6210\u4eba\u56e2\u4f53\/\" \/>\n<meta property=\"og:locale\" content=\"fr_FR\" \/>\n<meta property=\"og:type\" content=\"article\" \/>\n<meta property=\"og:title\" content=\"\u6210\u4eba\u56e2\u4f53\" \/>\n<meta property=\"og:description\" content=\"\u81ea\u7531\u53c2\u89c2\uff1a\u81ea\u7531\u81ea\u4e3b\u5730\u53c2\u89c2\u57ce\u5821\u53ca\u5176\u5f53\u4ee3\u827a\u672f\u6536\u85cf\u3002\u5bfc\u89c8\u53c2\u89c2\uff08\u4ec5\u5728\u9884\u7ea6\u7684\u60c5\u51b5\u4e0b\u5f00\u653e\uff09\uff1a\u5728\u4e00\u4f4d\u4e13\u4e1a\u5bfc\u89c8\u7684\u966a\u4f34\u4e0b\u53c2\u89c2\u57ce\u5821\u3001\u5e38\u8bbe\u5c55\u89c8\u548c\u7279\u5c55\u3002\" \/>\n<meta property=\"og:url\" content=\"https:\/\/www.chateau-montsoreau.com\/wordpress\/zh\/\u56e2\u4f53\u53c2\u89c2\/\u6210\u4eba\u56e2\u4f53\/\" \/>\n<meta property=\"og:site_name\" content=\"Ch\u00e2teau de Montsoreau-Mus\u00e9e d&#039;Art Contemporain\" \/>\n<meta property=\"article:publisher\" content=\"https:\/\/www.facebook.com\/chateaudemontsoreau\/\" \/>\n<meta property=\"article:modified_time\" content=\"2020-02-19T13:36:23+00:00\" \/>\n<meta property=\"og:image\" content=\"http:\/\/www.chateau-montsoreau.com\/wordpress\/wp-content\/uploads\/2016\/03\/visite-guid\u00e9e-2-modifi\u00e9.jpg\" \/>\n<meta name=\"twitter:card\" content=\"summary_large_image\" \/>\n<meta name=\"twitter:site\" content=\"@Cmontsoreau\" \/>\n<script type=\"application\/ld+json\" class=\"yoast-schema-graph\">{\"@context\":\"https:\\\/\\\/schema.org\",\"@graph\":[{\"@type\":\"WebPage\",\"@id\":\"https:\\\/\\\/www.chateau-montsoreau.com\\\/wordpress\\\/zh\\\/%e5%9b%a2%e4%bd%93%e5%8f%82%e8%a7%82\\\/%e6%88%90%e4%ba%ba%e5%9b%a2%e4%bd%93\\\/\",\"url\":\"https:\\\/\\\/www.chateau-montsoreau.com\\\/wordpress\\\/zh\\\/%e5%9b%a2%e4%bd%93%e5%8f%82%e8%a7%82\\\/%e6%88%90%e4%ba%ba%e5%9b%a2%e4%bd%93\\\/\",\"name\":\"\u6210\u4eba\u56e2\u4f53\",\"isPartOf\":{\"@id\":\"https:\\\/\\\/www.chateau-montsoreau.com\\\/wordpress\\\/#website\"},\"datePublished\":\"2019-09-20T13:53:54+00:00\",\"dateModified\":\"2020-02-19T13:36:23+00:00\",\"description\":\"\u81ea\u7531\u53c2\u89c2\uff1a\u81ea\u7531\u81ea\u4e3b\u5730\u53c2\u89c2\u57ce\u5821\u53ca\u5176\u5f53\u4ee3\u827a\u672f\u6536\u85cf\u3002\u5bfc\u89c8\u53c2\u89c2\uff08\u4ec5\u5728\u9884\u7ea6\u7684\u60c5\u51b5\u4e0b\u5f00\u653e\uff09\uff1a\u5728\u4e00\u4f4d\u4e13\u4e1a\u5bfc\u89c8\u7684\u966a\u4f34\u4e0b\u53c2\u89c2\u57ce\u5821\u3001\u5e38\u8bbe\u5c55\u89c8\u548c\u7279\u5c55\u3002\",\"breadcrumb\":{\"@id\":\"https:\\\/\\\/www.chateau-montsoreau.com\\\/wordpress\\\/zh\\\/%e5%9b%a2%e4%bd%93%e5%8f%82%e8%a7%82\\\/%e6%88%90%e4%ba%ba%e5%9b%a2%e4%bd%93\\\/#breadcrumb\"},\"inLanguage\":\"fr-FR\",\"potentialAction\":[{\"@type\":\"ReadAction\",\"target\":[\"https:\\\/\\\/www.chateau-montsoreau.com\\\/wordpress\\\/zh\\\/%e5%9b%a2%e4%bd%93%e5%8f%82%e8%a7%82\\\/%e6%88%90%e4%ba%ba%e5%9b%a2%e4%bd%93\\\/\"]}]},{\"@type\":\"BreadcrumbList\",\"@id\":\"https:\\\/\\\/www.chateau-montsoreau.com\\\/wordpress\\\/zh\\\/%e5%9b%a2%e4%bd%93%e5%8f%82%e8%a7%82\\\/%e6%88%90%e4%ba%ba%e5%9b%a2%e4%bd%93\\\/#breadcrumb\",\"itemListElement\":[{\"@type\":\"ListItem\",\"position\":1,\"name\":\"Accueil\",\"item\":\"https:\\\/\\\/www.chateau-montsoreau.com\\\/wordpress\\\/fr\\\/\"},{\"@type\":\"ListItem\",\"position\":2,\"name\":\"\u56e2\u4f53\u53c2\u89c2\",\"item\":\"https:\\\/\\\/www.chateau-montsoreau.com\\\/wordpress\\\/zh\\\/%e5%9b%a2%e4%bd%93%e5%8f%82%e8%a7%82\\\/\"},{\"@type\":\"ListItem\",\"position\":3,\"name\":\"\u6210\u4eba\u56e2\u4f53\"}]},{\"@type\":\"WebSite\",\"@id\":\"https:\\\/\\\/www.chateau-montsoreau.com\\\/wordpress\\\/#website\",\"url\":\"https:\\\/\\\/www.chateau-montsoreau.com\\\/wordpress\\\/\",\"name\":\"Ch\u00e2teau de Montsoreau-Mus\u00e9e d&#039;Art Contemporain\",\"description\":\"Ch\u00e2teaux de la Loire Art Contemporain Art Conceptuel\",\"publisher\":{\"@id\":\"https:\\\/\\\/www.chateau-montsoreau.com\\\/wordpress\\\/#organization\"},\"potentialAction\":[{\"@type\":\"SearchAction\",\"target\":{\"@type\":\"EntryPoint\",\"urlTemplate\":\"https:\\\/\\\/www.chateau-montsoreau.com\\\/wordpress\\\/?s={search_term_string}\"},\"query-input\":{\"@type\":\"PropertyValueSpecification\",\"valueRequired\":true,\"valueName\":\"search_term_string\"}}],\"inLanguage\":\"fr-FR\"},{\"@type\":\"Organization\",\"@id\":\"https:\\\/\\\/www.chateau-montsoreau.com\\\/wordpress\\\/#organization\",\"name\":\"Ch\u00e2teau de Montsoreau - Mus\u00e9e d'art contemporain\",\"url\":\"https:\\\/\\\/www.chateau-montsoreau.com\\\/wordpress\\\/\",\"logo\":{\"@type\":\"ImageObject\",\"inLanguage\":\"fr-FR\",\"@id\":\"https:\\\/\\\/www.chateau-montsoreau.com\\\/wordpress\\\/#\\\/schema\\\/logo\\\/image\\\/\",\"url\":\"https:\\\/\\\/www.chateau-montsoreau.com\\\/wordpress\\\/wp-content\\\/uploads\\\/2016\\\/03\\\/Logo-Montsoreau-tout-petit-1.png\",\"contentUrl\":\"https:\\\/\\\/www.chateau-montsoreau.com\\\/wordpress\\\/wp-content\\\/uploads\\\/2016\\\/03\\\/Logo-Montsoreau-tout-petit-1.png\",\"width\":133,\"height\":133,\"caption\":\"Ch\u00e2teau de Montsoreau - Mus\u00e9e d'art contemporain\"},\"image\":{\"@id\":\"https:\\\/\\\/www.chateau-montsoreau.com\\\/wordpress\\\/#\\\/schema\\\/logo\\\/image\\\/\"},\"sameAs\":[\"https:\\\/\\\/www.facebook.com\\\/chateaudemontsoreau\\\/\",\"https:\\\/\\\/x.com\\\/Cmontsoreau\",\"https:\\\/\\\/www.instagram.com\\\/chateaudemontsoreau\\\/\",\"http:\\\/\\\/www.pinterest.com\\\/Cmontsoreau\"]}]}<\/script>\n<!-- \/ Yoast SEO plugin. -->","yoast_head_json":{"title":"\u6210\u4eba\u56e2\u4f53","description":"\u81ea\u7531\u53c2\u89c2\uff1a\u81ea\u7531\u81ea\u4e3b\u5730\u53c2\u89c2\u57ce\u5821\u53ca\u5176\u5f53\u4ee3\u827a\u672f\u6536\u85cf\u3002\u5bfc\u89c8\u53c2\u89c2\uff08\u4ec5\u5728\u9884\u7ea6\u7684\u60c5\u51b5\u4e0b\u5f00\u653e\uff09\uff1a\u5728\u4e00\u4f4d\u4e13\u4e1a\u5bfc\u89c8\u7684\u966a\u4f34\u4e0b\u53c2\u89c2\u57ce\u5821\u3001\u5e38\u8bbe\u5c55\u89c8\u548c\u7279\u5c55\u3002","robots":{"index":"index","follow":"follow","max-snippet":"max-snippet:-1","max-image-preview":"max-image-preview:large","max-video-preview":"max-video-preview:-1"},"canonical":"https:\/\/www.chateau-montsoreau.com\/wordpress\/zh\/\u56e2\u4f53\u53c2\u89c2\/\u6210\u4eba\u56e2\u4f53\/","og_locale":"fr_FR","og_type":"article","og_title":"\u6210\u4eba\u56e2\u4f53","og_description":"\u81ea\u7531\u53c2\u89c2\uff1a\u81ea\u7531\u81ea\u4e3b\u5730\u53c2\u89c2\u57ce\u5821\u53ca\u5176\u5f53\u4ee3\u827a\u672f\u6536\u85cf\u3002\u5bfc\u89c8\u53c2\u89c2\uff08\u4ec5\u5728\u9884\u7ea6\u7684\u60c5\u51b5\u4e0b\u5f00\u653e\uff09\uff1a\u5728\u4e00\u4f4d\u4e13\u4e1a\u5bfc\u89c8\u7684\u966a\u4f34\u4e0b\u53c2\u89c2\u57ce\u5821\u3001\u5e38\u8bbe\u5c55\u89c8\u548c\u7279\u5c55\u3002","og_url":"https:\/\/www.chateau-montsoreau.com\/wordpress\/zh\/\u56e2\u4f53\u53c2\u89c2\/\u6210\u4eba\u56e2\u4f53\/","og_site_name":"Ch\u00e2teau de Montsoreau-Mus\u00e9e d&#039;Art Contemporain","article_publisher":"https:\/\/www.facebook.com\/chateaudemontsoreau\/","article_modified_time":"2020-02-19T13:36:23+00:00","og_image":[{"url":"http:\/\/www.chateau-montsoreau.com\/wordpress\/wp-content\/uploads\/2016\/03\/visite-guid\u00e9e-2-modifi\u00e9.jpg","type":"","width":"","height":""}],"twitter_card":"summary_large_image","twitter_site":"@Cmontsoreau","schema":{"@context":"https:\/\/schema.org","@graph":[{"@type":"WebPage","@id":"https:\/\/www.chateau-montsoreau.com\/wordpress\/zh\/%e5%9b%a2%e4%bd%93%e5%8f%82%e8%a7%82\/%e6%88%90%e4%ba%ba%e5%9b%a2%e4%bd%93\/","url":"https:\/\/www.chateau-montsoreau.com\/wordpress\/zh\/%e5%9b%a2%e4%bd%93%e5%8f%82%e8%a7%82\/%e6%88%90%e4%ba%ba%e5%9b%a2%e4%bd%93\/","name":"\u6210\u4eba\u56e2\u4f53","isPartOf":{"@id":"https:\/\/www.chateau-montsoreau.com\/wordpress\/#website"},"datePublished":"2019-09-20T13:53:54+00:00","dateModified":"2020-02-19T13:36:23+00:00","description":"\u81ea\u7531\u53c2\u89c2\uff1a\u81ea\u7531\u81ea\u4e3b\u5730\u53c2\u89c2\u57ce\u5821\u53ca\u5176\u5f53\u4ee3\u827a\u672f\u6536\u85cf\u3002\u5bfc\u89c8\u53c2\u89c2\uff08\u4ec5\u5728\u9884\u7ea6\u7684\u60c5\u51b5\u4e0b\u5f00\u653e\uff09\uff1a\u5728\u4e00\u4f4d\u4e13\u4e1a\u5bfc\u89c8\u7684\u966a\u4f34\u4e0b\u53c2\u89c2\u57ce\u5821\u3001\u5e38\u8bbe\u5c55\u89c8\u548c\u7279\u5c55\u3002","breadcrumb":{"@id":"https:\/\/www.chateau-montsoreau.com\/wordpress\/zh\/%e5%9b%a2%e4%bd%93%e5%8f%82%e8%a7%82\/%e6%88%90%e4%ba%ba%e5%9b%a2%e4%bd%93\/#breadcrumb"},"inLanguage":"fr-FR","potentialAction":[{"@type":"ReadAction","target":["https:\/\/www.chateau-montsoreau.com\/wordpress\/zh\/%e5%9b%a2%e4%bd%93%e5%8f%82%e8%a7%82\/%e6%88%90%e4%ba%ba%e5%9b%a2%e4%bd%93\/"]}]},{"@type":"BreadcrumbList","@id":"https:\/\/www.chateau-montsoreau.com\/wordpress\/zh\/%e5%9b%a2%e4%bd%93%e5%8f%82%e8%a7%82\/%e6%88%90%e4%ba%ba%e5%9b%a2%e4%bd%93\/#breadcrumb","itemListElement":[{"@type":"ListItem","position":1,"name":"Accueil","item":"https:\/\/www.chateau-montsoreau.com\/wordpress\/fr\/"},{"@type":"ListItem","position":2,"name":"\u56e2\u4f53\u53c2\u89c2","item":"https:\/\/www.chateau-montsoreau.com\/wordpress\/zh\/%e5%9b%a2%e4%bd%93%e5%8f%82%e8%a7%82\/"},{"@type":"ListItem","position":3,"name":"\u6210\u4eba\u56e2\u4f53"}]},{"@type":"WebSite","@id":"https:\/\/www.chateau-montsoreau.com\/wordpress\/#website","url":"https:\/\/www.chateau-montsoreau.com\/wordpress\/","name":"Ch\u00e2teau de Montsoreau-Mus\u00e9e d&#039;Art Contemporain","description":"Ch\u00e2teaux de la Loire Art Contemporain Art Conceptuel","publisher":{"@id":"https:\/\/www.chateau-montsoreau.com\/wordpress\/#organization"},"potentialAction":[{"@type":"SearchAction","target":{"@type":"EntryPoint","urlTemplate":"https:\/\/www.chateau-montsoreau.com\/wordpress\/?s={search_term_string}"},"query-input":{"@type":"PropertyValueSpecification","valueRequired":true,"valueName":"search_term_string"}}],"inLanguage":"fr-FR"},{"@type":"Organization","@id":"https:\/\/www.chateau-montsoreau.com\/wordpress\/#organization","name":"Ch\u00e2teau de Montsoreau - Mus\u00e9e d'art contemporain","url":"https:\/\/www.chateau-montsoreau.com\/wordpress\/","logo":{"@type":"ImageObject","inLanguage":"fr-FR","@id":"https:\/\/www.chateau-montsoreau.com\/wordpress\/#\/schema\/logo\/image\/","url":"https:\/\/www.chateau-montsoreau.com\/wordpress\/wp-content\/uploads\/2016\/03\/Logo-Montsoreau-tout-petit-1.png","contentUrl":"https:\/\/www.chateau-montsoreau.com\/wordpress\/wp-content\/uploads\/2016\/03\/Logo-Montsoreau-tout-petit-1.png","width":133,"height":133,"caption":"Ch\u00e2teau de Montsoreau - Mus\u00e9e d'art contemporain"},"image":{"@id":"https:\/\/www.chateau-montsoreau.com\/wordpress\/#\/schema\/logo\/image\/"},"sameAs":["https:\/\/www.facebook.com\/chateaudemontsoreau\/","https:\/\/x.com\/Cmontsoreau","https:\/\/www.instagram.com\/chateaudemontsoreau\/","http:\/\/www.pinterest.com\/Cmontsoreau"]}]}},"_links":{"self":[{"href":"https:\/\/www.chateau-montsoreau.com\/wordpress\/wp-json\/wp\/v2\/pages\/7079","targetHints":{"allow":["GET"]}}],"collection":[{"href":"https:\/\/www.chateau-montsoreau.com\/wordpress\/wp-json\/wp\/v2\/pages"}],"about":[{"href":"https:\/\/www.chateau-montsoreau.com\/wordpress\/wp-json\/wp\/v2\/types\/page"}],"author":[{"embeddable":true,"href":"https:\/\/www.chateau-montsoreau.com\/wordpress\/wp-json\/wp\/v2\/users\/5"}],"replies":[{"embeddable":true,"href":"https:\/\/www.chateau-montsoreau.com\/wordpress\/wp-json\/wp\/v2\/comments?post=7079"}],"version-history":[{"count":5,"href":"https:\/\/www.chateau-montsoreau.com\/wordpress\/wp-json\/wp\/v2\/pages\/7079\/revisions"}],"predecessor-version":[{"id":7974,"href":"https:\/\/www.chateau-montsoreau.com\/wordpress\/wp-json\/wp\/v2\/pages\/7079\/revisions\/7974"}],"up":[{"embeddable":true,"href":"https:\/\/www.chateau-montsoreau.com\/wordpress\/wp-json\/wp\/v2\/pages\/7076"}],"wp:attachment":[{"href":"https:\/\/www.chateau-montsoreau.com\/wordpress\/wp-json\/wp\/v2\/media?parent=7079"}],"curies":[{"name":"wp","href":"https:\/\/api.w.org\/{rel}","templated":true}]}}