{"id":7085,"date":"2019-09-20T15:08:07","date_gmt":"2019-09-20T14:08:07","guid":{"rendered":"http:\/\/www.chateau-montsoreau.com\/wordpress\/?page_id=7085"},"modified":"2020-02-19T14:34:37","modified_gmt":"2020-02-19T13:34:37","slug":"%e5%ad%a6%e7%94%9f%e5%9b%a2%e4%bd%93","status":"publish","type":"page","link":"https:\/\/www.chateau-montsoreau.com\/wordpress\/zh\/%e5%9b%a2%e4%bd%93%e5%8f%82%e8%a7%82\/%e5%ad%a6%e7%94%9f%e5%9b%a2%e4%bd%93\/","title":{"rendered":"\u5b66\u751f\u56e2\u4f53"},"content":{"rendered":"<h2 style=\"text-align: center;\"><strong>\u8499\u7d22\u7f57\u57ce\u5821-\u5f53\u4ee3\u827a\u672f\u535a\u7269\u9986\u652f\u6301\u4ece\u5c0f\u5b66\u5230\u9ad8\u4e2d\u7684\u5b66\u751f\u53c2\u89c2\uff0c\u5e76\u80fd\u591f\u63d0\u4f9b\u76f8\u5e94\u7684\u63a5\u5f85\u3002<\/strong><\/h2>\n<div  class=\"ut-alert grey  \">\n<div  class=\"ut-one-half  \"><h6 class=\"ut-title-divider \" ><span><\/p>\n<h2>\u53c2\u89c2<\/h2>\n<p><\/span><\/h6><\/p>\n<ul>\n<li>\u81ea\u7531\u53c2\u89c2\uff1a\u81ea\u7531\u81ea\u4e3b\u5730\u53c2\u89c2\u57ce\u5821\u53ca\u5176\u5f53\u4ee3\u827a\u672f\u6536\u85cf\u3002<\/li>\n<li>\u81ea\u7531\u53c2\u89c2+\u6559\u5b66\u624b\u518c\u3002<\/li>\n<li>\u5bfc\u89c8\u53c2\u89c2\uff1a\u5728\u4e00\u4f4d\u4e13\u4e1a\u5bfc\u89c8\u7684\u966a\u4f34\u4e0b\u53c2\u89c2\u57ce\u5821\u548c\u6536\u85cf\u3002<\/li>\n<\/ul>\n<p><img loading=\"lazy\" decoding=\"async\" class=\"alignnone wp-image-5327 \" title=\"Cr\u00e9dits Photographiques : Chloe Ghesquier\" src=\"http:\/\/www.chateau-montsoreau.com\/wordpress\/wp-content\/uploads\/2016\/03\/Capture-d\u2019e\u0301cran-2016-06-21-a\u0300-19.01.59-1-300x166.png\" alt=\"\" width=\"586\" height=\"325\"><\/p>\n<h6 class=\"ut-title-divider \" ><span><\/p>\n<h2>\u6559\u5b66\u624b\u518c<\/h2>\n<p><\/span><\/h6>\n<ul>\n<li><strong>\u6559\u5e08\u624b\u518c<\/strong>\u8be6\u5c3d\u53c8\u5168\u9762\u7684\u6587\u6863\u6750\u6599\u6709\u52a9\u4e8e\u6559\u5e08\u51c6\u5907\u6559\u5b66\u8bbf\u95ee\u3002<\/li>\n<\/ul>\n<ul>\n<li><strong>\u5b66\u751f\u624b\u518c<\/strong>\u4e00\u672c\u8da3\u5473\u4e0e\u6559\u5b66\u5e76\u91cd\u7684\u5b66\u751f\u624b\u518c\u6709\u52a9\u4e8e\u57f9\u517b\u5b66\u751f\u5bf9\u57ce\u5821\u548c\u5c55\u54c1\u7684\u5174\u8da3\u3002<\/li>\n<\/ul>\n<ul>\n<li><strong>\u8d44\u6599\u5361<\/strong>\u5173\u4e8e\u57ce\u5821\u5386\u53f2\u3001\u827a\u672f\u53f2\u4e0a\u7684\u91cd\u5927\u8fd0\u52a8\u548c\u827a\u672f\u4e0e\u8bed\u8a00\u56e2\u4f53\u7684\u9644\u52a0\u8d44\u6599\u5361\u3002<\/li>\n<\/ul>\n<\/div>\n<div  class=\"ut-one-half ut-column-last  \">\n<h6 class=\"ut-title-divider \" ><span><\/p>\n<h2>\u6559\u5b66\u5de5\u4f5c\u574a<\/h2>\n<p><\/span><\/h6>\n<ul>\n<li><strong>\u63d0\u7b14\u521b\u4f5c\uff1a<\/strong>\u5b66\u751f\u4eec\u5c06\u4f1a\u63a2\u7d22\u8bed\u8a00\u5728\u65e5\u5e38\u751f\u6d3b\u548c\u827a\u672f\u521b\u4f5c\u4e2d\u7684\u91cd\u8981\u6027\u3002\u5728\u62c9\u4f2f\u96f7\u3001\u5927\u4ef2\u9a6c\u3001\u8d85\u73b0\u5b9e\u4e3b\u4e49\u827a\u672f\u5bb6\u548c\u827a\u672f\u4e0e\u8bed\u8a00\u56e2\u4f53\u7684\u8bed\u8a00\u7d20\u6750\u7684\u5e2e\u52a9\u4e0b\uff0c\u5b66\u751f\u4eec\u53ef\u4ee5\u5c3d\u60c5\u53d1\u6325\u521b\u4f5c\u3002<\/li>\n<\/ul>\n<ul>\n<li><strong>\u5899\u96d5\u6d82\u9e26\u5de5\u4f5c\u574a\u2014\u2014\u4ece\u62c9\u65af\u79d1\u6d1e\u7a9f\u58c1\u753b\u5230\u73ed\u514b\u65af\uff1a<\/strong>\u8bb2\u89e3\u57ce\u5821\u5185\u90e8\u7684\u6d82\u9e26\u5c06\u662f\u8fd9\u4e2a\u5de5\u4f5c\u574a\u7684\u8d77\u70b9\uff0c\u968f\u540e\u5b66\u751f\u4eec\u4f1a\u63a2\u7d22\u57ce\u5821\u5185\u7684\u6d6e\u96d5\u548c\u6d82\u9e26\u7684\u5386\u53f2\uff0c\u6700\u540e\u4ed6\u4eec\u5c06\u5728\u4e00\u5757\u77f3\u7070\u534e\u677f\u4e0a\u521b\u4f5c\u81ea\u5df1\u7684\u6d82\u9e26\u3002<\/li>\n<\/ul>\n<ul>\n<li><strong>\u6240\u6709\u4eba\u90fd\u662f\u827a\u672f\u5bb6\uff01<\/strong>\u201c\u827a\u672f\u5bb6\u201d\u662f\u4ec0\u4e48\uff1f\u5b66\u751f\u4eec\u5c06\u4f1a\u601d\u8003\u201c\u827a\u672f\u54c1\u201d\u4e00\u8bcd\u7684\u6db5\u4e49\uff0c\u5e76\u4ee5\u827a\u672f\u4e0e\u8bed\u8a00\u56e2\u4f53\u7684\u65b9\u5f0f\u5373\u5174\u6a21\u4eff\u6210\u4e3a\u4e00\u4f4d\u201c\u827a\u672f\u5bb6\u201d\u3002<\/li>\n<\/ul>\n<ul>\n<li><strong>\u767d\u5361\uff1a<\/strong>\u5b66\u751f\u4eec\u5728\u5b66\u4e60\u5730\u56fe\u7ed8\u5236\u672f\u7684\u5386\u53f2\u548c\u539f\u5219\u4e4b\u540e\uff0c\u5c06\u521b\u9020\u4ed6\u4eec\u81ea\u5df1\u7684\u5730\u56fe\u3002<\/li>\n<\/ul>\n<p><img loading=\"lazy\" decoding=\"async\" class=\"wp-image-5200 aligncenter\" src=\"http:\/\/www.chateau-montsoreau.com\/wordpress\/wp-content\/uploads\/2016\/03\/20160826_140809-e1475680390220-225x300.jpg\" alt=\"20160826_140809\" width=\"358\" height=\"477\" srcset=\"https:\/\/www.chateau-montsoreau.com\/wordpress\/wp-content\/uploads\/2016\/03\/20160826_140809-e1475680390220-225x300.jpg 225w, https:\/\/www.chateau-montsoreau.com\/wordpress\/wp-content\/uploads\/2016\/03\/20160826_140809-e1475680390220-600x800.jpg 600w, https:\/\/www.chateau-montsoreau.com\/wordpress\/wp-content\/uploads\/2016\/03\/20160826_140809-e1475680390220-768x1024.jpg 768w\" sizes=\"auto, (max-width: 358px) 100vw, 358px\" \/><\/p>\n<\/div><div class=\"clear\"><\/div><\/div><h6 class=\"ut-title-divider \" ><span><\/p>\n<h2>\u56e2\u4f53\u4ef7\u683c<\/h2>\n<p><\/span><\/h6><\/p>\n<div class=\"ut-pt-wrap ut-pt-wrap-style-1\"><div class=\"grid-25 tablet-grid-50 mobile-grid-100\"><div class=\"ut-pricing-table\"><header class=\"ut-pt-header ut-level-one\"><h2 class=\"ut-pt-title\">\u56e2\u4f53\u4ef7\u683c<\/h2><span class=\"ut-pt-title-slogan\">\u81ea\u7531\u53c2\u89c2\u6216\u5bfc\u89c8\u53c2\u89c2\uff0818\u5c81\u4ee5\u4e0a\uff09 <\/span><\/header><footer class=\"ut-pt-pricing\"><span class=\"ut-pt-price\"><sup>\u20ac<\/sup>8.40<\/span><\/footer><\/div><\/div><div class=\"grid-25 tablet-grid-50 mobile-grid-100\"><div class=\"ut-pricing-table\"><header class=\"ut-pt-header ut-level-one\"><h2 class=\"ut-pt-title\">\u81ea\u7531\u53c2\u89c2\u6216\u5bfc\u89c8\u53c2\u89c2<\/h2><span class=\"ut-pt-title-slogan\">\uff085-18\u5c81\uff09<\/span><\/header><footer class=\"ut-pt-pricing\"><span class=\"ut-pt-price\"><sup>\u20ac<\/sup>6.10<\/span><\/footer><\/div><\/div><div class=\"grid-25 tablet-grid-50 mobile-grid-100\"><div class=\"ut-pricing-table\"><header class=\"ut-pt-header ut-level-one\"><h2 class=\"ut-pt-title\">\u53c2\u89c2+\u6559\u5b66\u624b\u518c<\/h2><span class=\"ut-pt-title-slogan\">\u6bcf\u4f4d\u5b66\u751f<\/span><\/header><footer class=\"ut-pt-pricing\"><span class=\"ut-pt-price\"><sup>\u20ac<\/sup>6.10<\/span><\/footer><\/div><\/div><div class=\"grid-25 tablet-grid-50 mobile-grid-100\"><div class=\"ut-pricing-table\"><header class=\"ut-pt-header ut-level-one\"><h2 class=\"ut-pt-title\">\u5de5\u4f5c\u574a<\/h2><span class=\"ut-pt-title-slogan\">\u6bcf\u4f4d\u5b66\u751f <\/span><\/header><footer class=\"ut-pt-pricing\"><span class=\"ut-pt-price\"><sup>\u20ac<\/sup>8,00<\/span><\/footer><\/div><\/div><div class=\"clear\"><\/div><\/div>\n<div  class=\"ut-alert grey  \">\n<h6 class=\"ut-title-divider \" ><span><\/p>\n<h2>\u7533\u62a5\u6a21\u677f<\/h2>\n<p><\/span><\/h6><\/p>\n<p><p class=\"wpcf7-contact-form-not-found\"><strong>Erreur\u00a0:<\/strong> Formulaire de contact non trouv\u00e9\u00a0!<\/p><br \/>\n<\/div>\n","protected":false},"excerpt":{"rendered":"<p>\u8499\u7d22\u7f57\u57ce\u5821-\u5f53\u4ee3\u827a\u672f\u535a\u7269\u9986\u652f\u6301\u4ece\u5c0f\u5b66\u5230\u9ad8\u4e2d\u7684\u5b66\u751f\u53c2\u89c2\uff0c\u5e76\u80fd\u591f\u63d0\u4f9b\u76f8\u5e94\u7684\u63a5\u5f85\u3002<\/p>\n","protected":false},"author":5,"featured_media":0,"parent":7076,"menu_order":1,"comment_status":"closed","ping_status":"closed","template":"","meta":{"footnotes":""},"class_list":["post-7085","page","type-page","status-publish","hentry"],"yoast_head":"<!-- This site is optimized with the Yoast SEO plugin v27.3 - https:\/\/yoast.com\/product\/yoast-seo-wordpress\/ -->\n<title>\u5b66\u751f\u56e2\u4f53 | Ch\u00e2teau de Montsoreau-Mus\u00e9e d&#039;Art Contemporain<\/title>\n<meta name=\"description\" content=\"\u8499\u7d22\u7f57\u57ce\u5821-\u5f53\u4ee3\u827a\u672f\u535a\u7269\u9986\u652f\u6301\u4ece\u5c0f\u5b66\u5230\u9ad8\u4e2d\u7684\u5b66\u751f\u53c2\u89c2\uff0c\u5e76\u80fd\u591f\u63d0\u4f9b\u76f8\u5e94\u7684\u63a5\u5f85\u3002\" \/>\n<meta name=\"robots\" content=\"index, follow, max-snippet:-1, max-image-preview:large, max-video-preview:-1\" \/>\n<link rel=\"canonical\" href=\"https:\/\/www.chateau-montsoreau.com\/wordpress\/zh\/\u56e2\u4f53\u53c2\u89c2\/\u5b66\u751f\u56e2\u4f53\/\" \/>\n<meta property=\"og:locale\" content=\"fr_FR\" \/>\n<meta property=\"og:type\" content=\"article\" \/>\n<meta property=\"og:title\" content=\"\u5b66\u751f\u56e2\u4f53 | Ch\u00e2teau de Montsoreau-Mus\u00e9e d&#039;Art Contemporain\" \/>\n<meta property=\"og:description\" content=\"\u8499\u7d22\u7f57\u57ce\u5821-\u5f53\u4ee3\u827a\u672f\u535a\u7269\u9986\u652f\u6301\u4ece\u5c0f\u5b66\u5230\u9ad8\u4e2d\u7684\u5b66\u751f\u53c2\u89c2\uff0c\u5e76\u80fd\u591f\u63d0\u4f9b\u76f8\u5e94\u7684\u63a5\u5f85\u3002\" \/>\n<meta property=\"og:url\" content=\"https:\/\/www.chateau-montsoreau.com\/wordpress\/zh\/\u56e2\u4f53\u53c2\u89c2\/\u5b66\u751f\u56e2\u4f53\/\" \/>\n<meta property=\"og:site_name\" content=\"Ch\u00e2teau de Montsoreau-Mus\u00e9e d&#039;Art Contemporain\" \/>\n<meta property=\"article:publisher\" content=\"https:\/\/www.facebook.com\/chateaudemontsoreau\/\" \/>\n<meta property=\"article:modified_time\" content=\"2020-02-19T13:34:37+00:00\" \/>\n<meta property=\"og:image\" content=\"http:\/\/www.chateau-montsoreau.com\/wordpress\/wp-content\/uploads\/2016\/03\/Capture-d\u2019e\u0301cran-2016-06-21-a\u0300-19.01.59-1-300x166.png\" \/>\n<meta name=\"twitter:card\" content=\"summary_large_image\" \/>\n<meta name=\"twitter:site\" content=\"@Cmontsoreau\" \/>\n<script type=\"application\/ld+json\" class=\"yoast-schema-graph\">{\"@context\":\"https:\\\/\\\/schema.org\",\"@graph\":[{\"@type\":\"WebPage\",\"@id\":\"https:\\\/\\\/www.chateau-montsoreau.com\\\/wordpress\\\/zh\\\/%e5%9b%a2%e4%bd%93%e5%8f%82%e8%a7%82\\\/%e5%ad%a6%e7%94%9f%e5%9b%a2%e4%bd%93\\\/\",\"url\":\"https:\\\/\\\/www.chateau-montsoreau.com\\\/wordpress\\\/zh\\\/%e5%9b%a2%e4%bd%93%e5%8f%82%e8%a7%82\\\/%e5%ad%a6%e7%94%9f%e5%9b%a2%e4%bd%93\\\/\",\"name\":\"\u5b66\u751f\u56e2\u4f53 | Ch\u00e2teau de Montsoreau-Mus\u00e9e d&#039;Art Contemporain\",\"isPartOf\":{\"@id\":\"https:\\\/\\\/www.chateau-montsoreau.com\\\/wordpress\\\/#website\"},\"primaryImageOfPage\":{\"@id\":\"https:\\\/\\\/www.chateau-montsoreau.com\\\/wordpress\\\/zh\\\/%e5%9b%a2%e4%bd%93%e5%8f%82%e8%a7%82\\\/%e5%ad%a6%e7%94%9f%e5%9b%a2%e4%bd%93\\\/#primaryimage\"},\"image\":{\"@id\":\"https:\\\/\\\/www.chateau-montsoreau.com\\\/wordpress\\\/zh\\\/%e5%9b%a2%e4%bd%93%e5%8f%82%e8%a7%82\\\/%e5%ad%a6%e7%94%9f%e5%9b%a2%e4%bd%93\\\/#primaryimage\"},\"thumbnailUrl\":\"http:\\\/\\\/www.chateau-montsoreau.com\\\/wordpress\\\/wp-content\\\/uploads\\\/2016\\\/03\\\/20160826_140809-e1475680390220-225x300.jpg\",\"datePublished\":\"2019-09-20T14:08:07+00:00\",\"dateModified\":\"2020-02-19T13:34:37+00:00\",\"description\":\"\u8499\u7d22\u7f57\u57ce\u5821-\u5f53\u4ee3\u827a\u672f\u535a\u7269\u9986\u652f\u6301\u4ece\u5c0f\u5b66\u5230\u9ad8\u4e2d\u7684\u5b66\u751f\u53c2\u89c2\uff0c\u5e76\u80fd\u591f\u63d0\u4f9b\u76f8\u5e94\u7684\u63a5\u5f85\u3002\",\"breadcrumb\":{\"@id\":\"https:\\\/\\\/www.chateau-montsoreau.com\\\/wordpress\\\/zh\\\/%e5%9b%a2%e4%bd%93%e5%8f%82%e8%a7%82\\\/%e5%ad%a6%e7%94%9f%e5%9b%a2%e4%bd%93\\\/#breadcrumb\"},\"inLanguage\":\"fr-FR\",\"potentialAction\":[{\"@type\":\"ReadAction\",\"target\":[\"https:\\\/\\\/www.chateau-montsoreau.com\\\/wordpress\\\/zh\\\/%e5%9b%a2%e4%bd%93%e5%8f%82%e8%a7%82\\\/%e5%ad%a6%e7%94%9f%e5%9b%a2%e4%bd%93\\\/\"]}]},{\"@type\":\"ImageObject\",\"inLanguage\":\"fr-FR\",\"@id\":\"https:\\\/\\\/www.chateau-montsoreau.com\\\/wordpress\\\/zh\\\/%e5%9b%a2%e4%bd%93%e5%8f%82%e8%a7%82\\\/%e5%ad%a6%e7%94%9f%e5%9b%a2%e4%bd%93\\\/#primaryimage\",\"url\":\"http:\\\/\\\/www.chateau-montsoreau.com\\\/wordpress\\\/wp-content\\\/uploads\\\/2016\\\/03\\\/20160826_140809-e1475680390220-225x300.jpg\",\"contentUrl\":\"http:\\\/\\\/www.chateau-montsoreau.com\\\/wordpress\\\/wp-content\\\/uploads\\\/2016\\\/03\\\/20160826_140809-e1475680390220-225x300.jpg\"},{\"@type\":\"BreadcrumbList\",\"@id\":\"https:\\\/\\\/www.chateau-montsoreau.com\\\/wordpress\\\/zh\\\/%e5%9b%a2%e4%bd%93%e5%8f%82%e8%a7%82\\\/%e5%ad%a6%e7%94%9f%e5%9b%a2%e4%bd%93\\\/#breadcrumb\",\"itemListElement\":[{\"@type\":\"ListItem\",\"position\":1,\"name\":\"Accueil\",\"item\":\"https:\\\/\\\/www.chateau-montsoreau.com\\\/wordpress\\\/fr\\\/\"},{\"@type\":\"ListItem\",\"position\":2,\"name\":\"\u56e2\u4f53\u53c2\u89c2\",\"item\":\"https:\\\/\\\/www.chateau-montsoreau.com\\\/wordpress\\\/zh\\\/%e5%9b%a2%e4%bd%93%e5%8f%82%e8%a7%82\\\/\"},{\"@type\":\"ListItem\",\"position\":3,\"name\":\"\u5b66\u751f\u56e2\u4f53\"}]},{\"@type\":\"WebSite\",\"@id\":\"https:\\\/\\\/www.chateau-montsoreau.com\\\/wordpress\\\/#website\",\"url\":\"https:\\\/\\\/www.chateau-montsoreau.com\\\/wordpress\\\/\",\"name\":\"Ch\u00e2teau de Montsoreau-Mus\u00e9e d&#039;Art Contemporain\",\"description\":\"Ch\u00e2teaux de la Loire Art Contemporain Art Conceptuel\",\"publisher\":{\"@id\":\"https:\\\/\\\/www.chateau-montsoreau.com\\\/wordpress\\\/#organization\"},\"potentialAction\":[{\"@type\":\"SearchAction\",\"target\":{\"@type\":\"EntryPoint\",\"urlTemplate\":\"https:\\\/\\\/www.chateau-montsoreau.com\\\/wordpress\\\/?s={search_term_string}\"},\"query-input\":{\"@type\":\"PropertyValueSpecification\",\"valueRequired\":true,\"valueName\":\"search_term_string\"}}],\"inLanguage\":\"fr-FR\"},{\"@type\":\"Organization\",\"@id\":\"https:\\\/\\\/www.chateau-montsoreau.com\\\/wordpress\\\/#organization\",\"name\":\"Ch\u00e2teau de Montsoreau - Mus\u00e9e d'art contemporain\",\"url\":\"https:\\\/\\\/www.chateau-montsoreau.com\\\/wordpress\\\/\",\"logo\":{\"@type\":\"ImageObject\",\"inLanguage\":\"fr-FR\",\"@id\":\"https:\\\/\\\/www.chateau-montsoreau.com\\\/wordpress\\\/#\\\/schema\\\/logo\\\/image\\\/\",\"url\":\"https:\\\/\\\/www.chateau-montsoreau.com\\\/wordpress\\\/wp-content\\\/uploads\\\/2016\\\/03\\\/Logo-Montsoreau-tout-petit-1.png\",\"contentUrl\":\"https:\\\/\\\/www.chateau-montsoreau.com\\\/wordpress\\\/wp-content\\\/uploads\\\/2016\\\/03\\\/Logo-Montsoreau-tout-petit-1.png\",\"width\":133,\"height\":133,\"caption\":\"Ch\u00e2teau de Montsoreau - Mus\u00e9e d'art contemporain\"},\"image\":{\"@id\":\"https:\\\/\\\/www.chateau-montsoreau.com\\\/wordpress\\\/#\\\/schema\\\/logo\\\/image\\\/\"},\"sameAs\":[\"https:\\\/\\\/www.facebook.com\\\/chateaudemontsoreau\\\/\",\"https:\\\/\\\/x.com\\\/Cmontsoreau\",\"https:\\\/\\\/www.instagram.com\\\/chateaudemontsoreau\\\/\",\"http:\\\/\\\/www.pinterest.com\\\/Cmontsoreau\"]}]}<\/script>\n<!-- \/ Yoast SEO plugin. -->","yoast_head_json":{"title":"\u5b66\u751f\u56e2\u4f53 | Ch\u00e2teau de Montsoreau-Mus\u00e9e d&#039;Art Contemporain","description":"\u8499\u7d22\u7f57\u57ce\u5821-\u5f53\u4ee3\u827a\u672f\u535a\u7269\u9986\u652f\u6301\u4ece\u5c0f\u5b66\u5230\u9ad8\u4e2d\u7684\u5b66\u751f\u53c2\u89c2\uff0c\u5e76\u80fd\u591f\u63d0\u4f9b\u76f8\u5e94\u7684\u63a5\u5f85\u3002","robots":{"index":"index","follow":"follow","max-snippet":"max-snippet:-1","max-image-preview":"max-image-preview:large","max-video-preview":"max-video-preview:-1"},"canonical":"https:\/\/www.chateau-montsoreau.com\/wordpress\/zh\/\u56e2\u4f53\u53c2\u89c2\/\u5b66\u751f\u56e2\u4f53\/","og_locale":"fr_FR","og_type":"article","og_title":"\u5b66\u751f\u56e2\u4f53 | Ch\u00e2teau de Montsoreau-Mus\u00e9e d&#039;Art Contemporain","og_description":"\u8499\u7d22\u7f57\u57ce\u5821-\u5f53\u4ee3\u827a\u672f\u535a\u7269\u9986\u652f\u6301\u4ece\u5c0f\u5b66\u5230\u9ad8\u4e2d\u7684\u5b66\u751f\u53c2\u89c2\uff0c\u5e76\u80fd\u591f\u63d0\u4f9b\u76f8\u5e94\u7684\u63a5\u5f85\u3002","og_url":"https:\/\/www.chateau-montsoreau.com\/wordpress\/zh\/\u56e2\u4f53\u53c2\u89c2\/\u5b66\u751f\u56e2\u4f53\/","og_site_name":"Ch\u00e2teau de Montsoreau-Mus\u00e9e d&#039;Art Contemporain","article_publisher":"https:\/\/www.facebook.com\/chateaudemontsoreau\/","article_modified_time":"2020-02-19T13:34:37+00:00","og_image":[{"url":"http:\/\/www.chateau-montsoreau.com\/wordpress\/wp-content\/uploads\/2016\/03\/Capture-d\u2019e\u0301cran-2016-06-21-a\u0300-19.01.59-1-300x166.png","type":"","width":"","height":""}],"twitter_card":"summary_large_image","twitter_site":"@Cmontsoreau","schema":{"@context":"https:\/\/schema.org","@graph":[{"@type":"WebPage","@id":"https:\/\/www.chateau-montsoreau.com\/wordpress\/zh\/%e5%9b%a2%e4%bd%93%e5%8f%82%e8%a7%82\/%e5%ad%a6%e7%94%9f%e5%9b%a2%e4%bd%93\/","url":"https:\/\/www.chateau-montsoreau.com\/wordpress\/zh\/%e5%9b%a2%e4%bd%93%e5%8f%82%e8%a7%82\/%e5%ad%a6%e7%94%9f%e5%9b%a2%e4%bd%93\/","name":"\u5b66\u751f\u56e2\u4f53 | Ch\u00e2teau de Montsoreau-Mus\u00e9e d&#039;Art Contemporain","isPartOf":{"@id":"https:\/\/www.chateau-montsoreau.com\/wordpress\/#website"},"primaryImageOfPage":{"@id":"https:\/\/www.chateau-montsoreau.com\/wordpress\/zh\/%e5%9b%a2%e4%bd%93%e5%8f%82%e8%a7%82\/%e5%ad%a6%e7%94%9f%e5%9b%a2%e4%bd%93\/#primaryimage"},"image":{"@id":"https:\/\/www.chateau-montsoreau.com\/wordpress\/zh\/%e5%9b%a2%e4%bd%93%e5%8f%82%e8%a7%82\/%e5%ad%a6%e7%94%9f%e5%9b%a2%e4%bd%93\/#primaryimage"},"thumbnailUrl":"http:\/\/www.chateau-montsoreau.com\/wordpress\/wp-content\/uploads\/2016\/03\/20160826_140809-e1475680390220-225x300.jpg","datePublished":"2019-09-20T14:08:07+00:00","dateModified":"2020-02-19T13:34:37+00:00","description":"\u8499\u7d22\u7f57\u57ce\u5821-\u5f53\u4ee3\u827a\u672f\u535a\u7269\u9986\u652f\u6301\u4ece\u5c0f\u5b66\u5230\u9ad8\u4e2d\u7684\u5b66\u751f\u53c2\u89c2\uff0c\u5e76\u80fd\u591f\u63d0\u4f9b\u76f8\u5e94\u7684\u63a5\u5f85\u3002","breadcrumb":{"@id":"https:\/\/www.chateau-montsoreau.com\/wordpress\/zh\/%e5%9b%a2%e4%bd%93%e5%8f%82%e8%a7%82\/%e5%ad%a6%e7%94%9f%e5%9b%a2%e4%bd%93\/#breadcrumb"},"inLanguage":"fr-FR","potentialAction":[{"@type":"ReadAction","target":["https:\/\/www.chateau-montsoreau.com\/wordpress\/zh\/%e5%9b%a2%e4%bd%93%e5%8f%82%e8%a7%82\/%e5%ad%a6%e7%94%9f%e5%9b%a2%e4%bd%93\/"]}]},{"@type":"ImageObject","inLanguage":"fr-FR","@id":"https:\/\/www.chateau-montsoreau.com\/wordpress\/zh\/%e5%9b%a2%e4%bd%93%e5%8f%82%e8%a7%82\/%e5%ad%a6%e7%94%9f%e5%9b%a2%e4%bd%93\/#primaryimage","url":"http:\/\/www.chateau-montsoreau.com\/wordpress\/wp-content\/uploads\/2016\/03\/20160826_140809-e1475680390220-225x300.jpg","contentUrl":"http:\/\/www.chateau-montsoreau.com\/wordpress\/wp-content\/uploads\/2016\/03\/20160826_140809-e1475680390220-225x300.jpg"},{"@type":"BreadcrumbList","@id":"https:\/\/www.chateau-montsoreau.com\/wordpress\/zh\/%e5%9b%a2%e4%bd%93%e5%8f%82%e8%a7%82\/%e5%ad%a6%e7%94%9f%e5%9b%a2%e4%bd%93\/#breadcrumb","itemListElement":[{"@type":"ListItem","position":1,"name":"Accueil","item":"https:\/\/www.chateau-montsoreau.com\/wordpress\/fr\/"},{"@type":"ListItem","position":2,"name":"\u56e2\u4f53\u53c2\u89c2","item":"https:\/\/www.chateau-montsoreau.com\/wordpress\/zh\/%e5%9b%a2%e4%bd%93%e5%8f%82%e8%a7%82\/"},{"@type":"ListItem","position":3,"name":"\u5b66\u751f\u56e2\u4f53"}]},{"@type":"WebSite","@id":"https:\/\/www.chateau-montsoreau.com\/wordpress\/#website","url":"https:\/\/www.chateau-montsoreau.com\/wordpress\/","name":"Ch\u00e2teau de Montsoreau-Mus\u00e9e d&#039;Art Contemporain","description":"Ch\u00e2teaux de la Loire Art Contemporain Art Conceptuel","publisher":{"@id":"https:\/\/www.chateau-montsoreau.com\/wordpress\/#organization"},"potentialAction":[{"@type":"SearchAction","target":{"@type":"EntryPoint","urlTemplate":"https:\/\/www.chateau-montsoreau.com\/wordpress\/?s={search_term_string}"},"query-input":{"@type":"PropertyValueSpecification","valueRequired":true,"valueName":"search_term_string"}}],"inLanguage":"fr-FR"},{"@type":"Organization","@id":"https:\/\/www.chateau-montsoreau.com\/wordpress\/#organization","name":"Ch\u00e2teau de Montsoreau - Mus\u00e9e d'art contemporain","url":"https:\/\/www.chateau-montsoreau.com\/wordpress\/","logo":{"@type":"ImageObject","inLanguage":"fr-FR","@id":"https:\/\/www.chateau-montsoreau.com\/wordpress\/#\/schema\/logo\/image\/","url":"https:\/\/www.chateau-montsoreau.com\/wordpress\/wp-content\/uploads\/2016\/03\/Logo-Montsoreau-tout-petit-1.png","contentUrl":"https:\/\/www.chateau-montsoreau.com\/wordpress\/wp-content\/uploads\/2016\/03\/Logo-Montsoreau-tout-petit-1.png","width":133,"height":133,"caption":"Ch\u00e2teau de Montsoreau - Mus\u00e9e d'art contemporain"},"image":{"@id":"https:\/\/www.chateau-montsoreau.com\/wordpress\/#\/schema\/logo\/image\/"},"sameAs":["https:\/\/www.facebook.com\/chateaudemontsoreau\/","https:\/\/x.com\/Cmontsoreau","https:\/\/www.instagram.com\/chateaudemontsoreau\/","http:\/\/www.pinterest.com\/Cmontsoreau"]}]}},"_links":{"self":[{"href":"https:\/\/www.chateau-montsoreau.com\/wordpress\/wp-json\/wp\/v2\/pages\/7085","targetHints":{"allow":["GET"]}}],"collection":[{"href":"https:\/\/www.chateau-montsoreau.com\/wordpress\/wp-json\/wp\/v2\/pages"}],"about":[{"href":"https:\/\/www.chateau-montsoreau.com\/wordpress\/wp-json\/wp\/v2\/types\/page"}],"author":[{"embeddable":true,"href":"https:\/\/www.chateau-montsoreau.com\/wordpress\/wp-json\/wp\/v2\/users\/5"}],"replies":[{"embeddable":true,"href":"https:\/\/www.chateau-montsoreau.com\/wordpress\/wp-json\/wp\/v2\/comments?post=7085"}],"version-history":[{"count":4,"href":"https:\/\/www.chateau-montsoreau.com\/wordpress\/wp-json\/wp\/v2\/pages\/7085\/revisions"}],"predecessor-version":[{"id":7973,"href":"https:\/\/www.chateau-montsoreau.com\/wordpress\/wp-json\/wp\/v2\/pages\/7085\/revisions\/7973"}],"up":[{"embeddable":true,"href":"https:\/\/www.chateau-montsoreau.com\/wordpress\/wp-json\/wp\/v2\/pages\/7076"}],"wp:attachment":[{"href":"https:\/\/www.chateau-montsoreau.com\/wordpress\/wp-json\/wp\/v2\/media?parent=7085"}],"curies":[{"name":"wp","href":"https:\/\/api.w.org\/{rel}","templated":true}]}}