{"id":7147,"date":"2019-11-24T15:01:27","date_gmt":"2019-11-24T14:01:27","guid":{"rendered":"http:\/\/www.chateau-montsoreau.com\/wordpress\/?page_id=7147"},"modified":"2022-04-09T13:39:02","modified_gmt":"2022-04-09T12:39:02","slug":"100-schloss-100-zeitgenoessisch","status":"publish","type":"page","link":"https:\/\/www.chateau-montsoreau.com\/wordpress\/de\/100-schloss-100-zeitgenoessisch\/","title":{"rendered":"100 % Schloss 100% Zeitgen\u00f6ssisch"},"content":{"rendered":"<p>Das Schloss von Montsoreau -Museum f\u00fcr zeitgen\u00f6ssische Kunst in 10 Punkten<\/p>\n<ul>\n<li>Das Schloss von Montsoreau &#8211; Museum f\u00fcr zeitgen\u00f6ssische Kunst &#8211; befindet sich in Frankreich, im Loiretal. Es liegt an der Kreuzung dreier gro\u00dfer Tourismusregionen, der Region der Loire-L\u00e4nder, der Region des mittleren Loire-Tals und der Region Neu-Aquitanien. Sie befindet sich im Departement Maine-et-Loire.<\/li>\n<li>Das einzige Loire-Schloss, das auf dem Flussbett erbaut wurde, genau an der Stelle, wo die Vienne in die Loire m\u00fcndet, markiert mit seinem Bau den Beginn der Renaissance in Frankreich.<\/li>\n<li>Das Schloss Montsoreau &#8211; Museum f\u00fcr zeitgen\u00f6ssische Kunst ist ein lebendiger, radikaler und alternativer Ort.<\/li>\n<li>Das Schloss, das wie ein pr\u00e4chtiger Palast am Wasser aussieht, wurde 2016 von Philippe M\u00e9aille, dem Gr\u00fcnder, vollst\u00e4ndig renoviert und in ein Museum f\u00fcr zeitgen\u00f6ssische Kunst umgewandelt.<\/li>\n<li>Seine st\u00e4ndige Sammlung umfasst die weltweit gr\u00f6\u00dfte Sammlung von Werken von Art &amp; Language (die Philippe M\u00e9aille Collection), einer Pionierbewegung der Konzeptkunst.<\/li>\n<li>Die einzigartige Sammlung und die bahnbrechende Renaissance-Architektur, die beide f\u00fcr die Zukunft offen sind, machen das Museum zu einem lebendigen Ort, der in der Gegenwart verankert ist und eine neue Realit\u00e4t zeigt.<\/li>\n<li>Das Schloss Montsoreau &#8211; Museum f\u00fcr zeitgen\u00f6ssische Kunst &#8211; liegt zwei Stunden von Paris entfernt im Loire-Tal, das zum Weltkulturerbe geh\u00f6rt, und umfasst eine Fl\u00e4che von \u00fcber 2000 m2.<\/li>\n<li>Seine avantgardistische Architektur, die sich in die Landschaft und den Lauf der Loire einf\u00fcgt, hat im Laufe der Jahrhunderte K\u00fcnstler wie Rodin, Turner, Rabelais, Flaubert und Alexandre Dumas inspiriert.<\/li>\n<li>Das Schloss Montsoreau wurde 1450 von Johann II. von Chambes, dem ersten Privatrat und Kammerherrn der franz\u00f6sischen K\u00f6nige Karl VII. und Ludwig XI. erbaut.<\/li>\n<li>Seine Geschichte ist gepr\u00e4gt von zahlreichen Pers\u00f6nlichkeiten wie Karl VII., Ludwig XI., Maria Stuart, Anne von der Bretagne, Claudius von Frankreich oder Franz I.<span style=\"color: #888888;\"><br \/>\n<\/span><\/li>\n<\/ul>\n<div><\/div>\n<div><\/div>\n","protected":false},"excerpt":{"rendered":"<p>Das Schloss von Montsoreau -Museum f\u00fcr zeitgen\u00f6ssische Kunst in 10 Punkten Das Schloss von Montsoreau &#8211; Museum f\u00fcr zeitgen\u00f6ssische Kunst &#8211; befindet sich in Frankreich, im Loiretal. Es liegt an der Kreuzung dreier gro\u00dfer Tourismusregionen, der Region der Loire-L\u00e4nder, der Region des mittleren Loire-Tals und der Region Neu-Aquitanien. Sie befindet sich im Departement Maine-et-Loire. Das [&hellip;]<\/p>\n","protected":false},"author":5,"featured_media":0,"parent":0,"menu_order":0,"comment_status":"closed","ping_status":"closed","template":"","meta":{"footnotes":""},"class_list":["post-7147","page","type-page","status-publish","hentry"],"yoast_head":"<!-- This site is optimized with the Yoast SEO plugin v27.3 - https:\/\/yoast.com\/product\/yoast-seo-wordpress\/ -->\n<title>100 % Schloss 100% Zeitgen\u00f6ssisch | Ch\u00e2teau de Montsoreau-Mus\u00e9e d&#039;Art Contemporain<\/title>\n<meta name=\"description\" content=\"Das Schloss Montsoreau \u2013 Museum f\u00fcr zeitgen\u00f6ssische Kunst liegt im Loiretal, einem UNESCO-Weltkulturerbe und beherbergt die Sammlung Philippe M\u00e9aille, die weltweit gr\u00f6\u00dfte Sammlung von Art &amp; Language\" \/>\n<meta name=\"robots\" content=\"index, follow, max-snippet:-1, max-image-preview:large, max-video-preview:-1\" \/>\n<link rel=\"canonical\" href=\"https:\/\/www.chateau-montsoreau.com\/wordpress\/de\/100-schloss-100-zeitgenoessisch\/\" \/>\n<meta property=\"og:locale\" content=\"fr_FR\" \/>\n<meta property=\"og:type\" content=\"article\" \/>\n<meta property=\"og:title\" content=\"100 % Schloss 100% Zeitgen\u00f6ssisch | Ch\u00e2teau de Montsoreau-Mus\u00e9e d&#039;Art Contemporain\" \/>\n<meta property=\"og:description\" content=\"Das Schloss Montsoreau \u2013 Museum f\u00fcr zeitgen\u00f6ssische Kunst liegt im Loiretal, einem UNESCO-Weltkulturerbe und beherbergt die Sammlung Philippe M\u00e9aille, die weltweit gr\u00f6\u00dfte Sammlung von Art &amp; Language\" \/>\n<meta property=\"og:url\" content=\"https:\/\/www.chateau-montsoreau.com\/wordpress\/de\/100-schloss-100-zeitgenoessisch\/\" \/>\n<meta property=\"og:site_name\" content=\"Ch\u00e2teau de Montsoreau-Mus\u00e9e d&#039;Art Contemporain\" \/>\n<meta property=\"article:publisher\" content=\"https:\/\/www.facebook.com\/chateaudemontsoreau\/\" \/>\n<meta property=\"article:modified_time\" content=\"2022-04-09T12:39:02+00:00\" \/>\n<meta name=\"twitter:card\" content=\"summary_large_image\" \/>\n<meta name=\"twitter:site\" content=\"@Cmontsoreau\" \/>\n<meta name=\"twitter:label1\" content=\"Dur\u00e9e de lecture estim\u00e9e\" \/>\n\t<meta name=\"twitter:data1\" content=\"2 minutes\" \/>\n<script type=\"application\/ld+json\" class=\"yoast-schema-graph\">{\"@context\":\"https:\\\/\\\/schema.org\",\"@graph\":[{\"@type\":\"WebPage\",\"@id\":\"https:\\\/\\\/www.chateau-montsoreau.com\\\/wordpress\\\/de\\\/100-schloss-100-zeitgenoessisch\\\/\",\"url\":\"https:\\\/\\\/www.chateau-montsoreau.com\\\/wordpress\\\/de\\\/100-schloss-100-zeitgenoessisch\\\/\",\"name\":\"100 % Schloss 100% Zeitgen\u00f6ssisch | Ch\u00e2teau de Montsoreau-Mus\u00e9e d&#039;Art Contemporain\",\"isPartOf\":{\"@id\":\"https:\\\/\\\/www.chateau-montsoreau.com\\\/wordpress\\\/#website\"},\"datePublished\":\"2019-11-24T14:01:27+00:00\",\"dateModified\":\"2022-04-09T12:39:02+00:00\",\"description\":\"Das Schloss Montsoreau \u2013 Museum f\u00fcr zeitgen\u00f6ssische Kunst liegt im Loiretal, einem UNESCO-Weltkulturerbe und beherbergt die Sammlung Philippe M\u00e9aille, die weltweit gr\u00f6\u00dfte Sammlung von Art & Language\",\"breadcrumb\":{\"@id\":\"https:\\\/\\\/www.chateau-montsoreau.com\\\/wordpress\\\/de\\\/100-schloss-100-zeitgenoessisch\\\/#breadcrumb\"},\"inLanguage\":\"fr-FR\",\"potentialAction\":[{\"@type\":\"ReadAction\",\"target\":[\"https:\\\/\\\/www.chateau-montsoreau.com\\\/wordpress\\\/de\\\/100-schloss-100-zeitgenoessisch\\\/\"]}]},{\"@type\":\"BreadcrumbList\",\"@id\":\"https:\\\/\\\/www.chateau-montsoreau.com\\\/wordpress\\\/de\\\/100-schloss-100-zeitgenoessisch\\\/#breadcrumb\",\"itemListElement\":[{\"@type\":\"ListItem\",\"position\":1,\"name\":\"Accueil\",\"item\":\"https:\\\/\\\/www.chateau-montsoreau.com\\\/wordpress\\\/fr\\\/\"},{\"@type\":\"ListItem\",\"position\":2,\"name\":\"100 % Schloss 100% Zeitgen\u00f6ssisch\"}]},{\"@type\":\"WebSite\",\"@id\":\"https:\\\/\\\/www.chateau-montsoreau.com\\\/wordpress\\\/#website\",\"url\":\"https:\\\/\\\/www.chateau-montsoreau.com\\\/wordpress\\\/\",\"name\":\"Ch\u00e2teau de Montsoreau-Mus\u00e9e d&#039;Art Contemporain\",\"description\":\"Ch\u00e2teaux de la Loire Art Contemporain Art Conceptuel\",\"publisher\":{\"@id\":\"https:\\\/\\\/www.chateau-montsoreau.com\\\/wordpress\\\/#organization\"},\"potentialAction\":[{\"@type\":\"SearchAction\",\"target\":{\"@type\":\"EntryPoint\",\"urlTemplate\":\"https:\\\/\\\/www.chateau-montsoreau.com\\\/wordpress\\\/?s={search_term_string}\"},\"query-input\":{\"@type\":\"PropertyValueSpecification\",\"valueRequired\":true,\"valueName\":\"search_term_string\"}}],\"inLanguage\":\"fr-FR\"},{\"@type\":\"Organization\",\"@id\":\"https:\\\/\\\/www.chateau-montsoreau.com\\\/wordpress\\\/#organization\",\"name\":\"Ch\u00e2teau de Montsoreau - Mus\u00e9e d'art contemporain\",\"url\":\"https:\\\/\\\/www.chateau-montsoreau.com\\\/wordpress\\\/\",\"logo\":{\"@type\":\"ImageObject\",\"inLanguage\":\"fr-FR\",\"@id\":\"https:\\\/\\\/www.chateau-montsoreau.com\\\/wordpress\\\/#\\\/schema\\\/logo\\\/image\\\/\",\"url\":\"https:\\\/\\\/www.chateau-montsoreau.com\\\/wordpress\\\/wp-content\\\/uploads\\\/2016\\\/03\\\/Logo-Montsoreau-tout-petit-1.png\",\"contentUrl\":\"https:\\\/\\\/www.chateau-montsoreau.com\\\/wordpress\\\/wp-content\\\/uploads\\\/2016\\\/03\\\/Logo-Montsoreau-tout-petit-1.png\",\"width\":133,\"height\":133,\"caption\":\"Ch\u00e2teau de Montsoreau - Mus\u00e9e d'art contemporain\"},\"image\":{\"@id\":\"https:\\\/\\\/www.chateau-montsoreau.com\\\/wordpress\\\/#\\\/schema\\\/logo\\\/image\\\/\"},\"sameAs\":[\"https:\\\/\\\/www.facebook.com\\\/chateaudemontsoreau\\\/\",\"https:\\\/\\\/x.com\\\/Cmontsoreau\",\"https:\\\/\\\/www.instagram.com\\\/chateaudemontsoreau\\\/\",\"http:\\\/\\\/www.pinterest.com\\\/Cmontsoreau\"]}]}<\/script>\n<!-- \/ Yoast SEO plugin. -->","yoast_head_json":{"title":"100 % Schloss 100% Zeitgen\u00f6ssisch | Ch\u00e2teau de Montsoreau-Mus\u00e9e d&#039;Art Contemporain","description":"Das Schloss Montsoreau \u2013 Museum f\u00fcr zeitgen\u00f6ssische Kunst liegt im Loiretal, einem UNESCO-Weltkulturerbe und beherbergt die Sammlung Philippe M\u00e9aille, die weltweit gr\u00f6\u00dfte Sammlung von Art & Language","robots":{"index":"index","follow":"follow","max-snippet":"max-snippet:-1","max-image-preview":"max-image-preview:large","max-video-preview":"max-video-preview:-1"},"canonical":"https:\/\/www.chateau-montsoreau.com\/wordpress\/de\/100-schloss-100-zeitgenoessisch\/","og_locale":"fr_FR","og_type":"article","og_title":"100 % Schloss 100% Zeitgen\u00f6ssisch | Ch\u00e2teau de Montsoreau-Mus\u00e9e d&#039;Art Contemporain","og_description":"Das Schloss Montsoreau \u2013 Museum f\u00fcr zeitgen\u00f6ssische Kunst liegt im Loiretal, einem UNESCO-Weltkulturerbe und beherbergt die Sammlung Philippe M\u00e9aille, die weltweit gr\u00f6\u00dfte Sammlung von Art & Language","og_url":"https:\/\/www.chateau-montsoreau.com\/wordpress\/de\/100-schloss-100-zeitgenoessisch\/","og_site_name":"Ch\u00e2teau de Montsoreau-Mus\u00e9e d&#039;Art Contemporain","article_publisher":"https:\/\/www.facebook.com\/chateaudemontsoreau\/","article_modified_time":"2022-04-09T12:39:02+00:00","twitter_card":"summary_large_image","twitter_site":"@Cmontsoreau","twitter_misc":{"Dur\u00e9e de lecture estim\u00e9e":"2 minutes"},"schema":{"@context":"https:\/\/schema.org","@graph":[{"@type":"WebPage","@id":"https:\/\/www.chateau-montsoreau.com\/wordpress\/de\/100-schloss-100-zeitgenoessisch\/","url":"https:\/\/www.chateau-montsoreau.com\/wordpress\/de\/100-schloss-100-zeitgenoessisch\/","name":"100 % Schloss 100% Zeitgen\u00f6ssisch | Ch\u00e2teau de Montsoreau-Mus\u00e9e d&#039;Art Contemporain","isPartOf":{"@id":"https:\/\/www.chateau-montsoreau.com\/wordpress\/#website"},"datePublished":"2019-11-24T14:01:27+00:00","dateModified":"2022-04-09T12:39:02+00:00","description":"Das Schloss Montsoreau \u2013 Museum f\u00fcr zeitgen\u00f6ssische Kunst liegt im Loiretal, einem UNESCO-Weltkulturerbe und beherbergt die Sammlung Philippe M\u00e9aille, die weltweit gr\u00f6\u00dfte Sammlung von Art & Language","breadcrumb":{"@id":"https:\/\/www.chateau-montsoreau.com\/wordpress\/de\/100-schloss-100-zeitgenoessisch\/#breadcrumb"},"inLanguage":"fr-FR","potentialAction":[{"@type":"ReadAction","target":["https:\/\/www.chateau-montsoreau.com\/wordpress\/de\/100-schloss-100-zeitgenoessisch\/"]}]},{"@type":"BreadcrumbList","@id":"https:\/\/www.chateau-montsoreau.com\/wordpress\/de\/100-schloss-100-zeitgenoessisch\/#breadcrumb","itemListElement":[{"@type":"ListItem","position":1,"name":"Accueil","item":"https:\/\/www.chateau-montsoreau.com\/wordpress\/fr\/"},{"@type":"ListItem","position":2,"name":"100 % Schloss 100% Zeitgen\u00f6ssisch"}]},{"@type":"WebSite","@id":"https:\/\/www.chateau-montsoreau.com\/wordpress\/#website","url":"https:\/\/www.chateau-montsoreau.com\/wordpress\/","name":"Ch\u00e2teau de Montsoreau-Mus\u00e9e d&#039;Art Contemporain","description":"Ch\u00e2teaux de la Loire Art Contemporain Art Conceptuel","publisher":{"@id":"https:\/\/www.chateau-montsoreau.com\/wordpress\/#organization"},"potentialAction":[{"@type":"SearchAction","target":{"@type":"EntryPoint","urlTemplate":"https:\/\/www.chateau-montsoreau.com\/wordpress\/?s={search_term_string}"},"query-input":{"@type":"PropertyValueSpecification","valueRequired":true,"valueName":"search_term_string"}}],"inLanguage":"fr-FR"},{"@type":"Organization","@id":"https:\/\/www.chateau-montsoreau.com\/wordpress\/#organization","name":"Ch\u00e2teau de Montsoreau - Mus\u00e9e d'art contemporain","url":"https:\/\/www.chateau-montsoreau.com\/wordpress\/","logo":{"@type":"ImageObject","inLanguage":"fr-FR","@id":"https:\/\/www.chateau-montsoreau.com\/wordpress\/#\/schema\/logo\/image\/","url":"https:\/\/www.chateau-montsoreau.com\/wordpress\/wp-content\/uploads\/2016\/03\/Logo-Montsoreau-tout-petit-1.png","contentUrl":"https:\/\/www.chateau-montsoreau.com\/wordpress\/wp-content\/uploads\/2016\/03\/Logo-Montsoreau-tout-petit-1.png","width":133,"height":133,"caption":"Ch\u00e2teau de Montsoreau - Mus\u00e9e d'art contemporain"},"image":{"@id":"https:\/\/www.chateau-montsoreau.com\/wordpress\/#\/schema\/logo\/image\/"},"sameAs":["https:\/\/www.facebook.com\/chateaudemontsoreau\/","https:\/\/x.com\/Cmontsoreau","https:\/\/www.instagram.com\/chateaudemontsoreau\/","http:\/\/www.pinterest.com\/Cmontsoreau"]}]}},"_links":{"self":[{"href":"https:\/\/www.chateau-montsoreau.com\/wordpress\/wp-json\/wp\/v2\/pages\/7147","targetHints":{"allow":["GET"]}}],"collection":[{"href":"https:\/\/www.chateau-montsoreau.com\/wordpress\/wp-json\/wp\/v2\/pages"}],"about":[{"href":"https:\/\/www.chateau-montsoreau.com\/wordpress\/wp-json\/wp\/v2\/types\/page"}],"author":[{"embeddable":true,"href":"https:\/\/www.chateau-montsoreau.com\/wordpress\/wp-json\/wp\/v2\/users\/5"}],"replies":[{"embeddable":true,"href":"https:\/\/www.chateau-montsoreau.com\/wordpress\/wp-json\/wp\/v2\/comments?post=7147"}],"version-history":[{"count":2,"href":"https:\/\/www.chateau-montsoreau.com\/wordpress\/wp-json\/wp\/v2\/pages\/7147\/revisions"}],"predecessor-version":[{"id":8439,"href":"https:\/\/www.chateau-montsoreau.com\/wordpress\/wp-json\/wp\/v2\/pages\/7147\/revisions\/8439"}],"wp:attachment":[{"href":"https:\/\/www.chateau-montsoreau.com\/wordpress\/wp-json\/wp\/v2\/media?parent=7147"}],"curies":[{"name":"wp","href":"https:\/\/api.w.org\/{rel}","templated":true}]}}