{"id":7153,"date":"2019-11-24T15:11:15","date_gmt":"2019-11-24T14:11:15","guid":{"rendered":"http:\/\/www.chateau-montsoreau.com\/wordpress\/?page_id=7153"},"modified":"2022-04-07T17:01:41","modified_gmt":"2022-04-07T16:01:41","slug":"die-ausgaben","status":"publish","type":"page","link":"https:\/\/www.chateau-montsoreau.com\/wordpress\/de\/die-ausgaben\/","title":{"rendered":"Die Ausgaben"},"content":{"rendered":"<p>Seit 2016 unterst\u00fctzt das Ch\u00e2teau de Montsoreau-Museum f\u00fcr zeitgen\u00f6ssische Kunst sein kulturelles Programm mit einer Verlagspolitik, die auf einer Sammlung von B\u00fcchern basiert, die mit den gro\u00dfen Wechselausstellungen verbunden sind. Diese B\u00fccher erm\u00f6glichen es uns, die Begegnung mit dem Werk des K\u00fcnstlers fortzusetzen.<\/p>\n<script type=\"text\/javascript\">(function($){$(document).ready(function($){ \"use strict\";var $win = $(window),$container = $(\"#ut-portfolio-items-7003\"),columns = 4,gutter = \"on\",gutterwidth = \"\",guttersize = \"1\",$sortedItems = \"\";function ut_call_isotope( update){if( $(window).width()> 1024){columns = 4;} if( $(window).width()<= 1024){columns = 3;} if( $(window).width()<= 767){columns = 2;} if( gutter === \"on\"){$container.children().width( Math.floor($container.width()\/ columns - ( ( 20 * guttersize)* ( columns - 1)\/ columns))).addClass(\"show\");gutterwidth = 20 * guttersize;} else {$container.children().width( Math.floor($container.width()\/ columns)).addClass(\"show\");gutterwidth = 0;}$container.isotope({itemSelector : \".ut-masonry\",animationEngine : \"best-available\",resizable: false,layoutMode: \"fitRows\",masonry: { columnWidth: $container.width()\/ columns - gutterwidth },itemPositionDataEnabled: true,onLayout: function (elems, instance){$win.trigger(\"scroll\");$container.addClass(\"animated\");elems.addClass(\"animated\");}}).isotope(\"reLayout\"); }function ut_update_isotope_grid(){if( $sortedItems){$container.find(\".last\").removeClass(\"last\");var i = columns - 1;$.each($sortedItems, function(key, value){if($(this).hasClass(\"isotope-hidden\")){i++;}if(((key-i)\/ columns)==0){$(this).addClass(\"last\");i = columns+i;}});$container.isotope(\"reLayout\",function(){ $.waypoints(\"refresh\");});}}$(window).smartresize(function(){ut_call_isotope();ut_update_isotope_grid();}); $(window).load(function(){ut_call_isotope();$sortedItems = $container.data(\"isotope\").$filteredAtoms;ut_update_isotope_grid(); $(\"#ut-portfolio-menu-7003 a\").each(function( index){var searchforclass = $(this).attr(\"data-filter\");if( !$(searchforclass).length){$(this).hide();}});$(\"#ut-portfolio-menu-7003 a\").click(function(){var selector = $(this).attr(\"data-filter\");$container.isotope({ filter: selector });ut_update_isotope_grid();if ( !$(this).hasClass(\"selected\")){$(this).parents(\"#ut-portfolio-menu-7003\").find(\".selected\").removeClass(\"selected\");$(this).addClass(\"selected\");}return false;});});});}(jQuery));<\/script><div id=\"ut-loader-7003\" class=\"ut-portfolio-detail-loader\"><i class=\"fa fa-refresh fa-spin\"><\/i><\/div><div id=\"ut-portfolio-details-wrap-7003\" class=\"ut-portfolio-details-wrap clearfix\"><div id=\"ut-portfolio-details-7003\" class=\"inner ut-portfolio-details\"><div class=\"ut-portfolio-details-navigation\"><a class=\"prev-portfolio-details\" data-wrap=\"7003\" href=\"#\"><\/a><a class=\"close-portfolio-details\" data-wrap=\"7003\" href=\"#\"><\/a><a class=\"next-portfolio-details\" data-wrap=\"7003\" href=\"#\"><\/a><\/div><div id=\"ut-portfolio-detail-7008\" class=\"animated ut-portfolio-detail clearfix\" data-post=\"7008\" data-format=\"\"><div class=\"grid-80 prefix-10 mobile-grid-100 tablet-grid-80 tablet-prefix-10 ut-portfolio-media\"><img class=\"ut-portfolio-image ut-load-me ut-square\" alt=\"PROTEST\" data-original=\"https:\/\/www.chateau-montsoreau.com\/wordpress\/wp-content\/uploads\/2017\/11\/une-encadr\u00e9e.jpg\"><\/div><div class=\"grid-70 prefix-15 mobile-grid-100 tablet-grid-70 tablet-prefix-15 entry-content clearfix\"><\/div><\/div><div id=\"ut-portfolio-detail-7007\" class=\"animated ut-portfolio-detail clearfix\" data-post=\"7007\" data-format=\"\"><div class=\"grid-80 prefix-10 mobile-grid-100 tablet-grid-80 tablet-prefix-10 ut-portfolio-media\"><img class=\"ut-portfolio-image ut-load-me ut-square\" alt=\"ART &#038; LANGUAGE: REALITY (DARK) FRAGMENTS (LIGHT)\" data-original=\"https:\/\/www.chateau-montsoreau.com\/wordpress\/wp-content\/uploads\/2019\/09\/couverture-recto.jpg\"><\/div><div class=\"grid-70 prefix-15 mobile-grid-100 tablet-grid-70 tablet-prefix-15 entry-content clearfix\"><\/div><\/div><\/div><\/div><div class=\"clear\"><\/div><div id=\"ut-portfolio-wrap\" class=\"ut-portfolio-wrap\" data-textcolor=\"#ffffff\" data-opacity=\"1\" data-hovercolor=\"221,51,51\"><a class=\"ut-portfolio-offset-anchor\" style=\"top:-120px;\" id=\"ut-portfolio-items-7003-anchor\"><\/a><div id=\"ut-portfolio-items-7003\" class=\"ut-portfolio-item-container\"><article class=\"the-editions-filt   ut-masonry gutter gutter-1 portfolio-style-one\"><div class=\"ut-portfolio-item ut-hover\"><a class=\"ut-square \" rel=\"bookmark\" title=\"ART &#038; LANGUAGE : HOME FROM HOME EXHIBITION KIT\" href=\"https:\/\/www.chateau-montsoreau.com\/wordpress\/portfolio-item\/art-language-home-from-home-exhibition-kit\/\" target=\"_self\"><figure><img loading=\"lazy\" decoding=\"async\" alt=\"ART &#038; LANGUAGE : HOME FROM HOME EXHIBITION KIT\" width=\"750\" height=\"750\" src=\"https:\/\/www.chateau-montsoreau.com\/wordpress\/wp-content\/plugins\/ut-portfolio\/i\/?w=750&amp;h=750\" class=\"portfolio-lazy\"  data-original=\"https:\/\/www.chateau-montsoreau.com\/wordpress\/wp-content\/uploads\/2021\/01\/KIT-HOME-FROM-HOME-750x750.jpg\" \/><\/figure><div class=\"ut-hover-layer\"><div class=\"ut-portfolio-info\"><div class=\"ut-portfolio-info-c\"><h2 class=\"portfolio-title\">ART &#038; LANGUAGE : HOME FROM HOME EXHIBITION KIT<\/h2><span>The editions<\/span><\/div><\/div><\/div><\/a><\/div><\/article><article class=\"the-editions-filt   ut-masonry gutter gutter-1 portfolio-style-one\"><div class=\"ut-portfolio-item ut-hover\"><a class=\"ut-square \" rel=\"bookmark\" title=\"AUTOPORTRAIT\" href=\"https:\/\/www.chateau-montsoreau.com\/wordpress\/portfolio-item\/autoportrait-2\/\" target=\"_self\"><figure><img loading=\"lazy\" decoding=\"async\" alt=\"AUTOPORTRAIT\" width=\"750\" height=\"750\" src=\"https:\/\/www.chateau-montsoreau.com\/wordpress\/wp-content\/plugins\/ut-portfolio\/i\/?w=750&amp;h=750\" class=\"portfolio-lazy\"  data-original=\"https:\/\/www.chateau-montsoreau.com\/wordpress\/wp-content\/uploads\/2021\/02\/autoportrait-couv-750x750.jpg\" \/><\/figure><div class=\"ut-hover-layer\"><div class=\"ut-portfolio-info\"><div class=\"ut-portfolio-info-c\"><h2 class=\"portfolio-title\">AUTOPORTRAIT<\/h2><span>The editions<\/span><\/div><\/div><\/div><\/a><\/div><\/article><article class=\"the-editions-filt   ut-masonry gutter gutter-1 portfolio-style-one\"><div class=\"ut-portfolio-item ut-hover\"><a class=\"ut-portfolio-link ut-square \" rel=\"bookmark\" title=\"PROTEST\" data-wrap=\"7003\" data-post=\"7008\" href=\"#ut-portfolio-details-wrap-7003\"><figure><img loading=\"lazy\" decoding=\"async\" alt=\"PROTEST\" width=\"750\" height=\"750\" src=\"https:\/\/www.chateau-montsoreau.com\/wordpress\/wp-content\/plugins\/ut-portfolio\/i\/?w=750&amp;h=750\" class=\"portfolio-lazy\"  data-original=\"https:\/\/www.chateau-montsoreau.com\/wordpress\/wp-content\/uploads\/2017\/11\/une-encadr\u00e9e-750x750.jpg\" \/><\/figure><div class=\"ut-hover-layer\"><div class=\"ut-portfolio-info\"><div class=\"ut-portfolio-info-c\"><h2 class=\"portfolio-title\">PROTEST<\/h2><span>The editions<\/span><\/div><\/div><\/div><\/a><\/div><\/article><article class=\"the-editions-filt  last ut-masonry gutter gutter-1 portfolio-style-one\"><div class=\"ut-portfolio-item ut-hover\"><a class=\"ut-portfolio-link ut-square \" rel=\"bookmark\" title=\"ART &#038; LANGUAGE: REALITY (DARK) FRAGMENTS (LIGHT)\" data-wrap=\"7003\" data-post=\"7007\" href=\"#ut-portfolio-details-wrap-7003\"><figure><img loading=\"lazy\" decoding=\"async\" alt=\"ART &#038; LANGUAGE: REALITY (DARK) FRAGMENTS (LIGHT)\" width=\"750\" height=\"750\" src=\"https:\/\/www.chateau-montsoreau.com\/wordpress\/wp-content\/plugins\/ut-portfolio\/i\/?w=750&amp;h=750\" class=\"portfolio-lazy\"  data-original=\"https:\/\/www.chateau-montsoreau.com\/wordpress\/wp-content\/uploads\/2019\/09\/couverture-recto-750x750.jpg\" \/><\/figure><div class=\"ut-hover-layer\"><div class=\"ut-portfolio-info\"><div class=\"ut-portfolio-info-c\"><h2 class=\"portfolio-title\">ART &#038; LANGUAGE: REALITY (DARK) FRAGMENTS (LIGHT)<\/h2><span>The editions<\/span><\/div><\/div><\/div><\/a><\/div><\/article><\/div><nav class=\"ut-portfolio-pagination clearfix style_two\"><a href=\"?paged=1&amp;portfolioID=7003&amp;termID=#ut-portfolio-items-7003-anchor\" class=\"selected\">1<\/a><a href=\"?paged=2&amp;portfolioID=7003&amp;termID=#ut-portfolio-items-7003-anchor\" class=\"\">2<\/a><a href=\"?paged=2&amp;portfolioID=7003&amp;termID=#ut-portfolio-items-7003-anchor\"><i class=\"fa fa-angle-double-right\"><\/i><\/a><\/nav><\/div>\n","protected":false},"excerpt":{"rendered":"<p>Seit 2016 unterst\u00fctzt das Ch\u00e2teau de Montsoreau-Museum f\u00fcr zeitgen\u00f6ssische Kunst sein kulturelles Programm mit einer Verlagspolitik, die auf einer Sammlung von B\u00fcchern basiert, die mit den gro\u00dfen Wechselausstellungen verbunden sind. Diese B\u00fccher erm\u00f6glichen es uns, die Begegnung mit dem Werk des K\u00fcnstlers fortzusetzen.<\/p>\n","protected":false},"author":5,"featured_media":0,"parent":0,"menu_order":0,"comment_status":"closed","ping_status":"closed","template":"","meta":{"footnotes":""},"class_list":["post-7153","page","type-page","status-publish","hentry"],"yoast_head":"<!-- This site is optimized with the Yoast SEO plugin v27.4 - https:\/\/yoast.com\/product\/yoast-seo-wordpress\/ -->\n<title>Die Ausgaben | Ch\u00e2teau de Montsoreau-Mus\u00e9e d&#039;Art Contemporain<\/title>\n<meta name=\"robots\" content=\"index, follow, max-snippet:-1, max-image-preview:large, max-video-preview:-1\" \/>\n<link rel=\"canonical\" href=\"https:\/\/www.chateau-montsoreau.com\/wordpress\/de\/die-ausgaben\/\" \/>\n<meta property=\"og:locale\" content=\"fr_FR\" \/>\n<meta property=\"og:type\" content=\"article\" \/>\n<meta property=\"og:title\" content=\"Die Ausgaben | Ch\u00e2teau de Montsoreau-Mus\u00e9e d&#039;Art Contemporain\" \/>\n<meta property=\"og:description\" content=\"Seit 2016 unterst\u00fctzt das Ch\u00e2teau de Montsoreau-Museum f\u00fcr zeitgen\u00f6ssische Kunst sein kulturelles Programm mit einer Verlagspolitik, die auf einer Sammlung von B\u00fcchern basiert, die mit den gro\u00dfen Wechselausstellungen verbunden sind. Diese B\u00fccher erm\u00f6glichen es uns, die Begegnung mit dem Werk des K\u00fcnstlers fortzusetzen.\" \/>\n<meta property=\"og:url\" content=\"https:\/\/www.chateau-montsoreau.com\/wordpress\/de\/die-ausgaben\/\" \/>\n<meta property=\"og:site_name\" content=\"Ch\u00e2teau de Montsoreau-Mus\u00e9e d&#039;Art Contemporain\" \/>\n<meta property=\"article:publisher\" content=\"https:\/\/www.facebook.com\/chateaudemontsoreau\/\" \/>\n<meta property=\"article:modified_time\" content=\"2022-04-07T16:01:41+00:00\" \/>\n<meta name=\"twitter:card\" content=\"summary_large_image\" \/>\n<meta name=\"twitter:site\" content=\"@Cmontsoreau\" \/>\n<meta name=\"twitter:label1\" content=\"Dur\u00e9e de lecture estim\u00e9e\" \/>\n\t<meta name=\"twitter:data1\" content=\"1 minute\" \/>\n<script type=\"application\/ld+json\" class=\"yoast-schema-graph\">{\"@context\":\"https:\\\/\\\/schema.org\",\"@graph\":[{\"@type\":\"WebPage\",\"@id\":\"https:\\\/\\\/www.chateau-montsoreau.com\\\/wordpress\\\/de\\\/die-ausgaben\\\/\",\"url\":\"https:\\\/\\\/www.chateau-montsoreau.com\\\/wordpress\\\/de\\\/die-ausgaben\\\/\",\"name\":\"Die Ausgaben | Ch\u00e2teau de Montsoreau-Mus\u00e9e d&#039;Art Contemporain\",\"isPartOf\":{\"@id\":\"https:\\\/\\\/www.chateau-montsoreau.com\\\/wordpress\\\/#website\"},\"datePublished\":\"2019-11-24T14:11:15+00:00\",\"dateModified\":\"2022-04-07T16:01:41+00:00\",\"breadcrumb\":{\"@id\":\"https:\\\/\\\/www.chateau-montsoreau.com\\\/wordpress\\\/de\\\/die-ausgaben\\\/#breadcrumb\"},\"inLanguage\":\"fr-FR\",\"potentialAction\":[{\"@type\":\"ReadAction\",\"target\":[\"https:\\\/\\\/www.chateau-montsoreau.com\\\/wordpress\\\/de\\\/die-ausgaben\\\/\"]}]},{\"@type\":\"BreadcrumbList\",\"@id\":\"https:\\\/\\\/www.chateau-montsoreau.com\\\/wordpress\\\/de\\\/die-ausgaben\\\/#breadcrumb\",\"itemListElement\":[{\"@type\":\"ListItem\",\"position\":1,\"name\":\"Accueil\",\"item\":\"https:\\\/\\\/www.chateau-montsoreau.com\\\/wordpress\\\/fr\\\/\"},{\"@type\":\"ListItem\",\"position\":2,\"name\":\"Die Ausgaben\"}]},{\"@type\":\"WebSite\",\"@id\":\"https:\\\/\\\/www.chateau-montsoreau.com\\\/wordpress\\\/#website\",\"url\":\"https:\\\/\\\/www.chateau-montsoreau.com\\\/wordpress\\\/\",\"name\":\"Ch\u00e2teau de Montsoreau-Mus\u00e9e d&#039;Art Contemporain\",\"description\":\"Ch\u00e2teaux de la Loire Art Contemporain Art Conceptuel\",\"publisher\":{\"@id\":\"https:\\\/\\\/www.chateau-montsoreau.com\\\/wordpress\\\/#organization\"},\"potentialAction\":[{\"@type\":\"SearchAction\",\"target\":{\"@type\":\"EntryPoint\",\"urlTemplate\":\"https:\\\/\\\/www.chateau-montsoreau.com\\\/wordpress\\\/?s={search_term_string}\"},\"query-input\":{\"@type\":\"PropertyValueSpecification\",\"valueRequired\":true,\"valueName\":\"search_term_string\"}}],\"inLanguage\":\"fr-FR\"},{\"@type\":\"Organization\",\"@id\":\"https:\\\/\\\/www.chateau-montsoreau.com\\\/wordpress\\\/#organization\",\"name\":\"Ch\u00e2teau de Montsoreau - Mus\u00e9e d'art contemporain\",\"url\":\"https:\\\/\\\/www.chateau-montsoreau.com\\\/wordpress\\\/\",\"logo\":{\"@type\":\"ImageObject\",\"inLanguage\":\"fr-FR\",\"@id\":\"https:\\\/\\\/www.chateau-montsoreau.com\\\/wordpress\\\/#\\\/schema\\\/logo\\\/image\\\/\",\"url\":\"https:\\\/\\\/www.chateau-montsoreau.com\\\/wordpress\\\/wp-content\\\/uploads\\\/2016\\\/03\\\/Logo-Montsoreau-tout-petit-1.png\",\"contentUrl\":\"https:\\\/\\\/www.chateau-montsoreau.com\\\/wordpress\\\/wp-content\\\/uploads\\\/2016\\\/03\\\/Logo-Montsoreau-tout-petit-1.png\",\"width\":133,\"height\":133,\"caption\":\"Ch\u00e2teau de Montsoreau - Mus\u00e9e d'art contemporain\"},\"image\":{\"@id\":\"https:\\\/\\\/www.chateau-montsoreau.com\\\/wordpress\\\/#\\\/schema\\\/logo\\\/image\\\/\"},\"sameAs\":[\"https:\\\/\\\/www.facebook.com\\\/chateaudemontsoreau\\\/\",\"https:\\\/\\\/x.com\\\/Cmontsoreau\",\"https:\\\/\\\/www.instagram.com\\\/chateaudemontsoreau\\\/\",\"http:\\\/\\\/www.pinterest.com\\\/Cmontsoreau\"]}]}<\/script>\n<!-- \/ Yoast SEO plugin. -->","yoast_head_json":{"title":"Die Ausgaben | Ch\u00e2teau de Montsoreau-Mus\u00e9e d&#039;Art Contemporain","robots":{"index":"index","follow":"follow","max-snippet":"max-snippet:-1","max-image-preview":"max-image-preview:large","max-video-preview":"max-video-preview:-1"},"canonical":"https:\/\/www.chateau-montsoreau.com\/wordpress\/de\/die-ausgaben\/","og_locale":"fr_FR","og_type":"article","og_title":"Die Ausgaben | Ch\u00e2teau de Montsoreau-Mus\u00e9e d&#039;Art Contemporain","og_description":"Seit 2016 unterst\u00fctzt das Ch\u00e2teau de Montsoreau-Museum f\u00fcr zeitgen\u00f6ssische Kunst sein kulturelles Programm mit einer Verlagspolitik, die auf einer Sammlung von B\u00fcchern basiert, die mit den gro\u00dfen Wechselausstellungen verbunden sind. Diese B\u00fccher erm\u00f6glichen es uns, die Begegnung mit dem Werk des K\u00fcnstlers fortzusetzen.","og_url":"https:\/\/www.chateau-montsoreau.com\/wordpress\/de\/die-ausgaben\/","og_site_name":"Ch\u00e2teau de Montsoreau-Mus\u00e9e d&#039;Art Contemporain","article_publisher":"https:\/\/www.facebook.com\/chateaudemontsoreau\/","article_modified_time":"2022-04-07T16:01:41+00:00","twitter_card":"summary_large_image","twitter_site":"@Cmontsoreau","twitter_misc":{"Dur\u00e9e de lecture estim\u00e9e":"1 minute"},"schema":{"@context":"https:\/\/schema.org","@graph":[{"@type":"WebPage","@id":"https:\/\/www.chateau-montsoreau.com\/wordpress\/de\/die-ausgaben\/","url":"https:\/\/www.chateau-montsoreau.com\/wordpress\/de\/die-ausgaben\/","name":"Die Ausgaben | Ch\u00e2teau de Montsoreau-Mus\u00e9e d&#039;Art Contemporain","isPartOf":{"@id":"https:\/\/www.chateau-montsoreau.com\/wordpress\/#website"},"datePublished":"2019-11-24T14:11:15+00:00","dateModified":"2022-04-07T16:01:41+00:00","breadcrumb":{"@id":"https:\/\/www.chateau-montsoreau.com\/wordpress\/de\/die-ausgaben\/#breadcrumb"},"inLanguage":"fr-FR","potentialAction":[{"@type":"ReadAction","target":["https:\/\/www.chateau-montsoreau.com\/wordpress\/de\/die-ausgaben\/"]}]},{"@type":"BreadcrumbList","@id":"https:\/\/www.chateau-montsoreau.com\/wordpress\/de\/die-ausgaben\/#breadcrumb","itemListElement":[{"@type":"ListItem","position":1,"name":"Accueil","item":"https:\/\/www.chateau-montsoreau.com\/wordpress\/fr\/"},{"@type":"ListItem","position":2,"name":"Die Ausgaben"}]},{"@type":"WebSite","@id":"https:\/\/www.chateau-montsoreau.com\/wordpress\/#website","url":"https:\/\/www.chateau-montsoreau.com\/wordpress\/","name":"Ch\u00e2teau de Montsoreau-Mus\u00e9e d&#039;Art Contemporain","description":"Ch\u00e2teaux de la Loire Art Contemporain Art Conceptuel","publisher":{"@id":"https:\/\/www.chateau-montsoreau.com\/wordpress\/#organization"},"potentialAction":[{"@type":"SearchAction","target":{"@type":"EntryPoint","urlTemplate":"https:\/\/www.chateau-montsoreau.com\/wordpress\/?s={search_term_string}"},"query-input":{"@type":"PropertyValueSpecification","valueRequired":true,"valueName":"search_term_string"}}],"inLanguage":"fr-FR"},{"@type":"Organization","@id":"https:\/\/www.chateau-montsoreau.com\/wordpress\/#organization","name":"Ch\u00e2teau de Montsoreau - Mus\u00e9e d'art contemporain","url":"https:\/\/www.chateau-montsoreau.com\/wordpress\/","logo":{"@type":"ImageObject","inLanguage":"fr-FR","@id":"https:\/\/www.chateau-montsoreau.com\/wordpress\/#\/schema\/logo\/image\/","url":"https:\/\/www.chateau-montsoreau.com\/wordpress\/wp-content\/uploads\/2016\/03\/Logo-Montsoreau-tout-petit-1.png","contentUrl":"https:\/\/www.chateau-montsoreau.com\/wordpress\/wp-content\/uploads\/2016\/03\/Logo-Montsoreau-tout-petit-1.png","width":133,"height":133,"caption":"Ch\u00e2teau de Montsoreau - Mus\u00e9e d'art contemporain"},"image":{"@id":"https:\/\/www.chateau-montsoreau.com\/wordpress\/#\/schema\/logo\/image\/"},"sameAs":["https:\/\/www.facebook.com\/chateaudemontsoreau\/","https:\/\/x.com\/Cmontsoreau","https:\/\/www.instagram.com\/chateaudemontsoreau\/","http:\/\/www.pinterest.com\/Cmontsoreau"]}]}},"_links":{"self":[{"href":"https:\/\/www.chateau-montsoreau.com\/wordpress\/wp-json\/wp\/v2\/pages\/7153","targetHints":{"allow":["GET"]}}],"collection":[{"href":"https:\/\/www.chateau-montsoreau.com\/wordpress\/wp-json\/wp\/v2\/pages"}],"about":[{"href":"https:\/\/www.chateau-montsoreau.com\/wordpress\/wp-json\/wp\/v2\/types\/page"}],"author":[{"embeddable":true,"href":"https:\/\/www.chateau-montsoreau.com\/wordpress\/wp-json\/wp\/v2\/users\/5"}],"replies":[{"embeddable":true,"href":"https:\/\/www.chateau-montsoreau.com\/wordpress\/wp-json\/wp\/v2\/comments?post=7153"}],"version-history":[{"count":2,"href":"https:\/\/www.chateau-montsoreau.com\/wordpress\/wp-json\/wp\/v2\/pages\/7153\/revisions"}],"predecessor-version":[{"id":8478,"href":"https:\/\/www.chateau-montsoreau.com\/wordpress\/wp-json\/wp\/v2\/pages\/7153\/revisions\/8478"}],"wp:attachment":[{"href":"https:\/\/www.chateau-montsoreau.com\/wordpress\/wp-json\/wp\/v2\/media?parent=7153"}],"curies":[{"name":"wp","href":"https:\/\/api.w.org\/{rel}","templated":true}]}}