{"id":7181,"date":"2019-11-24T15:37:45","date_gmt":"2019-11-24T14:37:45","guid":{"rendered":"http:\/\/www.chateau-montsoreau.com\/wordpress\/?page_id=7181"},"modified":"2022-04-09T13:41:19","modified_gmt":"2022-04-09T12:41:19","slug":"buchhandlung","status":"publish","type":"page","link":"https:\/\/www.chateau-montsoreau.com\/wordpress\/de\/buchhandlung\/","title":{"rendered":"Buchhandlung"},"content":{"rendered":"<p style=\"text-align: left;\">Die Buchhandlung befindet sich im Herzen des Museums und ist f\u00fcr die Besucher des Schlosses und die breite \u00d6ffentlichkeit zug\u00e4nglich.<br \/>\nIn einer entspannten Atmosph\u00e4re, die zum Entdecken einl\u00e4dt, bietet die Buchhandlung eine gro\u00dfe Auswahl an B\u00fcchern, von Fachzeitschriften bis hin zu Entdeckungsb\u00fcchern \u00fcber Kunst, Geisteswissenschaften, Philosophie oder Gastronomie.<br \/>\nEine dem jungen Publikum gewidmete Abteilung bietet Spiele und B\u00fccher, um Kinder f\u00fcr Kunst und Geschichte zu begeistern.<br \/>\nSie beleuchtet die k\u00fcnstlerischen Angebote und aktuellen Ereignisse des Ch\u00e2teau de Montsoreau-Museums f\u00fcr zeitgen\u00f6ssische Kunst, indem sie Kataloge von Wechselausstellungen vorschl\u00e4gt.<br \/>\nUnser Team hei\u00dft Sie herzlich willkommen und teilt mit Ihnen sein Lesevergn\u00fcgen und seine literarischen Lieblinge.<br \/>\nDie Buchhandlung organisiert regelm\u00e4\u00dfig Treffen mit Autoren, Widmungen und Konferenzen.<br \/>\nUm auf dem Laufenden zu bleiben, besuchen Sie uns auf&nbsp; <a href=\"https:\/\/www.facebook.com\/chateaudemontsoreau\/?ref=bookmarks\"><img loading=\"lazy\" decoding=\"async\" class=\"alignnone wp-image-5379\" src=\"http:\/\/www.chateau-montsoreau.com\/wordpress\/wp-content\/uploads\/2016\/03\/fb_icon_325x325-300x300.png\" alt=\"\" width=\"18\" height=\"18\" srcset=\"https:\/\/www.chateau-montsoreau.com\/wordpress\/wp-content\/uploads\/2016\/03\/fb_icon_325x325-300x300.png 300w, https:\/\/www.chateau-montsoreau.com\/wordpress\/wp-content\/uploads\/2016\/03\/fb_icon_325x325-100x100.png 100w, https:\/\/www.chateau-montsoreau.com\/wordpress\/wp-content\/uploads\/2016\/03\/fb_icon_325x325-150x150.png 150w, https:\/\/www.chateau-montsoreau.com\/wordpress\/wp-content\/uploads\/2016\/03\/fb_icon_325x325.png 325w\" sizes=\"auto, (max-width: 18px) 100vw, 18px\" \/><\/a><\/p>\n<p><img loading=\"lazy\" decoding=\"async\" class=\"aligncenter wp-image-5336 size-large\" src=\"http:\/\/www.chateau-montsoreau.com\/wordpress\/wp-content\/uploads\/2016\/10\/boutique-1024x768.jpg\" alt=\"boutique\" width=\"1024\" height=\"768\"><\/p>\n<h3 style=\"text-align: center;\"><\/h3>\n<h3 style=\"text-align: center;\"><\/h3>\n<h3 style=\"text-align: center;\"><\/h3>\n<h3 style=\"text-align: center;\"><\/h3>\n<h3 style=\"text-align: center;\"><\/h3>\n<p style=\"text-align: left;\">Die Buchhandlung bietet auch eine Auswahl an Geschenken und Gegenst\u00e4nden, um ein unerwartetes und hochwertiges Geschenk zu finden.<\/p>\n<div  class=\"ut-one-half  \"> <img loading=\"lazy\" decoding=\"async\" class=\"aligncenter wp-image-5339 size-full\" src=\"http:\/\/www.chateau-montsoreau.com\/wordpress\/wp-content\/uploads\/2016\/10\/le-buisson.jpg\" alt=\"\" width=\"1000\" height=\"1500\"> <\/div>\n<div  class=\"ut-one-half ut-column-last  \">\n<p><img loading=\"lazy\" decoding=\"async\" class=\"aligncenter wp-image-5388 \" src=\"http:\/\/www.chateau-montsoreau.com\/wordpress\/wp-content\/uploads\/2016\/03\/Jacques-Halbert-2.jpg\" alt=\"jacques-halbert-2\" width=\"820\" height=\"574\" srcset=\"https:\/\/www.chateau-montsoreau.com\/wordpress\/wp-content\/uploads\/2016\/03\/Jacques-Halbert-2.jpg 500w, https:\/\/www.chateau-montsoreau.com\/wordpress\/wp-content\/uploads\/2016\/03\/Jacques-Halbert-2-300x210.jpg 300w\" sizes=\"auto, (max-width: 820px) 100vw, 820px\" \/><\/p>\n<h2 style=\"text-align: justify;\"><strong>Ein Jahr, ein K\u00fcnstler<\/strong><\/h2>\n<p><span style=\"font-size: revert; color: initial;\">Jedes Jahr widmet die Buchhandlung-Boutique eines ihrer Schaufenster einem bekannten K\u00fcnstler. Im Jahr 2016 stellt die Buchhandlung den K\u00fcnstler <a href=\"https:\/\/jacqueshalbert.com\/\">Jacques Halbert<\/a> mit seinen kulinarischen und emblematischen Werken mit Kirschmotiven vor.<\/span><\/p>\n<p>Jacques Halbert wurde 1955 in Bourgueil geboren. Nachdem er etwa zwanzig Jahre in den Vereinigten Staaten verbracht hat, lebt und arbeitet er heute in Candes-Saint-Martin. \u00ab\u00a0Im Jahr 1975 malte er seine erste Kirsche. Von da an hat dieses gierige Motiv nicht mehr aufgeh\u00f6rt, sein produktives Werk zu n\u00e4hren und die monochrome, vorzugsweise blaue Oberfl\u00e4che seiner Leinw\u00e4nde mit regelm\u00e4\u00dfigen Rhythmen oder zuf\u00e4lligen Kompositionen zu beleben. Das Motiv der Kirsche als Behauptung seiner k\u00fcnstlerischen Position f\u00fchrte den K\u00fcnstler von der Malerei zur Performance, von Frankreich in die Vereinigten Staaten, wo er mit ihm das Abenteuer Fluxus teilte oder sich mit den Erfahrungen der Eat Art verband, aber alle erforschten Wege, wie die verschiedenen verwendeten Medien und Tr\u00e4ger, konnten nie die tiefe Verbundenheit des K\u00fcnstlers mit der Malerei entthronen, die f\u00fcr ihn die grundlegende Praxis bleibt. Auch wenn er sich regelm\u00e4\u00dfig anderen, ebenfalls kulinarischen Themen zuwendet, wie Erbsen, R\u00e4ucherkartoffeln oder gratinierten Gem\u00e4lden, ist die Kirsche das einzige Motiv, das in seinem Werk seit drei\u00dfig Jahren durchgehend verwendet wird. \u00a0\u00bb (Delphine Masson).<\/p>\n<\/div><div class=\"clear\"><\/div>\n<div  class=\"ut-one-half  \">\n<h2 style=\"text-align: justify;\">\u00a0\u00bb Le Buisson \u00a0\u00bb Schmuck<\/h2>\n<p style=\"text-align: justify;\">In der Boutique werden die Kreationen von <a href=\"https:\/\/www.lebuissonparis.com\/\">Le Buisson<\/a> pr\u00e4sentiert, einem Verleger von kostbarem und ausgefallenem Schmuck mit einem Design, das sich von anderen unterscheidet.<br \/>\nDie Schmuckst\u00fccke von Le Buisson entspringen der zeitgen\u00f6ssischen Vorstellungskraft und bieten eine neue Sichtweise auf die zeitlosen Funktionen von Schmuckst\u00fccken. Sie sind die Talismane von heute, Objekte zum Anfassen und zum Anschauen. Sie vereinen Humor und N\u00fcchternheit, formale Erfindung und perfekte Ausf\u00fchrung. Sie sind luxuri\u00f6s und bleiben dennoch einfach und elegant. Es sind intelligente und fr\u00f6hliche Schmuckst\u00fccke, die ohne Affektiertheit getragen werden k\u00f6nnen. Schmuckst\u00fccke f\u00fcr M\u00e4nner und Frauen, denen die Originalit\u00e4t des Konzepts und die perfekte Qualit\u00e4t der Ausf\u00fchrung gemeinsam sind.<br \/>\nDie Kollektion wurde von Matali Crasset, Genevi\u00e8ve Gauckler, Th\u00e9o Mercier, Petra Mrzyk &amp; Jean-Fran\u00e7ois Moriceau, Pupsam, und Jean-Luc Verna entworfen.<br \/>\n<strong><br \/>\n<\/strong><\/p>\n<\/div>\n<div  class=\"ut-one-half ut-column-last  \">\n<h2>Dana Wyse: Erf\u00fcllen Sie sich alle Ihre W\u00fcnsche<\/h2>\n<p>Dana Wyse ist eine kanadische Schriftstellerin und K\u00fcnstlerin. Im Jahr 1991 erwarb sie ihren Bachelor of Fine Arts an der University of British Columbia. Sie lebt und arbeitet in Vancouver, Kanada.<br \/>\n1996 begann Wyse mit ihrem bekanntesten Werk, einer Installation zum Thema Pille namens <a href=\"https:\/\/www.facebook.com\/jesushadasisterproductions\">Jesus Had A Sister Production<\/a>. Es handelt sich um ein fortlaufendes Werk, dem der K\u00fcnstler jedes Jahr neue Elemente hinzuf\u00fcgt. Mit Humor und Ironie behandelt Dana Wyse in seiner Apotheke universelle Themen wie Geschlecht, Rasse, Existenz, Spiritualit\u00e4t, Tod, Politik, Sexualit\u00e4t, Identit\u00e4t, Tr\u00e4ume und Krieg. Sein Werk seziert auch menschliche Beziehungen wie Vertrauen, Liebe, Kommunikation, Vergn\u00fcgen und Macht. Das utopische Streben des Menschen nach Perfektion, die sofort erreicht werden kann, ist die grundlegende Philosophie von Jesus Had A Sister Productions. In den 1960er Jahren bezog Dana Wyse Bilder aus der Werbung in ihre Arbeit ein, um die Absurdit\u00e4t dieser Bilder sowie das Verlangen der M\u00e4nner nach Shopping und Massenkonsum zu verdeutlichen. Dana Wyse ist Co-Autorin von zwei B\u00fcchern.<\/p>\n<p><img loading=\"lazy\" decoding=\"async\" class=\"aligncenter wp-image-5904 size-full\" src=\"http:\/\/www.chateau-montsoreau.com\/wordpress\/wp-content\/uploads\/2016\/03\/STAY-IN-LOVE-copyright-1998.jpg\" alt=\"\" width=\"1500\" height=\"1975\"><\/p>\n<p><strong>Buchhandlung<\/strong><br \/>\nTelefon : + 33 (0)2 41 67 12 60<br \/>\ncontact.chateaudemontsoreau@gmail.com<\/p>\n<\/div><div class=\"clear\"><\/div>\n<p style=\"text-align: center;\">\n","protected":false},"excerpt":{"rendered":"<p>Die Buchhandlung befindet sich im Herzen des Museums und ist f\u00fcr die Besucher des Schlosses und die breite \u00d6ffentlichkeit zug\u00e4nglich. In einer entspannten Atmosph\u00e4re, die zum Entdecken einl\u00e4dt, bietet die Buchhandlung eine gro\u00dfe Auswahl an B\u00fcchern, von Fachzeitschriften bis hin zu Entdeckungsb\u00fcchern \u00fcber Kunst, Geisteswissenschaften, Philosophie oder Gastronomie. Eine dem jungen Publikum gewidmete Abteilung bietet [&hellip;]<\/p>\n","protected":false},"author":5,"featured_media":0,"parent":0,"menu_order":5,"comment_status":"closed","ping_status":"closed","template":"","meta":{"footnotes":""},"class_list":["post-7181","page","type-page","status-publish","hentry"],"yoast_head":"<!-- This site is optimized with the Yoast SEO plugin v27.4 - https:\/\/yoast.com\/product\/yoast-seo-wordpress\/ -->\n<title>Buchhandlung | Ch\u00e2teau de Montsoreau-Mus\u00e9e d&#039;Art Contemporain<\/title>\n<meta name=\"robots\" content=\"index, follow, max-snippet:-1, max-image-preview:large, max-video-preview:-1\" \/>\n<link rel=\"canonical\" href=\"https:\/\/www.chateau-montsoreau.com\/wordpress\/de\/buchhandlung\/\" \/>\n<meta property=\"og:locale\" content=\"fr_FR\" \/>\n<meta property=\"og:type\" content=\"article\" \/>\n<meta property=\"og:title\" content=\"Buchhandlung | Ch\u00e2teau de Montsoreau-Mus\u00e9e d&#039;Art Contemporain\" \/>\n<meta property=\"og:description\" content=\"Die Buchhandlung befindet sich im Herzen des Museums und ist f\u00fcr die Besucher des Schlosses und die breite \u00d6ffentlichkeit zug\u00e4nglich. In einer entspannten Atmosph\u00e4re, die zum Entdecken einl\u00e4dt, bietet die Buchhandlung eine gro\u00dfe Auswahl an B\u00fcchern, von Fachzeitschriften bis hin zu Entdeckungsb\u00fcchern \u00fcber Kunst, Geisteswissenschaften, Philosophie oder Gastronomie. Eine dem jungen Publikum gewidmete Abteilung bietet [&hellip;]\" \/>\n<meta property=\"og:url\" content=\"https:\/\/www.chateau-montsoreau.com\/wordpress\/de\/buchhandlung\/\" \/>\n<meta property=\"og:site_name\" content=\"Ch\u00e2teau de Montsoreau-Mus\u00e9e d&#039;Art Contemporain\" \/>\n<meta property=\"article:publisher\" content=\"https:\/\/www.facebook.com\/chateaudemontsoreau\/\" \/>\n<meta property=\"article:modified_time\" content=\"2022-04-09T12:41:19+00:00\" \/>\n<meta property=\"og:image\" content=\"http:\/\/www.chateau-montsoreau.com\/wordpress\/wp-content\/uploads\/2016\/03\/fb_icon_325x325-300x300.png\" \/>\n<meta name=\"twitter:card\" content=\"summary_large_image\" \/>\n<meta name=\"twitter:site\" content=\"@Cmontsoreau\" \/>\n<meta name=\"twitter:label1\" content=\"Dur\u00e9e de lecture estim\u00e9e\" \/>\n\t<meta name=\"twitter:data1\" content=\"5 minutes\" \/>\n<script type=\"application\/ld+json\" class=\"yoast-schema-graph\">{\"@context\":\"https:\\\/\\\/schema.org\",\"@graph\":[{\"@type\":\"WebPage\",\"@id\":\"https:\\\/\\\/www.chateau-montsoreau.com\\\/wordpress\\\/de\\\/buchhandlung\\\/\",\"url\":\"https:\\\/\\\/www.chateau-montsoreau.com\\\/wordpress\\\/de\\\/buchhandlung\\\/\",\"name\":\"Buchhandlung | Ch\u00e2teau de Montsoreau-Mus\u00e9e d&#039;Art Contemporain\",\"isPartOf\":{\"@id\":\"https:\\\/\\\/www.chateau-montsoreau.com\\\/wordpress\\\/#website\"},\"primaryImageOfPage\":{\"@id\":\"https:\\\/\\\/www.chateau-montsoreau.com\\\/wordpress\\\/de\\\/buchhandlung\\\/#primaryimage\"},\"image\":{\"@id\":\"https:\\\/\\\/www.chateau-montsoreau.com\\\/wordpress\\\/de\\\/buchhandlung\\\/#primaryimage\"},\"thumbnailUrl\":\"http:\\\/\\\/www.chateau-montsoreau.com\\\/wordpress\\\/wp-content\\\/uploads\\\/2016\\\/03\\\/fb_icon_325x325-300x300.png\",\"datePublished\":\"2019-11-24T14:37:45+00:00\",\"dateModified\":\"2022-04-09T12:41:19+00:00\",\"breadcrumb\":{\"@id\":\"https:\\\/\\\/www.chateau-montsoreau.com\\\/wordpress\\\/de\\\/buchhandlung\\\/#breadcrumb\"},\"inLanguage\":\"fr-FR\",\"potentialAction\":[{\"@type\":\"ReadAction\",\"target\":[\"https:\\\/\\\/www.chateau-montsoreau.com\\\/wordpress\\\/de\\\/buchhandlung\\\/\"]}]},{\"@type\":\"ImageObject\",\"inLanguage\":\"fr-FR\",\"@id\":\"https:\\\/\\\/www.chateau-montsoreau.com\\\/wordpress\\\/de\\\/buchhandlung\\\/#primaryimage\",\"url\":\"http:\\\/\\\/www.chateau-montsoreau.com\\\/wordpress\\\/wp-content\\\/uploads\\\/2016\\\/03\\\/fb_icon_325x325-300x300.png\",\"contentUrl\":\"http:\\\/\\\/www.chateau-montsoreau.com\\\/wordpress\\\/wp-content\\\/uploads\\\/2016\\\/03\\\/fb_icon_325x325-300x300.png\"},{\"@type\":\"BreadcrumbList\",\"@id\":\"https:\\\/\\\/www.chateau-montsoreau.com\\\/wordpress\\\/de\\\/buchhandlung\\\/#breadcrumb\",\"itemListElement\":[{\"@type\":\"ListItem\",\"position\":1,\"name\":\"Accueil\",\"item\":\"https:\\\/\\\/www.chateau-montsoreau.com\\\/wordpress\\\/fr\\\/\"},{\"@type\":\"ListItem\",\"position\":2,\"name\":\"Buchhandlung\"}]},{\"@type\":\"WebSite\",\"@id\":\"https:\\\/\\\/www.chateau-montsoreau.com\\\/wordpress\\\/#website\",\"url\":\"https:\\\/\\\/www.chateau-montsoreau.com\\\/wordpress\\\/\",\"name\":\"Ch\u00e2teau de Montsoreau-Mus\u00e9e d&#039;Art Contemporain\",\"description\":\"Ch\u00e2teaux de la Loire Art Contemporain Art Conceptuel\",\"publisher\":{\"@id\":\"https:\\\/\\\/www.chateau-montsoreau.com\\\/wordpress\\\/#organization\"},\"potentialAction\":[{\"@type\":\"SearchAction\",\"target\":{\"@type\":\"EntryPoint\",\"urlTemplate\":\"https:\\\/\\\/www.chateau-montsoreau.com\\\/wordpress\\\/?s={search_term_string}\"},\"query-input\":{\"@type\":\"PropertyValueSpecification\",\"valueRequired\":true,\"valueName\":\"search_term_string\"}}],\"inLanguage\":\"fr-FR\"},{\"@type\":\"Organization\",\"@id\":\"https:\\\/\\\/www.chateau-montsoreau.com\\\/wordpress\\\/#organization\",\"name\":\"Ch\u00e2teau de Montsoreau - Mus\u00e9e d'art contemporain\",\"url\":\"https:\\\/\\\/www.chateau-montsoreau.com\\\/wordpress\\\/\",\"logo\":{\"@type\":\"ImageObject\",\"inLanguage\":\"fr-FR\",\"@id\":\"https:\\\/\\\/www.chateau-montsoreau.com\\\/wordpress\\\/#\\\/schema\\\/logo\\\/image\\\/\",\"url\":\"https:\\\/\\\/www.chateau-montsoreau.com\\\/wordpress\\\/wp-content\\\/uploads\\\/2016\\\/03\\\/Logo-Montsoreau-tout-petit-1.png\",\"contentUrl\":\"https:\\\/\\\/www.chateau-montsoreau.com\\\/wordpress\\\/wp-content\\\/uploads\\\/2016\\\/03\\\/Logo-Montsoreau-tout-petit-1.png\",\"width\":133,\"height\":133,\"caption\":\"Ch\u00e2teau de Montsoreau - Mus\u00e9e d'art contemporain\"},\"image\":{\"@id\":\"https:\\\/\\\/www.chateau-montsoreau.com\\\/wordpress\\\/#\\\/schema\\\/logo\\\/image\\\/\"},\"sameAs\":[\"https:\\\/\\\/www.facebook.com\\\/chateaudemontsoreau\\\/\",\"https:\\\/\\\/x.com\\\/Cmontsoreau\",\"https:\\\/\\\/www.instagram.com\\\/chateaudemontsoreau\\\/\",\"http:\\\/\\\/www.pinterest.com\\\/Cmontsoreau\"]}]}<\/script>\n<!-- \/ Yoast SEO plugin. -->","yoast_head_json":{"title":"Buchhandlung | Ch\u00e2teau de Montsoreau-Mus\u00e9e d&#039;Art Contemporain","robots":{"index":"index","follow":"follow","max-snippet":"max-snippet:-1","max-image-preview":"max-image-preview:large","max-video-preview":"max-video-preview:-1"},"canonical":"https:\/\/www.chateau-montsoreau.com\/wordpress\/de\/buchhandlung\/","og_locale":"fr_FR","og_type":"article","og_title":"Buchhandlung | Ch\u00e2teau de Montsoreau-Mus\u00e9e d&#039;Art Contemporain","og_description":"Die Buchhandlung befindet sich im Herzen des Museums und ist f\u00fcr die Besucher des Schlosses und die breite \u00d6ffentlichkeit zug\u00e4nglich. In einer entspannten Atmosph\u00e4re, die zum Entdecken einl\u00e4dt, bietet die Buchhandlung eine gro\u00dfe Auswahl an B\u00fcchern, von Fachzeitschriften bis hin zu Entdeckungsb\u00fcchern \u00fcber Kunst, Geisteswissenschaften, Philosophie oder Gastronomie. Eine dem jungen Publikum gewidmete Abteilung bietet [&hellip;]","og_url":"https:\/\/www.chateau-montsoreau.com\/wordpress\/de\/buchhandlung\/","og_site_name":"Ch\u00e2teau de Montsoreau-Mus\u00e9e d&#039;Art Contemporain","article_publisher":"https:\/\/www.facebook.com\/chateaudemontsoreau\/","article_modified_time":"2022-04-09T12:41:19+00:00","og_image":[{"url":"http:\/\/www.chateau-montsoreau.com\/wordpress\/wp-content\/uploads\/2016\/03\/fb_icon_325x325-300x300.png","type":"","width":"","height":""}],"twitter_card":"summary_large_image","twitter_site":"@Cmontsoreau","twitter_misc":{"Dur\u00e9e de lecture estim\u00e9e":"5 minutes"},"schema":{"@context":"https:\/\/schema.org","@graph":[{"@type":"WebPage","@id":"https:\/\/www.chateau-montsoreau.com\/wordpress\/de\/buchhandlung\/","url":"https:\/\/www.chateau-montsoreau.com\/wordpress\/de\/buchhandlung\/","name":"Buchhandlung | Ch\u00e2teau de Montsoreau-Mus\u00e9e d&#039;Art Contemporain","isPartOf":{"@id":"https:\/\/www.chateau-montsoreau.com\/wordpress\/#website"},"primaryImageOfPage":{"@id":"https:\/\/www.chateau-montsoreau.com\/wordpress\/de\/buchhandlung\/#primaryimage"},"image":{"@id":"https:\/\/www.chateau-montsoreau.com\/wordpress\/de\/buchhandlung\/#primaryimage"},"thumbnailUrl":"http:\/\/www.chateau-montsoreau.com\/wordpress\/wp-content\/uploads\/2016\/03\/fb_icon_325x325-300x300.png","datePublished":"2019-11-24T14:37:45+00:00","dateModified":"2022-04-09T12:41:19+00:00","breadcrumb":{"@id":"https:\/\/www.chateau-montsoreau.com\/wordpress\/de\/buchhandlung\/#breadcrumb"},"inLanguage":"fr-FR","potentialAction":[{"@type":"ReadAction","target":["https:\/\/www.chateau-montsoreau.com\/wordpress\/de\/buchhandlung\/"]}]},{"@type":"ImageObject","inLanguage":"fr-FR","@id":"https:\/\/www.chateau-montsoreau.com\/wordpress\/de\/buchhandlung\/#primaryimage","url":"http:\/\/www.chateau-montsoreau.com\/wordpress\/wp-content\/uploads\/2016\/03\/fb_icon_325x325-300x300.png","contentUrl":"http:\/\/www.chateau-montsoreau.com\/wordpress\/wp-content\/uploads\/2016\/03\/fb_icon_325x325-300x300.png"},{"@type":"BreadcrumbList","@id":"https:\/\/www.chateau-montsoreau.com\/wordpress\/de\/buchhandlung\/#breadcrumb","itemListElement":[{"@type":"ListItem","position":1,"name":"Accueil","item":"https:\/\/www.chateau-montsoreau.com\/wordpress\/fr\/"},{"@type":"ListItem","position":2,"name":"Buchhandlung"}]},{"@type":"WebSite","@id":"https:\/\/www.chateau-montsoreau.com\/wordpress\/#website","url":"https:\/\/www.chateau-montsoreau.com\/wordpress\/","name":"Ch\u00e2teau de Montsoreau-Mus\u00e9e d&#039;Art Contemporain","description":"Ch\u00e2teaux de la Loire Art Contemporain Art Conceptuel","publisher":{"@id":"https:\/\/www.chateau-montsoreau.com\/wordpress\/#organization"},"potentialAction":[{"@type":"SearchAction","target":{"@type":"EntryPoint","urlTemplate":"https:\/\/www.chateau-montsoreau.com\/wordpress\/?s={search_term_string}"},"query-input":{"@type":"PropertyValueSpecification","valueRequired":true,"valueName":"search_term_string"}}],"inLanguage":"fr-FR"},{"@type":"Organization","@id":"https:\/\/www.chateau-montsoreau.com\/wordpress\/#organization","name":"Ch\u00e2teau de Montsoreau - Mus\u00e9e d'art contemporain","url":"https:\/\/www.chateau-montsoreau.com\/wordpress\/","logo":{"@type":"ImageObject","inLanguage":"fr-FR","@id":"https:\/\/www.chateau-montsoreau.com\/wordpress\/#\/schema\/logo\/image\/","url":"https:\/\/www.chateau-montsoreau.com\/wordpress\/wp-content\/uploads\/2016\/03\/Logo-Montsoreau-tout-petit-1.png","contentUrl":"https:\/\/www.chateau-montsoreau.com\/wordpress\/wp-content\/uploads\/2016\/03\/Logo-Montsoreau-tout-petit-1.png","width":133,"height":133,"caption":"Ch\u00e2teau de Montsoreau - Mus\u00e9e d'art contemporain"},"image":{"@id":"https:\/\/www.chateau-montsoreau.com\/wordpress\/#\/schema\/logo\/image\/"},"sameAs":["https:\/\/www.facebook.com\/chateaudemontsoreau\/","https:\/\/x.com\/Cmontsoreau","https:\/\/www.instagram.com\/chateaudemontsoreau\/","http:\/\/www.pinterest.com\/Cmontsoreau"]}]}},"_links":{"self":[{"href":"https:\/\/www.chateau-montsoreau.com\/wordpress\/wp-json\/wp\/v2\/pages\/7181","targetHints":{"allow":["GET"]}}],"collection":[{"href":"https:\/\/www.chateau-montsoreau.com\/wordpress\/wp-json\/wp\/v2\/pages"}],"about":[{"href":"https:\/\/www.chateau-montsoreau.com\/wordpress\/wp-json\/wp\/v2\/types\/page"}],"author":[{"embeddable":true,"href":"https:\/\/www.chateau-montsoreau.com\/wordpress\/wp-json\/wp\/v2\/users\/5"}],"replies":[{"embeddable":true,"href":"https:\/\/www.chateau-montsoreau.com\/wordpress\/wp-json\/wp\/v2\/comments?post=7181"}],"version-history":[{"count":6,"href":"https:\/\/www.chateau-montsoreau.com\/wordpress\/wp-json\/wp\/v2\/pages\/7181\/revisions"}],"predecessor-version":[{"id":8483,"href":"https:\/\/www.chateau-montsoreau.com\/wordpress\/wp-json\/wp\/v2\/pages\/7181\/revisions\/8483"}],"wp:attachment":[{"href":"https:\/\/www.chateau-montsoreau.com\/wordpress\/wp-json\/wp\/v2\/media?parent=7181"}],"curies":[{"name":"wp","href":"https:\/\/api.w.org\/{rel}","templated":true}]}}