{"id":7186,"date":"2019-11-24T15:55:10","date_gmt":"2019-11-24T14:55:10","guid":{"rendered":"http:\/\/www.chateau-montsoreau.com\/wordpress\/?page_id=7186"},"modified":"2022-04-09T13:50:15","modified_gmt":"2022-04-09T12:50:15","slug":"schloss-montsoreau-museum-fuer-zeitgenoessische-kunst","status":"publish","type":"page","link":"https:\/\/www.chateau-montsoreau.com\/wordpress\/de\/","title":{"rendered":"Home"},"content":{"rendered":"<h2 style=\"text-align: center;\">Schloss Montsoreau \u2013 Museum f\u00fcr zeitgen\u00f6ssische Kunst,<br \/>\nLoiretal<\/h2>\n<p style=\"text-align: center;\">Das Ch\u00e2teau de Montsoreau-Mus\u00e9e d&rsquo;Art Contemporain besitzt den weltweit gr\u00f6\u00dften Bestand an Werken der Art &amp; Language-Bewegung. Es befindet sich im Loiretal, das von UNESCO zum Weltkulturerbe erkl\u00e4rt wurde, im D\u00e9partement Maine-et-Loire in der Gemeinde Montsoreau zwischen Angers und Tours.<\/p>\n<p style=\"text-align: center;\"><img loading=\"lazy\" decoding=\"async\" class=\"aligncenter wp-image-5881 size-full\" src=\"http:\/\/www.chateau-montsoreau.com\/wordpress\/wp-content\/uploads\/2014\/12\/Art-contemporain.jpg\" alt=\"\" width=\"1200\" height=\"799\"><\/p>\n<h2>Art &amp; Language<\/h2>\n<p>Art &amp; Language ist eine Pionierbewegung der Konzeptkunst. Der Name entstand parallel zur Gr\u00fcndung der Zeitschrift Art-Language, die 1968 ins Leben gerufen wurde und einen tiefgreifenden Einfluss auf die zeitgen\u00f6ssische Kunst hatte. Bereits in den 1960er Jahren stellte sich Art &amp; Language eine Trennung zwischen dem Kunstobjekt und dem Kunstwerk vor. Zu den K\u00fcnstlern, die er in seine Reihen aufnahm, geh\u00f6ren: Michael Baldwin, Mel Ramsden, Charles Harrison, Joseph Kosuth, Terry Atkinson, Harold Hurrell, David Bainbridge, Andrew Menard, Michael Corris, Ian Burn, Philip Pilkington, Kathryn Bigelow, David Rushton, Mayo Thompson, Sarah Charlesworth, Christine Koslov, Paula Ramsden, Preston Heller, Lynn Lemaster, Graham Howard, Sandra Harrison, Nigel Powell, Terry Smith, Nigel Lendon. Im Jahr 1986 wurde Art &amp; Language f\u00fcr den Turner-Preis nominiert.<\/p>\n<h2>Architektur<\/h2>\n<p>Die Architektur des Ch\u00e2teau de Montsoreau ist ebenfalls ein Pionier der Renaissance in Frankreich. Es ist das einzige Schloss im Loire-Tal, das auf dem Flussbett errichtet wurde. Es ist auch eines der ersten Beispiele f\u00fcr Lustarchitektur im Loire-Tal. Erbaut wurde es 1450 von einem der reichsten M\u00e4nner des K\u00f6nigreichs, Johann II. von Chambes, erster Berater der franz\u00f6sischen K\u00f6nige Karl VII. und Ludwig XI. sowie Botschafter in Venedig und Partner von Jacques Coeur. Seine au\u00dfergew\u00f6hnliche und avantgardistische Architektur erkl\u00e4rt sich sowohl aus seinen Reisen als auch aus seinem Reichtum.<\/p>\n<h2>Museum f\u00fcr zeitgen\u00f6ssische Kunst und Ch\u00e2teau de la Loire<\/h2>\n<p>Die Er\u00f6ffnung des Ch\u00e2teau de Montsoreau-Museums f\u00fcr zeitgen\u00f6ssische Kunst wurde durch die Zusammenarbeit zwischen dem Sammler Philippe M\u00e9aille und dem Departement Maine-et-Loire erm\u00f6glicht. Diese fand im April 2016 statt. Diese Wahl hat ihren Ursprung sowohl in der au\u00dfergew\u00f6hnlichen Renaissance-Architektur des Ch\u00e2teau de Montsoreau als auch in seiner Lage. Es wurde auf einem Felsvorsprung im Flusslauf der Loire erbaut, was ihm die Besonderheit verleiht, das einzige Schloss des Loiretals zu sein, das im Flussbett erbaut wurde, genau an der Stelle, wo die Vienne in die Loire m\u00fcndet und zum breitesten Fluss Frankreichs wird. Seine Lage im Herzen des Loiretals macht es zu einem wunderbaren Ort f\u00fcr den Tourismus. Die Region hat eine starke Identit\u00e4t und ein sehr vielf\u00e4ltiges internationales Publikum.<\/p>\n<div>Sie ist Teil eines Netzwerks von Museen f\u00fcr moderne und zeitgen\u00f6ssische Kunst in Frankreich, wie z. B.: Das Mus\u00e9e National d&rsquo;Art Moderne, das Mus\u00e9e d&rsquo;Art Moderne de la ville de Paris, die Stiftung Louis Vuitton, das CAPC Bordeaux, das Magasin Grenoble, das CCCOD Tours, das Mus\u00e9e de Saint-Etienne.<\/div>\n","protected":false},"excerpt":{"rendered":"<p>Schloss Montsoreau \u2013 Museum f\u00fcr zeitgen\u00f6ssische Kunst, Loiretal Das Ch\u00e2teau de Montsoreau-Mus\u00e9e d&rsquo;Art Contemporain besitzt den weltweit gr\u00f6\u00dften Bestand an Werken der Art &amp; Language-Bewegung. Es befindet sich im Loiretal, das von UNESCO zum Weltkulturerbe erkl\u00e4rt wurde, im D\u00e9partement Maine-et-Loire in der Gemeinde Montsoreau zwischen Angers und Tours. Art &amp; Language Art &amp; Language ist [&hellip;]<\/p>\n","protected":false},"author":5,"featured_media":0,"parent":0,"menu_order":0,"comment_status":"closed","ping_status":"closed","template":"","meta":{"footnotes":""},"class_list":["post-7186","page","type-page","status-publish","hentry"],"yoast_head":"<!-- This site is optimized with the Yoast SEO plugin v27.4 - https:\/\/yoast.com\/product\/yoast-seo-wordpress\/ -->\n<title>Home | Ch\u00e2teau de Montsoreau-Mus\u00e9e d&#039;Art Contemporain<\/title>\n<meta name=\"description\" content=\"Die weltweit gr\u00f6\u00dfte Sammlung von Art &amp; Language werken, eine wegweisende Gruppe konzeptueller Kunst. Eine au\u00dfergew\u00f6hnliche Sammlung zeitgen\u00f6ssischer Kunst, zwei Stunden von Paris im Loiretal entfernt.\" \/>\n<meta name=\"robots\" content=\"index, follow, max-snippet:-1, max-image-preview:large, max-video-preview:-1\" \/>\n<link rel=\"canonical\" href=\"https:\/\/www.chateau-montsoreau.com\/wordpress\/de\/\" \/>\n<meta property=\"og:locale\" content=\"fr_FR\" \/>\n<meta property=\"og:type\" content=\"article\" \/>\n<meta property=\"og:title\" content=\"Home | Ch\u00e2teau de Montsoreau-Mus\u00e9e d&#039;Art Contemporain\" \/>\n<meta property=\"og:description\" content=\"Die weltweit gr\u00f6\u00dfte Sammlung von Art &amp; Language werken, eine wegweisende Gruppe konzeptueller Kunst. Eine au\u00dfergew\u00f6hnliche Sammlung zeitgen\u00f6ssischer Kunst, zwei Stunden von Paris im Loiretal entfernt.\" \/>\n<meta property=\"og:url\" content=\"https:\/\/www.chateau-montsoreau.com\/wordpress\/de\/\" \/>\n<meta property=\"og:site_name\" content=\"Ch\u00e2teau de Montsoreau-Mus\u00e9e d&#039;Art Contemporain\" \/>\n<meta property=\"article:publisher\" content=\"https:\/\/www.facebook.com\/chateaudemontsoreau\/\" \/>\n<meta property=\"article:modified_time\" content=\"2022-04-09T12:50:15+00:00\" \/>\n<meta property=\"og:image\" content=\"http:\/\/www.chateau-montsoreau.com\/wordpress\/wp-content\/uploads\/2014\/12\/Art-contemporain.jpg\" \/>\n<meta name=\"twitter:card\" content=\"summary_large_image\" \/>\n<meta name=\"twitter:site\" content=\"@Cmontsoreau\" \/>\n<meta name=\"twitter:label1\" content=\"Dur\u00e9e de lecture estim\u00e9e\" \/>\n\t<meta name=\"twitter:data1\" content=\"3 minutes\" \/>\n<script type=\"application\/ld+json\" class=\"yoast-schema-graph\">{\"@context\":\"https:\\\/\\\/schema.org\",\"@graph\":[{\"@type\":\"WebPage\",\"@id\":\"https:\\\/\\\/www.chateau-montsoreau.com\\\/wordpress\\\/de\\\/\",\"url\":\"https:\\\/\\\/www.chateau-montsoreau.com\\\/wordpress\\\/de\\\/\",\"name\":\"Home | Ch\u00e2teau de Montsoreau-Mus\u00e9e d&#039;Art Contemporain\",\"isPartOf\":{\"@id\":\"https:\\\/\\\/www.chateau-montsoreau.com\\\/wordpress\\\/#website\"},\"primaryImageOfPage\":{\"@id\":\"https:\\\/\\\/www.chateau-montsoreau.com\\\/wordpress\\\/de\\\/#primaryimage\"},\"image\":{\"@id\":\"https:\\\/\\\/www.chateau-montsoreau.com\\\/wordpress\\\/de\\\/#primaryimage\"},\"thumbnailUrl\":\"http:\\\/\\\/www.chateau-montsoreau.com\\\/wordpress\\\/wp-content\\\/uploads\\\/2014\\\/12\\\/Art-contemporain.jpg\",\"datePublished\":\"2019-11-24T14:55:10+00:00\",\"dateModified\":\"2022-04-09T12:50:15+00:00\",\"description\":\"Die weltweit gr\u00f6\u00dfte Sammlung von Art & Language werken, eine wegweisende Gruppe konzeptueller Kunst. Eine au\u00dfergew\u00f6hnliche Sammlung zeitgen\u00f6ssischer Kunst, zwei Stunden von Paris im Loiretal entfernt.\",\"breadcrumb\":{\"@id\":\"https:\\\/\\\/www.chateau-montsoreau.com\\\/wordpress\\\/de\\\/#breadcrumb\"},\"inLanguage\":\"fr-FR\",\"potentialAction\":[{\"@type\":\"ReadAction\",\"target\":[\"https:\\\/\\\/www.chateau-montsoreau.com\\\/wordpress\\\/de\\\/\"]}]},{\"@type\":\"ImageObject\",\"inLanguage\":\"fr-FR\",\"@id\":\"https:\\\/\\\/www.chateau-montsoreau.com\\\/wordpress\\\/de\\\/#primaryimage\",\"url\":\"http:\\\/\\\/www.chateau-montsoreau.com\\\/wordpress\\\/wp-content\\\/uploads\\\/2014\\\/12\\\/Art-contemporain.jpg\",\"contentUrl\":\"http:\\\/\\\/www.chateau-montsoreau.com\\\/wordpress\\\/wp-content\\\/uploads\\\/2014\\\/12\\\/Art-contemporain.jpg\"},{\"@type\":\"BreadcrumbList\",\"@id\":\"https:\\\/\\\/www.chateau-montsoreau.com\\\/wordpress\\\/de\\\/#breadcrumb\",\"itemListElement\":[{\"@type\":\"ListItem\",\"position\":1,\"name\":\"Accueil\",\"item\":\"https:\\\/\\\/www.chateau-montsoreau.com\\\/wordpress\\\/fr\\\/\"},{\"@type\":\"ListItem\",\"position\":2,\"name\":\"Home\"}]},{\"@type\":\"WebSite\",\"@id\":\"https:\\\/\\\/www.chateau-montsoreau.com\\\/wordpress\\\/#website\",\"url\":\"https:\\\/\\\/www.chateau-montsoreau.com\\\/wordpress\\\/\",\"name\":\"Ch\u00e2teau de Montsoreau-Mus\u00e9e d&#039;Art Contemporain\",\"description\":\"Ch\u00e2teaux de la Loire Art Contemporain Art Conceptuel\",\"publisher\":{\"@id\":\"https:\\\/\\\/www.chateau-montsoreau.com\\\/wordpress\\\/#organization\"},\"potentialAction\":[{\"@type\":\"SearchAction\",\"target\":{\"@type\":\"EntryPoint\",\"urlTemplate\":\"https:\\\/\\\/www.chateau-montsoreau.com\\\/wordpress\\\/?s={search_term_string}\"},\"query-input\":{\"@type\":\"PropertyValueSpecification\",\"valueRequired\":true,\"valueName\":\"search_term_string\"}}],\"inLanguage\":\"fr-FR\"},{\"@type\":\"Organization\",\"@id\":\"https:\\\/\\\/www.chateau-montsoreau.com\\\/wordpress\\\/#organization\",\"name\":\"Ch\u00e2teau de Montsoreau - Mus\u00e9e d'art contemporain\",\"url\":\"https:\\\/\\\/www.chateau-montsoreau.com\\\/wordpress\\\/\",\"logo\":{\"@type\":\"ImageObject\",\"inLanguage\":\"fr-FR\",\"@id\":\"https:\\\/\\\/www.chateau-montsoreau.com\\\/wordpress\\\/#\\\/schema\\\/logo\\\/image\\\/\",\"url\":\"https:\\\/\\\/www.chateau-montsoreau.com\\\/wordpress\\\/wp-content\\\/uploads\\\/2016\\\/03\\\/Logo-Montsoreau-tout-petit-1.png\",\"contentUrl\":\"https:\\\/\\\/www.chateau-montsoreau.com\\\/wordpress\\\/wp-content\\\/uploads\\\/2016\\\/03\\\/Logo-Montsoreau-tout-petit-1.png\",\"width\":133,\"height\":133,\"caption\":\"Ch\u00e2teau de Montsoreau - Mus\u00e9e d'art contemporain\"},\"image\":{\"@id\":\"https:\\\/\\\/www.chateau-montsoreau.com\\\/wordpress\\\/#\\\/schema\\\/logo\\\/image\\\/\"},\"sameAs\":[\"https:\\\/\\\/www.facebook.com\\\/chateaudemontsoreau\\\/\",\"https:\\\/\\\/x.com\\\/Cmontsoreau\",\"https:\\\/\\\/www.instagram.com\\\/chateaudemontsoreau\\\/\",\"http:\\\/\\\/www.pinterest.com\\\/Cmontsoreau\"]}]}<\/script>\n<!-- \/ Yoast SEO plugin. -->","yoast_head_json":{"title":"Home | Ch\u00e2teau de Montsoreau-Mus\u00e9e d&#039;Art Contemporain","description":"Die weltweit gr\u00f6\u00dfte Sammlung von Art & Language werken, eine wegweisende Gruppe konzeptueller Kunst. Eine au\u00dfergew\u00f6hnliche Sammlung zeitgen\u00f6ssischer Kunst, zwei Stunden von Paris im Loiretal entfernt.","robots":{"index":"index","follow":"follow","max-snippet":"max-snippet:-1","max-image-preview":"max-image-preview:large","max-video-preview":"max-video-preview:-1"},"canonical":"https:\/\/www.chateau-montsoreau.com\/wordpress\/de\/","og_locale":"fr_FR","og_type":"article","og_title":"Home | Ch\u00e2teau de Montsoreau-Mus\u00e9e d&#039;Art Contemporain","og_description":"Die weltweit gr\u00f6\u00dfte Sammlung von Art & Language werken, eine wegweisende Gruppe konzeptueller Kunst. Eine au\u00dfergew\u00f6hnliche Sammlung zeitgen\u00f6ssischer Kunst, zwei Stunden von Paris im Loiretal entfernt.","og_url":"https:\/\/www.chateau-montsoreau.com\/wordpress\/de\/","og_site_name":"Ch\u00e2teau de Montsoreau-Mus\u00e9e d&#039;Art Contemporain","article_publisher":"https:\/\/www.facebook.com\/chateaudemontsoreau\/","article_modified_time":"2022-04-09T12:50:15+00:00","og_image":[{"url":"http:\/\/www.chateau-montsoreau.com\/wordpress\/wp-content\/uploads\/2014\/12\/Art-contemporain.jpg","type":"","width":"","height":""}],"twitter_card":"summary_large_image","twitter_site":"@Cmontsoreau","twitter_misc":{"Dur\u00e9e de lecture estim\u00e9e":"3 minutes"},"schema":{"@context":"https:\/\/schema.org","@graph":[{"@type":"WebPage","@id":"https:\/\/www.chateau-montsoreau.com\/wordpress\/de\/","url":"https:\/\/www.chateau-montsoreau.com\/wordpress\/de\/","name":"Home | Ch\u00e2teau de Montsoreau-Mus\u00e9e d&#039;Art Contemporain","isPartOf":{"@id":"https:\/\/www.chateau-montsoreau.com\/wordpress\/#website"},"primaryImageOfPage":{"@id":"https:\/\/www.chateau-montsoreau.com\/wordpress\/de\/#primaryimage"},"image":{"@id":"https:\/\/www.chateau-montsoreau.com\/wordpress\/de\/#primaryimage"},"thumbnailUrl":"http:\/\/www.chateau-montsoreau.com\/wordpress\/wp-content\/uploads\/2014\/12\/Art-contemporain.jpg","datePublished":"2019-11-24T14:55:10+00:00","dateModified":"2022-04-09T12:50:15+00:00","description":"Die weltweit gr\u00f6\u00dfte Sammlung von Art & Language werken, eine wegweisende Gruppe konzeptueller Kunst. Eine au\u00dfergew\u00f6hnliche Sammlung zeitgen\u00f6ssischer Kunst, zwei Stunden von Paris im Loiretal entfernt.","breadcrumb":{"@id":"https:\/\/www.chateau-montsoreau.com\/wordpress\/de\/#breadcrumb"},"inLanguage":"fr-FR","potentialAction":[{"@type":"ReadAction","target":["https:\/\/www.chateau-montsoreau.com\/wordpress\/de\/"]}]},{"@type":"ImageObject","inLanguage":"fr-FR","@id":"https:\/\/www.chateau-montsoreau.com\/wordpress\/de\/#primaryimage","url":"http:\/\/www.chateau-montsoreau.com\/wordpress\/wp-content\/uploads\/2014\/12\/Art-contemporain.jpg","contentUrl":"http:\/\/www.chateau-montsoreau.com\/wordpress\/wp-content\/uploads\/2014\/12\/Art-contemporain.jpg"},{"@type":"BreadcrumbList","@id":"https:\/\/www.chateau-montsoreau.com\/wordpress\/de\/#breadcrumb","itemListElement":[{"@type":"ListItem","position":1,"name":"Accueil","item":"https:\/\/www.chateau-montsoreau.com\/wordpress\/fr\/"},{"@type":"ListItem","position":2,"name":"Home"}]},{"@type":"WebSite","@id":"https:\/\/www.chateau-montsoreau.com\/wordpress\/#website","url":"https:\/\/www.chateau-montsoreau.com\/wordpress\/","name":"Ch\u00e2teau de Montsoreau-Mus\u00e9e d&#039;Art Contemporain","description":"Ch\u00e2teaux de la Loire Art Contemporain Art Conceptuel","publisher":{"@id":"https:\/\/www.chateau-montsoreau.com\/wordpress\/#organization"},"potentialAction":[{"@type":"SearchAction","target":{"@type":"EntryPoint","urlTemplate":"https:\/\/www.chateau-montsoreau.com\/wordpress\/?s={search_term_string}"},"query-input":{"@type":"PropertyValueSpecification","valueRequired":true,"valueName":"search_term_string"}}],"inLanguage":"fr-FR"},{"@type":"Organization","@id":"https:\/\/www.chateau-montsoreau.com\/wordpress\/#organization","name":"Ch\u00e2teau de Montsoreau - Mus\u00e9e d'art contemporain","url":"https:\/\/www.chateau-montsoreau.com\/wordpress\/","logo":{"@type":"ImageObject","inLanguage":"fr-FR","@id":"https:\/\/www.chateau-montsoreau.com\/wordpress\/#\/schema\/logo\/image\/","url":"https:\/\/www.chateau-montsoreau.com\/wordpress\/wp-content\/uploads\/2016\/03\/Logo-Montsoreau-tout-petit-1.png","contentUrl":"https:\/\/www.chateau-montsoreau.com\/wordpress\/wp-content\/uploads\/2016\/03\/Logo-Montsoreau-tout-petit-1.png","width":133,"height":133,"caption":"Ch\u00e2teau de Montsoreau - Mus\u00e9e d'art contemporain"},"image":{"@id":"https:\/\/www.chateau-montsoreau.com\/wordpress\/#\/schema\/logo\/image\/"},"sameAs":["https:\/\/www.facebook.com\/chateaudemontsoreau\/","https:\/\/x.com\/Cmontsoreau","https:\/\/www.instagram.com\/chateaudemontsoreau\/","http:\/\/www.pinterest.com\/Cmontsoreau"]}]}},"_links":{"self":[{"href":"https:\/\/www.chateau-montsoreau.com\/wordpress\/wp-json\/wp\/v2\/pages\/7186","targetHints":{"allow":["GET"]}}],"collection":[{"href":"https:\/\/www.chateau-montsoreau.com\/wordpress\/wp-json\/wp\/v2\/pages"}],"about":[{"href":"https:\/\/www.chateau-montsoreau.com\/wordpress\/wp-json\/wp\/v2\/types\/page"}],"author":[{"embeddable":true,"href":"https:\/\/www.chateau-montsoreau.com\/wordpress\/wp-json\/wp\/v2\/users\/5"}],"replies":[{"embeddable":true,"href":"https:\/\/www.chateau-montsoreau.com\/wordpress\/wp-json\/wp\/v2\/comments?post=7186"}],"version-history":[{"count":6,"href":"https:\/\/www.chateau-montsoreau.com\/wordpress\/wp-json\/wp\/v2\/pages\/7186\/revisions"}],"predecessor-version":[{"id":8485,"href":"https:\/\/www.chateau-montsoreau.com\/wordpress\/wp-json\/wp\/v2\/pages\/7186\/revisions\/8485"}],"wp:attachment":[{"href":"https:\/\/www.chateau-montsoreau.com\/wordpress\/wp-json\/wp\/v2\/media?parent=7186"}],"curies":[{"name":"wp","href":"https:\/\/api.w.org\/{rel}","templated":true}]}}