{"id":7194,"date":"2019-11-24T16:38:33","date_gmt":"2019-11-24T15:38:33","guid":{"rendered":"http:\/\/www.chateau-montsoreau.com\/wordpress\/?page_id=7194"},"modified":"2024-02-27T17:04:25","modified_gmt":"2024-02-27T16:04:25","slug":"100-%d0%b7%d0%b0%d0%bc%d0%be%d0%ba-100-%d1%81%d0%be%d0%b2%d1%80%d0%b5%d0%bc%d0%b5%d0%bd%d0%bd%d1%8b%d0%b9","status":"publish","type":"page","link":"https:\/\/www.chateau-montsoreau.com\/wordpress\/ru\/100-%d0%b7%d0%b0%d0%bc%d0%be%d0%ba-100-%d1%81%d0%be%d0%b2%d1%80%d0%b5%d0%bc%d0%b5%d0%bd%d0%bd%d1%8b%d0%b9\/","title":{"rendered":"100% \u0437\u0430\u043c\u043e\u043a &#8211; 100% \u0441\u043e\u0432\u0440\u0435\u043c\u0435\u043d\u043d\u044b\u0439"},"content":{"rendered":"<p>\u0417\u0430\u043c\u043e\u043a \u041c\u043e\u043d\u0441\u043e\u0440\u043e-\u041c\u0443\u0437\u0435\u0439 \u0441\u043e\u0432\u0440\u0435\u043c\u0435\u043d\u043d\u043e\u0433\u043e \u0438\u0441\u043a\u0443\u0441\u0441\u0442\u0432\u0430 \u0432 10 \u0431\u0430\u043b\u043b\u0430\u0445 :<\/p>\n<p>\u2022 \u0417\u0430\u043c\u043e\u043a \u041c\u043e\u043d\u0441\u043e\u0440\u043e-\u043c\u0443\u0437\u0435\u0439 \u0441\u043e\u0432\u0440\u0435\u043c\u0435\u043d\u043d\u043e\u0433\u043e \u0438\u0441\u043a\u0443\u0441\u0441\u0442\u0432\u0430 \u043d\u0430\u0445\u043e\u0434\u0438\u0442\u0441\u044f \u0432\u043e \u0424\u0440\u0430\u043d\u0446\u0438\u0438, \u0432 \u0434\u043e\u043b\u0438\u043d\u0435 \u041b\u0443\u0430\u0440\u044b. \u041d\u0430 \u043f\u0435\u0440\u0435\u0441\u0435\u0447\u0435\u043d\u0438\u0438 \u0442\u0440\u0435\u0445 \u043e\u0441\u043d\u043e\u0432\u043d\u044b\u0445 \u0442\u0443\u0440\u0438\u0441\u0442\u0438\u0447\u0435\u0441\u043a\u0438\u0445 \u0440\u0435\u0433\u0438\u043e\u043d\u043e\u0432: \u0440\u0435\u0433\u0438\u043e\u043d\u0430 \u0417\u0435\u043c\u043b\u0438 \u041b\u0443\u0430\u0440\u044b, \u0440\u0435\u0433\u0438\u043e\u043d\u0430 \u0426\u0435\u043d\u0442\u0440 \u0412\u0430\u043b\u044c-\u0434\u0435-\u041b\u0443\u0430\u0440\u0430 \u0438 \u0440\u0435\u0433\u0438\u043e\u043d\u0430 \u041d\u043e\u0432\u0430\u044f \u0410\u043a\u0432\u0438\u0442\u0430\u043d\u0438\u044f. \u041e\u043d \u0440\u0430\u0441\u043f\u043e\u043b\u043e\u0436\u0435\u043d \u0432 \u0434\u0435\u043f\u0430\u0440\u0442\u0430\u043c\u0435\u043d\u0442\u0435 \u041c\u044d\u043d \u0438 \u041b\u0443\u0430\u0440\u0430.<\/p>\n<p>\u2022 \u0415\u0434\u0438\u043d\u0441\u0442\u0432\u0435\u043d\u043d\u044b\u0439 \u0437\u0430\u043c\u043e\u043a \u041b\u0443\u0430\u0440\u044b, \u043f\u043e\u0441\u0442\u0440\u043e\u0435\u043d\u043d\u044b\u0439 \u0432 \u0440\u0443\u0441\u043b\u0435 \u0440\u0435\u043a\u0438, \u0432 \u0442\u043e\u043c \u0441\u0430\u043c\u043e\u043c \u043c\u0435\u0441\u0442\u0435, \u0433\u0434\u0435 \u0412\u044c\u0435\u043d\u043d\u0430 \u0432\u043f\u0430\u0434\u0430\u0435\u0442 \u0432 \u041b\u0443\u0430\u0440\u0443, \u0435\u0433\u043e \u0441\u0442\u0440\u043e\u0438\u0442\u0435\u043b\u044c\u0441\u0442\u0432\u043e \u0437\u043d\u0430\u043c\u0435\u043d\u0443\u0435\u0442 \u043d\u0430\u0447\u0430\u043b\u043e \u044d\u043f\u043e\u0445\u0438 \u0412\u043e\u0437\u0440\u043e\u0436\u0434\u0435\u043d\u0438\u044f \u0432\u043e \u0424\u0440\u0430\u043d\u0446\u0438\u0438.<\/p>\n<p>\u2022 \u041c\u0443\u0437\u0435\u0439 \u0441\u043e\u0432\u0440\u0435\u043c\u0435\u043d\u043d\u043e\u0433\u043e \u0438\u0441\u043a\u0443\u0441\u0441\u0442\u0432\u0430 \u0417\u0430\u043c\u043e\u043a \u041c\u043e\u043d\u0441\u043e\u0440\u043e \u2014 \u0436\u0438\u0432\u043e\u0435, \u0440\u0430\u0434\u0438\u043a\u0430\u043b\u044c\u043d\u043e\u0435 \u0438 \u0430\u043b\u044c\u0442\u0435\u0440\u043d\u0430\u0442\u0438\u0432\u043d\u043e\u0435 \u043c\u0435\u0441\u0442\u043e.<\/p>\n<p>\u2022 \u0417\u0430\u043c\u043e\u043a, \u043f\u043e\u0445\u043e\u0436\u0438\u0439 \u043d\u0430 \u0440\u043e\u0441\u043a\u043e\u0448\u043d\u044b\u0439 \u0434\u0432\u043e\u0440\u0435\u0446 \u043d\u0430 \u0431\u0435\u0440\u0435\u0433\u0443 \u0432\u043e\u0434\u044b, \u0431\u044b\u043b \u043f\u043e\u043b\u043d\u043e\u0441\u0442\u044c\u044e \u043e\u0442\u0440\u0435\u043c\u043e\u043d\u0442\u0438\u0440\u043e\u0432\u0430\u043d \u0438 \u043f\u0440\u0435\u043e\u0431\u0440\u0430\u0437\u043e\u0432\u0430\u043d \u0432 \u041c\u0443\u0437\u0435\u0439 \u0441\u043e\u0432\u0440\u0435\u043c\u0435\u043d\u043d\u043e\u0433\u043e \u0438\u0441\u043a\u0443\u0441\u0441\u0442\u0432\u0430 \u0432 2016 \u0433\u043e\u0434\u0443 \u0435\u0433\u043e \u043e\u0441\u043d\u043e\u0432\u0430\u0442\u0435\u043b\u0435\u043c \u0424\u0438\u043b\u0438\u043f\u043f\u043e\u043c \u041c\u0435\u0439\u0435\u043c.<\/p>\n<p>\u2022 \u0415\u0433\u043e \u043f\u043e\u0441\u0442\u043e\u044f\u043d\u043d\u0430\u044f \u043a\u043e\u043b\u043b\u0435\u043a\u0446\u0438\u044f \u043f\u0440\u0435\u0434\u0441\u0442\u0430\u0432\u043b\u044f\u0435\u0442 \u0441\u043e\u0431\u043e\u0439 \u043a\u0440\u0443\u043f\u043d\u0435\u0439\u0448\u0443\u044e \u0432 \u043c\u0438\u0440\u0435 \u043a\u043e\u043b\u043b\u0435\u043a\u0446\u0438\u044e \u043f\u0440\u043e\u0438\u0437\u0432\u0435\u0434\u0435\u043d\u0438\u0439 Art &amp; Language (\u041a\u043e\u043b\u043b\u0435\u043a\u0446\u0438\u044f \u0424\u0438\u043b\u0438\u043f\u043f\u0430 \u041c\u0435\u0439\u044f), \u043d\u043e\u0432\u0430\u0442\u043e\u0440\u0441\u043a\u043e\u0433\u043e \u0434\u0432\u0438\u0436\u0435\u043d\u0438\u044f \u0432 \u043e\u0431\u043b\u0430\u0441\u0442\u0438 \u043a\u043e\u043d\u0446\u0435\u043f\u0442\u0443\u0430\u043b\u044c\u043d\u043e\u0433\u043e \u0438\u0441\u043a\u0443\u0441\u0441\u0442\u0432\u0430.<\/p>\n<p>\u2022 \u0415\u0433\u043e \u0443\u043d\u0438\u043a\u0430\u043b\u044c\u043d\u0430\u044f \u043a\u043e\u043b\u043b\u0435\u043a\u0446\u0438\u044f \u0438 \u043d\u043e\u0432\u0430\u0442\u043e\u0440\u0441\u043a\u0430\u044f \u0430\u0440\u0445\u0438\u0442\u0435\u043a\u0442\u0443\u0440\u0430 \u044d\u043f\u043e\u0445\u0438 \u0412\u043e\u0437\u0440\u043e\u0436\u0434\u0435\u043d\u0438\u044f, \u043e\u0442\u043a\u0440\u044b\u0442\u044b\u0435 \u0431\u0443\u0434\u0443\u0449\u0435\u043c\u0443, \u0434\u0435\u043b\u0430\u044e\u0442 \u0435\u0433\u043e \u043f\u0440\u0438\u0432\u043b\u0435\u043a\u0430\u0442\u0435\u043b\u044c\u043d\u044b\u043c \u043c\u0435\u0441\u0442\u043e\u043c, \u0447\u0430\u0441\u0442\u044c\u044e \u043d\u0430\u0441\u0442\u043e\u044f\u0449\u0435\u0433\u043e \u0438 \u0434\u0435\u043c\u043e\u043d\u0441\u0442\u0440\u0438\u0440\u0443\u044e\u0449\u0438\u043c \u043d\u043e\u0432\u0443\u044e \u0440\u0435\u0430\u043b\u044c\u043d\u043e\u0441\u0442\u044c.<\/p>\n<p>\u2022 \u041c\u0443\u0437\u0435\u0439 \u0441\u043e\u0432\u0440\u0435\u043c\u0435\u043d\u043d\u043e\u0433\u043e \u0438\u0441\u043a\u0443\u0441\u0441\u0442\u0432\u0430 \u0417\u0430\u043c\u043e\u043a \u041c\u043e\u043d\u0441\u043e\u0440\u043e \u043d\u0430\u0445\u043e\u0434\u0438\u0442\u0441\u044f \u0432 \u0434\u0432\u0443\u0445 \u0447\u0430\u0441\u0430\u0445 \u0435\u0437\u0434\u044b \u043e\u0442 \u041f\u0430\u0440\u0438\u0436\u0430, \u0432 \u0434\u043e\u043b\u0438\u043d\u0435 \u041b\u0443\u0430\u0440\u044b, \u0432\u043d\u0435\u0441\u0435\u043d\u043d\u044b\u0439 \u0432 \u0441\u043f\u0438\u0441\u043e\u043a \u0412\u0441\u0435\u043c\u0438\u0440\u043d\u043e\u0433\u043e \u043d\u0430\u0441\u043b\u0435\u0434\u0438\u044f, \u0438 \u0437\u0430\u043d\u0438\u043c\u0430\u0435\u0442 \u043f\u043b\u043e\u0449\u0430\u0434\u044c \u0431\u043e\u043b\u0435\u0435 2000 \u043c2.<\/p>\n<p>\u2022 \u0415\u0433\u043e \u0430\u0432\u0430\u043d\u0433\u0430\u0440\u0434\u043d\u0430\u044f \u0430\u0440\u0445\u0438\u0442\u0435\u043a\u0442\u0443\u0440\u0430, \u0432\u043f\u0438\u0441\u0430\u043d\u043d\u0430\u044f \u0432 \u043f\u0435\u0439\u0437\u0430\u0436 \u0438 \u0442\u0435\u0447\u0435\u043d\u0438\u0435 \u0440\u0435\u043a\u0438 \u041b\u0443\u0430\u0440\u044b, \u043d\u0430 \u043f\u0440\u043e\u0442\u044f\u0436\u0435\u043d\u0438\u0438 \u0432\u0435\u043a\u043e\u0432 \u0432\u0434\u043e\u0445\u043d\u043e\u0432\u043b\u044f\u043b\u0430 \u0445\u0443\u0434\u043e\u0436\u043d\u0438\u043a\u043e\u0432, \u0441\u0440\u0435\u0434\u0438 \u043a\u043e\u0442\u043e\u0440\u044b\u0445 \u043c\u043e\u0436\u043d\u043e \u043d\u0430\u0437\u0432\u0430\u0442\u044c \u0420\u043e\u0434\u0435\u043d\u0430, \u0422\u0451\u0440\u043d\u0435\u0440\u0430, \u0420\u0430\u0431\u043b\u0435, \u0424\u043b\u043e\u0431\u0435\u0440\u0430 \u0438 \u0410\u043b\u0435\u043a\u0441\u0430\u043d\u0434\u0440\u0430 \u0414\u044e\u043c\u0430.<\/p>\n<p>\u2022 \u0417\u0430\u043c\u043e\u043a \u041c\u043e\u043d\u0441\u043e\u0440\u043e \u0432 \u0410\u043d\u0436\u0443 \u0431\u044b\u043b \u043f\u043e\u0441\u0442\u0440\u043e\u0435\u043d \u0432 1450 \u0433\u043e\u0434\u0443 \u0416\u0430\u043d\u043e\u043c II \u0434\u0435 \u0428\u0430\u043c\u0431\u043e\u043c, \u043f\u0435\u0440\u0432\u044b\u043c \u0442\u0430\u0439\u043d\u044b\u043c \u0441\u043e\u0432\u0435\u0442\u043d\u0438\u043a\u043e\u043c \u0438 \u043a\u0430\u043c\u0435\u0440\u0433\u0435\u0440\u043e\u043c \u043a\u043e\u0440\u043e\u043b\u0435\u0439 \u0424\u0440\u0430\u043d\u0446\u0438\u0438 \u041a\u0430\u0440\u043b\u0430 VII \u0438 \u041b\u044e\u0434\u043e\u0432\u0438\u043a\u0430 XI.<\/p>\n<p>\u2022 \u0415\u0433\u043e \u0438\u0441\u0442\u043e\u0440\u0438\u044f \u043e\u0442\u043c\u0435\u0447\u0435\u043d\u0430 \u043c\u043d\u043e\u0433\u0438\u043c\u0438 \u043f\u0435\u0440\u0441\u043e\u043d\u0430\u0436\u0430\u043c\u0438, \u0442\u0430\u043a\u0438\u043c\u0438 \u043a\u0430\u043a: \u041a\u0430\u0440\u043b VII, \u041b\u044e\u0434\u043e\u0432\u0438\u043a XI, \u041c\u0430\u0440\u0438\u044f \u0421\u0442\u044e\u0430\u0440\u0442, \u0410\u043d\u043d\u0430 \u0411\u0440\u0435\u0442\u043e\u043d\u0441\u043a\u0430\u044f, \u041a\u043b\u043e\u0434 \u0424\u0440\u0430\u043d\u0446\u0443\u0437\u0441\u043a\u0438\u0439 \u0438\u043b\u0438 \u0424\u0440\u0430\u043d\u0441\u0443\u0430 I.<\/p>\n","protected":false},"excerpt":{"rendered":"<p>\u0417\u0430\u043c\u043e\u043a \u041c\u043e\u043d\u0441\u043e\u0440\u043e-\u041c\u0443\u0437\u0435\u0439 \u0441\u043e\u0432\u0440\u0435\u043c\u0435\u043d\u043d\u043e\u0433\u043e \u0438\u0441\u043a\u0443\u0441\u0441\u0442\u0432\u0430 \u0432 10 \u0431\u0430\u043b\u043b\u0430\u0445 : \u2022 \u0417\u0430\u043c\u043e\u043a \u041c\u043e\u043d\u0441\u043e\u0440\u043e-\u043c\u0443\u0437\u0435\u0439 \u0441\u043e\u0432\u0440\u0435\u043c\u0435\u043d\u043d\u043e\u0433\u043e \u0438\u0441\u043a\u0443\u0441\u0441\u0442\u0432\u0430 \u043d\u0430\u0445\u043e\u0434\u0438\u0442\u0441\u044f \u0432\u043e \u0424\u0440\u0430\u043d\u0446\u0438\u0438, \u0432 \u0434\u043e\u043b\u0438\u043d\u0435 \u041b\u0443\u0430\u0440\u044b. \u041d\u0430 \u043f\u0435\u0440\u0435\u0441\u0435\u0447\u0435\u043d\u0438\u0438 \u0442\u0440\u0435\u0445 \u043e\u0441\u043d\u043e\u0432\u043d\u044b\u0445 \u0442\u0443\u0440\u0438\u0441\u0442\u0438\u0447\u0435\u0441\u043a\u0438\u0445 \u0440\u0435\u0433\u0438\u043e\u043d\u043e\u0432: \u0440\u0435\u0433\u0438\u043e\u043d\u0430 \u0417\u0435\u043c\u043b\u0438 \u041b\u0443\u0430\u0440\u044b, \u0440\u0435\u0433\u0438\u043e\u043d\u0430 \u0426\u0435\u043d\u0442\u0440 \u0412\u0430\u043b\u044c-\u0434\u0435-\u041b\u0443\u0430\u0440\u0430 \u0438 \u0440\u0435\u0433\u0438\u043e\u043d\u0430 \u041d\u043e\u0432\u0430\u044f \u0410\u043a\u0432\u0438\u0442\u0430\u043d\u0438\u044f. \u041e\u043d \u0440\u0430\u0441\u043f\u043e\u043b\u043e\u0436\u0435\u043d \u0432 \u0434\u0435\u043f\u0430\u0440\u0442\u0430\u043c\u0435\u043d\u0442\u0435 \u041c\u044d\u043d \u0438 \u041b\u0443\u0430\u0440\u0430. \u2022 \u0415\u0434\u0438\u043d\u0441\u0442\u0432\u0435\u043d\u043d\u044b\u0439 \u0437\u0430\u043c\u043e\u043a \u041b\u0443\u0430\u0440\u044b, \u043f\u043e\u0441\u0442\u0440\u043e\u0435\u043d\u043d\u044b\u0439 \u0432 \u0440\u0443\u0441\u043b\u0435 \u0440\u0435\u043a\u0438, \u0432 \u0442\u043e\u043c \u0441\u0430\u043c\u043e\u043c \u043c\u0435\u0441\u0442\u0435, \u0433\u0434\u0435 [&hellip;]<\/p>\n","protected":false},"author":5,"featured_media":0,"parent":0,"menu_order":0,"comment_status":"closed","ping_status":"closed","template":"","meta":{"footnotes":""},"class_list":["post-7194","page","type-page","status-publish","hentry"],"yoast_head":"<!-- This site is optimized with the Yoast SEO plugin v27.4 - https:\/\/yoast.com\/product\/yoast-seo-wordpress\/ -->\n<title>100% \u0437\u0430\u043c\u043e\u043a - 100% \u0441\u043e\u0432\u0440\u0435\u043c\u0435\u043d\u043d\u044b\u0439 | Ch\u00e2teau de Montsoreau-Mus\u00e9e d&#039;Art Contemporain<\/title>\n<meta name=\"description\" content=\"Ch\u00e2teau de la Loire et Mus\u00e9e d&#039;Art Contemporain, le Ch\u00e2teau de Montsoreau a \u00e9t\u00e9 moderne et reste moderne. Un mus\u00e9e qui se vit comme un palais d\u00e9di\u00e9 \u00e0 l&#039;art contemporain.\" \/>\n<meta name=\"robots\" content=\"index, follow, max-snippet:-1, max-image-preview:large, max-video-preview:-1\" \/>\n<link rel=\"canonical\" href=\"https:\/\/www.chateau-montsoreau.com\/wordpress\/ru\/100-\u0437\u0430\u043c\u043e\u043a-100-\u0441\u043e\u0432\u0440\u0435\u043c\u0435\u043d\u043d\u044b\u0439\/\" \/>\n<meta property=\"og:locale\" content=\"fr_FR\" \/>\n<meta property=\"og:type\" content=\"article\" \/>\n<meta property=\"og:title\" content=\"100% \u0437\u0430\u043c\u043e\u043a - 100% \u0441\u043e\u0432\u0440\u0435\u043c\u0435\u043d\u043d\u044b\u0439 | Ch\u00e2teau de Montsoreau-Mus\u00e9e d&#039;Art Contemporain\" \/>\n<meta property=\"og:description\" content=\"Ch\u00e2teau de la Loire et Mus\u00e9e d&#039;Art Contemporain, le Ch\u00e2teau de Montsoreau a \u00e9t\u00e9 moderne et reste moderne. Un mus\u00e9e qui se vit comme un palais d\u00e9di\u00e9 \u00e0 l&#039;art contemporain.\" \/>\n<meta property=\"og:url\" content=\"https:\/\/www.chateau-montsoreau.com\/wordpress\/ru\/100-\u0437\u0430\u043c\u043e\u043a-100-\u0441\u043e\u0432\u0440\u0435\u043c\u0435\u043d\u043d\u044b\u0439\/\" \/>\n<meta property=\"og:site_name\" content=\"Ch\u00e2teau de Montsoreau-Mus\u00e9e d&#039;Art Contemporain\" \/>\n<meta property=\"article:publisher\" content=\"https:\/\/www.facebook.com\/chateaudemontsoreau\/\" \/>\n<meta property=\"article:modified_time\" content=\"2024-02-27T16:04:25+00:00\" \/>\n<meta name=\"twitter:card\" content=\"summary_large_image\" \/>\n<meta name=\"twitter:site\" content=\"@Cmontsoreau\" \/>\n<script type=\"application\/ld+json\" class=\"yoast-schema-graph\">{\"@context\":\"https:\\\/\\\/schema.org\",\"@graph\":[{\"@type\":\"WebPage\",\"@id\":\"https:\\\/\\\/www.chateau-montsoreau.com\\\/wordpress\\\/ru\\\/100-%d0%b7%d0%b0%d0%bc%d0%be%d0%ba-100-%d1%81%d0%be%d0%b2%d1%80%d0%b5%d0%bc%d0%b5%d0%bd%d0%bd%d1%8b%d0%b9\\\/\",\"url\":\"https:\\\/\\\/www.chateau-montsoreau.com\\\/wordpress\\\/ru\\\/100-%d0%b7%d0%b0%d0%bc%d0%be%d0%ba-100-%d1%81%d0%be%d0%b2%d1%80%d0%b5%d0%bc%d0%b5%d0%bd%d0%bd%d1%8b%d0%b9\\\/\",\"name\":\"100% \u0437\u0430\u043c\u043e\u043a - 100% \u0441\u043e\u0432\u0440\u0435\u043c\u0435\u043d\u043d\u044b\u0439 | Ch\u00e2teau de Montsoreau-Mus\u00e9e d&#039;Art Contemporain\",\"isPartOf\":{\"@id\":\"https:\\\/\\\/www.chateau-montsoreau.com\\\/wordpress\\\/#website\"},\"datePublished\":\"2019-11-24T15:38:33+00:00\",\"dateModified\":\"2024-02-27T16:04:25+00:00\",\"description\":\"Ch\u00e2teau de la Loire et Mus\u00e9e d'Art Contemporain, le Ch\u00e2teau de Montsoreau a \u00e9t\u00e9 moderne et reste moderne. Un mus\u00e9e qui se vit comme un palais d\u00e9di\u00e9 \u00e0 l'art contemporain.\",\"breadcrumb\":{\"@id\":\"https:\\\/\\\/www.chateau-montsoreau.com\\\/wordpress\\\/ru\\\/100-%d0%b7%d0%b0%d0%bc%d0%be%d0%ba-100-%d1%81%d0%be%d0%b2%d1%80%d0%b5%d0%bc%d0%b5%d0%bd%d0%bd%d1%8b%d0%b9\\\/#breadcrumb\"},\"inLanguage\":\"fr-FR\",\"potentialAction\":[{\"@type\":\"ReadAction\",\"target\":[\"https:\\\/\\\/www.chateau-montsoreau.com\\\/wordpress\\\/ru\\\/100-%d0%b7%d0%b0%d0%bc%d0%be%d0%ba-100-%d1%81%d0%be%d0%b2%d1%80%d0%b5%d0%bc%d0%b5%d0%bd%d0%bd%d1%8b%d0%b9\\\/\"]}]},{\"@type\":\"BreadcrumbList\",\"@id\":\"https:\\\/\\\/www.chateau-montsoreau.com\\\/wordpress\\\/ru\\\/100-%d0%b7%d0%b0%d0%bc%d0%be%d0%ba-100-%d1%81%d0%be%d0%b2%d1%80%d0%b5%d0%bc%d0%b5%d0%bd%d0%bd%d1%8b%d0%b9\\\/#breadcrumb\",\"itemListElement\":[{\"@type\":\"ListItem\",\"position\":1,\"name\":\"Accueil\",\"item\":\"https:\\\/\\\/www.chateau-montsoreau.com\\\/wordpress\\\/fr\\\/\"},{\"@type\":\"ListItem\",\"position\":2,\"name\":\"100% \u0437\u0430\u043c\u043e\u043a &#8211; 100% \u0441\u043e\u0432\u0440\u0435\u043c\u0435\u043d\u043d\u044b\u0439\"}]},{\"@type\":\"WebSite\",\"@id\":\"https:\\\/\\\/www.chateau-montsoreau.com\\\/wordpress\\\/#website\",\"url\":\"https:\\\/\\\/www.chateau-montsoreau.com\\\/wordpress\\\/\",\"name\":\"Ch\u00e2teau de Montsoreau-Mus\u00e9e d&#039;Art Contemporain\",\"description\":\"Ch\u00e2teaux de la Loire Art Contemporain Art Conceptuel\",\"publisher\":{\"@id\":\"https:\\\/\\\/www.chateau-montsoreau.com\\\/wordpress\\\/#organization\"},\"potentialAction\":[{\"@type\":\"SearchAction\",\"target\":{\"@type\":\"EntryPoint\",\"urlTemplate\":\"https:\\\/\\\/www.chateau-montsoreau.com\\\/wordpress\\\/?s={search_term_string}\"},\"query-input\":{\"@type\":\"PropertyValueSpecification\",\"valueRequired\":true,\"valueName\":\"search_term_string\"}}],\"inLanguage\":\"fr-FR\"},{\"@type\":\"Organization\",\"@id\":\"https:\\\/\\\/www.chateau-montsoreau.com\\\/wordpress\\\/#organization\",\"name\":\"Ch\u00e2teau de Montsoreau - Mus\u00e9e d'art contemporain\",\"url\":\"https:\\\/\\\/www.chateau-montsoreau.com\\\/wordpress\\\/\",\"logo\":{\"@type\":\"ImageObject\",\"inLanguage\":\"fr-FR\",\"@id\":\"https:\\\/\\\/www.chateau-montsoreau.com\\\/wordpress\\\/#\\\/schema\\\/logo\\\/image\\\/\",\"url\":\"https:\\\/\\\/www.chateau-montsoreau.com\\\/wordpress\\\/wp-content\\\/uploads\\\/2016\\\/03\\\/Logo-Montsoreau-tout-petit-1.png\",\"contentUrl\":\"https:\\\/\\\/www.chateau-montsoreau.com\\\/wordpress\\\/wp-content\\\/uploads\\\/2016\\\/03\\\/Logo-Montsoreau-tout-petit-1.png\",\"width\":133,\"height\":133,\"caption\":\"Ch\u00e2teau de Montsoreau - Mus\u00e9e d'art contemporain\"},\"image\":{\"@id\":\"https:\\\/\\\/www.chateau-montsoreau.com\\\/wordpress\\\/#\\\/schema\\\/logo\\\/image\\\/\"},\"sameAs\":[\"https:\\\/\\\/www.facebook.com\\\/chateaudemontsoreau\\\/\",\"https:\\\/\\\/x.com\\\/Cmontsoreau\",\"https:\\\/\\\/www.instagram.com\\\/chateaudemontsoreau\\\/\",\"http:\\\/\\\/www.pinterest.com\\\/Cmontsoreau\"]}]}<\/script>\n<!-- \/ Yoast SEO plugin. -->","yoast_head_json":{"title":"100% \u0437\u0430\u043c\u043e\u043a - 100% \u0441\u043e\u0432\u0440\u0435\u043c\u0435\u043d\u043d\u044b\u0439 | Ch\u00e2teau de Montsoreau-Mus\u00e9e d&#039;Art Contemporain","description":"Ch\u00e2teau de la Loire et Mus\u00e9e d'Art Contemporain, le Ch\u00e2teau de Montsoreau a \u00e9t\u00e9 moderne et reste moderne. Un mus\u00e9e qui se vit comme un palais d\u00e9di\u00e9 \u00e0 l'art contemporain.","robots":{"index":"index","follow":"follow","max-snippet":"max-snippet:-1","max-image-preview":"max-image-preview:large","max-video-preview":"max-video-preview:-1"},"canonical":"https:\/\/www.chateau-montsoreau.com\/wordpress\/ru\/100-\u0437\u0430\u043c\u043e\u043a-100-\u0441\u043e\u0432\u0440\u0435\u043c\u0435\u043d\u043d\u044b\u0439\/","og_locale":"fr_FR","og_type":"article","og_title":"100% \u0437\u0430\u043c\u043e\u043a - 100% \u0441\u043e\u0432\u0440\u0435\u043c\u0435\u043d\u043d\u044b\u0439 | Ch\u00e2teau de Montsoreau-Mus\u00e9e d&#039;Art Contemporain","og_description":"Ch\u00e2teau de la Loire et Mus\u00e9e d'Art Contemporain, le Ch\u00e2teau de Montsoreau a \u00e9t\u00e9 moderne et reste moderne. Un mus\u00e9e qui se vit comme un palais d\u00e9di\u00e9 \u00e0 l'art contemporain.","og_url":"https:\/\/www.chateau-montsoreau.com\/wordpress\/ru\/100-\u0437\u0430\u043c\u043e\u043a-100-\u0441\u043e\u0432\u0440\u0435\u043c\u0435\u043d\u043d\u044b\u0439\/","og_site_name":"Ch\u00e2teau de Montsoreau-Mus\u00e9e d&#039;Art Contemporain","article_publisher":"https:\/\/www.facebook.com\/chateaudemontsoreau\/","article_modified_time":"2024-02-27T16:04:25+00:00","twitter_card":"summary_large_image","twitter_site":"@Cmontsoreau","schema":{"@context":"https:\/\/schema.org","@graph":[{"@type":"WebPage","@id":"https:\/\/www.chateau-montsoreau.com\/wordpress\/ru\/100-%d0%b7%d0%b0%d0%bc%d0%be%d0%ba-100-%d1%81%d0%be%d0%b2%d1%80%d0%b5%d0%bc%d0%b5%d0%bd%d0%bd%d1%8b%d0%b9\/","url":"https:\/\/www.chateau-montsoreau.com\/wordpress\/ru\/100-%d0%b7%d0%b0%d0%bc%d0%be%d0%ba-100-%d1%81%d0%be%d0%b2%d1%80%d0%b5%d0%bc%d0%b5%d0%bd%d0%bd%d1%8b%d0%b9\/","name":"100% \u0437\u0430\u043c\u043e\u043a - 100% \u0441\u043e\u0432\u0440\u0435\u043c\u0435\u043d\u043d\u044b\u0439 | Ch\u00e2teau de Montsoreau-Mus\u00e9e d&#039;Art Contemporain","isPartOf":{"@id":"https:\/\/www.chateau-montsoreau.com\/wordpress\/#website"},"datePublished":"2019-11-24T15:38:33+00:00","dateModified":"2024-02-27T16:04:25+00:00","description":"Ch\u00e2teau de la Loire et Mus\u00e9e d'Art Contemporain, le Ch\u00e2teau de Montsoreau a \u00e9t\u00e9 moderne et reste moderne. Un mus\u00e9e qui se vit comme un palais d\u00e9di\u00e9 \u00e0 l'art contemporain.","breadcrumb":{"@id":"https:\/\/www.chateau-montsoreau.com\/wordpress\/ru\/100-%d0%b7%d0%b0%d0%bc%d0%be%d0%ba-100-%d1%81%d0%be%d0%b2%d1%80%d0%b5%d0%bc%d0%b5%d0%bd%d0%bd%d1%8b%d0%b9\/#breadcrumb"},"inLanguage":"fr-FR","potentialAction":[{"@type":"ReadAction","target":["https:\/\/www.chateau-montsoreau.com\/wordpress\/ru\/100-%d0%b7%d0%b0%d0%bc%d0%be%d0%ba-100-%d1%81%d0%be%d0%b2%d1%80%d0%b5%d0%bc%d0%b5%d0%bd%d0%bd%d1%8b%d0%b9\/"]}]},{"@type":"BreadcrumbList","@id":"https:\/\/www.chateau-montsoreau.com\/wordpress\/ru\/100-%d0%b7%d0%b0%d0%bc%d0%be%d0%ba-100-%d1%81%d0%be%d0%b2%d1%80%d0%b5%d0%bc%d0%b5%d0%bd%d0%bd%d1%8b%d0%b9\/#breadcrumb","itemListElement":[{"@type":"ListItem","position":1,"name":"Accueil","item":"https:\/\/www.chateau-montsoreau.com\/wordpress\/fr\/"},{"@type":"ListItem","position":2,"name":"100% \u0437\u0430\u043c\u043e\u043a &#8211; 100% \u0441\u043e\u0432\u0440\u0435\u043c\u0435\u043d\u043d\u044b\u0439"}]},{"@type":"WebSite","@id":"https:\/\/www.chateau-montsoreau.com\/wordpress\/#website","url":"https:\/\/www.chateau-montsoreau.com\/wordpress\/","name":"Ch\u00e2teau de Montsoreau-Mus\u00e9e d&#039;Art Contemporain","description":"Ch\u00e2teaux de la Loire Art Contemporain Art Conceptuel","publisher":{"@id":"https:\/\/www.chateau-montsoreau.com\/wordpress\/#organization"},"potentialAction":[{"@type":"SearchAction","target":{"@type":"EntryPoint","urlTemplate":"https:\/\/www.chateau-montsoreau.com\/wordpress\/?s={search_term_string}"},"query-input":{"@type":"PropertyValueSpecification","valueRequired":true,"valueName":"search_term_string"}}],"inLanguage":"fr-FR"},{"@type":"Organization","@id":"https:\/\/www.chateau-montsoreau.com\/wordpress\/#organization","name":"Ch\u00e2teau de Montsoreau - Mus\u00e9e d'art contemporain","url":"https:\/\/www.chateau-montsoreau.com\/wordpress\/","logo":{"@type":"ImageObject","inLanguage":"fr-FR","@id":"https:\/\/www.chateau-montsoreau.com\/wordpress\/#\/schema\/logo\/image\/","url":"https:\/\/www.chateau-montsoreau.com\/wordpress\/wp-content\/uploads\/2016\/03\/Logo-Montsoreau-tout-petit-1.png","contentUrl":"https:\/\/www.chateau-montsoreau.com\/wordpress\/wp-content\/uploads\/2016\/03\/Logo-Montsoreau-tout-petit-1.png","width":133,"height":133,"caption":"Ch\u00e2teau de Montsoreau - Mus\u00e9e d'art contemporain"},"image":{"@id":"https:\/\/www.chateau-montsoreau.com\/wordpress\/#\/schema\/logo\/image\/"},"sameAs":["https:\/\/www.facebook.com\/chateaudemontsoreau\/","https:\/\/x.com\/Cmontsoreau","https:\/\/www.instagram.com\/chateaudemontsoreau\/","http:\/\/www.pinterest.com\/Cmontsoreau"]}]}},"_links":{"self":[{"href":"https:\/\/www.chateau-montsoreau.com\/wordpress\/wp-json\/wp\/v2\/pages\/7194","targetHints":{"allow":["GET"]}}],"collection":[{"href":"https:\/\/www.chateau-montsoreau.com\/wordpress\/wp-json\/wp\/v2\/pages"}],"about":[{"href":"https:\/\/www.chateau-montsoreau.com\/wordpress\/wp-json\/wp\/v2\/types\/page"}],"author":[{"embeddable":true,"href":"https:\/\/www.chateau-montsoreau.com\/wordpress\/wp-json\/wp\/v2\/users\/5"}],"replies":[{"embeddable":true,"href":"https:\/\/www.chateau-montsoreau.com\/wordpress\/wp-json\/wp\/v2\/comments?post=7194"}],"version-history":[{"count":2,"href":"https:\/\/www.chateau-montsoreau.com\/wordpress\/wp-json\/wp\/v2\/pages\/7194\/revisions"}],"predecessor-version":[{"id":8791,"href":"https:\/\/www.chateau-montsoreau.com\/wordpress\/wp-json\/wp\/v2\/pages\/7194\/revisions\/8791"}],"wp:attachment":[{"href":"https:\/\/www.chateau-montsoreau.com\/wordpress\/wp-json\/wp\/v2\/media?parent=7194"}],"curies":[{"name":"wp","href":"https:\/\/api.w.org\/{rel}","templated":true}]}}