{"id":7208,"date":"2019-11-24T16:58:35","date_gmt":"2019-11-24T15:58:35","guid":{"rendered":"http:\/\/www.chateau-montsoreau.com\/wordpress\/?page_id=7208"},"modified":"2019-11-24T16:58:35","modified_gmt":"2019-11-24T15:58:35","slug":"%d0%b0%d0%bd%d1%81%d0%b0%d0%bc%d0%b1%d0%bb%d0%b8","status":"publish","type":"page","link":"https:\/\/www.chateau-montsoreau.com\/wordpress\/ru\/%d0%b0%d0%bd%d1%81%d0%b0%d0%bc%d0%b1%d0%bb%d0%b8\/","title":{"rendered":"\u0430\u043d\u0441\u0430\u043c\u0431\u043b\u0438"},"content":{"rendered":"<div class=\"ut-service-icon-box ut-one-half  \"><style type=\"text\/css\" scoped> #utbx_69d09549df460 { background:#000000; } #utbx_69d09549df460:hover { background: #e2583e; } #utbx_69d09549df460:after { box-shadow: 0 0 0 4px #e2583e; } <\/style><div class=\"ut-highlight-icon-wrap ut-highlight-icon-effect\"><a id=\"utbx_69d09549df460\" data-id=\"utbx_69d09549df460\" data-hovercolor=\"#e2583e\"  data-effect=\"pulse\" class=\"ut-highlight-icon fa fa-child ut-animate-element animated\" href=\"school-groups\/\" target=\"_self\"><\/a><\/div><div class=\"ut-service-icon-box-content\"><h3>School groups<\/h3><p><\/p><\/div><\/div>\n<div class=\"ut-service-icon-box ut-one-half ut-column-last \"><style type=\"text\/css\" scoped> #utbx_69d09549df46c { background:#000000; } #utbx_69d09549df46c:hover { background: #e2583e; } #utbx_69d09549df46c:after { box-shadow: 0 0 0 4px #e2583e; } <\/style><div class=\"ut-highlight-icon-wrap ut-highlight-icon-effect\"><a id=\"utbx_69d09549df46c\" data-id=\"utbx_69d09549df46c\" data-hovercolor=\"#e2583e\"  data-effect=\"pulse\" class=\"ut-highlight-icon fa fa-users ut-animate-element animated\" href=\"adult-groups\/\" target=\"_self\"><\/a><\/div><div class=\"ut-service-icon-box-content\"><h3>Adult groups<\/h3><p> <\/p><\/div><\/div>\n","protected":false},"excerpt":{"rendered":"","protected":false},"author":5,"featured_media":0,"parent":0,"menu_order":1,"comment_status":"closed","ping_status":"closed","template":"","meta":{"footnotes":""},"class_list":["post-7208","page","type-page","status-publish","hentry"],"yoast_head":"<!-- This site is optimized with the Yoast SEO plugin v27.3 - https:\/\/yoast.com\/product\/yoast-seo-wordpress\/ -->\n<title>\u0430\u043d\u0441\u0430\u043c\u0431\u043b\u0438 | Ch\u00e2teau de Montsoreau-Mus\u00e9e d&#039;Art Contemporain<\/title>\n<meta name=\"description\" content=\"Groupes et groupes scolaires, tarifs, accueil, visite guid\u00e9e, ...\" \/>\n<meta name=\"robots\" content=\"index, follow, max-snippet:-1, max-image-preview:large, max-video-preview:-1\" \/>\n<link rel=\"canonical\" href=\"https:\/\/www.chateau-montsoreau.com\/wordpress\/ru\/\u0430\u043d\u0441\u0430\u043c\u0431\u043b\u0438\/\" \/>\n<meta property=\"og:locale\" content=\"fr_FR\" \/>\n<meta property=\"og:type\" content=\"article\" \/>\n<meta property=\"og:title\" content=\"\u0430\u043d\u0441\u0430\u043c\u0431\u043b\u0438 | Ch\u00e2teau de Montsoreau-Mus\u00e9e d&#039;Art Contemporain\" \/>\n<meta property=\"og:description\" content=\"Groupes et groupes scolaires, tarifs, accueil, visite guid\u00e9e, ...\" \/>\n<meta property=\"og:url\" content=\"https:\/\/www.chateau-montsoreau.com\/wordpress\/ru\/\u0430\u043d\u0441\u0430\u043c\u0431\u043b\u0438\/\" \/>\n<meta property=\"og:site_name\" content=\"Ch\u00e2teau de Montsoreau-Mus\u00e9e d&#039;Art Contemporain\" \/>\n<meta property=\"article:publisher\" content=\"https:\/\/www.facebook.com\/chateaudemontsoreau\/\" \/>\n<meta name=\"twitter:card\" content=\"summary_large_image\" \/>\n<meta name=\"twitter:site\" content=\"@Cmontsoreau\" \/>\n<script type=\"application\/ld+json\" class=\"yoast-schema-graph\">{\"@context\":\"https:\\\/\\\/schema.org\",\"@graph\":[{\"@type\":\"WebPage\",\"@id\":\"https:\\\/\\\/www.chateau-montsoreau.com\\\/wordpress\\\/ru\\\/%d0%b0%d0%bd%d1%81%d0%b0%d0%bc%d0%b1%d0%bb%d0%b8\\\/\",\"url\":\"https:\\\/\\\/www.chateau-montsoreau.com\\\/wordpress\\\/ru\\\/%d0%b0%d0%bd%d1%81%d0%b0%d0%bc%d0%b1%d0%bb%d0%b8\\\/\",\"name\":\"\u0430\u043d\u0441\u0430\u043c\u0431\u043b\u0438 | Ch\u00e2teau de Montsoreau-Mus\u00e9e d&#039;Art Contemporain\",\"isPartOf\":{\"@id\":\"https:\\\/\\\/www.chateau-montsoreau.com\\\/wordpress\\\/#website\"},\"datePublished\":\"2019-11-24T15:58:35+00:00\",\"description\":\"Groupes et groupes scolaires, tarifs, accueil, visite guid\u00e9e, ...\",\"breadcrumb\":{\"@id\":\"https:\\\/\\\/www.chateau-montsoreau.com\\\/wordpress\\\/ru\\\/%d0%b0%d0%bd%d1%81%d0%b0%d0%bc%d0%b1%d0%bb%d0%b8\\\/#breadcrumb\"},\"inLanguage\":\"fr-FR\",\"potentialAction\":[{\"@type\":\"ReadAction\",\"target\":[\"https:\\\/\\\/www.chateau-montsoreau.com\\\/wordpress\\\/ru\\\/%d0%b0%d0%bd%d1%81%d0%b0%d0%bc%d0%b1%d0%bb%d0%b8\\\/\"]}]},{\"@type\":\"BreadcrumbList\",\"@id\":\"https:\\\/\\\/www.chateau-montsoreau.com\\\/wordpress\\\/ru\\\/%d0%b0%d0%bd%d1%81%d0%b0%d0%bc%d0%b1%d0%bb%d0%b8\\\/#breadcrumb\",\"itemListElement\":[{\"@type\":\"ListItem\",\"position\":1,\"name\":\"Accueil\",\"item\":\"https:\\\/\\\/www.chateau-montsoreau.com\\\/wordpress\\\/fr\\\/\"},{\"@type\":\"ListItem\",\"position\":2,\"name\":\"\u0430\u043d\u0441\u0430\u043c\u0431\u043b\u0438\"}]},{\"@type\":\"WebSite\",\"@id\":\"https:\\\/\\\/www.chateau-montsoreau.com\\\/wordpress\\\/#website\",\"url\":\"https:\\\/\\\/www.chateau-montsoreau.com\\\/wordpress\\\/\",\"name\":\"Ch\u00e2teau de Montsoreau-Mus\u00e9e d&#039;Art Contemporain\",\"description\":\"Ch\u00e2teaux de la Loire Art Contemporain Art Conceptuel\",\"publisher\":{\"@id\":\"https:\\\/\\\/www.chateau-montsoreau.com\\\/wordpress\\\/#organization\"},\"potentialAction\":[{\"@type\":\"SearchAction\",\"target\":{\"@type\":\"EntryPoint\",\"urlTemplate\":\"https:\\\/\\\/www.chateau-montsoreau.com\\\/wordpress\\\/?s={search_term_string}\"},\"query-input\":{\"@type\":\"PropertyValueSpecification\",\"valueRequired\":true,\"valueName\":\"search_term_string\"}}],\"inLanguage\":\"fr-FR\"},{\"@type\":\"Organization\",\"@id\":\"https:\\\/\\\/www.chateau-montsoreau.com\\\/wordpress\\\/#organization\",\"name\":\"Ch\u00e2teau de Montsoreau - Mus\u00e9e d'art contemporain\",\"url\":\"https:\\\/\\\/www.chateau-montsoreau.com\\\/wordpress\\\/\",\"logo\":{\"@type\":\"ImageObject\",\"inLanguage\":\"fr-FR\",\"@id\":\"https:\\\/\\\/www.chateau-montsoreau.com\\\/wordpress\\\/#\\\/schema\\\/logo\\\/image\\\/\",\"url\":\"https:\\\/\\\/www.chateau-montsoreau.com\\\/wordpress\\\/wp-content\\\/uploads\\\/2016\\\/03\\\/Logo-Montsoreau-tout-petit-1.png\",\"contentUrl\":\"https:\\\/\\\/www.chateau-montsoreau.com\\\/wordpress\\\/wp-content\\\/uploads\\\/2016\\\/03\\\/Logo-Montsoreau-tout-petit-1.png\",\"width\":133,\"height\":133,\"caption\":\"Ch\u00e2teau de Montsoreau - Mus\u00e9e d'art contemporain\"},\"image\":{\"@id\":\"https:\\\/\\\/www.chateau-montsoreau.com\\\/wordpress\\\/#\\\/schema\\\/logo\\\/image\\\/\"},\"sameAs\":[\"https:\\\/\\\/www.facebook.com\\\/chateaudemontsoreau\\\/\",\"https:\\\/\\\/x.com\\\/Cmontsoreau\",\"https:\\\/\\\/www.instagram.com\\\/chateaudemontsoreau\\\/\",\"http:\\\/\\\/www.pinterest.com\\\/Cmontsoreau\"]}]}<\/script>\n<!-- \/ Yoast SEO plugin. -->","yoast_head_json":{"title":"\u0430\u043d\u0441\u0430\u043c\u0431\u043b\u0438 | Ch\u00e2teau de Montsoreau-Mus\u00e9e d&#039;Art Contemporain","description":"Groupes et groupes scolaires, tarifs, accueil, visite guid\u00e9e, ...","robots":{"index":"index","follow":"follow","max-snippet":"max-snippet:-1","max-image-preview":"max-image-preview:large","max-video-preview":"max-video-preview:-1"},"canonical":"https:\/\/www.chateau-montsoreau.com\/wordpress\/ru\/\u0430\u043d\u0441\u0430\u043c\u0431\u043b\u0438\/","og_locale":"fr_FR","og_type":"article","og_title":"\u0430\u043d\u0441\u0430\u043c\u0431\u043b\u0438 | Ch\u00e2teau de Montsoreau-Mus\u00e9e d&#039;Art Contemporain","og_description":"Groupes et groupes scolaires, tarifs, accueil, visite guid\u00e9e, ...","og_url":"https:\/\/www.chateau-montsoreau.com\/wordpress\/ru\/\u0430\u043d\u0441\u0430\u043c\u0431\u043b\u0438\/","og_site_name":"Ch\u00e2teau de Montsoreau-Mus\u00e9e d&#039;Art Contemporain","article_publisher":"https:\/\/www.facebook.com\/chateaudemontsoreau\/","twitter_card":"summary_large_image","twitter_site":"@Cmontsoreau","schema":{"@context":"https:\/\/schema.org","@graph":[{"@type":"WebPage","@id":"https:\/\/www.chateau-montsoreau.com\/wordpress\/ru\/%d0%b0%d0%bd%d1%81%d0%b0%d0%bc%d0%b1%d0%bb%d0%b8\/","url":"https:\/\/www.chateau-montsoreau.com\/wordpress\/ru\/%d0%b0%d0%bd%d1%81%d0%b0%d0%bc%d0%b1%d0%bb%d0%b8\/","name":"\u0430\u043d\u0441\u0430\u043c\u0431\u043b\u0438 | Ch\u00e2teau de Montsoreau-Mus\u00e9e d&#039;Art Contemporain","isPartOf":{"@id":"https:\/\/www.chateau-montsoreau.com\/wordpress\/#website"},"datePublished":"2019-11-24T15:58:35+00:00","description":"Groupes et groupes scolaires, tarifs, accueil, visite guid\u00e9e, ...","breadcrumb":{"@id":"https:\/\/www.chateau-montsoreau.com\/wordpress\/ru\/%d0%b0%d0%bd%d1%81%d0%b0%d0%bc%d0%b1%d0%bb%d0%b8\/#breadcrumb"},"inLanguage":"fr-FR","potentialAction":[{"@type":"ReadAction","target":["https:\/\/www.chateau-montsoreau.com\/wordpress\/ru\/%d0%b0%d0%bd%d1%81%d0%b0%d0%bc%d0%b1%d0%bb%d0%b8\/"]}]},{"@type":"BreadcrumbList","@id":"https:\/\/www.chateau-montsoreau.com\/wordpress\/ru\/%d0%b0%d0%bd%d1%81%d0%b0%d0%bc%d0%b1%d0%bb%d0%b8\/#breadcrumb","itemListElement":[{"@type":"ListItem","position":1,"name":"Accueil","item":"https:\/\/www.chateau-montsoreau.com\/wordpress\/fr\/"},{"@type":"ListItem","position":2,"name":"\u0430\u043d\u0441\u0430\u043c\u0431\u043b\u0438"}]},{"@type":"WebSite","@id":"https:\/\/www.chateau-montsoreau.com\/wordpress\/#website","url":"https:\/\/www.chateau-montsoreau.com\/wordpress\/","name":"Ch\u00e2teau de Montsoreau-Mus\u00e9e d&#039;Art Contemporain","description":"Ch\u00e2teaux de la Loire Art Contemporain Art Conceptuel","publisher":{"@id":"https:\/\/www.chateau-montsoreau.com\/wordpress\/#organization"},"potentialAction":[{"@type":"SearchAction","target":{"@type":"EntryPoint","urlTemplate":"https:\/\/www.chateau-montsoreau.com\/wordpress\/?s={search_term_string}"},"query-input":{"@type":"PropertyValueSpecification","valueRequired":true,"valueName":"search_term_string"}}],"inLanguage":"fr-FR"},{"@type":"Organization","@id":"https:\/\/www.chateau-montsoreau.com\/wordpress\/#organization","name":"Ch\u00e2teau de Montsoreau - Mus\u00e9e d'art contemporain","url":"https:\/\/www.chateau-montsoreau.com\/wordpress\/","logo":{"@type":"ImageObject","inLanguage":"fr-FR","@id":"https:\/\/www.chateau-montsoreau.com\/wordpress\/#\/schema\/logo\/image\/","url":"https:\/\/www.chateau-montsoreau.com\/wordpress\/wp-content\/uploads\/2016\/03\/Logo-Montsoreau-tout-petit-1.png","contentUrl":"https:\/\/www.chateau-montsoreau.com\/wordpress\/wp-content\/uploads\/2016\/03\/Logo-Montsoreau-tout-petit-1.png","width":133,"height":133,"caption":"Ch\u00e2teau de Montsoreau - Mus\u00e9e d'art contemporain"},"image":{"@id":"https:\/\/www.chateau-montsoreau.com\/wordpress\/#\/schema\/logo\/image\/"},"sameAs":["https:\/\/www.facebook.com\/chateaudemontsoreau\/","https:\/\/x.com\/Cmontsoreau","https:\/\/www.instagram.com\/chateaudemontsoreau\/","http:\/\/www.pinterest.com\/Cmontsoreau"]}]}},"_links":{"self":[{"href":"https:\/\/www.chateau-montsoreau.com\/wordpress\/wp-json\/wp\/v2\/pages\/7208","targetHints":{"allow":["GET"]}}],"collection":[{"href":"https:\/\/www.chateau-montsoreau.com\/wordpress\/wp-json\/wp\/v2\/pages"}],"about":[{"href":"https:\/\/www.chateau-montsoreau.com\/wordpress\/wp-json\/wp\/v2\/types\/page"}],"author":[{"embeddable":true,"href":"https:\/\/www.chateau-montsoreau.com\/wordpress\/wp-json\/wp\/v2\/users\/5"}],"replies":[{"embeddable":true,"href":"https:\/\/www.chateau-montsoreau.com\/wordpress\/wp-json\/wp\/v2\/comments?post=7208"}],"version-history":[{"count":1,"href":"https:\/\/www.chateau-montsoreau.com\/wordpress\/wp-json\/wp\/v2\/pages\/7208\/revisions"}],"predecessor-version":[{"id":7209,"href":"https:\/\/www.chateau-montsoreau.com\/wordpress\/wp-json\/wp\/v2\/pages\/7208\/revisions\/7209"}],"wp:attachment":[{"href":"https:\/\/www.chateau-montsoreau.com\/wordpress\/wp-json\/wp\/v2\/media?parent=7208"}],"curies":[{"name":"wp","href":"https:\/\/api.w.org\/{rel}","templated":true}]}}