{"id":7210,"date":"2019-11-24T17:00:06","date_gmt":"2019-11-24T16:00:06","guid":{"rendered":"http:\/\/www.chateau-montsoreau.com\/wordpress\/?page_id=7210"},"modified":"2024-02-27T17:34:22","modified_gmt":"2024-02-27T16:34:22","slug":"%d1%88%d0%ba%d0%be%d0%bb%d1%8c%d0%bd%d1%8b%d0%b5-%d0%b3%d1%80%d1%83%d0%bf%d0%bf%d1%8b","status":"publish","type":"page","link":"https:\/\/www.chateau-montsoreau.com\/wordpress\/ru\/%d0%b0%d0%bd%d1%81%d0%b0%d0%bc%d0%b1%d0%bb%d0%b8\/%d1%88%d0%ba%d0%be%d0%bb%d1%8c%d0%bd%d1%8b%d0%b5-%d0%b3%d1%80%d1%83%d0%bf%d0%bf%d1%8b\/","title":{"rendered":"\u0448\u043a\u043e\u043b\u044c\u043d\u044b\u0435 \u0433\u0440\u0443\u043f\u043f\u044b"},"content":{"rendered":"<h2 style=\"text-align: center;\"><em>\u041c\u0443\u0437\u0435\u0439 \u0441\u043e\u0432\u0440\u0435\u043c\u0435\u043d\u043d\u043e\u0433\u043e \u0438\u0441\u043a\u0443\u0441\u0441\u0442\u0432\u0430 \u0417\u0430\u043c\u043e\u043a \u041c\u043e\u043d\u0441\u043e\u0440\u043e \u043f\u0440\u0435\u0434\u043b\u0430\u0433\u0430\u0435\u0442 \u043f\u0440\u0438\u0435\u043c, \u0430\u0434\u0430\u043f\u0442\u0438\u0440\u043e\u0432\u0430\u043d\u043d\u044b\u0439 \u0434\u043b\u044f \u0448\u043a\u043e\u043b \u043e\u0442 1 \u0434\u043e \u0432\u044b\u043f\u0443\u0441\u043a\u043d\u043e\u0433\u043e \u043a\u043b\u0430\u0441\u0441\u0430.<\/em><\/h2>\n<div  class=\"ut-alert grey  \">\n<div  class=\"ut-one-half  \"><\/div><h6 class=\"ut-title-divider \" ><span><\/p>\n<p><strong>\u041f\u043e\u0441\u0435\u0449\u0435\u043d\u0438\u044f\u00a0<\/strong><\/p>\n<p><\/span><\/h6><\/p>\n<p>\u0411\u0435\u0441\u043f\u043b\u0430\u0442\u043d\u0430\u044f \u044d\u043a\u0441\u043a\u0443\u0440\u0441\u0438\u044f<br \/>\n\u0411\u0435\u0441\u043f\u043b\u0430\u0442\u043d\u043e\u0435 \u043f\u043e\u0441\u0435\u0449\u0435\u043d\u0438\u0435 \u0437\u0430\u043c\u043a\u0430 \u0438 \u043a\u043e\u043b\u043b\u0435\u043a\u0446\u0438\u0438 \u0441\u043e\u0432\u0440\u0435\u043c\u0435\u043d\u043d\u043e\u0433\u043e \u0438\u0441\u043a\u0443\u0441\u0441\u0442\u0432\u0430.<\/p>\n<p><img loading=\"lazy\" decoding=\"async\" class=\"alignnone wp-image-5327 \" title=\"Cr\u00e9dits Photographiques : Chloe Ghesquier\" src=\"http:\/\/www.chateau-montsoreau.com\/wordpress\/wp-content\/uploads\/2016\/03\/Capture-d\u2019e\u0301cran-2016-06-21-a\u0300-19.01.59-1-300x166.png\" alt=\"\" width=\"586\" height=\"325\" \/><\/p>\n<p>\u0411\u0440\u043e\u043d\u0438\u0440\u043e\u0432\u0430\u043d\u0438\u0435 :<br \/>\n\u2013 \u041e\u0442\u043f\u0440\u0430\u0432\u044c\u0442\u0435 \u044d\u043b\u0435\u043a\u0442\u0440\u043e\u043d\u043d\u043e\u0435 \u043f\u0438\u0441\u044c\u043c\u043e \u043d\u0430 \u0430\u0434\u0440\u0435\u0441 contact@chateau-montsoreau.com.<\/p>\n<p>\u2013 \u041f\u0440\u0435\u0434\u043b\u043e\u0436\u0435\u043d\u0438\u0435 \u0442\u0430\u043a\u0436\u0435 \u0434\u043e\u0441\u0442\u0443\u043f\u043d\u043e \u0434\u043b\u044f \u043a\u0430\u0440\u0442\u044b Culture Pass : \u0447\u0442\u043e\u0431\u044b \u0437\u0430\u0431\u0440\u043e\u043d\u0438\u0440\u043e\u0432\u0430\u0442\u044c, \u043f\u0435\u0440\u0435\u0439\u0434\u0438\u0442\u0435 \u043d\u0430 \u0441\u0430\u0439\u0442 Adage.<\/p>\n<p>\u042d\u043a\u0441\u043a\u0443\u0440\u0441\u0438\u044f :<br \/>\n\u041e\u0431\u0437\u043e\u0440\u043d\u0430\u044f \u044d\u043a\u0441\u043a\u0443\u0440\u0441\u0438\u044f \u043f\u043e \u043c\u0443\u0437\u0435\u044e \u0432 \u0441\u043e\u043f\u0440\u043e\u0432\u043e\u0436\u0434\u0435\u043d\u0438\u0438 \u043f\u043e\u0441\u0440\u0435\u0434\u043d\u0438\u043a\u0430.<\/p>\n<p>\u0411\u0440\u043e\u043d\u0438\u0440\u043e\u0432\u0430\u043d\u0438\u0435 :<br \/>\n\u2013 \u041e\u0442\u043f\u0440\u0430\u0432\u044c\u0442\u0435 \u044d\u043b\u0435\u043a\u0442\u0440\u043e\u043d\u043d\u043e\u0435 \u043f\u0438\u0441\u044c\u043c\u043e \u043d\u0430 \u0430\u0434\u0440\u0435\u0441 contact@chateau-montsoreau.com.<\/p>\n<p>\u2013 \u041f\u0440\u0435\u0434\u043b\u043e\u0436\u0435\u043d\u0438\u0435 \u0442\u0430\u043a\u0436\u0435 \u0434\u043e\u0441\u0442\u0443\u043f\u043d\u043e \u043f\u0440\u0438 \u043f\u043e\u043a\u0443\u043f\u043a\u0435 Culture Pass: \u0447\u0442\u043e\u0431\u044b \u0437\u0430\u0431\u0440\u043e\u043d\u0438\u0440\u043e\u0432\u0430\u0442\u044c, \u043f\u0435\u0440\u0435\u0439\u0434\u0438\u0442\u0435 \u043d\u0430 \u0441\u0430\u0439\u0442 Adage.<\/p>\n<h6 class=\"ut-title-divider \" ><span><\/p>\n<h2>\u041e\u0411\u0420\u0410\u0417\u041e\u0412\u0410\u0422\u0415\u041b\u042c\u041d\u042b\u0415 \u0421\u0415\u041c\u0418\u041d\u0410\u0420\u042b<\/h2>\n<p><\/span><\/h6>\n<p>\u0418\u0441\u043a\u0443\u0441\u0441\u0442\u0432\u043e \u0438 \u044f\u0437\u044b\u043a, \u0432 \u0441\u0442\u0438\u043b\u0435 \u0414\u0436\u0435\u043a\u0441\u043e\u043d\u0430 \u041f\u043e\u043b\u043b\u043e\u043a\u0430, \u0434\u0435\u0442\u0430\u043b\u044c \u0440\u0430\u0431\u043e\u0442\u044b.<br \/>\n\u041c\u0430\u0441\u0442\u0435\u0440\u0441\u043a\u0430\u044f \u0433\u0440\u0430\u0444\u0444\u0438\u0442\u0438 \u043e\u0442 \u041b\u0430\u0441\u043a\u043e \u0434\u043e \u0411\u0430\u043d\u0441\u043a\u0438: \u0432\u043e \u0432\u0440\u0435\u043c\u044f \u043e\u0445\u043e\u0442\u044b \u0437\u0430 \u0441\u043e\u043a\u0440\u043e\u0432\u0438\u0449\u0430\u043c\u0438 \u0441\u0442\u0443\u0434\u0435\u043d\u0442\u044b \u043e\u0431\u043d\u0430\u0440\u0443\u0436\u0438\u0432\u0430\u044e\u0442 \u0433\u0440\u0430\u0444\u0444\u0438\u0442\u0438, \u043f\u0440\u0438\u0441\u0443\u0442\u0441\u0442\u0432\u0443\u044e\u0449\u0438\u0435 \u0432 \u0437\u0430\u043c\u043a\u0435, \u0438\u043d\u0442\u0435\u0440\u043f\u0440\u0435\u0442\u0438\u0440\u0443\u044e\u0442 \u0431\u0430\u0440\u0435\u043b\u044c\u0435\u0444\u044b \u0438 \u043f\u0440\u043e\u0441\u043b\u0435\u0436\u0438\u0432\u0430\u044e\u0442 \u043d\u0438\u0442\u044c \u0438\u0441\u0442\u043e\u0440\u0438\u0438. \u0412 \u0441\u0432\u043e\u044e \u043e\u0447\u0435\u0440\u0435\u0434\u044c, \u0438\u043c \u043f\u0440\u0435\u0434\u043b\u0430\u0433\u0430\u0435\u0442\u0441\u044f \u0432\u044b\u0433\u0440\u0430\u0432\u0438\u0440\u043e\u0432\u0430\u0442\u044c \u0441\u043e\u0431\u0441\u0442\u0432\u0435\u043d\u043d\u044b\u0435 \u0433\u0440\u0430\u0444\u0444\u0438\u0442\u0438 \u043d\u0430 \u0441\u043f\u0435\u0446\u0438\u0430\u043b\u044c\u043d\u043e\u0439 \u043a\u0430\u043c\u0435\u043d\u043d\u043e\u0439 \u0441\u0442\u0435\u043d\u0435.<br \/>\n\u041c\u0430\u0441\u0442\u0435\u0440-\u043a\u043b\u0430\u0441\u0441\u044b \u0432 \u0441\u0442\u0438\u043b\u0435\u2026. \u0414\u0436\u0435\u043a\u0441\u043e\u043d \u041f\u043e\u043b\u043b\u043e\u043a, \u042f\u0451\u0438 \u041a\u0443\u0441\u0430\u043c\u0430 \u0438 \u041a\u0438\u0442 \u0425\u0430\u0440\u0438\u043d\u0433! \u0421\u0442\u0443\u0434\u0435\u043d\u0442\u044b \u0438\u0437\u0443\u0447\u0430\u044e\u0442 \u0442\u0435\u0445\u043d\u0438\u043a\u0443 \u0436\u0438\u0432\u043e\u043f\u0438\u0441\u0438 \u044d\u0442\u0438\u0445 \u0437\u043d\u0430\u043c\u0435\u043d\u0438\u0442\u044b\u0445 \u0445\u0443\u0434\u043e\u0436\u043d\u0438\u043a\u043e\u0432. \u0422\u0435\u043f\u0435\u0440\u044c \u0438\u0445 \u043e\u0447\u0435\u0440\u0435\u0434\u044c \u0440\u0438\u0441\u043e\u0432\u0430\u0442\u044c!<strong><br \/>\n<\/strong><strong><br \/>\n<\/strong><\/p>\n<p><img loading=\"lazy\" decoding=\"async\" class=\"wp-image-5200 aligncenter\" src=\"http:\/\/www.chateau-montsoreau.com\/wordpress\/wp-content\/uploads\/2016\/03\/20160826_140809-e1475680390220-225x300.jpg\" alt=\"20160826_140809\" width=\"358\" height=\"477\" srcset=\"https:\/\/www.chateau-montsoreau.com\/wordpress\/wp-content\/uploads\/2016\/03\/20160826_140809-e1475680390220-225x300.jpg 225w, https:\/\/www.chateau-montsoreau.com\/wordpress\/wp-content\/uploads\/2016\/03\/20160826_140809-e1475680390220-600x800.jpg 600w, https:\/\/www.chateau-montsoreau.com\/wordpress\/wp-content\/uploads\/2016\/03\/20160826_140809-e1475680390220-768x1024.jpg 768w\" sizes=\"auto, (max-width: 358px) 100vw, 358px\" \/><\/p>\n<\/div><h6 class=\"ut-title-divider \" ><span><\/p>\n<h2>\u0413\u0420\u0423\u041f\u041f\u041e\u0412\u042b\u0415 \u0426\u0415\u041d\u042b<\/h2>\n<p><\/span><\/h6><\/p>\n<div class=\"ut-pt-wrap ut-pt-wrap-style-1\"><div class=\"grid-25 tablet-grid-50 mobile-grid-100\"><div class=\"ut-pricing-table\"><header class=\"ut-pt-header ut-level-one\"><h2 class=\"ut-pt-title\">Free visit or guided tour<\/h2><span class=\"ut-pt-title-slogan\">over 18 years old<\/span><\/header><footer class=\"ut-pt-pricing\"><span class=\"ut-pt-price\"><sup>\u20ac<\/sup>8,40<\/span><\/footer><\/div><\/div><div class=\"grid-25 tablet-grid-50 mobile-grid-100\"><div class=\"ut-pricing-table\"><header class=\"ut-pt-header ut-level-one\"><h2 class=\"ut-pt-title\">Free visit or guided tour<\/h2><span class=\"ut-pt-title-slogan\">from 5 to 18 years old<\/span><\/header><footer class=\"ut-pt-pricing\"><span class=\"ut-pt-price\"><sup>\u20ac<\/sup>6.10<\/span><\/footer><\/div><\/div><div class=\"grid-25 tablet-grid-50 mobile-grid-100\"><div class=\"ut-pricing-table\"><\/div><\/div><div class=\"grid-25 tablet-grid-50 mobile-grid-100\"><div class=\"ut-pricing-table\"><header class=\"ut-pt-header ut-level-one\"><h2 class=\"ut-pt-title\">Pedagogical workshops<\/h2><\/header><footer class=\"ut-pt-pricing\"><span class=\"ut-pt-price\"><sup>\u20ac<\/sup>8<\/span><\/footer><\/div><\/div><div class=\"clear\"><\/div><\/div>\n<div  class=\"ut-alert grey  \">\n<h6 class=\"ut-title-divider \" ><span><\/p>\n<h2>\u0424\u041e\u0420\u041c\u0410 \u041e\u0411\u0420\u0410\u0422\u041d\u041e\u0419 \u0421\u0412\u042f\u0417\u0418<\/h2>\n<p><\/span><\/h6><\/p>\n<p><p class=\"wpcf7-contact-form-not-found\"><strong>Erreur\u00a0:<\/strong> Formulaire de contact non trouv\u00e9\u00a0!<\/p><br \/>\n<\/div>\n","protected":false},"excerpt":{"rendered":"<p>\u041c\u0443\u0437\u0435\u0439 \u0441\u043e\u0432\u0440\u0435\u043c\u0435\u043d\u043d\u043e\u0433\u043e \u0438\u0441\u043a\u0443\u0441\u0441\u0442\u0432\u0430 \u0417\u0430\u043c\u043e\u043a \u041c\u043e\u043d\u0441\u043e\u0440\u043e \u043f\u0440\u0435\u0434\u043b\u0430\u0433\u0430\u0435\u0442 \u043f\u0440\u0438\u0435\u043c, \u0430\u0434\u0430\u043f\u0442\u0438\u0440\u043e\u0432\u0430\u043d\u043d\u044b\u0439 \u0434\u043b\u044f \u0448\u043a\u043e\u043b \u043e\u0442 1 \u0434\u043e \u0432\u044b\u043f\u0443\u0441\u043a\u043d\u043e\u0433\u043e \u043a\u043b\u0430\u0441\u0441\u0430.<\/p>\n","protected":false},"author":5,"featured_media":0,"parent":7208,"menu_order":1,"comment_status":"closed","ping_status":"closed","template":"","meta":{"footnotes":""},"class_list":["post-7210","page","type-page","status-publish","hentry"],"yoast_head":"<!-- This site is optimized with the Yoast SEO plugin v27.3 - https:\/\/yoast.com\/product\/yoast-seo-wordpress\/ -->\n<title>\u0448\u043a\u043e\u043b\u044c\u043d\u044b\u0435 \u0433\u0440\u0443\u043f\u043f\u044b | Ch\u00e2teau de Montsoreau-Mus\u00e9e d&#039;Art Contemporain<\/title>\n<meta name=\"robots\" content=\"index, follow, max-snippet:-1, max-image-preview:large, max-video-preview:-1\" \/>\n<link rel=\"canonical\" href=\"https:\/\/www.chateau-montsoreau.com\/wordpress\/ru\/\u0430\u043d\u0441\u0430\u043c\u0431\u043b\u0438\/\u0448\u043a\u043e\u043b\u044c\u043d\u044b\u0435-\u0433\u0440\u0443\u043f\u043f\u044b\/\" \/>\n<meta property=\"og:locale\" content=\"fr_FR\" \/>\n<meta property=\"og:type\" content=\"article\" \/>\n<meta property=\"og:title\" content=\"\u0448\u043a\u043e\u043b\u044c\u043d\u044b\u0435 \u0433\u0440\u0443\u043f\u043f\u044b | Ch\u00e2teau de Montsoreau-Mus\u00e9e d&#039;Art Contemporain\" \/>\n<meta property=\"og:description\" content=\"\u041c\u0443\u0437\u0435\u0439 \u0441\u043e\u0432\u0440\u0435\u043c\u0435\u043d\u043d\u043e\u0433\u043e \u0438\u0441\u043a\u0443\u0441\u0441\u0442\u0432\u0430 \u0417\u0430\u043c\u043e\u043a \u041c\u043e\u043d\u0441\u043e\u0440\u043e \u043f\u0440\u0435\u0434\u043b\u0430\u0433\u0430\u0435\u0442 \u043f\u0440\u0438\u0435\u043c, \u0430\u0434\u0430\u043f\u0442\u0438\u0440\u043e\u0432\u0430\u043d\u043d\u044b\u0439 \u0434\u043b\u044f \u0448\u043a\u043e\u043b \u043e\u0442 1 \u0434\u043e \u0432\u044b\u043f\u0443\u0441\u043a\u043d\u043e\u0433\u043e \u043a\u043b\u0430\u0441\u0441\u0430.\" \/>\n<meta property=\"og:url\" content=\"https:\/\/www.chateau-montsoreau.com\/wordpress\/ru\/\u0430\u043d\u0441\u0430\u043c\u0431\u043b\u0438\/\u0448\u043a\u043e\u043b\u044c\u043d\u044b\u0435-\u0433\u0440\u0443\u043f\u043f\u044b\/\" \/>\n<meta property=\"og:site_name\" content=\"Ch\u00e2teau de Montsoreau-Mus\u00e9e d&#039;Art Contemporain\" \/>\n<meta property=\"article:publisher\" content=\"https:\/\/www.facebook.com\/chateaudemontsoreau\/\" \/>\n<meta property=\"article:modified_time\" content=\"2024-02-27T16:34:22+00:00\" \/>\n<meta property=\"og:image\" content=\"http:\/\/www.chateau-montsoreau.com\/wordpress\/wp-content\/uploads\/2016\/03\/20160826_140809-e1475680390220-225x300.jpg\" \/>\n<meta name=\"twitter:card\" content=\"summary_large_image\" \/>\n<meta name=\"twitter:site\" content=\"@Cmontsoreau\" \/>\n<script type=\"application\/ld+json\" class=\"yoast-schema-graph\">{\"@context\":\"https:\\\/\\\/schema.org\",\"@graph\":[{\"@type\":\"WebPage\",\"@id\":\"https:\\\/\\\/www.chateau-montsoreau.com\\\/wordpress\\\/ru\\\/%d0%b0%d0%bd%d1%81%d0%b0%d0%bc%d0%b1%d0%bb%d0%b8\\\/%d1%88%d0%ba%d0%be%d0%bb%d1%8c%d0%bd%d1%8b%d0%b5-%d0%b3%d1%80%d1%83%d0%bf%d0%bf%d1%8b\\\/\",\"url\":\"https:\\\/\\\/www.chateau-montsoreau.com\\\/wordpress\\\/ru\\\/%d0%b0%d0%bd%d1%81%d0%b0%d0%bc%d0%b1%d0%bb%d0%b8\\\/%d1%88%d0%ba%d0%be%d0%bb%d1%8c%d0%bd%d1%8b%d0%b5-%d0%b3%d1%80%d1%83%d0%bf%d0%bf%d1%8b\\\/\",\"name\":\"\u0448\u043a\u043e\u043b\u044c\u043d\u044b\u0435 \u0433\u0440\u0443\u043f\u043f\u044b | Ch\u00e2teau de Montsoreau-Mus\u00e9e d&#039;Art Contemporain\",\"isPartOf\":{\"@id\":\"https:\\\/\\\/www.chateau-montsoreau.com\\\/wordpress\\\/#website\"},\"primaryImageOfPage\":{\"@id\":\"https:\\\/\\\/www.chateau-montsoreau.com\\\/wordpress\\\/ru\\\/%d0%b0%d0%bd%d1%81%d0%b0%d0%bc%d0%b1%d0%bb%d0%b8\\\/%d1%88%d0%ba%d0%be%d0%bb%d1%8c%d0%bd%d1%8b%d0%b5-%d0%b3%d1%80%d1%83%d0%bf%d0%bf%d1%8b\\\/#primaryimage\"},\"image\":{\"@id\":\"https:\\\/\\\/www.chateau-montsoreau.com\\\/wordpress\\\/ru\\\/%d0%b0%d0%bd%d1%81%d0%b0%d0%bc%d0%b1%d0%bb%d0%b8\\\/%d1%88%d0%ba%d0%be%d0%bb%d1%8c%d0%bd%d1%8b%d0%b5-%d0%b3%d1%80%d1%83%d0%bf%d0%bf%d1%8b\\\/#primaryimage\"},\"thumbnailUrl\":\"http:\\\/\\\/www.chateau-montsoreau.com\\\/wordpress\\\/wp-content\\\/uploads\\\/2016\\\/03\\\/20160826_140809-e1475680390220-225x300.jpg\",\"datePublished\":\"2019-11-24T16:00:06+00:00\",\"dateModified\":\"2024-02-27T16:34:22+00:00\",\"breadcrumb\":{\"@id\":\"https:\\\/\\\/www.chateau-montsoreau.com\\\/wordpress\\\/ru\\\/%d0%b0%d0%bd%d1%81%d0%b0%d0%bc%d0%b1%d0%bb%d0%b8\\\/%d1%88%d0%ba%d0%be%d0%bb%d1%8c%d0%bd%d1%8b%d0%b5-%d0%b3%d1%80%d1%83%d0%bf%d0%bf%d1%8b\\\/#breadcrumb\"},\"inLanguage\":\"fr-FR\",\"potentialAction\":[{\"@type\":\"ReadAction\",\"target\":[\"https:\\\/\\\/www.chateau-montsoreau.com\\\/wordpress\\\/ru\\\/%d0%b0%d0%bd%d1%81%d0%b0%d0%bc%d0%b1%d0%bb%d0%b8\\\/%d1%88%d0%ba%d0%be%d0%bb%d1%8c%d0%bd%d1%8b%d0%b5-%d0%b3%d1%80%d1%83%d0%bf%d0%bf%d1%8b\\\/\"]}]},{\"@type\":\"ImageObject\",\"inLanguage\":\"fr-FR\",\"@id\":\"https:\\\/\\\/www.chateau-montsoreau.com\\\/wordpress\\\/ru\\\/%d0%b0%d0%bd%d1%81%d0%b0%d0%bc%d0%b1%d0%bb%d0%b8\\\/%d1%88%d0%ba%d0%be%d0%bb%d1%8c%d0%bd%d1%8b%d0%b5-%d0%b3%d1%80%d1%83%d0%bf%d0%bf%d1%8b\\\/#primaryimage\",\"url\":\"http:\\\/\\\/www.chateau-montsoreau.com\\\/wordpress\\\/wp-content\\\/uploads\\\/2016\\\/03\\\/20160826_140809-e1475680390220-225x300.jpg\",\"contentUrl\":\"http:\\\/\\\/www.chateau-montsoreau.com\\\/wordpress\\\/wp-content\\\/uploads\\\/2016\\\/03\\\/20160826_140809-e1475680390220-225x300.jpg\"},{\"@type\":\"BreadcrumbList\",\"@id\":\"https:\\\/\\\/www.chateau-montsoreau.com\\\/wordpress\\\/ru\\\/%d0%b0%d0%bd%d1%81%d0%b0%d0%bc%d0%b1%d0%bb%d0%b8\\\/%d1%88%d0%ba%d0%be%d0%bb%d1%8c%d0%bd%d1%8b%d0%b5-%d0%b3%d1%80%d1%83%d0%bf%d0%bf%d1%8b\\\/#breadcrumb\",\"itemListElement\":[{\"@type\":\"ListItem\",\"position\":1,\"name\":\"Accueil\",\"item\":\"https:\\\/\\\/www.chateau-montsoreau.com\\\/wordpress\\\/fr\\\/\"},{\"@type\":\"ListItem\",\"position\":2,\"name\":\"\u0430\u043d\u0441\u0430\u043c\u0431\u043b\u0438\",\"item\":\"https:\\\/\\\/www.chateau-montsoreau.com\\\/wordpress\\\/ru\\\/%d0%b0%d0%bd%d1%81%d0%b0%d0%bc%d0%b1%d0%bb%d0%b8\\\/\"},{\"@type\":\"ListItem\",\"position\":3,\"name\":\"\u0448\u043a\u043e\u043b\u044c\u043d\u044b\u0435 \u0433\u0440\u0443\u043f\u043f\u044b\"}]},{\"@type\":\"WebSite\",\"@id\":\"https:\\\/\\\/www.chateau-montsoreau.com\\\/wordpress\\\/#website\",\"url\":\"https:\\\/\\\/www.chateau-montsoreau.com\\\/wordpress\\\/\",\"name\":\"Ch\u00e2teau de Montsoreau-Mus\u00e9e d&#039;Art Contemporain\",\"description\":\"Ch\u00e2teaux de la Loire Art Contemporain Art Conceptuel\",\"publisher\":{\"@id\":\"https:\\\/\\\/www.chateau-montsoreau.com\\\/wordpress\\\/#organization\"},\"potentialAction\":[{\"@type\":\"SearchAction\",\"target\":{\"@type\":\"EntryPoint\",\"urlTemplate\":\"https:\\\/\\\/www.chateau-montsoreau.com\\\/wordpress\\\/?s={search_term_string}\"},\"query-input\":{\"@type\":\"PropertyValueSpecification\",\"valueRequired\":true,\"valueName\":\"search_term_string\"}}],\"inLanguage\":\"fr-FR\"},{\"@type\":\"Organization\",\"@id\":\"https:\\\/\\\/www.chateau-montsoreau.com\\\/wordpress\\\/#organization\",\"name\":\"Ch\u00e2teau de Montsoreau - Mus\u00e9e d'art contemporain\",\"url\":\"https:\\\/\\\/www.chateau-montsoreau.com\\\/wordpress\\\/\",\"logo\":{\"@type\":\"ImageObject\",\"inLanguage\":\"fr-FR\",\"@id\":\"https:\\\/\\\/www.chateau-montsoreau.com\\\/wordpress\\\/#\\\/schema\\\/logo\\\/image\\\/\",\"url\":\"https:\\\/\\\/www.chateau-montsoreau.com\\\/wordpress\\\/wp-content\\\/uploads\\\/2016\\\/03\\\/Logo-Montsoreau-tout-petit-1.png\",\"contentUrl\":\"https:\\\/\\\/www.chateau-montsoreau.com\\\/wordpress\\\/wp-content\\\/uploads\\\/2016\\\/03\\\/Logo-Montsoreau-tout-petit-1.png\",\"width\":133,\"height\":133,\"caption\":\"Ch\u00e2teau de Montsoreau - Mus\u00e9e d'art contemporain\"},\"image\":{\"@id\":\"https:\\\/\\\/www.chateau-montsoreau.com\\\/wordpress\\\/#\\\/schema\\\/logo\\\/image\\\/\"},\"sameAs\":[\"https:\\\/\\\/www.facebook.com\\\/chateaudemontsoreau\\\/\",\"https:\\\/\\\/x.com\\\/Cmontsoreau\",\"https:\\\/\\\/www.instagram.com\\\/chateaudemontsoreau\\\/\",\"http:\\\/\\\/www.pinterest.com\\\/Cmontsoreau\"]}]}<\/script>\n<!-- \/ Yoast SEO plugin. -->","yoast_head_json":{"title":"\u0448\u043a\u043e\u043b\u044c\u043d\u044b\u0435 \u0433\u0440\u0443\u043f\u043f\u044b | Ch\u00e2teau de Montsoreau-Mus\u00e9e d&#039;Art Contemporain","robots":{"index":"index","follow":"follow","max-snippet":"max-snippet:-1","max-image-preview":"max-image-preview:large","max-video-preview":"max-video-preview:-1"},"canonical":"https:\/\/www.chateau-montsoreau.com\/wordpress\/ru\/\u0430\u043d\u0441\u0430\u043c\u0431\u043b\u0438\/\u0448\u043a\u043e\u043b\u044c\u043d\u044b\u0435-\u0433\u0440\u0443\u043f\u043f\u044b\/","og_locale":"fr_FR","og_type":"article","og_title":"\u0448\u043a\u043e\u043b\u044c\u043d\u044b\u0435 \u0433\u0440\u0443\u043f\u043f\u044b | Ch\u00e2teau de Montsoreau-Mus\u00e9e d&#039;Art Contemporain","og_description":"\u041c\u0443\u0437\u0435\u0439 \u0441\u043e\u0432\u0440\u0435\u043c\u0435\u043d\u043d\u043e\u0433\u043e \u0438\u0441\u043a\u0443\u0441\u0441\u0442\u0432\u0430 \u0417\u0430\u043c\u043e\u043a \u041c\u043e\u043d\u0441\u043e\u0440\u043e \u043f\u0440\u0435\u0434\u043b\u0430\u0433\u0430\u0435\u0442 \u043f\u0440\u0438\u0435\u043c, \u0430\u0434\u0430\u043f\u0442\u0438\u0440\u043e\u0432\u0430\u043d\u043d\u044b\u0439 \u0434\u043b\u044f \u0448\u043a\u043e\u043b \u043e\u0442 1 \u0434\u043e \u0432\u044b\u043f\u0443\u0441\u043a\u043d\u043e\u0433\u043e \u043a\u043b\u0430\u0441\u0441\u0430.","og_url":"https:\/\/www.chateau-montsoreau.com\/wordpress\/ru\/\u0430\u043d\u0441\u0430\u043c\u0431\u043b\u0438\/\u0448\u043a\u043e\u043b\u044c\u043d\u044b\u0435-\u0433\u0440\u0443\u043f\u043f\u044b\/","og_site_name":"Ch\u00e2teau de Montsoreau-Mus\u00e9e d&#039;Art Contemporain","article_publisher":"https:\/\/www.facebook.com\/chateaudemontsoreau\/","article_modified_time":"2024-02-27T16:34:22+00:00","og_image":[{"url":"http:\/\/www.chateau-montsoreau.com\/wordpress\/wp-content\/uploads\/2016\/03\/20160826_140809-e1475680390220-225x300.jpg","type":"","width":"","height":""}],"twitter_card":"summary_large_image","twitter_site":"@Cmontsoreau","schema":{"@context":"https:\/\/schema.org","@graph":[{"@type":"WebPage","@id":"https:\/\/www.chateau-montsoreau.com\/wordpress\/ru\/%d0%b0%d0%bd%d1%81%d0%b0%d0%bc%d0%b1%d0%bb%d0%b8\/%d1%88%d0%ba%d0%be%d0%bb%d1%8c%d0%bd%d1%8b%d0%b5-%d0%b3%d1%80%d1%83%d0%bf%d0%bf%d1%8b\/","url":"https:\/\/www.chateau-montsoreau.com\/wordpress\/ru\/%d0%b0%d0%bd%d1%81%d0%b0%d0%bc%d0%b1%d0%bb%d0%b8\/%d1%88%d0%ba%d0%be%d0%bb%d1%8c%d0%bd%d1%8b%d0%b5-%d0%b3%d1%80%d1%83%d0%bf%d0%bf%d1%8b\/","name":"\u0448\u043a\u043e\u043b\u044c\u043d\u044b\u0435 \u0433\u0440\u0443\u043f\u043f\u044b | Ch\u00e2teau de Montsoreau-Mus\u00e9e d&#039;Art Contemporain","isPartOf":{"@id":"https:\/\/www.chateau-montsoreau.com\/wordpress\/#website"},"primaryImageOfPage":{"@id":"https:\/\/www.chateau-montsoreau.com\/wordpress\/ru\/%d0%b0%d0%bd%d1%81%d0%b0%d0%bc%d0%b1%d0%bb%d0%b8\/%d1%88%d0%ba%d0%be%d0%bb%d1%8c%d0%bd%d1%8b%d0%b5-%d0%b3%d1%80%d1%83%d0%bf%d0%bf%d1%8b\/#primaryimage"},"image":{"@id":"https:\/\/www.chateau-montsoreau.com\/wordpress\/ru\/%d0%b0%d0%bd%d1%81%d0%b0%d0%bc%d0%b1%d0%bb%d0%b8\/%d1%88%d0%ba%d0%be%d0%bb%d1%8c%d0%bd%d1%8b%d0%b5-%d0%b3%d1%80%d1%83%d0%bf%d0%bf%d1%8b\/#primaryimage"},"thumbnailUrl":"http:\/\/www.chateau-montsoreau.com\/wordpress\/wp-content\/uploads\/2016\/03\/20160826_140809-e1475680390220-225x300.jpg","datePublished":"2019-11-24T16:00:06+00:00","dateModified":"2024-02-27T16:34:22+00:00","breadcrumb":{"@id":"https:\/\/www.chateau-montsoreau.com\/wordpress\/ru\/%d0%b0%d0%bd%d1%81%d0%b0%d0%bc%d0%b1%d0%bb%d0%b8\/%d1%88%d0%ba%d0%be%d0%bb%d1%8c%d0%bd%d1%8b%d0%b5-%d0%b3%d1%80%d1%83%d0%bf%d0%bf%d1%8b\/#breadcrumb"},"inLanguage":"fr-FR","potentialAction":[{"@type":"ReadAction","target":["https:\/\/www.chateau-montsoreau.com\/wordpress\/ru\/%d0%b0%d0%bd%d1%81%d0%b0%d0%bc%d0%b1%d0%bb%d0%b8\/%d1%88%d0%ba%d0%be%d0%bb%d1%8c%d0%bd%d1%8b%d0%b5-%d0%b3%d1%80%d1%83%d0%bf%d0%bf%d1%8b\/"]}]},{"@type":"ImageObject","inLanguage":"fr-FR","@id":"https:\/\/www.chateau-montsoreau.com\/wordpress\/ru\/%d0%b0%d0%bd%d1%81%d0%b0%d0%bc%d0%b1%d0%bb%d0%b8\/%d1%88%d0%ba%d0%be%d0%bb%d1%8c%d0%bd%d1%8b%d0%b5-%d0%b3%d1%80%d1%83%d0%bf%d0%bf%d1%8b\/#primaryimage","url":"http:\/\/www.chateau-montsoreau.com\/wordpress\/wp-content\/uploads\/2016\/03\/20160826_140809-e1475680390220-225x300.jpg","contentUrl":"http:\/\/www.chateau-montsoreau.com\/wordpress\/wp-content\/uploads\/2016\/03\/20160826_140809-e1475680390220-225x300.jpg"},{"@type":"BreadcrumbList","@id":"https:\/\/www.chateau-montsoreau.com\/wordpress\/ru\/%d0%b0%d0%bd%d1%81%d0%b0%d0%bc%d0%b1%d0%bb%d0%b8\/%d1%88%d0%ba%d0%be%d0%bb%d1%8c%d0%bd%d1%8b%d0%b5-%d0%b3%d1%80%d1%83%d0%bf%d0%bf%d1%8b\/#breadcrumb","itemListElement":[{"@type":"ListItem","position":1,"name":"Accueil","item":"https:\/\/www.chateau-montsoreau.com\/wordpress\/fr\/"},{"@type":"ListItem","position":2,"name":"\u0430\u043d\u0441\u0430\u043c\u0431\u043b\u0438","item":"https:\/\/www.chateau-montsoreau.com\/wordpress\/ru\/%d0%b0%d0%bd%d1%81%d0%b0%d0%bc%d0%b1%d0%bb%d0%b8\/"},{"@type":"ListItem","position":3,"name":"\u0448\u043a\u043e\u043b\u044c\u043d\u044b\u0435 \u0433\u0440\u0443\u043f\u043f\u044b"}]},{"@type":"WebSite","@id":"https:\/\/www.chateau-montsoreau.com\/wordpress\/#website","url":"https:\/\/www.chateau-montsoreau.com\/wordpress\/","name":"Ch\u00e2teau de Montsoreau-Mus\u00e9e d&#039;Art Contemporain","description":"Ch\u00e2teaux de la Loire Art Contemporain Art Conceptuel","publisher":{"@id":"https:\/\/www.chateau-montsoreau.com\/wordpress\/#organization"},"potentialAction":[{"@type":"SearchAction","target":{"@type":"EntryPoint","urlTemplate":"https:\/\/www.chateau-montsoreau.com\/wordpress\/?s={search_term_string}"},"query-input":{"@type":"PropertyValueSpecification","valueRequired":true,"valueName":"search_term_string"}}],"inLanguage":"fr-FR"},{"@type":"Organization","@id":"https:\/\/www.chateau-montsoreau.com\/wordpress\/#organization","name":"Ch\u00e2teau de Montsoreau - Mus\u00e9e d'art contemporain","url":"https:\/\/www.chateau-montsoreau.com\/wordpress\/","logo":{"@type":"ImageObject","inLanguage":"fr-FR","@id":"https:\/\/www.chateau-montsoreau.com\/wordpress\/#\/schema\/logo\/image\/","url":"https:\/\/www.chateau-montsoreau.com\/wordpress\/wp-content\/uploads\/2016\/03\/Logo-Montsoreau-tout-petit-1.png","contentUrl":"https:\/\/www.chateau-montsoreau.com\/wordpress\/wp-content\/uploads\/2016\/03\/Logo-Montsoreau-tout-petit-1.png","width":133,"height":133,"caption":"Ch\u00e2teau de Montsoreau - Mus\u00e9e d'art contemporain"},"image":{"@id":"https:\/\/www.chateau-montsoreau.com\/wordpress\/#\/schema\/logo\/image\/"},"sameAs":["https:\/\/www.facebook.com\/chateaudemontsoreau\/","https:\/\/x.com\/Cmontsoreau","https:\/\/www.instagram.com\/chateaudemontsoreau\/","http:\/\/www.pinterest.com\/Cmontsoreau"]}]}},"_links":{"self":[{"href":"https:\/\/www.chateau-montsoreau.com\/wordpress\/wp-json\/wp\/v2\/pages\/7210","targetHints":{"allow":["GET"]}}],"collection":[{"href":"https:\/\/www.chateau-montsoreau.com\/wordpress\/wp-json\/wp\/v2\/pages"}],"about":[{"href":"https:\/\/www.chateau-montsoreau.com\/wordpress\/wp-json\/wp\/v2\/types\/page"}],"author":[{"embeddable":true,"href":"https:\/\/www.chateau-montsoreau.com\/wordpress\/wp-json\/wp\/v2\/users\/5"}],"replies":[{"embeddable":true,"href":"https:\/\/www.chateau-montsoreau.com\/wordpress\/wp-json\/wp\/v2\/comments?post=7210"}],"version-history":[{"count":3,"href":"https:\/\/www.chateau-montsoreau.com\/wordpress\/wp-json\/wp\/v2\/pages\/7210\/revisions"}],"predecessor-version":[{"id":8800,"href":"https:\/\/www.chateau-montsoreau.com\/wordpress\/wp-json\/wp\/v2\/pages\/7210\/revisions\/8800"}],"up":[{"embeddable":true,"href":"https:\/\/www.chateau-montsoreau.com\/wordpress\/wp-json\/wp\/v2\/pages\/7208"}],"wp:attachment":[{"href":"https:\/\/www.chateau-montsoreau.com\/wordpress\/wp-json\/wp\/v2\/media?parent=7210"}],"curies":[{"name":"wp","href":"https:\/\/api.w.org\/{rel}","templated":true}]}}