{"id":7212,"date":"2019-11-24T17:02:06","date_gmt":"2019-11-24T16:02:06","guid":{"rendered":"http:\/\/www.chateau-montsoreau.com\/wordpress\/?page_id=7212"},"modified":"2024-02-27T17:40:17","modified_gmt":"2024-02-27T16:40:17","slug":"%d0%b2%d0%b7%d1%80%d0%be%d1%81%d0%bb%d1%8b%d0%b5-%d0%b3%d1%80%d1%83%d0%bf%d0%bf%d1%8b","status":"publish","type":"page","link":"https:\/\/www.chateau-montsoreau.com\/wordpress\/ru\/%d0%b0%d0%bd%d1%81%d0%b0%d0%bc%d0%b1%d0%bb%d0%b8\/%d0%b2%d0%b7%d1%80%d0%be%d1%81%d0%bb%d1%8b%d0%b5-%d0%b3%d1%80%d1%83%d0%bf%d0%bf%d1%8b\/","title":{"rendered":"\u0413\u0440\u0443\u043f\u043f\u044b \u0434\u043b\u044f \u0432\u0437\u0440\u043e\u0441\u043b\u044b\u0445"},"content":{"rendered":"<div  class=\"ut-alert grey  \"><div  class=\"ut-one-half  \">\n<p><h6 class=\"ut-title-divider \" ><span><\/p>\n<h3><strong>\u0412\u0418\u0417\u0418\u0422\u042b<\/strong><\/h3>\n<p><\/span><\/h6><\/p>\n<p>\u0411\u0435\u0441\u043f\u043b\u0430\u0442\u043d\u0430\u044f \u044d\u043a\u0441\u043a\u0443\u0440\u0441\u0438\u044f<\/p>\n<p>\u0411\u0435\u0441\u043f\u043b\u0430\u0442\u043d\u0430\u044f \u044d\u043a\u0441\u043a\u0443\u0440\u0441\u0438\u044f \u043f\u043e \u0437\u0430\u043c\u043a\u0443 \u0438 \u0435\u0433\u043e \u043a\u043e\u043b\u043b\u0435\u043a\u0446\u0438\u0438 \u0441\u043e\u0432\u0440\u0435\u043c\u0435\u043d\u043d\u043e\u0433\u043e \u0438\u0441\u043a\u0443\u0441\u0441\u0442\u0432\u0430.<\/p>\n<p style=\"text-align: justify;\"><img loading=\"lazy\" decoding=\"async\" class=\"aligncenter wp-image-5205 size-full\" src=\"http:\/\/www.chateau-montsoreau.com\/wordpress\/wp-content\/uploads\/2016\/03\/visite-guid\u00e9e-2-modifi\u00e9.jpg\" alt=\"\" width=\"3991\" height=\"1981\" srcset=\"https:\/\/www.chateau-montsoreau.com\/wordpress\/wp-content\/uploads\/2016\/03\/visite-guid\u00e9e-2-modifi\u00e9.jpg 3991w, https:\/\/www.chateau-montsoreau.com\/wordpress\/wp-content\/uploads\/2016\/03\/visite-guid\u00e9e-2-modifi\u00e9-600x298.jpg 600w, https:\/\/www.chateau-montsoreau.com\/wordpress\/wp-content\/uploads\/2016\/03\/visite-guid\u00e9e-2-modifi\u00e9-300x149.jpg 300w, https:\/\/www.chateau-montsoreau.com\/wordpress\/wp-content\/uploads\/2016\/03\/visite-guid\u00e9e-2-modifi\u00e9-768x381.jpg 768w, https:\/\/www.chateau-montsoreau.com\/wordpress\/wp-content\/uploads\/2016\/03\/visite-guid\u00e9e-2-modifi\u00e9-1024x508.jpg 1024w\" sizes=\"auto, (max-width: 3991px) 100vw, 3991px\" \/><\/p>\n<p><img loading=\"lazy\" decoding=\"async\" class=\"alignnone size-full wp-image-6265\" src=\"http:\/\/www.chateau-montsoreau.com\/wordpress\/wp-content\/uploads\/2019\/01\/Package-GROUPE-croisi\u00e8re-ch\u00e2teau-Montsoreau-2019-page-001.jpg\" alt=\"\" width=\"875\" height=\"1240\" srcset=\"https:\/\/www.chateau-montsoreau.com\/wordpress\/wp-content\/uploads\/2019\/01\/Package-GROUPE-croisi\u00e8re-ch\u00e2teau-Montsoreau-2019-page-001.jpg 875w, https:\/\/www.chateau-montsoreau.com\/wordpress\/wp-content\/uploads\/2019\/01\/Package-GROUPE-croisi\u00e8re-ch\u00e2teau-Montsoreau-2019-page-001-600x850.jpg 600w, https:\/\/www.chateau-montsoreau.com\/wordpress\/wp-content\/uploads\/2019\/01\/Package-GROUPE-croisi\u00e8re-ch\u00e2teau-Montsoreau-2019-page-001-212x300.jpg 212w, https:\/\/www.chateau-montsoreau.com\/wordpress\/wp-content\/uploads\/2019\/01\/Package-GROUPE-croisi\u00e8re-ch\u00e2teau-Montsoreau-2019-page-001-768x1088.jpg 768w, https:\/\/www.chateau-montsoreau.com\/wordpress\/wp-content\/uploads\/2019\/01\/Package-GROUPE-croisi\u00e8re-ch\u00e2teau-Montsoreau-2019-page-001-723x1024.jpg 723w\" sizes=\"auto, (max-width: 875px) 100vw, 875px\" \/><\/p>\n<\/div>\n<div  class=\"ut-one-half ut-column-last  \">\n<p>\u042d\u043a\u0441\u043a\u0443\u0440\u0441\u0438\u044f<br \/>\n\u0412 \u043a\u043e\u043c\u043f\u0430\u043d\u0438\u0438 \u043c\u0443\u0437\u0435\u0439\u043d\u043e\u0433\u043e \u043f\u043e\u0441\u0440\u0435\u0434\u043d\u0438\u043a\u0430 \u043e\u0442\u043f\u0440\u0430\u0432\u043b\u044f\u0439\u0442\u0435\u0441\u044c \u0437\u043d\u0430\u043a\u043e\u043c\u0438\u0442\u044c\u0441\u044f \u0441 \u043f\u043e\u0441\u0442\u043e\u044f\u043d\u043d\u043e\u0439 \u043a\u043e\u043b\u043b\u0435\u043a\u0446\u0438\u0435\u0439 \u0438 \u0432\u0440\u0435\u043c\u0435\u043d\u043d\u044b\u043c\u0438 \u0432\u044b\u0441\u0442\u0430\u0432\u043a\u0430\u043c\u0438.<br \/>\n\u041f\u043e \u043f\u0440\u0435\u0434\u0432\u0430\u0440\u0438\u0442\u0435\u043b\u044c\u043d\u043e\u0439 \u0437\u0430\u043f\u0438\u0441\u0438: 02 41 67 12 60<br \/>\ncontact@chateau-montsoreau.com<\/p>\n<p>\u0410\u0440\u0442-\u0442\u0443\u0440 \u041c\u043e\u043d\u0441\u043e\u0440\u043e<br \/>\n\u0412 \u043a\u043e\u043c\u043f\u0430\u043d\u0438\u0438 \u0433\u0438\u0434\u0430 \u043e\u0442\u043a\u0440\u043e\u0439\u0442\u0435 \u0434\u043b\u044f \u0441\u0435\u0431\u044f \u041c\u043e\u043d\u0441\u043e\u0440\u043e \u0445\u0443\u0434\u043e\u0436\u043d\u0438\u043a\u043e\u0432 \u0438 \u043f\u0440\u043e\u0439\u0434\u0438\u0442\u0435 \u043f\u043e \u0441\u0442\u043e\u043f\u0430\u043c \u0424\u043b\u043e\u0431\u0435\u0440\u0430, \u0422\u0451\u0440\u043d\u0435\u0440\u0430, \u0420\u043e\u0434\u0435\u043d\u0430, \u0421\u043f\u0438\u043b\u0431\u0435\u0440\u0433\u0430, \u0420\u0430\u0431\u043b\u0435, \u0410\u043b\u0435\u043a\u0441\u0430\u043d\u0434\u0440\u0430 \u0414\u044e\u043c\u0430&#8230;<br \/>\n\u041f\u043e \u043f\u0443\u0442\u0438 \u0432\u044b \u0443\u0437\u043d\u0430\u0435\u0442\u0435, \u043a\u0430\u043a \u0441 \u044d\u043f\u043e\u0445\u0438 \u0412\u043e\u0437\u0440\u043e\u0436\u0434\u0435\u043d\u0438\u044f \u0434\u043e \u043d\u0430\u0448\u0438\u0445 \u0434\u043d\u0435\u0439 \u041c\u043e\u043d\u0441\u043e\u0440\u043e \u0441\u0442\u0430\u043b \u043b\u044e\u0431\u0438\u043c\u044b\u043c \u043c\u0435\u0441\u0442\u043e\u043c \u0434\u043b\u044f \u0445\u0443\u0434\u043e\u0436\u043d\u0438\u043a\u043e\u0432 \u0438 \u0438\u0441\u0442\u043e\u0447\u043d\u0438\u043a\u043e\u043c \u0432\u0434\u043e\u0445\u043d\u043e\u0432\u0435\u043d\u0438\u044f \u0432 \u043e\u0431\u043b\u0430\u0441\u0442\u0438 \u043a\u0438\u043d\u043e, \u043c\u0443\u0437\u044b\u043a\u0438, \u0432\u0438\u043d\u0430, \u043b\u0438\u0442\u0435\u0440\u0430\u0442\u0443\u0440\u044b \u0438 \u0436\u0438\u0432\u043e\u043f\u0438\u0441\u0438.<\/p>\n<p>\u042d\u0442\u0430\u043f\u044b \u043f\u0443\u0442\u0435\u0448\u0435\u0441\u0442\u0432\u0438\u044f:<br \/>\n\u2022 \u0422\u0435\u0440\u043d\u0435\u0440: \u0421\u0432\u0435\u0442 \u0440\u0435\u043a\u0438<br \/>\n\u2022 \u0424\u043b\u043e\u0431\u0435\u0440: \u0413\u0440\u0430\u043d\u0434-\u0442\u0443\u0440 \u043f\u043e \u0434\u043e\u043b\u0438\u043d\u0435 \u041b\u0443\u0430\u0440\u044b<br \/>\n\u2022 \u0412\u0441\u0442\u0440\u0435\u0447\u0430 3-\u0433\u043e \u0442\u0438\u043f\u0430<br \/>\n\u2022 \u0410\u043d\u0434\u0440\u0435 \u041e\u0431\u0435\u0439 \/ \u0410\u043d\u0440\u0438 \u0414\u044e\u0442\u0438\u0439\u0435: \u043c\u0435\u0436\u0434\u0443 \u0434\u0432\u043e\u0440\u043e\u043c \u0438 \u0441\u0430\u0434\u043e\u043c<br \/>\n\u2022 \u0410\u043b\u0435\u043a\u0441\u0430\u043d\u0434\u0440 \u0414\u044e\u043c\u0430: *\u0413\u0440\u0430\u0444\u0438\u043d\u044f \u0434\u0435 \u041c\u043e\u043d\u0441\u043e\u0440\u043e*<br \/>\n\u2022 \u0418\u0441\u043a\u0443\u0441\u0441\u0442\u0432\u043e \u0438 \u044f\u0437\u044b\u043a: \u0431\u0435\u0441\u043f\u043b\u0430\u0442\u043d\u043e\u0435 \u043f\u043e\u0441\u0435\u0449\u0435\u043d\u0438\u0435 \u043c\u0443\u0437\u0435\u044f \u0441\u043e\u0432\u0440\u0435\u043c\u0435\u043d\u043d\u043e\u0433\u043e \u0438\u0441\u043a\u0443\u0441\u0441\u0442\u0432\u0430 \u0417\u0430\u043c\u043e\u043a \u041c\u043e\u043d\u0441\u043e\u0440\u043e.<br \/>\n\u2022 \u041f\u043e \u0441\u043b\u0435\u0434\u0430\u043c \u041e\u0433\u044e\u0441\u0442\u0430 \u0420\u043e\u0434\u0435\u043d\u0430: \u0441\u0442\u0440\u0430\u0441\u0442\u044c \u043a \u0430\u0440\u0445\u0438\u0442\u0435\u043a\u0442\u0443\u0440\u0435<br \/>\n\u2022 \u0420\u0430\u0431\u043b\u0435 \u0438 \u043e\u0440\u0430\u043a\u0443\u043b Dive Bouteille<br \/>\n\u041f\u0440\u043e\u0434\u043e\u043b\u0436\u0438\u0442\u0435\u043b\u044c\u043d\u043e\u0441\u0442\u044c: 1 \u0447\u0430\u0441 30 \u043c\u0438\u043d\u0443\u0442 (\u043f\u0435\u0448\u043a\u043e\u043c).<br \/>\n\u041a\u043e\u0433\u0434\u0430: \u043a\u0430\u0436\u0434\u043e\u0435 \u0432\u043e\u0441\u043a\u0440\u0435\u0441\u0435\u043d\u044c\u0435 \u0441 \u043c\u0430\u0440\u0442\u0430 \u043f\u043e \u0441\u0435\u043d\u0442\u044f\u0431\u0440\u044c.<br \/>\n\u0427\u0430\u0441\u044b \u0440\u0430\u0431\u043e\u0442\u044b: \u0441 11:30 \u0434\u043e 13:00.<br \/>\n\u0426\u0435\u043d\u0430: 18\u20ac\/\u0447\u0435\u043b.<br \/>\n\u041c\u0430\u043a\u0441\u0438\u043c\u0443\u043c 15 \u0447\u0435\u043b\u043e\u0432\u0435\u043a.<br \/>\n\u041f\u043e \u043f\u0440\u0435\u0434\u0432\u0430\u0440\u0438\u0442\u0435\u043b\u044c\u043d\u043e\u0439 \u0437\u0430\u043f\u0438\u0441\u0438: 02 41 67 12 60<br \/>\ncontact@chateau-montsoreau.com<\/p>\n<p>\u041a\u0443\u043b\u044c\u0442\u0443\u0440\u043d\u044b\u0439 \u043a\u0440\u0443\u0438\u0437<br \/>\n\u0421 \u0430\u043f\u0440\u0435\u043b\u044f \u043f\u043e \u043e\u043a\u0442\u044f\u0431\u0440\u044c 2022 \u0433.<br \/>\n\u0412\u044b\u0435\u0437\u0434 \u043f\u043e \u0442\u0440\u0435\u0431\u043e\u0432\u0430\u043d\u0438\u044e<br \/>\n\u0413\u0440\u0443\u043f\u043f\u0430 \u043c\u0438\u043d\u0438\u043c\u0443\u043c 20 \u0447\u0435\u043b\u043e\u0432\u0435\u043a<br \/>\n9:30: \u043e\u0442\u043f\u0440\u0430\u0432\u043b\u0435\u043d\u0438\u0435 \u043d\u0430 \u043b\u043e\u0434\u043a\u0435 \u0438\u0437 \u0421\u043e\u043c\u044e\u0440\u0430 \u0432 \u0441\u0442\u043e\u0440\u043e\u043d\u0443 \u041c\u043e\u043d\u0441\u043e\u0440\u043e.<br \/>\n14:00: \u043f\u043e\u0441\u0435\u0449\u0435\u043d\u0438\u0435 \u043a\u043e\u043b\u043b\u0435\u043a\u0446\u0438\u0438 \u0441\u043e\u0432\u0440\u0435\u043c\u0435\u043d\u043d\u043e\u0433\u043e \u0438\u0441\u043a\u0443\u0441\u0441\u0442\u0432\u0430 \u0441 \u0433\u0438\u0434\u043e\u043c.<br \/>\n15:30: \u043f\u0440\u043e\u0433\u0443\u043b\u043a\u0430 \u043f\u043e \u0434\u0435\u0440\u0435\u0432\u043d\u044f\u043c \u041c\u043e\u043d\u0441\u043e\u0440\u043e \u0438 \u041a\u0430\u043d\u0434\u0435.<br \/>\n18:50: \u0432\u043e\u0437\u0432\u0440\u0430\u0449\u0435\u043d\u0438\u0435 \u043d\u0430 \u043b\u043e\u0434\u043a\u0435 \u0432 \u0421\u043e\u043c\u044e\u0440.<br \/>\n20:00: \u043f\u0440\u0438\u0431\u044b\u0442\u0438\u0435 \u0432 \u0421\u043e\u043c\u044e\u0440.<\/p>\n<p>\u0421\u0442\u043e\u0438\u043c\u043e\u0441\u0442\u044c \u043b\u043e\u0434\u043a\u0438 \u0432 \u043e\u0434\u043d\u0443 \u0441\u0442\u043e\u0440\u043e\u043d\u0443 + \u043f\u043e\u0441\u0435\u0449\u0435\u043d\u0438\u0435 \u0437\u0430\u043c\u043a\u0430: \u043e\u0442 45 \u0435\u0432\u0440\u043e \u0437\u0430 \u0432\u0437\u0440\u043e\u0441\u043b\u043e\u0433\u043e.<\/p>\n<p>\u0421\u043e\u043c\u044e\u0440 \u2013 \u0440\u0435\u0447\u043d\u043e\u0439 \u041c\u043e\u043d\u0441\u043e\u0440\u043e<br \/>\n\u0421 \u0430\u043f\u0440\u0435\u043b\u044f \u043f\u043e \u043e\u043a\u0442\u044f\u0431\u0440\u044c 2022 \u0433.<br \/>\n\u0412\u044b\u0435\u0437\u0434 \u043f\u043e \u0442\u0440\u0435\u0431\u043e\u0432\u0430\u043d\u0438\u044e<br \/>\n\u041c\u0435\u0436\u0434\u0443 1:30 \u0438 2 \u0447\u0430\u0441\u0430\u043c\u0438 \u043d\u0430\u0432\u0438\u0433\u0430\u0446\u0438\u0438<\/p>\n<p><strong>\u00a0<\/strong><\/p>\n<\/div><div class=\"clear\"><\/div>\n<p><h6 class=\"ut-title-divider \" ><span><\/p>\n<h2><strong>\u0413\u0420\u0423\u041f\u041f\u041e\u0412\u042b\u0415<\/strong> <strong>\u0426\u0415\u041d\u042b<\/strong><\/h2>\n<p><\/span><\/h6><\/p>\n<p><div class=\"ut-pt-wrap ut-pt-wrap-style-1\"><div class=\"grid-25 tablet-grid-50 mobile-grid-100\"><div class=\"ut-pricing-table\"><header class=\"ut-pt-header ut-level-one\"><h2 class=\"ut-pt-title\">Free visit or guided tour<\/h2><span class=\"ut-pt-title-slogan\">over 18 years old<\/span><\/header><footer class=\"ut-pt-pricing\"><span class=\"ut-pt-price\"><sup>\u20ac<\/sup>8,40<\/span><\/footer><\/div><\/div><div class=\"grid-25 tablet-grid-50 mobile-grid-100\"><div class=\"ut-pricing-table\"><header class=\"ut-pt-header ut-level-one\"><h2 class=\"ut-pt-title\">Free visit or guided tour<\/h2><span class=\"ut-pt-title-slogan\">from 5 to 18 years old<\/span><\/header><footer class=\"ut-pt-pricing\"><span class=\"ut-pt-price\"><sup>\u20ac<\/sup>6.10<\/span><\/footer><\/div><\/div><div class=\"grid-25 tablet-grid-50 mobile-grid-100\"><div class=\"ut-pricing-table\"><\/div><\/div><div class=\"grid-25 tablet-grid-50 mobile-grid-100\"><div class=\"ut-pricing-table\"><header class=\"ut-pt-header ut-level-one\"><h2 class=\"ut-pt-title\">Pedagogical workshops<\/h2><\/header><footer class=\"ut-pt-pricing\"><span class=\"ut-pt-price\"><sup>\u20ac<\/sup>8<\/span><\/footer><\/div><\/div><div class=\"clear\"><\/div><\/div><\/p>\n<div  class=\"ut-alert grey  \"><\/div>\n<h6 class=\"ut-title-divider \" ><span><\/p>\n<h2><strong>\u0424\u041e\u0420\u041c\u0410<\/strong> <strong>\u041e\u0411\u0420\u0410\u0422\u041d\u041e\u0419<\/strong> <strong>\u0421\u0412\u042f\u0417\u0418<\/strong><strong>\u00a0<\/strong><\/h2>\n<p><\/span><\/h6><\/p>\n<p><p class=\"wpcf7-contact-form-not-found\"><strong>Erreur\u00a0:<\/strong> Formulaire de contact non trouv\u00e9\u00a0!<\/p><br \/>\n<\/div>\n","protected":false},"excerpt":{"rendered":"","protected":false},"author":5,"featured_media":0,"parent":7208,"menu_order":2,"comment_status":"closed","ping_status":"closed","template":"","meta":{"footnotes":""},"class_list":["post-7212","page","type-page","status-publish","hentry"],"yoast_head":"<!-- This site is optimized with the Yoast SEO plugin v27.3 - https:\/\/yoast.com\/product\/yoast-seo-wordpress\/ -->\n<title>Ch\u00e2teau de Montsoreau Mus\u00e9e d&#039;art contemporain Val de Loire<\/title>\n<meta name=\"robots\" content=\"index, follow, max-snippet:-1, max-image-preview:large, max-video-preview:-1\" \/>\n<link rel=\"canonical\" href=\"https:\/\/www.chateau-montsoreau.com\/wordpress\/ru\/\u0430\u043d\u0441\u0430\u043c\u0431\u043b\u0438\/\u0432\u0437\u0440\u043e\u0441\u043b\u044b\u0435-\u0433\u0440\u0443\u043f\u043f\u044b\/\" \/>\n<meta property=\"og:locale\" content=\"fr_FR\" \/>\n<meta property=\"og:type\" content=\"article\" \/>\n<meta property=\"og:title\" content=\"Ch\u00e2teau de Montsoreau Mus\u00e9e d&#039;art contemporain Val de Loire\" \/>\n<meta property=\"og:url\" content=\"https:\/\/www.chateau-montsoreau.com\/wordpress\/ru\/\u0430\u043d\u0441\u0430\u043c\u0431\u043b\u0438\/\u0432\u0437\u0440\u043e\u0441\u043b\u044b\u0435-\u0433\u0440\u0443\u043f\u043f\u044b\/\" \/>\n<meta property=\"og:site_name\" content=\"Ch\u00e2teau de Montsoreau-Mus\u00e9e d&#039;Art Contemporain\" \/>\n<meta property=\"article:publisher\" content=\"https:\/\/www.facebook.com\/chateaudemontsoreau\/\" \/>\n<meta property=\"article:modified_time\" content=\"2024-02-27T16:40:17+00:00\" \/>\n<meta name=\"twitter:card\" content=\"summary_large_image\" \/>\n<meta name=\"twitter:site\" content=\"@Cmontsoreau\" \/>\n<script type=\"application\/ld+json\" class=\"yoast-schema-graph\">{\"@context\":\"https:\\\/\\\/schema.org\",\"@graph\":[{\"@type\":\"WebPage\",\"@id\":\"https:\\\/\\\/www.chateau-montsoreau.com\\\/wordpress\\\/ru\\\/%d0%b0%d0%bd%d1%81%d0%b0%d0%bc%d0%b1%d0%bb%d0%b8\\\/%d0%b2%d0%b7%d1%80%d0%be%d1%81%d0%bb%d1%8b%d0%b5-%d0%b3%d1%80%d1%83%d0%bf%d0%bf%d1%8b\\\/\",\"url\":\"https:\\\/\\\/www.chateau-montsoreau.com\\\/wordpress\\\/ru\\\/%d0%b0%d0%bd%d1%81%d0%b0%d0%bc%d0%b1%d0%bb%d0%b8\\\/%d0%b2%d0%b7%d1%80%d0%be%d1%81%d0%bb%d1%8b%d0%b5-%d0%b3%d1%80%d1%83%d0%bf%d0%bf%d1%8b\\\/\",\"name\":\"Ch\u00e2teau de Montsoreau Mus\u00e9e d'art contemporain Val de Loire\",\"isPartOf\":{\"@id\":\"https:\\\/\\\/www.chateau-montsoreau.com\\\/wordpress\\\/#website\"},\"datePublished\":\"2019-11-24T16:02:06+00:00\",\"dateModified\":\"2024-02-27T16:40:17+00:00\",\"breadcrumb\":{\"@id\":\"https:\\\/\\\/www.chateau-montsoreau.com\\\/wordpress\\\/ru\\\/%d0%b0%d0%bd%d1%81%d0%b0%d0%bc%d0%b1%d0%bb%d0%b8\\\/%d0%b2%d0%b7%d1%80%d0%be%d1%81%d0%bb%d1%8b%d0%b5-%d0%b3%d1%80%d1%83%d0%bf%d0%bf%d1%8b\\\/#breadcrumb\"},\"inLanguage\":\"fr-FR\",\"potentialAction\":[{\"@type\":\"ReadAction\",\"target\":[\"https:\\\/\\\/www.chateau-montsoreau.com\\\/wordpress\\\/ru\\\/%d0%b0%d0%bd%d1%81%d0%b0%d0%bc%d0%b1%d0%bb%d0%b8\\\/%d0%b2%d0%b7%d1%80%d0%be%d1%81%d0%bb%d1%8b%d0%b5-%d0%b3%d1%80%d1%83%d0%bf%d0%bf%d1%8b\\\/\"]}]},{\"@type\":\"BreadcrumbList\",\"@id\":\"https:\\\/\\\/www.chateau-montsoreau.com\\\/wordpress\\\/ru\\\/%d0%b0%d0%bd%d1%81%d0%b0%d0%bc%d0%b1%d0%bb%d0%b8\\\/%d0%b2%d0%b7%d1%80%d0%be%d1%81%d0%bb%d1%8b%d0%b5-%d0%b3%d1%80%d1%83%d0%bf%d0%bf%d1%8b\\\/#breadcrumb\",\"itemListElement\":[{\"@type\":\"ListItem\",\"position\":1,\"name\":\"Accueil\",\"item\":\"https:\\\/\\\/www.chateau-montsoreau.com\\\/wordpress\\\/fr\\\/\"},{\"@type\":\"ListItem\",\"position\":2,\"name\":\"\u0430\u043d\u0441\u0430\u043c\u0431\u043b\u0438\",\"item\":\"https:\\\/\\\/www.chateau-montsoreau.com\\\/wordpress\\\/ru\\\/%d0%b0%d0%bd%d1%81%d0%b0%d0%bc%d0%b1%d0%bb%d0%b8\\\/\"},{\"@type\":\"ListItem\",\"position\":3,\"name\":\"\u0413\u0440\u0443\u043f\u043f\u044b \u0434\u043b\u044f \u0432\u0437\u0440\u043e\u0441\u043b\u044b\u0445\"}]},{\"@type\":\"WebSite\",\"@id\":\"https:\\\/\\\/www.chateau-montsoreau.com\\\/wordpress\\\/#website\",\"url\":\"https:\\\/\\\/www.chateau-montsoreau.com\\\/wordpress\\\/\",\"name\":\"Ch\u00e2teau de Montsoreau-Mus\u00e9e d&#039;Art Contemporain\",\"description\":\"Ch\u00e2teaux de la Loire Art Contemporain Art Conceptuel\",\"publisher\":{\"@id\":\"https:\\\/\\\/www.chateau-montsoreau.com\\\/wordpress\\\/#organization\"},\"potentialAction\":[{\"@type\":\"SearchAction\",\"target\":{\"@type\":\"EntryPoint\",\"urlTemplate\":\"https:\\\/\\\/www.chateau-montsoreau.com\\\/wordpress\\\/?s={search_term_string}\"},\"query-input\":{\"@type\":\"PropertyValueSpecification\",\"valueRequired\":true,\"valueName\":\"search_term_string\"}}],\"inLanguage\":\"fr-FR\"},{\"@type\":\"Organization\",\"@id\":\"https:\\\/\\\/www.chateau-montsoreau.com\\\/wordpress\\\/#organization\",\"name\":\"Ch\u00e2teau de Montsoreau - Mus\u00e9e d'art contemporain\",\"url\":\"https:\\\/\\\/www.chateau-montsoreau.com\\\/wordpress\\\/\",\"logo\":{\"@type\":\"ImageObject\",\"inLanguage\":\"fr-FR\",\"@id\":\"https:\\\/\\\/www.chateau-montsoreau.com\\\/wordpress\\\/#\\\/schema\\\/logo\\\/image\\\/\",\"url\":\"https:\\\/\\\/www.chateau-montsoreau.com\\\/wordpress\\\/wp-content\\\/uploads\\\/2016\\\/03\\\/Logo-Montsoreau-tout-petit-1.png\",\"contentUrl\":\"https:\\\/\\\/www.chateau-montsoreau.com\\\/wordpress\\\/wp-content\\\/uploads\\\/2016\\\/03\\\/Logo-Montsoreau-tout-petit-1.png\",\"width\":133,\"height\":133,\"caption\":\"Ch\u00e2teau de Montsoreau - Mus\u00e9e d'art contemporain\"},\"image\":{\"@id\":\"https:\\\/\\\/www.chateau-montsoreau.com\\\/wordpress\\\/#\\\/schema\\\/logo\\\/image\\\/\"},\"sameAs\":[\"https:\\\/\\\/www.facebook.com\\\/chateaudemontsoreau\\\/\",\"https:\\\/\\\/x.com\\\/Cmontsoreau\",\"https:\\\/\\\/www.instagram.com\\\/chateaudemontsoreau\\\/\",\"http:\\\/\\\/www.pinterest.com\\\/Cmontsoreau\"]}]}<\/script>\n<!-- \/ Yoast SEO plugin. -->","yoast_head_json":{"title":"Ch\u00e2teau de Montsoreau Mus\u00e9e d'art contemporain Val de Loire","robots":{"index":"index","follow":"follow","max-snippet":"max-snippet:-1","max-image-preview":"max-image-preview:large","max-video-preview":"max-video-preview:-1"},"canonical":"https:\/\/www.chateau-montsoreau.com\/wordpress\/ru\/\u0430\u043d\u0441\u0430\u043c\u0431\u043b\u0438\/\u0432\u0437\u0440\u043e\u0441\u043b\u044b\u0435-\u0433\u0440\u0443\u043f\u043f\u044b\/","og_locale":"fr_FR","og_type":"article","og_title":"Ch\u00e2teau de Montsoreau Mus\u00e9e d'art contemporain Val de Loire","og_url":"https:\/\/www.chateau-montsoreau.com\/wordpress\/ru\/\u0430\u043d\u0441\u0430\u043c\u0431\u043b\u0438\/\u0432\u0437\u0440\u043e\u0441\u043b\u044b\u0435-\u0433\u0440\u0443\u043f\u043f\u044b\/","og_site_name":"Ch\u00e2teau de Montsoreau-Mus\u00e9e d&#039;Art Contemporain","article_publisher":"https:\/\/www.facebook.com\/chateaudemontsoreau\/","article_modified_time":"2024-02-27T16:40:17+00:00","twitter_card":"summary_large_image","twitter_site":"@Cmontsoreau","schema":{"@context":"https:\/\/schema.org","@graph":[{"@type":"WebPage","@id":"https:\/\/www.chateau-montsoreau.com\/wordpress\/ru\/%d0%b0%d0%bd%d1%81%d0%b0%d0%bc%d0%b1%d0%bb%d0%b8\/%d0%b2%d0%b7%d1%80%d0%be%d1%81%d0%bb%d1%8b%d0%b5-%d0%b3%d1%80%d1%83%d0%bf%d0%bf%d1%8b\/","url":"https:\/\/www.chateau-montsoreau.com\/wordpress\/ru\/%d0%b0%d0%bd%d1%81%d0%b0%d0%bc%d0%b1%d0%bb%d0%b8\/%d0%b2%d0%b7%d1%80%d0%be%d1%81%d0%bb%d1%8b%d0%b5-%d0%b3%d1%80%d1%83%d0%bf%d0%bf%d1%8b\/","name":"Ch\u00e2teau de Montsoreau Mus\u00e9e d'art contemporain Val de Loire","isPartOf":{"@id":"https:\/\/www.chateau-montsoreau.com\/wordpress\/#website"},"datePublished":"2019-11-24T16:02:06+00:00","dateModified":"2024-02-27T16:40:17+00:00","breadcrumb":{"@id":"https:\/\/www.chateau-montsoreau.com\/wordpress\/ru\/%d0%b0%d0%bd%d1%81%d0%b0%d0%bc%d0%b1%d0%bb%d0%b8\/%d0%b2%d0%b7%d1%80%d0%be%d1%81%d0%bb%d1%8b%d0%b5-%d0%b3%d1%80%d1%83%d0%bf%d0%bf%d1%8b\/#breadcrumb"},"inLanguage":"fr-FR","potentialAction":[{"@type":"ReadAction","target":["https:\/\/www.chateau-montsoreau.com\/wordpress\/ru\/%d0%b0%d0%bd%d1%81%d0%b0%d0%bc%d0%b1%d0%bb%d0%b8\/%d0%b2%d0%b7%d1%80%d0%be%d1%81%d0%bb%d1%8b%d0%b5-%d0%b3%d1%80%d1%83%d0%bf%d0%bf%d1%8b\/"]}]},{"@type":"BreadcrumbList","@id":"https:\/\/www.chateau-montsoreau.com\/wordpress\/ru\/%d0%b0%d0%bd%d1%81%d0%b0%d0%bc%d0%b1%d0%bb%d0%b8\/%d0%b2%d0%b7%d1%80%d0%be%d1%81%d0%bb%d1%8b%d0%b5-%d0%b3%d1%80%d1%83%d0%bf%d0%bf%d1%8b\/#breadcrumb","itemListElement":[{"@type":"ListItem","position":1,"name":"Accueil","item":"https:\/\/www.chateau-montsoreau.com\/wordpress\/fr\/"},{"@type":"ListItem","position":2,"name":"\u0430\u043d\u0441\u0430\u043c\u0431\u043b\u0438","item":"https:\/\/www.chateau-montsoreau.com\/wordpress\/ru\/%d0%b0%d0%bd%d1%81%d0%b0%d0%bc%d0%b1%d0%bb%d0%b8\/"},{"@type":"ListItem","position":3,"name":"\u0413\u0440\u0443\u043f\u043f\u044b \u0434\u043b\u044f \u0432\u0437\u0440\u043e\u0441\u043b\u044b\u0445"}]},{"@type":"WebSite","@id":"https:\/\/www.chateau-montsoreau.com\/wordpress\/#website","url":"https:\/\/www.chateau-montsoreau.com\/wordpress\/","name":"Ch\u00e2teau de Montsoreau-Mus\u00e9e d&#039;Art Contemporain","description":"Ch\u00e2teaux de la Loire Art Contemporain Art Conceptuel","publisher":{"@id":"https:\/\/www.chateau-montsoreau.com\/wordpress\/#organization"},"potentialAction":[{"@type":"SearchAction","target":{"@type":"EntryPoint","urlTemplate":"https:\/\/www.chateau-montsoreau.com\/wordpress\/?s={search_term_string}"},"query-input":{"@type":"PropertyValueSpecification","valueRequired":true,"valueName":"search_term_string"}}],"inLanguage":"fr-FR"},{"@type":"Organization","@id":"https:\/\/www.chateau-montsoreau.com\/wordpress\/#organization","name":"Ch\u00e2teau de Montsoreau - Mus\u00e9e d'art contemporain","url":"https:\/\/www.chateau-montsoreau.com\/wordpress\/","logo":{"@type":"ImageObject","inLanguage":"fr-FR","@id":"https:\/\/www.chateau-montsoreau.com\/wordpress\/#\/schema\/logo\/image\/","url":"https:\/\/www.chateau-montsoreau.com\/wordpress\/wp-content\/uploads\/2016\/03\/Logo-Montsoreau-tout-petit-1.png","contentUrl":"https:\/\/www.chateau-montsoreau.com\/wordpress\/wp-content\/uploads\/2016\/03\/Logo-Montsoreau-tout-petit-1.png","width":133,"height":133,"caption":"Ch\u00e2teau de Montsoreau - Mus\u00e9e d'art contemporain"},"image":{"@id":"https:\/\/www.chateau-montsoreau.com\/wordpress\/#\/schema\/logo\/image\/"},"sameAs":["https:\/\/www.facebook.com\/chateaudemontsoreau\/","https:\/\/x.com\/Cmontsoreau","https:\/\/www.instagram.com\/chateaudemontsoreau\/","http:\/\/www.pinterest.com\/Cmontsoreau"]}]}},"_links":{"self":[{"href":"https:\/\/www.chateau-montsoreau.com\/wordpress\/wp-json\/wp\/v2\/pages\/7212","targetHints":{"allow":["GET"]}}],"collection":[{"href":"https:\/\/www.chateau-montsoreau.com\/wordpress\/wp-json\/wp\/v2\/pages"}],"about":[{"href":"https:\/\/www.chateau-montsoreau.com\/wordpress\/wp-json\/wp\/v2\/types\/page"}],"author":[{"embeddable":true,"href":"https:\/\/www.chateau-montsoreau.com\/wordpress\/wp-json\/wp\/v2\/users\/5"}],"replies":[{"embeddable":true,"href":"https:\/\/www.chateau-montsoreau.com\/wordpress\/wp-json\/wp\/v2\/comments?post=7212"}],"version-history":[{"count":2,"href":"https:\/\/www.chateau-montsoreau.com\/wordpress\/wp-json\/wp\/v2\/pages\/7212\/revisions"}],"predecessor-version":[{"id":8802,"href":"https:\/\/www.chateau-montsoreau.com\/wordpress\/wp-json\/wp\/v2\/pages\/7212\/revisions\/8802"}],"up":[{"embeddable":true,"href":"https:\/\/www.chateau-montsoreau.com\/wordpress\/wp-json\/wp\/v2\/pages\/7208"}],"wp:attachment":[{"href":"https:\/\/www.chateau-montsoreau.com\/wordpress\/wp-json\/wp\/v2\/media?parent=7212"}],"curies":[{"name":"wp","href":"https:\/\/api.w.org\/{rel}","templated":true}]}}