{"id":7335,"date":"2019-11-25T16:28:22","date_gmt":"2019-11-25T15:28:22","guid":{"rendered":"http:\/\/www.chateau-montsoreau.com\/wordpress\/?page_id=7335"},"modified":"2019-11-25T16:30:18","modified_gmt":"2019-11-25T15:30:18","slug":"%d9%85%d8%ac%d9%85%d9%88%d8%b9%d8%a7%d8%aa-%d8%a7%d9%84%d9%83%d8%a8%d8%a7%d8%b1","status":"publish","type":"page","link":"https:\/\/www.chateau-montsoreau.com\/wordpress\/ar\/%d9%85%d8%ac%d9%85%d9%88%d8%b9%d8%a9\/%d9%85%d8%ac%d9%85%d9%88%d8%b9%d8%a7%d8%aa-%d8%a7%d9%84%d9%83%d8%a8%d8%a7%d8%b1\/","title":{"rendered":"\u0645\u062c\u0645\u0648\u0639\u0627\u062a \u0627\u0644\u0643\u0628\u0627\u0631"},"content":{"rendered":"<div  class=\"ut-alert grey  \"><div  class=\"ut-one-half  \">\n<p><h6 class=\"ut-title-divider \" ><span><\/p>\n<h2>Visits<\/h2>\n<p><\/span><\/h6><\/p>\n<ul>\n<li style=\"text-align: justify;\"><strong>Free visit:<\/strong> free visit of the chateau and its contemporary art collection.<\/li>\n<li style=\"text-align: justify;\"><strong>Guided tour (on reservation):<\/strong> a mediator from the museum team will guide you through the museum&rsquo;s permanent collection and the temporary exhibitions.<\/li>\n<\/ul>\n<p style=\"text-align: justify;\"><img loading=\"lazy\" decoding=\"async\" class=\"aligncenter wp-image-5205 size-full\" src=\"http:\/\/www.chateau-montsoreau.com\/wordpress\/wp-content\/uploads\/2016\/03\/visite-guid\u00e9e-2-modifi\u00e9.jpg\" alt=\"\" width=\"3991\" height=\"1981\" srcset=\"https:\/\/www.chateau-montsoreau.com\/wordpress\/wp-content\/uploads\/2016\/03\/visite-guid\u00e9e-2-modifi\u00e9.jpg 3991w, https:\/\/www.chateau-montsoreau.com\/wordpress\/wp-content\/uploads\/2016\/03\/visite-guid\u00e9e-2-modifi\u00e9-600x298.jpg 600w, https:\/\/www.chateau-montsoreau.com\/wordpress\/wp-content\/uploads\/2016\/03\/visite-guid\u00e9e-2-modifi\u00e9-300x149.jpg 300w, https:\/\/www.chateau-montsoreau.com\/wordpress\/wp-content\/uploads\/2016\/03\/visite-guid\u00e9e-2-modifi\u00e9-768x381.jpg 768w, https:\/\/www.chateau-montsoreau.com\/wordpress\/wp-content\/uploads\/2016\/03\/visite-guid\u00e9e-2-modifi\u00e9-1024x508.jpg 1024w\" sizes=\"auto, (max-width: 3991px) 100vw, 3991px\" \/><\/p>\n<p><img loading=\"lazy\" decoding=\"async\" class=\"alignnone size-full wp-image-6265\" src=\"http:\/\/www.chateau-montsoreau.com\/wordpress\/wp-content\/uploads\/2019\/01\/Package-GROUPE-croisi\u00e8re-ch\u00e2teau-Montsoreau-2019-page-001.jpg\" alt=\"\" width=\"875\" height=\"1240\" srcset=\"https:\/\/www.chateau-montsoreau.com\/wordpress\/wp-content\/uploads\/2019\/01\/Package-GROUPE-croisi\u00e8re-ch\u00e2teau-Montsoreau-2019-page-001.jpg 875w, https:\/\/www.chateau-montsoreau.com\/wordpress\/wp-content\/uploads\/2019\/01\/Package-GROUPE-croisi\u00e8re-ch\u00e2teau-Montsoreau-2019-page-001-600x850.jpg 600w, https:\/\/www.chateau-montsoreau.com\/wordpress\/wp-content\/uploads\/2019\/01\/Package-GROUPE-croisi\u00e8re-ch\u00e2teau-Montsoreau-2019-page-001-212x300.jpg 212w, https:\/\/www.chateau-montsoreau.com\/wordpress\/wp-content\/uploads\/2019\/01\/Package-GROUPE-croisi\u00e8re-ch\u00e2teau-Montsoreau-2019-page-001-768x1088.jpg 768w, https:\/\/www.chateau-montsoreau.com\/wordpress\/wp-content\/uploads\/2019\/01\/Package-GROUPE-croisi\u00e8re-ch\u00e2teau-Montsoreau-2019-page-001-723x1024.jpg 723w\" sizes=\"auto, (max-width: 875px) 100vw, 875px\" \/><\/p>\n<\/div>\n<div  class=\"ut-one-half ut-column-last  \">\n<p><h6 class=\"ut-title-divider \" ><span><\/p>\n<h2>Restaurant<br \/>\nJEAN 2 <\/span><\/h6><\/h2>\n<p>JEAN 2 is open all year round by reservation for groups.<br \/>\nIt is possible to privatize the interior room and the terrace for lunches and dinners.<\/p>\n<p><strong>PANORAMIC TERRACE<\/strong><br \/>\ncapacity: 50 people<br \/>\nExceptional panorama on the Loire<\/p>\n<p><strong>VOUTED ROOM<\/strong><br \/>\ncapacity: 35 people<br \/>\nLocated in the former kitchens of the chateau, the restaurant room cultivates a cosy, intimate and relaxed atmosphere with a library corner, a self-service piano and collector vinyl covers on the walls.<\/p>\n<p><strong>Group menu: 15\u20ac<\/strong><br \/>\nMontsoreau Soup<br \/>\nSlate of cheese and delicatessen<br \/>\nHomemade dessert<\/p>\n<p><strong>Group menu: 25\u20ac<\/strong><br \/>\nLea Linster Carrot Soup<br \/>\nSlate of delicatessen<br \/>\nGoat cheese from the Haut Cru\u00e9 cheese dairy<br \/>\nPlum pie from Master Bernard<\/p>\n<p><img loading=\"lazy\" decoding=\"async\" class=\"aligncenter wp-image-5944 size-full\" src=\"http:\/\/www.chateau-montsoreau.com\/wordpress\/wp-content\/uploads\/2016\/03\/d\u00e9jeuner-groupes.jpg\" alt=\"\" width=\"4096\" height=\"2304\" \/><\/p>\n<p><strong>CRUISE + LUNCH (from April to October)<br \/>\nMinimum 20 people<\/strong><\/p>\n<ul>\n<li>Departure from Saumur (quai Lucien Gauthier).<\/li>\n<li>Commented cruise (1h30 of navigation).<\/li>\n<li>Lunch in the restaurant JEAN 2 (menu at 25\u20ac).<\/li>\n<li>Guided tour of the contemporary art collection of Ch\u00e2teau de Montsoreau<\/li>\n<li>Return to Saumur.<\/li>\n<\/ul>\n<\/div><div class=\"clear\"><\/div>\n<p><h6 class=\"ut-title-divider \" ><span><\/p>\n<h2>Groups rates<\/h2>\n<p><\/span><\/h6><\/p>\n<p><div class=\"ut-pt-wrap ut-pt-wrap-style-1\"><div class=\"grid-25 tablet-grid-50 mobile-grid-100\"><div class=\"ut-pricing-table\"><header class=\"ut-pt-header ut-level-one\"><h2 class=\"ut-pt-title\">Free visit or guided tour<\/h2><span class=\"ut-pt-title-slogan\">over 18 years old<\/span><\/header><footer class=\"ut-pt-pricing\"><span class=\"ut-pt-price\"><sup>\u20ac<\/sup>8,40<\/span><\/footer><\/div><\/div><div class=\"grid-25 tablet-grid-50 mobile-grid-100\"><div class=\"ut-pricing-table\"><header class=\"ut-pt-header ut-level-one\"><h2 class=\"ut-pt-title\">Free visit or guided tour<\/h2><span class=\"ut-pt-title-slogan\">from 5 to 18 years old<\/span><\/header><footer class=\"ut-pt-pricing\"><span class=\"ut-pt-price\"><sup>\u20ac<\/sup>6.10<\/span><\/footer><\/div><\/div><div class=\"grid-25 tablet-grid-50 mobile-grid-100\"><div class=\"ut-pricing-table\"><\/div><\/div><div class=\"grid-25 tablet-grid-50 mobile-grid-100\"><div class=\"ut-pricing-table\"><header class=\"ut-pt-header ut-level-one\"><h2 class=\"ut-pt-title\">Pedagogical workshops<\/h2><\/header><footer class=\"ut-pt-pricing\"><span class=\"ut-pt-price\"><sup>\u20ac<\/sup>8<\/span><\/footer><\/div><\/div><div class=\"clear\"><\/div><\/div><\/p>\n<div  class=\"ut-alert grey  \"><\/div>\n<h6 class=\"ut-title-divider \" ><span><\/p>\n<h2>Contact form<\/h2>\n<p><\/span><\/h6><\/p>\n<p><p class=\"wpcf7-contact-form-not-found\"><strong>Erreur\u00a0:<\/strong> Formulaire de contact non trouv\u00e9\u00a0!<\/p><br \/>\n<\/div>\n","protected":false},"excerpt":{"rendered":"","protected":false},"author":5,"featured_media":0,"parent":7333,"menu_order":2,"comment_status":"closed","ping_status":"closed","template":"","meta":{"footnotes":""},"class_list":["post-7335","page","type-page","status-publish","hentry"],"yoast_head":"<!-- This site is optimized with the Yoast SEO plugin v27.3 - https:\/\/yoast.com\/product\/yoast-seo-wordpress\/ -->\n<title>Ch\u00e2teau de Montsoreau Mus\u00e9e d&#039;art contemporain Val de Loire<\/title>\n<meta name=\"robots\" content=\"index, follow, max-snippet:-1, max-image-preview:large, max-video-preview:-1\" \/>\n<link rel=\"canonical\" href=\"https:\/\/www.chateau-montsoreau.com\/wordpress\/ar\/\u0645\u062c\u0645\u0648\u0639\u0629\/\u0645\u062c\u0645\u0648\u0639\u0627\u062a-\u0627\u0644\u0643\u0628\u0627\u0631\/\" \/>\n<meta property=\"og:locale\" content=\"fr_FR\" \/>\n<meta property=\"og:type\" content=\"article\" \/>\n<meta property=\"og:title\" content=\"Ch\u00e2teau de Montsoreau Mus\u00e9e d&#039;art contemporain Val de Loire\" \/>\n<meta property=\"og:url\" content=\"https:\/\/www.chateau-montsoreau.com\/wordpress\/ar\/\u0645\u062c\u0645\u0648\u0639\u0629\/\u0645\u062c\u0645\u0648\u0639\u0627\u062a-\u0627\u0644\u0643\u0628\u0627\u0631\/\" \/>\n<meta property=\"og:site_name\" content=\"Ch\u00e2teau de Montsoreau-Mus\u00e9e d&#039;Art Contemporain\" \/>\n<meta property=\"article:publisher\" content=\"https:\/\/www.facebook.com\/chateaudemontsoreau\/\" \/>\n<meta property=\"article:modified_time\" content=\"2019-11-25T15:30:18+00:00\" \/>\n<meta property=\"og:image\" content=\"http:\/\/www.chateau-montsoreau.com\/wordpress\/wp-content\/uploads\/2016\/03\/visite-guid\u00e9e-2-modifi\u00e9.jpg\" \/>\n<meta name=\"twitter:card\" content=\"summary_large_image\" \/>\n<meta name=\"twitter:site\" content=\"@Cmontsoreau\" \/>\n<meta name=\"twitter:label1\" content=\"Dur\u00e9e de lecture estim\u00e9e\" \/>\n\t<meta name=\"twitter:data1\" content=\"1 minute\" \/>\n<script type=\"application\/ld+json\" class=\"yoast-schema-graph\">{\"@context\":\"https:\\\/\\\/schema.org\",\"@graph\":[{\"@type\":\"WebPage\",\"@id\":\"https:\\\/\\\/www.chateau-montsoreau.com\\\/wordpress\\\/ar\\\/%d9%85%d8%ac%d9%85%d9%88%d8%b9%d8%a9\\\/%d9%85%d8%ac%d9%85%d9%88%d8%b9%d8%a7%d8%aa-%d8%a7%d9%84%d9%83%d8%a8%d8%a7%d8%b1\\\/\",\"url\":\"https:\\\/\\\/www.chateau-montsoreau.com\\\/wordpress\\\/ar\\\/%d9%85%d8%ac%d9%85%d9%88%d8%b9%d8%a9\\\/%d9%85%d8%ac%d9%85%d9%88%d8%b9%d8%a7%d8%aa-%d8%a7%d9%84%d9%83%d8%a8%d8%a7%d8%b1\\\/\",\"name\":\"Ch\u00e2teau de Montsoreau Mus\u00e9e d'art contemporain Val de Loire\",\"isPartOf\":{\"@id\":\"https:\\\/\\\/www.chateau-montsoreau.com\\\/wordpress\\\/#website\"},\"datePublished\":\"2019-11-25T15:28:22+00:00\",\"dateModified\":\"2019-11-25T15:30:18+00:00\",\"breadcrumb\":{\"@id\":\"https:\\\/\\\/www.chateau-montsoreau.com\\\/wordpress\\\/ar\\\/%d9%85%d8%ac%d9%85%d9%88%d8%b9%d8%a9\\\/%d9%85%d8%ac%d9%85%d9%88%d8%b9%d8%a7%d8%aa-%d8%a7%d9%84%d9%83%d8%a8%d8%a7%d8%b1\\\/#breadcrumb\"},\"inLanguage\":\"fr-FR\",\"potentialAction\":[{\"@type\":\"ReadAction\",\"target\":[\"https:\\\/\\\/www.chateau-montsoreau.com\\\/wordpress\\\/ar\\\/%d9%85%d8%ac%d9%85%d9%88%d8%b9%d8%a9\\\/%d9%85%d8%ac%d9%85%d9%88%d8%b9%d8%a7%d8%aa-%d8%a7%d9%84%d9%83%d8%a8%d8%a7%d8%b1\\\/\"]}]},{\"@type\":\"BreadcrumbList\",\"@id\":\"https:\\\/\\\/www.chateau-montsoreau.com\\\/wordpress\\\/ar\\\/%d9%85%d8%ac%d9%85%d9%88%d8%b9%d8%a9\\\/%d9%85%d8%ac%d9%85%d9%88%d8%b9%d8%a7%d8%aa-%d8%a7%d9%84%d9%83%d8%a8%d8%a7%d8%b1\\\/#breadcrumb\",\"itemListElement\":[{\"@type\":\"ListItem\",\"position\":1,\"name\":\"Accueil\",\"item\":\"https:\\\/\\\/www.chateau-montsoreau.com\\\/wordpress\\\/fr\\\/\"},{\"@type\":\"ListItem\",\"position\":2,\"name\":\"\u0645\u062c\u0645\u0648\u0639\u0629\",\"item\":\"https:\\\/\\\/www.chateau-montsoreau.com\\\/wordpress\\\/ar\\\/%d9%85%d8%ac%d9%85%d9%88%d8%b9%d8%a9\\\/\"},{\"@type\":\"ListItem\",\"position\":3,\"name\":\"\u0645\u062c\u0645\u0648\u0639\u0627\u062a \u0627\u0644\u0643\u0628\u0627\u0631\"}]},{\"@type\":\"WebSite\",\"@id\":\"https:\\\/\\\/www.chateau-montsoreau.com\\\/wordpress\\\/#website\",\"url\":\"https:\\\/\\\/www.chateau-montsoreau.com\\\/wordpress\\\/\",\"name\":\"Ch\u00e2teau de Montsoreau-Mus\u00e9e d&#039;Art Contemporain\",\"description\":\"Ch\u00e2teaux de la Loire Art Contemporain Art Conceptuel\",\"publisher\":{\"@id\":\"https:\\\/\\\/www.chateau-montsoreau.com\\\/wordpress\\\/#organization\"},\"potentialAction\":[{\"@type\":\"SearchAction\",\"target\":{\"@type\":\"EntryPoint\",\"urlTemplate\":\"https:\\\/\\\/www.chateau-montsoreau.com\\\/wordpress\\\/?s={search_term_string}\"},\"query-input\":{\"@type\":\"PropertyValueSpecification\",\"valueRequired\":true,\"valueName\":\"search_term_string\"}}],\"inLanguage\":\"fr-FR\"},{\"@type\":\"Organization\",\"@id\":\"https:\\\/\\\/www.chateau-montsoreau.com\\\/wordpress\\\/#organization\",\"name\":\"Ch\u00e2teau de Montsoreau - Mus\u00e9e d'art contemporain\",\"url\":\"https:\\\/\\\/www.chateau-montsoreau.com\\\/wordpress\\\/\",\"logo\":{\"@type\":\"ImageObject\",\"inLanguage\":\"fr-FR\",\"@id\":\"https:\\\/\\\/www.chateau-montsoreau.com\\\/wordpress\\\/#\\\/schema\\\/logo\\\/image\\\/\",\"url\":\"https:\\\/\\\/www.chateau-montsoreau.com\\\/wordpress\\\/wp-content\\\/uploads\\\/2016\\\/03\\\/Logo-Montsoreau-tout-petit-1.png\",\"contentUrl\":\"https:\\\/\\\/www.chateau-montsoreau.com\\\/wordpress\\\/wp-content\\\/uploads\\\/2016\\\/03\\\/Logo-Montsoreau-tout-petit-1.png\",\"width\":133,\"height\":133,\"caption\":\"Ch\u00e2teau de Montsoreau - Mus\u00e9e d'art contemporain\"},\"image\":{\"@id\":\"https:\\\/\\\/www.chateau-montsoreau.com\\\/wordpress\\\/#\\\/schema\\\/logo\\\/image\\\/\"},\"sameAs\":[\"https:\\\/\\\/www.facebook.com\\\/chateaudemontsoreau\\\/\",\"https:\\\/\\\/x.com\\\/Cmontsoreau\",\"https:\\\/\\\/www.instagram.com\\\/chateaudemontsoreau\\\/\",\"http:\\\/\\\/www.pinterest.com\\\/Cmontsoreau\"]}]}<\/script>\n<!-- \/ Yoast SEO plugin. -->","yoast_head_json":{"title":"Ch\u00e2teau de Montsoreau Mus\u00e9e d'art contemporain Val de Loire","robots":{"index":"index","follow":"follow","max-snippet":"max-snippet:-1","max-image-preview":"max-image-preview:large","max-video-preview":"max-video-preview:-1"},"canonical":"https:\/\/www.chateau-montsoreau.com\/wordpress\/ar\/\u0645\u062c\u0645\u0648\u0639\u0629\/\u0645\u062c\u0645\u0648\u0639\u0627\u062a-\u0627\u0644\u0643\u0628\u0627\u0631\/","og_locale":"fr_FR","og_type":"article","og_title":"Ch\u00e2teau de Montsoreau Mus\u00e9e d'art contemporain Val de Loire","og_url":"https:\/\/www.chateau-montsoreau.com\/wordpress\/ar\/\u0645\u062c\u0645\u0648\u0639\u0629\/\u0645\u062c\u0645\u0648\u0639\u0627\u062a-\u0627\u0644\u0643\u0628\u0627\u0631\/","og_site_name":"Ch\u00e2teau de Montsoreau-Mus\u00e9e d&#039;Art Contemporain","article_publisher":"https:\/\/www.facebook.com\/chateaudemontsoreau\/","article_modified_time":"2019-11-25T15:30:18+00:00","og_image":[{"url":"http:\/\/www.chateau-montsoreau.com\/wordpress\/wp-content\/uploads\/2016\/03\/visite-guid\u00e9e-2-modifi\u00e9.jpg","type":"","width":"","height":""}],"twitter_card":"summary_large_image","twitter_site":"@Cmontsoreau","twitter_misc":{"Dur\u00e9e de lecture estim\u00e9e":"1 minute"},"schema":{"@context":"https:\/\/schema.org","@graph":[{"@type":"WebPage","@id":"https:\/\/www.chateau-montsoreau.com\/wordpress\/ar\/%d9%85%d8%ac%d9%85%d9%88%d8%b9%d8%a9\/%d9%85%d8%ac%d9%85%d9%88%d8%b9%d8%a7%d8%aa-%d8%a7%d9%84%d9%83%d8%a8%d8%a7%d8%b1\/","url":"https:\/\/www.chateau-montsoreau.com\/wordpress\/ar\/%d9%85%d8%ac%d9%85%d9%88%d8%b9%d8%a9\/%d9%85%d8%ac%d9%85%d9%88%d8%b9%d8%a7%d8%aa-%d8%a7%d9%84%d9%83%d8%a8%d8%a7%d8%b1\/","name":"Ch\u00e2teau de Montsoreau Mus\u00e9e d'art contemporain Val de Loire","isPartOf":{"@id":"https:\/\/www.chateau-montsoreau.com\/wordpress\/#website"},"datePublished":"2019-11-25T15:28:22+00:00","dateModified":"2019-11-25T15:30:18+00:00","breadcrumb":{"@id":"https:\/\/www.chateau-montsoreau.com\/wordpress\/ar\/%d9%85%d8%ac%d9%85%d9%88%d8%b9%d8%a9\/%d9%85%d8%ac%d9%85%d9%88%d8%b9%d8%a7%d8%aa-%d8%a7%d9%84%d9%83%d8%a8%d8%a7%d8%b1\/#breadcrumb"},"inLanguage":"fr-FR","potentialAction":[{"@type":"ReadAction","target":["https:\/\/www.chateau-montsoreau.com\/wordpress\/ar\/%d9%85%d8%ac%d9%85%d9%88%d8%b9%d8%a9\/%d9%85%d8%ac%d9%85%d9%88%d8%b9%d8%a7%d8%aa-%d8%a7%d9%84%d9%83%d8%a8%d8%a7%d8%b1\/"]}]},{"@type":"BreadcrumbList","@id":"https:\/\/www.chateau-montsoreau.com\/wordpress\/ar\/%d9%85%d8%ac%d9%85%d9%88%d8%b9%d8%a9\/%d9%85%d8%ac%d9%85%d9%88%d8%b9%d8%a7%d8%aa-%d8%a7%d9%84%d9%83%d8%a8%d8%a7%d8%b1\/#breadcrumb","itemListElement":[{"@type":"ListItem","position":1,"name":"Accueil","item":"https:\/\/www.chateau-montsoreau.com\/wordpress\/fr\/"},{"@type":"ListItem","position":2,"name":"\u0645\u062c\u0645\u0648\u0639\u0629","item":"https:\/\/www.chateau-montsoreau.com\/wordpress\/ar\/%d9%85%d8%ac%d9%85%d9%88%d8%b9%d8%a9\/"},{"@type":"ListItem","position":3,"name":"\u0645\u062c\u0645\u0648\u0639\u0627\u062a \u0627\u0644\u0643\u0628\u0627\u0631"}]},{"@type":"WebSite","@id":"https:\/\/www.chateau-montsoreau.com\/wordpress\/#website","url":"https:\/\/www.chateau-montsoreau.com\/wordpress\/","name":"Ch\u00e2teau de Montsoreau-Mus\u00e9e d&#039;Art Contemporain","description":"Ch\u00e2teaux de la Loire Art Contemporain Art Conceptuel","publisher":{"@id":"https:\/\/www.chateau-montsoreau.com\/wordpress\/#organization"},"potentialAction":[{"@type":"SearchAction","target":{"@type":"EntryPoint","urlTemplate":"https:\/\/www.chateau-montsoreau.com\/wordpress\/?s={search_term_string}"},"query-input":{"@type":"PropertyValueSpecification","valueRequired":true,"valueName":"search_term_string"}}],"inLanguage":"fr-FR"},{"@type":"Organization","@id":"https:\/\/www.chateau-montsoreau.com\/wordpress\/#organization","name":"Ch\u00e2teau de Montsoreau - Mus\u00e9e d'art contemporain","url":"https:\/\/www.chateau-montsoreau.com\/wordpress\/","logo":{"@type":"ImageObject","inLanguage":"fr-FR","@id":"https:\/\/www.chateau-montsoreau.com\/wordpress\/#\/schema\/logo\/image\/","url":"https:\/\/www.chateau-montsoreau.com\/wordpress\/wp-content\/uploads\/2016\/03\/Logo-Montsoreau-tout-petit-1.png","contentUrl":"https:\/\/www.chateau-montsoreau.com\/wordpress\/wp-content\/uploads\/2016\/03\/Logo-Montsoreau-tout-petit-1.png","width":133,"height":133,"caption":"Ch\u00e2teau de Montsoreau - Mus\u00e9e d'art contemporain"},"image":{"@id":"https:\/\/www.chateau-montsoreau.com\/wordpress\/#\/schema\/logo\/image\/"},"sameAs":["https:\/\/www.facebook.com\/chateaudemontsoreau\/","https:\/\/x.com\/Cmontsoreau","https:\/\/www.instagram.com\/chateaudemontsoreau\/","http:\/\/www.pinterest.com\/Cmontsoreau"]}]}},"_links":{"self":[{"href":"https:\/\/www.chateau-montsoreau.com\/wordpress\/wp-json\/wp\/v2\/pages\/7335","targetHints":{"allow":["GET"]}}],"collection":[{"href":"https:\/\/www.chateau-montsoreau.com\/wordpress\/wp-json\/wp\/v2\/pages"}],"about":[{"href":"https:\/\/www.chateau-montsoreau.com\/wordpress\/wp-json\/wp\/v2\/types\/page"}],"author":[{"embeddable":true,"href":"https:\/\/www.chateau-montsoreau.com\/wordpress\/wp-json\/wp\/v2\/users\/5"}],"replies":[{"embeddable":true,"href":"https:\/\/www.chateau-montsoreau.com\/wordpress\/wp-json\/wp\/v2\/comments?post=7335"}],"version-history":[{"count":1,"href":"https:\/\/www.chateau-montsoreau.com\/wordpress\/wp-json\/wp\/v2\/pages\/7335\/revisions"}],"predecessor-version":[{"id":7336,"href":"https:\/\/www.chateau-montsoreau.com\/wordpress\/wp-json\/wp\/v2\/pages\/7335\/revisions\/7336"}],"up":[{"embeddable":true,"href":"https:\/\/www.chateau-montsoreau.com\/wordpress\/wp-json\/wp\/v2\/pages\/7333"}],"wp:attachment":[{"href":"https:\/\/www.chateau-montsoreau.com\/wordpress\/wp-json\/wp\/v2\/media?parent=7335"}],"curies":[{"name":"wp","href":"https:\/\/api.w.org\/{rel}","templated":true}]}}