{"id":7378,"date":"2019-12-12T11:49:20","date_gmt":"2019-12-12T10:49:20","guid":{"rendered":"http:\/\/www.chateau-montsoreau.com\/wordpress\/?page_id=7378"},"modified":"2019-12-12T11:49:20","modified_gmt":"2019-12-12T10:49:20","slug":"%e5%ad%a6%e6%a0%a1%e3%82%b0%e3%83%ab%e3%83%bc%e3%83%97","status":"publish","type":"page","link":"https:\/\/www.chateau-montsoreau.com\/wordpress\/ja\/%e3%82%b0%e3%83%ab%e3%83%bc%e3%83%97\/%e5%ad%a6%e6%a0%a1%e3%82%b0%e3%83%ab%e3%83%bc%e3%83%97\/","title":{"rendered":"\u5b66\u6821\u30b0\u30eb\u30fc\u30d7"},"content":{"rendered":"<h2 style=\"text-align: center;\"><em>The <\/em><em>Ch\u00e2teau de Montsoreau-Museum of contemporary art offers a welcome adapted to schools from the first to the last grade.<\/em><\/h2>\n<p>&nbsp;<\/p>\n<div  class=\"ut-alert grey  \">\n<div  class=\"ut-one-half  \"><h6 class=\"ut-title-divider \" ><span><\/p>\n<h2>Visits<\/h2>\n<p><\/span><\/h6><\/p>\n<ul>\n<li><strong>Free visit: <\/strong>free visit of the chateau and its collection of Contemporary Art.<\/li>\n<\/ul>\n<ul>\n<li><strong>Visit with educational materials<\/strong><\/li>\n<\/ul>\n<ul>\n<li><strong>Guided tour: <\/strong>discovery tour of the site in the presence of a guide.<\/li>\n<\/ul>\n<p><img loading=\"lazy\" decoding=\"async\" class=\"alignnone wp-image-5327 \" title=\"Cr\u00e9dits Photographiques : Chloe Ghesquier\" src=\"http:\/\/www.chateau-montsoreau.com\/wordpress\/wp-content\/uploads\/2016\/03\/Capture-d\u2019e\u0301cran-2016-06-21-a\u0300-19.01.59-1-300x166.png\" alt=\"\" width=\"586\" height=\"325\" \/><\/p>\n<h6 class=\"ut-title-divider \" ><span><\/p>\n<h2>Teaching materials<\/h2>\n<p><\/span><\/h6>\n<ul>\n<li><strong><em>Teacher&rsquo;s notebook<\/em><\/strong><\/li>\n<\/ul>\n<p>A collection of exhaustive and complete documents to develop and prepare your educational visit project.<\/p>\n<ul>\n<li><strong><em>Student workbook\u00a0<\/em><\/strong><\/li>\n<\/ul>\n<p>A fun and educational notebook to develop curiosity and develop a participative visit.<\/p>\n<ul>\n<li><strong><em>Practical factsheets\u00a0<\/em><\/strong><\/li>\n<\/ul>\n<p>Practical factsheets on the history of the chateau, the major movements in art history and the Art &amp; Language group.<\/p>\n<\/div>\n<div  class=\"ut-one-half ut-column-last  \">\n<h6 class=\"ut-title-divider \" ><span><\/p>\n<h2>Educational workshops<\/h2>\n<p><\/span><\/h6>\n<ul>\n<li><strong><em>To your pens<\/em><\/strong>\u00a0<strong>:\u00a0<\/strong>students discover the place of language in everyday life and in artistic creation. Following in the footsteps of Rabelais, Alexandre Dumas, Surrealists and Art &amp; Language artists, students are invited to imagine a composition using letters and words.<\/li>\n<\/ul>\n<ul>\n<li><strong><em>Graffiti workshop, from Lascaux to Bansky <\/em><\/strong><strong>:<\/strong>during a treasure hunt, students discover the graffiti in the chateau, interpret the bas-reliefs and trace the history. In turn, they are invited to carve their own graffiti on a dedicated stone wall.<strong><br \/>\n<\/strong><\/li>\n<\/ul>\n<ul>\n<li><strong><em>All artists\u00a0<\/em><\/strong><strong>!<\/strong>What does it mean to be an artist? Students reflect on the notion of a work of art and improvise themselves as artists by disguising themselves as the Art &amp; Language group.<strong><br \/>\n<\/strong><\/li>\n<\/ul>\n<ul>\n<li><strong><em>Carte blanche\u00a0<\/em><\/strong><strong>:<\/strong>Students approach the principles of cartography and its relationship to history by creating their own maps.<\/li>\n<\/ul>\n<p><img loading=\"lazy\" decoding=\"async\" class=\"wp-image-5200 aligncenter\" src=\"http:\/\/www.chateau-montsoreau.com\/wordpress\/wp-content\/uploads\/2016\/03\/20160826_140809-e1475680390220-225x300.jpg\" alt=\"20160826_140809\" width=\"358\" height=\"477\" srcset=\"https:\/\/www.chateau-montsoreau.com\/wordpress\/wp-content\/uploads\/2016\/03\/20160826_140809-e1475680390220-225x300.jpg 225w, https:\/\/www.chateau-montsoreau.com\/wordpress\/wp-content\/uploads\/2016\/03\/20160826_140809-e1475680390220-600x800.jpg 600w, https:\/\/www.chateau-montsoreau.com\/wordpress\/wp-content\/uploads\/2016\/03\/20160826_140809-e1475680390220-768x1024.jpg 768w\" sizes=\"auto, (max-width: 358px) 100vw, 358px\" \/><\/p>\n<\/div><div class=\"clear\"><\/div><\/div><h6 class=\"ut-title-divider \" ><span><\/p>\n<h2>Groups rates<\/h2>\n<p><\/span><\/h6><\/p>\n<div class=\"ut-pt-wrap ut-pt-wrap-style-1\"><div class=\"grid-25 tablet-grid-50 mobile-grid-100\"><div class=\"ut-pricing-table\"><header class=\"ut-pt-header ut-level-one\"><h2 class=\"ut-pt-title\">Free visit or guided tour<\/h2><span class=\"ut-pt-title-slogan\">over 18 years old<\/span><\/header><footer class=\"ut-pt-pricing\"><span class=\"ut-pt-price\"><sup>\u20ac<\/sup>8,40<\/span><\/footer><\/div><\/div><div class=\"grid-25 tablet-grid-50 mobile-grid-100\"><div class=\"ut-pricing-table\"><header class=\"ut-pt-header ut-level-one\"><h2 class=\"ut-pt-title\">Free visit or guided tour<\/h2><span class=\"ut-pt-title-slogan\">from 5 to 18 years old<\/span><\/header><footer class=\"ut-pt-pricing\"><span class=\"ut-pt-price\"><sup>\u20ac<\/sup>6.10<\/span><\/footer><\/div><\/div><div class=\"grid-25 tablet-grid-50 mobile-grid-100\"><div class=\"ut-pricing-table\"><\/div><\/div><div class=\"grid-25 tablet-grid-50 mobile-grid-100\"><div class=\"ut-pricing-table\"><header class=\"ut-pt-header ut-level-one\"><h2 class=\"ut-pt-title\">Pedagogical workshops<\/h2><\/header><footer class=\"ut-pt-pricing\"><span class=\"ut-pt-price\"><sup>\u20ac<\/sup>8<\/span><\/footer><\/div><\/div><div class=\"clear\"><\/div><\/div>\n<div  class=\"ut-alert grey  \">\n<h6 class=\"ut-title-divider \" ><span><\/p>\n<h2>Contact form<\/h2>\n<p><\/span><\/h6><\/p>\n<p><p class=\"wpcf7-contact-form-not-found\"><strong>Erreur\u00a0:<\/strong> Formulaire de contact non trouv\u00e9\u00a0!<\/p><br \/>\n<\/div>\n","protected":false},"excerpt":{"rendered":"<p>The Ch\u00e2teau de Montsoreau-Museum of contemporary art offers a welcome adapted to schools from the first to the last grade. &nbsp;<\/p>\n","protected":false},"author":5,"featured_media":0,"parent":7375,"menu_order":1,"comment_status":"closed","ping_status":"closed","template":"","meta":{"footnotes":""},"class_list":["post-7378","page","type-page","status-publish","hentry"],"yoast_head":"<!-- This site is optimized with the Yoast SEO plugin v27.3 - https:\/\/yoast.com\/product\/yoast-seo-wordpress\/ -->\n<title>\u5b66\u6821\u30b0\u30eb\u30fc\u30d7 | Ch\u00e2teau de Montsoreau-Mus\u00e9e d&#039;Art Contemporain<\/title>\n<meta name=\"robots\" content=\"index, follow, max-snippet:-1, max-image-preview:large, max-video-preview:-1\" \/>\n<link rel=\"canonical\" href=\"https:\/\/www.chateau-montsoreau.com\/wordpress\/ja\/\u30b0\u30eb\u30fc\u30d7\/\u5b66\u6821\u30b0\u30eb\u30fc\u30d7\/\" \/>\n<meta property=\"og:locale\" content=\"fr_FR\" \/>\n<meta property=\"og:type\" content=\"article\" \/>\n<meta property=\"og:title\" content=\"\u5b66\u6821\u30b0\u30eb\u30fc\u30d7 | Ch\u00e2teau de Montsoreau-Mus\u00e9e d&#039;Art Contemporain\" \/>\n<meta property=\"og:description\" content=\"The Ch\u00e2teau de Montsoreau-Museum of contemporary art offers a welcome adapted to schools from the first to the last grade. &nbsp;\" \/>\n<meta property=\"og:url\" content=\"https:\/\/www.chateau-montsoreau.com\/wordpress\/ja\/\u30b0\u30eb\u30fc\u30d7\/\u5b66\u6821\u30b0\u30eb\u30fc\u30d7\/\" \/>\n<meta property=\"og:site_name\" content=\"Ch\u00e2teau de Montsoreau-Mus\u00e9e d&#039;Art Contemporain\" \/>\n<meta property=\"article:publisher\" content=\"https:\/\/www.facebook.com\/chateaudemontsoreau\/\" \/>\n<meta property=\"og:image\" content=\"http:\/\/www.chateau-montsoreau.com\/wordpress\/wp-content\/uploads\/2016\/03\/Capture-d\u2019e\u0301cran-2016-06-21-a\u0300-19.01.59-1-300x166.png\" \/>\n<meta name=\"twitter:card\" content=\"summary_large_image\" \/>\n<meta name=\"twitter:site\" content=\"@Cmontsoreau\" \/>\n<meta name=\"twitter:label1\" content=\"Dur\u00e9e de lecture estim\u00e9e\" \/>\n\t<meta name=\"twitter:data1\" content=\"2 minutes\" \/>\n<script type=\"application\/ld+json\" class=\"yoast-schema-graph\">{\"@context\":\"https:\\\/\\\/schema.org\",\"@graph\":[{\"@type\":\"WebPage\",\"@id\":\"https:\\\/\\\/www.chateau-montsoreau.com\\\/wordpress\\\/ja\\\/%e3%82%b0%e3%83%ab%e3%83%bc%e3%83%97\\\/%e5%ad%a6%e6%a0%a1%e3%82%b0%e3%83%ab%e3%83%bc%e3%83%97\\\/\",\"url\":\"https:\\\/\\\/www.chateau-montsoreau.com\\\/wordpress\\\/ja\\\/%e3%82%b0%e3%83%ab%e3%83%bc%e3%83%97\\\/%e5%ad%a6%e6%a0%a1%e3%82%b0%e3%83%ab%e3%83%bc%e3%83%97\\\/\",\"name\":\"\u5b66\u6821\u30b0\u30eb\u30fc\u30d7 | Ch\u00e2teau de Montsoreau-Mus\u00e9e d&#039;Art Contemporain\",\"isPartOf\":{\"@id\":\"https:\\\/\\\/www.chateau-montsoreau.com\\\/wordpress\\\/#website\"},\"primaryImageOfPage\":{\"@id\":\"https:\\\/\\\/www.chateau-montsoreau.com\\\/wordpress\\\/ja\\\/%e3%82%b0%e3%83%ab%e3%83%bc%e3%83%97\\\/%e5%ad%a6%e6%a0%a1%e3%82%b0%e3%83%ab%e3%83%bc%e3%83%97\\\/#primaryimage\"},\"image\":{\"@id\":\"https:\\\/\\\/www.chateau-montsoreau.com\\\/wordpress\\\/ja\\\/%e3%82%b0%e3%83%ab%e3%83%bc%e3%83%97\\\/%e5%ad%a6%e6%a0%a1%e3%82%b0%e3%83%ab%e3%83%bc%e3%83%97\\\/#primaryimage\"},\"thumbnailUrl\":\"http:\\\/\\\/www.chateau-montsoreau.com\\\/wordpress\\\/wp-content\\\/uploads\\\/2016\\\/03\\\/20160826_140809-e1475680390220-225x300.jpg\",\"datePublished\":\"2019-12-12T10:49:20+00:00\",\"breadcrumb\":{\"@id\":\"https:\\\/\\\/www.chateau-montsoreau.com\\\/wordpress\\\/ja\\\/%e3%82%b0%e3%83%ab%e3%83%bc%e3%83%97\\\/%e5%ad%a6%e6%a0%a1%e3%82%b0%e3%83%ab%e3%83%bc%e3%83%97\\\/#breadcrumb\"},\"inLanguage\":\"fr-FR\",\"potentialAction\":[{\"@type\":\"ReadAction\",\"target\":[\"https:\\\/\\\/www.chateau-montsoreau.com\\\/wordpress\\\/ja\\\/%e3%82%b0%e3%83%ab%e3%83%bc%e3%83%97\\\/%e5%ad%a6%e6%a0%a1%e3%82%b0%e3%83%ab%e3%83%bc%e3%83%97\\\/\"]}]},{\"@type\":\"ImageObject\",\"inLanguage\":\"fr-FR\",\"@id\":\"https:\\\/\\\/www.chateau-montsoreau.com\\\/wordpress\\\/ja\\\/%e3%82%b0%e3%83%ab%e3%83%bc%e3%83%97\\\/%e5%ad%a6%e6%a0%a1%e3%82%b0%e3%83%ab%e3%83%bc%e3%83%97\\\/#primaryimage\",\"url\":\"http:\\\/\\\/www.chateau-montsoreau.com\\\/wordpress\\\/wp-content\\\/uploads\\\/2016\\\/03\\\/20160826_140809-e1475680390220-225x300.jpg\",\"contentUrl\":\"http:\\\/\\\/www.chateau-montsoreau.com\\\/wordpress\\\/wp-content\\\/uploads\\\/2016\\\/03\\\/20160826_140809-e1475680390220-225x300.jpg\"},{\"@type\":\"BreadcrumbList\",\"@id\":\"https:\\\/\\\/www.chateau-montsoreau.com\\\/wordpress\\\/ja\\\/%e3%82%b0%e3%83%ab%e3%83%bc%e3%83%97\\\/%e5%ad%a6%e6%a0%a1%e3%82%b0%e3%83%ab%e3%83%bc%e3%83%97\\\/#breadcrumb\",\"itemListElement\":[{\"@type\":\"ListItem\",\"position\":1,\"name\":\"Accueil\",\"item\":\"https:\\\/\\\/www.chateau-montsoreau.com\\\/wordpress\\\/fr\\\/\"},{\"@type\":\"ListItem\",\"position\":2,\"name\":\"\u30b0\u30eb\u30fc\u30d7\",\"item\":\"https:\\\/\\\/www.chateau-montsoreau.com\\\/wordpress\\\/ja\\\/%e3%82%b0%e3%83%ab%e3%83%bc%e3%83%97\\\/\"},{\"@type\":\"ListItem\",\"position\":3,\"name\":\"\u5b66\u6821\u30b0\u30eb\u30fc\u30d7\"}]},{\"@type\":\"WebSite\",\"@id\":\"https:\\\/\\\/www.chateau-montsoreau.com\\\/wordpress\\\/#website\",\"url\":\"https:\\\/\\\/www.chateau-montsoreau.com\\\/wordpress\\\/\",\"name\":\"Ch\u00e2teau de Montsoreau-Mus\u00e9e d&#039;Art Contemporain\",\"description\":\"Ch\u00e2teaux de la Loire Art Contemporain Art Conceptuel\",\"publisher\":{\"@id\":\"https:\\\/\\\/www.chateau-montsoreau.com\\\/wordpress\\\/#organization\"},\"potentialAction\":[{\"@type\":\"SearchAction\",\"target\":{\"@type\":\"EntryPoint\",\"urlTemplate\":\"https:\\\/\\\/www.chateau-montsoreau.com\\\/wordpress\\\/?s={search_term_string}\"},\"query-input\":{\"@type\":\"PropertyValueSpecification\",\"valueRequired\":true,\"valueName\":\"search_term_string\"}}],\"inLanguage\":\"fr-FR\"},{\"@type\":\"Organization\",\"@id\":\"https:\\\/\\\/www.chateau-montsoreau.com\\\/wordpress\\\/#organization\",\"name\":\"Ch\u00e2teau de Montsoreau - Mus\u00e9e d'art contemporain\",\"url\":\"https:\\\/\\\/www.chateau-montsoreau.com\\\/wordpress\\\/\",\"logo\":{\"@type\":\"ImageObject\",\"inLanguage\":\"fr-FR\",\"@id\":\"https:\\\/\\\/www.chateau-montsoreau.com\\\/wordpress\\\/#\\\/schema\\\/logo\\\/image\\\/\",\"url\":\"https:\\\/\\\/www.chateau-montsoreau.com\\\/wordpress\\\/wp-content\\\/uploads\\\/2016\\\/03\\\/Logo-Montsoreau-tout-petit-1.png\",\"contentUrl\":\"https:\\\/\\\/www.chateau-montsoreau.com\\\/wordpress\\\/wp-content\\\/uploads\\\/2016\\\/03\\\/Logo-Montsoreau-tout-petit-1.png\",\"width\":133,\"height\":133,\"caption\":\"Ch\u00e2teau de Montsoreau - Mus\u00e9e d'art contemporain\"},\"image\":{\"@id\":\"https:\\\/\\\/www.chateau-montsoreau.com\\\/wordpress\\\/#\\\/schema\\\/logo\\\/image\\\/\"},\"sameAs\":[\"https:\\\/\\\/www.facebook.com\\\/chateaudemontsoreau\\\/\",\"https:\\\/\\\/x.com\\\/Cmontsoreau\",\"https:\\\/\\\/www.instagram.com\\\/chateaudemontsoreau\\\/\",\"http:\\\/\\\/www.pinterest.com\\\/Cmontsoreau\"]}]}<\/script>\n<!-- \/ Yoast SEO plugin. -->","yoast_head_json":{"title":"\u5b66\u6821\u30b0\u30eb\u30fc\u30d7 | Ch\u00e2teau de Montsoreau-Mus\u00e9e d&#039;Art Contemporain","robots":{"index":"index","follow":"follow","max-snippet":"max-snippet:-1","max-image-preview":"max-image-preview:large","max-video-preview":"max-video-preview:-1"},"canonical":"https:\/\/www.chateau-montsoreau.com\/wordpress\/ja\/\u30b0\u30eb\u30fc\u30d7\/\u5b66\u6821\u30b0\u30eb\u30fc\u30d7\/","og_locale":"fr_FR","og_type":"article","og_title":"\u5b66\u6821\u30b0\u30eb\u30fc\u30d7 | Ch\u00e2teau de Montsoreau-Mus\u00e9e d&#039;Art Contemporain","og_description":"The Ch\u00e2teau de Montsoreau-Museum of contemporary art offers a welcome adapted to schools from the first to the last grade. &nbsp;","og_url":"https:\/\/www.chateau-montsoreau.com\/wordpress\/ja\/\u30b0\u30eb\u30fc\u30d7\/\u5b66\u6821\u30b0\u30eb\u30fc\u30d7\/","og_site_name":"Ch\u00e2teau de Montsoreau-Mus\u00e9e d&#039;Art Contemporain","article_publisher":"https:\/\/www.facebook.com\/chateaudemontsoreau\/","og_image":[{"url":"http:\/\/www.chateau-montsoreau.com\/wordpress\/wp-content\/uploads\/2016\/03\/Capture-d\u2019e\u0301cran-2016-06-21-a\u0300-19.01.59-1-300x166.png","type":"","width":"","height":""}],"twitter_card":"summary_large_image","twitter_site":"@Cmontsoreau","twitter_misc":{"Dur\u00e9e de lecture estim\u00e9e":"2 minutes"},"schema":{"@context":"https:\/\/schema.org","@graph":[{"@type":"WebPage","@id":"https:\/\/www.chateau-montsoreau.com\/wordpress\/ja\/%e3%82%b0%e3%83%ab%e3%83%bc%e3%83%97\/%e5%ad%a6%e6%a0%a1%e3%82%b0%e3%83%ab%e3%83%bc%e3%83%97\/","url":"https:\/\/www.chateau-montsoreau.com\/wordpress\/ja\/%e3%82%b0%e3%83%ab%e3%83%bc%e3%83%97\/%e5%ad%a6%e6%a0%a1%e3%82%b0%e3%83%ab%e3%83%bc%e3%83%97\/","name":"\u5b66\u6821\u30b0\u30eb\u30fc\u30d7 | Ch\u00e2teau de Montsoreau-Mus\u00e9e d&#039;Art Contemporain","isPartOf":{"@id":"https:\/\/www.chateau-montsoreau.com\/wordpress\/#website"},"primaryImageOfPage":{"@id":"https:\/\/www.chateau-montsoreau.com\/wordpress\/ja\/%e3%82%b0%e3%83%ab%e3%83%bc%e3%83%97\/%e5%ad%a6%e6%a0%a1%e3%82%b0%e3%83%ab%e3%83%bc%e3%83%97\/#primaryimage"},"image":{"@id":"https:\/\/www.chateau-montsoreau.com\/wordpress\/ja\/%e3%82%b0%e3%83%ab%e3%83%bc%e3%83%97\/%e5%ad%a6%e6%a0%a1%e3%82%b0%e3%83%ab%e3%83%bc%e3%83%97\/#primaryimage"},"thumbnailUrl":"http:\/\/www.chateau-montsoreau.com\/wordpress\/wp-content\/uploads\/2016\/03\/20160826_140809-e1475680390220-225x300.jpg","datePublished":"2019-12-12T10:49:20+00:00","breadcrumb":{"@id":"https:\/\/www.chateau-montsoreau.com\/wordpress\/ja\/%e3%82%b0%e3%83%ab%e3%83%bc%e3%83%97\/%e5%ad%a6%e6%a0%a1%e3%82%b0%e3%83%ab%e3%83%bc%e3%83%97\/#breadcrumb"},"inLanguage":"fr-FR","potentialAction":[{"@type":"ReadAction","target":["https:\/\/www.chateau-montsoreau.com\/wordpress\/ja\/%e3%82%b0%e3%83%ab%e3%83%bc%e3%83%97\/%e5%ad%a6%e6%a0%a1%e3%82%b0%e3%83%ab%e3%83%bc%e3%83%97\/"]}]},{"@type":"ImageObject","inLanguage":"fr-FR","@id":"https:\/\/www.chateau-montsoreau.com\/wordpress\/ja\/%e3%82%b0%e3%83%ab%e3%83%bc%e3%83%97\/%e5%ad%a6%e6%a0%a1%e3%82%b0%e3%83%ab%e3%83%bc%e3%83%97\/#primaryimage","url":"http:\/\/www.chateau-montsoreau.com\/wordpress\/wp-content\/uploads\/2016\/03\/20160826_140809-e1475680390220-225x300.jpg","contentUrl":"http:\/\/www.chateau-montsoreau.com\/wordpress\/wp-content\/uploads\/2016\/03\/20160826_140809-e1475680390220-225x300.jpg"},{"@type":"BreadcrumbList","@id":"https:\/\/www.chateau-montsoreau.com\/wordpress\/ja\/%e3%82%b0%e3%83%ab%e3%83%bc%e3%83%97\/%e5%ad%a6%e6%a0%a1%e3%82%b0%e3%83%ab%e3%83%bc%e3%83%97\/#breadcrumb","itemListElement":[{"@type":"ListItem","position":1,"name":"Accueil","item":"https:\/\/www.chateau-montsoreau.com\/wordpress\/fr\/"},{"@type":"ListItem","position":2,"name":"\u30b0\u30eb\u30fc\u30d7","item":"https:\/\/www.chateau-montsoreau.com\/wordpress\/ja\/%e3%82%b0%e3%83%ab%e3%83%bc%e3%83%97\/"},{"@type":"ListItem","position":3,"name":"\u5b66\u6821\u30b0\u30eb\u30fc\u30d7"}]},{"@type":"WebSite","@id":"https:\/\/www.chateau-montsoreau.com\/wordpress\/#website","url":"https:\/\/www.chateau-montsoreau.com\/wordpress\/","name":"Ch\u00e2teau de Montsoreau-Mus\u00e9e d&#039;Art Contemporain","description":"Ch\u00e2teaux de la Loire Art Contemporain Art Conceptuel","publisher":{"@id":"https:\/\/www.chateau-montsoreau.com\/wordpress\/#organization"},"potentialAction":[{"@type":"SearchAction","target":{"@type":"EntryPoint","urlTemplate":"https:\/\/www.chateau-montsoreau.com\/wordpress\/?s={search_term_string}"},"query-input":{"@type":"PropertyValueSpecification","valueRequired":true,"valueName":"search_term_string"}}],"inLanguage":"fr-FR"},{"@type":"Organization","@id":"https:\/\/www.chateau-montsoreau.com\/wordpress\/#organization","name":"Ch\u00e2teau de Montsoreau - Mus\u00e9e d'art contemporain","url":"https:\/\/www.chateau-montsoreau.com\/wordpress\/","logo":{"@type":"ImageObject","inLanguage":"fr-FR","@id":"https:\/\/www.chateau-montsoreau.com\/wordpress\/#\/schema\/logo\/image\/","url":"https:\/\/www.chateau-montsoreau.com\/wordpress\/wp-content\/uploads\/2016\/03\/Logo-Montsoreau-tout-petit-1.png","contentUrl":"https:\/\/www.chateau-montsoreau.com\/wordpress\/wp-content\/uploads\/2016\/03\/Logo-Montsoreau-tout-petit-1.png","width":133,"height":133,"caption":"Ch\u00e2teau de Montsoreau - Mus\u00e9e d'art contemporain"},"image":{"@id":"https:\/\/www.chateau-montsoreau.com\/wordpress\/#\/schema\/logo\/image\/"},"sameAs":["https:\/\/www.facebook.com\/chateaudemontsoreau\/","https:\/\/x.com\/Cmontsoreau","https:\/\/www.instagram.com\/chateaudemontsoreau\/","http:\/\/www.pinterest.com\/Cmontsoreau"]}]}},"_links":{"self":[{"href":"https:\/\/www.chateau-montsoreau.com\/wordpress\/wp-json\/wp\/v2\/pages\/7378","targetHints":{"allow":["GET"]}}],"collection":[{"href":"https:\/\/www.chateau-montsoreau.com\/wordpress\/wp-json\/wp\/v2\/pages"}],"about":[{"href":"https:\/\/www.chateau-montsoreau.com\/wordpress\/wp-json\/wp\/v2\/types\/page"}],"author":[{"embeddable":true,"href":"https:\/\/www.chateau-montsoreau.com\/wordpress\/wp-json\/wp\/v2\/users\/5"}],"replies":[{"embeddable":true,"href":"https:\/\/www.chateau-montsoreau.com\/wordpress\/wp-json\/wp\/v2\/comments?post=7378"}],"version-history":[{"count":1,"href":"https:\/\/www.chateau-montsoreau.com\/wordpress\/wp-json\/wp\/v2\/pages\/7378\/revisions"}],"predecessor-version":[{"id":7379,"href":"https:\/\/www.chateau-montsoreau.com\/wordpress\/wp-json\/wp\/v2\/pages\/7378\/revisions\/7379"}],"up":[{"embeddable":true,"href":"https:\/\/www.chateau-montsoreau.com\/wordpress\/wp-json\/wp\/v2\/pages\/7375"}],"wp:attachment":[{"href":"https:\/\/www.chateau-montsoreau.com\/wordpress\/wp-json\/wp\/v2\/media?parent=7378"}],"curies":[{"name":"wp","href":"https:\/\/api.w.org\/{rel}","templated":true}]}}