{"id":7488,"date":"2019-12-16T15:10:58","date_gmt":"2019-12-16T14:10:58","guid":{"rendered":"http:\/\/www.chateau-montsoreau.com\/wordpress\/?page_id=7488"},"modified":"2019-12-16T15:10:58","modified_gmt":"2019-12-16T14:10:58","slug":"castelul","status":"publish","type":"page","link":"https:\/\/www.chateau-montsoreau.com\/wordpress\/ro\/100-castel-100-contemporan\/castelul\/","title":{"rendered":"Castelul"},"content":{"rendered":"<div  class=\"ut-one-half  \">\n<h6 class=\"ut-title-divider \" ><span><\/p>\n<h1 style=\"text-align: center;\">HISTORY<\/h1>\n<p><\/span><\/h6><\/p>\n<p style=\"text-align: justify;\">Overlooking the Loire, the Ch\u00e2teau of Montsoreau was built on 11th century remains of the <em>Monte Sorello<\/em> castrum, mentioned in a 1089 document. Montsoreau is composed of the word \u201cMont\u201d, which refers to the hillside that dominates the confluence of the Vienne and Loire rivers. At the beginning of the 11th century, the seigneury of Montsoreau was a strategic and military point as well as a grant located on the river. The castle of <em>Monte Sorello<\/em> belonged to Gautier of Montsoreau, a fervent believer who in 1101 gave Robert of Arbrissel and Hersende of Champagn\u00e9 land to build the Abbey of Fontevraud. The seigneury of Montsoreau then became the property of the Savary of Montbazon family, then of the Craons and the Chabots. It was Jeanne Chabot&rsquo;s marriage with John II of Chambes that brought Ch\u00e2teau de Montsoreau into the great history of France. Private adviser to King Charles VII, he began building the chateau in its current form in 1450, and as a man of power (he was ambassador of Venice and Turkey), he exercised an undeniable influence with the King. During the Renaissance, many kings and queens would stop by the chateau: Louis XI in 1471, Anne of Brittany and her daughter Claude of France in 1505, Fran\u00e7ois I in 1508.<\/p>\n<p style=\"text-align: justify;\"><\/div>\n<p style=\"text-align: justify;\"><div  class=\"ut-one-half ut-column-last  \">\n<img loading=\"lazy\" decoding=\"async\" class=\"aligncenter wp-image-5363 size-full\" title=\"Cr\u00e9dits Photographiques : Chloe Ghesquier\" src=\"http:\/\/www.chateau-montsoreau.com\/wordpress\/wp-content\/uploads\/2016\/03\/20161025_170627.jpg\" alt=\"\" width=\"3880\" height=\"1873\" \/><\/p>\n<p>From the middle of the 15th century until the beginning of the 16th century, the children of John II of Chambes, John III, Philip, John IV and Charles enjoyed, maintained and beautified the chateau. The 17th century saw the decline of Montsoreau. Ren\u00e9 of Chambes, sentenced to death for counterfeit money and salt, went into exile in England for the rest of his life. After the French Revolution, the chateau was put up for sale and then occupied by nineteen different owners. At the end of the 19th century, it was in a state of advanced decay. In the 19th century, during their journey along the Loire, Turner and Rodin, like many artists, were fascinated by the romantic aesthetic object that the chateau represented. Thanks to Senator of Geoffre, the Maine et Loire department acquired the various parcels of land that make up the chateau in 1910 and undertook major restoration campaigns in 1923 and 1997.<\/p>\n<\/div><div class=\"clear\"><\/div>\n<hr \/>\n<p>&nbsp;<\/p>\n<div  class=\"ut-one-half  \">\n<p><img loading=\"lazy\" decoding=\"async\" class=\"aligncenter wp-image-5284 size-full\" src=\"http:\/\/www.chateau-montsoreau.com\/wordpress\/wp-content\/uploads\/2016\/03\/Chateau-de-Montsoteau-credit-photo-Philippe-Fraboulet.jpg\" alt=\"Escalier \u00e0 vis\" width=\"4912\" height=\"7360\" \/><br \/>\n<\/div>\n<div  class=\"ut-one-half ut-column-last  \">\n<h6 class=\"ut-title-divider \" ><span><\/p>\n<h1 style=\"text-align: center;\">ARCHITECTURE<\/h1>\n<p><\/span><\/h6><\/p>\n<p>John II of Chambes had the Ch\u00e2teau de Montsoreau built in the 1450s, about sixty years earlier than the other chateaux of the Loire. The construction of the chateau took about ten years. It is a colossal project: 5000m3 of tufa stone, 400 quintals of lead, 92,000 cut stones, 1000 trees cut to make the framework&#8230; It is a pioneering building that marks the transition from military architecture to pleasure architecture. The large windows, the 45 crossed windows, the 25 fireplaces, or the attention given to hygiene problems mark the attention given to comfort. The main building, located on the banks of the Loire, was built first.\u00a0 The right wing was built a few years later. Two square towers frame the main building. At a time when round towers were being built, this avant-garde choice foreshadowed the corner pavilions that would be built later. The ground floor and the cellars on the Loire side allow the control of navigation on the Loire. The main staircase leads to the ground floor and first floor apartments. The large ceremonial hall is seventeen metres long. It is illuminated by five windows and heated by two monumental fireplaces. It was probably John III of Chambes who built the staircase on the courtyard side, whose polygonal shaft is covered with a terrace. It is decorated with pilasters bordering the windows, antique medallions, Italian-inspired putti and candelabra carried by lion&rsquo;s feet. Inside, the spiral staircase leads to a sublime palm vault. The terraces (35 metres high) from which you can now admire the view of the confluence of the Vienne and Loire rivers are the remains of the old walled path that collapsed in the 19th century.<\/p>\n<\/div><div class=\"clear\"><\/div>\n<p>&nbsp;<\/p>\n<div  class=\"ut-one-half  \">\n<p><h6 class=\"ut-title-divider \" ><span><\/p>\n<h1 style=\"text-align: center;\">THE CH\u00c2TEAU OF MONTSOREAU<br \/>\nAND THE ARTS<\/h1>\n<p><\/span><\/h6><\/p>\n<p style=\"text-align: center;\">Through its avant-garde architecture and its strong link with the river, Ch\u00e2teau de Montsoreau has inspired artists throughout the centuries, from Rodin to Turner, Flaubert, Rabelais and Alexandre Dumas.<\/p>\n<p style=\"text-align: justify;\"><strong>Alexandre Dumas\u00a0<\/strong><\/p>\n<p>Written between 1845 and 1846, Alexandre Dumas&rsquo; novel <em>The lady of Monsoreau<\/em> is part of a trilogy by Alexandre Dumas on the Renaissance that includes <em>Queen Margot<\/em>, <em>the Forty Five<\/em> and the <em>Lady of Monsoreau<\/em>. This novel tells the love story between Bussy of Amboise and Diane of M\u00e9ridor, wife of the Count of Montsoreau.\u00a0 The political context highlights the political and religious unrest under the reign of Henry III. Taking some liberties with History, Alexandre Dumas confronts the characters of Charles of Chambes, Count of Montsoreau, Fran\u00e7oise of Maridort, his wife and Bussy of Amboise, the lover. The plot takes place in 1578, six years after the St. Bartholomew&rsquo;s Day massacre. Succeeding his brother Charles IX, Henry III began his reign in a country divided by the struggles between Catholics and Protestants and had to face many plots led by his brother Fran\u00e7ois of France. The latter offered himself the services of a gentleman Bussy of Amboise who, during an ambush, was wounded and then treated by Diane of M\u00e9ridor, wife of the Count of Montsoreau. The budding romance between the two lovers would provoke jealousy and revenge on the part of the Count. The fortune of <em>The Lady of Monsoreau<\/em> in the history of music and cinema is immense. It was adapted into opera in 5 acts and 7 tableaux by Gaston Salvayre (libretto by Auguste Maquet) and performed at the Th\u00e9\u00e2tre de l&rsquo;Op\u00e9ra in Paris in 1888. A best-selling novel, it is the subject of one of the very first silent films in the history of cinema in 1909, \u00ab\u00a0La signora di Monsoreau\u00a0\u00bb directed by Mario Caserini. In their turn, Emile Chautard in 1913, Ren\u00e9 Le Somptier in 1923, Yannick Andr\u00e9i in 1971 and Michel Hassan in 2006 adapted it for cinema and television.<\/p>\n<p style=\"text-align: justify;\"><strong>William Turner\u00a0<\/strong><\/p>\n<p>In the watercolour on display at the Ashmolean Museum, Turner represented a view of the confluence of the Loire and Vienne rivers. It was made in 1832 during his trip to the Loire Valley. In the distance, we can see the bell tower of the collegiate church of Candes Saint Martin and the chateau of Montsoreau with its port, restored and reopened to navigation since 2017.<\/p>\n<p style=\"text-align: justify;\"><strong>Auguste Rodin\u00a0 <\/strong><\/p>\n<p>Rodin&rsquo;s taste for buildings and heritage (cathedrals in particular) led him to collect photographs of architectural views. From 1907 to 1910, he brought up, in his garden, the central part of the facade of Issy-les-Moulineaux chateau, built by Pierre Bulet at the end of the 17th century and burned down in 1871. Around 1897, Auguste Rodin, fascinated by the architecture of the Ch\u00e2teau de Montsoreau, drew a view of the north facade of the building. Rodin does not draw the building as he sees it, nor as it is before his eyes &#8211; in a state of advanced ruin &#8211; but in its entirety, as it was during the Renaissance.<\/p>\n<p><strong>Gustave Flaubert<br \/>\n<\/strong><\/p>\n<p>On May 8, 1847, Flaubert made a trip to the Loire Valley with his friend Maxime du Camp. Enchanted and seduced by the Loire Valley, they published their entire travel diary upon their return entitled <em>Par les champs et par les gr\u00e8ves<\/em>:<\/p>\n<p><em>\u00ab\u00a0Anjou smells of Italy. Is it memory? remains of influence? or the effect of the sweet Loire, the most sensual of the rivers? In Montsoreau we turn left and take the levee which extends to Saumur between the Loire and the hills where the houses are intertwined with the rocks covered with brambles. So we go on a joyful and carefree journey, talkative and silent, singing and smoking; it was for us one of those days that makes us love life.\u201d<\/em><\/p>\n<\/div>\n<div  class=\"ut-one-half ut-column-last  \">\n<img loading=\"lazy\" decoding=\"async\" class=\"wp-image-5276 aligncenter\" title=\"Cr\u00e9dits Photographiques : Chloe Ghesquier\" src=\"http:\/\/www.chateau-montsoreau.com\/wordpress\/wp-content\/uploads\/2016\/03\/Alexandre-dumas-262x300.jpg\" alt=\"\" width=\"516\" height=\"592\" \/><\/p>\n<p><img loading=\"lazy\" decoding=\"async\" class=\"wp-image-5361 size-full\" src=\"http:\/\/www.chateau-montsoreau.com\/wordpress\/wp-content\/uploads\/2016\/03\/T04690_10-NB.jpg\" alt=\"\" width=\"1536\" height=\"1046\" \/><\/p>\n<p>&nbsp;<\/p>\n<p><img loading=\"lazy\" decoding=\"async\" class=\"aligncenter wp-image-5273 size-full\" src=\"http:\/\/www.chateau-montsoreau.com\/wordpress\/wp-content\/uploads\/2016\/03\/m504401_d-3497_p.jpg\" alt=\"m504401_d-3497_p\" width=\"752\" height=\"600\" \/><\/p>\n<p><b>Fran\u00e7ois Rabelais<br \/>\n<\/b><\/p>\n<p>Fran\u00e7ois Rabelais was born in 1483 or 1494 in La Devini\u00e8re, 15 kilometres from Montsoreau. Rabelais would have spent his first years there and located the history of <em>Gargantua<\/em> there. In<em> Gargantua<\/em>, after his victory over Picrochole, Grandgousier rewarded his loyal servants with his\u00a0 \u00ab\u00a0chateau and neighbouring lands.\u00a0\u00bb<\/p>\n<\/div><div class=\"clear\"><\/div>\n<p>&nbsp;<\/p>\n<hr \/>\n<p>&nbsp;<\/p>\n<h6 class=\"ut-title-divider \" ><span>\n<h1 style=\"text-align: center;\">CHRONOLOGY<\/h1>\n<p><\/span><\/h6><br \/>\n<div  class=\"ut-one-half  \">\n<p><strong>6th century:<\/strong> The Restis estate occupies the Montsoreau site.<br \/>\n<strong>990 :<\/strong> The Count of Blois Eudes I transformed the site into a fortified town.<br \/>\n<strong>1101<\/strong> <strong>:<\/strong> The abbey of Fontevraud was founded by Robert of Arbrissel and Hersende of Champagne on the lands of Gautier of Montsoreau.<br \/>\n<strong>1152:<\/strong> Henry II Plantagenet, future King of England, besieged the fortification.<br \/>\n<strong>1213:<\/strong> The seigneury of Montsoreau becomes the property of the Savary of Montbazon family.<br \/>\n<strong>1362:<\/strong> The Craon family acquires the seigneury.<br \/>\n<strong>1398:<\/strong> The seigneury reverts to the Chabot family.<\/p>\n<p style=\"text-align: justify;\"><strong>1424:<\/strong> Joan of Arc meets the king at Chinon Castle.<br \/>\n<strong>1450 :<\/strong> John II of Chambes bought the castle of Montsoreau from Louis II of Chabot.<br \/>\n<strong>1450-1460:<\/strong> He had a chateau built there.<br \/>\n<strong>1473:<\/strong> John III of Chambes succeeds his father.<br \/>\n<strong>1560:<\/strong> John IV of Chambes inherited Montsoreau.<br \/>\n<strong>1568:<\/strong> the Ch\u00e2teau de Montsoreau was looted by the Protestants, the Sainte-Croix collegiate church located in the village was razed to the ground, and the city&rsquo;s fortifications were destroyed.<br \/>\n<strong>1572:<\/strong> Saint Bartholomew Angevin.<br \/>\n<strong>1575:<\/strong> Charles of Chambes becomes Count of Montsoreau and marries Fran\u00e7oise of Maridor who<br \/>\ninspired Alexandre Dumas to become <em>Lady of Monsoreau<\/em>.<br \/>\n<strong>1634:<\/strong> Ren\u00e9 of Chambes, son of Charles, was sentenced to death as a counterfeiter and saunier. He fled to England.<br \/>\n<strong>1804:<\/strong> Marie Genevi\u00e8ve of Chambes, granddaughter of Ren\u00e9 of Chambes, sells the Montsoreau estate.<br \/>\n<strong>1910:<\/strong> The chateau is in ruins.<br \/>\n<strong>1913:<\/strong> The Maine-et-Loire department acquires the various properties that make up the chateau.<br \/>\n<strong>1923:<\/strong> 1st restoration campaign<br \/>\n<strong>1997:<\/strong> 2nd restoration campaign<br \/>\n<strong>2001:<\/strong> The Ch\u00e2teau of Montsoreau opens to the public with a sound and light tour entitled \u00ab\u00a0Les imaginaires de Loire\u00a0\u00bb.<br \/>\n<strong>2015 :<\/strong> Philippe M\u00e9aille, a French contemporary art collector, founded the Ch\u00e2teau de Montsoreau-Museum of contemporary art.<\/p>\n<\/div>\n<div  class=\"ut-one-half ut-column-last  \">\n<p><img loading=\"lazy\" decoding=\"async\" class=\"aligncenter wp-image-5061 size-full\" title=\"Cr\u00e9dits Photographiques : Bruno Rousseau\" src=\"http:\/\/www.chateau-montsoreau.com\/wordpress\/wp-content\/uploads\/2016\/04\/Ch\u00e2teau-40.png\" alt=\"\" width=\"1996\" height=\"3000\" srcset=\"https:\/\/www.chateau-montsoreau.com\/wordpress\/wp-content\/uploads\/2016\/04\/Ch\u00e2teau-40.png 1996w, https:\/\/www.chateau-montsoreau.com\/wordpress\/wp-content\/uploads\/2016\/04\/Ch\u00e2teau-40-600x902.png 600w, https:\/\/www.chateau-montsoreau.com\/wordpress\/wp-content\/uploads\/2016\/04\/Ch\u00e2teau-40-200x300.png 200w, https:\/\/www.chateau-montsoreau.com\/wordpress\/wp-content\/uploads\/2016\/04\/Ch\u00e2teau-40-768x1154.png 768w, https:\/\/www.chateau-montsoreau.com\/wordpress\/wp-content\/uploads\/2016\/04\/Ch\u00e2teau-40-681x1024.png 681w\" sizes=\"auto, (max-width: 1996px) 100vw, 1996px\" \/><\/p>\n<p>&nbsp;<\/p>\n<p style=\"text-align: justify;\"><\/div><div class=\"clear\"><\/div>\n<p>&nbsp;<\/p>\n<p>&nbsp;<\/p>\n","protected":false},"excerpt":{"rendered":"<p>&nbsp; &nbsp; &nbsp; &nbsp; &nbsp; &nbsp;<\/p>\n","protected":false},"author":5,"featured_media":0,"parent":7486,"menu_order":1,"comment_status":"closed","ping_status":"closed","template":"","meta":{"footnotes":""},"class_list":["post-7488","page","type-page","status-publish","hentry"],"yoast_head":"<!-- This site is optimized with the Yoast SEO plugin v27.3 - https:\/\/yoast.com\/product\/yoast-seo-wordpress\/ -->\n<title>Castelul | Ch\u00e2teau de Montsoreau-Mus\u00e9e d&#039;Art Contemporain<\/title>\n<meta name=\"robots\" content=\"index, follow, max-snippet:-1, max-image-preview:large, max-video-preview:-1\" \/>\n<link rel=\"canonical\" href=\"https:\/\/www.chateau-montsoreau.com\/wordpress\/ro\/100-castel-100-contemporan\/castelul\/\" \/>\n<meta property=\"og:locale\" content=\"fr_FR\" \/>\n<meta property=\"og:type\" content=\"article\" \/>\n<meta property=\"og:title\" content=\"Castelul | Ch\u00e2teau de Montsoreau-Mus\u00e9e d&#039;Art Contemporain\" \/>\n<meta property=\"og:description\" content=\"&nbsp; &nbsp; &nbsp; &nbsp; &nbsp; &nbsp;\" \/>\n<meta property=\"og:url\" content=\"https:\/\/www.chateau-montsoreau.com\/wordpress\/ro\/100-castel-100-contemporan\/castelul\/\" \/>\n<meta property=\"og:site_name\" content=\"Ch\u00e2teau de Montsoreau-Mus\u00e9e d&#039;Art Contemporain\" \/>\n<meta property=\"article:publisher\" content=\"https:\/\/www.facebook.com\/chateaudemontsoreau\/\" \/>\n<meta property=\"og:image\" content=\"http:\/\/www.chateau-montsoreau.com\/wordpress\/wp-content\/uploads\/2016\/03\/20161025_170627.jpg\" \/>\n<meta name=\"twitter:card\" content=\"summary_large_image\" \/>\n<meta name=\"twitter:site\" content=\"@Cmontsoreau\" \/>\n<meta name=\"twitter:label1\" content=\"Dur\u00e9e de lecture estim\u00e9e\" \/>\n\t<meta name=\"twitter:data1\" content=\"8 minutes\" \/>\n<script type=\"application\/ld+json\" class=\"yoast-schema-graph\">{\"@context\":\"https:\\\/\\\/schema.org\",\"@graph\":[{\"@type\":\"WebPage\",\"@id\":\"https:\\\/\\\/www.chateau-montsoreau.com\\\/wordpress\\\/ro\\\/100-castel-100-contemporan\\\/castelul\\\/\",\"url\":\"https:\\\/\\\/www.chateau-montsoreau.com\\\/wordpress\\\/ro\\\/100-castel-100-contemporan\\\/castelul\\\/\",\"name\":\"Castelul | Ch\u00e2teau de Montsoreau-Mus\u00e9e d&#039;Art Contemporain\",\"isPartOf\":{\"@id\":\"https:\\\/\\\/www.chateau-montsoreau.com\\\/wordpress\\\/#website\"},\"primaryImageOfPage\":{\"@id\":\"https:\\\/\\\/www.chateau-montsoreau.com\\\/wordpress\\\/ro\\\/100-castel-100-contemporan\\\/castelul\\\/#primaryimage\"},\"image\":{\"@id\":\"https:\\\/\\\/www.chateau-montsoreau.com\\\/wordpress\\\/ro\\\/100-castel-100-contemporan\\\/castelul\\\/#primaryimage\"},\"thumbnailUrl\":\"http:\\\/\\\/www.chateau-montsoreau.com\\\/wordpress\\\/wp-content\\\/uploads\\\/2016\\\/03\\\/20161025_170627.jpg\",\"datePublished\":\"2019-12-16T14:10:58+00:00\",\"breadcrumb\":{\"@id\":\"https:\\\/\\\/www.chateau-montsoreau.com\\\/wordpress\\\/ro\\\/100-castel-100-contemporan\\\/castelul\\\/#breadcrumb\"},\"inLanguage\":\"fr-FR\",\"potentialAction\":[{\"@type\":\"ReadAction\",\"target\":[\"https:\\\/\\\/www.chateau-montsoreau.com\\\/wordpress\\\/ro\\\/100-castel-100-contemporan\\\/castelul\\\/\"]}]},{\"@type\":\"ImageObject\",\"inLanguage\":\"fr-FR\",\"@id\":\"https:\\\/\\\/www.chateau-montsoreau.com\\\/wordpress\\\/ro\\\/100-castel-100-contemporan\\\/castelul\\\/#primaryimage\",\"url\":\"http:\\\/\\\/www.chateau-montsoreau.com\\\/wordpress\\\/wp-content\\\/uploads\\\/2016\\\/03\\\/20161025_170627.jpg\",\"contentUrl\":\"http:\\\/\\\/www.chateau-montsoreau.com\\\/wordpress\\\/wp-content\\\/uploads\\\/2016\\\/03\\\/20161025_170627.jpg\"},{\"@type\":\"BreadcrumbList\",\"@id\":\"https:\\\/\\\/www.chateau-montsoreau.com\\\/wordpress\\\/ro\\\/100-castel-100-contemporan\\\/castelul\\\/#breadcrumb\",\"itemListElement\":[{\"@type\":\"ListItem\",\"position\":1,\"name\":\"Accueil\",\"item\":\"https:\\\/\\\/www.chateau-montsoreau.com\\\/wordpress\\\/fr\\\/\"},{\"@type\":\"ListItem\",\"position\":2,\"name\":\"100% Castel 100% Contemporan\",\"item\":\"https:\\\/\\\/www.chateau-montsoreau.com\\\/wordpress\\\/ro\\\/100-castel-100-contemporan\\\/\"},{\"@type\":\"ListItem\",\"position\":3,\"name\":\"Castelul\"}]},{\"@type\":\"WebSite\",\"@id\":\"https:\\\/\\\/www.chateau-montsoreau.com\\\/wordpress\\\/#website\",\"url\":\"https:\\\/\\\/www.chateau-montsoreau.com\\\/wordpress\\\/\",\"name\":\"Ch\u00e2teau de Montsoreau-Mus\u00e9e d&#039;Art Contemporain\",\"description\":\"Ch\u00e2teaux de la Loire Art Contemporain Art Conceptuel\",\"publisher\":{\"@id\":\"https:\\\/\\\/www.chateau-montsoreau.com\\\/wordpress\\\/#organization\"},\"potentialAction\":[{\"@type\":\"SearchAction\",\"target\":{\"@type\":\"EntryPoint\",\"urlTemplate\":\"https:\\\/\\\/www.chateau-montsoreau.com\\\/wordpress\\\/?s={search_term_string}\"},\"query-input\":{\"@type\":\"PropertyValueSpecification\",\"valueRequired\":true,\"valueName\":\"search_term_string\"}}],\"inLanguage\":\"fr-FR\"},{\"@type\":\"Organization\",\"@id\":\"https:\\\/\\\/www.chateau-montsoreau.com\\\/wordpress\\\/#organization\",\"name\":\"Ch\u00e2teau de Montsoreau - Mus\u00e9e d'art contemporain\",\"url\":\"https:\\\/\\\/www.chateau-montsoreau.com\\\/wordpress\\\/\",\"logo\":{\"@type\":\"ImageObject\",\"inLanguage\":\"fr-FR\",\"@id\":\"https:\\\/\\\/www.chateau-montsoreau.com\\\/wordpress\\\/#\\\/schema\\\/logo\\\/image\\\/\",\"url\":\"https:\\\/\\\/www.chateau-montsoreau.com\\\/wordpress\\\/wp-content\\\/uploads\\\/2016\\\/03\\\/Logo-Montsoreau-tout-petit-1.png\",\"contentUrl\":\"https:\\\/\\\/www.chateau-montsoreau.com\\\/wordpress\\\/wp-content\\\/uploads\\\/2016\\\/03\\\/Logo-Montsoreau-tout-petit-1.png\",\"width\":133,\"height\":133,\"caption\":\"Ch\u00e2teau de Montsoreau - Mus\u00e9e d'art contemporain\"},\"image\":{\"@id\":\"https:\\\/\\\/www.chateau-montsoreau.com\\\/wordpress\\\/#\\\/schema\\\/logo\\\/image\\\/\"},\"sameAs\":[\"https:\\\/\\\/www.facebook.com\\\/chateaudemontsoreau\\\/\",\"https:\\\/\\\/x.com\\\/Cmontsoreau\",\"https:\\\/\\\/www.instagram.com\\\/chateaudemontsoreau\\\/\",\"http:\\\/\\\/www.pinterest.com\\\/Cmontsoreau\"]}]}<\/script>\n<!-- \/ Yoast SEO plugin. -->","yoast_head_json":{"title":"Castelul | Ch\u00e2teau de Montsoreau-Mus\u00e9e d&#039;Art Contemporain","robots":{"index":"index","follow":"follow","max-snippet":"max-snippet:-1","max-image-preview":"max-image-preview:large","max-video-preview":"max-video-preview:-1"},"canonical":"https:\/\/www.chateau-montsoreau.com\/wordpress\/ro\/100-castel-100-contemporan\/castelul\/","og_locale":"fr_FR","og_type":"article","og_title":"Castelul | Ch\u00e2teau de Montsoreau-Mus\u00e9e d&#039;Art Contemporain","og_description":"&nbsp; &nbsp; &nbsp; &nbsp; &nbsp; &nbsp;","og_url":"https:\/\/www.chateau-montsoreau.com\/wordpress\/ro\/100-castel-100-contemporan\/castelul\/","og_site_name":"Ch\u00e2teau de Montsoreau-Mus\u00e9e d&#039;Art Contemporain","article_publisher":"https:\/\/www.facebook.com\/chateaudemontsoreau\/","og_image":[{"url":"http:\/\/www.chateau-montsoreau.com\/wordpress\/wp-content\/uploads\/2016\/03\/20161025_170627.jpg","type":"","width":"","height":""}],"twitter_card":"summary_large_image","twitter_site":"@Cmontsoreau","twitter_misc":{"Dur\u00e9e de lecture estim\u00e9e":"8 minutes"},"schema":{"@context":"https:\/\/schema.org","@graph":[{"@type":"WebPage","@id":"https:\/\/www.chateau-montsoreau.com\/wordpress\/ro\/100-castel-100-contemporan\/castelul\/","url":"https:\/\/www.chateau-montsoreau.com\/wordpress\/ro\/100-castel-100-contemporan\/castelul\/","name":"Castelul | Ch\u00e2teau de Montsoreau-Mus\u00e9e d&#039;Art Contemporain","isPartOf":{"@id":"https:\/\/www.chateau-montsoreau.com\/wordpress\/#website"},"primaryImageOfPage":{"@id":"https:\/\/www.chateau-montsoreau.com\/wordpress\/ro\/100-castel-100-contemporan\/castelul\/#primaryimage"},"image":{"@id":"https:\/\/www.chateau-montsoreau.com\/wordpress\/ro\/100-castel-100-contemporan\/castelul\/#primaryimage"},"thumbnailUrl":"http:\/\/www.chateau-montsoreau.com\/wordpress\/wp-content\/uploads\/2016\/03\/20161025_170627.jpg","datePublished":"2019-12-16T14:10:58+00:00","breadcrumb":{"@id":"https:\/\/www.chateau-montsoreau.com\/wordpress\/ro\/100-castel-100-contemporan\/castelul\/#breadcrumb"},"inLanguage":"fr-FR","potentialAction":[{"@type":"ReadAction","target":["https:\/\/www.chateau-montsoreau.com\/wordpress\/ro\/100-castel-100-contemporan\/castelul\/"]}]},{"@type":"ImageObject","inLanguage":"fr-FR","@id":"https:\/\/www.chateau-montsoreau.com\/wordpress\/ro\/100-castel-100-contemporan\/castelul\/#primaryimage","url":"http:\/\/www.chateau-montsoreau.com\/wordpress\/wp-content\/uploads\/2016\/03\/20161025_170627.jpg","contentUrl":"http:\/\/www.chateau-montsoreau.com\/wordpress\/wp-content\/uploads\/2016\/03\/20161025_170627.jpg"},{"@type":"BreadcrumbList","@id":"https:\/\/www.chateau-montsoreau.com\/wordpress\/ro\/100-castel-100-contemporan\/castelul\/#breadcrumb","itemListElement":[{"@type":"ListItem","position":1,"name":"Accueil","item":"https:\/\/www.chateau-montsoreau.com\/wordpress\/fr\/"},{"@type":"ListItem","position":2,"name":"100% Castel 100% Contemporan","item":"https:\/\/www.chateau-montsoreau.com\/wordpress\/ro\/100-castel-100-contemporan\/"},{"@type":"ListItem","position":3,"name":"Castelul"}]},{"@type":"WebSite","@id":"https:\/\/www.chateau-montsoreau.com\/wordpress\/#website","url":"https:\/\/www.chateau-montsoreau.com\/wordpress\/","name":"Ch\u00e2teau de Montsoreau-Mus\u00e9e d&#039;Art Contemporain","description":"Ch\u00e2teaux de la Loire Art Contemporain Art Conceptuel","publisher":{"@id":"https:\/\/www.chateau-montsoreau.com\/wordpress\/#organization"},"potentialAction":[{"@type":"SearchAction","target":{"@type":"EntryPoint","urlTemplate":"https:\/\/www.chateau-montsoreau.com\/wordpress\/?s={search_term_string}"},"query-input":{"@type":"PropertyValueSpecification","valueRequired":true,"valueName":"search_term_string"}}],"inLanguage":"fr-FR"},{"@type":"Organization","@id":"https:\/\/www.chateau-montsoreau.com\/wordpress\/#organization","name":"Ch\u00e2teau de Montsoreau - Mus\u00e9e d'art contemporain","url":"https:\/\/www.chateau-montsoreau.com\/wordpress\/","logo":{"@type":"ImageObject","inLanguage":"fr-FR","@id":"https:\/\/www.chateau-montsoreau.com\/wordpress\/#\/schema\/logo\/image\/","url":"https:\/\/www.chateau-montsoreau.com\/wordpress\/wp-content\/uploads\/2016\/03\/Logo-Montsoreau-tout-petit-1.png","contentUrl":"https:\/\/www.chateau-montsoreau.com\/wordpress\/wp-content\/uploads\/2016\/03\/Logo-Montsoreau-tout-petit-1.png","width":133,"height":133,"caption":"Ch\u00e2teau de Montsoreau - Mus\u00e9e d'art contemporain"},"image":{"@id":"https:\/\/www.chateau-montsoreau.com\/wordpress\/#\/schema\/logo\/image\/"},"sameAs":["https:\/\/www.facebook.com\/chateaudemontsoreau\/","https:\/\/x.com\/Cmontsoreau","https:\/\/www.instagram.com\/chateaudemontsoreau\/","http:\/\/www.pinterest.com\/Cmontsoreau"]}]}},"_links":{"self":[{"href":"https:\/\/www.chateau-montsoreau.com\/wordpress\/wp-json\/wp\/v2\/pages\/7488","targetHints":{"allow":["GET"]}}],"collection":[{"href":"https:\/\/www.chateau-montsoreau.com\/wordpress\/wp-json\/wp\/v2\/pages"}],"about":[{"href":"https:\/\/www.chateau-montsoreau.com\/wordpress\/wp-json\/wp\/v2\/types\/page"}],"author":[{"embeddable":true,"href":"https:\/\/www.chateau-montsoreau.com\/wordpress\/wp-json\/wp\/v2\/users\/5"}],"replies":[{"embeddable":true,"href":"https:\/\/www.chateau-montsoreau.com\/wordpress\/wp-json\/wp\/v2\/comments?post=7488"}],"version-history":[{"count":2,"href":"https:\/\/www.chateau-montsoreau.com\/wordpress\/wp-json\/wp\/v2\/pages\/7488\/revisions"}],"predecessor-version":[{"id":7490,"href":"https:\/\/www.chateau-montsoreau.com\/wordpress\/wp-json\/wp\/v2\/pages\/7488\/revisions\/7490"}],"up":[{"embeddable":true,"href":"https:\/\/www.chateau-montsoreau.com\/wordpress\/wp-json\/wp\/v2\/pages\/7486"}],"wp:attachment":[{"href":"https:\/\/www.chateau-montsoreau.com\/wordpress\/wp-json\/wp\/v2\/media?parent=7488"}],"curies":[{"name":"wp","href":"https:\/\/api.w.org\/{rel}","templated":true}]}}