{"id":7542,"date":"2019-12-16T17:00:39","date_gmt":"2019-12-16T16:00:39","guid":{"rendered":"http:\/\/www.chateau-montsoreau.com\/wordpress\/?page_id=7542"},"modified":"2020-01-27T16:32:29","modified_gmt":"2020-01-27T15:32:29","slug":"praktiske-opplysninger","status":"publish","type":"page","link":"https:\/\/www.chateau-montsoreau.com\/wordpress\/nn\/praktiske-opplysninger\/","title":{"rendered":"Praktiske opplysninger"},"content":{"rendered":"<p>Ch\u00e2teau de Montsoreau-Museum of contemporary art<br \/>\nPassage du marquis de Geoffre<br \/>\n49730 Montsoreau, Loire Valley.<br \/>\nOpen all year.<\/p>\n<div  class=\"ut-one-half  \">\n<h6 class=\"ut-title-divider \" ><span><\/p>\n<h2>Rates<\/h2>\n<p><\/span><\/h6><br \/>\n<div class=\"ut-pt-wrap ut-pt-wrap-style-1\"><div class=\"grid-33 tablet-grid-33 mobile-grid-100\"><div class=\"ut-pricing-table\"><header class=\"ut-pt-header ut-level-one\"><h2 class=\"ut-pt-title\">Adult <\/h2><span class=\"ut-pt-title-slogan\">Over 18 years old<\/span><\/header><footer class=\"ut-pt-pricing\"><span class=\"ut-pt-price\"><sup>\u20ac<\/sup>10,70<\/span><\/footer><\/div><\/div><div class=\"grid-33 tablet-grid-33 mobile-grid-100\"><div class=\"ut-pricing-table\"><header class=\"ut-pt-header ut-level-one\"><h2 class=\"ut-pt-title\">Children<\/h2><span class=\"ut-pt-title-slogan\">from 5 to 18 years old<\/span><\/header><footer class=\"ut-pt-pricing\"><span class=\"ut-pt-price\"><sup>\u20ac<\/sup>6,70<\/span><\/footer><\/div><\/div><div class=\"grid-33 tablet-grid-33 mobile-grid-100\"><div class=\"ut-pricing-table\"><header class=\"ut-pt-header ut-level-one\"><h2 class=\"ut-pt-title\">Free admission<\/h2><span class=\"ut-pt-title-slogan\">disabled, -5 years old, press, inhabitants from Montsoreau and Mountsorrel<\/span><\/header><\/div><\/div><div class=\"clear\"><\/div><\/div><br \/>\n<div class=\"ut-pt-wrap ut-pt-wrap-style-1\"><div class=\"grid-33 tablet-grid-33 mobile-grid-100\"><div class=\"ut-pricing-table\"><header class=\"ut-pt-header ut-level-one\"><h2 class=\"ut-pt-title\">Reduced price<\/h2><span class=\"ut-pt-title-slogan\">Students<\/span><\/header><footer class=\"ut-pt-pricing\"><span class=\"ut-pt-price\"><sup>\u20ac<\/sup>8,70<\/span><\/footer><\/div><\/div><div class=\"grid-33 tablet-grid-33 mobile-grid-100\"><div class=\"ut-pricing-table\"><header class=\"ut-pt-header ut-level-one\"><h2 class=\"ut-pt-title\">Reduced price<\/h2><span class=\"ut-pt-title-slogan\">job seekers<\/span><\/header><footer class=\"ut-pt-pricing\"><span class=\"ut-pt-price\"><sup>\u20ac<\/sup>8,90<\/span><\/footer><\/div><\/div><div class=\"grid-33 tablet-grid-33 mobile-grid-100\"><div class=\"ut-pricing-table\"><header class=\"ut-pt-header ut-level-one\"><h2 class=\"ut-pt-title\">Family Rate<\/h2><span class=\"ut-pt-title-slogan\">2 adults - 2 children                    <\/span><\/header><footer class=\"ut-pt-pricing\"><span class=\"ut-pt-price\"><sup>\u20ac<\/sup>27,80<\/span><\/footer><\/div><\/div><div class=\"clear\"><\/div><\/div><br \/>\n<\/p>\n<p><a href=\"https:\/\/sorties.telerama.fr\/pass-art-contemporain\"><img loading=\"lazy\" decoding=\"async\" class=\"alignnone size-full wp-image-6154\" src=\"http:\/\/www.chateau-montsoreau.com\/wordpress\/wp-content\/uploads\/2018\/10\/Telerama-Pass-art-contemporain-Ch\u00e2teau-de-Montsoreau-Mus\u00e9e-dart-contemporain-Val-de-Loire.gif\" alt=\"\" width=\"1000\" height=\"90\"><\/a><br \/>\n<\/div>\n<div  class=\"ut-one-half  \">\n<h6 class=\"ut-title-divider \" ><span><\/p>\n<h2>Opening hours<\/h2>\n<p><\/span><\/h6>\n<div  class=\"ut-alert grey  \">\n<p style=\"text-align: center;\">Annual closure from January 13rd&nbsp; to 31st , 2020<\/p>\n<p style=\"text-align: center;\">January \/ February \/ March \/ October \/ November \/ December<br \/>\n12 a.m &#8211; 6 p.m<\/p>\n<p style=\"text-align: center;\">April<br \/>\n12 a.m &#8211; 7 p.m<\/p>\n<p style=\"text-align: center;\">May \/ June \/ July \/ August \/ September<br \/>\n10 a.m &#8211; 7 p.m<\/p>\n<p style=\"text-align: center;\">Closed on December 24th, 25th and January 1st<\/p>\n<p>&nbsp;<\/p>\n<\/div>\n<p>&nbsp;<\/p>\n<hr>\n<p>&nbsp;<\/p>\n<h6 class=\"ut-title-divider \" ><span>\n<h2>Access<\/h2>\n<p><\/span><\/h6><br \/>\n<div  class=\"ut-two-thirds  \">\n<\/div>\n<div  class=\"ut-one-third ut-column-last  \">\n<div  class=\"ut-alert grey  \">\n<h3 style=\"text-align: center;\">By road<\/h3>\n<p style=\"text-align: center;\">Motorway A85 exit n\u00b05 Bourgueil (follow Saumur) D960<br \/>\nFree parking located at Quai Alexandre Dumas, on the banks of the Loire,<br \/>\nat the foot of the ch\u00e2teau (15 parking spaces)<br \/>\nArceau Parking, 5 minutes by foot (300 parking spaces)<\/p>\n<h3 style=\"text-align: center;\">By train<\/h3>\n<p style=\"text-align: center;\">Port Boulet station : 11 km<br \/>\nSaumur station : 17 km<br \/>\nTours station: 57 km<\/p>\n<h3 style=\"text-align: center;\">By plane<\/h3>\n<p style=\"text-align: center;\">Angers Marc\u00e9 airport : 59 km<br \/>\nTours Loire Valley&nbsp;airport : 74 km<br \/>\nPoitiers Biard Airport : 80 km<br \/>\nNantes&nbsp;Atlantic airport: 159 km<br \/>\nLook for a flight on&nbsp;&nbsp;<strong><a href=\"https:\/\/www.momondo.fr\/\">Momondo<\/a>.fr<\/strong><\/p>\n<h3 style=\"text-align: center;\">By bus<\/h3>\n<p style=\"text-align: center;\">Bus Saumur-Montsoreau:<br \/>\nSchedules <a href=\"https:\/\/www.agglobus.fr\/se-deplacer\/fiches-horaires\/fiches-horaires-du-reseau-periurbain\">here<\/a><\/p>\n<h3 style=\"text-align: center;\">By boat<\/h3>\n<p style=\"text-align: center;\">Cruises Saumur-Montsoreau<em><br \/>\n<\/em>Every saturday, from July 6 to August 31<br \/>\nCruise duration : 1h15<\/p>\n<h3 style=\"text-align: center;\"><\/h3>\n<\/div>\n<\/div><div class=\"clear\"><\/div>\n<hr>\n<p><!--\n&#091;ut_title_divider&#093;\n\n\n<h2>Le Restaurant<\/h2>\n\n\n&#091;\/ut_title_divider&#093;\n&#091;ut_one_half&#093; &#091;ut_alert color=\"grey\"&#093;\n<img loading=\"lazy\" decoding=\"async\" class=\"aligncenter wp-image-4786 size-full\" title=\"Cr\u00e9dits Photographiques : Chloe Ghesquier\" src=\"http:\/\/www.chateau-montsoreau.com\/wordpress\/wp-content\/uploads\/2016\/03\/Ch\u00e2teau-22.png\" alt=\"\" width=\"2000\" height=\"1501\" \/>&#091;\/ut_alert&#093; &#091;\/ut_one_half&#093;\n\n&#091;ut_one_half_last&#093; &#091;ut_alert color=\"grey\"&#093;\n\n\n<h5 style=\"text-align: center;\">Les cartes du Restaurant\nBient\u00f4t<\/h5>\n\n\n&#091;\/ut_alert&#093; &#091;\/ut_one_half_last&#093;\n\n&#091;ut_alert color=\"grey\"&#093;\n&#091;ut_title_divider margin_top=\"5\"&#093;\n\n\n<h2>Chez Alexandre<\/h2>\n\n\n&#091;\/ut_title_divider&#093;\n\n\n<h3 style=\"text-align: center;\">Situ\u00e9 dans la cour int\u00e9rieure, le Bistrot du Ch\u00e2teau propose une cuisine de saison \u00e0 la fois simple et inventive. Dans ce lieu convivial, vous vous laisserez surprendre par l'originalit\u00e9 d\u2019une carte authentique aux plats servis dans un cadre exceptionnel.<\/h3>\n\n\n&#091;\/ut_alert&#093;\n\n\n\n<hr \/ -->\n<div  class=\"ut-one-half  \"><\/div>\n<p><h6 class=\"ut-title-divider \" ><span><\/p>\n<h2>Plan your visit<\/h2>\n<p style=\"text-align: justify;\"><\/span><\/h6><\/p>\n<p><iframe loading=\"lazy\" style=\"border: 0;\" src=\"https:\/\/www.google.com\/maps\/embed?pb=!1m18!1m12!1m3!1d2710.0456731702134!2d0.06036031508782734!3d47.215688622893936!2m3!1f0!2f0!3f0!3m2!1i1024!2i768!4f13.1!3m3!1m2!1s0x0%3A0xa3ad940aa09d3ec4!2sCh%C3%A2teau%20de%20Montsoreau-Mus%C3%A9e%20d'art%20contemporain!5e0!3m2!1sfr!2sfr!4v1578134901008!5m2!1sfr!2sfr\" width=\"600\" height=\"450\" frameborder=\"0\" allowfullscreen=\"allowfullscreen\"><\/iframe><\/p>\n<p>Payment methods: cash, cheques, holiday cheques, credit card.<br \/>\nLast entry 45 minutes before the site closes.<br \/>\nLanguages spoken: French \/ English.<br \/>\nTexts of mediation within the museum translated into English, Spanish, Italian.<br \/>\nLockers are available.<br \/>\nBicycle parking is available.<br \/>\nChanging table for babies is available.<br \/>\nLift is available.<br \/>\nDogs are accepted as long as they stay on a leash.<br \/>\nSeat cane is available.<br \/>\nStroller parking is available.<\/p>\n<p>Ideally located on the banks of the Loire, in the Loire-Anjou-Touraine Regional Natural Park, in one of the most beautiful villages in France, the Ch\u00e2teau of Montsoreau-Museum of contemporary art allows you not only to visit a national monument but also discover a private collection of contemporary art. There are many activities on the Loire ( canoeing, water skiing, boat&#8230;), there is wine tourism (Saumur and Chinon wines), hot air ballooning, visits to the troglodytic village of Turquant, the collegiate church of Candes-Saint-Martin, at the confluence of the Vienne and the Loire, or the Fontevraud Abbey.<br \/>\nMore information is to be found on the <a href=\"http:\/\/www.anjou-loire-valley.co.uk\/\">Anjou Tourism Website<\/a>.<\/p>\n<p><img loading=\"lazy\" decoding=\"async\" class=\"alignnone size-full wp-image-7723\" src=\"http:\/\/www.chateau-montsoreau.com\/wordpress\/wp-content\/uploads\/2020\/01\/barre-pictos-pour-site-web-12.jpg\" alt=\"\" width=\"1243\" height=\"113\" srcset=\"https:\/\/www.chateau-montsoreau.com\/wordpress\/wp-content\/uploads\/2020\/01\/barre-pictos-pour-site-web-12.jpg 1243w, https:\/\/www.chateau-montsoreau.com\/wordpress\/wp-content\/uploads\/2020\/01\/barre-pictos-pour-site-web-12-600x55.jpg 600w, https:\/\/www.chateau-montsoreau.com\/wordpress\/wp-content\/uploads\/2020\/01\/barre-pictos-pour-site-web-12-300x27.jpg 300w, https:\/\/www.chateau-montsoreau.com\/wordpress\/wp-content\/uploads\/2020\/01\/barre-pictos-pour-site-web-12-768x70.jpg 768w, https:\/\/www.chateau-montsoreau.com\/wordpress\/wp-content\/uploads\/2020\/01\/barre-pictos-pour-site-web-12-1024x93.jpg 1024w\" sizes=\"auto, (max-width: 1243px) 100vw, 1243px\" \/><\/p>\n<\/div>\n<h6 class=\"ut-title-divider \" ><span><\/p>\n<h2>Access for disabled visitors<\/h2>\n<p><\/span><\/h6>\n<p>Specific accomodations helps the site&rsquo;s accessibility to persons&nbsp; with disabilities:<\/p>\n<p>Reserved parking area.<br \/>\nA lift ensures the access to the first and the second floor of the museum.<br \/>\nGuide dogs or Handi&rsquo; Chiens assistance dogs, whether in a host family or with a beneficiary, are welcome at the Ch\u00e2teau of Montsoreau &#8211; Museum of Contemporary Art.<\/p>\n<p>More information on <a href=\"https:\/\/accessible.net\/montsoreau\/monument-chateau\/chateau-de-montsoreau_504\">Accessible.net<\/a><\/p>\n","protected":false},"excerpt":{"rendered":"<p>Ch\u00e2teau de Montsoreau-Museum of contemporary art Passage du marquis de Geoffre 49730 Montsoreau, Loire Valley. Open all year. Specific accomodations helps the site&rsquo;s accessibility to persons&nbsp; with disabilities: Reserved parking area. A lift ensures the access to the first and the second floor of the museum. Guide dogs or Handi&rsquo; Chiens assistance dogs, whether in [&hellip;]<\/p>\n","protected":false},"author":5,"featured_media":0,"parent":0,"menu_order":1,"comment_status":"closed","ping_status":"closed","template":"","meta":{"footnotes":""},"class_list":["post-7542","page","type-page","status-publish","hentry"],"yoast_head":"<!-- This site is optimized with the Yoast SEO plugin v27.3 - https:\/\/yoast.com\/product\/yoast-seo-wordpress\/ -->\n<title>Praktiske opplysninger | Ch\u00e2teau de Montsoreau-Mus\u00e9e d&#039;Art Contemporain<\/title>\n<meta name=\"description\" content=\"Praktiske opplysninger: \u00e5pningstider, priser, timeplan, kart.\" \/>\n<meta name=\"robots\" content=\"index, follow, max-snippet:-1, max-image-preview:large, max-video-preview:-1\" \/>\n<link rel=\"canonical\" href=\"https:\/\/www.chateau-montsoreau.com\/wordpress\/nn\/praktiske-opplysninger\/\" \/>\n<meta property=\"og:locale\" content=\"fr_FR\" \/>\n<meta property=\"og:type\" content=\"article\" \/>\n<meta property=\"og:title\" content=\"Praktiske opplysninger | Ch\u00e2teau de Montsoreau-Mus\u00e9e d&#039;Art Contemporain\" \/>\n<meta property=\"og:description\" content=\"Praktiske opplysninger: \u00e5pningstider, priser, timeplan, kart.\" \/>\n<meta property=\"og:url\" content=\"https:\/\/www.chateau-montsoreau.com\/wordpress\/nn\/praktiske-opplysninger\/\" \/>\n<meta property=\"og:site_name\" content=\"Ch\u00e2teau de Montsoreau-Mus\u00e9e d&#039;Art Contemporain\" \/>\n<meta property=\"article:publisher\" content=\"https:\/\/www.facebook.com\/chateaudemontsoreau\/\" \/>\n<meta property=\"article:modified_time\" content=\"2020-01-27T15:32:29+00:00\" \/>\n<meta property=\"og:image\" content=\"http:\/\/www.chateau-montsoreau.com\/wordpress\/wp-content\/uploads\/2018\/10\/Telerama-Pass-art-contemporain-Ch\u00e2teau-de-Montsoreau-Mus\u00e9e-dart-contemporain-Val-de-Loire.gif\" \/>\n<meta name=\"twitter:card\" content=\"summary_large_image\" \/>\n<meta name=\"twitter:site\" content=\"@Cmontsoreau\" \/>\n<meta name=\"twitter:label1\" content=\"Dur\u00e9e de lecture estim\u00e9e\" \/>\n\t<meta name=\"twitter:data1\" content=\"2 minutes\" \/>\n<script type=\"application\/ld+json\" class=\"yoast-schema-graph\">{\"@context\":\"https:\\\/\\\/schema.org\",\"@graph\":[{\"@type\":\"WebPage\",\"@id\":\"https:\\\/\\\/www.chateau-montsoreau.com\\\/wordpress\\\/nn\\\/praktiske-opplysninger\\\/\",\"url\":\"https:\\\/\\\/www.chateau-montsoreau.com\\\/wordpress\\\/nn\\\/praktiske-opplysninger\\\/\",\"name\":\"Praktiske opplysninger | Ch\u00e2teau de Montsoreau-Mus\u00e9e d&#039;Art Contemporain\",\"isPartOf\":{\"@id\":\"https:\\\/\\\/www.chateau-montsoreau.com\\\/wordpress\\\/#website\"},\"primaryImageOfPage\":{\"@id\":\"https:\\\/\\\/www.chateau-montsoreau.com\\\/wordpress\\\/nn\\\/praktiske-opplysninger\\\/#primaryimage\"},\"image\":{\"@id\":\"https:\\\/\\\/www.chateau-montsoreau.com\\\/wordpress\\\/nn\\\/praktiske-opplysninger\\\/#primaryimage\"},\"thumbnailUrl\":\"http:\\\/\\\/www.chateau-montsoreau.com\\\/wordpress\\\/wp-content\\\/uploads\\\/2020\\\/01\\\/barre-pictos-pour-site-web-12.jpg\",\"datePublished\":\"2019-12-16T16:00:39+00:00\",\"dateModified\":\"2020-01-27T15:32:29+00:00\",\"description\":\"Praktiske opplysninger: \u00e5pningstider, priser, timeplan, kart.\",\"breadcrumb\":{\"@id\":\"https:\\\/\\\/www.chateau-montsoreau.com\\\/wordpress\\\/nn\\\/praktiske-opplysninger\\\/#breadcrumb\"},\"inLanguage\":\"fr-FR\",\"potentialAction\":[{\"@type\":\"ReadAction\",\"target\":[\"https:\\\/\\\/www.chateau-montsoreau.com\\\/wordpress\\\/nn\\\/praktiske-opplysninger\\\/\"]}]},{\"@type\":\"ImageObject\",\"inLanguage\":\"fr-FR\",\"@id\":\"https:\\\/\\\/www.chateau-montsoreau.com\\\/wordpress\\\/nn\\\/praktiske-opplysninger\\\/#primaryimage\",\"url\":\"http:\\\/\\\/www.chateau-montsoreau.com\\\/wordpress\\\/wp-content\\\/uploads\\\/2020\\\/01\\\/barre-pictos-pour-site-web-12.jpg\",\"contentUrl\":\"http:\\\/\\\/www.chateau-montsoreau.com\\\/wordpress\\\/wp-content\\\/uploads\\\/2020\\\/01\\\/barre-pictos-pour-site-web-12.jpg\"},{\"@type\":\"BreadcrumbList\",\"@id\":\"https:\\\/\\\/www.chateau-montsoreau.com\\\/wordpress\\\/nn\\\/praktiske-opplysninger\\\/#breadcrumb\",\"itemListElement\":[{\"@type\":\"ListItem\",\"position\":1,\"name\":\"Accueil\",\"item\":\"https:\\\/\\\/www.chateau-montsoreau.com\\\/wordpress\\\/fr\\\/\"},{\"@type\":\"ListItem\",\"position\":2,\"name\":\"Praktiske opplysninger\"}]},{\"@type\":\"WebSite\",\"@id\":\"https:\\\/\\\/www.chateau-montsoreau.com\\\/wordpress\\\/#website\",\"url\":\"https:\\\/\\\/www.chateau-montsoreau.com\\\/wordpress\\\/\",\"name\":\"Ch\u00e2teau de Montsoreau-Mus\u00e9e d&#039;Art Contemporain\",\"description\":\"Ch\u00e2teaux de la Loire Art Contemporain Art Conceptuel\",\"publisher\":{\"@id\":\"https:\\\/\\\/www.chateau-montsoreau.com\\\/wordpress\\\/#organization\"},\"potentialAction\":[{\"@type\":\"SearchAction\",\"target\":{\"@type\":\"EntryPoint\",\"urlTemplate\":\"https:\\\/\\\/www.chateau-montsoreau.com\\\/wordpress\\\/?s={search_term_string}\"},\"query-input\":{\"@type\":\"PropertyValueSpecification\",\"valueRequired\":true,\"valueName\":\"search_term_string\"}}],\"inLanguage\":\"fr-FR\"},{\"@type\":\"Organization\",\"@id\":\"https:\\\/\\\/www.chateau-montsoreau.com\\\/wordpress\\\/#organization\",\"name\":\"Ch\u00e2teau de Montsoreau - Mus\u00e9e d'art contemporain\",\"url\":\"https:\\\/\\\/www.chateau-montsoreau.com\\\/wordpress\\\/\",\"logo\":{\"@type\":\"ImageObject\",\"inLanguage\":\"fr-FR\",\"@id\":\"https:\\\/\\\/www.chateau-montsoreau.com\\\/wordpress\\\/#\\\/schema\\\/logo\\\/image\\\/\",\"url\":\"https:\\\/\\\/www.chateau-montsoreau.com\\\/wordpress\\\/wp-content\\\/uploads\\\/2016\\\/03\\\/Logo-Montsoreau-tout-petit-1.png\",\"contentUrl\":\"https:\\\/\\\/www.chateau-montsoreau.com\\\/wordpress\\\/wp-content\\\/uploads\\\/2016\\\/03\\\/Logo-Montsoreau-tout-petit-1.png\",\"width\":133,\"height\":133,\"caption\":\"Ch\u00e2teau de Montsoreau - Mus\u00e9e d'art contemporain\"},\"image\":{\"@id\":\"https:\\\/\\\/www.chateau-montsoreau.com\\\/wordpress\\\/#\\\/schema\\\/logo\\\/image\\\/\"},\"sameAs\":[\"https:\\\/\\\/www.facebook.com\\\/chateaudemontsoreau\\\/\",\"https:\\\/\\\/x.com\\\/Cmontsoreau\",\"https:\\\/\\\/www.instagram.com\\\/chateaudemontsoreau\\\/\",\"http:\\\/\\\/www.pinterest.com\\\/Cmontsoreau\"]}]}<\/script>\n<!-- \/ Yoast SEO plugin. -->","yoast_head_json":{"title":"Praktiske opplysninger | Ch\u00e2teau de Montsoreau-Mus\u00e9e d&#039;Art Contemporain","description":"Praktiske opplysninger: \u00e5pningstider, priser, timeplan, kart.","robots":{"index":"index","follow":"follow","max-snippet":"max-snippet:-1","max-image-preview":"max-image-preview:large","max-video-preview":"max-video-preview:-1"},"canonical":"https:\/\/www.chateau-montsoreau.com\/wordpress\/nn\/praktiske-opplysninger\/","og_locale":"fr_FR","og_type":"article","og_title":"Praktiske opplysninger | Ch\u00e2teau de Montsoreau-Mus\u00e9e d&#039;Art Contemporain","og_description":"Praktiske opplysninger: \u00e5pningstider, priser, timeplan, kart.","og_url":"https:\/\/www.chateau-montsoreau.com\/wordpress\/nn\/praktiske-opplysninger\/","og_site_name":"Ch\u00e2teau de Montsoreau-Mus\u00e9e d&#039;Art Contemporain","article_publisher":"https:\/\/www.facebook.com\/chateaudemontsoreau\/","article_modified_time":"2020-01-27T15:32:29+00:00","og_image":[{"url":"http:\/\/www.chateau-montsoreau.com\/wordpress\/wp-content\/uploads\/2018\/10\/Telerama-Pass-art-contemporain-Ch\u00e2teau-de-Montsoreau-Mus\u00e9e-dart-contemporain-Val-de-Loire.gif","type":"","width":"","height":""}],"twitter_card":"summary_large_image","twitter_site":"@Cmontsoreau","twitter_misc":{"Dur\u00e9e de lecture estim\u00e9e":"2 minutes"},"schema":{"@context":"https:\/\/schema.org","@graph":[{"@type":"WebPage","@id":"https:\/\/www.chateau-montsoreau.com\/wordpress\/nn\/praktiske-opplysninger\/","url":"https:\/\/www.chateau-montsoreau.com\/wordpress\/nn\/praktiske-opplysninger\/","name":"Praktiske opplysninger | Ch\u00e2teau de Montsoreau-Mus\u00e9e d&#039;Art Contemporain","isPartOf":{"@id":"https:\/\/www.chateau-montsoreau.com\/wordpress\/#website"},"primaryImageOfPage":{"@id":"https:\/\/www.chateau-montsoreau.com\/wordpress\/nn\/praktiske-opplysninger\/#primaryimage"},"image":{"@id":"https:\/\/www.chateau-montsoreau.com\/wordpress\/nn\/praktiske-opplysninger\/#primaryimage"},"thumbnailUrl":"http:\/\/www.chateau-montsoreau.com\/wordpress\/wp-content\/uploads\/2020\/01\/barre-pictos-pour-site-web-12.jpg","datePublished":"2019-12-16T16:00:39+00:00","dateModified":"2020-01-27T15:32:29+00:00","description":"Praktiske opplysninger: \u00e5pningstider, priser, timeplan, kart.","breadcrumb":{"@id":"https:\/\/www.chateau-montsoreau.com\/wordpress\/nn\/praktiske-opplysninger\/#breadcrumb"},"inLanguage":"fr-FR","potentialAction":[{"@type":"ReadAction","target":["https:\/\/www.chateau-montsoreau.com\/wordpress\/nn\/praktiske-opplysninger\/"]}]},{"@type":"ImageObject","inLanguage":"fr-FR","@id":"https:\/\/www.chateau-montsoreau.com\/wordpress\/nn\/praktiske-opplysninger\/#primaryimage","url":"http:\/\/www.chateau-montsoreau.com\/wordpress\/wp-content\/uploads\/2020\/01\/barre-pictos-pour-site-web-12.jpg","contentUrl":"http:\/\/www.chateau-montsoreau.com\/wordpress\/wp-content\/uploads\/2020\/01\/barre-pictos-pour-site-web-12.jpg"},{"@type":"BreadcrumbList","@id":"https:\/\/www.chateau-montsoreau.com\/wordpress\/nn\/praktiske-opplysninger\/#breadcrumb","itemListElement":[{"@type":"ListItem","position":1,"name":"Accueil","item":"https:\/\/www.chateau-montsoreau.com\/wordpress\/fr\/"},{"@type":"ListItem","position":2,"name":"Praktiske opplysninger"}]},{"@type":"WebSite","@id":"https:\/\/www.chateau-montsoreau.com\/wordpress\/#website","url":"https:\/\/www.chateau-montsoreau.com\/wordpress\/","name":"Ch\u00e2teau de Montsoreau-Mus\u00e9e d&#039;Art Contemporain","description":"Ch\u00e2teaux de la Loire Art Contemporain Art Conceptuel","publisher":{"@id":"https:\/\/www.chateau-montsoreau.com\/wordpress\/#organization"},"potentialAction":[{"@type":"SearchAction","target":{"@type":"EntryPoint","urlTemplate":"https:\/\/www.chateau-montsoreau.com\/wordpress\/?s={search_term_string}"},"query-input":{"@type":"PropertyValueSpecification","valueRequired":true,"valueName":"search_term_string"}}],"inLanguage":"fr-FR"},{"@type":"Organization","@id":"https:\/\/www.chateau-montsoreau.com\/wordpress\/#organization","name":"Ch\u00e2teau de Montsoreau - Mus\u00e9e d'art contemporain","url":"https:\/\/www.chateau-montsoreau.com\/wordpress\/","logo":{"@type":"ImageObject","inLanguage":"fr-FR","@id":"https:\/\/www.chateau-montsoreau.com\/wordpress\/#\/schema\/logo\/image\/","url":"https:\/\/www.chateau-montsoreau.com\/wordpress\/wp-content\/uploads\/2016\/03\/Logo-Montsoreau-tout-petit-1.png","contentUrl":"https:\/\/www.chateau-montsoreau.com\/wordpress\/wp-content\/uploads\/2016\/03\/Logo-Montsoreau-tout-petit-1.png","width":133,"height":133,"caption":"Ch\u00e2teau de Montsoreau - Mus\u00e9e d'art contemporain"},"image":{"@id":"https:\/\/www.chateau-montsoreau.com\/wordpress\/#\/schema\/logo\/image\/"},"sameAs":["https:\/\/www.facebook.com\/chateaudemontsoreau\/","https:\/\/x.com\/Cmontsoreau","https:\/\/www.instagram.com\/chateaudemontsoreau\/","http:\/\/www.pinterest.com\/Cmontsoreau"]}]}},"_links":{"self":[{"href":"https:\/\/www.chateau-montsoreau.com\/wordpress\/wp-json\/wp\/v2\/pages\/7542","targetHints":{"allow":["GET"]}}],"collection":[{"href":"https:\/\/www.chateau-montsoreau.com\/wordpress\/wp-json\/wp\/v2\/pages"}],"about":[{"href":"https:\/\/www.chateau-montsoreau.com\/wordpress\/wp-json\/wp\/v2\/types\/page"}],"author":[{"embeddable":true,"href":"https:\/\/www.chateau-montsoreau.com\/wordpress\/wp-json\/wp\/v2\/users\/5"}],"replies":[{"embeddable":true,"href":"https:\/\/www.chateau-montsoreau.com\/wordpress\/wp-json\/wp\/v2\/comments?post=7542"}],"version-history":[{"count":7,"href":"https:\/\/www.chateau-montsoreau.com\/wordpress\/wp-json\/wp\/v2\/pages\/7542\/revisions"}],"predecessor-version":[{"id":7902,"href":"https:\/\/www.chateau-montsoreau.com\/wordpress\/wp-json\/wp\/v2\/pages\/7542\/revisions\/7902"}],"wp:attachment":[{"href":"https:\/\/www.chateau-montsoreau.com\/wordpress\/wp-json\/wp\/v2\/media?parent=7542"}],"curies":[{"name":"wp","href":"https:\/\/api.w.org\/{rel}","templated":true}]}}