{"id":7656,"date":"2019-12-30T18:56:35","date_gmt":"2019-12-30T17:56:35","guid":{"rendered":"http:\/\/www.chateau-montsoreau.com\/wordpress\/?page_id=7656"},"modified":"2022-02-22T14:41:41","modified_gmt":"2022-02-22T13:41:41","slug":"eintrittskarten-kaufen","status":"publish","type":"page","link":"https:\/\/www.chateau-montsoreau.com\/wordpress\/de\/eintrittskarten-kaufen\/","title":{"rendered":"Eine Eintrittskarte kaufen"},"content":{"rendered":"\n<p>&lt;script type=\u00a0\u00bbtext\/javascript\u00a0\u00bb src=\u00a0\u00bb\/\/<a href=\"http:\/\/gadget.open-system.fr\/widgets-libs\/rel\/noyau-1.0.min.js\">gadget.open-system.fr\/widgets-libs\/rel\/noyau-1.0.min.js<\/a>\u00ab\u00a0&gt;&lt;\/script&gt;<br>&lt;script type=\u00a0\u00bbtext\/javascript\u00a0\u00bb&gt;<br>( function() {<br>var widgetProduit = AllianceReseaux.Widget.Instance( \u00ab\u00a0Produit\u00a0\u00bb, { idPanier:\u00a0\u00bb8x3y8_M\u00a0\u00bb, idIntegration:946, langue:\u00a0\u00bbfr\u00a0\u00bb, ui:\u00a0\u00bbCF-OPBI-101145&Prime; } );<br>widgetProduit.Initialise();<br>})();<br>&lt;\/script&gt;<\/p>\n\n\n\n<p>&lt;div id=\u00a0\u00bbwidget-produit-CF-OPBI-101145&Prime;&gt;&lt;\/div&gt;<\/p>\n\n\n\n<p><\/p>\n\n\n<p><script type=\"text\/javascript\" src=\"\/\/gadget.open-system.fr\/widgets-libs\/rel\/noyau-1.0.min.js\"><\/script><br>\n<script type=\"text\/javascript\"><br \/>\n( function() {<br \/>\n\tvar widgetProduit = AllianceReseaux.Widget.Instance( \"Produit\", { idPanier:\"8x3y8_M\", idIntegration:946, langue:\"de\", ui:\"CF-OPBI-101145\" } );<br \/>\n\twidgetProduit.Initialise();<br \/>\n})();<br \/>\n<\/script><\/p>\n<div id=\"widget-produit-CF-OPBI-101145\"><\/div>\n\n\n<p><\/p>\n","protected":false},"excerpt":{"rendered":"<p>&lt;script type=\u00a0\u00bbtext\/javascript\u00a0\u00bb src=\u00a0\u00bb\/\/gadget.open-system.fr\/widgets-libs\/rel\/noyau-1.0.min.js\u00ab\u00a0&gt;&lt;\/script&gt;&lt;script type=\u00a0\u00bbtext\/javascript\u00a0\u00bb&gt;( function() {var widgetProduit = AllianceReseaux.Widget.Instance( \u00ab\u00a0Produit\u00a0\u00bb, { idPanier:\u00a0\u00bb8x3y8_M\u00a0\u00bb, idIntegration:946, langue:\u00a0\u00bbfr\u00a0\u00bb, ui:\u00a0\u00bbCF-OPBI-101145&Prime; } );widgetProduit.Initialise();})();&lt;\/script&gt; &lt;div id=\u00a0\u00bbwidget-produit-CF-OPBI-101145&Prime;&gt;&lt;\/div&gt;<\/p>\n","protected":false},"author":5,"featured_media":0,"parent":0,"menu_order":0,"comment_status":"closed","ping_status":"closed","template":"","meta":{"footnotes":""},"class_list":["post-7656","page","type-page","status-publish","hentry"],"yoast_head":"<!-- This site is optimized with the Yoast SEO plugin v27.3 - https:\/\/yoast.com\/product\/yoast-seo-wordpress\/ -->\n<title>Eine Eintrittskarte kaufen | Ch\u00e2teau de Montsoreau-Mus\u00e9e d&#039;Art Contemporain<\/title>\n<meta name=\"robots\" content=\"index, follow, max-snippet:-1, max-image-preview:large, max-video-preview:-1\" \/>\n<link rel=\"canonical\" href=\"https:\/\/www.chateau-montsoreau.com\/wordpress\/de\/eintrittskarten-kaufen\/\" \/>\n<meta property=\"og:locale\" content=\"fr_FR\" \/>\n<meta property=\"og:type\" content=\"article\" \/>\n<meta property=\"og:title\" content=\"Eine Eintrittskarte kaufen | Ch\u00e2teau de Montsoreau-Mus\u00e9e d&#039;Art Contemporain\" \/>\n<meta property=\"og:description\" content=\"&lt;script type=\u00a0\u00bbtext\/javascript\u00a0\u00bb src=\u00a0\u00bb\/\/gadget.open-system.fr\/widgets-libs\/rel\/noyau-1.0.min.js\u00ab\u00a0&gt;&lt;\/script&gt;&lt;script type=\u00a0\u00bbtext\/javascript\u00a0\u00bb&gt;( function() {var widgetProduit = AllianceReseaux.Widget.Instance( \u00ab\u00a0Produit\u00a0\u00bb, { idPanier:\u00a0\u00bb8x3y8_M\u00a0\u00bb, idIntegration:946, langue:\u00a0\u00bbfr\u00a0\u00bb, ui:\u00a0\u00bbCF-OPBI-101145&Prime; } );widgetProduit.Initialise();})();&lt;\/script&gt; &lt;div id=\u00a0\u00bbwidget-produit-CF-OPBI-101145&Prime;&gt;&lt;\/div&gt;\" \/>\n<meta property=\"og:url\" content=\"https:\/\/www.chateau-montsoreau.com\/wordpress\/de\/eintrittskarten-kaufen\/\" \/>\n<meta property=\"og:site_name\" content=\"Ch\u00e2teau de Montsoreau-Mus\u00e9e d&#039;Art Contemporain\" \/>\n<meta property=\"article:publisher\" content=\"https:\/\/www.facebook.com\/chateaudemontsoreau\/\" \/>\n<meta property=\"article:modified_time\" content=\"2022-02-22T13:41:41+00:00\" \/>\n<meta name=\"twitter:card\" content=\"summary_large_image\" \/>\n<meta name=\"twitter:site\" content=\"@Cmontsoreau\" \/>\n<meta name=\"twitter:label1\" content=\"Dur\u00e9e de lecture estim\u00e9e\" \/>\n\t<meta name=\"twitter:data1\" content=\"1 minute\" \/>\n<script type=\"application\/ld+json\" class=\"yoast-schema-graph\">{\"@context\":\"https:\\\/\\\/schema.org\",\"@graph\":[{\"@type\":\"WebPage\",\"@id\":\"https:\\\/\\\/www.chateau-montsoreau.com\\\/wordpress\\\/de\\\/eintrittskarten-kaufen\\\/\",\"url\":\"https:\\\/\\\/www.chateau-montsoreau.com\\\/wordpress\\\/de\\\/eintrittskarten-kaufen\\\/\",\"name\":\"Eine Eintrittskarte kaufen | Ch\u00e2teau de Montsoreau-Mus\u00e9e d&#039;Art Contemporain\",\"isPartOf\":{\"@id\":\"https:\\\/\\\/www.chateau-montsoreau.com\\\/wordpress\\\/#website\"},\"datePublished\":\"2019-12-30T17:56:35+00:00\",\"dateModified\":\"2022-02-22T13:41:41+00:00\",\"breadcrumb\":{\"@id\":\"https:\\\/\\\/www.chateau-montsoreau.com\\\/wordpress\\\/de\\\/eintrittskarten-kaufen\\\/#breadcrumb\"},\"inLanguage\":\"fr-FR\",\"potentialAction\":[{\"@type\":\"ReadAction\",\"target\":[\"https:\\\/\\\/www.chateau-montsoreau.com\\\/wordpress\\\/de\\\/eintrittskarten-kaufen\\\/\"]}]},{\"@type\":\"BreadcrumbList\",\"@id\":\"https:\\\/\\\/www.chateau-montsoreau.com\\\/wordpress\\\/de\\\/eintrittskarten-kaufen\\\/#breadcrumb\",\"itemListElement\":[{\"@type\":\"ListItem\",\"position\":1,\"name\":\"Accueil\",\"item\":\"https:\\\/\\\/www.chateau-montsoreau.com\\\/wordpress\\\/fr\\\/\"},{\"@type\":\"ListItem\",\"position\":2,\"name\":\"Eine Eintrittskarte kaufen\"}]},{\"@type\":\"WebSite\",\"@id\":\"https:\\\/\\\/www.chateau-montsoreau.com\\\/wordpress\\\/#website\",\"url\":\"https:\\\/\\\/www.chateau-montsoreau.com\\\/wordpress\\\/\",\"name\":\"Ch\u00e2teau de Montsoreau-Mus\u00e9e d&#039;Art Contemporain\",\"description\":\"Ch\u00e2teaux de la Loire Art Contemporain Art Conceptuel\",\"publisher\":{\"@id\":\"https:\\\/\\\/www.chateau-montsoreau.com\\\/wordpress\\\/#organization\"},\"potentialAction\":[{\"@type\":\"SearchAction\",\"target\":{\"@type\":\"EntryPoint\",\"urlTemplate\":\"https:\\\/\\\/www.chateau-montsoreau.com\\\/wordpress\\\/?s={search_term_string}\"},\"query-input\":{\"@type\":\"PropertyValueSpecification\",\"valueRequired\":true,\"valueName\":\"search_term_string\"}}],\"inLanguage\":\"fr-FR\"},{\"@type\":\"Organization\",\"@id\":\"https:\\\/\\\/www.chateau-montsoreau.com\\\/wordpress\\\/#organization\",\"name\":\"Ch\u00e2teau de Montsoreau - Mus\u00e9e d'art contemporain\",\"url\":\"https:\\\/\\\/www.chateau-montsoreau.com\\\/wordpress\\\/\",\"logo\":{\"@type\":\"ImageObject\",\"inLanguage\":\"fr-FR\",\"@id\":\"https:\\\/\\\/www.chateau-montsoreau.com\\\/wordpress\\\/#\\\/schema\\\/logo\\\/image\\\/\",\"url\":\"https:\\\/\\\/www.chateau-montsoreau.com\\\/wordpress\\\/wp-content\\\/uploads\\\/2016\\\/03\\\/Logo-Montsoreau-tout-petit-1.png\",\"contentUrl\":\"https:\\\/\\\/www.chateau-montsoreau.com\\\/wordpress\\\/wp-content\\\/uploads\\\/2016\\\/03\\\/Logo-Montsoreau-tout-petit-1.png\",\"width\":133,\"height\":133,\"caption\":\"Ch\u00e2teau de Montsoreau - Mus\u00e9e d'art contemporain\"},\"image\":{\"@id\":\"https:\\\/\\\/www.chateau-montsoreau.com\\\/wordpress\\\/#\\\/schema\\\/logo\\\/image\\\/\"},\"sameAs\":[\"https:\\\/\\\/www.facebook.com\\\/chateaudemontsoreau\\\/\",\"https:\\\/\\\/x.com\\\/Cmontsoreau\",\"https:\\\/\\\/www.instagram.com\\\/chateaudemontsoreau\\\/\",\"http:\\\/\\\/www.pinterest.com\\\/Cmontsoreau\"]}]}<\/script>\n<!-- \/ Yoast SEO plugin. -->","yoast_head_json":{"title":"Eine Eintrittskarte kaufen | Ch\u00e2teau de Montsoreau-Mus\u00e9e d&#039;Art Contemporain","robots":{"index":"index","follow":"follow","max-snippet":"max-snippet:-1","max-image-preview":"max-image-preview:large","max-video-preview":"max-video-preview:-1"},"canonical":"https:\/\/www.chateau-montsoreau.com\/wordpress\/de\/eintrittskarten-kaufen\/","og_locale":"fr_FR","og_type":"article","og_title":"Eine Eintrittskarte kaufen | Ch\u00e2teau de Montsoreau-Mus\u00e9e d&#039;Art Contemporain","og_description":"&lt;script type=\u00a0\u00bbtext\/javascript\u00a0\u00bb src=\u00a0\u00bb\/\/gadget.open-system.fr\/widgets-libs\/rel\/noyau-1.0.min.js\u00ab\u00a0&gt;&lt;\/script&gt;&lt;script type=\u00a0\u00bbtext\/javascript\u00a0\u00bb&gt;( function() {var widgetProduit = AllianceReseaux.Widget.Instance( \u00ab\u00a0Produit\u00a0\u00bb, { idPanier:\u00a0\u00bb8x3y8_M\u00a0\u00bb, idIntegration:946, langue:\u00a0\u00bbfr\u00a0\u00bb, ui:\u00a0\u00bbCF-OPBI-101145&Prime; } );widgetProduit.Initialise();})();&lt;\/script&gt; &lt;div id=\u00a0\u00bbwidget-produit-CF-OPBI-101145&Prime;&gt;&lt;\/div&gt;","og_url":"https:\/\/www.chateau-montsoreau.com\/wordpress\/de\/eintrittskarten-kaufen\/","og_site_name":"Ch\u00e2teau de Montsoreau-Mus\u00e9e d&#039;Art Contemporain","article_publisher":"https:\/\/www.facebook.com\/chateaudemontsoreau\/","article_modified_time":"2022-02-22T13:41:41+00:00","twitter_card":"summary_large_image","twitter_site":"@Cmontsoreau","twitter_misc":{"Dur\u00e9e de lecture estim\u00e9e":"1 minute"},"schema":{"@context":"https:\/\/schema.org","@graph":[{"@type":"WebPage","@id":"https:\/\/www.chateau-montsoreau.com\/wordpress\/de\/eintrittskarten-kaufen\/","url":"https:\/\/www.chateau-montsoreau.com\/wordpress\/de\/eintrittskarten-kaufen\/","name":"Eine Eintrittskarte kaufen | Ch\u00e2teau de Montsoreau-Mus\u00e9e d&#039;Art Contemporain","isPartOf":{"@id":"https:\/\/www.chateau-montsoreau.com\/wordpress\/#website"},"datePublished":"2019-12-30T17:56:35+00:00","dateModified":"2022-02-22T13:41:41+00:00","breadcrumb":{"@id":"https:\/\/www.chateau-montsoreau.com\/wordpress\/de\/eintrittskarten-kaufen\/#breadcrumb"},"inLanguage":"fr-FR","potentialAction":[{"@type":"ReadAction","target":["https:\/\/www.chateau-montsoreau.com\/wordpress\/de\/eintrittskarten-kaufen\/"]}]},{"@type":"BreadcrumbList","@id":"https:\/\/www.chateau-montsoreau.com\/wordpress\/de\/eintrittskarten-kaufen\/#breadcrumb","itemListElement":[{"@type":"ListItem","position":1,"name":"Accueil","item":"https:\/\/www.chateau-montsoreau.com\/wordpress\/fr\/"},{"@type":"ListItem","position":2,"name":"Eine Eintrittskarte kaufen"}]},{"@type":"WebSite","@id":"https:\/\/www.chateau-montsoreau.com\/wordpress\/#website","url":"https:\/\/www.chateau-montsoreau.com\/wordpress\/","name":"Ch\u00e2teau de Montsoreau-Mus\u00e9e d&#039;Art Contemporain","description":"Ch\u00e2teaux de la Loire Art Contemporain Art Conceptuel","publisher":{"@id":"https:\/\/www.chateau-montsoreau.com\/wordpress\/#organization"},"potentialAction":[{"@type":"SearchAction","target":{"@type":"EntryPoint","urlTemplate":"https:\/\/www.chateau-montsoreau.com\/wordpress\/?s={search_term_string}"},"query-input":{"@type":"PropertyValueSpecification","valueRequired":true,"valueName":"search_term_string"}}],"inLanguage":"fr-FR"},{"@type":"Organization","@id":"https:\/\/www.chateau-montsoreau.com\/wordpress\/#organization","name":"Ch\u00e2teau de Montsoreau - Mus\u00e9e d'art contemporain","url":"https:\/\/www.chateau-montsoreau.com\/wordpress\/","logo":{"@type":"ImageObject","inLanguage":"fr-FR","@id":"https:\/\/www.chateau-montsoreau.com\/wordpress\/#\/schema\/logo\/image\/","url":"https:\/\/www.chateau-montsoreau.com\/wordpress\/wp-content\/uploads\/2016\/03\/Logo-Montsoreau-tout-petit-1.png","contentUrl":"https:\/\/www.chateau-montsoreau.com\/wordpress\/wp-content\/uploads\/2016\/03\/Logo-Montsoreau-tout-petit-1.png","width":133,"height":133,"caption":"Ch\u00e2teau de Montsoreau - Mus\u00e9e d'art contemporain"},"image":{"@id":"https:\/\/www.chateau-montsoreau.com\/wordpress\/#\/schema\/logo\/image\/"},"sameAs":["https:\/\/www.facebook.com\/chateaudemontsoreau\/","https:\/\/x.com\/Cmontsoreau","https:\/\/www.instagram.com\/chateaudemontsoreau\/","http:\/\/www.pinterest.com\/Cmontsoreau"]}]}},"_links":{"self":[{"href":"https:\/\/www.chateau-montsoreau.com\/wordpress\/wp-json\/wp\/v2\/pages\/7656","targetHints":{"allow":["GET"]}}],"collection":[{"href":"https:\/\/www.chateau-montsoreau.com\/wordpress\/wp-json\/wp\/v2\/pages"}],"about":[{"href":"https:\/\/www.chateau-montsoreau.com\/wordpress\/wp-json\/wp\/v2\/types\/page"}],"author":[{"embeddable":true,"href":"https:\/\/www.chateau-montsoreau.com\/wordpress\/wp-json\/wp\/v2\/users\/5"}],"replies":[{"embeddable":true,"href":"https:\/\/www.chateau-montsoreau.com\/wordpress\/wp-json\/wp\/v2\/comments?post=7656"}],"version-history":[{"count":11,"href":"https:\/\/www.chateau-montsoreau.com\/wordpress\/wp-json\/wp\/v2\/pages\/7656\/revisions"}],"predecessor-version":[{"id":8408,"href":"https:\/\/www.chateau-montsoreau.com\/wordpress\/wp-json\/wp\/v2\/pages\/7656\/revisions\/8408"}],"wp:attachment":[{"href":"https:\/\/www.chateau-montsoreau.com\/wordpress\/wp-json\/wp\/v2\/media?parent=7656"}],"curies":[{"name":"wp","href":"https:\/\/api.w.org\/{rel}","templated":true}]}}