{"id":7668,"date":"2019-12-30T19:14:46","date_gmt":"2019-12-30T18:14:46","guid":{"rendered":"http:\/\/www.chateau-montsoreau.com\/wordpress\/?page_id=7668"},"modified":"2020-02-19T14:19:25","modified_gmt":"2020-02-19T13:19:25","slug":"%e4%b9%b0%e4%b8%80%e5%bc%a0%e7%a5%a8","status":"publish","type":"page","link":"https:\/\/www.chateau-montsoreau.com\/wordpress\/zh\/%e4%b9%b0%e4%b8%80%e5%bc%a0%e7%a5%a8\/","title":{"rendered":"\u4e70\u4e00\u5f20\u7968"},"content":{"rendered":"<p><script type=\"text\/javascript\" src=\"\/\/gadget.open-system.fr\/widgets-libs\/rel\/noyau-1.0.min.js\"><\/script><br \/>\n<script type=\"text\/javascript\"><br \/>\n( function() {<br \/>\n\tvar widgetProduit = AllianceReseaux.Widget.Instance( \"Produit\", { idPanier:\"8x3y8_M\", idIntegration:946, langue:\"uk\", ui:\"CF-OPBI-101145\" } );<br \/>\n\twidgetProduit.Initialise();<br \/>\n})();<br \/>\n<\/script><\/p>\n<div id=\"widget-produit-CF-OPBI-101145\"><\/div>\n","protected":false},"excerpt":{"rendered":"","protected":false},"author":5,"featured_media":0,"parent":0,"menu_order":0,"comment_status":"closed","ping_status":"closed","template":"","meta":{"footnotes":""},"class_list":["post-7668","page","type-page","status-publish","hentry"],"yoast_head":"<!-- This site is optimized with the Yoast SEO plugin v27.3 - https:\/\/yoast.com\/product\/yoast-seo-wordpress\/ -->\n<title>\u4e70\u4e00\u5f20\u7968 | Ch\u00e2teau de Montsoreau-Mus\u00e9e d&#039;Art Contemporain<\/title>\n<meta name=\"description\" content=\"\u5f53\u4ee3\u827a\u672f\u535a\u7269\u9986_(\u8499\u7d22\u7f57\u57ce\u5821) : \u8d2d\u7968\u5165\u53e3\" \/>\n<meta name=\"robots\" content=\"index, follow, max-snippet:-1, max-image-preview:large, max-video-preview:-1\" \/>\n<link rel=\"canonical\" href=\"https:\/\/www.chateau-montsoreau.com\/wordpress\/zh\/\u4e70\u4e00\u5f20\u7968\/\" \/>\n<meta property=\"og:locale\" content=\"fr_FR\" \/>\n<meta property=\"og:type\" content=\"article\" \/>\n<meta property=\"og:title\" content=\"\u4e70\u4e00\u5f20\u7968 | Ch\u00e2teau de Montsoreau-Mus\u00e9e d&#039;Art Contemporain\" \/>\n<meta property=\"og:description\" content=\"\u5f53\u4ee3\u827a\u672f\u535a\u7269\u9986_(\u8499\u7d22\u7f57\u57ce\u5821) : \u8d2d\u7968\u5165\u53e3\" \/>\n<meta property=\"og:url\" content=\"https:\/\/www.chateau-montsoreau.com\/wordpress\/zh\/\u4e70\u4e00\u5f20\u7968\/\" \/>\n<meta property=\"og:site_name\" content=\"Ch\u00e2teau de Montsoreau-Mus\u00e9e d&#039;Art Contemporain\" \/>\n<meta property=\"article:publisher\" content=\"https:\/\/www.facebook.com\/chateaudemontsoreau\/\" \/>\n<meta property=\"article:modified_time\" content=\"2020-02-19T13:19:25+00:00\" \/>\n<meta name=\"twitter:card\" content=\"summary_large_image\" \/>\n<meta name=\"twitter:site\" content=\"@Cmontsoreau\" \/>\n<script type=\"application\/ld+json\" class=\"yoast-schema-graph\">{\"@context\":\"https:\\\/\\\/schema.org\",\"@graph\":[{\"@type\":\"WebPage\",\"@id\":\"https:\\\/\\\/www.chateau-montsoreau.com\\\/wordpress\\\/zh\\\/%e4%b9%b0%e4%b8%80%e5%bc%a0%e7%a5%a8\\\/\",\"url\":\"https:\\\/\\\/www.chateau-montsoreau.com\\\/wordpress\\\/zh\\\/%e4%b9%b0%e4%b8%80%e5%bc%a0%e7%a5%a8\\\/\",\"name\":\"\u4e70\u4e00\u5f20\u7968 | Ch\u00e2teau de Montsoreau-Mus\u00e9e d&#039;Art Contemporain\",\"isPartOf\":{\"@id\":\"https:\\\/\\\/www.chateau-montsoreau.com\\\/wordpress\\\/#website\"},\"datePublished\":\"2019-12-30T18:14:46+00:00\",\"dateModified\":\"2020-02-19T13:19:25+00:00\",\"description\":\"\u5f53\u4ee3\u827a\u672f\u535a\u7269\u9986_(\u8499\u7d22\u7f57\u57ce\u5821) : \u8d2d\u7968\u5165\u53e3\",\"breadcrumb\":{\"@id\":\"https:\\\/\\\/www.chateau-montsoreau.com\\\/wordpress\\\/zh\\\/%e4%b9%b0%e4%b8%80%e5%bc%a0%e7%a5%a8\\\/#breadcrumb\"},\"inLanguage\":\"fr-FR\",\"potentialAction\":[{\"@type\":\"ReadAction\",\"target\":[\"https:\\\/\\\/www.chateau-montsoreau.com\\\/wordpress\\\/zh\\\/%e4%b9%b0%e4%b8%80%e5%bc%a0%e7%a5%a8\\\/\"]}]},{\"@type\":\"BreadcrumbList\",\"@id\":\"https:\\\/\\\/www.chateau-montsoreau.com\\\/wordpress\\\/zh\\\/%e4%b9%b0%e4%b8%80%e5%bc%a0%e7%a5%a8\\\/#breadcrumb\",\"itemListElement\":[{\"@type\":\"ListItem\",\"position\":1,\"name\":\"Accueil\",\"item\":\"https:\\\/\\\/www.chateau-montsoreau.com\\\/wordpress\\\/fr\\\/\"},{\"@type\":\"ListItem\",\"position\":2,\"name\":\"\u4e70\u4e00\u5f20\u7968\"}]},{\"@type\":\"WebSite\",\"@id\":\"https:\\\/\\\/www.chateau-montsoreau.com\\\/wordpress\\\/#website\",\"url\":\"https:\\\/\\\/www.chateau-montsoreau.com\\\/wordpress\\\/\",\"name\":\"Ch\u00e2teau de Montsoreau-Mus\u00e9e d&#039;Art Contemporain\",\"description\":\"Ch\u00e2teaux de la Loire Art Contemporain Art Conceptuel\",\"publisher\":{\"@id\":\"https:\\\/\\\/www.chateau-montsoreau.com\\\/wordpress\\\/#organization\"},\"potentialAction\":[{\"@type\":\"SearchAction\",\"target\":{\"@type\":\"EntryPoint\",\"urlTemplate\":\"https:\\\/\\\/www.chateau-montsoreau.com\\\/wordpress\\\/?s={search_term_string}\"},\"query-input\":{\"@type\":\"PropertyValueSpecification\",\"valueRequired\":true,\"valueName\":\"search_term_string\"}}],\"inLanguage\":\"fr-FR\"},{\"@type\":\"Organization\",\"@id\":\"https:\\\/\\\/www.chateau-montsoreau.com\\\/wordpress\\\/#organization\",\"name\":\"Ch\u00e2teau de Montsoreau - Mus\u00e9e d'art contemporain\",\"url\":\"https:\\\/\\\/www.chateau-montsoreau.com\\\/wordpress\\\/\",\"logo\":{\"@type\":\"ImageObject\",\"inLanguage\":\"fr-FR\",\"@id\":\"https:\\\/\\\/www.chateau-montsoreau.com\\\/wordpress\\\/#\\\/schema\\\/logo\\\/image\\\/\",\"url\":\"https:\\\/\\\/www.chateau-montsoreau.com\\\/wordpress\\\/wp-content\\\/uploads\\\/2016\\\/03\\\/Logo-Montsoreau-tout-petit-1.png\",\"contentUrl\":\"https:\\\/\\\/www.chateau-montsoreau.com\\\/wordpress\\\/wp-content\\\/uploads\\\/2016\\\/03\\\/Logo-Montsoreau-tout-petit-1.png\",\"width\":133,\"height\":133,\"caption\":\"Ch\u00e2teau de Montsoreau - Mus\u00e9e d'art contemporain\"},\"image\":{\"@id\":\"https:\\\/\\\/www.chateau-montsoreau.com\\\/wordpress\\\/#\\\/schema\\\/logo\\\/image\\\/\"},\"sameAs\":[\"https:\\\/\\\/www.facebook.com\\\/chateaudemontsoreau\\\/\",\"https:\\\/\\\/x.com\\\/Cmontsoreau\",\"https:\\\/\\\/www.instagram.com\\\/chateaudemontsoreau\\\/\",\"http:\\\/\\\/www.pinterest.com\\\/Cmontsoreau\"]}]}<\/script>\n<!-- \/ Yoast SEO plugin. -->","yoast_head_json":{"title":"\u4e70\u4e00\u5f20\u7968 | Ch\u00e2teau de Montsoreau-Mus\u00e9e d&#039;Art Contemporain","description":"\u5f53\u4ee3\u827a\u672f\u535a\u7269\u9986_(\u8499\u7d22\u7f57\u57ce\u5821) : \u8d2d\u7968\u5165\u53e3","robots":{"index":"index","follow":"follow","max-snippet":"max-snippet:-1","max-image-preview":"max-image-preview:large","max-video-preview":"max-video-preview:-1"},"canonical":"https:\/\/www.chateau-montsoreau.com\/wordpress\/zh\/\u4e70\u4e00\u5f20\u7968\/","og_locale":"fr_FR","og_type":"article","og_title":"\u4e70\u4e00\u5f20\u7968 | Ch\u00e2teau de Montsoreau-Mus\u00e9e d&#039;Art Contemporain","og_description":"\u5f53\u4ee3\u827a\u672f\u535a\u7269\u9986_(\u8499\u7d22\u7f57\u57ce\u5821) : \u8d2d\u7968\u5165\u53e3","og_url":"https:\/\/www.chateau-montsoreau.com\/wordpress\/zh\/\u4e70\u4e00\u5f20\u7968\/","og_site_name":"Ch\u00e2teau de Montsoreau-Mus\u00e9e d&#039;Art Contemporain","article_publisher":"https:\/\/www.facebook.com\/chateaudemontsoreau\/","article_modified_time":"2020-02-19T13:19:25+00:00","twitter_card":"summary_large_image","twitter_site":"@Cmontsoreau","schema":{"@context":"https:\/\/schema.org","@graph":[{"@type":"WebPage","@id":"https:\/\/www.chateau-montsoreau.com\/wordpress\/zh\/%e4%b9%b0%e4%b8%80%e5%bc%a0%e7%a5%a8\/","url":"https:\/\/www.chateau-montsoreau.com\/wordpress\/zh\/%e4%b9%b0%e4%b8%80%e5%bc%a0%e7%a5%a8\/","name":"\u4e70\u4e00\u5f20\u7968 | Ch\u00e2teau de Montsoreau-Mus\u00e9e d&#039;Art Contemporain","isPartOf":{"@id":"https:\/\/www.chateau-montsoreau.com\/wordpress\/#website"},"datePublished":"2019-12-30T18:14:46+00:00","dateModified":"2020-02-19T13:19:25+00:00","description":"\u5f53\u4ee3\u827a\u672f\u535a\u7269\u9986_(\u8499\u7d22\u7f57\u57ce\u5821) : \u8d2d\u7968\u5165\u53e3","breadcrumb":{"@id":"https:\/\/www.chateau-montsoreau.com\/wordpress\/zh\/%e4%b9%b0%e4%b8%80%e5%bc%a0%e7%a5%a8\/#breadcrumb"},"inLanguage":"fr-FR","potentialAction":[{"@type":"ReadAction","target":["https:\/\/www.chateau-montsoreau.com\/wordpress\/zh\/%e4%b9%b0%e4%b8%80%e5%bc%a0%e7%a5%a8\/"]}]},{"@type":"BreadcrumbList","@id":"https:\/\/www.chateau-montsoreau.com\/wordpress\/zh\/%e4%b9%b0%e4%b8%80%e5%bc%a0%e7%a5%a8\/#breadcrumb","itemListElement":[{"@type":"ListItem","position":1,"name":"Accueil","item":"https:\/\/www.chateau-montsoreau.com\/wordpress\/fr\/"},{"@type":"ListItem","position":2,"name":"\u4e70\u4e00\u5f20\u7968"}]},{"@type":"WebSite","@id":"https:\/\/www.chateau-montsoreau.com\/wordpress\/#website","url":"https:\/\/www.chateau-montsoreau.com\/wordpress\/","name":"Ch\u00e2teau de Montsoreau-Mus\u00e9e d&#039;Art Contemporain","description":"Ch\u00e2teaux de la Loire Art Contemporain Art Conceptuel","publisher":{"@id":"https:\/\/www.chateau-montsoreau.com\/wordpress\/#organization"},"potentialAction":[{"@type":"SearchAction","target":{"@type":"EntryPoint","urlTemplate":"https:\/\/www.chateau-montsoreau.com\/wordpress\/?s={search_term_string}"},"query-input":{"@type":"PropertyValueSpecification","valueRequired":true,"valueName":"search_term_string"}}],"inLanguage":"fr-FR"},{"@type":"Organization","@id":"https:\/\/www.chateau-montsoreau.com\/wordpress\/#organization","name":"Ch\u00e2teau de Montsoreau - Mus\u00e9e d'art contemporain","url":"https:\/\/www.chateau-montsoreau.com\/wordpress\/","logo":{"@type":"ImageObject","inLanguage":"fr-FR","@id":"https:\/\/www.chateau-montsoreau.com\/wordpress\/#\/schema\/logo\/image\/","url":"https:\/\/www.chateau-montsoreau.com\/wordpress\/wp-content\/uploads\/2016\/03\/Logo-Montsoreau-tout-petit-1.png","contentUrl":"https:\/\/www.chateau-montsoreau.com\/wordpress\/wp-content\/uploads\/2016\/03\/Logo-Montsoreau-tout-petit-1.png","width":133,"height":133,"caption":"Ch\u00e2teau de Montsoreau - Mus\u00e9e d'art contemporain"},"image":{"@id":"https:\/\/www.chateau-montsoreau.com\/wordpress\/#\/schema\/logo\/image\/"},"sameAs":["https:\/\/www.facebook.com\/chateaudemontsoreau\/","https:\/\/x.com\/Cmontsoreau","https:\/\/www.instagram.com\/chateaudemontsoreau\/","http:\/\/www.pinterest.com\/Cmontsoreau"]}]}},"_links":{"self":[{"href":"https:\/\/www.chateau-montsoreau.com\/wordpress\/wp-json\/wp\/v2\/pages\/7668","targetHints":{"allow":["GET"]}}],"collection":[{"href":"https:\/\/www.chateau-montsoreau.com\/wordpress\/wp-json\/wp\/v2\/pages"}],"about":[{"href":"https:\/\/www.chateau-montsoreau.com\/wordpress\/wp-json\/wp\/v2\/types\/page"}],"author":[{"embeddable":true,"href":"https:\/\/www.chateau-montsoreau.com\/wordpress\/wp-json\/wp\/v2\/users\/5"}],"replies":[{"embeddable":true,"href":"https:\/\/www.chateau-montsoreau.com\/wordpress\/wp-json\/wp\/v2\/comments?post=7668"}],"version-history":[{"count":2,"href":"https:\/\/www.chateau-montsoreau.com\/wordpress\/wp-json\/wp\/v2\/pages\/7668\/revisions"}],"predecessor-version":[{"id":7967,"href":"https:\/\/www.chateau-montsoreau.com\/wordpress\/wp-json\/wp\/v2\/pages\/7668\/revisions\/7967"}],"wp:attachment":[{"href":"https:\/\/www.chateau-montsoreau.com\/wordpress\/wp-json\/wp\/v2\/media?parent=7668"}],"curies":[{"name":"wp","href":"https:\/\/api.w.org\/{rel}","templated":true}]}}