{"id":7778,"date":"2020-01-13T10:55:54","date_gmt":"2020-01-13T09:55:54","guid":{"rendered":"http:\/\/www.chateau-montsoreau.com\/wordpress\/?page_id=7778"},"modified":"2024-03-10T15:49:07","modified_gmt":"2024-03-10T14:49:07","slug":"prix-francois-morellet","status":"publish","type":"page","link":"https:\/\/www.chateau-montsoreau.com\/wordpress\/fr\/prix-francois-morellet\/","title":{"rendered":"Prix Fran\u00e7ois Morellet"},"content":{"rendered":"\n<p><em>N\u00e9 en 2016 de la volont\u00e9 de Jean-Maurice Belayche, Philippe M\u00e9aille et Fran\u00e7ois Morellet, le Prix Fran\u00e7ois Morellet est le seul prix auquel Fran\u00e7ois Morellet accepta de donner son nom.<\/em><br><em>Il<\/em> <em>r\u00e9compense chaque ann\u00e9e une \u0153uvre litt\u00e9raire ou un auteur pour son engagement en faveur de l&rsquo;art contemporain. <\/em> <em>Il s&rsquo;inscrit dans le cadre d&rsquo;une collaboration entre le\u00a0Ch\u00e2teau de Montsoreau &#8211; mus\u00e9e d&rsquo;Art contemporain\u00a0et les\u00a0<a href=\"https:\/\/livreetvin.com\/\">Journ\u00e9es nationales du livre et du vin<\/a>\u00a0(Saumur). <\/em><\/p>\n\n\n\n<p><\/p>\n\n\n\n<script type=\"text\/javascript\">(function($){$(document).ready(function($){ \"use strict\";var $win = $(window),$container = $(\"#ut-portfolio-items-7781\"),columns = 4,gutter = \"on\",gutterwidth = \"\",guttersize = \"1\",$sortedItems = \"\";function ut_call_isotope( update){if( $(window).width()> 1024){columns = 4;} if( $(window).width()<= 1024){columns = 3;} if( $(window).width()<= 767){columns = 2;} if( gutter === \"on\"){$container.children().width( Math.floor($container.width()\/ columns - ( ( 20 * guttersize)* ( columns - 1)\/ columns))).addClass(\"show\");gutterwidth = 20 * guttersize;} else {$container.children().width( Math.floor($container.width()\/ columns)).addClass(\"show\");gutterwidth = 0;}$container.isotope({itemSelector : \".ut-masonry\",animationEngine : \"best-available\",resizable: false,layoutMode: \"fitRows\",masonry: { columnWidth: $container.width()\/ columns - gutterwidth },itemPositionDataEnabled: true,onLayout: function (elems, instance){$win.trigger(\"scroll\");$container.addClass(\"animated\");elems.addClass(\"animated\");}}).isotope(\"reLayout\"); }function ut_update_isotope_grid(){if( $sortedItems){$container.find(\".last\").removeClass(\"last\");var i = columns - 1;$.each($sortedItems, function(key, value){if($(this).hasClass(\"isotope-hidden\")){i++;}if(((key-i)\/ columns)==0){$(this).addClass(\"last\");i = columns+i;}});$container.isotope(\"reLayout\",function(){ $.waypoints(\"refresh\");});}}$(window).smartresize(function(){ut_call_isotope();ut_update_isotope_grid();}); $(window).load(function(){ut_call_isotope();$sortedItems = $container.data(\"isotope\").$filteredAtoms;ut_update_isotope_grid(); $(\"#ut-portfolio-menu-7781 a\").each(function( index){var searchforclass = $(this).attr(\"data-filter\");if( !$(searchforclass).length){$(this).hide();}});$(\"#ut-portfolio-menu-7781 a\").click(function(){var selector = $(this).attr(\"data-filter\");$container.isotope({ filter: selector });ut_update_isotope_grid();if ( !$(this).hasClass(\"selected\")){$(this).parents(\"#ut-portfolio-menu-7781\").find(\".selected\").removeClass(\"selected\");$(this).addClass(\"selected\");}return false;});});});}(jQuery));<\/script><div id=\"ut-loader-7781\" class=\"ut-portfolio-detail-loader\"><i class=\"fa fa-refresh fa-spin\"><\/i><\/div><div id=\"ut-portfolio-details-wrap-7781\" class=\"ut-portfolio-details-wrap clearfix\"><div id=\"ut-portfolio-details-7781\" class=\"inner ut-portfolio-details\"><div class=\"ut-portfolio-details-navigation\"><a class=\"prev-portfolio-details\" data-wrap=\"7781\" href=\"#\"><\/a><a class=\"close-portfolio-details\" data-wrap=\"7781\" href=\"#\"><\/a><a class=\"next-portfolio-details\" data-wrap=\"7781\" href=\"#\"><\/a><\/div><div id=\"ut-portfolio-detail-8787\" class=\"animated ut-portfolio-detail clearfix\" data-post=\"8787\" data-format=\"\"><div class=\"grid-80 prefix-10 mobile-grid-100 tablet-grid-80 tablet-prefix-10 ut-portfolio-media\"><img class=\"ut-portfolio-image ut-load-me ut-square\" alt=\"2024: Laurent Le Bon\" data-original=\"https:\/\/www.chateau-montsoreau.com\/wordpress\/wp-content\/uploads\/2024\/02\/DSC0197-BD-\u00a9-DIDIER-PLOWY-CENTRE-POMPIDOU-Copie.jpg\"><\/div><div class=\"grid-70 prefix-15 mobile-grid-100 tablet-grid-70 tablet-prefix-15 entry-content clearfix\"><\/div><\/div><\/div><\/div><div class=\"clear\"><\/div><div id=\"ut-portfolio-wrap\" class=\"ut-portfolio-wrap\" data-textcolor=\"#ffffff\" data-opacity=\"1\" data-hovercolor=\"221,51,51\"><a class=\"ut-portfolio-offset-anchor\" style=\"top:-120px;\" id=\"ut-portfolio-items-7781-anchor\"><\/a><div id=\"ut-portfolio-items-7781\" class=\"ut-portfolio-item-container\"><article class=\"evenements-a-venir-filt prix-francois-morellet-filt   ut-masonry gutter gutter-1 portfolio-style-one\"><div class=\"ut-portfolio-item ut-hover\"><a class=\"ut-square \" rel=\"bookmark\" title=\"2026: Jean-Pierre Raynaud\" href=\"https:\/\/www.chateau-montsoreau.com\/wordpress\/portfolio-item\/9066\/\" target=\"_self\"><figure><img loading=\"lazy\" decoding=\"async\" alt=\"2026: Jean-Pierre Raynaud\" width=\"750\" height=\"750\" src=\"https:\/\/www.chateau-montsoreau.com\/wordpress\/wp-content\/plugins\/ut-portfolio\/i\/?w=750&amp;h=750\" class=\"portfolio-lazy\"  data-original=\"https:\/\/www.chateau-montsoreau.com\/wordpress\/wp-content\/uploads\/2026\/03\/Jean-Pierre-Raynaud-750x750.jpeg\" \/><\/figure><div class=\"ut-hover-layer\"><div class=\"ut-portfolio-info\"><div class=\"ut-portfolio-info-c\"><h2 class=\"portfolio-title\">2026: Jean-Pierre Raynaud<\/h2><span>Evenements A venir, Prix Fran\u00e7ois Morellet<\/span><\/div><\/div><\/div><\/a><\/div><\/article><article class=\"prix-francois-morellet-filt   ut-masonry gutter gutter-1 portfolio-style-one\"><div class=\"ut-portfolio-item ut-hover\"><a class=\"ut-square \" rel=\"bookmark\" title=\"2023: Michel Hazanavicius\" href=\"https:\/\/www.chateau-montsoreau.com\/wordpress\/portfolio-item\/2023-michel-hazanavicius\/\" target=\"_self\"><figure><img loading=\"lazy\" decoding=\"async\" alt=\"2023: Michel Hazanavicius\" width=\"750\" height=\"750\" src=\"https:\/\/www.chateau-montsoreau.com\/wordpress\/wp-content\/plugins\/ut-portfolio\/i\/?w=750&amp;h=750\" class=\"portfolio-lazy\"  data-original=\"https:\/\/www.chateau-montsoreau.com\/wordpress\/wp-content\/uploads\/2025\/03\/Michel_Hazanavicius_Cesars_2017-750x750.jpg\" \/><\/figure><div class=\"ut-hover-layer\"><div class=\"ut-portfolio-info\"><div class=\"ut-portfolio-info-c\"><h2 class=\"portfolio-title\">2023: Michel Hazanavicius<\/h2><span>Prix Fran\u00e7ois Morellet<\/span><\/div><\/div><\/div><\/a><\/div><\/article><article class=\"prix-francois-morellet-filt   ut-masonry gutter gutter-1 portfolio-style-one\"><div class=\"ut-portfolio-item ut-hover\"><a class=\"ut-square \" rel=\"bookmark\" title=\"2025: Hans Ulrich Obrist\" href=\"https:\/\/www.chateau-montsoreau.com\/wordpress\/portfolio-item\/2025-hans-ulrich-obrist\/\" target=\"_self\"><figure><img loading=\"lazy\" decoding=\"async\" alt=\"2025: Hans Ulrich Obrist\" width=\"750\" height=\"750\" src=\"https:\/\/www.chateau-montsoreau.com\/wordpress\/wp-content\/plugins\/ut-portfolio\/i\/?w=750&amp;h=750\" class=\"portfolio-lazy\"  data-original=\"https:\/\/www.chateau-montsoreau.com\/wordpress\/wp-content\/uploads\/2025\/03\/DLD_Hans_Ulrich_Obrist_3468-1024x683-1-750x750.webp\" \/><\/figure><div class=\"ut-hover-layer\"><div class=\"ut-portfolio-info\"><div class=\"ut-portfolio-info-c\"><h2 class=\"portfolio-title\">2025: Hans Ulrich Obrist<\/h2><span>Prix Fran\u00e7ois Morellet<\/span><\/div><\/div><\/div><\/a><\/div><\/article><article class=\"prix-francois-morellet-filt  last ut-masonry gutter gutter-1 portfolio-style-one\"><div class=\"ut-portfolio-item ut-hover\"><a class=\"ut-portfolio-link ut-square \" rel=\"bookmark\" title=\"2024: Laurent Le Bon\" data-wrap=\"7781\" data-post=\"8787\" href=\"#ut-portfolio-details-wrap-7781\"><figure><img loading=\"lazy\" decoding=\"async\" alt=\"2024: Laurent Le Bon\" width=\"750\" height=\"750\" src=\"https:\/\/www.chateau-montsoreau.com\/wordpress\/wp-content\/plugins\/ut-portfolio\/i\/?w=750&amp;h=750\" class=\"portfolio-lazy\"  data-original=\"https:\/\/www.chateau-montsoreau.com\/wordpress\/wp-content\/uploads\/2024\/02\/DSC0197-BD-\u00a9-DIDIER-PLOWY-CENTRE-POMPIDOU-Copie-750x750.jpg\" \/><\/figure><div class=\"ut-hover-layer\"><div class=\"ut-portfolio-info\"><div class=\"ut-portfolio-info-c\"><h2 class=\"portfolio-title\">2024: Laurent Le Bon<\/h2><span>Prix Fran\u00e7ois Morellet<\/span><\/div><\/div><\/div><\/a><\/div><\/article><article class=\"prix-francois-morellet-filt   ut-masonry gutter gutter-1 portfolio-style-one\"><div class=\"ut-portfolio-item ut-hover\"><a class=\"ut-square \" rel=\"bookmark\" title=\"2022: Bernard Marcad\u00e9\" href=\"https:\/\/www.chateau-montsoreau.com\/wordpress\/portfolio-item\/2022-bernard-marcade\/\" target=\"_self\"><figure><img loading=\"lazy\" decoding=\"async\" alt=\"2022: Bernard Marcad\u00e9\" width=\"750\" height=\"750\" src=\"https:\/\/www.chateau-montsoreau.com\/wordpress\/wp-content\/plugins\/ut-portfolio\/i\/?w=750&amp;h=750\" class=\"portfolio-lazy\"  data-original=\"https:\/\/www.chateau-montsoreau.com\/wordpress\/wp-content\/uploads\/2022\/06\/Bernard-Roberto-MartinezBuenos-Aire2-scaled-750x750.jpg\" \/><\/figure><div class=\"ut-hover-layer\"><div class=\"ut-portfolio-info\"><div class=\"ut-portfolio-info-c\"><h2 class=\"portfolio-title\">2022: Bernard Marcad\u00e9<\/h2><span>Prix Fran\u00e7ois Morellet<\/span><\/div><\/div><\/div><\/a><\/div><\/article><article class=\"evenements-filt prix-francois-morellet-filt   ut-masonry gutter gutter-1 portfolio-style-one\"><div class=\"ut-portfolio-item ut-hover\"><a class=\"ut-square \" rel=\"bookmark\" title=\"2021: ORLAN\" href=\"https:\/\/www.chateau-montsoreau.com\/wordpress\/portfolio-item\/2021-orlan\/\" target=\"_self\"><figure><img loading=\"lazy\" decoding=\"async\" alt=\"2021: ORLAN\" width=\"750\" height=\"750\" src=\"https:\/\/www.chateau-montsoreau.com\/wordpress\/wp-content\/plugins\/ut-portfolio\/i\/?w=750&amp;h=750\" class=\"portfolio-lazy\"  data-original=\"https:\/\/www.chateau-montsoreau.com\/wordpress\/wp-content\/uploads\/2021\/03\/Diapositive1-3-750x750.jpg\" \/><\/figure><div class=\"ut-hover-layer\"><div class=\"ut-portfolio-info\"><div class=\"ut-portfolio-info-c\"><h2 class=\"portfolio-title\">2021: ORLAN<\/h2><span>\u00c9v\u00e9nements archives, Prix Fran\u00e7ois Morellet<\/span><\/div><\/div><\/div><\/a><\/div><\/article><article class=\"prix-francois-morellet-filt   ut-masonry gutter gutter-1 portfolio-style-one\"><div class=\"ut-portfolio-item ut-hover\"><a class=\"ut-square \" rel=\"bookmark\" title=\"2020 : Kenneth Goldsmith\" href=\"https:\/\/www.chateau-montsoreau.com\/wordpress\/portfolio-item\/2020-kenneth-goldsmith\/\" target=\"_self\"><figure><img loading=\"lazy\" decoding=\"async\" alt=\"2020 : Kenneth Goldsmith\" width=\"750\" height=\"750\" src=\"https:\/\/www.chateau-montsoreau.com\/wordpress\/wp-content\/plugins\/ut-portfolio\/i\/?w=750&amp;h=750\" class=\"portfolio-lazy\"  data-original=\"https:\/\/www.chateau-montsoreau.com\/wordpress\/wp-content\/uploads\/2020\/06\/kenneth-goldsmith-Jernimo-lvarez-2017-750x750.jpg\" \/><\/figure><div class=\"ut-hover-layer\"><div class=\"ut-portfolio-info\"><div class=\"ut-portfolio-info-c\"><h2 class=\"portfolio-title\">2020 : Kenneth Goldsmith<\/h2><span>Prix Fran\u00e7ois Morellet<\/span><\/div><\/div><\/div><\/a><\/div><\/article><article class=\"prix-francois-morellet-filt  last ut-masonry gutter gutter-1 portfolio-style-one\"><div class=\"ut-portfolio-item ut-hover\"><a class=\"ut-square \" rel=\"bookmark\" title=\"2019 : Bernar Venet\" href=\"https:\/\/www.chateau-montsoreau.com\/wordpress\/portfolio-item\/2019-bernar-venet\/\" target=\"_self\"><figure><img loading=\"lazy\" decoding=\"async\" alt=\"2019 : Bernar Venet\" width=\"750\" height=\"750\" src=\"https:\/\/www.chateau-montsoreau.com\/wordpress\/wp-content\/plugins\/ut-portfolio\/i\/?w=750&amp;h=750\" class=\"portfolio-lazy\"  data-original=\"https:\/\/www.chateau-montsoreau.com\/wordpress\/wp-content\/uploads\/2020\/01\/bernar-venet-prix-fran\u00e7ois-morellet-750x750.jpg\" \/><\/figure><div class=\"ut-hover-layer\"><div class=\"ut-portfolio-info\"><div class=\"ut-portfolio-info-c\"><h2 class=\"portfolio-title\">2019 : Bernar Venet<\/h2><span>Prix Fran\u00e7ois Morellet<\/span><\/div><\/div><\/div><\/a><\/div><\/article><article class=\"prix-francois-morellet-filt   ut-masonry gutter gutter-1 portfolio-style-one\"><div class=\"ut-portfolio-item ut-hover\"><a class=\"ut-square \" rel=\"bookmark\" title=\"2018: Eric de Chassey\" href=\"https:\/\/www.chateau-montsoreau.com\/wordpress\/portfolio-item\/2018-eric-de-chassey\/\" target=\"_self\"><figure><img loading=\"lazy\" decoding=\"async\" alt=\"2018: Eric de Chassey\" width=\"750\" height=\"750\" src=\"https:\/\/www.chateau-montsoreau.com\/wordpress\/wp-content\/plugins\/ut-portfolio\/i\/?w=750&amp;h=750\" class=\"portfolio-lazy\"  data-original=\"https:\/\/www.chateau-montsoreau.com\/wordpress\/wp-content\/uploads\/2020\/01\/eric-de-chassey-prix-francois-morellet-750x750.jpg\" \/><\/figure><div class=\"ut-hover-layer\"><div class=\"ut-portfolio-info\"><div class=\"ut-portfolio-info-c\"><h2 class=\"portfolio-title\">2018: Eric de Chassey<\/h2><span>Prix Fran\u00e7ois Morellet<\/span><\/div><\/div><\/div><\/a><\/div><\/article><article class=\"prix-francois-morellet-filt   ut-masonry gutter gutter-1 portfolio-style-one\"><div class=\"ut-portfolio-item ut-hover\"><a class=\"ut-square \" rel=\"bookmark\" title=\"2017: Michel Onfray\" href=\"https:\/\/www.chateau-montsoreau.com\/wordpress\/portfolio-item\/2017-michel-onfray\/\" target=\"_self\"><figure><img loading=\"lazy\" decoding=\"async\" alt=\"2017: Michel Onfray\" width=\"750\" height=\"750\" src=\"https:\/\/www.chateau-montsoreau.com\/wordpress\/wp-content\/plugins\/ut-portfolio\/i\/?w=750&amp;h=750\" class=\"portfolio-lazy\"  data-original=\"https:\/\/www.chateau-montsoreau.com\/wordpress\/wp-content\/uploads\/2020\/01\/Michel_Onfray_no_Fronteiras_do_Pensamento_S\u00e3o_Paulo_2012_8100885676-750x750.jpg\" \/><\/figure><div class=\"ut-hover-layer\"><div class=\"ut-portfolio-info\"><div class=\"ut-portfolio-info-c\"><h2 class=\"portfolio-title\">2017: Michel Onfray<\/h2><span>Prix Fran\u00e7ois Morellet<\/span><\/div><\/div><\/div><\/a><\/div><\/article><article class=\"prix-francois-morellet-filt   ut-masonry gutter gutter-1 portfolio-style-one\"><div class=\"ut-portfolio-item ut-hover\"><a class=\"ut-square \" rel=\"bookmark\" title=\"2016 : Catherine Millet\" href=\"https:\/\/www.chateau-montsoreau.com\/wordpress\/portfolio-item\/2016-catherine-millet\/\" target=\"_self\"><figure><img loading=\"lazy\" decoding=\"async\" alt=\"2016 : Catherine Millet\" width=\"750\" height=\"750\" src=\"https:\/\/www.chateau-montsoreau.com\/wordpress\/wp-content\/plugins\/ut-portfolio\/i\/?w=750&amp;h=750\" class=\"portfolio-lazy\"  data-original=\"https:\/\/www.chateau-montsoreau.com\/wordpress\/wp-content\/uploads\/2020\/01\/Catherine_Millet_par_Marc_Bervill\u00e9-750x750.jpg\" \/><\/figure><div class=\"ut-hover-layer\"><div class=\"ut-portfolio-info\"><div class=\"ut-portfolio-info-c\"><h2 class=\"portfolio-title\">2016 : Catherine Millet<\/h2><span>Prix Fran\u00e7ois Morellet<\/span><\/div><\/div><\/div><\/a><\/div><\/article><\/div><\/div>\n","protected":false},"excerpt":{"rendered":"<p>N\u00e9 en 2016 de la volont\u00e9 de Jean-Maurice Belayche, Philippe M\u00e9aille et Fran\u00e7ois Morellet, le Prix Fran\u00e7ois Morellet est le seul prix auquel Fran\u00e7ois Morellet accepta de donner son nom.Il r\u00e9compense chaque ann\u00e9e une \u0153uvre litt\u00e9raire ou un auteur pour son engagement en faveur de l&rsquo;art contemporain. Il s&rsquo;inscrit dans le cadre d&rsquo;une collaboration entre [&hellip;]<\/p>\n","protected":false},"author":5,"featured_media":0,"parent":0,"menu_order":0,"comment_status":"closed","ping_status":"closed","template":"","meta":{"footnotes":""},"class_list":["post-7778","page","type-page","status-publish","hentry"],"yoast_head":"<!-- This site is optimized with the Yoast SEO plugin v27.3 - https:\/\/yoast.com\/product\/yoast-seo-wordpress\/ -->\n<title>Prix Fran\u00e7ois Morellet | Ch\u00e2teau de Montsoreau-Mus\u00e9e d&#039;Art Contemporain<\/title>\n<meta name=\"description\" content=\"Le prix Fran\u00e7ois Morellet est cr\u00e9\u00e9 en collaboration avec les Journ\u00e9es nationales du livre et du vin. Les laur\u00e9ats : Catherine Millet (2016), Michel Onfrray (2017), Eric de Chassey (2018), Bernar Venet (2019)\" \/>\n<meta name=\"robots\" content=\"index, follow, max-snippet:-1, max-image-preview:large, max-video-preview:-1\" \/>\n<link rel=\"canonical\" href=\"https:\/\/www.chateau-montsoreau.com\/wordpress\/fr\/prix-francois-morellet\/\" \/>\n<meta property=\"og:locale\" content=\"fr_FR\" \/>\n<meta property=\"og:type\" content=\"article\" \/>\n<meta property=\"og:title\" content=\"Prix Fran\u00e7ois Morellet | Ch\u00e2teau de Montsoreau-Mus\u00e9e d&#039;Art Contemporain\" \/>\n<meta property=\"og:description\" content=\"Le prix Fran\u00e7ois Morellet est cr\u00e9\u00e9 en collaboration avec les Journ\u00e9es nationales du livre et du vin. Les laur\u00e9ats : Catherine Millet (2016), Michel Onfrray (2017), Eric de Chassey (2018), Bernar Venet (2019)\" \/>\n<meta property=\"og:url\" content=\"https:\/\/www.chateau-montsoreau.com\/wordpress\/fr\/prix-francois-morellet\/\" \/>\n<meta property=\"og:site_name\" content=\"Ch\u00e2teau de Montsoreau-Mus\u00e9e d&#039;Art Contemporain\" \/>\n<meta property=\"article:publisher\" content=\"https:\/\/www.facebook.com\/chateaudemontsoreau\/\" \/>\n<meta property=\"article:modified_time\" content=\"2024-03-10T14:49:07+00:00\" \/>\n<meta name=\"twitter:card\" content=\"summary_large_image\" \/>\n<meta name=\"twitter:site\" content=\"@Cmontsoreau\" \/>\n<script type=\"application\/ld+json\" class=\"yoast-schema-graph\">{\"@context\":\"https:\\\/\\\/schema.org\",\"@graph\":[{\"@type\":\"WebPage\",\"@id\":\"https:\\\/\\\/www.chateau-montsoreau.com\\\/wordpress\\\/fr\\\/prix-francois-morellet\\\/\",\"url\":\"https:\\\/\\\/www.chateau-montsoreau.com\\\/wordpress\\\/fr\\\/prix-francois-morellet\\\/\",\"name\":\"Prix Fran\u00e7ois Morellet | Ch\u00e2teau de Montsoreau-Mus\u00e9e d&#039;Art Contemporain\",\"isPartOf\":{\"@id\":\"https:\\\/\\\/www.chateau-montsoreau.com\\\/wordpress\\\/#website\"},\"datePublished\":\"2020-01-13T09:55:54+00:00\",\"dateModified\":\"2024-03-10T14:49:07+00:00\",\"description\":\"Le prix Fran\u00e7ois Morellet est cr\u00e9\u00e9 en collaboration avec les Journ\u00e9es nationales du livre et du vin. Les laur\u00e9ats : Catherine Millet (2016), Michel Onfrray (2017), Eric de Chassey (2018), Bernar Venet (2019)\",\"breadcrumb\":{\"@id\":\"https:\\\/\\\/www.chateau-montsoreau.com\\\/wordpress\\\/fr\\\/prix-francois-morellet\\\/#breadcrumb\"},\"inLanguage\":\"fr-FR\",\"potentialAction\":[{\"@type\":\"ReadAction\",\"target\":[\"https:\\\/\\\/www.chateau-montsoreau.com\\\/wordpress\\\/fr\\\/prix-francois-morellet\\\/\"]}]},{\"@type\":\"BreadcrumbList\",\"@id\":\"https:\\\/\\\/www.chateau-montsoreau.com\\\/wordpress\\\/fr\\\/prix-francois-morellet\\\/#breadcrumb\",\"itemListElement\":[{\"@type\":\"ListItem\",\"position\":1,\"name\":\"Accueil\",\"item\":\"https:\\\/\\\/www.chateau-montsoreau.com\\\/wordpress\\\/fr\\\/\"},{\"@type\":\"ListItem\",\"position\":2,\"name\":\"Prix Fran\u00e7ois Morellet\"}]},{\"@type\":\"WebSite\",\"@id\":\"https:\\\/\\\/www.chateau-montsoreau.com\\\/wordpress\\\/#website\",\"url\":\"https:\\\/\\\/www.chateau-montsoreau.com\\\/wordpress\\\/\",\"name\":\"Ch\u00e2teau de Montsoreau-Mus\u00e9e d&#039;Art Contemporain\",\"description\":\"Ch\u00e2teaux de la Loire Art Contemporain Art Conceptuel\",\"publisher\":{\"@id\":\"https:\\\/\\\/www.chateau-montsoreau.com\\\/wordpress\\\/#organization\"},\"potentialAction\":[{\"@type\":\"SearchAction\",\"target\":{\"@type\":\"EntryPoint\",\"urlTemplate\":\"https:\\\/\\\/www.chateau-montsoreau.com\\\/wordpress\\\/?s={search_term_string}\"},\"query-input\":{\"@type\":\"PropertyValueSpecification\",\"valueRequired\":true,\"valueName\":\"search_term_string\"}}],\"inLanguage\":\"fr-FR\"},{\"@type\":\"Organization\",\"@id\":\"https:\\\/\\\/www.chateau-montsoreau.com\\\/wordpress\\\/#organization\",\"name\":\"Ch\u00e2teau de Montsoreau - Mus\u00e9e d'art contemporain\",\"url\":\"https:\\\/\\\/www.chateau-montsoreau.com\\\/wordpress\\\/\",\"logo\":{\"@type\":\"ImageObject\",\"inLanguage\":\"fr-FR\",\"@id\":\"https:\\\/\\\/www.chateau-montsoreau.com\\\/wordpress\\\/#\\\/schema\\\/logo\\\/image\\\/\",\"url\":\"https:\\\/\\\/www.chateau-montsoreau.com\\\/wordpress\\\/wp-content\\\/uploads\\\/2016\\\/03\\\/Logo-Montsoreau-tout-petit-1.png\",\"contentUrl\":\"https:\\\/\\\/www.chateau-montsoreau.com\\\/wordpress\\\/wp-content\\\/uploads\\\/2016\\\/03\\\/Logo-Montsoreau-tout-petit-1.png\",\"width\":133,\"height\":133,\"caption\":\"Ch\u00e2teau de Montsoreau - Mus\u00e9e d'art contemporain\"},\"image\":{\"@id\":\"https:\\\/\\\/www.chateau-montsoreau.com\\\/wordpress\\\/#\\\/schema\\\/logo\\\/image\\\/\"},\"sameAs\":[\"https:\\\/\\\/www.facebook.com\\\/chateaudemontsoreau\\\/\",\"https:\\\/\\\/x.com\\\/Cmontsoreau\",\"https:\\\/\\\/www.instagram.com\\\/chateaudemontsoreau\\\/\",\"http:\\\/\\\/www.pinterest.com\\\/Cmontsoreau\"]}]}<\/script>\n<!-- \/ Yoast SEO plugin. -->","yoast_head_json":{"title":"Prix Fran\u00e7ois Morellet | Ch\u00e2teau de Montsoreau-Mus\u00e9e d&#039;Art Contemporain","description":"Le prix Fran\u00e7ois Morellet est cr\u00e9\u00e9 en collaboration avec les Journ\u00e9es nationales du livre et du vin. Les laur\u00e9ats : Catherine Millet (2016), Michel Onfrray (2017), Eric de Chassey (2018), Bernar Venet (2019)","robots":{"index":"index","follow":"follow","max-snippet":"max-snippet:-1","max-image-preview":"max-image-preview:large","max-video-preview":"max-video-preview:-1"},"canonical":"https:\/\/www.chateau-montsoreau.com\/wordpress\/fr\/prix-francois-morellet\/","og_locale":"fr_FR","og_type":"article","og_title":"Prix Fran\u00e7ois Morellet | Ch\u00e2teau de Montsoreau-Mus\u00e9e d&#039;Art Contemporain","og_description":"Le prix Fran\u00e7ois Morellet est cr\u00e9\u00e9 en collaboration avec les Journ\u00e9es nationales du livre et du vin. Les laur\u00e9ats : Catherine Millet (2016), Michel Onfrray (2017), Eric de Chassey (2018), Bernar Venet (2019)","og_url":"https:\/\/www.chateau-montsoreau.com\/wordpress\/fr\/prix-francois-morellet\/","og_site_name":"Ch\u00e2teau de Montsoreau-Mus\u00e9e d&#039;Art Contemporain","article_publisher":"https:\/\/www.facebook.com\/chateaudemontsoreau\/","article_modified_time":"2024-03-10T14:49:07+00:00","twitter_card":"summary_large_image","twitter_site":"@Cmontsoreau","schema":{"@context":"https:\/\/schema.org","@graph":[{"@type":"WebPage","@id":"https:\/\/www.chateau-montsoreau.com\/wordpress\/fr\/prix-francois-morellet\/","url":"https:\/\/www.chateau-montsoreau.com\/wordpress\/fr\/prix-francois-morellet\/","name":"Prix Fran\u00e7ois Morellet | Ch\u00e2teau de Montsoreau-Mus\u00e9e d&#039;Art Contemporain","isPartOf":{"@id":"https:\/\/www.chateau-montsoreau.com\/wordpress\/#website"},"datePublished":"2020-01-13T09:55:54+00:00","dateModified":"2024-03-10T14:49:07+00:00","description":"Le prix Fran\u00e7ois Morellet est cr\u00e9\u00e9 en collaboration avec les Journ\u00e9es nationales du livre et du vin. Les laur\u00e9ats : Catherine Millet (2016), Michel Onfrray (2017), Eric de Chassey (2018), Bernar Venet (2019)","breadcrumb":{"@id":"https:\/\/www.chateau-montsoreau.com\/wordpress\/fr\/prix-francois-morellet\/#breadcrumb"},"inLanguage":"fr-FR","potentialAction":[{"@type":"ReadAction","target":["https:\/\/www.chateau-montsoreau.com\/wordpress\/fr\/prix-francois-morellet\/"]}]},{"@type":"BreadcrumbList","@id":"https:\/\/www.chateau-montsoreau.com\/wordpress\/fr\/prix-francois-morellet\/#breadcrumb","itemListElement":[{"@type":"ListItem","position":1,"name":"Accueil","item":"https:\/\/www.chateau-montsoreau.com\/wordpress\/fr\/"},{"@type":"ListItem","position":2,"name":"Prix Fran\u00e7ois Morellet"}]},{"@type":"WebSite","@id":"https:\/\/www.chateau-montsoreau.com\/wordpress\/#website","url":"https:\/\/www.chateau-montsoreau.com\/wordpress\/","name":"Ch\u00e2teau de Montsoreau-Mus\u00e9e d&#039;Art Contemporain","description":"Ch\u00e2teaux de la Loire Art Contemporain Art Conceptuel","publisher":{"@id":"https:\/\/www.chateau-montsoreau.com\/wordpress\/#organization"},"potentialAction":[{"@type":"SearchAction","target":{"@type":"EntryPoint","urlTemplate":"https:\/\/www.chateau-montsoreau.com\/wordpress\/?s={search_term_string}"},"query-input":{"@type":"PropertyValueSpecification","valueRequired":true,"valueName":"search_term_string"}}],"inLanguage":"fr-FR"},{"@type":"Organization","@id":"https:\/\/www.chateau-montsoreau.com\/wordpress\/#organization","name":"Ch\u00e2teau de Montsoreau - Mus\u00e9e d'art contemporain","url":"https:\/\/www.chateau-montsoreau.com\/wordpress\/","logo":{"@type":"ImageObject","inLanguage":"fr-FR","@id":"https:\/\/www.chateau-montsoreau.com\/wordpress\/#\/schema\/logo\/image\/","url":"https:\/\/www.chateau-montsoreau.com\/wordpress\/wp-content\/uploads\/2016\/03\/Logo-Montsoreau-tout-petit-1.png","contentUrl":"https:\/\/www.chateau-montsoreau.com\/wordpress\/wp-content\/uploads\/2016\/03\/Logo-Montsoreau-tout-petit-1.png","width":133,"height":133,"caption":"Ch\u00e2teau de Montsoreau - Mus\u00e9e d'art contemporain"},"image":{"@id":"https:\/\/www.chateau-montsoreau.com\/wordpress\/#\/schema\/logo\/image\/"},"sameAs":["https:\/\/www.facebook.com\/chateaudemontsoreau\/","https:\/\/x.com\/Cmontsoreau","https:\/\/www.instagram.com\/chateaudemontsoreau\/","http:\/\/www.pinterest.com\/Cmontsoreau"]}]}},"_links":{"self":[{"href":"https:\/\/www.chateau-montsoreau.com\/wordpress\/wp-json\/wp\/v2\/pages\/7778","targetHints":{"allow":["GET"]}}],"collection":[{"href":"https:\/\/www.chateau-montsoreau.com\/wordpress\/wp-json\/wp\/v2\/pages"}],"about":[{"href":"https:\/\/www.chateau-montsoreau.com\/wordpress\/wp-json\/wp\/v2\/types\/page"}],"author":[{"embeddable":true,"href":"https:\/\/www.chateau-montsoreau.com\/wordpress\/wp-json\/wp\/v2\/users\/5"}],"replies":[{"embeddable":true,"href":"https:\/\/www.chateau-montsoreau.com\/wordpress\/wp-json\/wp\/v2\/comments?post=7778"}],"version-history":[{"count":7,"href":"https:\/\/www.chateau-montsoreau.com\/wordpress\/wp-json\/wp\/v2\/pages\/7778\/revisions"}],"predecessor-version":[{"id":8809,"href":"https:\/\/www.chateau-montsoreau.com\/wordpress\/wp-json\/wp\/v2\/pages\/7778\/revisions\/8809"}],"wp:attachment":[{"href":"https:\/\/www.chateau-montsoreau.com\/wordpress\/wp-json\/wp\/v2\/media?parent=7778"}],"curies":[{"name":"wp","href":"https:\/\/api.w.org\/{rel}","templated":true}]}}