{"id":7843,"date":"2020-01-13T19:31:26","date_gmt":"2020-01-13T18:31:26","guid":{"rendered":"http:\/\/www.chateau-montsoreau.com\/wordpress\/?page_id=7843"},"modified":"2022-04-07T17:06:31","modified_gmt":"2022-04-07T16:06:31","slug":"francois-morellet-preis","status":"publish","type":"page","link":"https:\/\/www.chateau-montsoreau.com\/wordpress\/de\/francois-morellet-preis\/","title":{"rendered":"Fran\u00e7ois-Morellet-Preis"},"content":{"rendered":"\n<p>Der 2016 von Jean-Maurice Belayche, Philippe M\u00e9aille und Fran\u00e7ois Morellet ins Leben gerufene Fran\u00e7ois-Morellet-Preis ist der einzige Preis, dem Fran\u00e7ois Morellet seinen Namen gegeben hat.<br>Er zeichnet jedes Jahr ein literarisches Werk oder einen Autor f\u00fcr sein Engagement in der zeitgen\u00f6ssischen Kunst aus. Er ist Teil einer Zusammenarbeit zwischen dem Ch\u00e2teau de Montsoreau &#8211; Museum f\u00fcr zeitgen\u00f6ssische Kunst und den <a href=\"https:\/\/livreetvin.com\/infos-pratiques\/\">Nationalen Tagen des Buches und des Weins<\/a> (Saumur).<\/p>\n\n\n\n<p>Troph\u00e4e<\/p>\n\n\n\n<p>Die Troph\u00e4e des Fran\u00e7ois-Morellet-Preises wurde von Pascal Morabito entworfen. Nach Abschluss seines Architekturstudiums er\u00f6ffnete er am 3. Mai 1968 in den Werkst\u00e4tten der Familie die erste Abteilung f\u00fcr K\u00fcnstlerschmuck mit dem Titel \u00ab\u00a0Zentrum f\u00fcr das Studium und die Kreation von zeitgen\u00f6ssischem Schmuck oder Mikroarchitektur\u00a0\u00bb. Pascal Morabito arbeitet in den Bereichen des Luxus. Als leidenschaftlicher Arch\u00e4ologe erschafft er seine Produkte so, wie der Arch\u00e4ologe durch seine Entdeckungen Licht in die dunklen Jahrtausende bringt.<\/p>\n\n\n\n<script type=\"text\/javascript\">(function($){$(document).ready(function($){ \"use strict\";var $win = $(window),$container = $(\"#ut-portfolio-items-7819\"),columns = 4,gutter = \"on\",gutterwidth = \"\",guttersize = \"1\",$sortedItems = \"\";function ut_call_isotope( update){if( $(window).width()> 1024){columns = 4;} if( $(window).width()<= 1024){columns = 3;} if( $(window).width()<= 767){columns = 2;} if( gutter === \"on\"){$container.children().width( Math.floor($container.width()\/ columns - ( ( 20 * guttersize)* ( columns - 1)\/ columns))).addClass(\"show\");gutterwidth = 20 * guttersize;} else {$container.children().width( Math.floor($container.width()\/ columns)).addClass(\"show\");gutterwidth = 0;}$container.isotope({itemSelector : \".ut-masonry\",animationEngine : \"best-available\",resizable: false,layoutMode: \"fitRows\",masonry: { columnWidth: $container.width()\/ columns - gutterwidth },itemPositionDataEnabled: true,onLayout: function (elems, instance){$win.trigger(\"scroll\");$container.addClass(\"animated\");elems.addClass(\"animated\");}}).isotope(\"reLayout\"); }function ut_update_isotope_grid(){if( $sortedItems){$container.find(\".last\").removeClass(\"last\");var i = columns - 1;$.each($sortedItems, function(key, value){if($(this).hasClass(\"isotope-hidden\")){i++;}if(((key-i)\/ columns)==0){$(this).addClass(\"last\");i = columns+i;}});$container.isotope(\"reLayout\",function(){ $.waypoints(\"refresh\");});}}$(window).smartresize(function(){ut_call_isotope();ut_update_isotope_grid();}); $(window).load(function(){ut_call_isotope();$sortedItems = $container.data(\"isotope\").$filteredAtoms;ut_update_isotope_grid(); $(\"#ut-portfolio-menu-7819 a\").each(function( index){var searchforclass = $(this).attr(\"data-filter\");if( !$(searchforclass).length){$(this).hide();}});$(\"#ut-portfolio-menu-7819 a\").click(function(){var selector = $(this).attr(\"data-filter\");$container.isotope({ filter: selector });ut_update_isotope_grid();if ( !$(this).hasClass(\"selected\")){$(this).parents(\"#ut-portfolio-menu-7819\").find(\".selected\").removeClass(\"selected\");$(this).addClass(\"selected\");}return false;});});});}(jQuery));<\/script><div id=\"ut-loader-7819\" class=\"ut-portfolio-detail-loader\"><i class=\"fa fa-refresh fa-spin\"><\/i><\/div><div id=\"ut-portfolio-details-wrap-7819\" class=\"ut-portfolio-details-wrap clearfix\"><div id=\"ut-portfolio-details-7819\" class=\"inner ut-portfolio-details\"><div class=\"ut-portfolio-details-navigation\"><a class=\"prev-portfolio-details\" data-wrap=\"7819\" href=\"#\"><\/a><a class=\"close-portfolio-details\" data-wrap=\"7819\" href=\"#\"><\/a><a class=\"next-portfolio-details\" data-wrap=\"7819\" href=\"#\"><\/a><\/div><div id=\"ut-portfolio-detail-7817\" class=\"animated ut-portfolio-detail clearfix\" data-post=\"7817\" data-format=\"\"><div class=\"grid-80 prefix-10 mobile-grid-100 tablet-grid-80 tablet-prefix-10 ut-portfolio-media\"><img class=\"ut-portfolio-image ut-load-me ut-square\" alt=\"2016: Catherine Millet\" data-original=\"https:\/\/www.chateau-montsoreau.com\/wordpress\/wp-content\/uploads\/2020\/01\/Catherine_Millet_par_Marc_Bervill\u00e9.jpg\"><\/div><div class=\"grid-70 prefix-15 mobile-grid-100 tablet-grid-70 tablet-prefix-15 entry-content clearfix\"><\/div><\/div><\/div><\/div><div class=\"clear\"><\/div><div id=\"ut-portfolio-wrap\" class=\"ut-portfolio-wrap\" data-textcolor=\"#ffffff\" data-opacity=\"0.9\" data-hovercolor=\"221,51,51\"><a class=\"ut-portfolio-offset-anchor\" style=\"top:-120px;\" id=\"ut-portfolio-items-7819-anchor\"><\/a><div id=\"ut-portfolio-items-7819\" class=\"ut-portfolio-item-container\"><article class=\"events-filt francois-morellet-prize-filt   ut-masonry gutter gutter-1 portfolio-style-one\"><div class=\"ut-portfolio-item ut-hover\"><a class=\"ut-square \" rel=\"bookmark\" title=\"2021: ORLAN\" href=\"https:\/\/www.chateau-montsoreau.com\/wordpress\/portfolio-item\/2021-orlan-2\/\" target=\"_self\"><figure><img loading=\"lazy\" decoding=\"async\" alt=\"2021: ORLAN\" width=\"750\" height=\"750\" src=\"https:\/\/www.chateau-montsoreau.com\/wordpress\/wp-content\/plugins\/ut-portfolio\/i\/?w=750&amp;h=750\" class=\"portfolio-lazy\"  data-original=\"https:\/\/www.chateau-montsoreau.com\/wordpress\/wp-content\/uploads\/2021\/03\/Diapositive1-3-750x750.jpg\" \/><\/figure><div class=\"ut-hover-layer\"><div class=\"ut-portfolio-info\"><div class=\"ut-portfolio-info-c\"><h2 class=\"portfolio-title\">2021: ORLAN<\/h2><span>Events archives, Fran\u00e7ois Morellet Prize<\/span><\/div><\/div><\/div><\/a><\/div><\/article><article class=\"francois-morellet-prize-filt   ut-masonry gutter gutter-1 portfolio-style-one\"><div class=\"ut-portfolio-item ut-hover\"><a class=\"ut-square \" rel=\"bookmark\" title=\"2020: Kenneth Goldsmith\" href=\"https:\/\/www.chateau-montsoreau.com\/wordpress\/portfolio-item\/2020-kenneth-goldsmith-2\/\" target=\"_self\"><figure><img loading=\"lazy\" decoding=\"async\" alt=\"2020: Kenneth Goldsmith\" width=\"750\" height=\"750\" src=\"https:\/\/www.chateau-montsoreau.com\/wordpress\/wp-content\/plugins\/ut-portfolio\/i\/?w=750&amp;h=750\" class=\"portfolio-lazy\"  data-original=\"https:\/\/www.chateau-montsoreau.com\/wordpress\/wp-content\/uploads\/2020\/06\/kenneth-goldsmith-Jernimo-lvarez-2017-750x750.jpg\" \/><\/figure><div class=\"ut-hover-layer\"><div class=\"ut-portfolio-info\"><div class=\"ut-portfolio-info-c\"><h2 class=\"portfolio-title\">2020: Kenneth Goldsmith<\/h2><span>Fran\u00e7ois Morellet Prize<\/span><\/div><\/div><\/div><\/a><\/div><\/article><article class=\"francois-morellet-prize-filt   ut-masonry gutter gutter-1 portfolio-style-one\"><div class=\"ut-portfolio-item ut-hover\"><a class=\"ut-portfolio-link ut-square \" rel=\"bookmark\" title=\"2016: Catherine Millet\" data-wrap=\"7819\" data-post=\"7817\" href=\"#ut-portfolio-details-wrap-7819\"><figure><img loading=\"lazy\" decoding=\"async\" alt=\"2016: Catherine Millet\" width=\"750\" height=\"750\" src=\"https:\/\/www.chateau-montsoreau.com\/wordpress\/wp-content\/plugins\/ut-portfolio\/i\/?w=750&amp;h=750\" class=\"portfolio-lazy\"  data-original=\"https:\/\/www.chateau-montsoreau.com\/wordpress\/wp-content\/uploads\/2020\/01\/Catherine_Millet_par_Marc_Bervill\u00e9-750x750.jpg\" \/><\/figure><div class=\"ut-hover-layer\"><div class=\"ut-portfolio-info\"><div class=\"ut-portfolio-info-c\"><h2 class=\"portfolio-title\">2016: Catherine Millet<\/h2><span>Fran\u00e7ois Morellet Prize<\/span><\/div><\/div><\/div><\/a><\/div><\/article><article class=\"francois-morellet-prize-filt  last ut-masonry gutter gutter-1 portfolio-style-one\"><div class=\"ut-portfolio-item ut-hover\"><a class=\"ut-square \" rel=\"bookmark\" title=\"2017: Michel Onfray\" href=\"https:\/\/www.chateau-montsoreau.com\/wordpress\/portfolio-item\/2017-michel-onfray-2\/\" target=\"_self\"><figure><img loading=\"lazy\" decoding=\"async\" alt=\"2017: Michel Onfray\" width=\"750\" height=\"750\" src=\"https:\/\/www.chateau-montsoreau.com\/wordpress\/wp-content\/plugins\/ut-portfolio\/i\/?w=750&amp;h=750\" class=\"portfolio-lazy\"  data-original=\"https:\/\/www.chateau-montsoreau.com\/wordpress\/wp-content\/uploads\/2020\/01\/Michel_Onfray_no_Fronteiras_do_Pensamento_S\u00e3o_Paulo_2012_8100885676-750x750.jpg\" \/><\/figure><div class=\"ut-hover-layer\"><div class=\"ut-portfolio-info\"><div class=\"ut-portfolio-info-c\"><h2 class=\"portfolio-title\">2017: Michel Onfray<\/h2><span>Fran\u00e7ois Morellet Prize<\/span><\/div><\/div><\/div><\/a><\/div><\/article><article class=\"francois-morellet-prize-filt   ut-masonry gutter gutter-1 portfolio-style-one\"><div class=\"ut-portfolio-item ut-hover\"><a class=\"ut-square \" rel=\"bookmark\" title=\"2018: Eric de Chassey\" href=\"https:\/\/www.chateau-montsoreau.com\/wordpress\/portfolio-item\/2018-eric-de-chassey-2\/\" target=\"_self\"><figure><img loading=\"lazy\" decoding=\"async\" alt=\"2018: Eric de Chassey\" width=\"750\" height=\"750\" src=\"https:\/\/www.chateau-montsoreau.com\/wordpress\/wp-content\/plugins\/ut-portfolio\/i\/?w=750&amp;h=750\" class=\"portfolio-lazy\"  data-original=\"https:\/\/www.chateau-montsoreau.com\/wordpress\/wp-content\/uploads\/2020\/01\/eric-de-chassey-prix-francois-morellet-750x750.jpg\" \/><\/figure><div class=\"ut-hover-layer\"><div class=\"ut-portfolio-info\"><div class=\"ut-portfolio-info-c\"><h2 class=\"portfolio-title\">2018: Eric de Chassey<\/h2><span>Fran\u00e7ois Morellet Prize<\/span><\/div><\/div><\/div><\/a><\/div><\/article><article class=\"francois-morellet-prize-filt   ut-masonry gutter gutter-1 portfolio-style-one\"><div class=\"ut-portfolio-item ut-hover\"><a class=\"ut-square \" rel=\"bookmark\" title=\"2019: Bernar Venet\" href=\"https:\/\/www.chateau-montsoreau.com\/wordpress\/portfolio-item\/2019-bernar-venet-2\/\" target=\"_self\"><figure><img loading=\"lazy\" decoding=\"async\" alt=\"2019: Bernar Venet\" width=\"750\" height=\"750\" src=\"https:\/\/www.chateau-montsoreau.com\/wordpress\/wp-content\/plugins\/ut-portfolio\/i\/?w=750&amp;h=750\" class=\"portfolio-lazy\"  data-original=\"https:\/\/www.chateau-montsoreau.com\/wordpress\/wp-content\/uploads\/2020\/01\/bernar-venet-prix-fran\u00e7ois-morellet-750x750.jpg\" \/><\/figure><div class=\"ut-hover-layer\"><div class=\"ut-portfolio-info\"><div class=\"ut-portfolio-info-c\"><h2 class=\"portfolio-title\">2019: Bernar Venet<\/h2><span>Fran\u00e7ois Morellet Prize<\/span><\/div><\/div><\/div><\/a><\/div><\/article><\/div><\/div>\n\n\n<p><!--EndFragment--><\/p>","protected":false},"excerpt":{"rendered":"<p>Der 2016 von Jean-Maurice Belayche, Philippe M\u00e9aille und Fran\u00e7ois Morellet ins Leben gerufene Fran\u00e7ois-Morellet-Preis ist der einzige Preis, dem Fran\u00e7ois Morellet seinen Namen gegeben hat.Er zeichnet jedes Jahr ein literarisches Werk oder einen Autor f\u00fcr sein Engagement in der zeitgen\u00f6ssischen Kunst aus. Er ist Teil einer Zusammenarbeit zwischen dem Ch\u00e2teau de Montsoreau &#8211; Museum f\u00fcr [&hellip;]<\/p>\n","protected":false},"author":5,"featured_media":0,"parent":0,"menu_order":0,"comment_status":"closed","ping_status":"closed","template":"","meta":{"footnotes":""},"class_list":["post-7843","page","type-page","status-publish","hentry"],"yoast_head":"<!-- This site is optimized with the Yoast SEO plugin v27.3 - https:\/\/yoast.com\/product\/yoast-seo-wordpress\/ -->\n<title>Fran\u00e7ois-Morellet-Preis | Ch\u00e2teau de Montsoreau-Mus\u00e9e d&#039;Art Contemporain<\/title>\n<meta name=\"robots\" content=\"index, follow, max-snippet:-1, max-image-preview:large, max-video-preview:-1\" \/>\n<link rel=\"canonical\" href=\"https:\/\/www.chateau-montsoreau.com\/wordpress\/de\/francois-morellet-preis\/\" \/>\n<meta property=\"og:locale\" content=\"fr_FR\" \/>\n<meta property=\"og:type\" content=\"article\" \/>\n<meta property=\"og:title\" content=\"Fran\u00e7ois-Morellet-Preis | Ch\u00e2teau de Montsoreau-Mus\u00e9e d&#039;Art Contemporain\" \/>\n<meta property=\"og:description\" content=\"Der 2016 von Jean-Maurice Belayche, Philippe M\u00e9aille und Fran\u00e7ois Morellet ins Leben gerufene Fran\u00e7ois-Morellet-Preis ist der einzige Preis, dem Fran\u00e7ois Morellet seinen Namen gegeben hat.Er zeichnet jedes Jahr ein literarisches Werk oder einen Autor f\u00fcr sein Engagement in der zeitgen\u00f6ssischen Kunst aus. Er ist Teil einer Zusammenarbeit zwischen dem Ch\u00e2teau de Montsoreau &#8211; Museum f\u00fcr [&hellip;]\" \/>\n<meta property=\"og:url\" content=\"https:\/\/www.chateau-montsoreau.com\/wordpress\/de\/francois-morellet-preis\/\" \/>\n<meta property=\"og:site_name\" content=\"Ch\u00e2teau de Montsoreau-Mus\u00e9e d&#039;Art Contemporain\" \/>\n<meta property=\"article:publisher\" content=\"https:\/\/www.facebook.com\/chateaudemontsoreau\/\" \/>\n<meta property=\"article:modified_time\" content=\"2022-04-07T16:06:31+00:00\" \/>\n<meta name=\"twitter:card\" content=\"summary_large_image\" \/>\n<meta name=\"twitter:site\" content=\"@Cmontsoreau\" \/>\n<meta name=\"twitter:label1\" content=\"Dur\u00e9e de lecture estim\u00e9e\" \/>\n\t<meta name=\"twitter:data1\" content=\"1 minute\" \/>\n<script type=\"application\/ld+json\" class=\"yoast-schema-graph\">{\"@context\":\"https:\\\/\\\/schema.org\",\"@graph\":[{\"@type\":\"WebPage\",\"@id\":\"https:\\\/\\\/www.chateau-montsoreau.com\\\/wordpress\\\/de\\\/francois-morellet-preis\\\/\",\"url\":\"https:\\\/\\\/www.chateau-montsoreau.com\\\/wordpress\\\/de\\\/francois-morellet-preis\\\/\",\"name\":\"Fran\u00e7ois-Morellet-Preis | Ch\u00e2teau de Montsoreau-Mus\u00e9e d&#039;Art Contemporain\",\"isPartOf\":{\"@id\":\"https:\\\/\\\/www.chateau-montsoreau.com\\\/wordpress\\\/#website\"},\"datePublished\":\"2020-01-13T18:31:26+00:00\",\"dateModified\":\"2022-04-07T16:06:31+00:00\",\"breadcrumb\":{\"@id\":\"https:\\\/\\\/www.chateau-montsoreau.com\\\/wordpress\\\/de\\\/francois-morellet-preis\\\/#breadcrumb\"},\"inLanguage\":\"fr-FR\",\"potentialAction\":[{\"@type\":\"ReadAction\",\"target\":[\"https:\\\/\\\/www.chateau-montsoreau.com\\\/wordpress\\\/de\\\/francois-morellet-preis\\\/\"]}]},{\"@type\":\"BreadcrumbList\",\"@id\":\"https:\\\/\\\/www.chateau-montsoreau.com\\\/wordpress\\\/de\\\/francois-morellet-preis\\\/#breadcrumb\",\"itemListElement\":[{\"@type\":\"ListItem\",\"position\":1,\"name\":\"Accueil\",\"item\":\"https:\\\/\\\/www.chateau-montsoreau.com\\\/wordpress\\\/fr\\\/\"},{\"@type\":\"ListItem\",\"position\":2,\"name\":\"Fran\u00e7ois-Morellet-Preis\"}]},{\"@type\":\"WebSite\",\"@id\":\"https:\\\/\\\/www.chateau-montsoreau.com\\\/wordpress\\\/#website\",\"url\":\"https:\\\/\\\/www.chateau-montsoreau.com\\\/wordpress\\\/\",\"name\":\"Ch\u00e2teau de Montsoreau-Mus\u00e9e d&#039;Art Contemporain\",\"description\":\"Ch\u00e2teaux de la Loire Art Contemporain Art Conceptuel\",\"publisher\":{\"@id\":\"https:\\\/\\\/www.chateau-montsoreau.com\\\/wordpress\\\/#organization\"},\"potentialAction\":[{\"@type\":\"SearchAction\",\"target\":{\"@type\":\"EntryPoint\",\"urlTemplate\":\"https:\\\/\\\/www.chateau-montsoreau.com\\\/wordpress\\\/?s={search_term_string}\"},\"query-input\":{\"@type\":\"PropertyValueSpecification\",\"valueRequired\":true,\"valueName\":\"search_term_string\"}}],\"inLanguage\":\"fr-FR\"},{\"@type\":\"Organization\",\"@id\":\"https:\\\/\\\/www.chateau-montsoreau.com\\\/wordpress\\\/#organization\",\"name\":\"Ch\u00e2teau de Montsoreau - Mus\u00e9e d'art contemporain\",\"url\":\"https:\\\/\\\/www.chateau-montsoreau.com\\\/wordpress\\\/\",\"logo\":{\"@type\":\"ImageObject\",\"inLanguage\":\"fr-FR\",\"@id\":\"https:\\\/\\\/www.chateau-montsoreau.com\\\/wordpress\\\/#\\\/schema\\\/logo\\\/image\\\/\",\"url\":\"https:\\\/\\\/www.chateau-montsoreau.com\\\/wordpress\\\/wp-content\\\/uploads\\\/2016\\\/03\\\/Logo-Montsoreau-tout-petit-1.png\",\"contentUrl\":\"https:\\\/\\\/www.chateau-montsoreau.com\\\/wordpress\\\/wp-content\\\/uploads\\\/2016\\\/03\\\/Logo-Montsoreau-tout-petit-1.png\",\"width\":133,\"height\":133,\"caption\":\"Ch\u00e2teau de Montsoreau - Mus\u00e9e d'art contemporain\"},\"image\":{\"@id\":\"https:\\\/\\\/www.chateau-montsoreau.com\\\/wordpress\\\/#\\\/schema\\\/logo\\\/image\\\/\"},\"sameAs\":[\"https:\\\/\\\/www.facebook.com\\\/chateaudemontsoreau\\\/\",\"https:\\\/\\\/x.com\\\/Cmontsoreau\",\"https:\\\/\\\/www.instagram.com\\\/chateaudemontsoreau\\\/\",\"http:\\\/\\\/www.pinterest.com\\\/Cmontsoreau\"]}]}<\/script>\n<!-- \/ Yoast SEO plugin. -->","yoast_head_json":{"title":"Fran\u00e7ois-Morellet-Preis | Ch\u00e2teau de Montsoreau-Mus\u00e9e d&#039;Art Contemporain","robots":{"index":"index","follow":"follow","max-snippet":"max-snippet:-1","max-image-preview":"max-image-preview:large","max-video-preview":"max-video-preview:-1"},"canonical":"https:\/\/www.chateau-montsoreau.com\/wordpress\/de\/francois-morellet-preis\/","og_locale":"fr_FR","og_type":"article","og_title":"Fran\u00e7ois-Morellet-Preis | Ch\u00e2teau de Montsoreau-Mus\u00e9e d&#039;Art Contemporain","og_description":"Der 2016 von Jean-Maurice Belayche, Philippe M\u00e9aille und Fran\u00e7ois Morellet ins Leben gerufene Fran\u00e7ois-Morellet-Preis ist der einzige Preis, dem Fran\u00e7ois Morellet seinen Namen gegeben hat.Er zeichnet jedes Jahr ein literarisches Werk oder einen Autor f\u00fcr sein Engagement in der zeitgen\u00f6ssischen Kunst aus. Er ist Teil einer Zusammenarbeit zwischen dem Ch\u00e2teau de Montsoreau &#8211; Museum f\u00fcr [&hellip;]","og_url":"https:\/\/www.chateau-montsoreau.com\/wordpress\/de\/francois-morellet-preis\/","og_site_name":"Ch\u00e2teau de Montsoreau-Mus\u00e9e d&#039;Art Contemporain","article_publisher":"https:\/\/www.facebook.com\/chateaudemontsoreau\/","article_modified_time":"2022-04-07T16:06:31+00:00","twitter_card":"summary_large_image","twitter_site":"@Cmontsoreau","twitter_misc":{"Dur\u00e9e de lecture estim\u00e9e":"1 minute"},"schema":{"@context":"https:\/\/schema.org","@graph":[{"@type":"WebPage","@id":"https:\/\/www.chateau-montsoreau.com\/wordpress\/de\/francois-morellet-preis\/","url":"https:\/\/www.chateau-montsoreau.com\/wordpress\/de\/francois-morellet-preis\/","name":"Fran\u00e7ois-Morellet-Preis | Ch\u00e2teau de Montsoreau-Mus\u00e9e d&#039;Art Contemporain","isPartOf":{"@id":"https:\/\/www.chateau-montsoreau.com\/wordpress\/#website"},"datePublished":"2020-01-13T18:31:26+00:00","dateModified":"2022-04-07T16:06:31+00:00","breadcrumb":{"@id":"https:\/\/www.chateau-montsoreau.com\/wordpress\/de\/francois-morellet-preis\/#breadcrumb"},"inLanguage":"fr-FR","potentialAction":[{"@type":"ReadAction","target":["https:\/\/www.chateau-montsoreau.com\/wordpress\/de\/francois-morellet-preis\/"]}]},{"@type":"BreadcrumbList","@id":"https:\/\/www.chateau-montsoreau.com\/wordpress\/de\/francois-morellet-preis\/#breadcrumb","itemListElement":[{"@type":"ListItem","position":1,"name":"Accueil","item":"https:\/\/www.chateau-montsoreau.com\/wordpress\/fr\/"},{"@type":"ListItem","position":2,"name":"Fran\u00e7ois-Morellet-Preis"}]},{"@type":"WebSite","@id":"https:\/\/www.chateau-montsoreau.com\/wordpress\/#website","url":"https:\/\/www.chateau-montsoreau.com\/wordpress\/","name":"Ch\u00e2teau de Montsoreau-Mus\u00e9e d&#039;Art Contemporain","description":"Ch\u00e2teaux de la Loire Art Contemporain Art Conceptuel","publisher":{"@id":"https:\/\/www.chateau-montsoreau.com\/wordpress\/#organization"},"potentialAction":[{"@type":"SearchAction","target":{"@type":"EntryPoint","urlTemplate":"https:\/\/www.chateau-montsoreau.com\/wordpress\/?s={search_term_string}"},"query-input":{"@type":"PropertyValueSpecification","valueRequired":true,"valueName":"search_term_string"}}],"inLanguage":"fr-FR"},{"@type":"Organization","@id":"https:\/\/www.chateau-montsoreau.com\/wordpress\/#organization","name":"Ch\u00e2teau de Montsoreau - Mus\u00e9e d'art contemporain","url":"https:\/\/www.chateau-montsoreau.com\/wordpress\/","logo":{"@type":"ImageObject","inLanguage":"fr-FR","@id":"https:\/\/www.chateau-montsoreau.com\/wordpress\/#\/schema\/logo\/image\/","url":"https:\/\/www.chateau-montsoreau.com\/wordpress\/wp-content\/uploads\/2016\/03\/Logo-Montsoreau-tout-petit-1.png","contentUrl":"https:\/\/www.chateau-montsoreau.com\/wordpress\/wp-content\/uploads\/2016\/03\/Logo-Montsoreau-tout-petit-1.png","width":133,"height":133,"caption":"Ch\u00e2teau de Montsoreau - Mus\u00e9e d'art contemporain"},"image":{"@id":"https:\/\/www.chateau-montsoreau.com\/wordpress\/#\/schema\/logo\/image\/"},"sameAs":["https:\/\/www.facebook.com\/chateaudemontsoreau\/","https:\/\/x.com\/Cmontsoreau","https:\/\/www.instagram.com\/chateaudemontsoreau\/","http:\/\/www.pinterest.com\/Cmontsoreau"]}]}},"_links":{"self":[{"href":"https:\/\/www.chateau-montsoreau.com\/wordpress\/wp-json\/wp\/v2\/pages\/7843","targetHints":{"allow":["GET"]}}],"collection":[{"href":"https:\/\/www.chateau-montsoreau.com\/wordpress\/wp-json\/wp\/v2\/pages"}],"about":[{"href":"https:\/\/www.chateau-montsoreau.com\/wordpress\/wp-json\/wp\/v2\/types\/page"}],"author":[{"embeddable":true,"href":"https:\/\/www.chateau-montsoreau.com\/wordpress\/wp-json\/wp\/v2\/users\/5"}],"replies":[{"embeddable":true,"href":"https:\/\/www.chateau-montsoreau.com\/wordpress\/wp-json\/wp\/v2\/comments?post=7843"}],"version-history":[{"count":3,"href":"https:\/\/www.chateau-montsoreau.com\/wordpress\/wp-json\/wp\/v2\/pages\/7843\/revisions"}],"predecessor-version":[{"id":8481,"href":"https:\/\/www.chateau-montsoreau.com\/wordpress\/wp-json\/wp\/v2\/pages\/7843\/revisions\/8481"}],"wp:attachment":[{"href":"https:\/\/www.chateau-montsoreau.com\/wordpress\/wp-json\/wp\/v2\/media?parent=7843"}],"curies":[{"name":"wp","href":"https:\/\/api.w.org\/{rel}","templated":true}]}}